{"id":15240,"date":"2025-01-19T14:16:50","date_gmt":"2025-01-19T14:16:50","guid":{"rendered":"https:\/\/www.hydraulic-cylinders.net\/product\/bucket-cylinder-for-caterpillar-large-excavator-e326dl\/"},"modified":"2025-01-19T14:16:58","modified_gmt":"2025-01-19T14:16:58","slug":"bucket-cylinder-for-caterpillar-large-excavator-e326dl","status":"publish","type":"product","link":"https:\/\/www.hydraulic-cylinders.net\/lt\/produktas\/bucket-cylinder-for-caterpillar-large-excavator-e326dl\/","title":{"rendered":"Kau\u0161o cilindras Caterpillar dideliam ekskavatoriui E326DL"},"content":{"rendered":"<h1>Kau\u0161o cilindras Caterpillar dideliam ekskavatoriui E326DL<\/h1>\n<h2>\u012evadas<\/h2>\n<p>Kau\u0161o cilindras, skirtas dideliam \u201eCaterpillar\u201c ekskavatoriui E326DL, yra specialiai sukurtas hidraulinis cilindras, daugiausia naudojamas kau\u0161o jud\u0117jimui valdyti sunkiosiose ma\u0161inose, tokiose kaip ekskavatoriai, ekskavatoriniai krautuvai ir frontaliniai krautuvai. Jo pagrindin\u0117 funkcija \u2013 leisti kau\u0161ui pakilti, nuleisti ir pakreipti, kad b\u016bt\u0173 lengviau atlikti \u012fvairias med\u017eiag\u0173 tvarkymo u\u017eduotis. Hidraulin\u0117je sistemoje kau\u0161o cilindras tiksliai valdo kau\u0161o jud\u0117jim\u0105 keisdamas hidraulin\u0117s alyvos sl\u0117g\u012f, tod\u0117l operatoriai gali efektyviai tvarkyti sunkius objektus, prisitaikyti prie sud\u0117tingos darbo aplinkos ir \u012fvairi\u0173 eksploatavimo reikalavim\u0173.<\/p>\n<p><img decoding=\"async\" src=\"https:\/\/www.hydraulic-cylinders.net\/wp-content\/uploads\/2025\/01\/songte-company-2.webp\" alt=\"kau\u0161o cilindro vaizdas\"><\/p>\n<h2>Produkto savyb\u0117s<\/h2>\n<ul>\n<li>\n<h3>Didelis stiprumas ir ilgaam\u017ei\u0161kumas<\/h3>\n<p>Kau\u0161\u0173 cilindrai paprastai gaminami i\u0161 didelio stiprumo plieno arba aliuminio, galintys atlaikyti auk\u0161t\u0105 sl\u0117g\u012f ir dideles apkrovas, prisitaikantys prie at\u0161iauri\u0173 darbo s\u0105lyg\u0173 ir yra atspar\u016bs dilimui bei korozijai, kad prailgint\u0173 j\u0173 tarnavimo laik\u0105.<\/p>\n<\/li>\n<li>\n<h3>Efektyvus hidraulinis valdymas<\/h3>\n<p>Kau\u0161\u0173 cilindrai naudoja hidraulin\u0117s alyvos sl\u0117g\u012f, kad pasiekt\u0173 skland\u017eius teleskopinius judesius, greitai reaguot\u0173 \u012f valdymo komandas, u\u017etikrint\u0173 galingas st\u016bmimo ir traukimo j\u0117gas ir b\u016bt\u0173 tinkami sunkiems daiktams tvarkyti bei sud\u0117tingoms darbo u\u017eduotims atlikti.<\/p>\n<\/li>\n<li>\n<h3>\u012evair\u016bs tipai<\/h3>\n<p>Kau\u0161\u0173 cilindrai gali b\u016bti vienpusio veikimo (hidraulin\u0117 sistema veikia tik viena kryptimi) arba dvipusio veikimo (hidraulin\u0117 sistema veikia dviem kryptimis), kad atitikt\u0173 skirtingus eksploatavimo poreikius. Kai kurie modeliai yra teleskopiniai, tod\u0117l juos galima labiau prailginti nedidinant i\u0161orini\u0173 matmen\u0173, tod\u0117l jie tinka naudoti ribotoje erdv\u0117je.<\/p>\n<\/li>\n<li>\n<h3>Produkto pakeitimas<\/h3>\n<p>M\u016bs\u0173 gaminiai gali puikiai pakeisti \u0161iuos hidraulinius cilindrus. <\/p>\n<\/li>\n<\/ul>\n<p><img decoding=\"async\" src=\"https:\/\/www.hydraulic-cylinders.net\/wp-content\/uploads\/2025\/01\/songte-cylinder-head-with-all-kinds-excavator-models.webp\" alt=\"kau\u0161o cilindro pakeitimo vaizdas\"><\/p>\n<h2>Parai\u0161kos<\/h2>\n<p>Kau\u0161\u0173 cilindrai pla\u010diai naudojami \u012fvairiose sunkiosiose ma\u0161inose, \u012fskaitant:<\/p>\n<ul>\n<li>\n<h3>Statybin\u0117 \u012franga<\/h3>\n<p>Ekskavatoriuose jie yra b\u016btini kasant, kraunant ir perkeliant grunt\u0105 ar \u0161iuk\u0161les. Ekskavatoriuose-krautuvuose kau\u0161o cilindrai padeda tiek kasti, tiek kelti. <\/p>\n<\/li>\n<li>\n<h3>\u017dem\u0117s \u016bkio technika<\/h3>\n<p>Naudojamas priekiniuose krautuvuose dirvo\u017eemiui, \u0161ienui ir kitoms med\u017eiagoms semti, kelti ir transportuoti.<\/p>\n<\/li>\n<li>\n<h3>Ekskavatoriai<\/h3>\n<p>Kau\u0161o cilindrai leid\u017eia atlikti kasimo veiksmus, leisdami kau\u0161ui \u012fsiskverbti \u012f dirv\u0105.<\/p>\n<\/li>\n<li>\n<h3>Krautuvai<\/h3>\n<p>Priekiniuose krautuvuose jie padeda efektyviai pakelti ir i\u0161krauti prekes.<\/p>\n<\/li>\n<\/ul>\n<h2>Projektavimo aspektai ir atrankos kriterijai<\/h2>\n<ul>\n<li>\n<h3>Guoli\u0173 talpa<\/h3>\n<p>Projektuojant kau\u0161o cilindr\u0105, reikia atsi\u017evelgti \u012f jo laikom\u0105j\u0105 gali\u0105. Jis tur\u0117t\u0173 atlaikyti did\u017eiausi\u0105 numatom\u0105 apkrov\u0105 nesugeddamas ir nedeformuodamasis.<\/p>\n<\/li>\n<li>\n<h3>Sandarumas, patvarumas ir saugumas<\/h3>\n<p>Kau\u0161\u0173 cilindrai turi b\u016bti suprojektuoti su patvariais sandarikliais ir med\u017eiagomis, kurios yra atsparios dilimui ir korozijai. Taip pat turi b\u016bti \u012frengtos saugos priemon\u0117s, \u012fskaitant avarinio stabdymo jungiklius, apsauginius vo\u017etuvus ir apsauginius skl\u0105s\u010dius.<\/p>\n<\/li>\n<li>\n<h3>Prie\u017ei\u016bra<\/h3>\n<p>Kau\u0161o cilindras tur\u0117t\u0173 b\u016bti suprojektuotas taip, kad j\u012f b\u016bt\u0173 lengva pri\u017ei\u016br\u0117ti ir remontuoti. J\u012f tur\u0117t\u0173 b\u016bti lengva i\u0161ardyti ir surinkti, o atsargin\u0117s dalys tur\u0117t\u0173 b\u016bti lengvai prieinamos.<\/p>\n<\/li>\n<\/ul>\n<p><img decoding=\"async\" src=\"https:\/\/www.hydraulic-cylinders.net\/wp-content\/uploads\/2025\/01\/songte-oil-pipes-and-spare-parts.webp\" alt=\"kau\u0161o cilindro atsargini\u0173 dali\u0173 vaizdas\"><\/p>\n<h2>Produkto sandarinimas ir tepimas<\/h2>\n<p>Kau\u0161o cilindre tur\u0117t\u0173 b\u016bti naudojami \u012fvair\u016bs sandarikliai, \u012fskaitant st\u016bmoklio ir koto sandariklius, pagamintus i\u0161 atspari\u0173 dilimui med\u017eiag\u0173, toki\u0173 kaip poliuretanas ir nitrilo kau\u010diukas. Cilindro korpusas ir srieginis galinis pavir\u0161ius turi b\u016bti kruop\u0161\u010diai apdorojami, kad b\u016bt\u0173 padidintas atsparumas dilimui. Taip pat b\u016btina tinkamai sutepti hidrauline alyva, kad b\u016bt\u0173 u\u017etikrintas optimalus veikimas.<\/p>\n<h2>Prie\u017ei\u016bra ir remontas<\/h2>\n<p>Kad kau\u0161o cilindras b\u016bt\u0173 geros b\u016bkl\u0117s, reikia reguliariai atlikti technin\u0119 prie\u017ei\u016br\u0105 ir imtis prevencini\u0173 priemoni\u0173. \u0160ios priemon\u0117s apima:<\/p>\n<ul>\n<li>\n<h3>Reguliarus patikrinimas<\/h3>\n<p>Baliono ap\u017ei\u016bra d\u0117l pa\u017eeidim\u0173, nuot\u0117ki\u0173 ar korozijos yra b\u016btina norint i\u0161vengti gedim\u0173 ir pailginti jo tarnavimo laik\u0105.<\/p>\n<\/li>\n<li>\n<h3>Tepimas<\/h3>\n<p>Cilindr\u0105 reikia reguliariai tepti, kad jis veikt\u0173 skland\u017eiai.<\/p>\n<\/li>\n<li>\n<h3>Sandariklio keitimas<\/h3>\n<p>Periodinis sandarikli\u0173 keitimas padeda i\u0161laikyti efektyv\u0173 cilindro veikim\u0105 ir i\u0161vengti nuot\u0117ki\u0173.<\/p>\n<\/li>\n<\/ul>\n<p><img decoding=\"async\" src=\"https:\/\/www.hydraulic-cylinders.net\/wp-content\/uploads\/2025\/01\/songte-chushion-collar.webp\" alt=\"kibiro cilindro pagalv\u0117l\u0117s vaizdas\"><\/p>\n<h2>Saugos ir aplinkosaugos aspektai<\/h2>\n<p>Naudojant kau\u0161inius balionus, reikia imtis saugos priemoni\u0173, kad b\u016bt\u0173 i\u0161vengta nelaiming\u0173 atsitikim\u0173 ir su\u017ealojim\u0173. Taip pat reik\u0117t\u0173 atsi\u017evelgti \u012f aplinkosaugos aspektus, kai utilizuojami arba perdirbami panaudoti balionai ar j\u0173 dalys.<\/p>\n<h2>Gedim\u0173 diagnostika ir da\u017eniausios problemos<\/h2>\n<p>Da\u017enos kau\u0161ini\u0173 cilindr\u0173 problemos yra nuot\u0117kiai, sandarikli\u0173 pa\u017eeidimai ir galios praradimas. Gedim\u0173 diagnostikai reikia atid\u017eiai ap\u017ei\u016br\u0117ti cilindr\u0105 ir jo komponentus. Tinkama prie\u017ei\u016bra ir remontas gali i\u0161spr\u0119sti \u0161ias problemas.<\/p>\n<p><img decoding=\"async\" src=\"https:\/\/www.hydraulic-cylinders.net\/wp-content\/uploads\/2025\/01\/songte-bushings-with-all-kinds-of-excavator-models.webp\" alt=\"kau\u0161o cilindro \u012fvor\u0117s vaizdas\"><\/p>\n<h2>Apie m\u016bs\u0173 \u012fmon\u0119<\/h2>\n<p>Esame pakaitini\u0173 hidraulini\u0173 cilindr\u0173 gamintojas, si\u016blantis plat\u0173 gamini\u0173 asortiment\u0105. Esame vieni i\u0161 pirmaujan\u010di\u0173 hidraulini\u0173 cilindr\u0173 gamintoj\u0173 ir didmenini\u0173 platintoj\u0173 vidaus ir tarptautin\u0117se rinkose. Vadovaujam\u0117s puikios kokyb\u0117s principu ir pasitelkiame pramonin\u0117s gamybos valdymo strategijas patobulintose gamybos dirbtuv\u0117se. Nuolat tobuliname dirbtuvi\u0173 gamybos platform\u0105, geriname gamini\u0173 kokyb\u0117s gamybos linij\u0105 ir esame k\u016brybingi. Vadovaudamiesi didelio efektyvumo, didelio tikslumo ir auk\u0161tos kokyb\u0117s principais, tenkiname \u012fvairius klient\u0173 poreikius.<\/p>\n<p><img decoding=\"async\" src=\"https:\/\/hzpt.com\/wp-content\/uploads\/2024\/11\/songte-company-1.webp\" alt=\"kau\u0161o cilindro \u012fmon\u0117s vaizdas\"><\/p>\n<h2>M\u016bs\u0173 specialyb\u0117s<\/h2>\n<ul>\n<li>\n<h3>Profesionalumas<\/h3>\n<p>Turime profesionali\u0173 in\u017einieri\u0173 ir dizaineri\u0173 komand\u0105, turin\u010di\u0105 didel\u0119 patirt\u012f hidraulini\u0173 cilindr\u0173 pramon\u0117je.<\/p>\n<\/li>\n<li>\n<h3>Tarptautinis sertifikavimas<\/h3>\n<p>M\u016bs\u0173 gaminiai yra sertifikuoti pagal tarptautinius standartus, tokius kaip ISO ir CE.<\/p>\n<\/li>\n<li>\n<h3>Pritaikymo paslaugos<\/h3>\n<p>Mes si\u016blome individualiai pritaikytus hidraulini\u0173 cilindr\u0173 sprendimus, kad patenkintume konkre\u010dius klient\u0173 reikalavimus.<\/p>\n<\/li>\n<li>\n<h3>Gamybos \u012franga<\/h3>\n<p>Mes naudojame pa\u017eangi\u0105 gamybos \u012frang\u0105 ir bandym\u0173 sistemas, kad u\u017etikrintume gamini\u0173 kokyb\u0119.<\/p>\n<\/li>\n<li>\n<h3>Aptarnavimas po pardavimo<\/h3>\n<p>Mes teikiame puik\u0173 aptarnavim\u0105 po pardavimo, kad u\u017etikrintume klient\u0173 pasitenkinim\u0105.<\/p>\n<\/li>\n<\/ul>\n<h3>Autorius: lyl<\/h3>","protected":false},"excerpt":{"rendered":"<p>Bucket Cylinder For Caterpillar Large Excavator E326DL Introduction A bucket cylinder for a Caterpillar large excavator E326DL is a specially designed hydraulic cylinder mainly used to control the movement of the bucket in heavy machinery such as excavators, backhoe loaders, and front-end loaders. Its main function is to allow the bucket to lift, lower, and [&hellip;]<\/p>","protected":false},"featured_media":14785,"comment_status":"open","ping_status":"closed","template":"","meta":{"_et_pb_use_builder":"","_et_pb_old_content":"","_et_gb_content_width":""},"product_brand":[],"product_cat":[1494],"product_tag":[1495,1496],"class_list":{"0":"post-15240","1":"product","2":"type-product","3":"status-publish","4":"has-post-thumbnail","6":"product_cat-bucket-cylinders","7":"product_tag-bucket-cylinders","8":"product_tag-hydraulic-cylinders","10":"first","11":"instock","12":"shipping-taxable","13":"product-type-simple"},"amp_enabled":true,"_links":{"self":[{"href":"https:\/\/www.hydraulic-cylinders.net\/lt\/wp-json\/wp\/v2\/product\/15240","targetHints":{"allow":["GET"]}}],"collection":[{"href":"https:\/\/www.hydraulic-cylinders.net\/lt\/wp-json\/wp\/v2\/product"}],"about":[{"href":"https:\/\/www.hydraulic-cylinders.net\/lt\/wp-json\/wp\/v2\/types\/product"}],"replies":[{"embeddable":true,"href":"https:\/\/www.hydraulic-cylinders.net\/lt\/wp-json\/wp\/v2\/comments?post=15240"}],"wp:featuredmedia":[{"embeddable":true,"href":"https:\/\/www.hydraulic-cylinders.net\/lt\/wp-json\/wp\/v2\/media\/14785"}],"wp:attachment":[{"href":"https:\/\/www.hydraulic-cylinders.net\/lt\/wp-json\/wp\/v2\/media?parent=15240"}],"wp:term":[{"taxonomy":"product_brand","embeddable":true,"href":"https:\/\/www.hydraulic-cylinders.net\/lt\/wp-json\/wp\/v2\/product_brand?post=15240"},{"taxonomy":"product_cat","embeddable":true,"href":"https:\/\/www.hydraulic-cylinders.net\/lt\/wp-json\/wp\/v2\/product_cat?post=15240"},{"taxonomy":"product_tag","embeddable":true,"href":"https:\/\/www.hydraulic-cylinders.net\/lt\/wp-json\/wp\/v2\/product_tag?post=15240"}],"curies":[{"name":"wp","href":"https:\/\/api.w.org\/{rel}","templated":true}]}}