{"id":15244,"date":"2025-01-19T14:17:12","date_gmt":"2025-01-19T14:17:12","guid":{"rendered":"https:\/\/www.hydraulic-cylinders.net\/product\/bucket-cylinder-for-caterpillar-large-excavator-e349dz\/"},"modified":"2025-01-19T14:17:14","modified_gmt":"2025-01-19T14:17:14","slug":"bucket-cylinder-for-caterpillar-large-excavator-e349dz","status":"publish","type":"product","link":"https:\/\/www.hydraulic-cylinders.net\/lt\/produktas\/bucket-cylinder-for-caterpillar-large-excavator-e349dz\/","title":{"rendered":"Kau\u0161o cilindras Caterpillar dideliam ekskavatoriui E349DZ"},"content":{"rendered":"<h1>Kau\u0161o cilindras Caterpillar dideliam ekskavatoriui E349DZ<\/h1>\n<h2>\u012evadas<\/h2>\n<p>Kau\u0161o cilindras yra specialiai suprojektuotas hidraulinis cilindras, kuris valdo kau\u0161\u0173 jud\u0117jim\u0105 sunkiosiose ma\u0161inose, tokiose kaip ekskavatoriai, ekskavatoriniai krautuvai ir frontaliniai krautuvai. Pagrindin\u0117 jo funkcija \u2013 leisti kau\u0161ui pakilti, nuleisti ir pakreipti, kad b\u016bt\u0173 lengviau tvarkyti \u012fvairias med\u017eiagas. Hidraulin\u0117je sistemoje kau\u0161o cilindras tiksliai valdo kau\u0161o jud\u0117jim\u0105 keisdamas hidraulin\u0117s alyvos sl\u0117g\u012f, tod\u0117l operatoriai gali efektyviai tvarkyti sunkius krovinius ir prisitaikyti prie sud\u0117tingos darbo aplinkos bei \u012fvairi\u0173 eksploatavimo poreiki\u0173.<\/p>\n<p><img decoding=\"async\" src=\"https:\/\/www.hydraulic-cylinders.net\/wp-content\/uploads\/2025\/01\/songte-company-2.webp\"><\/p>\n<h2>Savyb\u0117s<\/h2>\n<ul>\n<li>\n<h3>Didelis stiprumas ir ilgaam\u017ei\u0161kumas<\/h3>\n<\/li>\n<p>Kau\u0161\u0173 cilindrai paprastai gaminami i\u0161 didelio stiprumo plieno arba aliuminio, kurie gali atlaikyti auk\u0161t\u0105 sl\u0117g\u012f ir dideles apkrovas, prisitaikyti prie at\u0161iauri\u0173 darbo s\u0105lyg\u0173 ir yra sukurti atsi\u017evelgiant \u012f atsparum\u0105 dilimui ir korozijai, kad b\u016bt\u0173 prailgintas j\u0173 tarnavimo laikas.<\/p>\n<li>\n<h3>Efektyvus hidraulinis valdymas<\/h3>\n<\/li>\n<p>Kau\u0161\u0173 cilindrai naudoja hidraulin\u0117s alyvos sl\u0117g\u012f, kad u\u017etikrint\u0173 skland\u017eius i\u0161pl\u0117timo ir susitraukimo judesius, ir gali greitai reaguoti \u012f valdymo komandas, kad u\u017etikrint\u0173 stiprias st\u016bmimo ir traukimo j\u0117gas, tod\u0117l jie tinka sunkiems kroviniams ir sud\u0117tingoms eksploatavimo u\u017eduotims atlikti.<\/p>\n<li>\n<h3>\u012evair\u016bs tipai<\/h3>\n<\/li>\n<p>Kau\u0161o cilindrus galima pasirinkti pagal eksploatacinius poreikius, pavyzd\u017eiui, vienpusio veikimo (hidraulik\u0105 naudojant tik viena kryptimi) arba dvipusio veikimo (hidraulik\u0105 naudojant abiem kryptimis) cilindrus. Kai kurie modeliai yra teleskopiniai, tod\u0117l juos galima labiau i\u0161tiesti nedidinant i\u0161orini\u0173 matmen\u0173, tod\u0117l jie tinka naudoti ribotoje erdv\u0117je.<\/p>\n<li>\n<h3>Suderinamas pakeitimas<\/h3>\n<\/li>\n<p>M\u016bs\u0173 gaminiai gali puikiai pakeisti \u0161iuos hidraulinius cilindrus.<\/p>\n<\/ul>\n<p><img decoding=\"async\" src=\"https:\/\/www.hydraulic-cylinders.net\/wp-content\/uploads\/2025\/01\/songte-cylinder-head-with-all-kinds-excavator-models.webp\"><\/p>\n<h2>Parai\u0161kos<\/h2>\n<p>Kau\u0161\u0173 cilindrai pla\u010diai naudojami \u012fvairiose pramon\u0117s \u0161akose, tokiose kaip statybin\u0117 technika, \u017eem\u0117s \u016bkio technika, ekskavatoriai ir krautuvai. \u0160tai keletas pavyzd\u017ei\u0173:<\/p>\n<ul>\n<li>\n<h3>Statybin\u0117 \u012franga<\/h3>\n<\/li>\n<p>Kau\u0161o cilindrai yra b\u016btini kasant, kraunant ir perkeliant grunt\u0105 ar \u0161iuk\u0161les ekskavatoriuose ir ekskavatoriniuose krautuvais. Priekiniuose krautuvuose jie padeda efektyviai pakelti ir pakreipti krovinius.<\/p>\n<li>\n<h3>\u017dem\u0117s \u016bkio technika<\/h3>\n<\/li>\n<p>Kau\u0161\u0173 cilindrai naudojami frontaliniams krautuvams dirvo\u017eemiui, \u0161ienui ir kitoms med\u017eiagoms paimti, kelti ir transportuoti.<\/p>\n<li>\n<h3>Ekskavatoriai<\/h3>\n<\/li>\n<p>Kau\u0161o cilindrai leid\u017eia atlikti kasimo darbus, leisdami kau\u0161ui \u012fsiskverbti \u012f dirv\u0105.<\/p>\n<li>\n<h3>Krautuvai<\/h3>\n<\/li>\n<p>Kau\u0161\u0173 cilindrai padeda efektyviai pakelti ir pakreipti krovinius frontaliniuose krautuvuose.<\/p>\n<\/ul>\n<h2>Projektavimo aspektai ir atrankos kriterijai<\/h2>\n<p>Renkantis kau\u0161o cilindrus, reik\u0117t\u0173 atsi\u017evelgti \u012f \u012fvairius veiksnius, tokius kaip keliamoji galia, sandarumas, ilgaam\u017ei\u0161kumas, saugumas ir prie\u017ei\u016bra. \u0160tai keletas projektavimo aspekt\u0173 ir atrankos kriterij\u0173:<\/p>\n<ul>\n<li>\n<h3>Keliamoji galia<\/h3>\n<\/li>\n<p>Kau\u0161o cilindras turi atlaikyti maksimali\u0105 apkrov\u0105, kuri gali atsirasti eksploatacijos metu.<\/p>\n<li>\n<h3>Sandarinimas<\/h3>\n<\/li>\n<p>Kau\u0161o cilindras turi b\u016bti gerai sandarus, kad b\u016bt\u0173 i\u0161vengta alyvos nutek\u0117jimo ir u\u017etikrintas sklandus veikimas.<\/p>\n<li>\n<h3>Patvarumas<\/h3>\n<\/li>\n<p>Kau\u0161o cilindras turi b\u016bti pagamintas i\u0161 auk\u0161tos kokyb\u0117s ir patvari\u0173 med\u017eiag\u0173, kad atlaikyt\u0173 at\u0161iaurias darbo s\u0105lygas ir u\u017etikrint\u0173 ilg\u0105 tarnavimo laik\u0105.<\/p>\n<li>\n<h3>Saugumas<\/h3>\n<\/li>\n<p>Kau\u0161o cilindras tur\u0117t\u0173 tur\u0117ti saugos funkcijas, tokias kaip apsauginiai vo\u017etuvai ir sl\u0117gio matuokliai, kad b\u016bt\u0173 i\u0161vengta perkrovos ir u\u017etikrintas saugus veikimas.<\/p>\n<li>\n<h3>Prie\u017ei\u016bra<\/h3>\n<\/li>\n<p>Kau\u0161o cilindr\u0105 tur\u0117t\u0173 b\u016bti lengva pri\u017ei\u016br\u0117ti ir remontuoti, o atsargin\u0117s dalys tur\u0117t\u0173 b\u016bti lengvai prieinamos.<\/p>\n<\/ul>\n<p><img decoding=\"async\" src=\"https:\/\/www.hydraulic-cylinders.net\/wp-content\/uploads\/2025\/01\/songte-oil-pipes-and-spare-parts.webp\"><\/p>\n<h2>Sandarinimas ir tepimas<\/h2>\n<p>Kau\u0161o cilindruose tur\u0117t\u0173 b\u016bti naudojami \u012fvair\u016bs sandarinimo komponentai, tokie kaip st\u016bmoklio ir strypo sandarikliai, kad b\u016bt\u0173 i\u0161vengta alyvos nutek\u0117jimo ir u\u017etikrintas sklandus veikimas. Sandarikliai tur\u0117t\u0173 b\u016bti pagaminti i\u0161 atspari\u0173 dilimui med\u017eiag\u0173, toki\u0173 kaip poliuretanas ir nitrilo kau\u010diukas. Cilindro korpusas ir sriegio galiniai pavir\u0161iai tur\u0117t\u0173 b\u016bti kruop\u0161\u010diai apdirbti, kad b\u016bt\u0173 padidintas atsparumas dilimui. Kau\u0161o cilindr\u0105 reikia reguliariai tepti hidrauline alyva, kad b\u016bt\u0173 u\u017etikrintas sklandus veikimas. <\/p>\n<h2>Prie\u017ei\u016bra ir remontas<\/h2>\n<p>Reguliarus patikrinimas ir prevencin\u0117s prie\u017ei\u016bros priemon\u0117s gali pad\u0117ti i\u0161vengti galim\u0173 problem\u0173 ir pailginti kau\u0161o cilindro tarnavimo laik\u0105. \u0160tai trys da\u017eniausios prie\u017ei\u016bros u\u017eduotys:<\/p>\n<ul>\n<li>Reguliarus patikrinimas<\/li>\n<p>Reguliariai tikrinkite, ar n\u0117ra alyvos nuot\u0117kio, susid\u0117v\u0117jimo ir kit\u0173 problem\u0173.<\/p>\n<li>Tinkamas tepimas<\/li>\n<p>\u012esitikinkite, kad kau\u0161o cilindras yra tinkamai suteptas hidrauline alyva.<\/p>\n<li>Tarpiklio keitimas ir kalibravimo patikrinimas<\/li>\n<p>Reguliariai keiskite susid\u0117v\u0117jusius sandariklius ir tikrinkite kalibravim\u0105, kad u\u017etikrintum\u0117te optimal\u0173 veikim\u0105.<\/p>\n<\/ul>\n<p><img decoding=\"async\" src=\"https:\/\/www.hydraulic-cylinders.net\/wp-content\/uploads\/2025\/01\/songte-chushion-collar.webp\"><\/p>\n<h2>Saugos ir aplinkosaugos aspektai<\/h2>\n<p>Naudojant kau\u0161inius cilindrus, reikia imtis saugos priemoni\u0173, kad b\u016bt\u0173 i\u0161vengta nelaiming\u0173 atsitikim\u0173. B\u016btina laikytis saugos nurodym\u0173 ir naudoti tinkamas asmenines apsaugos priemones. Taip pat reik\u0117t\u0173 atsi\u017evelgti \u012f aplinkosaugos aspektus, pavyzd\u017eiui, tinkam\u0105 hidraulin\u0117s alyvos ir kit\u0173 atliek\u0173 \u0161alinim\u0105.<\/p>\n<h2>Trik\u010di\u0173 \u0161alinimas ir da\u017eniausios problemos<\/h2>\n<p>\u010cia pateikiamos kelios da\u017eniausiai pasitaikan\u010dios problemos, kurios gali kilti naudojant kau\u0161o cilindrus, ir keli pasi\u016blymai, kaip pa\u0161alinti triktis ir jas i\u0161spr\u0119sti:<\/p>\n<ul>\n<li>\n<h3>Alyvos nuot\u0117kis<\/h3>\n<\/li>\n<p>Patikrinkite, ar n\u0117ra pa\u017eeist\u0173 sandarikli\u0173, ir prireikus juos pakeiskite.<\/p>\n<li>\n<h3>L\u0117tas veikimas<\/h3>\n<\/li>\n<p>Patikrinkite, ar nepakanka hidraulin\u0117s alyvos, ir prireikus papildykite.<\/p>\n<li>\n<h3>Per didelis triuk\u0161mas<\/h3>\n<\/li>\n<p>Patikrinkite, ar n\u0117ra pa\u017eeist\u0173 ar susid\u0117v\u0117jusi\u0173 komponent\u0173, ir prireikus juos pakeiskite.<\/p>\n<\/ul>\n<p><img decoding=\"async\" src=\"https:\/\/www.hydraulic-cylinders.net\/wp-content\/uploads\/2025\/01\/songte-bushings-with-all-kinds-of-excavator-models.webp\"><\/p>\n<h2>Apie m\u016bs\u0173 \u012fmon\u0119<\/h2>\n<p>Esame pakaitini\u0173 hidraulini\u0173 cilindr\u0173 gamintojas, si\u016blantis plat\u0173 gamini\u0173 asortiment\u0105, ir tapome vienu i\u0161 pirmaujan\u010di\u0173 hidraulini\u0173 cilindr\u0173 gamintoj\u0173 bei didmenini\u0173 platintoj\u0173 vidaus ir tarptautin\u0117se rinkose. Vadovaujam\u0117s kokyb\u0117s puikumo principu ir savo gamybos cechuose taikome pramonin\u0117s gamybos valdymo strategijas. M\u016bs\u0173 \u012fmon\u0117 nuolat tobulina cecho gamybos platform\u0105, tobulina gamini\u0173 kokyb\u0117s gamybos linij\u0105 ir pasi\u017eymi stipriu k\u016brybiniu paj\u0117gumu. \u012evairius klient\u0173 poreikius tenkiname auk\u0161tu efektyvumu, dideliu tikslumu ir auk\u0161tais kokyb\u0117s standartais.<\/p>\n<p><img decoding=\"async\" src=\"https:\/\/hzpt.com\/wp-content\/uploads\/2024\/11\/songte-company-1.webp\"><\/p>\n<h2>M\u016bs\u0173 paslaugos<\/h2>\n<ul>\n<li>\n<h3>Profesionalumas<\/h3>\n<\/li>\n<p>Turime profesionali\u0173 in\u017einieri\u0173 ir technik\u0173 komand\u0105, kuri gali pasi\u016blyti individualius sprendimus j\u016bs\u0173 hidraulini\u0173 cilindr\u0173 poreikiams.<\/p>\n<li>\n<h3>Tarptautinis sertifikavimas<\/h3>\n<\/li>\n<p>Esame \u012fgij\u0119 tarptautinius sertifikatus, tokius kaip ISO9001, CE ir SGS, kurie u\u017etikrina, kad m\u016bs\u0173 gamini\u0173 kokyb\u0117 atitinka tarptautinius standartus.<\/p>\n<li>\n<h3>Pritaikymo paslaugos<\/h3>\n<\/li>\n<p>Si\u016blome pritaikymo paslaugas, kad patenkintume konkre\u010dius klient\u0173 poreikius.<\/p>\n<li>\n<h3>Pa\u017eangi gamybos \u012franga<\/h3>\n<\/li>\n<p>Mes naudojame pa\u017eangi\u0105 gamybos \u012frang\u0105 ir bandym\u0173 sistemas, kad u\u017etikrintume savo gamini\u0173 kokyb\u0119.<\/p>\n<li>\n<h3>Aptarnavimas po pardavimo<\/h3>\n<\/li>\n<p>Teikiame garantinio aptarnavimo ir technin\u0119 pagalb\u0105, siekdami u\u017etikrinti ilgalaik\u012f m\u016bs\u0173 gamini\u0173 veikim\u0105.<\/p>\n<\/ul>\n<p>Autorius: lyl<\/p>","protected":false},"excerpt":{"rendered":"<p>Bucket Cylinder For Caterpillar Large Excavator E349DZ Introduction A bucket cylinder is a specially designed hydraulic cylinder that controls the movement of buckets in heavy machinery such as excavators, backhoe loaders, and front-end loaders. Its main function is to allow the bucket to lift, lower, and tilt, making it easier to handle various materials. In [&hellip;]<\/p>","protected":false},"featured_media":14778,"comment_status":"open","ping_status":"closed","template":"","meta":{"_et_pb_use_builder":"","_et_pb_old_content":"","_et_gb_content_width":""},"product_brand":[],"product_cat":[1494],"product_tag":[1495,1496],"class_list":{"0":"post-15244","1":"product","2":"type-product","3":"status-publish","4":"has-post-thumbnail","6":"product_cat-bucket-cylinders","7":"product_tag-bucket-cylinders","8":"product_tag-hydraulic-cylinders","10":"first","11":"instock","12":"shipping-taxable","13":"product-type-simple"},"amp_enabled":true,"_links":{"self":[{"href":"https:\/\/www.hydraulic-cylinders.net\/lt\/wp-json\/wp\/v2\/product\/15244","targetHints":{"allow":["GET"]}}],"collection":[{"href":"https:\/\/www.hydraulic-cylinders.net\/lt\/wp-json\/wp\/v2\/product"}],"about":[{"href":"https:\/\/www.hydraulic-cylinders.net\/lt\/wp-json\/wp\/v2\/types\/product"}],"replies":[{"embeddable":true,"href":"https:\/\/www.hydraulic-cylinders.net\/lt\/wp-json\/wp\/v2\/comments?post=15244"}],"wp:featuredmedia":[{"embeddable":true,"href":"https:\/\/www.hydraulic-cylinders.net\/lt\/wp-json\/wp\/v2\/media\/14778"}],"wp:attachment":[{"href":"https:\/\/www.hydraulic-cylinders.net\/lt\/wp-json\/wp\/v2\/media?parent=15244"}],"wp:term":[{"taxonomy":"product_brand","embeddable":true,"href":"https:\/\/www.hydraulic-cylinders.net\/lt\/wp-json\/wp\/v2\/product_brand?post=15244"},{"taxonomy":"product_cat","embeddable":true,"href":"https:\/\/www.hydraulic-cylinders.net\/lt\/wp-json\/wp\/v2\/product_cat?post=15244"},{"taxonomy":"product_tag","embeddable":true,"href":"https:\/\/www.hydraulic-cylinders.net\/lt\/wp-json\/wp\/v2\/product_tag?post=15244"}],"curies":[{"name":"wp","href":"https:\/\/api.w.org\/{rel}","templated":true}]}}