{"id":15249,"date":"2025-01-19T14:17:33","date_gmt":"2025-01-19T14:17:33","guid":{"rendered":"https:\/\/www.hydraulic-cylinders.net\/product\/bucket-cylinder-for-caterpillar-large-excavator-e336dl\/"},"modified":"2025-01-19T14:17:35","modified_gmt":"2025-01-19T14:17:35","slug":"bucket-cylinder-for-caterpillar-large-excavator-e336dl","status":"publish","type":"product","link":"https:\/\/www.hydraulic-cylinders.net\/lt\/produktas\/bucket-cylinder-for-caterpillar-large-excavator-e336dl\/","title":{"rendered":"Kau\u0161o cilindras Caterpillar dideliam ekskavatoriui E336DL"},"content":{"rendered":"<h1>Kau\u0161o cilindras Caterpillar dideliam ekskavatoriui E336DL<\/h1>\n<h2>\u012evadas<\/h2>\n<p>\u201eCaterpillar\u201c didelio ekskavatoriaus E336DL kau\u0161o cilindras yra specializuotas hidraulinis cilindras, daugiausia naudojamas valdyti kau\u0161\u0173 jud\u0117jim\u0105 sunkiosiose ma\u0161inose, tokiose kaip ekskavatoriai, ekskavatoriniai ekskavatoriai ir frontaliniai krautuvai. Jo pagrindin\u0117 funkcija \u2013 leisti kau\u0161ui pakilti, nuleisti ir pakreipti, kad b\u016bt\u0173 lengviau atlikti \u012fvairias med\u017eiag\u0173 tvarkymo u\u017eduotis. Hidraulin\u0117je sistemoje kau\u0161o cilindras naudoja hidraulin\u0117s alyvos sl\u0117gio poky\u010dius, kad tiksliai valdyt\u0173 kau\u0161\u0105, o tai leid\u017eia operatoriams efektyviai valdyti sunkius krovinius ir prisitaikyti prie sud\u0117tingos darbo aplinkos bei \u012fvairi\u0173 eksploatacini\u0173 poreiki\u0173.<\/p>\n<p><img decoding=\"async\" src=\"https:\/\/www.hydraulic-cylinders.net\/wp-content\/uploads\/2025\/01\/songte-company-2.webp\" \/><\/p>\n<h2>Savyb\u0117s<\/h2>\n<ul>\n<li>Didelis stiprumas ir ilgaam\u017ei\u0161kumas: paprastai pagaminti i\u0161 didelio stiprumo plieno arba aliuminio, galintys atlaikyti auk\u0161t\u0105 sl\u0117g\u012f ir dideles apkrovas, tinkami at\u0161iaurioms darbo aplinkoms, suprojektuoti atsi\u017evelgiant \u012f atsparum\u0105 dilimui ir korozijai, prailginantys j\u0173 tarnavimo laik\u0105.<\/li>\n<li>Efektyvus hidraulinis veikimas: naudoja hidraulin\u0117s alyvos sl\u0117g\u012f, kad b\u016bt\u0173 pasiektas sklandus i\u0161pl\u0117timas ir susitraukimas, geba greitai reaguoti \u012f valdymo komandas, u\u017etikrina galing\u0105 st\u016bmimo ir traukimo j\u0117g\u0105, tinka sunkiems kroviniams ir sud\u0117tingoms eksploatavimo u\u017eduotims atlikti.<\/li>\n<li>Tip\u0173 \u012fvairov\u0117: pagal reikalavimus, kad b\u016bt\u0173 patenkinti skirtingi eksploatavimo poreikiai, galima pasirinkti vienpusio veikimo (hidraulinius tik viena kryptimi) arba dvipusio veikimo (hidraulinius abiem kryptimis) cilindrus. Kai kurie modeliai yra teleskopiniai, tod\u0117l juos galima labiau i\u0161tiesti nedidinant i\u0161orini\u0173 matmen\u0173, tod\u0117l jie tinka naudoti ribotoje erdv\u0117je.<\/li>\n<li>Lengva montuoti: suprojektuotas su paprastais tvirtinimo ta\u0161kais, tod\u0117l j\u012f lengva montuoti ir pakeisti.<\/li>\n<li>Ma\u017eos prie\u017ei\u016bros i\u0161laidos: reikalauja minimalios prie\u017ei\u016bros, tod\u0117l suma\u017e\u0117ja prastova ir prie\u017ei\u016bros i\u0161laidos.<\/li>\n<\/ul>\n<p><img decoding=\"async\" src=\"https:\/\/www.hydraulic-cylinders.net\/wp-content\/uploads\/2025\/01\/songte-cylinder-head-with-all-kinds-excavator-models.webp\" \/><\/p>\n<h2>Parai\u0161kos<\/h2>\n<p>\u201eCaterpillar\u201c didelio ekskavatoriaus E336DL kau\u0161o cilindras yra pla\u010diai naudojamas \u012fvairiose pramon\u0117s \u0161akose, \u012fskaitant:<\/p>\n<h3>Statybin\u0117 \u012franga<\/h3>\n<p>Ekskavatoriuose jie yra b\u016btini kasant, kraunant ir perkeliant grunt\u0105 ar \u0161iuk\u0161les. Ekskavatoriuose kau\u0161o cilindrai padeda tiek kasti, tiek kelti. <\/p>\n<h3>\u017dem\u0117s \u016bkio technika<\/h3>\n<p>Naudojami frontaliniuose krautuvuose dirvo\u017eemiui, \u0161ienui ir kitoms med\u017eiagoms semti, kelti ir transportuoti. Ekskavatoriuose kau\u0161o cilindrai leid\u017eia atlikti kasimo darbus, leisdami kau\u0161ui \u012fsiskverbti \u012f dirv\u0105. Frontaliniuose krautuvuose jie padeda efektyviai i\u0161versti ir pakreipti prekes.<\/p>\n<p><img decoding=\"async\" src=\"https:\/\/www.hydraulic-cylinders.net\/wp-content\/uploads\/2025\/01\/songte-bushings-with-all-kinds-of-excavator-models.webp\" \/><\/p>\n<h2>Projektavimo aspektai ir atrankos kriterijai<\/h2>\n<p>\u201eCaterpillar\u201c didelio ekskavatoriaus E336DL kau\u0161o cilindras suprojektuotas atsi\u017evelgiant \u012f kelis svarbius aspektus:<\/p>\n<h3>Guoli\u0173 talpa<\/h3>\n<p>Cilindras turi atlaikyti dideles apkrovas ir sl\u0117g\u012f, taip pat at\u0161iaurias darbo s\u0105lygas.<\/p>\n<h3>Sandarumas ir ilgaam\u017ei\u0161kumas<\/h3>\n<p>Cilindre naudojami \u012fvair\u016bs sandarikliai, tokie kaip st\u016bmoklio sandarikliai, strypo sandarikliai ir kt., pagaminti i\u0161 atspari\u0173 dilimui med\u017eiag\u0173, toki\u0173 kaip poliuretanas ir nitrilo kau\u010diukas, siekiant pagerinti patvarum\u0105. Cilindro korpusas ir sriegio galo pavir\u0161ius yra kruop\u0161\u010diai apdirbti, siekiant pagerinti atsparum\u0105 dilimui. Norint tinkamai sutepti, reikia reguliariai tepti.<\/p>\n<h3>Sauga ir prie\u017ei\u016bra<\/h3>\n<p>Cilindras suprojektuotas taip, kad j\u012f b\u016bt\u0173 lengva sumontuoti, pakeisti ir pri\u017ei\u016br\u0117ti, taip suma\u017einant prastovas ir prie\u017ei\u016bros i\u0161laidas. Siekiant u\u017etikrinti tinkam\u0105 veikim\u0105 ir saug\u0173 naudojim\u0105, rekomenduojama reguliariai j\u012f ap\u017ei\u016br\u0117ti ir atlikti prevencin\u0119 prie\u017ei\u016br\u0105.<\/p>\n<p><img decoding=\"async\" src=\"https:\/\/www.hydraulic-cylinders.net\/wp-content\/uploads\/2025\/01\/songte-oil-pipes-and-spare-parts.webp\" \/><\/p>\n<h2>Diegimo vadovas<\/h2>\n<p>Tinkamas montavimas yra labai svarbus optimaliam \u201eCaterpillar\u201c didelio ekskavatoriaus E336DL kau\u0161o cilindro veikimui ir ilgaam\u017ei\u0161kumui. Nor\u0117dami teisingai sumontuoti, atlikite \u0161iuos veiksmus:<\/p>\n<ol>\n<li>\u012esitikinkite, kad cilindras yra tinkamai sulygiuotas, ir pritvirtinkite j\u012f atitinkamais tvirtinimo laikikliais.<\/li>\n<li>Montavimo metu naudokite tinkam\u0105 tepim\u0105 ir, jei reikia, reguliariai tepkite technin\u0117s prie\u017ei\u016bros alyv\u0105.<\/li>\n<li>Reguliariai tikrinkite ir keiskite sandariklius, prireikus atlikite kalibravimo patikrinimus.<\/li>\n<\/ol>\n<h2>Saugos ir aplinkosaugos aspektai<\/h2>\n<p>Naudojant kau\u0161o cilindr\u0105 dideliam \u201eCaterpillar\u201c ekskavatoriui E336DL, b\u016btina imtis saugos priemoni\u0173, kad b\u016bt\u0173 i\u0161vengta nelaiming\u0173 atsitikim\u0173. Operatoriai privalo tinkamai apmokyti ir d\u0117v\u0117ti apsaugin\u0119 \u012frang\u0105.<\/p>\n<h2>Trik\u010di\u0173 \u0161alinimas ir da\u017eniausios problemos<\/h2>\n<p>Da\u017eniausios \u201eCaterpillar\u201c didelio ekskavatoriaus E336DL kau\u0161o cilindro problemos yra skys\u010di\u0173 nuot\u0117kis, suma\u017e\u0117j\u0119s na\u0161umas ir mechaniniai sutrikimai. Norint diagnozuoti ir i\u0161spr\u0119sti problemas, rekomenduojama reguliariai atlikti technin\u0119 prie\u017ei\u016br\u0105 ir naudoti tinkamas atsargines dalis.<\/p>\n<h2>Apie mus<\/h2>\n<p>Esame pirmaujantis hidraulini\u0173 cilindr\u0173 gamintojas ir didmeninis platintojas, specializuojantis hidraulini\u0173 cilindr\u0173 keitime. M\u016bs\u0173 gamini\u0173 asortimentas yra pilnas, ir mes tapome vienu i\u0161 pirmaujan\u010di\u0173 hidraulini\u0173 cilindr\u0173 gamintoj\u0173 ir didmenini\u0173 platintoj\u0173 vidaus ir tarptautin\u0117se rinkose. Mes laikom\u0117s puikios kokyb\u0117s principo ir pasikliaujame puiki\u0173 gamybos dirbtuvi\u0173 pramonin\u0117s gamybos valdymo strategija, naudodami techninius talentus, auk\u0161\u010diausios klas\u0117s skaitmenin\u0119 gamybos \u012frang\u0105 ir profesionalias testavimo sistemas. Mes nuolat tobuliname dirbtuvi\u0173 gamybos platform\u0105, geriname gamini\u0173 kokyb\u0117s gamybos proces\u0105 ir turime stipri\u0173 k\u016brybini\u0173 geb\u0117jim\u0173, kad patenkintume \u012fvairius klient\u0173 poreikius, u\u017etikrindami auk\u0161t\u0105 efektyvum\u0105, tikslum\u0105 ir kokyb\u0119.<\/p>\n<p><img decoding=\"async\" src=\"https:\/\/hzpt.com\/wp-content\/uploads\/2024\/11\/songte-company-1.webp\" \/><\/p>\n<h3>Profesionalumas<\/h3>\n<p>M\u016bs\u0173 patyrusi\u0173 specialist\u0173 komanda u\u017etikrina kiekvieno m\u016bs\u0173 pagaminto produkto kokyb\u0119 ir teikia i\u0161skirtin\u012f klient\u0173 aptarnavim\u0105.<\/p>\n<h3>Tarptautinis sertifikavimas<\/h3>\n<p>M\u016bs\u0173 gaminiai yra sertifikuoti pagal ISO9001, CE ir kitus tarptautinius standartus, u\u017etikrinant, kad jie atitinka arba vir\u0161ija pramon\u0117s standartus.<\/p>\n<h3>Pritaikymo paslaugos<\/h3>\n<p>Mes si\u016blome individualiai pritaikytus hidraulini\u0173 cilindr\u0173 sprendimus, kad patenkintume konkre\u010dius klient\u0173 poreikius.<\/p>\n<h3>Gamybos \u012franga<\/h3>\n<p>Mes naudojame auk\u0161\u010diausios klas\u0117s skaitmenin\u0119 gamybos \u012frang\u0105, kad pagamintume auk\u0161tos kokyb\u0117s hidraulinius cilindrus.<\/p>\n<h3>Aptarnavimas po pardavimo<\/h3>\n<p>Mes teikiame puik\u0173 aptarnavim\u0105 po pardavimo, \u012fskaitant technin\u0119 prie\u017ei\u016br\u0105, remont\u0105 ir keitim\u0105.<\/p>\n<p><img decoding=\"async\" src=\"https:\/\/www.hydraulic-cylinders.net\/wp-content\/uploads\/2025\/01\/songte-chushion-collar.webp\" \/><\/p>\n<p>Autorius: lyl.<\/p>","protected":false},"excerpt":{"rendered":"<p>Bucket Cylinder For Caterpillar Large Excavator E336DL Introduction The Bucket Cylinder for Caterpillar Large Excavator E336DL is a specialized hydraulic cylinder primarily used to control the movement of buckets in heavy machinery such as excavators, backhoe excavators, and front-end loaders. Its main function is to enable the bucket to lift, lower, and tilt, making it [&hellip;]<\/p>","protected":false},"featured_media":14765,"comment_status":"open","ping_status":"closed","template":"","meta":{"_et_pb_use_builder":"","_et_pb_old_content":"","_et_gb_content_width":""},"product_brand":[],"product_cat":[1494],"product_tag":[1495,1496],"class_list":{"0":"post-15249","1":"product","2":"type-product","3":"status-publish","4":"has-post-thumbnail","6":"product_cat-bucket-cylinders","7":"product_tag-bucket-cylinders","8":"product_tag-hydraulic-cylinders","10":"first","11":"instock","12":"shipping-taxable","13":"product-type-simple"},"amp_enabled":true,"_links":{"self":[{"href":"https:\/\/www.hydraulic-cylinders.net\/lt\/wp-json\/wp\/v2\/product\/15249","targetHints":{"allow":["GET"]}}],"collection":[{"href":"https:\/\/www.hydraulic-cylinders.net\/lt\/wp-json\/wp\/v2\/product"}],"about":[{"href":"https:\/\/www.hydraulic-cylinders.net\/lt\/wp-json\/wp\/v2\/types\/product"}],"replies":[{"embeddable":true,"href":"https:\/\/www.hydraulic-cylinders.net\/lt\/wp-json\/wp\/v2\/comments?post=15249"}],"wp:featuredmedia":[{"embeddable":true,"href":"https:\/\/www.hydraulic-cylinders.net\/lt\/wp-json\/wp\/v2\/media\/14765"}],"wp:attachment":[{"href":"https:\/\/www.hydraulic-cylinders.net\/lt\/wp-json\/wp\/v2\/media?parent=15249"}],"wp:term":[{"taxonomy":"product_brand","embeddable":true,"href":"https:\/\/www.hydraulic-cylinders.net\/lt\/wp-json\/wp\/v2\/product_brand?post=15249"},{"taxonomy":"product_cat","embeddable":true,"href":"https:\/\/www.hydraulic-cylinders.net\/lt\/wp-json\/wp\/v2\/product_cat?post=15249"},{"taxonomy":"product_tag","embeddable":true,"href":"https:\/\/www.hydraulic-cylinders.net\/lt\/wp-json\/wp\/v2\/product_tag?post=15249"}],"curies":[{"name":"wp","href":"https:\/\/api.w.org\/{rel}","templated":true}]}}