{"id":15258,"date":"2025-01-19T14:18:14","date_gmt":"2025-01-19T14:18:14","guid":{"rendered":"https:\/\/www.hydraulic-cylinders.net\/product\/bucket-cylinder-for-caterpillar-large-excavator-e374fl\/"},"modified":"2025-01-19T14:18:16","modified_gmt":"2025-01-19T14:18:16","slug":"bucket-cylinder-for-caterpillar-large-excavator-e374fl","status":"publish","type":"product","link":"https:\/\/www.hydraulic-cylinders.net\/lt\/produktas\/bucket-cylinder-for-caterpillar-large-excavator-e374fl\/","title":{"rendered":"Kau\u0161o cilindras Caterpillar dideliam ekskavatoriui E374FL"},"content":{"rendered":"<p><!DOCTYPE html><br \/>\n<html><br \/>\n<head><br \/>\n<title>Kau\u0161o cilindras Caterpillar dideliam ekskavatoriui E374FL<\/title><br \/>\n<\/head><br \/>\n<body><\/p>\n<h1>Kau\u0161o cilindras Caterpillar dideliam ekskavatoriui E374FL<\/h1>\n<h2>\u012evadas<\/h2>\n<p>Didelio \u201eCaterpillar\u201c ekskavatoriaus E374FL kau\u0161o cilindras yra specialiai sukurtas hidraulinis cilindras, kuris valdo kau\u0161o jud\u0117jim\u0105 sunkiosiose ma\u0161inose, tokiose kaip ekskavatoriai, ekskavatoriniai krautuvai ir frontaliniai krautuvai. Pagrindin\u0117 jo funkcija \u2013 leisti kau\u0161ui pakilti, nuleisti ir pakreipti, tod\u0117l jis tinka \u012fvairioms med\u017eiag\u0173 tvarkymo u\u017eduotims. Hidraulin\u0117je sistemoje kau\u0161o cilindras naudoja hidraulin\u0117s alyvos sl\u0117gio poky\u010dius, kad tiksliai valdyt\u0173 kau\u0161\u0105, o tai leid\u017eia operatoriams efektyviai tvarkyti sunkius krovinius ir prisitaikyti prie sud\u0117tingos darbo aplinkos bei \u012fvairi\u0173 eksploatavimo poreiki\u0173.<\/p>\n<h3>Apibr\u0117\u017eimas ir paai\u0161kinimas<\/h3>\n<p>Didelio \u201eCaterpillar\u201c ekskavatoriaus E374FL kau\u0161o cilindras yra hidraulinis cilindras, specialiai sukurtas kau\u0161o jud\u0117jimui valdyti. Jis leid\u017eia kau\u0161ui atlikti k\u0117limo, nuleidimo ir pakreipimo veiksmus, palengvindamas \u012fvairius med\u017eiag\u0173 tvarkymo darbus. Cilindras veikia naudodamas hidraulin\u0117s alyvos sl\u0117gio poky\u010dius hidraulin\u0117je sistemoje, tod\u0117l galima tiksliai valdyti kau\u0161o judesius. Tai u\u017etikrina efektyv\u0173 sunki\u0173 krovini\u0173 tvarkym\u0105 ir leid\u017eia prisitaikyti prie sud\u0117tingos darbo aplinkos ir \u012fvairi\u0173 eksploatavimo reikalavim\u0173.<\/p>\n<p><img decoding=\"async\" src=\"https:\/\/www.hydraulic-cylinders.net\/wp-content\/uploads\/2025\/01\/songte-company-2.webp\" alt=\"Kau\u0161o cilindro vaizdas\"><\/p>\n<h2>Savyb\u0117s<\/h2>\n<ul>\n<li>Didelis tvirtumas ir ilgaam\u017ei\u0161kumas: Paprastai i\u0161 didelio stiprumo plieno arba aliuminio pagamintas kau\u0161o cilindras gali atlaikyti didel\u012f sl\u0117g\u012f ir dideles apkrovas, prisitaikydamas prie at\u0161iauri\u0173 darbo s\u0105lyg\u0173. Jo konstrukcija atsi\u017evelg\u0117 \u012f atsparum\u0105 dilimui ir korozijai, taip pailgindama jo tarnavimo laik\u0105.<\/li>\n<li>Efektyvus hidraulinis veikimas: Naudodamas hidraulin\u0117s alyvos sl\u0117g\u012f, kau\u0161o cilindras skland\u017eiai i\u0161tiesia ir atitraukia kau\u0161\u0105, greitai reaguoja \u012f valdymo komandas ir u\u017etikrina galingas st\u016bmimo bei traukimo j\u0117gas. Jis tinka sunkiems kroviniams kelti ir sud\u0117tingoms eksploatavimo u\u017eduotims atlikti.<\/li>\n<li>Keli tipai: atsi\u017evelgiant \u012f eksploatacinius poreikius, kau\u0161o cilindr\u0105 galima pasirinkti kaip vienpusio veikimo (hidraulinis sl\u0117gis naudojamas tik viena kryptimi) arba dvipusio veikimo (hidraulinis sl\u0117gis naudojamas abiem kryptimis). Kai kurie modeliai yra teleskopiniai, tod\u0117l juos galima labiau i\u0161tiesti nedidinant i\u0161orini\u0173 matmen\u0173, tod\u0117l jie tinka naudoti ribotoje erdv\u0117je.<\/li>\n<li>Puikus pakeitimas: M\u016bs\u0173 gaminys gali puikiai pakeisti kitus hidraulinius cilindrus. Si\u016blome plat\u0173 \u012fvairi\u0173 ekskavatori\u0173 modeli\u0173 variant\u0173 pasirinkim\u0105.<\/li>\n<\/ul>\n<p><img decoding=\"async\" src=\"https:\/\/www.hydraulic-cylinders.net\/wp-content\/uploads\/2025\/01\/songte-cylinder-head-with-all-kinds-excavator-models.webp\" alt=\"Kau\u0161o cilindro modelio vaizdas\"><\/p>\n<h2>Parai\u0161kos<\/h2>\n<p>\u201eCaterpillar\u201c didelio ekskavatoriaus E374FL kau\u0161o cilindras naudojamas \u012fvairiose pramon\u0117s \u0161akose, \u012fskaitant:<\/p>\n<h3>Statybin\u0117 \u012franga<\/h3>\n<p>Ekskavatoriuose kau\u0161o cilindras yra labai svarbus kasant, kraunant ir judinant med\u017eiagas. Ekskavatoriuose-krautuvuose kau\u0161o cilindras padeda tiek kasti, tiek kelti.<\/p>\n<h3>\u017dem\u0117s \u016bkio technika<\/h3>\n<p>Priekiniuose krautuvuose naudojamas kau\u0161o cilindras atlieka tokias u\u017eduotis kaip dirvo\u017eemio, \u0161ieno ir kit\u0173 med\u017eiag\u0173 kasimas, k\u0117limas ir transportavimas.<\/p>\n<h3>Ekskavatoriai<\/h3>\n<p>Kau\u0161o cilindras leid\u017eia atlikti kasimo darbus, leisdamas kau\u0161ui \u012fsiskverbti \u012f dirv\u0105.<\/p>\n<h3>Krautuvai<\/h3>\n<p>Priekiniuose krautuvuose kau\u0161o cilindras padeda efektyviai pakelti ir i\u0161versti krovin\u012f.<\/p>\n<p>Kiekvienai parai\u0161kai b\u016bdingos \u0161ios savyb\u0117s:<\/p>\n<ul>\n<li>1 apra\u0161ymas<\/li>\n<li>2 apra\u0161ymas<\/li>\n<li>3 apra\u0161ymas<\/li>\n<li>4 apra\u0161ymas<\/li>\n<li>5 apra\u0161ymas<\/li>\n<\/ul>\n<p><img decoding=\"async\" src=\"https:\/\/www.hydraulic-cylinders.net\/wp-content\/uploads\/2025\/01\/songte-oil-pipes-and-spare-parts.webp\" alt=\"Hidraulinio cilindro dali\u0173 vaizdas\"><\/p>\n<h2>Projektavimo aspektai ir atrankos kriterijai<\/h2>\n<p>Projektuojant \u201eCaterpillar\u201c didelio ekskavatoriaus E374FL kau\u0161o cilindr\u0105, atsi\u017evelgiama \u012f kelis veiksnius:<\/p>\n<h3>Guoli\u0173 talpa<\/h3>\n<p>Kau\u0161o cilindras yra suprojektuotas taip, kad atlaikyt\u0173 didelio sl\u0117gio ir sunkias apkrovas, u\u017etikrindamas patikim\u0105 veikim\u0105 sud\u0117tingomis darbo s\u0105lygomis.<\/p>\n<h3>Sandarinimas<\/h3>\n<p>Cilindre \u012fmontuoti \u012fvair\u016bs sandarinimo komponentai, tokie kaip st\u016bmokli\u0173 ir kot\u0173 sandarikliai, pagaminti i\u0161 atspari\u0173 dilimui med\u017eiag\u0173, toki\u0173 kaip poliuretanas ir nitrilo kau\u010diukas. Cilindro korpusas ir srieginiai galai yra kruop\u0161\u010diai apdorojami, kad padid\u0117t\u0173 atsparumas dilimui. Norint u\u017etikrinti skland\u0173 veikim\u0105, b\u016btina reguliariai tepti hidrauline alyva.<\/p>\n<p><img decoding=\"async\" src=\"https:\/\/www.hydraulic-cylinders.net\/wp-content\/uploads\/2025\/01\/songte-bushings-with-all-kinds-of-excavator-models.webp\" alt=\"Hidraulini\u0173 cilindr\u0173 \u012fvori\u0173 vaizdas\"><\/p>\n<h2>Prie\u017ei\u016bra ir prevencin\u0117s priemon\u0117s<\/h2>\n<h3>Reguliarus patikrinimas<\/h3>\n<p>Reguliariai tikrinkite kau\u0161o cilindr\u0105, ar n\u0117ra susid\u0117v\u0117jimo, nuot\u0117ki\u0173 ar pa\u017eeidim\u0173 po\u017eymi\u0173. \u012esitikinkite, kad visos jungtys yra tvirtos ir veikia tinkamai.<\/p>\n<h3>Tinkamas tepimas<\/h3>\n<p>Cilindr\u0105 sutepkite tinkamu tepalu, kad suma\u017eintum\u0117te trint\u012f ir u\u017etikrintum\u0117te skland\u0173 veikim\u0105. Rekomenduojam\u0105 tepimo grafik\u0105 rasite gamintojo instrukcijose.<\/p>\n<h3>Tarpikli\u0173 keitimas ir kalibravimo patikrinimai<\/h3>\n<p>Reguliariai tikrinkite ir keiskite susid\u0117v\u0117jusius sandariklius, kad i\u0161laikytum\u0117te tinkam\u0105 sandarum\u0105. Atlikite kalibravimo patikrinimus, kad u\u017etikrintum\u0117te tiksl\u0173 cilindro valdym\u0105.<\/p>\n<p><img decoding=\"async\" src=\"https:\/\/www.hydraulic-cylinders.net\/wp-content\/uploads\/2025\/01\/songte-chushion-collar.webp\" alt=\"Hidraulinio cilindro apykakl\u0117s vaizdas\"><\/p>\n<h2>Saugos aspektai ir aplinkos veiksniai<\/h2>\n<p>Dirbant su kau\u0161o cilindru, b\u016btina laikytis saugos priemoni\u0173, kad b\u016bt\u0173 i\u0161vengta nelaiming\u0173 atsitikim\u0173 ir u\u017etikrinta saugi darbo aplinka. Tai apima:<\/p>\n<h3>Tinkamas mokymas<\/h3>\n<p>U\u017etikrinkite, kad kau\u0161o cilindr\u0105 valdantis ir pri\u017ei\u016brintis personalas b\u016bt\u0173 tinkamai apmokytas j\u012f saugiai naudoti.<\/p>\n<h3>Saugos priemon\u0117s<\/h3>\n<p>\u012egyvendinkite saugos priemones, pavyzd\u017eiui, d\u0117v\u0117kite tinkamas asmenines apsaugos priemones ir laikykit\u0117s saugaus darbo proced\u016br\u0173.<\/p>\n<h2>Trik\u010di\u0173 \u0161alinimas ir da\u017eniausiai pasitaikan\u010dios problemos<\/h2>\n<p>\u0160alinant kau\u0161o cilindro problemas, atsi\u017evelkite \u012f \u0161ias da\u017eniausiai pasitaikan\u010dias problemas:<\/p>\n<h3>1 numeris<\/h3>\n<p>1 problemos apra\u0161ymas.<\/p>\n<h3>2 numeris<\/h3>\n<p>2 problemos apra\u0161ymas.<\/p>\n<h3>3 numeris<\/h3>\n<p>3 problemos apra\u0161ymas.<\/p>\n<p>Nor\u0117dami i\u0161spr\u0119sti \u0161ias problemas, apsvarstykite \u0161iuos patarimus ir sprendimus:<\/p>\n<ul>\n<li>Trik\u010di\u0173 \u0161alinimo patarimas 1<\/li>\n<li>Trik\u010di\u0173 \u0161alinimo patarimas 2<\/li>\n<li>Trik\u010di\u0173 \u0161alinimo patarimas 3<\/li>\n<\/ul>\n<p><img decoding=\"async\" src=\"https:\/\/www.hydraulic-cylinders.net\/wp-content\/uploads\/2025\/01\/songte-company-1.webp\" alt=\"\u012emon\u0117s \u012fvaizdis\"><\/p>\n<h2>Diegimo vadovas<\/h2>\n<p>Tinkamas kau\u0161o cilindro montavimas yra labai svarbus jo veikimui ir ilgaam\u017ei\u0161kumui. Nor\u0117dami teisingai sumontuoti, atlikite \u0161iuos veiksmus:<\/p>\n<h3>1 veiksmas: lygiavimas<\/h3>\n<p>Montavimo metu u\u017etikrinkite tinkam\u0105 cilindro i\u0161lygiavim\u0105. Naudokite tinkamus i\u0161lygiavimo \u012frankius ir metodus, kad u\u017etikrintum\u0117te tiksl\u0173 pritaikym\u0105.<\/p>\n<h3>2 veiksmas: montavimas<\/h3>\n<p>Montavimo metu cilindrui tvirtai pritvirtinti naudokite tinkamus tvirtinimo laikiklius arba tvirtinimo elementus.<\/p>\n<h3>3 veiksmas: ap\u017ei\u016bra<\/h3>\n<p>Po montavimo patikrinkite visas jungtis, sandariklius ir tvirtinimo detales, kad \u012fsitikintum\u0117te, jog jos yra sandarios ir tinkamai pritvirtintos.<\/p>\n<p><img decoding=\"async\" src=\"https:\/\/www.hydraulic-cylinders.net\/wp-content\/uploads\/2025\/01\/songte-company-3.webp\" alt=\"\u012emon\u0117s \u012fvaizdis\"><\/p>\n<h2>Apie m\u016bs\u0173 \u012fmon\u0119<\/h2>\n<p>Esame pakaitini\u0173 hidraulini\u0173 cilindr\u0173 gamintojas ir pirmaujantis gamintojas bei didmeninis platintojas vidaus ir tarptautin\u0117se rinkose. Laikom\u0117s meistri\u0161kumo princip\u0173 ir savo patobulintose gamybos dirbtuv\u0117se remiam\u0117s pramonin\u0117s gamybos valdymo strategijomis. M\u016bs\u0173 \u012fmon\u0117 nuolat tobulina gamybos platform\u0105, investuodama \u012f technologinius talentus, skaitmenin\u0119 auk\u0161\u010diausios klas\u0117s gamyb\u0105.<\/p>","protected":false},"excerpt":{"rendered":"<p>Bucket Cylinder For Caterpillar Large Excavator E374FL Bucket Cylinder For Caterpillar Large Excavator E374FL Introduction The bucket cylinder for Caterpillar large excavator E374FL is a specially designed hydraulic cylinder that controls the movement of the bucket in heavy machinery such as excavators, backhoe loaders, and front-end loaders. Its main function is to enable the bucket [&hellip;]<\/p>","protected":false},"featured_media":14780,"comment_status":"open","ping_status":"closed","template":"","meta":{"_et_pb_use_builder":"","_et_pb_old_content":"","_et_gb_content_width":""},"product_brand":[],"product_cat":[1494],"product_tag":[1495,1496],"class_list":{"0":"post-15258","1":"product","2":"type-product","3":"status-publish","4":"has-post-thumbnail","6":"product_cat-bucket-cylinders","7":"product_tag-bucket-cylinders","8":"product_tag-hydraulic-cylinders","10":"first","11":"instock","12":"shipping-taxable","13":"product-type-simple"},"amp_enabled":true,"_links":{"self":[{"href":"https:\/\/www.hydraulic-cylinders.net\/lt\/wp-json\/wp\/v2\/product\/15258","targetHints":{"allow":["GET"]}}],"collection":[{"href":"https:\/\/www.hydraulic-cylinders.net\/lt\/wp-json\/wp\/v2\/product"}],"about":[{"href":"https:\/\/www.hydraulic-cylinders.net\/lt\/wp-json\/wp\/v2\/types\/product"}],"replies":[{"embeddable":true,"href":"https:\/\/www.hydraulic-cylinders.net\/lt\/wp-json\/wp\/v2\/comments?post=15258"}],"wp:featuredmedia":[{"embeddable":true,"href":"https:\/\/www.hydraulic-cylinders.net\/lt\/wp-json\/wp\/v2\/media\/14780"}],"wp:attachment":[{"href":"https:\/\/www.hydraulic-cylinders.net\/lt\/wp-json\/wp\/v2\/media?parent=15258"}],"wp:term":[{"taxonomy":"product_brand","embeddable":true,"href":"https:\/\/www.hydraulic-cylinders.net\/lt\/wp-json\/wp\/v2\/product_brand?post=15258"},{"taxonomy":"product_cat","embeddable":true,"href":"https:\/\/www.hydraulic-cylinders.net\/lt\/wp-json\/wp\/v2\/product_cat?post=15258"},{"taxonomy":"product_tag","embeddable":true,"href":"https:\/\/www.hydraulic-cylinders.net\/lt\/wp-json\/wp\/v2\/product_tag?post=15258"}],"curies":[{"name":"wp","href":"https:\/\/api.w.org\/{rel}","templated":true}]}}