{"id":15259,"date":"2025-01-19T14:18:18","date_gmt":"2025-01-19T14:18:18","guid":{"rendered":"https:\/\/www.hydraulic-cylinders.net\/product\/bucket-cylinder-for-caterpillar-large-excavator-e390d\/"},"modified":"2025-01-19T14:18:20","modified_gmt":"2025-01-19T14:18:20","slug":"bucket-cylinder-for-caterpillar-large-excavator-e390d","status":"publish","type":"product","link":"https:\/\/www.hydraulic-cylinders.net\/lt\/produktas\/bucket-cylinder-for-caterpillar-large-excavator-e390d\/","title":{"rendered":"Kau\u0161o cilindras Caterpillar dideliam ekskavatoriui E390D"},"content":{"rendered":"<h1>Kau\u0161o cilindras Caterpillar dideliam ekskavatoriui E390D<\/h1>\n<h2>\u012evadas<\/h2>\n<p>Kau\u0161o cilindras yra specialiai sukurtas hidraulinis cilindras, naudojamas valdyti kau\u0161o jud\u0117jim\u0105 sunkiojoje technikoje, pavyzd\u017eiui, ekskavatoriuose, ekskavatoriniuose krautuvams ir frontaliniams krautuvams. Pagrindin\u0117 jo funkcija \u2013 leisti kau\u0161ui pakilti, nuleisti ir pakreipti, tod\u0117l jis tinka \u012fvairioms med\u017eiag\u0173 tvarkymo u\u017eduotims. Hidraulin\u0117je sistemoje kau\u0161o cilindras tiksliai valdo kau\u0161o judesius keisdamas hidraulin\u0117s alyvos sl\u0117g\u012f, tod\u0117l operatoriai gali efektyviai valdyti sunkius krovinius ir prisitaikyti prie sud\u0117tingos darbo aplinkos bei \u012fvairi\u0173 darbo reikalavim\u0173. <\/p>\n<p><img decoding=\"async\" src=\"https:\/\/www.hydraulic-cylinders.net\/wp-content\/uploads\/2025\/01\/songte-company-2.webp\"><\/p>\n<h2>Savyb\u0117s<\/h2>\n<ul>\n<li>\n<h3>Didelis stiprumas ir ilgaam\u017ei\u0161kumas<\/h3>\n<p>Kau\u0161\u0173 cilindrai paprastai gaminami i\u0161 didelio stiprumo plieno arba aliuminio ir gali atlaikyti auk\u0161t\u0105 sl\u0117g\u012f bei dideles apkrovas, tod\u0117l tinka naudoti at\u0161iauriomis darbo s\u0105lygomis. Jie suprojektuoti atsi\u017evelgiant \u012f atsparum\u0105 dilimui ir korozijai, taip pailginant j\u0173 tarnavimo laik\u0105.<\/p>\n<\/li>\n<li>\n<h3>Efektyvus hidraulinis valdymas<\/h3>\n<p>Kau\u0161\u0173 cilindrai naudoja hidraulin\u0117s alyvos sl\u0117g\u012f, kad u\u017etikrint\u0173 skland\u017eius i\u0161pl\u0117timo ir atitraukimo judesius. Jie gali greitai reaguoti \u012f valdymo komandas, u\u017etikrindami galingas st\u016bmimo ir traukimo j\u0117gas, tinkamas sunkiems kroviniams ir sud\u0117tingoms u\u017eduotims atlikti.<\/p>\n<\/li>\n<li>\n<h3>\u012evair\u016bs tipai<\/h3>\n<p>Kau\u0161\u0173 cilindrai gali b\u016bti vienpusio veikimo (naudojant hidraulin\u012f sl\u0117g\u012f tik viena kryptimi) arba dvipusio veikimo (naudojant hidraulin\u012f sl\u0117g\u012f abiem kryptimis), priklausomai nuo eksploatacini\u0173 poreiki\u0173. Kai kurie modeliai yra teleskopiniai, tod\u0117l juos galima labiau prailginti nedidinant i\u0161orini\u0173 matmen\u0173, tod\u0117l jie tinka naudoti ribotoje erdv\u0117je.<\/p>\n<\/li>\n<li>\n<h3>Suderinamas su \u012fvairiais ekskavatori\u0173 modeliais<\/h3>\n<p>M\u016bs\u0173 gaminys gali puikiai pakeisti \u0161iuos hidraulinius cilindrus. <\/p>\n<\/li>\n<\/ul>\n<p><img decoding=\"async\" src=\"https:\/\/www.hydraulic-cylinders.net\/wp-content\/uploads\/2025\/01\/songte-cylinder-head-with-all-kinds-excavator-models.webp\"><\/p>\n<h2>Parai\u0161kos<\/h2>\n<p>Kau\u0161\u0173 cilindrai yra esminiai \u012fvairi\u0173 sunki\u0173j\u0173 ma\u0161in\u0173 komponentai, \u012fskaitant, bet neapsiribojant:<\/p>\n<ul>\n<li>\n<h3>Statybin\u0117 \u012franga<\/h3>\n<p>Ekskavatoriuose jie yra b\u016btini kasant, kraunant ir perkeliant grunt\u0105 ar \u0161iuk\u0161les. Ekskavatoriuose krautuvuose kau\u0161o cilindras padeda tiek kasti, tiek kelti. <\/p>\n<\/li>\n<li>\n<h3>\u017dem\u0117s \u016bkio technika<\/h3>\n<p>Naudojamas priekiniuose krautuvuose dirvo\u017eemiui, \u0161ienui ir kitoms med\u017eiagoms semti, kelti ir transportuoti. <\/p>\n<\/li>\n<li>\n<h3>Ekskavatoriai<\/h3>\n<p>Kau\u0161o cilindras leid\u017eia kau\u0161ui prasiskverbti \u012f dirv\u0105 ir atlikti kasimo veiksmus. <\/p>\n<\/li>\n<li>\n<h3>Priekiniai krautuvai<\/h3>\n<p>Priekiniuose krautuvuose jie padeda efektyviai pakelti ir i\u0161krauti prekes. <\/p>\n<\/li>\n<\/ul>\n<h2>Projektavimo aspektai ir atrankos kriterijai<\/h2>\n<p>Kau\u0161\u0173 cilindrai projektuojami atsi\u017evelgiant \u012f kelis aspektus:<\/p>\n<ul>\n<li>\n<h3>Keliamoji galia<\/h3>\n<p>Kau\u0161o cilindras turi b\u016bti pakankamai tvirtas, kad atlaikyt\u0173 didelius krovinius ir auk\u0161t\u0105 sl\u0117g\u012f.<\/p>\n<\/li>\n<li>\n<h3>Sandarinimas<\/h3>\n<p>Cilindras turi b\u016bti tinkamai u\u017esandarintas, kad b\u016bt\u0173 i\u0161vengta alyvos nuot\u0117kio ir b\u016bt\u0173 palaikomas tinkamas sl\u0117gis. Jame tur\u0117t\u0173 b\u016bti naudojamos auk\u0161tos kokyb\u0117s sandarinimo med\u017eiagos, tokios kaip st\u016bmokli\u0173 ir kot\u0173 sandarikliai, pagaminti i\u0161 atspari\u0173 dilimui med\u017eiag\u0173, toki\u0173 kaip poliuretanas ir nitrilo kau\u010diukas.<\/p>\n<\/li>\n<li>\n<h3>Patvarumas<\/h3>\n<p>Cilindras turi b\u016bti pakankamai patvarus, kad atlaikyt\u0173 nusid\u0117v\u0117jim\u0105 at\u0161iauriomis s\u0105lygomis, o cilindro korpusas ir srieginiai galai turi b\u016bti kruop\u0161\u010diai apdoroti, kad padid\u0117t\u0173 atsparumas dilimui.<\/p>\n<\/li>\n<li>\n<h3>Saugumas<\/h3>\n<p>Balionas tur\u0117t\u0173 b\u016bti suprojektuotas su saugos funkcijomis, tokiomis kaip apsauga nuo perkrovos ir sl\u0117gio ma\u017einimo vo\u017etuvai, kad b\u016bt\u0173 i\u0161vengta nelaiming\u0173 atsitikim\u0173.<\/p>\n<\/li>\n<li>\n<h3>Prie\u017ei\u016bra<\/h3>\n<p>Cilindras tur\u0117t\u0173 b\u016bti lengvai pri\u017ei\u016brimas ir remontuojamas, tod\u0117l rekomenduojama naudoti tinkamas atsargines dalis ir remonto paslaugas, kad jis tarnaut\u0173 ilgiau.<\/p>\n<\/li>\n<\/ul>\n<p><img decoding=\"async\" src=\"https:\/\/www.hydraulic-cylinders.net\/wp-content\/uploads\/2025\/01\/songte-oil-pipes-and-spare-parts.webp\"><\/p>\n<h2>Sandarinimas ir tepimas<\/h2>\n<p>Kau\u0161\u0173 cilindrus reikia tinkamai u\u017esandarinti ir sutepti, kad b\u016bt\u0173 u\u017etikrintas optimalus j\u0173 veikimas. Tai apima \u012fvairi\u0173 sandarinimo komponent\u0173, toki\u0173 kaip st\u016bmokli\u0173 sandarikliai, stryp\u0173 sandarikliai ir valytuv\u0173 sandarikliai, pagamint\u0173 i\u0161 atspari\u0173 dilimui med\u017eiag\u0173, naudojim\u0105. Cilindro korpusas ir srieginiai galai tur\u0117t\u0173 b\u016bti apdirbti, kad padid\u0117t\u0173 atsparumas dilimui. Rekomenduojama reguliariai tepti hidrauline alyva, kad b\u016bt\u0173 u\u017etikrintas sklandus veikimas.<\/p>\n<h2>Prie\u017ei\u016bra ir remontas<\/h2>\n<p>Reguliarus techninis aptarnavimas ir remontas yra b\u016btini norint i\u0161laikyti optimal\u0173 kau\u0161o cilindro veikim\u0105. \u012eprastos technin\u0117s prie\u017ei\u016bros u\u017eduotys apima reguliar\u0173 patikrinim\u0105, tinkam\u0105 tepim\u0105, sandarikli\u0173 keitim\u0105 ir kalibravimo patikrinim\u0105. Taip pat labai svarbu u\u017etikrinti tinkam\u0105 montavim\u0105, tepim\u0105 ir reguliavim\u0105, kad pailg\u0117t\u0173 cilindro tarnavimo laikas. <\/p>\n<p><img decoding=\"async\" src=\"https:\/\/www.hydraulic-cylinders.net\/wp-content\/uploads\/2025\/01\/songte-chushion-collar.webp\"><\/p>\n<h2>Saugos aspektai<\/h2>\n<p>Kau\u0161\u0173 cilindrai tur\u0117t\u0173 b\u016bti naudojami laikantis tinkam\u0173 saugos priemoni\u0173 ir rekomenduojam\u0173 saugos gairi\u0173. Cilindr\u0105 tur\u0117t\u0173 sumontuoti ir naudoti kvalifikuoti darbuotojai, kad b\u016bt\u0173 i\u0161vengta nelaiming\u0173 atsitikim\u0173.<\/p>\n<h2>Gedim\u0173 diagnostika ir trik\u010di\u0173 \u0161alinimas<\/h2>\n<p>Da\u017eniausi kau\u0161o cilindr\u0173 gedimai yra alyvos nuot\u0117kis, nepakankama galia ir l\u0117tas veikimas. Veiksmingi trik\u010di\u0173 \u0161alinimo metodai apima hidraulin\u0117s alyvos lygio patikrinim\u0105, cilindro ap\u017ei\u016br\u0105 d\u0117l pa\u017eeidim\u0173 ar susid\u0117v\u0117jimo ir susid\u0117v\u0117jusi\u0173 ar pa\u017eeist\u0173 sandarikli\u0173 keitim\u0105. B\u016btina laikytis rekomenduojam\u0173 prie\u017ei\u016bros proced\u016br\u0173, kad \u0161ie gedimai neatsirast\u0173.<\/p>\n<p><img decoding=\"async\" src=\"https:\/\/www.hydraulic-cylinders.net\/wp-content\/uploads\/2025\/01\/songte-bushings-with-all-kinds-of-excavator-models.webp\"><\/p>\n<h2>Apie mus<\/h2>\n<p>Esame pakaitini\u0173 hidraulini\u0173 cilindr\u0173 gamintojas, si\u016blantis plat\u0173 gamini\u0173 asortiment\u0105. Tapome vienu i\u0161 pirmaujan\u010di\u0173 hidraulini\u0173 cilindr\u0173 gamintoj\u0173 ir didmenini\u0173 platintoj\u0173 vidaus ir tarptautin\u0117se rinkose. Vadovaujam\u0117s puikia kokybe, remiam\u0117s kruop\u0161\u010diai parengtomis gamybos dirbtuvi\u0173 pramonin\u0117s gamybos valdymo strategijomis, nuolat tobuliname gamybos platform\u0105, geriname gamini\u0173 kokyb\u0117s gamybos linijas ir turime stipr\u0173 k\u016brybin\u012f geb\u0117jim\u0105 patenkinti \u012fvairius klient\u0173 poreikius, taikydami auk\u0161t\u0105 efektyvum\u0105, didel\u012f tikslum\u0105 ir auk\u0161tus kokyb\u0117s principus. <\/p>\n<p><img decoding=\"async\" src=\"https:\/\/hzpt.com\/wp-content\/uploads\/2024\/11\/songte-company-1.webp\"><\/p>\n<h3>Profesionalumas<\/h3>\n<p>Turime auk\u0161tos kvalifikacijos in\u017einieri\u0173 ir technik\u0173 komand\u0105, kuri projektuoja ir gamina hidraulinius cilindrus, kad atitikt\u0173 auk\u0161\u010diausius kokyb\u0117s standartus. <\/p>\n<h3>Tarptautiniai sertifikatai<\/h3>\n<p>M\u016bs\u0173 gaminiai yra sertifikuoti pagal \u012fvairius tarptautinius standartus, \u012fskaitant ISO, CE ir SGS. <\/p>\n<h3>Pritaikymo paslaugos<\/h3>\n<p>Mes tiekiame individualiai pritaikytus hidraulinius cilindrus, kad patenkintume konkre\u010dius klient\u0173 reikalavimus, \u012fskaitant projektavim\u0105, gamyb\u0105 ir bandymus. <\/p>\n<h3>Gamybos \u012franga<\/h3>\n<p>Naudojame pa\u017eangi\u0105 \u012frang\u0105, \u012fskaitant CNC apdirbimo centrus, tikslias \u0161lifavimo stakles ir bandym\u0173 \u012frang\u0105. <\/p>\n<h3>Aptarnavimas po pardavimo<\/h3>\n<p>Teikiame i\u0161samias garantinio aptarnavimo paslaugas, \u012fskaitant technin\u0119 prie\u017ei\u016br\u0105, remont\u0105 ir atnaujinim\u0105, siekdami u\u017etikrinti optimal\u0173 na\u0161um\u0105 ir ilgaam\u017ei\u0161kum\u0105. <\/p>\n<p>Autorius: lyl.<\/p>","protected":false},"excerpt":{"rendered":"<p>Bucket Cylinder For Caterpillar Large Excavator E390D Introduction A bucket cylinder is a specially designed hydraulic cylinder used to control the movement of the bucket in heavy machinery, such as excavators, backhoe loaders, and front-end loaders. Its primary function is to allow the bucket to lift, lower and tilt, making it suitable for various material [&hellip;]<\/p>","protected":false},"featured_media":14778,"comment_status":"open","ping_status":"closed","template":"","meta":{"_et_pb_use_builder":"","_et_pb_old_content":"","_et_gb_content_width":""},"product_brand":[],"product_cat":[1494],"product_tag":[1495,1496],"class_list":{"0":"post-15259","1":"product","2":"type-product","3":"status-publish","4":"has-post-thumbnail","6":"product_cat-bucket-cylinders","7":"product_tag-bucket-cylinders","8":"product_tag-hydraulic-cylinders","10":"first","11":"instock","12":"shipping-taxable","13":"product-type-simple"},"amp_enabled":true,"_links":{"self":[{"href":"https:\/\/www.hydraulic-cylinders.net\/lt\/wp-json\/wp\/v2\/product\/15259","targetHints":{"allow":["GET"]}}],"collection":[{"href":"https:\/\/www.hydraulic-cylinders.net\/lt\/wp-json\/wp\/v2\/product"}],"about":[{"href":"https:\/\/www.hydraulic-cylinders.net\/lt\/wp-json\/wp\/v2\/types\/product"}],"replies":[{"embeddable":true,"href":"https:\/\/www.hydraulic-cylinders.net\/lt\/wp-json\/wp\/v2\/comments?post=15259"}],"wp:featuredmedia":[{"embeddable":true,"href":"https:\/\/www.hydraulic-cylinders.net\/lt\/wp-json\/wp\/v2\/media\/14778"}],"wp:attachment":[{"href":"https:\/\/www.hydraulic-cylinders.net\/lt\/wp-json\/wp\/v2\/media?parent=15259"}],"wp:term":[{"taxonomy":"product_brand","embeddable":true,"href":"https:\/\/www.hydraulic-cylinders.net\/lt\/wp-json\/wp\/v2\/product_brand?post=15259"},{"taxonomy":"product_cat","embeddable":true,"href":"https:\/\/www.hydraulic-cylinders.net\/lt\/wp-json\/wp\/v2\/product_cat?post=15259"},{"taxonomy":"product_tag","embeddable":true,"href":"https:\/\/www.hydraulic-cylinders.net\/lt\/wp-json\/wp\/v2\/product_tag?post=15259"}],"curies":[{"name":"wp","href":"https:\/\/api.w.org\/{rel}","templated":true}]}}