{"id":15261,"date":"2025-01-19T14:18:27","date_gmt":"2025-01-19T14:18:27","guid":{"rendered":"https:\/\/www.hydraulic-cylinders.net\/product\/bucket-cylinder-for-caterpillar-wheel-excavator-m326d\/"},"modified":"2025-01-19T14:18:29","modified_gmt":"2025-01-19T14:18:29","slug":"bucket-cylinder-for-caterpillar-wheel-excavator-m326d","status":"publish","type":"product","link":"https:\/\/www.hydraulic-cylinders.net\/lt\/produktas\/bucket-cylinder-for-caterpillar-wheel-excavator-m326d\/","title":{"rendered":"Kau\u0161o cilindras Caterpillar ratiniam ekskavatoriui M326D"},"content":{"rendered":"<h1>Kau\u0161o cilindras Caterpillar ratiniam ekskavatoriui M326D<\/h1>\n<h2>\u012evadas<\/h2>\n<p>\u201eCaterpillar\u201c ratinio ekskavatoriaus M326D kau\u0161o cilindras yra specializuotas hidraulinis cilindras, skirtas valdyti kau\u0161o jud\u0117jim\u0105 sunkiosiose ma\u0161inose, tokiose kaip ekskavatoriai, ekskavatoriai ir frontaliniai krautuvai. Pagrindin\u0117 jo funkcija \u2013 leisti kau\u0161ui pakilti, nuleisti ir pakreipti, taip palengvinant \u012fvairias med\u017eiag\u0173 tvarkymo u\u017eduotis. Hidraulin\u0117je sistemoje kau\u0161o cilindras tiksliai valdo kau\u0161\u0105 keisdamas hidraulin\u0117s alyvos sl\u0117g\u012f, tod\u0117l operatorius gali efektyviai valdyti sunkius krovinius ir prisitaikyti prie sud\u0117tingos darbo aplinkos bei \u012fvairi\u0173 darbo reikalavim\u0173.<\/p>\n<p><img decoding=\"async\" src=\"https:\/\/www.hydraulic-cylinders.net\/wp-content\/uploads\/2025\/01\/songte-company-2.webp\"><\/p>\n<h2>Savyb\u0117s<\/h2>\n<ul>\n<li>Didelis stiprumas ir ilgaam\u017ei\u0161kumas: Paprastai pagamintas i\u0161 didelio stiprumo plieno arba aliuminio, jis gali atlaikyti didel\u012f sl\u0117g\u012f ir dideles apkrovas, prisitaikyti prie at\u0161iauri\u0173 darbo s\u0105lyg\u0173 ir yra suprojektuotas atsi\u017evelgiant \u012f atsparum\u0105 dilimui ir korozijai, taip prailginant jo tarnavimo laik\u0105.<\/li>\n<li>Efektyvus hidraulinis veikimas: Skland\u016bs i\u0161pl\u0117timo ir atitraukimo judesiai pasiekiami naudojant hidraulin\u0117s alyvos sl\u0117g\u012f, be to, sistema gali greitai reaguoti \u012f valdymo komandas, u\u017etikrindama galingas st\u016bmimo ir traukimo j\u0117gas, tinkamas sunkiems kroviniams ir sud\u0117tingoms u\u017eduotims atlikti.<\/li>\n<li>\u012evair\u016bs tipai: Pagal poreik\u012f galima pasirinkti vienpusio veikimo (hidrauliniai, naudojami tik viena kryptimi) arba dvigubo veikimo (hidrauliniai, naudojami abiem kryptimis) cilindrus, kad b\u016bt\u0173 patenkinti skirtingi eksploataciniai reikalavimai. Kai kurie modeliai yra teleskopiniai, tod\u0117l juos galima labiau i\u0161tiesti nedidinant i\u0161orini\u0173 matmen\u0173, tod\u0117l jie tinka naudoti ribotoje erdv\u0117je.<\/li>\n<li>Kei\u010diamas: M\u016bs\u0173 gaminys gali puikiai pakeisti \u0161iuos hidraulinius cilindrus.<\/li>\n<\/ul>\n<p><img decoding=\"async\" src=\"https:\/\/www.hydraulic-cylinders.net\/wp-content\/uploads\/2025\/01\/songte-cylinder-head-with-all-kinds-excavator-models.webp\"><\/p>\n<h2>Parai\u0161kos<\/h2>\n<p>\u201eCaterpillar\u201c ratinio ekskavatoriaus M326D kau\u0161o cilindras yra pla\u010diai naudojamas \u012fvairiose pramon\u0117s \u0161akose, tokiose kaip:<\/p>\n<ul>\n<li>Statybin\u0117 \u012franga: ekskavatoriuose jie yra labai svarb\u016bs kasant, kraunant ir perkeliant grunt\u0105 ar \u0161iuk\u0161les. Ekskavatoriuose kau\u0161o cilindrai padeda tiek kasti, tiek kelti. <\/li>\n<li>\u017dem\u0117s \u016bkio technika: naudojama priekiniuose krautuvuose dirvo\u017eemiui, \u0161ienui ir kitoms med\u017eiagoms kasti, kelti ir transportuoti; ekskavatoriuose kau\u0161o cilindrai leid\u017eia kasti, leisdami kau\u0161ui prasiskverbti \u012f dirv\u0105. <\/li>\n<li>Krautuvai: Priekiniuose krautuvuose jie padeda efektyviai pakelti ir i\u0161krauti daiktus. <\/li>\n<\/ul>\n<h2>Projektavimo aspektai ir atrankos kriterijai<\/h2>\n<p>Kau\u0161o cilindro projektavimo aspektai ir pasirinkimo kriterijai yra \u0161ie:<\/p>\n<ul>\n<li>Apkrovos paj\u0117gumas: Cilindro laikomoji galia yra labai svarbus aspektas, ir jis tur\u0117t\u0173 atlaikyti maksimal\u0173 sl\u0117g\u012f ir apkrov\u0105.<\/li>\n<li>Sandarinimas: Reik\u0117t\u0173 naudoti \u012fvairius sandarinimo komponentus, tokius kaip st\u016bmokli\u0173 ir kot\u0173 sandarikliai. Pirmenyb\u0117 teikiama sandarikliams, pagamintiems i\u0161 atspari\u0173 dilimui med\u017eiag\u0173, toki\u0173 kaip poliuretanas ir nitrilo kau\u010diukas.<\/li>\n<li>Patvarumas: Cilindras turi b\u016bti suprojektuotas atsi\u017evelgiant \u012f ilgaam\u017ei\u0161kum\u0105 ir turi b\u016bti atsparus dilimui bei korozijai.<\/li>\n<li>Sauga: Cilindro konstrukcija turi u\u017etikrinti saug\u0173 veikim\u0105 ir technin\u0119 prie\u017ei\u016br\u0105.<\/li>\n<li>Prie\u017ei\u016bra: Balionas turi b\u016bti suprojektuotas atsi\u017evelgiant \u012f technin\u0119 prie\u017ei\u016br\u0105 ir turi b\u016bti lengvai pri\u017ei\u016brimas bei remontuojamas.<\/li>\n<\/ul>\n<p><img decoding=\"async\" src=\"https:\/\/www.hydraulic-cylinders.net\/wp-content\/uploads\/2025\/01\/songte-oil-pipes-and-spare-parts.webp\"><\/p>\n<h2>Sandarinimas ir tepimas<\/h2>\n<p>Kau\u0161o cilindre tur\u0117t\u0173 b\u016bti naudojami \u012fvair\u016bs sandarinimo komponentai, tokie kaip st\u016bmoklio ir koto sandarikliai, pagaminti i\u0161 atspari\u0173 dilimui med\u017eiag\u0173, toki\u0173 kaip poliuretanas ir nitrilo kau\u010diukas. Cilindro korpusas ir srieginiai galiniai pavir\u0161iai tur\u0117t\u0173 b\u016bti kruop\u0161\u010diai apdirbti, kad b\u016bt\u0173 padidintas atsparumas dilimui. Taip pat b\u016btina reguliariai \u012fpilti reikiam\u0105 kiek\u012f hidraulin\u0117s alyvos tepimui.<\/p>\n<h2>Ap\u017ei\u016bros ir prevencin\u0117s prie\u017ei\u016bros priemon\u0117s<\/h2>\n<p>Reguliari patikra ir prevencin\u0117s prie\u017ei\u016bros priemon\u0117s yra labai svarbios norint pailginti kau\u0161o cilindro tarnavimo laik\u0105. \u0160ios priemon\u0117s apima:<\/p>\n<ul>\n<li>Reguliarus tepimas<\/li>\n<li>Periodinis sandariklio keitimas<\/li>\n<li>Kalibravimo patikrinimas<\/li>\n<\/ul>\n<p>Montuojant labai svarbu tinkamai parinkti cilindro lygiavimo nurodymus ir naudoti tinkamus montavimo laikiklius cilindrui pritvirtinti. Taip pat rekomenduojama laikytis rekomenduojam\u0173 patikrinimo, remonto ir keitimo proced\u016br\u0173 bei teikti atnaujinimo paslaugas, kad b\u016bt\u0173 pailgintas cilindro tarnavimo laikas.<\/p>\n<p><img decoding=\"async\" src=\"https:\/\/www.hydraulic-cylinders.net\/wp-content\/uploads\/2025\/01\/songte-chushion-collar.webp\"><\/p>\n<h2>Saugos aspektai ir aplinkos veiksniai<\/h2>\n<p>Naudojant kau\u0161o cilindr\u0105, b\u016btinos saugos priemon\u0117s. Darbuotojai tur\u0117t\u0173 b\u016bti apmokyti saugiai naudoti cilindr\u0105, o cilindras tur\u0117t\u0173 b\u016bti reguliariai tikrinamas, ar n\u0117ra pa\u017eeidim\u0173 ar susid\u0117v\u0117jimo po\u017eymi\u0173. Taip pat b\u016btina tinkamai utilizuoti hidraulin\u0119 alyv\u0105.<\/p>\n<h2>Trik\u010di\u0173 \u0161alinimas ir da\u017eniausiai pasitaikan\u010dios problemos<\/h2>\n<p>Kai kurios da\u017eniausios problemos, galin\u010dios kilti su kau\u0161o cilindru, yra \u0161ios:<\/p>\n<ul>\n<li>Nutekanti alyva<\/li>\n<li>L\u0117ti judesiai<\/li>\n<li>Triuk\u0161mas veikimo metu<\/li>\n<\/ul>\n<p>\u0160ioms problemoms diagnozuoti ir i\u0161spr\u0119sti reik\u0117t\u0173 taikyti tinkamus trik\u010di\u0173 \u0161alinimo ir problem\u0173 sprendimo metodus. Tinkama prie\u017ei\u016bra ir remontas taip pat gali pad\u0117ti i\u0161vengti galim\u0173 problem\u0173.<\/p>\n<p><img decoding=\"async\" src=\"https:\/\/www.hydraulic-cylinders.net\/wp-content\/uploads\/2025\/01\/songte-bushings-with-all-kinds-of-excavator-models.webp\"><\/p>\n<h2>Apie m\u016bs\u0173 \u012fmon\u0119<\/h2>\n<p>Esame pakaitini\u0173 hidraulini\u0173 cilindr\u0173 gamintojas, si\u016blantis vis\u0105 gamini\u0173 asortiment\u0105, ir tapome vienais i\u0161 pirmaujan\u010di\u0173 hidraulini\u0173 cilindr\u0173 gamintoj\u0173 ir didmenini\u0173 platintoj\u0173 vidaus ir u\u017esienio rinkose. Vadovaujam\u0117s auk\u0161\u010diausios kokyb\u0117s principu ir remiam\u0117s tiksli\u0173j\u0173 gamybos dirbtuvi\u0173 industrializuota gamybos valdymo strategija. \u012emon\u0117 nuolat tobulina dirbtuvi\u0173 gamybos platform\u0105, gerina gamini\u0173 kokyb\u0117s linij\u0105 ir turi stiprius k\u016brybinius paj\u0117gumus. \u012evairius klient\u0173 poreikius tenkiname vadovaudamiesi didelio efektyvumo, didelio tikslumo ir auk\u0161tos kokyb\u0117s principais.<\/p>\n<ul>\n<li>Profesionalumas<\/li>\n<li>Tarptautinis sertifikavimas<\/li>\n<li>Individualiai pritaikytos paslaugos<\/li>\n<li>Gamybos \u012franga<\/li>\n<li>Aptarnavimas po pardavimo<\/li>\n<\/ul>\n<p><img decoding=\"async\" src=\"https:\/\/hzpt.com\/wp-content\/uploads\/2024\/11\/songte-company-1.webp\"><\/p>\n<h3>Autorius: lyl<\/h3>","protected":false},"excerpt":{"rendered":"<p>Bucket Cylinder For Caterpillar Wheel Excavator M326D Introduction The bucket cylinder for Caterpillar wheel excavator M326D is a specialized hydraulic cylinder designed to control the movement of the bucket in heavy machinery such as excavators, backhoes, and front-end loaders. Its main function is to enable the bucket to lift, lower, and tilt, thus facilitating various [&hellip;]<\/p>","protected":false},"featured_media":14773,"comment_status":"open","ping_status":"closed","template":"","meta":{"_et_pb_use_builder":"","_et_pb_old_content":"","_et_gb_content_width":""},"product_brand":[],"product_cat":[1494],"product_tag":[1495,1496],"class_list":{"0":"post-15261","1":"product","2":"type-product","3":"status-publish","4":"has-post-thumbnail","6":"product_cat-bucket-cylinders","7":"product_tag-bucket-cylinders","8":"product_tag-hydraulic-cylinders","10":"first","11":"instock","12":"shipping-taxable","13":"product-type-simple"},"amp_enabled":true,"_links":{"self":[{"href":"https:\/\/www.hydraulic-cylinders.net\/lt\/wp-json\/wp\/v2\/product\/15261","targetHints":{"allow":["GET"]}}],"collection":[{"href":"https:\/\/www.hydraulic-cylinders.net\/lt\/wp-json\/wp\/v2\/product"}],"about":[{"href":"https:\/\/www.hydraulic-cylinders.net\/lt\/wp-json\/wp\/v2\/types\/product"}],"replies":[{"embeddable":true,"href":"https:\/\/www.hydraulic-cylinders.net\/lt\/wp-json\/wp\/v2\/comments?post=15261"}],"wp:featuredmedia":[{"embeddable":true,"href":"https:\/\/www.hydraulic-cylinders.net\/lt\/wp-json\/wp\/v2\/media\/14773"}],"wp:attachment":[{"href":"https:\/\/www.hydraulic-cylinders.net\/lt\/wp-json\/wp\/v2\/media?parent=15261"}],"wp:term":[{"taxonomy":"product_brand","embeddable":true,"href":"https:\/\/www.hydraulic-cylinders.net\/lt\/wp-json\/wp\/v2\/product_brand?post=15261"},{"taxonomy":"product_cat","embeddable":true,"href":"https:\/\/www.hydraulic-cylinders.net\/lt\/wp-json\/wp\/v2\/product_cat?post=15261"},{"taxonomy":"product_tag","embeddable":true,"href":"https:\/\/www.hydraulic-cylinders.net\/lt\/wp-json\/wp\/v2\/product_tag?post=15261"}],"curies":[{"name":"wp","href":"https:\/\/api.w.org\/{rel}","templated":true}]}}