{"id":15262,"date":"2025-01-19T14:18:31","date_gmt":"2025-01-19T14:18:31","guid":{"rendered":"https:\/\/www.hydraulic-cylinders.net\/product\/bucket-cylinder-for-caterpillar-wheel-excavator-m322d\/"},"modified":"2025-01-19T14:18:33","modified_gmt":"2025-01-19T14:18:33","slug":"bucket-cylinder-for-caterpillar-wheel-excavator-m322d","status":"publish","type":"product","link":"https:\/\/www.hydraulic-cylinders.net\/lt\/produktas\/bucket-cylinder-for-caterpillar-wheel-excavator-m322d\/","title":{"rendered":"Kau\u0161o cilindras Caterpillar ratiniam ekskavatoriui M322D"},"content":{"rendered":"<h1>Kau\u0161o cilindras Caterpillar ratiniam ekskavatoriui M322D<\/h1>\n<h2>\u012evadas<\/h2>\n<p>\u201eCaterpillar\u201c ratinio ekskavatoriaus M322D kau\u0161o cilindras yra specializuotas hidraulinis cilindras, skirtas valdyti kau\u0161o jud\u0117jim\u0105 sunkiosiose ma\u0161inose, tokiose kaip ekskavatoriai, ekskavatoriniai krautuvai ir ratiniai krautuvai. Pagrindin\u0117 jo funkcija \u2013 leisti pakelti, nuleisti ir pakreipti kau\u0161\u0105, tod\u0117l j\u012f patogu atlikti atliekant \u012fvairias med\u017eiag\u0173 tvarkymo u\u017eduotis. Hidraulin\u0117je sistemoje kau\u0161o cilindras tiksliai valdo kau\u0161\u0105, naudodamas hidraulin\u0117s alyvos sl\u0117gio poky\u010dius, tod\u0117l operatoriai gali efektyviai valdyti sunkius krovinius ir prisitaikyti prie sud\u0117tingos darbo aplinkos bei \u012fvairi\u0173 eksploatavimo poreiki\u0173.<\/p>\n<p><img decoding=\"async\" src=\"https:\/\/www.hydraulic-cylinders.net\/wp-content\/uploads\/2025\/01\/songte-company-2.webp\" alt=\"Kau\u0161o cilindro vaizdas\"><\/p>\n<h2>Savyb\u0117s<\/h2>\n<ul>\n<li><strong>Didelis stiprumas ir ilgaam\u017ei\u0161kumas:<\/strong> Paprastai pagamintas i\u0161 didelio stiprumo plieno arba aliuminio, jis gali atlaikyti didel\u012f sl\u0117g\u012f ir dideles apkrovas, prisitaikydamas prie at\u0161iauri\u0173 darbo s\u0105lyg\u0173. Konstrukcijoje atsi\u017evelgiama \u012f atsparum\u0105 dilimui ir korozijai, taip pailginant jo tarnavimo laik\u0105.<\/li>\n<li><strong>Efektyvus hidraulinis valdymas:<\/strong> Naudodamas hidraulin\u0117s alyvos sl\u0117g\u012f, jis pasiekia skland\u017eius i\u0161pl\u0117timo ir atitraukimo judesius, greitai reaguodamas \u012f valdymo komandas ir u\u017etikrindamas galingas st\u016bmimo bei traukimo j\u0117gas, tod\u0117l tinka sunkiems kroviniams kelti ir sud\u0117tingoms eksploatavimo u\u017eduotims atlikti.<\/li>\n<li><strong>\u012evair\u016bs tipai:<\/strong> Galima \u012fsigyti su vienpusio veikimo (hidrauliniais tik viena kryptimi) arba dvipusio veikimo (hidrauliniais abiem kryptimis) cilindrais, tod\u0117l galima pritaikyti skirtingus eksploatacinius reikalavimus. Kai kurie modeliai yra teleskopiniai, tod\u0117l juos galima labiau i\u0161tiesti nedidinant i\u0161orini\u0173 matmen\u0173, tod\u0117l jie tinka naudoti ribotoje erdv\u0117je.<\/li>\n<li><strong>Puikus pakeitimas:<\/strong> M\u016bs\u0173 gaminiai gali puikiai pakeisti \u0161iuos hidraulinius cilindrus.<\/li>\n<\/ul>\n<p><img decoding=\"async\" src=\"https:\/\/www.hydraulic-cylinders.net\/wp-content\/uploads\/2025\/01\/songte-cylinder-head-with-all-kinds-excavator-models.webp\" alt=\"Produkto vaizdas\"><\/p>\n<h2>Parai\u0161kos<\/h2>\n<ul>\n<li><strong>Statybin\u0117 \u012franga:<\/strong> Jie randami ekskavatoriuose ir yra labai svarb\u016bs kasant, kraunant ir perkeliant dirvo\u017eem\u012f ar \u0161iuk\u0161les. Ekskavatoriuose kau\u0161o cilindrai padeda ir kasti, ir kelti.<\/li>\n<li><strong>\u017dem\u0117s \u016bkio technika:<\/strong> Naudojamas priekiniuose krautuvuose dirvo\u017eemiui, \u0161ienui ir kitoms med\u017eiagoms semti, kelti ir transportuoti.<\/li>\n<li><strong>Ekskavatoriai:<\/strong> Kau\u0161o cilindrai palengvina kasimo veiksmus, leisdami kau\u0161ui \u012fsiskverbti \u012f dirv\u0105.<\/li>\n<li><strong>Ratiniai krautuvai:<\/strong> Ratiniuose krautuvuose jie padeda efektyviai pakelti ir i\u0161krauti prekes.<\/li>\n<\/ul>\n<h2>Projektavimo aspektai ir atrankos kriterijai<\/h2>\n<ul>\n<li><strong>Keliamoji galia:<\/strong> Aptarkite geb\u0117jim\u0105 atlaikyti dideles apkrovas ir sl\u0117g\u012f.<\/li>\n<li><strong>Sandarinimas:<\/strong> Aptarkite \u012fvairi\u0173 sandarikli\u0173, toki\u0173 kaip st\u016bmokli\u0173 ir kot\u0173 sandarikliai, pagamint\u0173 i\u0161 atspari\u0173 dilimui med\u017eiag\u0173, toki\u0173 kaip poliuretanas ir nitrilo kau\u010diukas, naudojimo svarb\u0105. Pamin\u0117kite cilindro korpuso ir srieginio galo puik\u0173 pavir\u0161iaus apdorojim\u0105, siekiant padidinti atsparum\u0105 dilimui. Pabr\u0117\u017ekite reguliaraus tepimo hidrauline alyva poreik\u012f.<\/li>\n<li><strong>Patvarumas:<\/strong> Aptarkite ilgalaikio na\u0161umo projektavimo aspektus.<\/li>\n<li><strong>Saugumas:<\/strong> Aptarkite saugos aspektus, susijusius su kau\u0161o cilindro projektavimu ir naudojimu.<\/li>\n<li><strong>Prie\u017ei\u016bra:<\/strong> Aptarkite reguliari\u0173 patikrinim\u0173, prevencin\u0117s prie\u017ei\u016bros ir tinkam\u0173 \u012frengimo proced\u016br\u0173 svarb\u0105.<\/li>\n<\/ul>\n<p><img decoding=\"async\" src=\"https:\/\/www.hydraulic-cylinders.net\/wp-content\/uploads\/2025\/01\/songte-oil-pipes-and-spare-parts.webp\" alt=\"Produkto vaizdas\"><\/p>\n<h2>Sandarinimas ir tepimas<\/h2>\n<p>Kau\u0161o cilindre naudojami \u012fvair\u016bs sandarikliai, \u012fskaitant st\u016bmoklio ir koto sandariklius, pagamintus i\u0161 atspari\u0173 dilimui med\u017eiag\u0173, toki\u0173 kaip poliuretanas ir nitrilo kau\u010diukas. Cilindro korpusas ir srieginis galas yra kruop\u0161\u010diai apdorojami, kad padid\u0117t\u0173 atsparumas dilimui. Norint u\u017etikrinti skland\u0173 veikim\u0105 ir ilgaam\u017ei\u0161kum\u0105, b\u016btina reguliariai tepti tinkamu hidraulin\u0117s alyvos kiekiu.<\/p>\n<h2>Ap\u017ei\u016bra ir prevencin\u0117 prie\u017ei\u016bra<\/h2>\n<ul>\n<li>Reguliariai tikrinkite kau\u0161o cilindr\u0105, ar n\u0117ra pa\u017eeidim\u0173, nuot\u0117ki\u0173 ar susid\u0117v\u0117jimo po\u017eymi\u0173.<\/li>\n<li>U\u017etikrinkite tinkam\u0105 vis\u0173 judan\u010di\u0173 dali\u0173 sutepim\u0105.<\/li>\n<li>Reguliariai keiskite susid\u0117v\u0117jusius sandariklius, kad i\u0161laikytum\u0117te optimal\u0173 na\u0161um\u0105.<\/li>\n<\/ul>\n<p><img decoding=\"async\" src=\"https:\/\/www.hydraulic-cylinders.net\/wp-content\/uploads\/2025\/01\/songte-chushion-collar.webp\" alt=\"Produkto vaizdas\"><\/p>\n<h2>Saugos aspektai ir aplinkos veiksniai<\/h2>\n<p>Naudojant kau\u0161o cilindr\u0105, b\u016btina laikytis saugos priemoni\u0173, kad b\u016bt\u0173 i\u0161vengta nelaiming\u0173 atsitikim\u0173 ir u\u017etikrinta operatori\u0173 gerov\u0117. Tinkamas \u012frangos naudojimas ir prie\u017ei\u016bra prisideda prie saugios darbo aplinkos.<\/p>\n<h2>Gedim\u0173 diagnostika ir trik\u010di\u0173 \u0161alinimas<\/h2>\n<p>Aptarkite da\u017eniausiai pasitaikan\u010dius kau\u0161o cilindro gedimus ir pateikite patarim\u0173 bei sprendim\u0173, kaip efektyviai juos diagnozuoti ir spr\u0119sti. Pabr\u0117\u017ekite prevencini\u0173 priemoni\u0173 svarb\u0105 siekiant suma\u017einti galimas problemas.<\/p>\n<p><img decoding=\"async\" src=\"https:\/\/www.hydraulic-cylinders.net\/wp-content\/uploads\/2025\/01\/songte-bushings-with-all-kinds-of-excavator-models.webp\" alt=\"Produkto vaizdas\"><\/p>\n<h2>I\u0161vada<\/h2>\n<p>Apibendrinant, m\u016bs\u0173 \u012fmon\u0117 yra pirmaujanti hidraulini\u0173 cilindr\u0173 gamintoja ir didmeninink\u0117, si\u016blanti plat\u0173 gamini\u0173 asortiment\u0105, kuris puikiai gali pakeisti \u201eCaterpillar\u201c ratinio ekskavatoriaus M322D kau\u0161o cilindr\u0105. Sutelkdami d\u0117mes\u012f \u012f puiki\u0105 kokyb\u0119, pa\u017eangias gamybos patalpas ir profesionalias paslaugas, stengiam\u0117s patenkinti \u012fvairius klient\u0173 poreikius. Teikiame pirmenyb\u0119 efektyvumui, tikslumui ir auk\u0161tiems kokyb\u0117s standartams, u\u017etikrindami klient\u0173 pasitenkinim\u0105 tiek vidaus, tiek tarptautin\u0117se rinkose.<\/p>\n<p><img decoding=\"async\" src=\"https:\/\/www.hydraulic-cylinders.net\/wp-content\/uploads\/2025\/01\/songte-company-3.webp\" alt=\"\u012emon\u0117s \u012fvaizdis\"><\/p>\n<p>Autorius: lyl<\/p>","protected":false},"excerpt":{"rendered":"<p>Bucket Cylinder For Caterpillar Wheel Excavator M322D Introduction The bucket cylinder for Caterpillar wheel excavator M322D is a specialized hydraulic cylinder designed to control the movement of the bucket in heavy machinery such as excavators, backhoe loaders, and wheel loaders. Its main function is to enable the lifting, lowering, and tilting of the bucket, making [&hellip;]<\/p>","protected":false},"featured_media":14771,"comment_status":"open","ping_status":"closed","template":"","meta":{"_et_pb_use_builder":"","_et_pb_old_content":"","_et_gb_content_width":""},"product_brand":[],"product_cat":[1494],"product_tag":[1495,1496],"class_list":{"0":"post-15262","1":"product","2":"type-product","3":"status-publish","4":"has-post-thumbnail","6":"product_cat-bucket-cylinders","7":"product_tag-bucket-cylinders","8":"product_tag-hydraulic-cylinders","10":"first","11":"instock","12":"shipping-taxable","13":"product-type-simple"},"amp_enabled":true,"_links":{"self":[{"href":"https:\/\/www.hydraulic-cylinders.net\/lt\/wp-json\/wp\/v2\/product\/15262","targetHints":{"allow":["GET"]}}],"collection":[{"href":"https:\/\/www.hydraulic-cylinders.net\/lt\/wp-json\/wp\/v2\/product"}],"about":[{"href":"https:\/\/www.hydraulic-cylinders.net\/lt\/wp-json\/wp\/v2\/types\/product"}],"replies":[{"embeddable":true,"href":"https:\/\/www.hydraulic-cylinders.net\/lt\/wp-json\/wp\/v2\/comments?post=15262"}],"wp:featuredmedia":[{"embeddable":true,"href":"https:\/\/www.hydraulic-cylinders.net\/lt\/wp-json\/wp\/v2\/media\/14771"}],"wp:attachment":[{"href":"https:\/\/www.hydraulic-cylinders.net\/lt\/wp-json\/wp\/v2\/media?parent=15262"}],"wp:term":[{"taxonomy":"product_brand","embeddable":true,"href":"https:\/\/www.hydraulic-cylinders.net\/lt\/wp-json\/wp\/v2\/product_brand?post=15262"},{"taxonomy":"product_cat","embeddable":true,"href":"https:\/\/www.hydraulic-cylinders.net\/lt\/wp-json\/wp\/v2\/product_cat?post=15262"},{"taxonomy":"product_tag","embeddable":true,"href":"https:\/\/www.hydraulic-cylinders.net\/lt\/wp-json\/wp\/v2\/product_tag?post=15262"}],"curies":[{"name":"wp","href":"https:\/\/api.w.org\/{rel}","templated":true}]}}