{"id":15263,"date":"2025-01-19T14:18:35","date_gmt":"2025-01-19T14:18:35","guid":{"rendered":"https:\/\/www.hydraulic-cylinders.net\/product\/bucket-cylinder-for-caterpillar-wheel-excavator-m3180\/"},"modified":"2025-01-19T14:18:36","modified_gmt":"2025-01-19T14:18:36","slug":"bucket-cylinder-for-caterpillar-wheel-excavator-m3180","status":"publish","type":"product","link":"https:\/\/www.hydraulic-cylinders.net\/lt\/produktas\/bucket-cylinder-for-caterpillar-wheel-excavator-m3180\/","title":{"rendered":"Kau\u0161o cilindras Caterpillar ratiniam ekskavatoriui M3180"},"content":{"rendered":"<h1>Kau\u0161o cilindras Caterpillar ratiniam ekskavatoriui M3180<\/h1>\n<h2>\u012evadas<\/h2>\n<p>\u201eCaterpillar\u201c ratinio ekskavatoriaus M3180 kau\u0161o cilindras yra specialiai sukurtas hidraulinis cilindras, naudojamas valdyti kau\u0161o jud\u0117jim\u0105 sunkiosiose ma\u0161inose, tokiose kaip ekskavatoriai, ekskavatoriniai krautuvai ir frontaliniai krautuvai. Pagrindin\u0117 jo funkcija \u2013 leisti kau\u0161ui pakilti, nuleisti ir pakreipti, kad b\u016bt\u0173 lengviau atlikti \u012fvairias med\u017eiag\u0173 tvarkymo u\u017eduotis. Hidraulin\u0117je sistemoje kau\u0161o cilindras tiksliai valdo kau\u0161\u0105 keisdamas hidraulin\u0117s alyvos sl\u0117g\u012f, tod\u0117l operatoriai gali efektyviai valdyti sunkius krovinius ir prisitaikyti prie sud\u0117tingos darbo aplinkos bei \u012fvairi\u0173 darbo reikalavim\u0173.<\/p>\n<p><img decoding=\"async\" src=\"https:\/\/www.hydraulic-cylinders.net\/wp-content\/uploads\/2025\/01\/songte-company-2.webp\"><\/p>\n<h2>\u201eCaterpillar\u201c ratinio ekskavatoriaus M3180 kau\u0161o cilindro savyb\u0117s<\/h2>\n<ul>\n<li>Didelis stiprumas ir ilgaam\u017ei\u0161kumas: Paprastai pagamintas i\u0161 didelio stiprumo plieno arba aliuminio, jis gali atlaikyti didel\u012f sl\u0117g\u012f ir dideles apkrovas, prisitaikydamas prie at\u0161iauri\u0173 darbo s\u0105lyg\u0173. Konstrukcijoje atsi\u017evelgiama \u012f atsparum\u0105 dilimui ir korozijai, taip pailginant jo tarnavimo laik\u0105.<\/li>\n<li>Efektyvus hidraulinis veikimas: Naudodamas hidraulin\u0117s alyvos sl\u0117g\u012f, jis u\u017etikrina skland\u017eius i\u0161pl\u0117timo ir atitraukimo judesius, greitai reaguoja \u012f valdymo komandas, u\u017etikrina galingas st\u016bmimo ir traukimo j\u0117gas ir tinka sunkiems kroviniams bei sud\u0117tingoms u\u017eduotims valdyti.<\/li>\n<li>\u012evair\u016bs tipai: Cilindr\u0105 galima pasirinkti kaip vienpusio veikimo (hidraulinis, naudojamas tik viena kryptimi) arba dvipusio veikimo (hidraulinis, naudojamas abiem kryptimis), atsi\u017evelgiant \u012f reikalavimus, kad b\u016bt\u0173 patenkinti skirtingi eksploatavimo poreikiai. Kai kurie modeliai yra teleskopiniai, tod\u0117l juos galima labiau i\u0161tiesti nedidinant i\u0161orini\u0173 matmen\u0173, tod\u0117l jie tinka naudoti ribotoje erdv\u0117je.<\/li>\n<\/ul>\n<p><img decoding=\"async\" src=\"https:\/\/www.hydraulic-cylinders.net\/wp-content\/uploads\/2025\/01\/songte-cylinder-head-with-all-kinds-excavator-models.webp\"><\/p>\n<h2>Kau\u0161o cilindro pritaikymas Caterpillar ratiniam ekskavatoriui M3180<\/h2>\n<p>Kau\u0161o cilindras naudojamas \u012fvairioje statybin\u0117je \u012frangoje:<\/p>\n<ul>\n<li>Ekskavatoriai: gyvybi\u0161kai svarb\u016bs kasant, kraunant ir perkeliant grunt\u0105 ar \u0161iuk\u0161les. Kau\u0161o cilindras leid\u017eia atlikti kasimo ir k\u0117limo veiksmus.<\/li>\n<li>Ekskavatoriniai krautuvai: Padeda tiek kasti, tiek kelti ekskavatorinius krautuvus.<\/li>\n<li>\u017dem\u0117s \u016bkio technika: naudojama priekiniuose krautuvuose dirvo\u017eemiui, \u0161ienui ir kitoms med\u017eiagoms kasti, kelti ir transportuoti.<\/li>\n<li>Priekiniai krautuvai: Priekiniuose krautuvuose jie padeda efektyviai pakelti ir i\u0161mesti prekes.<\/li>\n<\/ul>\n<h2>\u201eCaterpillar\u201c ratinio ekskavatoriaus M3180 kau\u0161o cilindro projektavimo aspektai ir atrankos kriterijai<\/h2>\n<p>Dizaino aspektai:<\/p>\n<ul>\n<li>Guoli\u0173 talpa: Cilindras suprojektuotas taip, kad atlaikyt\u0173 dideles apkrovas ir sl\u0117g\u012f, u\u017etikrindamas saug\u0173 ir patikim\u0105 veikim\u0105.<\/li>\n<li>Sandarinimas: Siekiant u\u017etikrinti sandarum\u0105 ir i\u0161vengti u\u017eter\u0161imo, naudojami \u012fvair\u016bs sandarinimo komponentai, tokie kaip st\u016bmokli\u0173 ir stryp\u0173 sandarikliai.<\/li>\n<li>Patvarumas: Cilindras yra pagamintas taip, kad b\u016bt\u0173 patvarus, su smulkiu cilindro korpuso ir sriegini\u0173 gal\u0173 pavir\u0161iaus apdorojimu, siekiant padidinti atsparum\u0105 dilimui.<\/li>\n<li>Sauga: Siekiant i\u0161vengti galim\u0173 pavoj\u0173, \u012frengtos saugos funkcijos, tokios kaip sl\u0117gio ma\u017einimo vo\u017etuvai.<\/li>\n<li>Prie\u017ei\u016bra: konstrukcija u\u017etikrina lengv\u0105 prie\u017ei\u016br\u0105 ir remont\u0105, leid\u017eia greitai pa\u0161alinti triktis ir pakeisti komponentus.<\/li>\n<\/ul>\n<p><img decoding=\"async\" src=\"https:\/\/www.hydraulic-cylinders.net\/wp-content\/uploads\/2025\/01\/songte-oil-pipes-and-spare-parts.webp\"><\/p>\n<h2>Sandarinimas ir tepimas<\/h2>\n<p>Kau\u0161o cilindre naudojami \u012fvair\u016bs sandarikliai, tokie kaip st\u016bmokli\u0173 ir kot\u0173 sandarikliai, pagaminti i\u0161 atspari\u0173 dilimui med\u017eiag\u0173, toki\u0173 kaip poliuretanas ir nitrilo kau\u010diukas. Cilindro korpusas ir srieginiai galai yra kruop\u0161\u010diai apdorojami, siekiant pagerinti atsparum\u0105 dilimui. Norint u\u017etikrinti skland\u0173 veikim\u0105, b\u016btina reguliariai tepti tinkama hidrauline alyva.<\/p>\n<h2>Reguliarios patikros ir prevencin\u0117s prie\u017ei\u016bros priemon\u0117s<\/h2>\n<ul>\n<li>Reguliariai tikrinkite cilindr\u0105, ar n\u0117ra pa\u017eeidim\u0173 ar susid\u0117v\u0117jimo po\u017eymi\u0173, pavyzd\u017eiui, nuot\u0117ki\u0173 ar deformacijos.<\/li>\n<li>U\u017etikrinkite tinkam\u0105 cilindro ir vis\u0173 judan\u010di\u0173 dali\u0173 sutepim\u0105.<\/li>\n<li>Periodi\u0161kai keiskite susid\u0117v\u0117jusius sandariklius, kad i\u0161laikytum\u0117te optimal\u0173 na\u0161um\u0105.<\/li>\n<li>Atlikite kalibravimo patikrinimus, kad u\u017etikrintum\u0117te tiksl\u0173 veikim\u0105.<\/li>\n<li>Laikykit\u0117s rekomenduojam\u0173 montavimo proced\u016br\u0173, kad cilindras b\u016bt\u0173 tinkamai sulygiuotas. Norint saugiai pritvirtinti, rekomenduojama naudoti tinkamus tvirtinimo laikiklius.<\/li>\n<\/ul>\n<p><img decoding=\"async\" src=\"https:\/\/www.hydraulic-cylinders.net\/wp-content\/uploads\/2025\/01\/songte-chushion-collar.webp\"><\/p>\n<h2>Saugos aspektai ir aplinkos veiksniai<\/h2>\n<p>Naudojant kau\u0161o cilindr\u0105, svarbu teikti pirmenyb\u0119 saugos priemon\u0117ms, siekiant i\u0161vengti nelaiming\u0173 atsitikim\u0173 ir u\u017etikrinti operatori\u0173 bei aplinkini\u0173 asmen\u0173 gerov\u0119. Labai svarbu laikytis saugos gairi\u0173, pavyzd\u017eiui, d\u0117v\u0117ti tinkamas asmenines apsaugos priemones, laikytis tinkam\u0173 darbo proced\u016br\u0173 ir reguliariai atlikti saugos patikrinimus.<\/p>\n<h2>Trik\u010di\u0173 \u0161alinimas ir da\u017eniausiai pasitaikan\u010dios problemos<\/h2>\n<p>Da\u017eniausios problemos, kurios gali kilti d\u0117l kau\u0161o cilindro, yra nuot\u0117kis, netolygus jud\u0117jimas arba suma\u017e\u0117j\u0119s na\u0161umas. Nor\u0117dami veiksmingai diagnozuoti ir i\u0161spr\u0119sti \u0161ias problemas, atsi\u017evelkite \u012f \u0161iuos patarimus:<\/p>\n<ul>\n<li>Patikrinkite, ar n\u0117ra matom\u0173 cilindro ir susijusi\u0173 komponent\u0173 nuot\u0117kio ar pa\u017eeidim\u0173 po\u017eymi\u0173.<\/li>\n<li>Patikrinkite hidraulin\u0119 sistem\u0105, ar n\u0117ra tinkamo sl\u0117gio ir skys\u010di\u0173 lygio.<\/li>\n<li>\u012esitikinkite, kad visos jungtys yra tvirtos ir saugios.<\/li>\n<li>Konkre\u010dias problemas ir rekomenduojamus sprendimus rasite gamintojo trik\u010di\u0173 \u0161alinimo vadove.<\/li>\n<li>\u012egyvendinkite prevencines priemones, kad suma\u017eintum\u0117te galimas problemas, tokias kaip reguliari prie\u017ei\u016bra ir patikrinimai.<\/li>\n<\/ul>\n<p><img decoding=\"async\" src=\"https:\/\/www.hydraulic-cylinders.net\/wp-content\/uploads\/2025\/01\/songte-bushings-with-all-kinds-of-excavator-models.webp\"><\/p>\n<h2>Apie m\u016bs\u0173 \u012fmon\u0119<\/h2>\n<p>Esame pirmaujantis pakaitini\u0173 hidraulini\u0173 cilindr\u0173 gamintojas ir didmeninis platintojas. Tur\u0117dami plat\u0173 gamini\u0173 asortiment\u0105, tapome vienu i\u0161 pirmaujan\u010di\u0173 hidraulini\u0173 cilindr\u0173 gamintoj\u0173 ir didmeninink\u0173 tiek vidaus, tiek tarptautin\u0117se rinkose. Savo puikiai \u012frengtose gamybos dirbtuv\u0117se laikom\u0117s meistri\u0161kumo princip\u0173 ir remiam\u0117s pramonin\u0117s gamybos valdymo strategijomis. Pasitelkdami techninius talentus, pa\u017eangi\u0105 gamybos \u012frang\u0105 ir profesionalias bandym\u0173 sistemas, nuolat tobuliname savo gamybos platform\u0105 ir gamini\u0173 kokyb\u0117s linij\u0105, u\u017etikrindami auk\u0161t\u0105 efektyvum\u0105, tikslum\u0105 ir kokyb\u0119, kad patenkintume \u012fvairius m\u016bs\u0173 klient\u0173 poreikius.<\/p>\n<p><img decoding=\"async\" src=\"https:\/\/hzpt.com\/wp-content\/uploads\/2024\/11\/songte-company-1.webp\"><\/p>\n<h3>\u012emon\u0117s akcentai:<\/h3>\n<ul>\n<li>Profesionalumas: Turime ekspert\u0173 komand\u0105, skirt\u0105 auk\u0161tos kokyb\u0117s hidraulini\u0173 cilindr\u0173 tiekimui.<\/li>\n<li>Tarptautiniai sertifikatai: M\u016bs\u0173 gaminiai atitinka grie\u017etus kokyb\u0117s standartus ir yra gav\u0119 tarptautinius sertifikatus.<\/li>\n<li>Individualaus pritaikymo paslaugos: teikiame individualius sprendimus, pritaikytus konkretiems klient\u0173 reikalavimams.<\/li>\n<li>Moderniausia gamybos \u012franga: M\u016bs\u0173 gamybos \u012frenginiai apr\u016bpinti pa\u017eangia \u012franga, u\u017etikrinan\u010dia efektyvi\u0105 gamyb\u0105.<\/li>\n<li>Aptarnavimas po pardavimo: Siekdami prailginti m\u016bs\u0173 gamini\u0173 tarnavimo laik\u0105, si\u016blome i\u0161samias aptarnavimo po pardavimo paslaugas, \u012fskaitant detali\u0173 keitim\u0105 ir remonto paslaugas.<\/li>\n<\/ul>\n<p><img decoding=\"async\" src=\"https:\/\/www.hydraulic-cylinders.net\/wp-content\/uploads\/2025\/01\/songte-company-3.webp\"><\/p>\n<p>Autorius: lyl<\/p>","protected":false},"excerpt":{"rendered":"<p>Bucket Cylinder For Caterpillar Wheel Excavator M3180 Introduction The bucket cylinder for Caterpillar wheel excavator M3180 is a specially designed hydraulic cylinder used to control the movement of the bucket in heavy machinery such as excavators, backhoe loaders, and front loaders. Its main function is to enable the bucket to lift, lower, and tilt, making [&hellip;]<\/p>","protected":false},"featured_media":14769,"comment_status":"open","ping_status":"closed","template":"","meta":{"_et_pb_use_builder":"","_et_pb_old_content":"","_et_gb_content_width":""},"product_brand":[],"product_cat":[1494],"product_tag":[1495,1496],"class_list":{"0":"post-15263","1":"product","2":"type-product","3":"status-publish","4":"has-post-thumbnail","6":"product_cat-bucket-cylinders","7":"product_tag-bucket-cylinders","8":"product_tag-hydraulic-cylinders","10":"first","11":"instock","12":"shipping-taxable","13":"product-type-simple"},"amp_enabled":true,"_links":{"self":[{"href":"https:\/\/www.hydraulic-cylinders.net\/lt\/wp-json\/wp\/v2\/product\/15263","targetHints":{"allow":["GET"]}}],"collection":[{"href":"https:\/\/www.hydraulic-cylinders.net\/lt\/wp-json\/wp\/v2\/product"}],"about":[{"href":"https:\/\/www.hydraulic-cylinders.net\/lt\/wp-json\/wp\/v2\/types\/product"}],"replies":[{"embeddable":true,"href":"https:\/\/www.hydraulic-cylinders.net\/lt\/wp-json\/wp\/v2\/comments?post=15263"}],"wp:featuredmedia":[{"embeddable":true,"href":"https:\/\/www.hydraulic-cylinders.net\/lt\/wp-json\/wp\/v2\/media\/14769"}],"wp:attachment":[{"href":"https:\/\/www.hydraulic-cylinders.net\/lt\/wp-json\/wp\/v2\/media?parent=15263"}],"wp:term":[{"taxonomy":"product_brand","embeddable":true,"href":"https:\/\/www.hydraulic-cylinders.net\/lt\/wp-json\/wp\/v2\/product_brand?post=15263"},{"taxonomy":"product_cat","embeddable":true,"href":"https:\/\/www.hydraulic-cylinders.net\/lt\/wp-json\/wp\/v2\/product_cat?post=15263"},{"taxonomy":"product_tag","embeddable":true,"href":"https:\/\/www.hydraulic-cylinders.net\/lt\/wp-json\/wp\/v2\/product_tag?post=15263"}],"curies":[{"name":"wp","href":"https:\/\/api.w.org\/{rel}","templated":true}]}}