{"id":15269,"date":"2025-01-19T14:19:04","date_gmt":"2025-01-19T14:19:04","guid":{"rendered":"https:\/\/www.hydraulic-cylinders.net\/product\/bucket-cylinder-for-doosan-small-excavator-dh150-7\/"},"modified":"2025-01-19T14:19:06","modified_gmt":"2025-01-19T14:19:06","slug":"bucket-cylinder-for-doosan-small-excavator-dh150-7","status":"publish","type":"product","link":"https:\/\/www.hydraulic-cylinders.net\/lt\/produktas\/bucket-cylinder-for-doosan-small-excavator-dh150-7\/","title":{"rendered":"Kau\u0161o cilindras Doosan ma\u017eam ekskavatoriui DH150-7"},"content":{"rendered":"<h1>Kau\u0161o cilindras Doosan ma\u017eam ekskavatoriui DH150-7<\/h1>\n<h2>\u012evadas<\/h2>\n<p>Kau\u0161o cilindras yra specialiai suprojektuotas hidraulinis cilindras, daugiausia naudojamas kau\u0161\u0173 jud\u0117jimui valdyti sunkiosiose ma\u0161inose, tokiose kaip ekskavatoriai, ekskavatoriai ir frontaliniai krautuvai. Pagrindin\u0117 jo funkcija \u2013 leisti kau\u0161ui pakilti, nuleisti ir pakreipti, kad b\u016bt\u0173 lengviau atlikti \u012fvairias med\u017eiag\u0173 tvarkymo u\u017eduotis. Hidraulin\u0117je sistemoje kau\u0161o cilindras kontroliuoja tiksl\u0173 kau\u0161o jud\u0117jim\u0105 keisdamas hidraulin\u0117s alyvos sl\u0117g\u012f, leisdamas operatoriams efektyviai valdyti sunkius krovinius ir prisitaikyti prie sud\u0117tingos darbo aplinkos bei \u012fvairi\u0173 darbo reikalavim\u0173.<\/p>\n<p><img decoding=\"async\" src=\"https:\/\/www.hydraulic-cylinders.net\/wp-content\/uploads\/2025\/01\/songte-company-2.webp\"><\/p>\n<h2>Savyb\u0117s<\/h2>\n<ul>\n<li>Didelis tvirtumas ir ilgaam\u017ei\u0161kumas: Paprastai pagamintas i\u0161 didelio stiprumo plieno arba aliuminio, jis gali atlaikyti didel\u012f sl\u0117g\u012f ir dideles apkrovas, prisitaikydamas prie at\u0161iauri\u0173 darbo s\u0105lyg\u0173. Jo konstrukcija atsi\u017evelgia \u012f atsparum\u0105 dilimui ir korozijai, taip pailgindama jo tarnavimo laik\u0105.<\/li>\n<li>Efektyvus hidraulinis veikimas: jis naudoja hidraulin\u0117s alyvos sl\u0117g\u012f, kad u\u017etikrint\u0173 skland\u0173 teleskopin\u012f veikim\u0105, greitai reaguot\u0173 \u012f valdymo komandas, u\u017etikrint\u0173 galing\u0105 traukos j\u0117g\u0105 ir b\u016bt\u0173 tinkamas sunkiems daiktams tvarkyti bei sud\u0117tingoms u\u017eduotims atlikti.<\/li>\n<li>\u012evair\u016bs tipai: pagal reikalavimus, kad b\u016bt\u0173 patenkinti skirtingi eksploatavimo poreikiai, galima pasirinkti vienpusio veikimo (hidraulinis mechanizmas naudojamas tik viena kryptimi) arba dvipusio veikimo (hidraulinis mechanizmas naudojamas abiem kryptimis) cilindrus. Kai kurie modeliai yra teleskopiniai, tod\u0117l juos galima labiau prailginti nedidinant i\u0161orini\u0173 matmen\u0173, tod\u0117l jie tinka naudoti ribotoje erdv\u0117je.<\/li>\n<li>Lengva montuoti: Galima lengvai montuoti ir tinka \u012fvairi\u0173 tip\u0173 ma\u0161inoms.<\/li>\n<li>Pritaikoma: Galima pritaikyti pagal individualius klient\u0173 poreikius, teikiant individualius sprendimus skirtingoms reikm\u0117ms.<\/li>\n<\/ul>\n<p><img decoding=\"async\" src=\"https:\/\/www.hydraulic-cylinders.net\/wp-content\/uploads\/2025\/01\/songte-cylinder-head-with-all-kinds-excavator-models.webp\"><\/p>\n<h2>Parai\u0161kos<\/h2>\n<p>Kau\u0161\u0173 cilindrai pla\u010diai naudojami \u012fvairiose pramon\u0117s \u0161akose, tokiose kaip statyba, \u017eem\u0117s \u016bkis ir kasyba.<\/p>\n<h3>Statybin\u0117 \u012franga<\/h3>\n<ul>\n<li>Ekskavatoriuose jie yra labai svarb\u016bs kasant, kraunant ir perkeliant dirvo\u017eem\u012f ar \u0161iuk\u0161les. <\/li>\n<li>Ekskavatoriuose kau\u0161o cilindrai padeda tiek kasti, tiek kelti.<\/li>\n<li>Priekiniuose krautuvuose jie padeda efektyviai pakelti ir i\u0161krauti krovin\u012f.<\/li>\n<\/ul>\n<h3>\u017dem\u0117s \u016bkio technika<\/h3>\n<ul>\n<li>Naudojamas priekiniuose krautuvuose dirvo\u017eemiui, \u0161ienui ir kitoms med\u017eiagoms semti, kelti ir transportuoti.<\/li>\n<\/ul>\n<h3>Kasybos ma\u0161inos<\/h3>\n<ul>\n<li>Ekskavatoriuose kau\u0161o cilindrai leid\u017eia atlikti kasimo darbus, leisdami kau\u0161ui prasiskverbti \u012f dirv\u0105.<\/li>\n<\/ul>\n<h2>Projektavimo aspektai ir atrankos kriterijai<\/h2>\n<ul>\n<li>Laikan\u010dioji galia: cilindro geb\u0117jimas atlaikyti apkrov\u0105 be deformacijos ar gedimo.<\/li>\n<li>Sandarinimas: Kad b\u016bt\u0173 u\u017etikrintas sklandus veikimas, naudokite \u012fvairius sandarinimo elementus, tokius kaip st\u016bmokli\u0173 sandarikliai, stryp\u0173 sandarikliai ir kt.<\/li>\n<li>Patvarumas: Cilindras turi atlaikyti at\u0161iaurias aplinkos s\u0105lygas ir dideles apkrovas ilg\u0105 laik\u0105.<\/li>\n<li>Sauga: Siekiant i\u0161vengti perkrov\u0173 ir u\u017etikrinti saug\u0173 veikim\u0105, tur\u0117t\u0173 b\u016bti \u012frengtos saugos priemon\u0117s, tokios kaip ribiniai jungikliai ir apsauginiai vo\u017etuvai.<\/li>\n<li>Prie\u017ei\u016bra: Cilindras turi b\u016bti suprojektuotas taip, kad j\u012f b\u016bt\u0173 lengva pri\u017ei\u016br\u0117ti ir remontuoti.<\/li>\n<\/ul>\n<p><img decoding=\"async\" src=\"https:\/\/www.hydraulic-cylinders.net\/wp-content\/uploads\/2025\/01\/songte-oil-pipes-and-spare-parts.webp\"><\/p>\n<h2>Sandarinimas ir tepimas<\/h2>\n<p>Siekiant u\u017etikrinti skland\u0173 veikim\u0105, naudojami \u012fvair\u016bs sandarinimo elementai, tokie kaip st\u016bmoklio sandarikliai, strypo sandarikliai ir kt. Sandarikliai pagaminti i\u0161 atspari\u0173 dilimui med\u017eiag\u0173, toki\u0173 kaip poliuretanas ir nitrilo kau\u010diukas. Cilindro korpusas ir sriegio galo pavir\u0161ius yra kruop\u0161\u010diai apdirbti, siekiant pagerinti atsparum\u0105 dilimui. Hidraulin\u0117 alyva tur\u0117t\u0173 b\u016bti reguliariai \u012fpilama, kad cilindras b\u016bt\u0173 sutepamas ir b\u016bt\u0173 u\u017etikrintas sklandus jo veikimas.<\/p>\n<h2>Reguliarios patikros ir prevencin\u0117s prie\u017ei\u016bros priemon\u0117s<\/h2>\n<ul>\n<li>Reguliarus patikrinimas: reguliariai tikrinkite cilindr\u0105, ar n\u0117ra susid\u0117v\u0117jimo ir pa\u017eeidim\u0173 po\u017eymi\u0173, toki\u0173 kaip \u012fbr\u0117\u017eimai, \u012flenkimai ir \u012ftr\u016bkimai.<\/li>\n<li>Tepimas: Tinkamas tepimas yra b\u016btinas, kad cilindras neb\u016bt\u0173 pa\u017eeistas d\u0117l nepakankamo tepimo.<\/li>\n<li>Sandariklio keitimas: Jei sandariklis pa\u017eeistas arba susid\u0117v\u0117j\u0119s, j\u012f reikia laiku pakeisti, kad b\u016bt\u0173 i\u0161vengta alyvos nutek\u0117jimo ir cilindro pa\u017eeidimo.<\/li>\n<li>Kalibravimo patikrinimas: kalibravim\u0105 reikia reguliariai tikrinti, siekiant u\u017etikrinti, kad cilindras veikt\u0173 pagal nurodytus parametrus.<\/li>\n<\/ul>\n<p>Tinkamas montavimas, tepimas ir reguliavimas yra svarb\u016bs tinkamam cilindro veikimui ir ilgam tarnavimo laikui. Montavimo metu svarbu tinkamai sulygiuoti cilindr\u0105 ir naudoti tinkamus montavimo laikiklius jam pritvirtinti. Pateikiamos rekomenduojamos patikrinimo, remonto ir keitimo proced\u016bros, skirtos pagerinti cilindro tarnavimo laik\u0105.<\/p>\n<p><img decoding=\"async\" src=\"https:\/\/www.hydraulic-cylinders.net\/wp-content\/uploads\/2025\/01\/songte-chushion-collar.webp\"><\/p>\n<h2>Saugos aspektai ir aplinkos veiksniai<\/h2>\n<p>Naudojant kau\u0161inius cilindrus, svarbu laikytis saugos priemoni\u0173, kad b\u016bt\u0173 i\u0161vengta nelaiming\u0173 atsitikim\u0173 ir su\u017ealojim\u0173. Tinkamas montavimas, reguliari prie\u017ei\u016bra ir patikra gali suma\u017einti cilindro gedimo rizik\u0105 ir u\u017etikrinti saug\u0173 eksploatavim\u0105. Renkantis ir naudojant kau\u0161inius cilindrus, taip pat reik\u0117t\u0173 atsi\u017evelgti \u012f tokius aplinkos veiksnius kaip temperat\u016bra, dr\u0117gm\u0117 ir chemini\u0173 med\u017eiag\u0173 poveikis.<\/p>\n<p><img decoding=\"async\" src=\"https:\/\/hzpt.com\/wp-content\/uploads\/2024\/11\/songte-company-1.webp\"><\/p>\n<h2>Da\u017enos problemos ir trik\u010di\u0173 \u0161alinimas<\/h2>\n<p>Da\u017eniausios kau\u0161o cilindr\u0173 problemos yra alyvos nuot\u0117kis, pa\u017eeisti sandarikliai ir susid\u0117v\u0117j\u0119 st\u016bmokliai bei strypai. Trik\u010di\u0173 \u0161alinimas gali pad\u0117ti nustatyti problemos prie\u017east\u012f ir pasi\u016blyti veiksmingus sprendimus. Reguliarus patikrinimas, prie\u017ei\u016bra ir remontas gali pad\u0117ti i\u0161vengti galim\u0173 problem\u0173.<\/p>\n<p><img decoding=\"async\" src=\"https:\/\/www.hydraulic-cylinders.net\/wp-content\/uploads\/2025\/01\/songte-bushings-with-all-kinds-of-excavator-models.webp\"><\/p>\n<h2>Apie m\u016bs\u0173 \u012fmon\u0119<\/h2>\n<p>Esame pirmaujantis hidraulini\u0173 cilindr\u0173 gamintojas ir didmeninis platintojas vidaus ir tarptautin\u0117se rinkose, si\u016blantis plat\u0173 gamini\u0173 asortiment\u0105. Vadovaujam\u0117s puikios kokyb\u0117s principu, remdamiesi tiksli\u0173j\u0173 gamybos dirbtuvi\u0173 pramonin\u0117s gamybos valdymo strategija, nuolat tobulindami dirbtuvi\u0173 gamybos platformas, gerindami gamini\u0173 kokyb\u0117s gamybos proces\u0105 ir tur\u0117dami stipr\u0173 k\u016brybin\u012f geb\u0117jim\u0105 patenkinti \u012fvairius m\u016bs\u0173 klient\u0173 poreikius, u\u017etikrindami auk\u0161t\u0105 efektyvum\u0105, tikslum\u0105 ir kokyb\u0119. Teikiame profesionalias, tarptautiniu mastu sertifikuotas, individualiai pritaikytas paslaugas, naudodami pa\u017eangi\u0105 gamybos \u012frang\u0105 ir profesionalias bandym\u0173 sistemas, taip pat tiekiame atsargines dalis ir remonto paslaugas, kad prailgintume cilindr\u0173 tarnavimo laik\u0105.<\/p>\n<p>Autorius: lyl<\/p>","protected":false},"excerpt":{"rendered":"<p>Bucket Cylinder For Doosan Small Excavator DH150-7 Introduction A bucket cylinder is a specially designed hydraulic cylinder that is primarily used to control the movement of buckets in heavy machinery such as excavators, backhoes, and front loaders. Its main function is to enable the bucket to lift, lower, and tilt, making it easier to handle [&hellip;]<\/p>","protected":false},"featured_media":14787,"comment_status":"open","ping_status":"closed","template":"","meta":{"_et_pb_use_builder":"","_et_pb_old_content":"","_et_gb_content_width":""},"product_brand":[],"product_cat":[1494],"product_tag":[1495,1496],"class_list":{"0":"post-15269","1":"product","2":"type-product","3":"status-publish","4":"has-post-thumbnail","6":"product_cat-bucket-cylinders","7":"product_tag-bucket-cylinders","8":"product_tag-hydraulic-cylinders","10":"first","11":"instock","12":"shipping-taxable","13":"product-type-simple"},"amp_enabled":true,"_links":{"self":[{"href":"https:\/\/www.hydraulic-cylinders.net\/lt\/wp-json\/wp\/v2\/product\/15269","targetHints":{"allow":["GET"]}}],"collection":[{"href":"https:\/\/www.hydraulic-cylinders.net\/lt\/wp-json\/wp\/v2\/product"}],"about":[{"href":"https:\/\/www.hydraulic-cylinders.net\/lt\/wp-json\/wp\/v2\/types\/product"}],"replies":[{"embeddable":true,"href":"https:\/\/www.hydraulic-cylinders.net\/lt\/wp-json\/wp\/v2\/comments?post=15269"}],"wp:featuredmedia":[{"embeddable":true,"href":"https:\/\/www.hydraulic-cylinders.net\/lt\/wp-json\/wp\/v2\/media\/14787"}],"wp:attachment":[{"href":"https:\/\/www.hydraulic-cylinders.net\/lt\/wp-json\/wp\/v2\/media?parent=15269"}],"wp:term":[{"taxonomy":"product_brand","embeddable":true,"href":"https:\/\/www.hydraulic-cylinders.net\/lt\/wp-json\/wp\/v2\/product_brand?post=15269"},{"taxonomy":"product_cat","embeddable":true,"href":"https:\/\/www.hydraulic-cylinders.net\/lt\/wp-json\/wp\/v2\/product_cat?post=15269"},{"taxonomy":"product_tag","embeddable":true,"href":"https:\/\/www.hydraulic-cylinders.net\/lt\/wp-json\/wp\/v2\/product_tag?post=15269"}],"curies":[{"name":"wp","href":"https:\/\/api.w.org\/{rel}","templated":true}]}}