{"id":15274,"date":"2025-01-19T14:19:27","date_gmt":"2025-01-19T14:19:27","guid":{"rendered":"https:\/\/www.hydraulic-cylinders.net\/product\/bucket-cylinder-for-doosan-small-excavator-dx120\/"},"modified":"2025-01-19T14:19:30","modified_gmt":"2025-01-19T14:19:30","slug":"bucket-cylinder-for-doosan-small-excavator-dx120","status":"publish","type":"product","link":"https:\/\/www.hydraulic-cylinders.net\/lt\/produktas\/bucket-cylinder-for-doosan-small-excavator-dx120\/","title":{"rendered":"Kau\u0161o cilindras Doosan ma\u017eam ekskavatoriui DX120"},"content":{"rendered":"<p><!DOCTYPE html><br \/>\n<html><br \/>\n<head><br \/>\n\t<title>Kau\u0161o cilindras Doosan ma\u017eam ekskavatoriui DX120<\/title><br \/>\n<\/head><br \/>\n<body><\/p>\n<h1>Kau\u0161o cilindras Doosan ma\u017eam ekskavatoriui DX120<\/h1>\n<h2>\u012evadas<\/h2>\n<p>Kau\u0161o cilindras yra specialiai sukurtas hidraulinis cilindras, naudojamas valdyti kau\u0161o jud\u0117jim\u0105 sunkiosiose ma\u0161inose, tokiose kaip ekskavatoriai, ekskavatoriniai krautuvai ir frontaliniai krautuvai. Pagrindin\u0117 jo funkcija \u2013 leisti kau\u0161ui pakilti, nuleisti ir pakreipti, kad b\u016bt\u0173 lengviau atlikti \u012fvairias med\u017eiag\u0173 tvarkymo u\u017eduotis. Hidraulin\u0117je sistemoje kau\u0161o cilindras tiksliai valdo kau\u0161\u0105, naudodamas hidraulin\u0117s alyvos sl\u0117gio poky\u010dius, tod\u0117l operatoriai gali efektyviai valdyti sunkius krovinius ir prisitaikyti prie sud\u0117tingos darbo aplinkos bei \u012fvairi\u0173 eksploatacini\u0173 poreiki\u0173.<\/p>\n<p>\t<img decoding=\"async\" src=\"https:\/\/www.hydraulic-cylinders.net\/wp-content\/uploads\/2025\/01\/songte-company-2.webp\" alt=\"Kau\u0161o cilindro pavyzd\u017eio vaizdas\"><\/p>\n<h2>Savyb\u0117s<\/h2>\n<ul>\n<li>High Strength and Durability: Typically made from high-strength steel or aluminum, capable of withstanding high pressure and heavy loads, adapting to harsh working environments, with considerations for wear resistance and corrosion resistance to extend the product&#8217;s lifespan.<\/li>\n<li>Efektyvus hidraulinis veikimas: naudojant hidraulin\u0117s alyvos sl\u0117g\u012f, u\u017etikrinami skland\u016bs i\u0161pl\u0117timo ir atitraukimo judesiai, gebama greitai reaguoti \u012f valdymo komandas, u\u017etikrinant galingas st\u016bmimo ir traukimo j\u0117gas, tinkamas sunkiems kroviniams valdyti ir sud\u0117tingoms eksploatavimo u\u017eduotims atlikti.<\/li>\n<li>\u012evair\u016bs tipai: Pagal reikalavimus galima pasirinkti vienpusio veikimo (hidraulin\u0117 j\u0117ga tik viena kryptimi) arba dvipusio veikimo (hidraulin\u0117 j\u0117ga abiem kryptimis) cilindrus, kai kurie modeliai yra teleskopiniai, leid\u017eiantys didesn\u012f i\u0161pl\u0117tim\u0105 nedidinant i\u0161orini\u0173 matmen\u0173, tinkantys naudoti ribotoje erdv\u0117je.<\/li>\n<li>Puikus pakeitimas: M\u016bs\u0173 cilindrai gali puikiai pakeisti esamus hidraulinius cilindrus ir yra patikima alternatyva.<\/li>\n<\/ul>\n<p>\t<img decoding=\"async\" src=\"https:\/\/www.hydraulic-cylinders.net\/wp-content\/uploads\/2025\/01\/songte-cylinder-head-with-all-kinds-excavator-models.webp\" alt=\"Produkto pavyzd\u017eio paveiksl\u0117lis\"><\/p>\n<h2>Parai\u0161kos<\/h2>\n<ul>\n<li>Statybin\u0117 technika: naudojama ekskavatoriuose, kur ji yra labai svarbi kasant, kraunant ir perkeliant grunt\u0105 ar \u0161iuk\u0161les. Ekskavatoriuose kau\u0161o cilindrai padeda tiek kasti, tiek kelti.<\/li>\n<li>\u017dem\u0117s \u016bkio technika: naudojama priekiniuose krautuvuose dirvo\u017eemiui, \u0161ienui ir kitoms med\u017eiagoms kasti, kelti ir transportuoti.<\/li>\n<li>Ekskavatoriai: Kau\u0161o cilindras leid\u017eia atlikti kasimo veiksmus, leisdamas kau\u0161ui \u012fsiskverbti \u012f dirv\u0105.<\/li>\n<li>Krautuvai: Priekiniuose krautuvuose jie padeda efektyviai kelti ir pakreipti prekes.<\/li>\n<\/ul>\n<h2>Projektavimo aspektai ir atrankos kriterijai<\/h2>\n<ul>\n<li>Bearing Capacity: Discussing the cylinder&#8217;s ability to withstand loads.<\/li>\n<li>Sandarinimas: atkreipiamas d\u0117mesys \u012f \u012fvairi\u0173 sandarinimo komponent\u0173, toki\u0173 kaip st\u016bmokli\u0173 ir kot\u0173 sandarikliai, pagamint\u0173 i\u0161 atspari\u0173 dilimui med\u017eiag\u0173, toki\u0173 kaip poliuretanas ir nitrilo kau\u010diukas, svarb\u0105, o cilindro korpusas ir srieginiai galai yra kruop\u0161\u010diai apdirbti, siekiant padidinti atsparum\u0105 dilimui.<\/li>\n<\/ul>\n<p>\t<img decoding=\"async\" src=\"https:\/\/www.hydraulic-cylinders.net\/wp-content\/uploads\/2025\/01\/songte-oil-pipes-and-spare-parts.webp\" alt=\"Dizaino pavyzd\u017eio vaizdas\"><\/p>\n<h2>Sandarinimas ir tepimas<\/h2>\n<p>Naudojami \u012fvair\u016bs sandarinimo komponentai, tokie kaip st\u016bmokli\u0173 ir kot\u0173 sandarikliai. \u0160ie sandarikliai pagaminti i\u0161 toki\u0173 med\u017eiag\u0173 kaip poliuretanas ir nitrilo kau\u010diukas, kad b\u016bt\u0173 u\u017etikrintas ilgaam\u017ei\u0161kumas. Cilindro korpusas ir srieginiai galai yra kruop\u0161\u010diai apdorojami, kad padid\u0117t\u0173 atsparumas dilimui. Norint palaikyti optimal\u0173 veikim\u0105, b\u016btina reguliariai tepti tinkamu hidraulin\u0117s alyvos kiekiu.<\/p>\n<h2>Prie\u017ei\u016bra ir prevencin\u0117s priemon\u0117s<\/h2>\n<ul>\n<li>Reguliar\u016bs patikrinimai: tikrinama, ar n\u0117ra nusid\u0117v\u0117jimo ar pa\u017eeidim\u0173 po\u017eymi\u0173.<\/li>\n<li>Tinkamas tepimas: u\u017etikrinkite, kad cilindras b\u016bt\u0173 tinkamai suteptas.<\/li>\n<li>Tarpikli\u0173 keitimas: Tarpikli\u0173 keitimas pagal poreik\u012f, siekiant i\u0161laikyti tinkam\u0105 sandarinimo funkcij\u0105.<\/li>\n<li>Calibration Checks: Verifying the cylinder&#8217;s calibration for accurate performance.<\/li>\n<\/ul>\n<p>\t<img decoding=\"async\" src=\"https:\/\/www.hydraulic-cylinders.net\/wp-content\/uploads\/2025\/01\/songte-chushion-collar.webp\" alt=\"Prie\u017ei\u016bros pavyzd\u017eio paveiksl\u0117lis\"><\/p>\n<h2>Saugos aspektai ir aplinkos veiksniai<\/h2>\n<p>Pabr\u0117\u017eiama saugos priemoni\u0173 svarba naudojant hidraulinius cilindrus ir j\u0173 poveikis aplinkai.<\/p>\n<h2>Trik\u010di\u0173 \u0161alinimas ir da\u017eniausiai pasitaikan\u010dios problemos<\/h2>\n<ul>\n<li>Gedim\u0173 diagnostika ir da\u017eniausiai pasitaikan\u010di\u0173 problem\u0173 sprendimas.<\/li>\n<\/ul>\n<p>\t<img decoding=\"async\" src=\"https:\/\/www.hydraulic-cylinders.net\/wp-content\/uploads\/2025\/01\/songte-bushings-with-all-kinds-of-excavator-models.webp\" alt=\"Trik\u010di\u0173 \u0161alinimo pavyzd\u017eio paveiksl\u0117lis\"><\/p>\n<h2>Prie\u017ei\u016bros patarimai ir sprendimai<\/h2>\n<p>Pateikiami patarimai ir sprendimai, kaip efektyviai diagnozuoti ir spr\u0119sti problemas, taip pat prevencin\u0117s priemon\u0117s, skirtos suma\u017einti galimas problemas.<\/p>\n<h2>Diegimo vadovas<\/h2>\n<p>Pateikiamos nuoseklios instrukcijos, kaip tinkamai sumontuoti kau\u0161o cilindr\u0105.<\/p>\n<h2>Reguliarios prie\u017ei\u016bros u\u017eduotys<\/h2>\n<ul>\n<li>Reguliar\u016bs patikrinimai<\/li>\n<li>Tinkamas tepimas<\/li>\n<li>Tarpikli\u0173 keitimas<\/li>\n<\/ul>\n<p>\t<img decoding=\"async\" src=\"https:\/\/www.hydraulic-cylinders.net\/wp-content\/uploads\/2025\/01\/songte-company-1.webp\" alt=\"Prie\u017ei\u016bros u\u017eduo\u010di\u0173 pavyzd\u017eio vaizdas\"><\/p>\n<h2>\u012emon\u0117s pristatymas<\/h2>\n<p>Esame pakaitini\u0173 hidraulini\u0173 cilindr\u0173 gamintojas, si\u016blantis plat\u0173 gamini\u0173 asortiment\u0105. Tapome vienu i\u0161 pirmaujan\u010di\u0173 hidraulini\u0173 cilindr\u0173 gamintoj\u0173 ir didmenini\u0173 platintoj\u0173 tiek vidaus, tiek tarptautin\u0117se rinkose. Siekdami meistri\u0161kumo, savo industrializuotos gamybos valdymo strategij\u0105 remiam\u0117s kvalifikuotais technikais, pa\u017eangia gamybos \u012franga ir profesionaliomis bandym\u0173 sistemomis. Nuolat tobuliname savo gamybos platform\u0105 ir gamini\u0173 kokyb\u0117s gamybos proces\u0105, teikdami savo klientams efektyvius, tikslius ir auk\u0161tos kokyb\u0117s sprendimus, atitinkan\u010dius j\u0173 \u012fvairius poreikius.<\/p>\n<p>\t<img decoding=\"async\" src=\"https:\/\/www.hydraulic-cylinders.net\/wp-content\/uploads\/2025\/01\/songte-company-3.webp\" alt=\"\u012emon\u0117s pavyzd\u017eio paveiksl\u0117lis\"><\/p>\n<h2>Apie m\u016bs\u0173 \u012fmon\u0119<\/h2>\n<ul>\n<li>Profesionalumas<\/li>\n<li>Tarptautiniai sertifikatai<\/li>\n<li>Pritaikymo paslaugos<\/li>\n<li>Gamybos \u012franga<\/li>\n<li>Aptarnavimas po pardavimo<\/li>\n<\/ul>\n<p>Autorius: lyl<\/p>\n<p><\/body><br \/>\n<\/html><\/p>","protected":false},"excerpt":{"rendered":"<p>Bucket Cylinder For Doosan Small Excavator DX120 Bucket Cylinder For Doosan Small Excavator DX120 Introduction The bucket cylinder is a specially designed hydraulic cylinder used to control the movement of the bucket in heavy machinery such as excavators, backhoe loaders, and front-end loaders. Its main function is to enable the bucket to lift, lower, and [&hellip;]<\/p>","protected":false},"featured_media":14778,"comment_status":"open","ping_status":"closed","template":"","meta":{"_et_pb_use_builder":"","_et_pb_old_content":"","_et_gb_content_width":""},"product_brand":[],"product_cat":[1494],"product_tag":[1495,1496],"class_list":{"0":"post-15274","1":"product","2":"type-product","3":"status-publish","4":"has-post-thumbnail","6":"product_cat-bucket-cylinders","7":"product_tag-bucket-cylinders","8":"product_tag-hydraulic-cylinders","10":"first","11":"instock","12":"shipping-taxable","13":"product-type-simple"},"amp_enabled":true,"_links":{"self":[{"href":"https:\/\/www.hydraulic-cylinders.net\/lt\/wp-json\/wp\/v2\/product\/15274","targetHints":{"allow":["GET"]}}],"collection":[{"href":"https:\/\/www.hydraulic-cylinders.net\/lt\/wp-json\/wp\/v2\/product"}],"about":[{"href":"https:\/\/www.hydraulic-cylinders.net\/lt\/wp-json\/wp\/v2\/types\/product"}],"replies":[{"embeddable":true,"href":"https:\/\/www.hydraulic-cylinders.net\/lt\/wp-json\/wp\/v2\/comments?post=15274"}],"wp:featuredmedia":[{"embeddable":true,"href":"https:\/\/www.hydraulic-cylinders.net\/lt\/wp-json\/wp\/v2\/media\/14778"}],"wp:attachment":[{"href":"https:\/\/www.hydraulic-cylinders.net\/lt\/wp-json\/wp\/v2\/media?parent=15274"}],"wp:term":[{"taxonomy":"product_brand","embeddable":true,"href":"https:\/\/www.hydraulic-cylinders.net\/lt\/wp-json\/wp\/v2\/product_brand?post=15274"},{"taxonomy":"product_cat","embeddable":true,"href":"https:\/\/www.hydraulic-cylinders.net\/lt\/wp-json\/wp\/v2\/product_cat?post=15274"},{"taxonomy":"product_tag","embeddable":true,"href":"https:\/\/www.hydraulic-cylinders.net\/lt\/wp-json\/wp\/v2\/product_tag?post=15274"}],"curies":[{"name":"wp","href":"https:\/\/api.w.org\/{rel}","templated":true}]}}