{"id":15276,"date":"2025-01-19T14:19:36","date_gmt":"2025-01-19T14:19:36","guid":{"rendered":"https:\/\/www.hydraulic-cylinders.net\/product\/bucket-cylinder-for-doosan-middle-excavator-dh220-3-5-7\/"},"modified":"2025-01-19T14:19:38","modified_gmt":"2025-01-19T14:19:38","slug":"bucket-cylinder-for-doosan-middle-excavator-dh220-3-5-7","status":"publish","type":"product","link":"https:\/\/www.hydraulic-cylinders.net\/lt\/produktas\/bucket-cylinder-for-doosan-middle-excavator-dh220-3-5-7\/","title":{"rendered":"Kau\u0161o cilindras \u201eDoosan Middle Excavator DH220-3-5-7\u201c"},"content":{"rendered":"<h1>Kau\u0161o cilindras \u201eDoosan Middle Excavator DH220-3-5-7\u201c<\/h1>\n<h2>\u012evadas<\/h2>\n<p>Kau\u0161o cilindras yra specialiai sukurtas hidraulinis cilindras, naudojamas valdyti kau\u0161o jud\u0117jim\u0105 sunkiosiose ma\u0161inose, tokiose kaip ekskavatoriai, ekskavatoriai ir frontaliniai krautuvai. Pagrindin\u0117 jo funkcija \u2013 leisti kau\u0161ui pakilti, nuleisti ir pakreipti, taip palengvinant \u012fvairi\u0173 med\u017eiag\u0173 tvarkymo u\u017eduo\u010di\u0173 atlikim\u0105. Hidraulin\u0117je sistemoje kau\u0161o cilindras tiksliai valdo kau\u0161\u0105 keisdamas hidraulin\u0117s alyvos sl\u0117g\u012f, tod\u0117l operatorius gali efektyviai valdyti sunkius krovinius ir prisitaikyti prie sud\u0117tingos darbo aplinkos bei \u012fvairi\u0173 darbo reikalavim\u0173.<\/p>\n<p><img decoding=\"async\" src=\"https:\/\/www.hydraulic-cylinders.net\/wp-content\/uploads\/2025\/01\/songte-company-2.webp\" alt=\"Kau\u0161o cilindro vaizdas\"><\/p>\n<h2>Savyb\u0117s<\/h2>\n<ul>\n<li>Didelis stiprumas ir ilgaam\u017ei\u0161kumas: Paprastai pagamintas i\u0161 didelio stiprumo plieno arba aliuminio, jis gali atlaikyti auk\u0161t\u0105 sl\u0117g\u012f ir dideles apkrovas, tinka at\u0161iaurioms darbo aplinkoms ir yra suprojektuotas atsi\u017evelgiant \u012f atsparum\u0105 dilimui ir korozijai, kad prailgint\u0173 tarnavimo laik\u0105. <\/li>\n<li>Efektyvus hidraulinis veikimas: Sklandus teleskopinis veikimas pasiekiamas naudojant hidraulin\u0117s alyvos sl\u0117g\u012f, greit\u0105 reagavim\u0105 \u012f valdymo komandas ir galingas st\u016bmimo bei traukimo j\u0117gas, tod\u0117l jis tinka sunkiems kroviniams ir sud\u0117tingoms u\u017eduotims atlikti. <\/li>\n<li>\u012evair\u016bs tipai: vienpusio veikimo (hidraulinis naudojamas tik viena kryptimi) arba dvipusio veikimo (hidraulinis naudojamas dviem kryptimis) cilindrus galima pasirinkti pagal poreik\u012f, kad b\u016bt\u0173 patenkinti skirtingi eksploatavimo reikalavimai. Kai kurie modeliai yra teleskopiniai, tod\u0117l juos galima labiau i\u0161tiesti nedidinant i\u0161orini\u0173 matmen\u0173, tod\u0117l jie tinka naudoti ribotoje erdv\u0117je. <\/li>\n<li>Puikiai pakei\u010diami: m\u016bs\u0173 gaminiai gali puikiai pakeisti \u0161iuos hidraulinius cilindrus.<\/li>\n<li>Galimas individualus dizainas ir gamyba.<\/li>\n<\/ul>\n<p><img decoding=\"async\" src=\"https:\/\/www.hydraulic-cylinders.net\/wp-content\/uploads\/2025\/01\/songte-cylinder-head-with-all-kinds-excavator-models.webp\" alt=\"Kau\u0161o cilindro pakeitimo paveiksl\u0117lis\"><\/p>\n<h2>Parai\u0161kos<\/h2>\n<p>Kau\u0161\u0173 cilindrai naudojami \u012fvairiose statybos ir \u017eem\u0117s \u016bkio ma\u0161inose bei \u012frangoje, \u012fskaitant:<\/p>\n<ul>\n<li>Ekskavatoriai: kau\u0161o cilindrai leid\u017eia kau\u0161ui \u012fsiskverbti \u012f dirv\u0105, kad b\u016bt\u0173 galima atlikti kasimo veiksmus. <\/li>\n<li>Priekiniai krautuvai: jie padeda efektyviai pakelti ir pakreipti krovinius.<\/li>\n<li>Ekskavatoriniai krautuvai: kau\u0161o cilindrai padeda atlikti tiek kasimo, tiek k\u0117limo darbus.<\/li>\n<li>\u017dem\u0117s \u016bkio technika: naudojama frontaliniams krautuvams, dirvo\u017eemio, \u0161ieno ir kit\u0173 med\u017eiag\u0173 rinkimui, k\u0117limui ir transportavimui.<\/li>\n<\/ul>\n<h2>Projektavimo aspektai ir atrankos kriterijai<\/h2>\n<p>Renkantis ir projektuojant cilindrus, reikia atsi\u017evelgti \u012f kelis veiksnius:<\/p>\n<ul>\n<li>Keliamoji galia: Cilindras turi b\u016bti pakankamai tvirtas, kad i\u0161laikyt\u0173 ma\u0161inos svor\u012f ir atlaikyt\u0173 dinamines apkrovas, atsirandan\u010dias eksploatacijos metu. <\/li>\n<li>Sandarinimas: Cilindras turi b\u016bti gerai u\u017esandarintas, kad b\u016bt\u0173 i\u0161vengta alyvos nutek\u0117jimo ir u\u017etikrintas efektyvus veikimas.<\/li>\n<li>Patvarumas: Cilindras turi b\u016bti patvarus ir atlaikyti at\u0161iaurias darbo aplinkos s\u0105lygas, kad prailgint\u0173 jo tarnavimo laik\u0105. <\/li>\n<li>Sauga: Cilindre turi b\u016bti saugos funkcijos, kurios u\u017ekerta keli\u0105 nelaimingiems atsitikimams ir apsaugo operatorius bei \u012frang\u0105. <\/li>\n<li>Prie\u017ei\u016bra: Cilindr\u0105 tur\u0117t\u0173 b\u016bti lengva pri\u017ei\u016br\u0117ti ir remontuoti, kad prastovos b\u016bt\u0173 kuo trumpesn\u0117s.<\/li>\n<\/ul>\n<p><img decoding=\"async\" src=\"https:\/\/www.hydraulic-cylinders.net\/wp-content\/uploads\/2025\/01\/songte-oil-pipes-and-spare-parts.webp\" alt=\"Kau\u0161o cilindro dali\u0173 vaizdas\"><\/p>\n<h2>Sandarinimas ir tepimas<\/h2>\n<p>Kau\u0161ini\u0173 cilindr\u0173 sandarikliams naudojami \u012fvair\u016bs sandarinimo komponentai, tokie kaip st\u016bmokli\u0173 ir kot\u0173 sandarikliai. Sandarikliai pagaminti i\u0161 atspari\u0173 dilimui med\u017eiag\u0173, toki\u0173 kaip poliuretanas ir nitrilo kau\u010diukas. Cilindro korpusas ir srieginiai galiniai pavir\u0161iai yra kruop\u0161\u010diai apdorojami, siekiant pagerinti atsparum\u0105 dilimui. Norint sutepti ir palaikyti tinkam\u0105 veikim\u0105, b\u016btina reguliariai \u012f cilindr\u0105 \u012fpilti tinkam\u0105 kiek\u012f hidraulin\u0117s alyvos.<\/p>\n<h2>Prie\u017ei\u016bra ir remontas<\/h2>\n<p>Norint u\u017etikrinti tinkam\u0105 kau\u0161o cilindr\u0173 veikim\u0105, b\u016btina reguliariai juos pri\u017ei\u016br\u0117ti. Reik\u0117t\u0173 atlikti \u0161ias u\u017eduotis:<\/p>\n<ul>\n<li>Reguliarus patikrinimas: patikrinkite, ar n\u0117ra pa\u017eeidim\u0173, susid\u0117v\u0117jimo ir alyvos nuot\u0117kio po\u017eymi\u0173.<\/li>\n<li>Tepimas: Kad judan\u010dios dalys tinkamai veikt\u0173, jas sutepkite tepalu.<\/li>\n<li>Tarpikli\u0173 keitimas: pakeiskite susid\u0117v\u0117jusius arba pa\u017eeistus tarpiklius, kad i\u0161vengtum\u0117te alyvos nuot\u0117kio ir palaikytum\u0117te tinkam\u0105 veikim\u0105.<\/li>\n<li>Kalibravimo patikrinimai: \u012esitikinkite, kad cilindras tinkamai sukalibruotas ir sureguliuotas, ir kad visi komponentai veikia tinkamai.<\/li>\n<\/ul>\n<p><img decoding=\"async\" src=\"https:\/\/www.hydraulic-cylinders.net\/wp-content\/uploads\/2025\/01\/songte-chushion-collar.webp\" alt=\"Kau\u0161o cilindro apykakl\u0117s vaizdas\"><\/p>\n<h2>Saugos ir aplinkosaugos aspektai<\/h2>\n<p>Naudojant kau\u0161inius cilindrus, reikia imtis saugos priemoni\u0173, kad b\u016bt\u0173 i\u0161vengta nelaiming\u0173 atsitikim\u0173. Operatoriai tur\u0117t\u0173 stengtis neperkrauti cilindro ir reguliariai j\u012f tikrinti, ar n\u0117ra susid\u0117v\u0117jimo ar pa\u017eeidim\u0173 po\u017eymi\u0173. Be to, svarbu tinkamai utilizuoti panaudot\u0105 hidraulin\u0119 alyv\u0105 ar kitas pavojingas med\u017eiagas.<\/p>\n<h2>Da\u017enos problemos ir trik\u010di\u0173 \u0161alinimas<\/h2>\n<p>Kai kurios da\u017enos problemos, galin\u010dios kilti su kau\u0161iniais cilindrais, yra alyvos nuot\u0117kis, sandarikli\u0173 pa\u017eeidimai ir netinkamas veikimas. Tokiais atvejais svarbu ap\u017ei\u016br\u0117ti cilindr\u0105, ar n\u0117ra susid\u0117v\u0117jimo ir pa\u017eeidim\u0173 po\u017eymi\u0173, ir prireikus pakeisti komponentus. Reguliarus techninis aptarnavimas ir ap\u017ei\u016bra gali pad\u0117ti i\u0161vengti \u0161i\u0173 problem\u0173.<\/p>\n<p><img decoding=\"async\" src=\"https:\/\/www.hydraulic-cylinders.net\/wp-content\/uploads\/2025\/01\/songte-bushings-with-all-kinds-of-excavator-models.webp\" alt=\"Kau\u0161o cilindro \u012fvor\u0117s vaizdas\"><\/p>\n<h2>Apie m\u016bs\u0173 \u012fmon\u0119<\/h2>\n<p>M\u016bs\u0173 \u012fmon\u0117 yra pakaitini\u0173 hidraulini\u0173 cilindr\u0173 gamintoja, si\u016blanti plat\u0173 gamini\u0173 asortiment\u0105 ir tapusi viena i\u0161 pirmaujan\u010di\u0173 hidraulini\u0173 cilindr\u0173 gamintoj\u0173 ir didmenini\u0173 platintoj\u0173 vidaus ir tarptautin\u0117se rinkose. Vadovaujam\u0117s puikios kokyb\u0117s principu, remiam\u0117s savo moderni\u0173 gamybos cech\u0173 industrializuota gamybos valdymo strategija, nuolat tobuliname cech\u0173 gamybos platform\u0105, tobuliname gamini\u0173 kokyb\u0117s gamybos b\u016bdus ir turime stipr\u0173 k\u016brybin\u012f geb\u0117jim\u0105 patenkinti \u012fvairius klient\u0173 poreikius, u\u017etikrinant auk\u0161t\u0105 efektyvum\u0105, tikslum\u0105 ir kokyb\u0119.<\/p>\n<h3>Profesionalumas<\/h3>\n<p>M\u016bs\u0173 profesionali komanda yra kompetentinga ir patyrusi, tod\u0117l klientams teikia auk\u0161\u010diausios kokyb\u0117s produktus ir paslaugas.<\/p>\n<h3>Tarptautinis sertifikavimas<\/h3>\n<p>M\u016bs\u0173 gaminiai yra sertifikuoti tarptautiniu mastu, tokiais kaip ISO9001 ir CE, o tai u\u017etikrina kokyb\u0119 ir patikimum\u0105.<\/p>\n<h3>Individualiai pritaikytos paslaugos<\/h3>\n<p>Teikiame individualiai pritaikytas paslaugas, kad patenkintume konkre\u010dius klient\u0173 reikalavimus, ir si\u016blome individualius sprendimus.<\/p>\n<h3>Pa\u017eangi gamybos \u012franga<\/h3>\n<p>Naudojame pa\u017eangi\u0105 gamybos \u012frang\u0105, kad u\u017etikrintume efektyvi\u0105 ir auk\u0161tos kokyb\u0117s gamyb\u0105 bei produkcijos gamyb\u0105.<\/p>\n<h3>Aptarnavimas po pardavimo<\/h3>\n<p>Mes teikiame puik\u0173 aptarnavim\u0105 po pardavimo ir palaikym\u0105, u\u017etikrindami klient\u0173 pasitenkinim\u0105 ir lojalum\u0105.<\/p>\n<p><img decoding=\"async\" src=\"https:\/\/hzpt.com\/wp-content\/uploads\/2024\/11\/songte-company-1.webp\" alt=\"\u012emon\u0117s \u012fvaizdis\"><\/p>\n<p>Autorius: lyl.<\/p>","protected":false},"excerpt":{"rendered":"<p>Bucket Cylinder For Doosan Middle Excavator DH220-3-5-7 Introduction The bucket cylinder is a specially designed hydraulic cylinder used to control the movement of the bucket in heavy machinery such as excavators, backhoes, and front loaders. Its main function is to allow the bucket to lift, lower, and tilt, making it easier to handle various material [&hellip;]<\/p>","protected":false},"featured_media":14773,"comment_status":"open","ping_status":"closed","template":"","meta":{"_et_pb_use_builder":"","_et_pb_old_content":"","_et_gb_content_width":""},"product_brand":[],"product_cat":[1494],"product_tag":[1495,1496],"class_list":{"0":"post-15276","1":"product","2":"type-product","3":"status-publish","4":"has-post-thumbnail","6":"product_cat-bucket-cylinders","7":"product_tag-bucket-cylinders","8":"product_tag-hydraulic-cylinders","10":"first","11":"instock","12":"shipping-taxable","13":"product-type-simple"},"amp_enabled":true,"_links":{"self":[{"href":"https:\/\/www.hydraulic-cylinders.net\/lt\/wp-json\/wp\/v2\/product\/15276","targetHints":{"allow":["GET"]}}],"collection":[{"href":"https:\/\/www.hydraulic-cylinders.net\/lt\/wp-json\/wp\/v2\/product"}],"about":[{"href":"https:\/\/www.hydraulic-cylinders.net\/lt\/wp-json\/wp\/v2\/types\/product"}],"replies":[{"embeddable":true,"href":"https:\/\/www.hydraulic-cylinders.net\/lt\/wp-json\/wp\/v2\/comments?post=15276"}],"wp:featuredmedia":[{"embeddable":true,"href":"https:\/\/www.hydraulic-cylinders.net\/lt\/wp-json\/wp\/v2\/media\/14773"}],"wp:attachment":[{"href":"https:\/\/www.hydraulic-cylinders.net\/lt\/wp-json\/wp\/v2\/media?parent=15276"}],"wp:term":[{"taxonomy":"product_brand","embeddable":true,"href":"https:\/\/www.hydraulic-cylinders.net\/lt\/wp-json\/wp\/v2\/product_brand?post=15276"},{"taxonomy":"product_cat","embeddable":true,"href":"https:\/\/www.hydraulic-cylinders.net\/lt\/wp-json\/wp\/v2\/product_cat?post=15276"},{"taxonomy":"product_tag","embeddable":true,"href":"https:\/\/www.hydraulic-cylinders.net\/lt\/wp-json\/wp\/v2\/product_tag?post=15276"}],"curies":[{"name":"wp","href":"https:\/\/api.w.org\/{rel}","templated":true}]}}