{"id":15277,"date":"2025-01-19T14:19:39","date_gmt":"2025-01-19T14:19:39","guid":{"rendered":"https:\/\/www.hydraulic-cylinders.net\/product\/bucket-cylinder-for-doosan-middle-excavator-dh215-9e\/"},"modified":"2025-01-19T14:19:41","modified_gmt":"2025-01-19T14:19:41","slug":"bucket-cylinder-for-doosan-middle-excavator-dh215-9e","status":"publish","type":"product","link":"https:\/\/www.hydraulic-cylinders.net\/lt\/produktas\/bucket-cylinder-for-doosan-middle-excavator-dh215-9e\/","title":{"rendered":"Kau\u0161o cilindras \u201eDoosan Middle Excavator DH215-9E\u201c"},"content":{"rendered":"<h1>Kau\u0161o cilindras \u201eDoosan Middle Excavator DH215-9E\u201c<\/h1>\n<h2>\u012evadas<\/h2>\n<p>Kau\u0161o cilindras yra specialiai sukurtas hidraulinis cilindras, naudojamas kau\u0161o jud\u0117jimui valdyti sunkiosiose ma\u0161inose, tokiose kaip ekskavatoriai, ekskavatoriniai krautuvai ir frontaliniai krautuvai. Pagrindin\u0117 jo funkcija \u2013 leisti pakelti, nuleisti ir pakreipti kau\u0161\u0105, kad b\u016bt\u0173 lengviau atlikti \u012fvairias med\u017eiag\u0173 tvarkymo u\u017eduotis. Hidraulin\u0117je sistemoje kau\u0161o cilindras naudoja hidraulin\u0117s alyvos sl\u0117gio poky\u010dius, kad tiksliai valdyt\u0173 kau\u0161\u0105, o tai leid\u017eia operatoriams efektyviai valdyti sunkius krovinius ir prisitaikyti prie sud\u0117tingos darbo aplinkos bei \u012fvairi\u0173 darbo reikalavim\u0173.<\/p>\n<p><img decoding=\"async\" src=\"https:\/\/www.hydraulic-cylinders.net\/wp-content\/uploads\/2025\/01\/songte-company-2.webp\" alt=\"Kau\u0161o cilindro vaizdas\"><\/p>\n<h2>Savyb\u0117s<\/h2>\n<ul>\n<li>Didelis tvirtumas ir ilgaam\u017ei\u0161kumas: Paprastai i\u0161 didelio stiprumo plieno arba aliuminio pagamintas kau\u0161o cilindras gali atlaikyti didel\u012f sl\u0117g\u012f ir dideles apkrovas, prisitaikydamas prie at\u0161iauri\u0173 darbo s\u0105lyg\u0173. Jo konstrukcija skirta atsparumui dilimui ir korozijai prailginti jo tarnavimo laik\u0105.<\/li>\n<li>Efektyvus hidraulinis veikimas: Naudodamas hidraulin\u0117s alyvos sl\u0117g\u012f, kau\u0161o cilindras skland\u017eiai i\u0161tiesia ir atitraukia kau\u0161\u0105, tod\u0117l greitai reaguoja \u012f valdymo komandas ir u\u017etikrina galingas st\u016bmimo bei traukimo j\u0117gas, tinkamas sunkiems kroviniams ir sud\u0117tingoms u\u017eduotims atlikti.<\/li>\n<li>\u012evair\u016bs tipai: Kau\u0161\u0173 cilindrai gali b\u016bti vienpusio veikimo (hidrauliniai tik viena kryptimi) arba dvipusio veikimo (hidrauliniai abiem kryptimis), kad atitikt\u0173 skirtingus eksploatacinius poreikius. Kai kurie modeliai yra teleskopiniai, tod\u0117l juos galima labiau prailginti nedidinant i\u0161orini\u0173 matmen\u0173, tod\u0117l jie tinka naudoti ribotoje erdv\u0117je.<\/li>\n<li>Puikus pakeitimas: m\u016bs\u0173 kau\u0161o cilindras gali skland\u017eiai pakeisti \u0161iuos hidraulinius cilindrus.<\/li>\n<\/ul>\n<p><img decoding=\"async\" src=\"https:\/\/www.hydraulic-cylinders.net\/wp-content\/uploads\/2025\/01\/songte-cylinder-head-with-all-kinds-excavator-models.webp\" alt=\"Cilindro galvut\u0117s vaizdas\"><\/p>\n<h2>Parai\u0161kos<\/h2>\n<p>Kau\u0161o cilindras naudojamas \u012fvairioje \u012frangoje:<\/p>\n<ul>\n<li>Statybin\u0117 \u012franga: ji randama ekskavatoriuose ir yra labai svarbi kasant, kraunant ir perkeliant grunt\u0105 ar \u0161iuk\u0161les. Ekskavatoriuose kau\u0161o cilindras padeda ir kasti, ir kelti.<\/li>\n<li>\u017dem\u0117s \u016bkio technika: naudojama priekiniuose krautuvuose dirvo\u017eemiui, \u0161ienui ir kitoms med\u017eiagoms kasti, kelti ir transportuoti.<\/li>\n<li>Ekskavatoriai: Kau\u0161o cilindras leid\u017eia kasti, leisdamas kau\u0161ui \u012fsiskverbti \u012f dirv\u0105.<\/li>\n<li>Krautuvai: Priekiniuose krautuvuose jie padeda efektyviai pakelti ir i\u0161krauti prekes.<\/li>\n<\/ul>\n<h2>Projektavimo aspektai ir atrankos kriterijai<\/h2>\n<p>Projektuojant cilindrinius vamzdelius, atsi\u017evelgiama \u012f kelis veiksnius:<\/p>\n<ul>\n<li>Guoli\u0173 geba: Cilindras turi atlaikyti numatomas apkrovas ir sl\u0117g\u012f.<\/li>\n<li>Sandarinimas: Naudojami \u012fvair\u016bs sandarikliai, pavyzd\u017eiui, st\u016bmokli\u0173 ir kot\u0173 sandarikliai, pagaminti i\u0161 atspari\u0173 dilimui med\u017eiag\u0173, toki\u0173 kaip poliuretanas ir nitrilo kau\u010diukas. Cilindro korpusas ir srieginiai galai kruop\u0161\u010diai apdorojami, kad padid\u0117t\u0173 atsparumas dilimui.<\/li>\n<li>Patvarumas: Kau\u0161o cilindras suprojektuotas taip, kad u\u017etikrint\u0173 ilgaam\u017ei\u0161kum\u0105 net ir sud\u0117tingomis s\u0105lygomis.<\/li>\n<li>Saugumas: \u012erengtos saugos funkcijos, skirtos i\u0161vengti nelaiming\u0173 atsitikim\u0173 ir u\u017etikrinti operatoriaus gerov\u0119.<\/li>\n<li>Prie\u017ei\u016bra: Atsi\u017evelgiama \u012f prie\u017ei\u016bros ir remonto paprastum\u0105.<\/li>\n<\/ul>\n<p><img decoding=\"async\" src=\"https:\/\/www.hydraulic-cylinders.net\/wp-content\/uploads\/2025\/01\/songte-oil-pipes-and-spare-parts.webp\" alt=\"Naftos vamzd\u017ei\u0173 vaizdas\"><\/p>\n<h2>Sandarinimas ir tepimas<\/h2>\n<p>Kau\u0161o cilindre naudojami \u012fvair\u016bs sandarikliai, tokie kaip st\u016bmoklio ir koto sandarikliai. \u0160ie sandarikliai pagaminti i\u0161 atspari\u0173 dilimui med\u017eiag\u0173, toki\u0173 kaip poliuretanas ir nitrilo kau\u010diukas. Cilindro korpusas ir srieginiai galai yra kruop\u0161\u010diai apdoroti, siekiant pagerinti atsparum\u0105 dilimui. Norint u\u017etikrinti skland\u0173 veikim\u0105, b\u016btina reguliariai tepti atitinkamu hidraulin\u0117s alyvos kiekiu.<\/p>\n<h2>Reguliarus patikrinimas ir prevencin\u0117 prie\u017ei\u016bra<\/h2>\n<p>Norint i\u0161laikyti optimal\u0173 kau\u0161o cilindro na\u0161um\u0105, rekomenduojama reguliariai j\u012f ap\u017ei\u016br\u0117ti ir atlikti profilaktin\u0119 prie\u017ei\u016br\u0105:<\/p>\n<ul>\n<li>Patikrinkite, ar n\u0117ra susid\u0117v\u0117jimo, nuot\u0117kio ar pa\u017eeidimo po\u017eymi\u0173.<\/li>\n<li>U\u017etikrinkite tinkam\u0105 tepim\u0105.<\/li>\n<li>Reguliariai keiskite sandariklius, kad i\u0161laikytum\u0117te j\u0173 efektyvum\u0105.<\/li>\n<li>Atlikite kalibravimo patikrinimus, kad u\u017etikrintum\u0117te tiksl\u0173 veikim\u0105.<\/li>\n<\/ul>\n<p><img decoding=\"async\" src=\"https:\/\/www.hydraulic-cylinders.net\/wp-content\/uploads\/2025\/01\/songte-chushion-collar.webp\" alt=\"Chushion apykakl\u0117s vaizdas\"><\/p>\n<h2>Saugos aspektai ir aplinkos veiksniai<\/h2>\n<p>Naudojant kau\u0161o cilindr\u0105, labai svarbu laikytis saugos priemoni\u0173, kad b\u016bt\u0173 i\u0161vengta nelaiming\u0173 atsitikim\u0173. Saugos priemon\u0117s turi b\u016bti tinkamai \u012frengtos ir pri\u017ei\u016brimos. Taip pat reik\u0117t\u0173 atsi\u017evelgti \u012f aplinkos veiksnius, tokius kaip temperat\u016bra ir dr\u0117gm\u0117, siekiant u\u017etikrinti optimal\u0173 na\u0161um\u0105.<\/p>\n<h2>Gedim\u0173 diagnostika ir da\u017eniausios problemos<\/h2>\n<p>Da\u017eniausios problemos, kurios gali kilti d\u0117l kau\u0161o cilindro, yra nuot\u0117kiai, nepakankamas sl\u0117gis ir ne\u012fprastas triuk\u0161mas. Nor\u0117dami i\u0161spr\u0119sti \u0161ias problemas:<\/p>\n<ul>\n<li>Patikrinkite, ar n\u0117ra matom\u0173 nuot\u0117ki\u0173, ir nedelsdami juos pa\u0161alinkite.<\/li>\n<li>\u012esitikinkite, kad hidraulin\u0117je sistemoje yra pakankamas sl\u0117gis.<\/li>\n<li>I\u0161tirkite ir pa\u0161alinkite bet kok\u012f ne\u012fprast\u0105 triuk\u0161m\u0105 ap\u017ei\u016br\u0117dami cilindr\u0105 ir jo komponentus.<\/li>\n<\/ul>\n<p><img decoding=\"async\" src=\"https:\/\/www.hydraulic-cylinders.net\/wp-content\/uploads\/2025\/01\/songte-bushings-with-all-kinds-of-excavator-models.webp\" alt=\"\u012evori\u0173 vaizdas\"><\/p>\n<p>Reguliarios prie\u017ei\u016bros u\u017eduotys, tokios kaip tinkamas montavimas, tinkamas tepimas ir kalibravimo patikrinimai, yra b\u016btinos siekiant u\u017etikrinti kau\u0161o cilindro ilgaam\u017ei\u0161kum\u0105 ir optimal\u0173 veikim\u0105. Labai svarbu pateikti rekomendacijas d\u0117l tinkamo suderinimo montavimo metu ir rekomenduoti naudoti tinkamus tvirtinimo laikiklius cilindrui pritvirtinti. Reik\u0117t\u0173 laikytis rekomenduojam\u0173 patikrinimo, remonto ir keitimo proced\u016br\u0173, taip pat patarim\u0173, kaip pailginti kau\u0161o cilindro tarnavimo laik\u0105.<\/p>\n<h2>Apie m\u016bs\u0173 \u012fmon\u0119<\/h2>\n<p>Esame pirmaujantis hidraulini\u0173 cilindr\u0173 gamintojas ir didmeninis platintojas vidaus ir tarptautin\u0117se rinkose. Platus gamini\u0173 asortimentas ir \u012fsipareigojimas siekti meistri\u0161kumo daro mus vienu i\u0161 pirmaujan\u010di\u0173 hidraulini\u0173 cilindr\u0173 gamintoj\u0173 pramon\u0117je. Laikom\u0117s auk\u0161\u010diausios kokyb\u0117s princip\u0173 ir savo puikiai \u012frengtose gamybos dirbtuv\u0117se taikome pramonin\u0117s gamybos valdymo strategijas. Tur\u0117dami technini\u0173 \u017eini\u0173, moderniausi\u0105 gamybos \u012frang\u0105 ir profesionalias bandym\u0173 sistemas, nuolat tobuliname savo gamybos platform\u0105, geriname gamini\u0173 kokyb\u0119 ir turime dideles galimybes patenkinti \u012fvairius klient\u0173 reikalavimus, susijusius su efektyvumu, tikslumu ir auk\u0161tais kokyb\u0117s standartais.<\/p>\n<p><img decoding=\"async\" src=\"https:\/\/www.hydraulic-cylinders.net\/wp-content\/uploads\/2025\/01\/songte-company-3.webp\" alt=\"\u012emon\u0117s \u012fvaizdis\"><\/p>\n<p>Be profesionalumo, tarptautini\u0173 sertifikat\u0173 ir individuali\u0173 paslaug\u0173, m\u016bs\u0173 \u012fmon\u0117 gali pasigirti pa\u017eangia gamybos \u012franga ir puikiu aptarnavimu po pardavimo.<\/p>\n<p><img decoding=\"async\" src=\"https:\/\/hzpt.com\/wp-content\/uploads\/2024\/11\/songte-company-1.webp\" alt=\"\u012emon\u0117s \u012fvaizdis\"><\/p>\n<p>Autorius: lyl<\/p>","protected":false},"excerpt":{"rendered":"<p>Bucket Cylinder For Doosan Middle Excavator DH215-9E Introduction A bucket cylinder is a specially designed hydraulic cylinder used to control the movement of the bucket in heavy machinery such as excavators, backhoe loaders, and front-end loaders. Its main function is to enable the lifting, lowering, and tilting of the bucket, making it easier to handle [&hellip;]<\/p>","protected":false},"featured_media":14771,"comment_status":"open","ping_status":"closed","template":"","meta":{"_et_pb_use_builder":"","_et_pb_old_content":"","_et_gb_content_width":""},"product_brand":[],"product_cat":[1494],"product_tag":[1495,1496],"class_list":{"0":"post-15277","1":"product","2":"type-product","3":"status-publish","4":"has-post-thumbnail","6":"product_cat-bucket-cylinders","7":"product_tag-bucket-cylinders","8":"product_tag-hydraulic-cylinders","10":"first","11":"instock","12":"shipping-taxable","13":"product-type-simple"},"amp_enabled":true,"_links":{"self":[{"href":"https:\/\/www.hydraulic-cylinders.net\/lt\/wp-json\/wp\/v2\/product\/15277","targetHints":{"allow":["GET"]}}],"collection":[{"href":"https:\/\/www.hydraulic-cylinders.net\/lt\/wp-json\/wp\/v2\/product"}],"about":[{"href":"https:\/\/www.hydraulic-cylinders.net\/lt\/wp-json\/wp\/v2\/types\/product"}],"replies":[{"embeddable":true,"href":"https:\/\/www.hydraulic-cylinders.net\/lt\/wp-json\/wp\/v2\/comments?post=15277"}],"wp:featuredmedia":[{"embeddable":true,"href":"https:\/\/www.hydraulic-cylinders.net\/lt\/wp-json\/wp\/v2\/media\/14771"}],"wp:attachment":[{"href":"https:\/\/www.hydraulic-cylinders.net\/lt\/wp-json\/wp\/v2\/media?parent=15277"}],"wp:term":[{"taxonomy":"product_brand","embeddable":true,"href":"https:\/\/www.hydraulic-cylinders.net\/lt\/wp-json\/wp\/v2\/product_brand?post=15277"},{"taxonomy":"product_cat","embeddable":true,"href":"https:\/\/www.hydraulic-cylinders.net\/lt\/wp-json\/wp\/v2\/product_cat?post=15277"},{"taxonomy":"product_tag","embeddable":true,"href":"https:\/\/www.hydraulic-cylinders.net\/lt\/wp-json\/wp\/v2\/product_tag?post=15277"}],"curies":[{"name":"wp","href":"https:\/\/api.w.org\/{rel}","templated":true}]}}