{"id":15279,"date":"2025-01-19T14:19:47","date_gmt":"2025-01-19T14:19:47","guid":{"rendered":"https:\/\/www.hydraulic-cylinders.net\/product\/bucket-cylinder-for-doosan-middle-excavator-dh280-3\/"},"modified":"2025-01-19T14:19:49","modified_gmt":"2025-01-19T14:19:49","slug":"bucket-cylinder-for-doosan-middle-excavator-dh280-3","status":"publish","type":"product","link":"https:\/\/www.hydraulic-cylinders.net\/lt\/produktas\/bucket-cylinder-for-doosan-middle-excavator-dh280-3\/","title":{"rendered":"Kau\u0161o cilindras \u201eDoosan Middle Excavator DH280-3\u201c"},"content":{"rendered":"<h1>Kau\u0161o cilindras \u201eDoosan Middle Excavator DH280-3\u201c<\/h1>\n<h2>\u012evadas<\/h2>\n<p>\u201eDoosan\u201c vidutinio profilio ekskavatoriaus DH280-3 kau\u0161o cilindras yra specialiai sukurtas hidraulinis cilindras, valdantis kau\u0161o jud\u0117jim\u0105 sunkiosiose ma\u0161inose, tokiose kaip ekskavatoriai, ekskavatoriniai krautuvai ir frontaliniai krautuvai. Pagrindin\u0117 jo funkcija \u2013 leisti kau\u0161ui pakilti, nuleisti ir pakreipti, kad b\u016bt\u0173 lengviau atlikti \u012fvairias med\u017eiag\u0173 tvarkymo u\u017eduotis. Hidraulin\u0117je sistemoje kau\u0161o cilindras tiksliai valdo kau\u0161\u0105 keisdamas hidraulin\u0117s alyvos sl\u0117g\u012f, tod\u0117l operatorius gali efektyviai valdyti sunkius krovinius ir prisitaikyti prie sud\u0117tingos darbo aplinkos bei \u012fvairi\u0173 darbo reikalavim\u0173.<\/p>\n<p><img decoding=\"async\" src=\"https:\/\/www.hydraulic-cylinders.net\/wp-content\/uploads\/2025\/01\/songte-company-2.webp\"><\/p>\n<h2>Savyb\u0117s<\/h2>\n<ul>\n<li>\n<h3>Didelis stiprumas ir ilgaam\u017ei\u0161kumas<\/h3>\n<p>Kau\u0161o cilindras paprastai gaminamas i\u0161 didelio stiprumo plieno arba aliuminio ir gali atlaikyti auk\u0161t\u0105 sl\u0117g\u012f bei dideles apkrovas, prisitaikydamas prie at\u0161iauri\u0173 darbo s\u0105lyg\u0173. Projektuojant taip pat atsi\u017evelgiama \u012f atsparum\u0105 dilimui ir korozijai, taip prailginant tarnavimo laik\u0105.<\/p>\n<\/li>\n<li>\n<h3>Efektyvus hidraulinis valdymas<\/h3>\n<p>Kau\u0161o cilindras naudoja hidraulin\u0117s alyvos sl\u0117g\u012f, kad u\u017etikrint\u0173 skland\u0173 i\u0161pl\u0117tim\u0105 ir susitraukim\u0105, gali greitai reaguoti \u012f valdymo komandas, u\u017etikrinti galing\u0105 st\u016bmimo ir traukimo j\u0117g\u0105 ir tinka sunkiems kroviniams bei sud\u0117tingoms darbo u\u017eduotims atlikti.<\/p>\n<\/li>\n<li>\n<h3>\u012evair\u016bs tipai<\/h3>\n<p>Kau\u0161o cilindras gali b\u016bti vieno veikimo (hidraulinis naudojamas tik viena kryptimi) arba dvigubo veikimo (hidraulinis naudojamas abiem kryptimis) cilindrai, atsi\u017evelgiant \u012f poreikius ir skirtingus eksploatacinius reikalavimus. Kai kurie modeliai yra teleskopiniai, tod\u0117l juos galima labiau prailginti nedidinant i\u0161orini\u0173 matmen\u0173, tod\u0117l jie tinka naudoti ribotoje erdv\u0117je.<\/p>\n<\/li>\n<li>\n<h3>Puikus pakeitimas<\/h3>\n<p>M\u016bs\u0173 gaminiai gali puikiai pakeisti \u0161iuos hidraulinius cilindrus ir yra prieinami \u012fvairiuose ekskavatori\u0173 modeliuose.<\/p>\n<\/li>\n<\/ul>\n<p><img decoding=\"async\" src=\"https:\/\/www.hydraulic-cylinders.net\/wp-content\/uploads\/2025\/01\/songte-cylinder-head-with-all-kinds-excavator-models.webp\"><\/p>\n<h2>Parai\u0161kos<\/h2>\n<p>Kau\u0161o cilindras turi \u012fvairi\u0173 pritaikym\u0173 \u012fvairi\u0173 tip\u0173 sunkiosiose ma\u0161inose, tokiose kaip:<\/p>\n<ul>\n<li>\n<h3>Statybin\u0117 \u012franga<\/h3>\n<p>Ekskavatoriuose jie yra b\u016btini kasant, kraunant ir perkeliant \u017eem\u0119 ar \u0161iuk\u0161les. Ekskavatoriuose-krautuvuose kau\u0161o cilindras padeda tiek kasti, tiek kelti.<\/p>\n<\/li>\n<li>\n<h3>\u017dem\u0117s \u016bkio technika<\/h3>\n<p>Naudojamas frontaliniuose krautuvams, skirtiems dirvo\u017eemiui, \u0161ienui ir kitoms med\u017eiagoms pakelti, surinkti ir transportuoti. Ekskavatoriuose kau\u0161o cilindras i\u0161kasa, leisdamas kau\u0161ui \u012fsiskverbti \u012f dirv\u0105. Frontaliniuose krautuvuose jie padeda efektyviai pakelti ir pakreipti prekes.<\/p>\n<\/li>\n<\/ul>\n<h2>Projektavimo aspektai ir atrankos standartai<\/h2>\n<ul>\n<li>\n<h3>Guoli\u0173 talpa<\/h3>\n<p>Kau\u0161o cilindras turi tur\u0117ti pakankam\u0105 laikom\u0105j\u0105 gali\u0105, kad b\u016bt\u0173 u\u017etikrintas stabilus veikimas esant didel\u0117ms apkrovoms.<\/p>\n<\/li>\n<li>\n<h3>Sandarinimas<\/h3>\n<p>Kau\u0161o cilindras turi tur\u0117ti puik\u0173 sandarum\u0105, kad b\u016bt\u0173 i\u0161vengta hidraulin\u0117s alyvos nutek\u0117jimo, kuris gali pa\u017eeisti kitas dalis ir suma\u017einti darbo efektyvum\u0105.<\/p>\n<\/li>\n<li>\n<h3>Patvarumas<\/h3>\n<p>Kau\u0161o cilindras turi b\u016bti patvarus ir tinkamas naudoti esant at\u0161iaurioms aplinkos s\u0105lygoms.<\/p>\n<\/li>\n<li>\n<h3>Saugumas<\/h3>\n<p>Kau\u0161o cilindro konstrukcija tur\u0117t\u0173 atsi\u017evelgti \u012f operatoriaus ir kit\u0173 darbuotoj\u0173 saugum\u0105 bei u\u017ekirsti keli\u0105 nelaimingiems atsitikimams eksploatacijos metu.<\/p>\n<\/li>\n<li>\n<h3>Prie\u017ei\u016bra<\/h3>\n<p>Kau\u0161o cilindr\u0105 tur\u0117t\u0173 b\u016bti lengva pri\u017ei\u016br\u0117ti ir prireikus remontuoti.<\/p>\n<\/li>\n<\/ul>\n<p><img decoding=\"async\" src=\"https:\/\/www.hydraulic-cylinders.net\/wp-content\/uploads\/2025\/01\/songte-oil-pipes-and-spare-parts.webp\"><\/p>\n<h2>Sandarinimas ir tepimas<\/h2>\n<p>Kau\u0161o cilindre naudojami \u012fvair\u016bs sandarikliai, tokie kaip st\u016bmoklio ir koto sandarikliai, pagaminti i\u0161 atspari\u0173 dilimui med\u017eiag\u0173, toki\u0173 kaip poliuretanas ir nitrilo kau\u010diukas, siekiant u\u017etikrinti puik\u0173 sandarum\u0105. Cilindro korpusas ir srieginis galas yra kruop\u0161\u010diai apdorojami, siekiant pagerinti atsparum\u0105 dilimui. B\u016btina reguliariai \u012fpilti tinkam\u0105 kiek\u012f hidraulin\u0117s alyvos tepimui.<\/p>\n<p><img decoding=\"async\" src=\"https:\/\/www.hydraulic-cylinders.net\/wp-content\/uploads\/2025\/01\/songte-chushion-collar.webp\"><\/p>\n<h2>Prie\u017ei\u016bra ir remontas<\/h2>\n<ul>\n<li>\n<h3>Reguliar\u016bs patikrinimai<\/h3>\n<p>Norint palaikyti cilindro ger\u0105 b\u016bkl\u0119, b\u016btina reguliariai atlikti patikrinimus.<\/p>\n<\/li>\n<li>\n<h3>Tepimas<\/h3>\n<p>Tinkamas tepimas u\u017etikrina skland\u0173 veikim\u0105 ir pailgina kau\u0161o cilindro tarnavimo laik\u0105.<\/p>\n<\/li>\n<li>\n<h3>Sandariklio keitimas ir kalibravimo patikra<\/h3>\n<p>Reguliariai kei\u010diant sandariklius ir kalibruojant kau\u0161o cilindr\u0105, galima i\u0161vengti alyvos nuot\u0117kio ir u\u017etikrinti stabil\u0173 veikim\u0105.<\/p>\n<\/li>\n<\/ul>\n<h2>Saugos aspektai ir aplinkos veiksniai<\/h2>\n<p>Eksploatuodami sunki\u0105j\u0105 technik\u0105, toki\u0105 kaip ekskavatoriai, ekskavatoriniai krautuvai ir frontaliniai krautuvai, operatoriai privalo imtis b\u016btin\u0173 saugos priemoni\u0173, kad i\u0161vengt\u0173 nelaiming\u0173 atsitikim\u0173. Tinkama kau\u0161o cilindro prie\u017ei\u016bra ir remontas taip pat gali suma\u017einti nelaiming\u0173 atsitikim\u0173 ir gedim\u0173 rizik\u0105.<\/p>\n<p><img decoding=\"async\" src=\"https:\/\/www.hydraulic-cylinders.net\/wp-content\/uploads\/2025\/01\/songte-bushings-with-all-kinds-of-excavator-models.webp\"><\/p>\n<h2>Trik\u010di\u0173 \u0161alinimas ir da\u017eniausios problemos<\/h2>\n<p>Da\u017enos kau\u0161o cilindro problemos yra alyvos nuot\u0117kis, nestabilus veikimas ir kit\u0173 dali\u0173 pa\u017eeidimai. Tinkama prie\u017ei\u016bra ir remontas gali pad\u0117ti i\u0161vengti \u0161i\u0173 problem\u0173. Trik\u010di\u0173 \u0161alinimas ir prevencin\u0117s priemon\u0117s taip pat gali suma\u017einti galim\u0173 problem\u0173 ir gedim\u0173 rizik\u0105.<\/p>\n<h2>Apie m\u016bs\u0173 \u012fmon\u0119<\/h2>\n<p>Esame pakaitini\u0173 hidraulini\u0173 cilindr\u0173 gamintojas, si\u016blantis plat\u0173 gamini\u0173 asortiment\u0105, ir tapome vienu i\u0161 pirmaujan\u010di\u0173 hidraulini\u0173 cilindr\u0173 gamintoj\u0173 ir didmenini\u0173 platintoj\u0173 vidaus ir tarptautin\u0117se rinkose. Laikom\u0117s puikios kokyb\u0117s principo ir savo gamybos ceche remiam\u0117s industrializuoto gamybos valdymo strategijomis, kad nuolat tobulintume cecho gamybos platform\u0105, gerintume gamini\u0173 gamybos linijos kokyb\u0119 ir tur\u0117tume stiprius k\u016brimo paj\u0117gumus, pasi\u017eymin\u010dius dideliu efektyvumu, dideliu tikslumu ir auk\u0161ta kokybe, kad patenkintume \u012fvairius klient\u0173 poreikius. <\/p>\n<p><img decoding=\"async\" src=\"https:\/\/hzpt.com\/wp-content\/uploads\/2024\/11\/songte-company-1.webp\"><\/p>\n<h3>Our Company&#8217;s Strengths:<\/h3>\n<ul>\n<li>Profesionalumas<\/li>\n<li>Tarptautinis sertifikavimas<\/li>\n<li>Pritaikymo paslauga<\/li>\n<li>Gamybos \u012franga<\/li>\n<li>Aptarnavimas po pardavimo<\/li>\n<\/ul>\n<p>Autorius: lyl<\/p>","protected":false},"excerpt":{"rendered":"<p>Bucket Cylinder For Doosan Middle Excavator DH280-3 Introduction The bucket cylinder for Doosan middle excavator DH280-3 is a specially designed hydraulic cylinder that controls the movement of the bucket in heavy machinery such as excavators, backhoe loaders, and front-end loaders. Its main function is to enable the bucket to lift, lower, and tilt, making it [&hellip;]<\/p>","protected":false},"featured_media":14765,"comment_status":"open","ping_status":"closed","template":"","meta":{"_et_pb_use_builder":"","_et_pb_old_content":"","_et_gb_content_width":""},"product_brand":[],"product_cat":[1494],"product_tag":[1495,1496],"class_list":{"0":"post-15279","1":"product","2":"type-product","3":"status-publish","4":"has-post-thumbnail","6":"product_cat-bucket-cylinders","7":"product_tag-bucket-cylinders","8":"product_tag-hydraulic-cylinders","10":"first","11":"instock","12":"shipping-taxable","13":"product-type-simple"},"amp_enabled":true,"_links":{"self":[{"href":"https:\/\/www.hydraulic-cylinders.net\/lt\/wp-json\/wp\/v2\/product\/15279","targetHints":{"allow":["GET"]}}],"collection":[{"href":"https:\/\/www.hydraulic-cylinders.net\/lt\/wp-json\/wp\/v2\/product"}],"about":[{"href":"https:\/\/www.hydraulic-cylinders.net\/lt\/wp-json\/wp\/v2\/types\/product"}],"replies":[{"embeddable":true,"href":"https:\/\/www.hydraulic-cylinders.net\/lt\/wp-json\/wp\/v2\/comments?post=15279"}],"wp:featuredmedia":[{"embeddable":true,"href":"https:\/\/www.hydraulic-cylinders.net\/lt\/wp-json\/wp\/v2\/media\/14765"}],"wp:attachment":[{"href":"https:\/\/www.hydraulic-cylinders.net\/lt\/wp-json\/wp\/v2\/media?parent=15279"}],"wp:term":[{"taxonomy":"product_brand","embeddable":true,"href":"https:\/\/www.hydraulic-cylinders.net\/lt\/wp-json\/wp\/v2\/product_brand?post=15279"},{"taxonomy":"product_cat","embeddable":true,"href":"https:\/\/www.hydraulic-cylinders.net\/lt\/wp-json\/wp\/v2\/product_cat?post=15279"},{"taxonomy":"product_tag","embeddable":true,"href":"https:\/\/www.hydraulic-cylinders.net\/lt\/wp-json\/wp\/v2\/product_tag?post=15279"}],"curies":[{"name":"wp","href":"https:\/\/api.w.org\/{rel}","templated":true}]}}