{"id":15281,"date":"2025-01-19T14:19:55","date_gmt":"2025-01-19T14:19:55","guid":{"rendered":"https:\/\/www.hydraulic-cylinders.net\/product\/bucket-cylinder-for-doosan-middle-excavator-dh220lc-9e\/"},"modified":"2025-01-19T14:20:04","modified_gmt":"2025-01-19T14:20:04","slug":"bucket-cylinder-for-doosan-middle-excavator-dh220lc-9e","status":"publish","type":"product","link":"https:\/\/www.hydraulic-cylinders.net\/lt\/produktas\/bucket-cylinder-for-doosan-middle-excavator-dh220lc-9e\/","title":{"rendered":"Kau\u0161o cilindras \u201eDoosan Middle Excavator DH220LC-9E\u201c"},"content":{"rendered":"<h1>Kau\u0161o cilindras \u201eDoosan Middle Excavator DH220LC-9E\u201c<\/h1>\n<h2>\u012evadas<\/h2>\n<p>\u201eDoosan\u201c vidutinio dyd\u017eio ekskavatoriaus DH220LC-9E kau\u0161o cilindras yra hidraulinis cilindras, skirtas valdyti kau\u0161o jud\u0117jim\u0105 sunkiosiose ma\u0161inose, tokiose kaip ekskavatoriai, ekskavatoriniai ekskavatoriai ir frontaliniai krautuvai. Jo pagrindin\u0117 funkcija \u2013 leisti kau\u0161ui pakilti, nuleisti ir pakreipti, kad b\u016bt\u0173 lengviau atlikti \u012fvairias med\u017eiag\u0173 tvarkymo u\u017eduotis. Hidraulin\u0117je sistemoje kau\u0161o cilindras naudoja hidraulin\u0117s alyvos sl\u0117g\u012f, kad tiksliai valdyt\u0173 kau\u0161\u0105, leisdamas operatoriams efektyviai valdyti sunkius krovinius, prisitaikyti prie sud\u0117tingos darbo aplinkos ir \u012fvykdyti \u012fvairius darbo reikalavimus.<\/p>\n<p><img decoding=\"async\" src=\"https:\/\/www.hydraulic-cylinders.net\/wp-content\/uploads\/2025\/01\/songte-company-2.webp\" alt=\"Kau\u0161o cilindro vaizdas\"><\/p>\n<h2>Savyb\u0117s<\/h2>\n<ul>\n<li>Didelis stiprumas ir ilgaam\u017ei\u0161kumas: paprastai pagaminti i\u0161 didelio stiprumo plieno arba aliuminio, galintys atlaikyti auk\u0161t\u0105 sl\u0117g\u012f ir dideles apkrovas, tinkami at\u0161iaurioms darbo aplinkoms, sukurti atsi\u017evelgiant \u012f atsparum\u0105 dilimui ir korozijai, siekiant pailginti tarnavimo laik\u0105.<\/li>\n<li>Efektyvus hidraulinis veikimas: naudojant hidraulin\u0117s alyvos sl\u0117g\u012f, kad b\u016bt\u0173 pasiektas sklandus i\u0161pl\u0117timas ir susitraukimas, geb\u0117jimas greitai reaguoti \u012f valdymo komandas, u\u017etikrinantis galing\u0105 st\u016bmimo ir traukimo j\u0117g\u0105, tinka sunkiems kroviniams ir sud\u0117tingoms darbo u\u017eduotims atlikti.<\/li>\n<li>\u012evair\u016bs tipai: vienpusio veikimo (hidraulikos naudojimas tik viena kryptimi) arba dvipusio veikimo (hidraulikos naudojimas dviem kryptimis) cilindrai gali b\u016bti parenkami pagal poreikius, kai kurie modeliai yra teleskopiniai, leid\u017eiantys didesn\u012f i\u0161pl\u0117tim\u0105 nedidinant i\u0161orini\u0173 matmen\u0173, tinka naudoti ribotoje erdv\u0117je.<\/li>\n<li>Puikus pakeitimas: m\u016bs\u0173 gaminiai gali puikiai pakeisti \u0161iuos hidraulinius cilindrus.<\/li>\n<\/ul>\n<p><img decoding=\"async\" src=\"https:\/\/www.hydraulic-cylinders.net\/wp-content\/uploads\/2025\/01\/songte-cylinder-head-with-all-kinds-excavator-models.webp\" alt=\"Kau\u0161o cilindro pakeitimo paveiksl\u0117lis\"><\/p>\n<h2>Parai\u0161kos<\/h2>\n<p>\u201eDoosan Middle Excavator DH220LC-9E\u201c kau\u0161o cilindras yra pla\u010diai naudojamas \u012fvairiose sunkiosios technikos srityse, tokiose kaip:<\/p>\n<ul>\n<li>Statybin\u0117 \u012franga: labai svarbi kasant, kraunant ir perkeliant grunt\u0105 ar \u0161iuk\u0161les ekskavatoriuose ir ekskavatoriniuose ekskavatoriuose; kau\u0161\u0173 cilindrai padeda kasti ir kelti ekskavatoriuose.<\/li>\n<li>\u017dem\u0117s \u016bkio technika: naudojama priekiniuose krautuvuose dirvo\u017eemiui, \u0161ienui ir kitoms med\u017eiagoms kasti, kelti ir transportuoti; kau\u0161o cilindrai leid\u017eia kasti, nes ekskavatoriuose kau\u0161as gali prasiskverbti \u012f dirv\u0105.<\/li>\n<li>Krautuvas: priekiniuose krautuvuose kau\u0161o cilindrai padeda efektyviai pakelti ir i\u0161versti prekes.<\/li>\n<\/ul>\n<h2>Projektavimo aspektai ir atrankos kriterijai<\/h2>\n<p>\u201eDoosan Middle Excavator DH220LC-9E\u201c kau\u0161o cilindras yra suprojektuotas atsi\u017evelgiant \u012f kelis svarbius aspektus, tokius kaip:<\/p>\n<ul>\n<li>Geb\u0117jimas i\u0161laikyti svor\u012f: cilindras turi atlaikyti did\u017eiausias apkrovas, kurioms jis bus veikiamas.<\/li>\n<li>Sandarinimas: labai svarbus norint i\u0161vengti nuot\u0117ki\u0173 ir palaikyti hidraulin\u012f sl\u0117g\u012f.<\/li>\n<li>Patvarumas: cilindras turi atlaikyti at\u0161iaurias aplinkos s\u0105lygas ir intensyv\u0173 naudojim\u0105.<\/li>\n<li>Saugumas: balionas turi b\u016bti suprojektuotas su saugos funkcijomis, kad b\u016bt\u0173 i\u0161vengta nelaiming\u0173 atsitikim\u0173 ar su\u017ealojim\u0173.<\/li>\n<li>Prie\u017ei\u016bra: cilindr\u0105 turi b\u016bti lengva pri\u017ei\u016br\u0117ti ir remontuoti, kad prastovos b\u016bt\u0173 kuo trumpesn\u0117s.<\/li>\n<\/ul>\n<p><img decoding=\"async\" src=\"https:\/\/www.hydraulic-cylinders.net\/wp-content\/uploads\/2025\/01\/songte-oil-pipes-and-spare-parts.webp\" alt=\"Kau\u0161o cilindro komponentai\"><\/p>\n<h2>Sandarinimas ir tepimas<\/h2>\n<p>\u201eDoosan\u201c vidutinio dyd\u017eio ekskavatoriaus DH220LC-9E kau\u0161o cilindre naudojami \u012fvair\u016bs sandarinimo komponentai, tokie kaip st\u016bmokli\u0173 sandarikliai, stryp\u0173 sandarikliai ir kt., pagaminti i\u0161 atspari\u0173 dilimui med\u017eiag\u0173, toki\u0173 kaip poliuretanas, nitrilo kau\u010diukas ir kt. Cilindro korpusas ir srieginiai galiniai pavir\u0161iai yra kruop\u0161\u010diai apdirbti, siekiant pagerinti atsparum\u0105 dilimui. Skland\u017eiam darbui b\u016btina reguliariai tepti tinkamu hidraulin\u0117s alyvos kiekiu.<\/p>\n<h2>Prie\u017ei\u016bra ir remontas<\/h2>\n<p>Reguliarus patikrinimas, tepimas ir sandarikli\u0173 keitimas yra vieni i\u0161 \u012fprast\u0173 \u201eDoosan\u201c vidutinio profilio ekskavatoriaus DH220LC-9E kau\u0161o cilindro prie\u017ei\u016bros darb\u0173. Tinkamas montavimas, tepimas ir reguliavimas yra b\u016btini optimaliam veikimui. Rekomenduojamas teisingas cilindro suderinimas ir tinkam\u0173 tvirtinimo laikikli\u0173 naudojimas. Taip pat si\u016blome atsargines dalis ir remonto paslaugas, kad padidintume cilindro tarnavimo laik\u0105.<\/p>\n<p><img decoding=\"async\" src=\"https:\/\/www.hydraulic-cylinders.net\/wp-content\/uploads\/2025\/01\/songte-chushion-collar.webp\" alt=\"Kau\u0161o cilindro montavimo paveiksl\u0117lis\"><\/p>\n<h2>Saugos ir aplinkosaugos aspektai<\/h2>\n<p>Naudojant \u201eDoosan Middle Excavator DH220LC-9E\u201c kau\u0161o cilindr\u0105, b\u016btina laikytis tinkam\u0173 saugos priemoni\u0173. Hidraulin\u0117s sistemos veikia esant auk\u0161tam sl\u0117giui ir, jei su jomis netinkamai elgiamasi, gali sukelti sunkius su\u017ealojimus ar nelaimingus atsitikimus. Tinkamas panaudotos hidraulin\u0117s alyvos ir kit\u0173 komponent\u0173 utilizavimas yra b\u016btinas siekiant suma\u017einti poveik\u012f aplinkai.<\/p>\n<h2>Trik\u010di\u0173 \u0161alinimas ir da\u017eniausios problemos<\/h2>\n<p>\u201eDoosan\u201c vidutinio dyd\u017eio ekskavatoriaus DH220LC-9E kau\u0161o cilindras gali susidurti su tokiomis problemomis kaip nuot\u0117kis, suma\u017e\u0117j\u0119s na\u0161umas ir pa\u017eeidimai d\u0117l netinkamo naudojimo ar nusid\u0117v\u0117jimo. Norint i\u0161vengti tolesn\u0117s \u017ealos, b\u016btina tinkama diagnostika ir savalaikis remontas. Pateikiame trik\u010di\u0173 \u0161alinimo patarimus ir sprendimus, kurie pad\u0117s skaitytojams veiksmingai diagnozuoti ir i\u0161spr\u0119sti problemas. Taip pat si\u016blomos prevencin\u0117s priemon\u0117s, siekiant suma\u017einti galimas problemas.<\/p>\n<p><img decoding=\"async\" src=\"https:\/\/www.hydraulic-cylinders.net\/wp-content\/uploads\/2025\/01\/songte-bushings-with-all-kinds-of-excavator-models.webp\" alt=\"Kau\u0161o cilindro \u012fvor\u0117s vaizdas\"><\/p>\n<h2>Apie mus<\/h2>\n<p>Esame hidraulini\u0173 cilindr\u0173 pakaital\u0173 gamintojas, si\u016blantis plat\u0173 gamini\u0173 asortiment\u0105. Esame vieni i\u0161 pirmaujan\u010di\u0173 hidraulini\u0173 cilindr\u0173 gamintoj\u0173 ir didmeninink\u0173 vidaus ir tarptautin\u0117se rinkose. Laikom\u0117s puikios kokyb\u0117s princip\u0173, remiam\u0117s industrializuota gamybos valdymo strategija, sukurta i\u0161tobulinta gamybos dirbtuve, nuolat tobuliname gamybos platform\u0105, geriname gamini\u0173 kokyb\u0117s gamybos proces\u0105 ir turime stiprias inovacines galimybes. Tenkiname \u012fvairius klient\u0173 poreikius, vadovaudamiesi didelio efektyvumo, didelio tikslumo ir auk\u0161tos kokyb\u0117s principais.<\/p>\n<p>Teikiame profesionalias, tarptautiniu mastu sertifikuotas, individualiai pritaikytas paslaugas, naudojame pa\u017eangi\u0105 gamybos \u012frang\u0105 ir profesionalias testavimo sistemas. Si\u016blome patikim\u0105 gamybos \u012frang\u0105 ir puik\u0173 aptarnavim\u0105 po pardavimo.<\/p>\n<p><img decoding=\"async\" src=\"https:\/\/www.hydraulic-cylinders.net\/wp-content\/uploads\/2025\/01\/songte-company-3.webp\" alt=\"\u012emon\u0117s \u012fvaizdis\"><\/p>\n<p><em>Autorius: lyl<\/em><\/p>","protected":false},"excerpt":{"rendered":"<p>Bucket Cylinder For Doosan Middle Excavator DH220LC-9E Introduction The Bucket Cylinder for Doosan Middle Excavator DH220LC-9E is a hydraulic cylinder designed to control the movement of the bucket in heavy machinery such as excavators, backhoe excavators, and front-end loaders. Its main function is to enable the bucket to lift, lower, and tilt, making it easier [&hellip;]<\/p>","protected":false},"featured_media":14761,"comment_status":"open","ping_status":"closed","template":"","meta":{"_et_pb_use_builder":"","_et_pb_old_content":"","_et_gb_content_width":""},"product_brand":[],"product_cat":[1494],"product_tag":[1495,1496],"class_list":{"0":"post-15281","1":"product","2":"type-product","3":"status-publish","4":"has-post-thumbnail","6":"product_cat-bucket-cylinders","7":"product_tag-bucket-cylinders","8":"product_tag-hydraulic-cylinders","10":"first","11":"instock","12":"shipping-taxable","13":"product-type-simple"},"amp_enabled":true,"_links":{"self":[{"href":"https:\/\/www.hydraulic-cylinders.net\/lt\/wp-json\/wp\/v2\/product\/15281","targetHints":{"allow":["GET"]}}],"collection":[{"href":"https:\/\/www.hydraulic-cylinders.net\/lt\/wp-json\/wp\/v2\/product"}],"about":[{"href":"https:\/\/www.hydraulic-cylinders.net\/lt\/wp-json\/wp\/v2\/types\/product"}],"replies":[{"embeddable":true,"href":"https:\/\/www.hydraulic-cylinders.net\/lt\/wp-json\/wp\/v2\/comments?post=15281"}],"wp:featuredmedia":[{"embeddable":true,"href":"https:\/\/www.hydraulic-cylinders.net\/lt\/wp-json\/wp\/v2\/media\/14761"}],"wp:attachment":[{"href":"https:\/\/www.hydraulic-cylinders.net\/lt\/wp-json\/wp\/v2\/media?parent=15281"}],"wp:term":[{"taxonomy":"product_brand","embeddable":true,"href":"https:\/\/www.hydraulic-cylinders.net\/lt\/wp-json\/wp\/v2\/product_brand?post=15281"},{"taxonomy":"product_cat","embeddable":true,"href":"https:\/\/www.hydraulic-cylinders.net\/lt\/wp-json\/wp\/v2\/product_cat?post=15281"},{"taxonomy":"product_tag","embeddable":true,"href":"https:\/\/www.hydraulic-cylinders.net\/lt\/wp-json\/wp\/v2\/product_tag?post=15281"}],"curies":[{"name":"wp","href":"https:\/\/api.w.org\/{rel}","templated":true}]}}