{"id":15283,"date":"2025-01-19T14:20:12","date_gmt":"2025-01-19T14:20:12","guid":{"rendered":"https:\/\/www.hydraulic-cylinders.net\/product\/bucket-cylinder-for-doosan-middle-excavator-dh260lc\/"},"modified":"2025-01-19T14:20:14","modified_gmt":"2025-01-19T14:20:14","slug":"bucket-cylinder-for-doosan-middle-excavator-dh260lc","status":"publish","type":"product","link":"https:\/\/www.hydraulic-cylinders.net\/lt\/produktas\/bucket-cylinder-for-doosan-middle-excavator-dh260lc\/","title":{"rendered":"Kau\u0161o cilindras Doosan Middle Excavator DH260LC"},"content":{"rendered":"<h1>Kau\u0161o cilindras Doosan Middle Excavator DH260LC<\/h1>\n<h2>\u012evadas<\/h2>\n<p>\u201eDoosan\u201c vidutinio profilio ekskavatoriaus DH260LC kau\u0161o cilindras yra specialiai sukurtas hidraulinis cilindras, kuris pirmiausia naudojamas kau\u0161o jud\u0117jimui valdyti sunkiosiose ma\u0161inose, tokiose kaip ekskavatoriai, ekskavatoriniai krautuvai ir frontaliniai krautuvai. Jo pagrindin\u0117 funkcija \u2013 leisti kau\u0161\u0105 pakelti, nuleisti ir pakreipti, o tai palengvina \u012fvairias med\u017eiag\u0173 tvarkymo u\u017eduotis. Hidraulin\u0117je sistemoje kau\u0161o cilindras leid\u017eia tiksliai valdyti kau\u0161\u0105 kei\u010diant hidraulin\u0117s alyvos sl\u0117g\u012f, tod\u0117l operatoriai gali efektyviai valdyti sunkius krovinius ir prisitaikyti prie sud\u0117tingos darbo aplinkos bei \u012fvairi\u0173 eksploatavimo reikalavim\u0173.<\/p>\n<p><img decoding=\"async\" src=\"https:\/\/www.hydraulic-cylinders.net\/wp-content\/uploads\/2025\/01\/songte-company-2.webp\" alt=\"Kau\u0161o cilindro vaizdas\"><\/p>\n<h2>Produkto savyb\u0117s<\/h2>\n<ul>\n<li>Didelis stiprumas ir ilgaam\u017ei\u0161kumas: Paprastai pagamintas i\u0161 didelio stiprumo plieno arba aliuminio, jis gali atlaikyti didel\u012f sl\u0117g\u012f ir dideles apkrovas, prisitaikydamas prie at\u0161iauri\u0173 darbo s\u0105lyg\u0173. Konstrukcijoje atsi\u017evelgiama \u012f atsparum\u0105 dilimui ir korozijai, taip prailginant tarnavimo laik\u0105.<\/li>\n<li>Efektyvus hidraulinis veikimas: Skland\u016bs i\u0161sipl\u0117timo ir susitraukimo judesiai pasiekiami naudojant hidraulin\u0117s alyvos sl\u0117g\u012f, u\u017etikrinant greit\u0105 reagavim\u0105 \u012f valdymo komandas ir galingas st\u016bmimo bei traukimo j\u0117gas, tinkamas sunkiems kroviniams valdyti ir sud\u0117tingoms eksploatavimo u\u017eduotims atlikti.<\/li>\n<li>\u012evair\u016bs tipai: Cilindr\u0173 tipus galima pasirinkti pagal eksploatacinius reikalavimus, \u012fskaitant vienpusio veikimo (hidraulin\u0117 sistema naudojama tik viena kryptimi) arba dvipusio veikimo (hidraulin\u0117 sistema naudojama abiem kryptimis). Kai kurie modeliai yra teleskopiniai, tod\u0117l juos galima labiau i\u0161tiesti nedidinant i\u0161orini\u0173 matmen\u0173, tod\u0117l jie tinka naudoti ribotoje erdv\u0117je.<\/li>\n<li>Suderinamas pakeitimas: M\u016bs\u0173 gaminiai gali puikiai pakeisti pana\u0161ius hidraulinius cilindrus, suteikdami klientams ekonomi\u0161k\u0105 cilindr\u0173 keitimo sprendim\u0105.<\/li>\n<\/ul>\n<p><img decoding=\"async\" src=\"https:\/\/www.hydraulic-cylinders.net\/wp-content\/uploads\/2025\/01\/songte-cylinder-head-with-all-kinds-excavator-models.webp\" alt=\"Kau\u0161o cilindro pakeitimo paveiksl\u0117lis\"><\/p>\n<h2>Parai\u0161kos<\/h2>\n<p>\u201eDoosan Middle Excavator DH260LC\u201c kau\u0161o cilindras gali b\u016bti naudojamas \u012fvairiose sunkiosios technikos srityse:<\/p>\n<h3>Statybin\u0117 \u012franga<\/h3>\n<p>Ekskavatoriuose jis yra b\u016btinas kasant, kraunant ir perkeliant dirvo\u017eem\u012f ar \u0161iuk\u0161les. Ekskavatoriuose-krautuvuose kau\u0161o cilindras padeda ir kasti, ir kelti. Priekiniuose krautuvuose jis padeda efektyviai kelti ir pakreipti krovinius.<\/p>\n<h3>\u017dem\u0117s \u016bkio technika<\/h3>\n<p>Naudojamas priekiniuose krautuvuose dirvo\u017eemiui, \u0161ienui ir kitoms med\u017eiagoms krauti, kelti ir transportuoti. Ekskavatoriuose kau\u0161o cilindras leid\u017eia kasti, leisdamas kau\u0161ui \u012fsiskverbti \u012f dirv\u0105. <\/p>\n<h3>Kiti<\/h3>\n<p>\u012evairiose pramon\u0117s aplinkose kau\u0161o cilindras gali palengvinti sunki\u0173 daikt\u0173 jud\u0117jim\u0105, tod\u0117l jis yra vertingas \u012frankis med\u017eiag\u0173 tvarkymo operacijose.<\/p>\n<h2>Projektavimo aspektai ir atrankos kriterijai<\/h2>\n<p>Kau\u0161\u0173 cilindrai turi b\u016bti suprojektuoti ir parinkti atsi\u017evelgiant \u012f kelis pagrindinius veiksnius:<\/p>\n<h3>Guoli\u0173 talpa<\/h3>\n<p>Cilindro laikomoji galia turi b\u016bti tokia, kad jis eksploatacijos metu atlaikyt\u0173 auk\u0161t\u0105 sl\u0117g\u012f ir dideles apkrovas.<\/p>\n<h3>Sandarinimas<\/h3>\n<p>Siekiant i\u0161vengti alyvos nuot\u0117kio ir pagerinti cilindro sandarum\u0105, tur\u0117t\u0173 b\u016bti naudojami \u012fvair\u016bs sandarinimo elementai, tokie kaip st\u016bmoklio ir strypo sandarikliai. Sandarinimo elementai tur\u0117t\u0173 b\u016bti pagaminti i\u0161 dilimui atspari\u0173 med\u017eiag\u0173, toki\u0173 kaip poliuretanas ir nitrilo kau\u010diukas. Cilindro korpusas ir sriegio galo pavir\u0161ius tur\u0117t\u0173 b\u016bti kruop\u0161\u010diai apdoroti, kad b\u016bt\u0173 padidintas atsparumas dilimui.<\/p>\n<h3>Patvarumas<\/h3>\n<p>Cilindras turi b\u016bti pagamintas i\u0161 didelio stiprumo med\u017eiag\u0173, kurios gali atlaikyti at\u0161iaurias darbo s\u0105lygas ir yra atsparios dilimui bei korozijai, kad pailgint\u0173 jo tarnavimo laik\u0105.<\/p>\n<h3>Saugumas<\/h3>\n<p>Cilindras turi b\u016bti suprojektuotas atsi\u017evelgiant \u012f saugum\u0105, kad b\u016bt\u0173 i\u0161vengta nelaiming\u0173 atsitikim\u0173 eksploatacijos metu.<\/p>\n<h3>Prie\u017ei\u016bra<\/h3>\n<p>Balionas turi b\u016bti suprojektuotas taip, kad j\u012f b\u016bt\u0173 lengva pri\u017ei\u016br\u0117ti ir remontuoti, o kei\u010diamos dalys tur\u0117t\u0173 b\u016bti lengvai prieinamos. Siekiant u\u017etikrinti optimal\u0173 veikim\u0105, reikia reguliariai atlikti technin\u0119 prie\u017ei\u016br\u0105 ir patikr\u0105.<\/p>\n<p><img decoding=\"async\" src=\"https:\/\/www.hydraulic-cylinders.net\/wp-content\/uploads\/2025\/01\/songte-oil-pipes-and-spare-parts.webp\" alt=\"Kau\u0161o cilindro dali\u0173 vaizdas\"><\/p>\n<h2>Sandarinimas ir tepimas<\/h2>\n<p>Kau\u0161\u0173 cilindrams reikalingi \u012fvair\u016bs sandarinimo elementai, siekiant i\u0161vengti alyvos nuot\u0117kio ir pagerinti sandarinimo savybes. \u0160ie elementai apima st\u016bmokli\u0173 sandariklius, stryp\u0173 sandariklius ir kitus sandariklius, pagamintus i\u0161 atspari\u0173 dilimui med\u017eiag\u0173, toki\u0173 kaip poliuretanas ir nitrilo kau\u010diukas. Cilindro korpusas ir sriegio galo pavir\u0161ius turi b\u016bti kruop\u0161\u010diai apdoroti, kad padid\u0117t\u0173 atsparumas dilimui. Norint i\u0161laikyti cilindro veikim\u0105, reikia reguliariai tepti tinkama hidrauline alyva.<\/p>\n<h2>Prie\u017ei\u016bra ir prevencin\u0117s priemon\u0117s<\/h2>\n<p>Reguliarus techninis aptarnavimas ir ap\u017ei\u016bra yra b\u016btini siekiant u\u017etikrinti optimal\u0173 kau\u0161o cilindr\u0173 veikim\u0105. Kai kurios prevencin\u0117s priemon\u0117s, kuri\u0173 galima imtis, yra \u0161ios:<\/p>\n<ul>\n<li>Reguliar\u016bs patikrinimai, siekiant nustatyti ir i\u0161vengti nusid\u0117v\u0117jimo ir pa\u017eeidim\u0173.<\/li>\n<li>Reguliariai tepkite tinkama hidrauline alyva, kad i\u0161vengtum\u0117te pa\u017eeidim\u0173 d\u0117l alyvos u\u017eter\u0161imo.<\/li>\n<li>Reguliariai keiskite susid\u0117v\u0117jusius ar pa\u017eeistus sandariklius, kad b\u016bt\u0173 i\u0161vengta alyvos nutek\u0117jimo.<\/li>\n<\/ul>\n<p>Tinkamas montavimas, tepimas ir reguliavimas yra labai svarb\u016bs optimaliam kau\u0161o cilindr\u0173 veikimui ir ilgaam\u017ei\u0161kumui. Montuojant reikia pateikti tinkamas lygiavimo gaires, o cilindrui pritvirtinti reikia naudoti atitinkamus montavimo laikiklius. Siekiant pailginti cilindro tarnavimo laik\u0105, reikia laikytis rekomenduojam\u0173 patikrinimo, remonto ir keitimo proced\u016br\u0173.<\/p>\n<p><img decoding=\"async\" src=\"https:\/\/www.hydraulic-cylinders.net\/wp-content\/uploads\/2025\/01\/songte-chushion-collar.webp\" alt=\"Kau\u0161o cilindro montavimo paveiksl\u0117lis\"><\/p>\n<h2>Saugos ir aplinkosaugos aspektai<\/h2>\n<p>Kau\u0161\u0173 cilindrai tur\u0117t\u0173 b\u016bti naudojami laikantis saugos priemoni\u0173, kad b\u016bt\u0173 i\u0161vengta nelaiming\u0173 atsitikim\u0173 eksploatacijos metu. Taip pat reik\u0117t\u0173 atsi\u017evelgti \u012f aplinkosaugos aspektus, kad b\u016bt\u0173 suma\u017eintas hidraulini\u0173 skys\u010di\u0173 poveikis aplinkai.<\/p>\n<h2>Diagnoz\u0117 ir trik\u010di\u0173 \u0161alinimas<\/h2>\n<p>Kai kurios da\u017enos kau\u0161o cilindr\u0173 problemos yra alyvos nuot\u0117kis, nepakankama j\u0117ga ir l\u0117tas reakcijos laikas. \u0160ias problemas galima i\u0161spr\u0119sti pakei\u010diant susid\u0117v\u0117jusius ar pa\u017eeistus sandariklius, reguliuojant hidraulin\u0117s sistemos sl\u0117g\u012f arba pakei\u010diant dalis.<\/p>\n<h2>Apie m\u016bs\u0173 \u012fmon\u0119<\/h2>\n<p>Esame ger\u0105 reputacij\u0105 turintys hidraulini\u0173 cilindr\u0173 gamintojai, si\u016blantys plat\u0173 gamini\u0173 asortiment\u0105, d\u0117l kurio tapome pirmaujan\u010diu hidraulini\u0173 cilindr\u0173 gamintoju ir didmenininku vidaus ir tarptautin\u0117se rinkose. Siekiame nepriekai\u0161tingos kokyb\u0117s, remdamiesi industrializuotomis gamybos valdymo strategijomis, sud\u0117tingomis gamybos dirbtuv\u0117mis, pa\u017eangia skaitmenine gamybos \u012franga ir profesionaliomis testavimo sistemomis. Nuolat tobuliname savo gamybos platform\u0105, tobuliname gamini\u0173 kokyb\u0117s gamybos linij\u0105 ir turime stipri\u0173 inovacij\u0173 paj\u0117gum\u0173. Laikom\u0117s didelio efektyvumo, didelio tikslumo ir auk\u0161tos kokyb\u0117s princip\u0173, kad patenkintume \u012fvairius savo klient\u0173 poreikius.<\/p>\n<p><img decoding=\"async\" src=\"https:\/\/hzpt.com\/wp-content\/uploads\/2024\/11\/songte-company-1.webp\" alt=\"\u012emon\u0117s \u012fvaizdis\"><\/p>\n<h3>Profesionalumas<\/h3>\n<p>M\u016bs\u0173 \u012fmon\u0117je dirba ekspert\u0173 komanda, turinti didel\u0119 patirt\u012f hidraulini\u0173 cilindr\u0173 k\u016brimo, gamybos ir bandym\u0173 srityje. M\u016bs\u0173 profesionali komanda u\u017etikrina, kad m\u016bs\u0173 gaminiai atitikt\u0173 auk\u0161\u010diausius kokyb\u0117s standartus.<\/p>\n<h3>Tarptautinis sertifikavimas<\/h3>\n<p>M\u016bs\u0173 gaminiai yra sertifikuoti pagal tarptautinius standartus, tokius kaip ISO9001, CE ir ROHS, kurie u\u017etikrina m\u016bs\u0173 gamini\u0173 kokyb\u0119 ir saug\u0105.<\/p>\n<h3>Pritaikymo paslaugos<\/h3>\n<p>Si\u016blome individualiai pritaikytus hidraulinius cilindrus, pritaikytus konkretiems klient\u0173 poreikiams.<\/p>\n<h3>Gamybos \u012franga<\/h3>\n<p>Turime pa\u017eangi\u0105 gamybos \u012frang\u0105, toki\u0105 kaip CNC apdirbimo centrai ir automatiniai suvirinimo aparatai, kad u\u017etikrintume m\u016bs\u0173 gamini\u0173 tikslum\u0105.<\/p>\n<h3>Aptarnavimas po pardavimo<\/h3>\n<p>Savo klientams teikiame puik\u0173 aptarnavim\u0105 po pardavimo ir technin\u0119 pagalb\u0105, \u012fskaitant remonto ir keitimo paslaugas.<\/p>\n<p>Autorius Lyl.<\/p>\n<p><img decoding=\"async\" src=\"https:\/\/www.hydraulic-cylinders.net\/wp-content\/uploads\/2025\/01\/songte-bushings-with-all-kinds-of-excavator-models.webp\" alt=\"Kau\u0161o cilindro \u012fvor\u0117s vaizdas\"><\/p>","protected":false},"excerpt":{"rendered":"<p>Bucket Cylinder For Doosan Middle Excavator DH260LC Introduction The Bucket Cylinder for Doosan Middle Excavator DH260LC is a specially designed hydraulic cylinder that is primarily used to control the movement of the bucket in heavy machinery such as excavators, backhoe loaders, and front-end loaders. Its main function is to allow the bucket to be lifted, [&hellip;]<\/p>","protected":false},"featured_media":14788,"comment_status":"open","ping_status":"closed","template":"","meta":{"_et_pb_use_builder":"","_et_pb_old_content":"","_et_gb_content_width":""},"product_brand":[],"product_cat":[1494],"product_tag":[1495,1496],"class_list":{"0":"post-15283","1":"product","2":"type-product","3":"status-publish","4":"has-post-thumbnail","6":"product_cat-bucket-cylinders","7":"product_tag-bucket-cylinders","8":"product_tag-hydraulic-cylinders","10":"first","11":"instock","12":"shipping-taxable","13":"product-type-simple"},"amp_enabled":true,"_links":{"self":[{"href":"https:\/\/www.hydraulic-cylinders.net\/lt\/wp-json\/wp\/v2\/product\/15283","targetHints":{"allow":["GET"]}}],"collection":[{"href":"https:\/\/www.hydraulic-cylinders.net\/lt\/wp-json\/wp\/v2\/product"}],"about":[{"href":"https:\/\/www.hydraulic-cylinders.net\/lt\/wp-json\/wp\/v2\/types\/product"}],"replies":[{"embeddable":true,"href":"https:\/\/www.hydraulic-cylinders.net\/lt\/wp-json\/wp\/v2\/comments?post=15283"}],"wp:featuredmedia":[{"embeddable":true,"href":"https:\/\/www.hydraulic-cylinders.net\/lt\/wp-json\/wp\/v2\/media\/14788"}],"wp:attachment":[{"href":"https:\/\/www.hydraulic-cylinders.net\/lt\/wp-json\/wp\/v2\/media?parent=15283"}],"wp:term":[{"taxonomy":"product_brand","embeddable":true,"href":"https:\/\/www.hydraulic-cylinders.net\/lt\/wp-json\/wp\/v2\/product_brand?post=15283"},{"taxonomy":"product_cat","embeddable":true,"href":"https:\/\/www.hydraulic-cylinders.net\/lt\/wp-json\/wp\/v2\/product_cat?post=15283"},{"taxonomy":"product_tag","embeddable":true,"href":"https:\/\/www.hydraulic-cylinders.net\/lt\/wp-json\/wp\/v2\/product_tag?post=15283"}],"curies":[{"name":"wp","href":"https:\/\/api.w.org\/{rel}","templated":true}]}}