{"id":15284,"date":"2025-01-19T14:20:16","date_gmt":"2025-01-19T14:20:16","guid":{"rendered":"https:\/\/www.hydraulic-cylinders.net\/product\/bucket-cylinder-for-doosan-middle-excavator-dx260lc\/"},"modified":"2025-01-19T14:20:18","modified_gmt":"2025-01-19T14:20:18","slug":"bucket-cylinder-for-doosan-middle-excavator-dx260lc","status":"publish","type":"product","link":"https:\/\/www.hydraulic-cylinders.net\/lt\/produktas\/bucket-cylinder-for-doosan-middle-excavator-dx260lc\/","title":{"rendered":"Kau\u0161o cilindras \u201eDoosan Middle Excavator DX260LC\u201c"},"content":{"rendered":"<div>\n<h1>Kau\u0161o cilindras \u201eDoosan Middle Excavator DX260LC\u201c<\/h1>\n<p>    <img decoding=\"async\" src=\"https:\/\/www.hydraulic-cylinders.net\/wp-content\/uploads\/2025\/01\/songte-company-2.webp\" alt=\"Produkto vaizdas\"><\/p>\n<h2>\u012evadas<\/h2>\n<p>Kau\u0161o cilindras yra specialiai sukurtas hidraulinis cilindras, naudojamas valdyti kau\u0161o jud\u0117jim\u0105 sunkiosiose ma\u0161inose, tokiose kaip ekskavatoriai, ekskavatoriniai krautuvai ir frontaliniai krautuvai. Jo pagrindin\u0117 funkcija \u2013 leisti pakelti, nuleisti ir pakreipti kau\u0161\u0105, kad b\u016bt\u0173 lengviau atlikti \u012fvairias med\u017eiag\u0173 tvarkymo u\u017eduotis. Hidraulin\u0117je sistemoje kau\u0161o cilindras tiksliai valdo kau\u0161\u0105, naudodamas hidraulin\u0117s alyvos sl\u0117gio poky\u010dius, tod\u0117l operatoriai gali efektyviai valdyti sunkius krovinius ir prisitaikyti prie sud\u0117tingos darbo aplinkos bei \u012fvairi\u0173 eksploatavimo reikalavim\u0173.<\/p>\n<p>    <img decoding=\"async\" src=\"https:\/\/www.hydraulic-cylinders.net\/wp-content\/uploads\/2025\/01\/songte-cylinder-head-with-all-kinds-excavator-models.webp\" alt=\"Produkto vaizdas\"><\/p>\n<h2>Savyb\u0117s<\/h2>\n<ul>\n<li>Didelis stiprumas ir ilgaam\u017ei\u0161kumas: Paprastai pagaminti i\u0161 didelio stiprumo plieno arba aliuminio, galintys atlaikyti auk\u0161t\u0105 sl\u0117g\u012f ir dideles apkrovas, prisitaikantys prie at\u0161iauri\u0173 darbo s\u0105lyg\u0173 ir suprojektuoti atsi\u017evelgiant \u012f atsparum\u0105 dilimui ir korozijai, kad b\u016bt\u0173 prailgintas tarnavimo laikas.<\/li>\n<li>Efektyvus hidraulinis veikimas: naudojant hidraulin\u0117s alyvos sl\u0117g\u012f, u\u017etikrinamas sklandus i\u0161pl\u0117timas ir \u012ftraukimas, greitas reagavimas \u012f valdymo komandas, galingos st\u016bmimo ir traukimo j\u0117gos, tinkamos sunkiems kroviniams valdyti ir sud\u0117tingoms eksploatavimo u\u017eduotims atlikti.<\/li>\n<li>\u012evair\u016bs tipai: Kau\u0161o cilindr\u0105 galima pasirinkti kaip vienpusio veikimo (hidraulinis, naudojamas tik viena kryptimi) arba dvipusio veikimo (hidraulinis, naudojamas abiem kryptimis) cilindr\u0105, atsi\u017evelgiant \u012f poreikius, atsi\u017evelgiant \u012f skirtingus eksploatavimo reikalavimus. Kai kurie modeliai yra teleskopiniai, tod\u0117l juos galima labiau prailginti nedidinant i\u0161orini\u0173 matmen\u0173, tod\u0117l jie tinka naudoti ribotoje erdv\u0117je.<\/li>\n<li>Puikus pakeitimas: M\u016bs\u0173 gaminiai gali puikiai pakeisti \u0161iuos hidraulinius cilindrus.<\/li>\n<\/ul>\n<h2>Parai\u0161kos<\/h2>\n<ul>\n<li>Statybin\u0117 \u012franga: ji randama ekskavatoriuose ir yra labai svarbi kasant, kraunant ir perkeliant \u017eem\u0119 ar \u0161iuk\u0161les. Ekskavatoriuose kau\u0161o cilindras padeda tiek kasti, tiek kelti.<\/li>\n<li>\u017dem\u0117s \u016bkio technika: naudojama priekiniuose krautuvuose dirvo\u017eemiui, \u0161ienui ir kitoms med\u017eiagoms kasti, kelti ir transportuoti.<\/li>\n<li>Ekskavatoriai: Kau\u0161o cilindras leid\u017eia atlikti kasimo veiksmus, leisdamas kau\u0161ui \u012fsiskverbti \u012f dirv\u0105.<\/li>\n<li>Krautuvai: Priekiniuose krautuvuose jie padeda efektyviai kelti ir pakreipti prekes.<\/li>\n<\/ul>\n<p>    <img decoding=\"async\" src=\"https:\/\/www.hydraulic-cylinders.net\/wp-content\/uploads\/2025\/01\/songte-oil-pipes-and-spare-parts.webp\" alt=\"Produkto vaizdas\"><\/p>\n<h2>Projektavimo aspektai ir atrankos kriterijai<\/h2>\n<ul>\n<li>Apkrovos laikomoji galia: Aptarkite geb\u0117jim\u0105 atlaikyti dideles apkrovas ir projektavimo veiksni\u0173, toki\u0173 kaip med\u017eiagos ir konstrukcijos vientisumas, svarb\u0105.<\/li>\n<li>Sandarinimas: Aptarkite \u012fvairi\u0173 sandarikli\u0173, toki\u0173 kaip st\u016bmokli\u0173 ir kot\u0173 sandarikliai, kurie pagaminti i\u0161 atspari\u0173 dilimui med\u017eiag\u0173, toki\u0173 kaip poliuretanas ir nitrilo kau\u010diukas, naudojim\u0105. Pabr\u0117\u017ekite cilindr\u0173 korpus\u0173 ir sriegini\u0173 gal\u0173 kruop\u0161taus pavir\u0161iaus apdorojimo svarb\u0105 siekiant pagerinti atsparum\u0105 dilimui.<\/li>\n<li>Patvarumas: pabr\u0117\u017ekite reguliaraus tepimo tinkamu hidrauliniu alyva poreik\u012f, kad b\u016bt\u0173 u\u017etikrintas sklandus veikimas ir pailgintas kau\u0161o cilindro tarnavimo laikas.<\/li>\n<li>Sauga: Aptarkite su kau\u0161o cilindro naudojimu susijusias saugos priemones, pabr\u0117\u017edami tinkamo \u012frengimo, reguliari\u0173 patikrinim\u0173 ir technin\u0117s prie\u017ei\u016bros proced\u016br\u0173 laikymosi svarb\u0105.<\/li>\n<li>Prie\u017ei\u016bra: Pateikite patarim\u0173 d\u0117l reguliari\u0173 patikrinim\u0173, tinkamo tepimo, sandarikli\u0173 keitimo ir kalibravimo patikrinim\u0173. Pabr\u0117\u017ekite teisingo montavimo, lygiavimo nurodym\u0173 ir tinkam\u0173 tvirtinimo laikikli\u0173 naudojimo cilindrui pritvirtinti svarb\u0105.<\/li>\n<\/ul>\n<p>    <img decoding=\"async\" src=\"https:\/\/www.hydraulic-cylinders.net\/wp-content\/uploads\/2025\/01\/songte-chushion-collar.webp\" alt=\"Produkto vaizdas\"><\/p>\n<h2>Saugos aspektai ir aplinkos veiksniai<\/h2>\n<p>Aptarkite saugos priemoni\u0173 svarb\u0105 naudojant kau\u0161o cilindr\u0105 ir b\u016btinyb\u0119 atsi\u017evelgti \u012f aplinkos veiksnius renkantis ir naudojant gamin\u012f.<\/p>\n<p>    <img decoding=\"async\" src=\"https:\/\/www.hydraulic-cylinders.net\/wp-content\/uploads\/2025\/01\/songte-bushings-with-all-kinds-of-excavator-models.webp\" alt=\"Produkto vaizdas\"><\/p>\n<h2>Trik\u010di\u0173 \u0161alinimas ir da\u017eniausiai pasitaikan\u010dios problemos<\/h2>\n<p>Pateikite patarim\u0173 ir sprendim\u0173, kaip pa\u0161alinti da\u017eniausiai pasitaikan\u010dias su kau\u0161o cilindru susijusias problemas. Pasi\u016blykite prevencines priemones, skirtas suma\u017einti galimas problemas.<\/p>\n<p>    <img decoding=\"async\" src=\"https:\/\/hzpt.com\/wp-content\/uploads\/2024\/11\/songte-company-1.webp\" alt=\"Produkto vaizdas\"><\/p>\n<h2>\u012emon\u0117s ap\u017evalga<\/h2>\n<p>Esame pakaitini\u0173 hidraulini\u0173 cilindr\u0173 gamintojas ir pirmaujantis gamintojas bei didmeninis platintojas vidaus ir tarptautin\u0117se rinkose. M\u016bs\u0173 \u012fmon\u0117 vadovaujasi pramonin\u0117s gamybos valdymo strategija, pagr\u012fsta puikia kokybe, remdamasi moderniais gamybos cechais ir nuolat tobulindama gamybos platform\u0105, pasitelkdama technologinius talentus, auk\u0161\u010diausios klas\u0117s skaitmenin\u0119 gamybos \u012frang\u0105 ir profesionalias testavimo sistemas. Turime stipri\u0173 k\u016brybini\u0173 geb\u0117jim\u0173, siekiame patenkinti \u012fvairius klient\u0173 poreikius, taikydami auk\u0161t\u0105 efektyvum\u0105, didel\u012f tikslum\u0105 ir auk\u0161tos kokyb\u0117s principus.<\/p>\n<p>    <img decoding=\"async\" src=\"https:\/\/www.hydraulic-cylinders.net\/wp-content\/uploads\/2025\/01\/songte-company-3.webp\" alt=\"Produkto vaizdas\"><\/p>\n<h2>\u012emon\u0117s informacija<\/h2>\n<ul>\n<li>Profesionalumas: Aptarkite \u012fmon\u0117s \u012fsipareigojim\u0105 profesionalumui ir kompetencijai gaminant hidraulinius cilindrus.<\/li>\n<li>Tarptautiniai sertifikatai: Pabr\u0117\u017ekite visus tarptautinius sertifikatus, kuriuos \u012fmon\u0117 yra gavusi, parodydama jos \u012fsipareigojim\u0105 kokybei ir pramon\u0117s standartams.<\/li>\n<li>Pritaikymo paslaugos: pabr\u0117\u017ekite \u012fmon\u0117s geb\u0117jim\u0105 teikti individualius sprendimus, atitinkan\u010dius konkre\u010dius klient\u0173 reikalavimus.<\/li>\n<li>Gamybos \u012franga: Aptarkite pa\u017eangi\u0105 gamybos \u012frang\u0105, kuri\u0105 \u012fmon\u0117 naudoja siekdama u\u017etikrinti auk\u0161tos kokyb\u0117s produktus.<\/li>\n<li>Aptarnavimas po pardavimo: Pabr\u0117\u017ekite \u012fmon\u0117s \u012fsipareigojim\u0105 teikti puik\u0173 aptarnavim\u0105 po pardavimo, \u012fskaitant remonto ir keitimo paslaugas.<\/li>\n<\/ul>\n<p>Autorius: lyl<\/p>\n<\/div>","protected":false},"excerpt":{"rendered":"<p>Bucket Cylinder For Doosan Middle Excavator DX260LC Introduction The bucket cylinder is a specially designed hydraulic cylinder used to control the movement of the bucket in heavy machinery such as excavators, backhoe loaders, and front loaders. Its main function is to enable the lifting, lowering, and tilting of the bucket, making it easier for various [&hellip;]<\/p>","protected":false},"featured_media":14787,"comment_status":"open","ping_status":"closed","template":"","meta":{"_et_pb_use_builder":"","_et_pb_old_content":"","_et_gb_content_width":""},"product_brand":[],"product_cat":[1494],"product_tag":[1495,1496],"class_list":{"0":"post-15284","1":"product","2":"type-product","3":"status-publish","4":"has-post-thumbnail","6":"product_cat-bucket-cylinders","7":"product_tag-bucket-cylinders","8":"product_tag-hydraulic-cylinders","10":"first","11":"instock","12":"shipping-taxable","13":"product-type-simple"},"amp_enabled":true,"_links":{"self":[{"href":"https:\/\/www.hydraulic-cylinders.net\/lt\/wp-json\/wp\/v2\/product\/15284","targetHints":{"allow":["GET"]}}],"collection":[{"href":"https:\/\/www.hydraulic-cylinders.net\/lt\/wp-json\/wp\/v2\/product"}],"about":[{"href":"https:\/\/www.hydraulic-cylinders.net\/lt\/wp-json\/wp\/v2\/types\/product"}],"replies":[{"embeddable":true,"href":"https:\/\/www.hydraulic-cylinders.net\/lt\/wp-json\/wp\/v2\/comments?post=15284"}],"wp:featuredmedia":[{"embeddable":true,"href":"https:\/\/www.hydraulic-cylinders.net\/lt\/wp-json\/wp\/v2\/media\/14787"}],"wp:attachment":[{"href":"https:\/\/www.hydraulic-cylinders.net\/lt\/wp-json\/wp\/v2\/media?parent=15284"}],"wp:term":[{"taxonomy":"product_brand","embeddable":true,"href":"https:\/\/www.hydraulic-cylinders.net\/lt\/wp-json\/wp\/v2\/product_brand?post=15284"},{"taxonomy":"product_cat","embeddable":true,"href":"https:\/\/www.hydraulic-cylinders.net\/lt\/wp-json\/wp\/v2\/product_cat?post=15284"},{"taxonomy":"product_tag","embeddable":true,"href":"https:\/\/www.hydraulic-cylinders.net\/lt\/wp-json\/wp\/v2\/product_tag?post=15284"}],"curies":[{"name":"wp","href":"https:\/\/api.w.org\/{rel}","templated":true}]}}