{"id":15285,"date":"2025-01-19T14:20:20","date_gmt":"2025-01-19T14:20:20","guid":{"rendered":"https:\/\/www.hydraulic-cylinders.net\/product\/bucket-cylinder-for-doosan-large-excavator-dh290\/"},"modified":"2025-01-19T14:20:22","modified_gmt":"2025-01-19T14:20:22","slug":"bucket-cylinder-for-doosan-large-excavator-dh290","status":"publish","type":"product","link":"https:\/\/www.hydraulic-cylinders.net\/lt\/produktas\/bucket-cylinder-for-doosan-large-excavator-dh290\/","title":{"rendered":"Kau\u0161o cilindras, skirtas dideliam \u201eDoosan\u201c ekskavatoriui DH290"},"content":{"rendered":"<h1>Kau\u0161o cilindras, skirtas dideliam \u201eDoosan\u201c ekskavatoriui DH290<\/h1>\n<h2>\u012evadas<\/h2>\n<p>Kau\u0161o cilindras, skirtas dideliam \u201eDoosan\u201c ekskavatoriui DH290, yra specialiai sukurtas hidraulinis cilindras, naudojamas valdyti kau\u0161o jud\u0117jim\u0105 sunkiojoje technikoje, tokioje kaip ekskavatoriai, ekskavatoriniai ekskavatoriai ir frontaliniai krautuvai. Pagrindin\u0117 jo funkcija \u2013 leisti kau\u0161ui pakilti, nuleisti ir pakreipti, kad b\u016bt\u0173 lengviau atlikti \u012fvairias med\u017eiag\u0173 tvarkymo u\u017eduotis. Hidraulin\u0117je sistemoje kau\u0161o cilindras kontroliuoja tiksl\u0173 kau\u0161o jud\u0117jim\u0105 keisdamas hidraulin\u0117s alyvos sl\u0117g\u012f, leisdamas operatoriams efektyviai valdyti sunkius krovinius ir prisitaikyti prie sud\u0117tingos darbo aplinkos bei \u012fvairi\u0173 darbo reikalavim\u0173.<\/p>\n<p><img decoding=\"async\" src=\"https:\/\/www.hydraulic-cylinders.net\/wp-content\/uploads\/2025\/01\/songte-company-2.webp\" alt=\"Kau\u0161o cilindro vaizdas\" \/><\/p>\n<h2>Savyb\u0117s<\/h2>\n<ul>\n<li>\n<h3>Didelis stiprumas ir ilgaam\u017ei\u0161kumas<\/h3>\n<p>Kau\u0161o cilindras paprastai gaminamas i\u0161 didelio stiprumo plieno arba aliuminio, kuris gali atlaikyti auk\u0161t\u0105 sl\u0117g\u012f ir dideles apkrovas, prisitaikyti prie at\u0161iauri\u0173 darbo s\u0105lyg\u0173 ir yra suprojektuotas atsi\u017evelgiant \u012f atsparum\u0105 dilimui ir korozijai, kad prailgint\u0173 jo tarnavimo laik\u0105.<\/p>\n<\/li>\n<li>\n<h3>Efektyvus hidraulinis valdymas<\/h3>\n<p>Kau\u0161o cilindras naudoja hidraulin\u0117s alyvos sl\u0117g\u012f, kad u\u017etikrint\u0173 skland\u0173 i\u0161st\u016bmim\u0105 ir susitraukim\u0105, greitai reaguoja \u012f valdymo komandas, u\u017etikrina galing\u0105 st\u016bmimo ir traukimo j\u0117g\u0105 ir tinka sunkiems kroviniams bei sud\u0117tingoms darbo u\u017eduotims atlikti.<\/p>\n<\/li>\n<li>\n<h3>\u012evair\u016bs tipai<\/h3>\n<p>Kau\u0161o cilindr\u0105 galima pasirinkti kaip vienpusio veikimo (hidraulin\u0117 sistema naudojama tik viena kryptimi) arba dvipusio veikimo (hidraulin\u0117 sistema naudojama abiem kryptimis) cilindr\u0105 pagal poreikius, o kai kurie modeliai yra teleskopiniai, leid\u017eiantys didesn\u012f i\u0161pl\u0117tim\u0105 nedidinant i\u0161orini\u0173 matmen\u0173, tinka naudoti ribotoje erdv\u0117je.<\/p>\n<\/li>\n<li>\n<h3>Puikus pakeitimas<\/h3>\n<p>M\u016bs\u0173 gaminys gali puikiai pakeisti \u0161iuos hidraulinius cilindrus.<\/p>\n<\/li>\n<\/ul>\n<p><img decoding=\"async\" src=\"https:\/\/www.hydraulic-cylinders.net\/wp-content\/uploads\/2025\/01\/songte-cylinder-head-with-all-kinds-excavator-models.webp\" alt=\"Kau\u0161o cilindro pakeitimo paveiksl\u0117lis\" \/><\/p>\n<h2>Parai\u0161kos<\/h2>\n<p>Kau\u0161o cilindras pla\u010diai naudojamas \u012fvairiose sunkiosiose ma\u0161inose, \u012fskaitant:<\/p>\n<ul>\n<li>\n<h3>Statybin\u0117 \u012franga<\/h3>\n<p>Ekskavatoriuose jie yra gyvybi\u0161kai svarb\u016bs kasant, kraunant ir perkeliant dirvo\u017eem\u012f ar \u0161iuk\u0161les. Ekskavatoriuose kau\u0161o cilindras padeda kasti ir kelti. Priekiniuose krautuvuose jie palengvina preki\u0173 k\u0117lim\u0105 ir pakreipim\u0105.<\/p>\n<\/li>\n<li>\n<h3>\u017dem\u0117s \u016bkio technika<\/h3>\n<p>Naudojamas frontaliniams krautuvams, dirvo\u017eemio, \u0161ieno ir kit\u0173 med\u017eiag\u0173 pakavimui, k\u0117limui ir transportavimui.<\/p>\n<\/li>\n<li>\n<h3>Ekskavatoriai<\/h3>\n<p>Kau\u0161o cilindras leid\u017eia kau\u0161ui \u012fsiskverbti \u012f dirv\u0105 ir atlikti kasimo veiksmus.<\/p>\n<\/li>\n<\/ul>\n<h2>Projektavimo aspektai ir atrankos kriterijai<\/h2>\n<p>Kau\u0161o cilindro konstrukcija atsi\u017evelgia \u012f jo laikom\u0105j\u0105 gali\u0105, sandarum\u0105, ilgaam\u017ei\u0161kum\u0105, saugum\u0105 ir prie\u017ei\u016br\u0105. Toliau pateikiami pagrindiniai projektavimo aspektai:<\/p>\n<ul>\n<li>\n<h3>Apkrovos paj\u0117gumas<\/h3>\n<p>Kau\u0161o cilindras yra suprojektuotas ir pagamintas taip, kad atlaikyt\u0173 maksimali\u0105 j\u0117g\u0105 ir svor\u012f, reikaling\u0105 numatytam naudojimui.<\/p>\n<\/li>\n<li>\n<h3>Sandarinimas<\/h3>\n<p>Kau\u0161o cilindre naudojami \u012fvair\u016bs sandarinimo komponentai, tokie kaip st\u016bmoklio sandarikliai, strypo sandarikliai ir kt., su atspariomis dilimui med\u017eiagomis, tokiomis kaip poliuretanas ir nitrilo kau\u010diukas, siekiant u\u017etikrinti ger\u0105 sandarum\u0105 ir i\u0161vengti skys\u010dio nutek\u0117jimo.<\/p>\n<\/li>\n<li>\n<h3>Patvarumas<\/h3>\n<p>Cilindro korpusas ir srieginis galinis pavir\u0161ius yra kruop\u0161\u010diai apdirbti, siekiant padidinti atsparum\u0105 dilimui. Kau\u0161o formos cilindras taip pat pagamintas i\u0161 korozijai atspari\u0173 med\u017eiag\u0173 ir dang\u0173, kad pailgint\u0173 jo tarnavimo laik\u0105.<\/p>\n<\/li>\n<li>\n<h3>Saugumas<\/h3>\n<p>Kau\u0161o cilindras turi saugos \u012ftaisus, tokius kaip apsauginiai vo\u017etuvai ir apsauga nuo perkrovos, kad b\u016bt\u0173 i\u0161vengta su\u017ealojim\u0173 ar cilindro ar mechanizmo sugadinimo.<\/p>\n<\/li>\n<li>\n<h3>Prie\u017ei\u016bra<\/h3>\n<p>Kau\u0161o cilindr\u0105 reikia reguliariai tikrinti ir atlikti profilaktin\u0119 prie\u017ei\u016br\u0105, kad b\u016bt\u0173 u\u017etikrintas optimalus veikimas. Hidraulin\u0119 alyv\u0105 reikia reguliariai keisti ir papildyti, o sandarikl\u012f \u2013 tikrinti ir prireikus pakeisti.<\/p>\n<\/li>\n<\/ul>\n<p><img decoding=\"async\" src=\"https:\/\/www.hydraulic-cylinders.net\/wp-content\/uploads\/2025\/01\/songte-oil-pipes-and-spare-parts.webp\" alt=\"Kau\u0161o cilindro atsargini\u0173 dali\u0173 vaizdas\" \/><\/p>\n<h2>Sandarinimas ir tepimas<\/h2>\n<p>Kau\u0161o cilindre naudojami \u012fvair\u016bs sandarinimo komponentai, tokie kaip st\u016bmoklio sandarikliai, strypo sandarikliai ir kt., pagaminti i\u0161 atspari\u0173 dilimui med\u017eiag\u0173, toki\u0173 kaip poliuretanas ir nitrilo kau\u010diukas, siekiant u\u017etikrinti ger\u0105 sandarum\u0105 ir i\u0161vengti skys\u010dio nutek\u0117jimo. Cilindro korpusas ir srieginis galas yra kruop\u0161\u010diai apdirbti, kad padid\u0117t\u0173 atsparumas dilimui. Norint i\u0161laikyti optimal\u0173 na\u0161um\u0105, j\u012f reikia reguliariai tepti tinkamu hidraulin\u0117s alyvos kiekiu.<\/p>\n<h2>Prie\u017ei\u016bra ir remontas<\/h2>\n<p>Toliau pateikiami keli \u012fprasti kau\u0161o cilindro prie\u017ei\u016bros darbai:<\/p>\n<ul>\n<li>\n<h3>Reguliarus patikrinimas<\/h3>\n<p>Kau\u0161o cilindr\u0105 reikia reguliariai tikrinti, siekiant u\u017etikrinti, kad jis tinkamai veikt\u0173, ir anksti nustatyti galimas problemas.<\/p>\n<\/li>\n<li>\n<h3>Tepimas<\/h3>\n<p>Kau\u0161o cilindr\u0105 reikia sutepti tinkamu hidraulin\u0117s alyvos kiekiu, kad b\u016bt\u0173 i\u0161laikytas optimalus veikimas.<\/p>\n<\/li>\n<li>\n<h3>Sandariklio keitimas<\/h3>\n<p>Norint i\u0161laikyti ger\u0105 sandarum\u0105 ir i\u0161vengti skys\u010dio nuot\u0117kio, reikia patikrinti ir prireikus pakeisti sandarikl\u012f.<\/p>\n<\/li>\n<li>\n<h3>Sulyginimo patikrinimas<\/h3>\n<p>Montuojant kau\u0161o cilindr\u0105 reikia teisingai sulygiuoti, kad jis tinkamai veikt\u0173.<\/p>\n<\/li>\n<\/ul>\n<p>Tinkamas montavimas, tepimas ir reguliavimas yra b\u016btini norint u\u017etikrinti kau\u0161o cilindro ilgaam\u017ei\u0161kum\u0105. Cilindro tvirtinimui rekomenduojama naudoti tinkamus montavimo laikiklius. Pateikiame rekomenduojam\u0105 kau\u0161o cilindro patikros, remonto ir keitimo proced\u016br\u0105, kad b\u016bt\u0173 prailgintas jo tarnavimo laikas.<\/p>\n<p><img decoding=\"async\" src=\"https:\/\/www.hydraulic-cylinders.net\/wp-content\/uploads\/2025\/01\/songte-chushion-collar.webp\" alt=\"Kau\u0161o cilindro apykakl\u0117s vaizdas\" \/><\/p>\n<h2>Saugos aspektai ir aplinkos veiksniai<\/h2>\n<p>Naudojant kau\u0161o cilindr\u0105, b\u016btina laikytis atitinkam\u0173 saugos proced\u016br\u0173, kad b\u016bt\u0173 i\u0161vengta su\u017ealojim\u0173 ar cilindro ar mechanizm\u0173 sugadinimo. Reguliarus patikrinimas, prie\u017ei\u016bra ir remontas gali pad\u0117ti suma\u017einti galim\u0105 pavoj\u0173 aplinkai.<\/p>\n<h2>Trik\u010di\u0173 \u0161alinimas ir da\u017eniausios problemos<\/h2>\n<p>Toliau pateikiamos kelios da\u017eniausios problemos, kurios gali kilti su kau\u0161o cilindru:<\/p>\n<ul>\n<li>\n<h3>Nuot\u0117kis<\/h3>\n<p>Cilindras gali leisti d\u0117l pa\u017eeist\u0173 sandarikli\u0173, u\u017eter\u0161tos hidraulin\u0117s alyvos arba atsilaisvinusi\u0173 jung\u010di\u0173.<\/p>\n<\/li>\n<li>\n<h3>L\u0117tas veikimas<\/h3>\n<p>Cilindras gali veikti l\u0117tai d\u0117l nepakankamo hidraulin\u0117s alyvos kiekio, susid\u0117v\u0117jusi\u0173 sandarikli\u0173 arba pa\u017eeist\u0173 stryp\u0173.<\/p>\n<\/li>\n<li>\n<h3>Perkaitimas<\/h3>\n<p>Cilindras gali perkaisti d\u0117l \u017eemo alyvos lygio, u\u017esikim\u0161usi\u0173 alyvos kanal\u0173 arba pa\u017eeist\u0173 apsaugini\u0173 vo\u017etuv\u0173.<\/p>\n<\/li>\n<\/ul>\n<p>Norint i\u0161spr\u0119sti \u0161ias problemas, b\u016btina nustatyti prie\u017east\u012f ir imtis atitinkam\u0173 taisom\u0173j\u0173 veiksm\u0173, pavyzd\u017eiui, pakeisti pa\u017eeistus sandariklius, i\u0161valyti hidraulin\u0119 alyv\u0105 arba suremontuoti ar pakeisti pa\u017eeistas dalis.<\/p>\n<p><img decoding=\"async\" src=\"https:\/\/www.hydraulic-cylinders.net\/wp-content\/uploads\/2025\/01\/songte-bushings-with-all-kinds-of-excavator-models.webp\" alt=\"Kau\u0161o cilindro \u012fvor\u0117s vaizdas\" \/><\/p>\n<h2>Apie mus<\/h2>\n<p>M\u016bs\u0173 \u012fmon\u0117 gamina pakaitinius hidraulinius cilindrus, si\u016blan\u010dius plat\u0173 gamini\u0173 asortiment\u0105, ir tapo viena i\u0161 pirmaujan\u010di\u0173 hidraulini\u0173 cilindr\u0173 gamintoj\u0173 ir didmeninink\u0173 vidaus ir tarptautin\u0117se rinkose. Vadovaujam\u0117s puikios kokyb\u0117s principais, remiam\u0117s industrializuoto gamybos valdymo strategijomis puikiuose gamybos cechuose, nuolat tobuliname savo gamybos platform\u0105, geriname gamini\u0173 kokyb\u0117s gamybos linijas ir turime didel\u012f geb\u0117jim\u0105 kurti didelio efektyvumo, didelio tikslumo ir auk\u0161tos kokyb\u0117s gaminius, kad patenkintume \u012fvairius m\u016bs\u0173 klient\u0173 poreikius.<\/p>\n<p><img decoding=\"async\" src=\"https:\/\/hzpt.com\/wp-content\/uploads\/2024\/11\/songte-company-1.webp\" alt=\"\u012emon\u0117s \u012fvaizdis\" \/><\/p>\n<h3>Profesionalumas<\/h3>\n<p>M\u016bs\u0173 \u012fmon\u0117je dirba profesionali\u0173 technik\u0173 ir in\u017einieri\u0173 komanda, turinti ilgamet\u0119 patirt\u012f projektuojant ir gaminant hidraulinius cilindrus ir susijusi\u0105 \u012frang\u0105.<\/p>\n<h3>Tarptautinis sertifikavimas<\/h3>\n<p>M\u016bs\u0173 gaminiai yra sertifikuoti pagal tarptautinius standartus, tokius kaip ISO9001, CE ir SGS, o tai u\u017etikrina, kad jie atitinka tarptautinius kokyb\u0117s standartus.<\/p>\n<h3>Pritaikymo paslaugos<\/h3>\n<p>Mes teikiame hidraulini\u0173 cilindr\u0173 pritaikymo paslaugas, kad patenkintume konkre\u010dius klient\u0173 poreikius.<\/p>\n<h3>Gamybos \u012franga<\/h3>\n<p>M\u016bs\u0173 \u012fmon\u0117 turi pa\u017eangi\u0105 gamybos \u012frang\u0105, toki\u0105 kaip CNC stakl\u0117s, apdirbimo centrai ir bandym\u0173 \u012franga, kad u\u017etikrint\u0173 auk\u0161t\u0105 kokyb\u0119 ir efektyvi\u0105 gamyb\u0105.<\/p>\n<h3>Aptarnavimas po pardavimo<\/h3>\n<p>Savo klientams teikiame puik\u0173 aptarnavim\u0105 po pardavimo, \u012fskaitant technin\u0119 pagalb\u0105, prie\u017ei\u016br\u0105 ir remonto paslaugas.<\/p>\n<p>Autorius: lyl<\/p>","protected":false},"excerpt":{"rendered":"<p>Bucket Cylinder For Doosan Large Excavator DH290 Introduction The bucket cylinder for Doosan large excavator DH290 is a specially designed hydraulic cylinder used to control the movement of the bucket in heavy machinery such as excavators, backhoe excavators, and front-end loaders. Its main function is to enable the bucket to lift, lower, and tilt, making [&hellip;]<\/p>","protected":false},"featured_media":14785,"comment_status":"open","ping_status":"closed","template":"","meta":{"_et_pb_use_builder":"","_et_pb_old_content":"","_et_gb_content_width":""},"product_brand":[],"product_cat":[1494],"product_tag":[1495,1496],"class_list":{"0":"post-15285","1":"product","2":"type-product","3":"status-publish","4":"has-post-thumbnail","6":"product_cat-bucket-cylinders","7":"product_tag-bucket-cylinders","8":"product_tag-hydraulic-cylinders","10":"first","11":"instock","12":"shipping-taxable","13":"product-type-simple"},"amp_enabled":true,"_links":{"self":[{"href":"https:\/\/www.hydraulic-cylinders.net\/lt\/wp-json\/wp\/v2\/product\/15285","targetHints":{"allow":["GET"]}}],"collection":[{"href":"https:\/\/www.hydraulic-cylinders.net\/lt\/wp-json\/wp\/v2\/product"}],"about":[{"href":"https:\/\/www.hydraulic-cylinders.net\/lt\/wp-json\/wp\/v2\/types\/product"}],"replies":[{"embeddable":true,"href":"https:\/\/www.hydraulic-cylinders.net\/lt\/wp-json\/wp\/v2\/comments?post=15285"}],"wp:featuredmedia":[{"embeddable":true,"href":"https:\/\/www.hydraulic-cylinders.net\/lt\/wp-json\/wp\/v2\/media\/14785"}],"wp:attachment":[{"href":"https:\/\/www.hydraulic-cylinders.net\/lt\/wp-json\/wp\/v2\/media?parent=15285"}],"wp:term":[{"taxonomy":"product_brand","embeddable":true,"href":"https:\/\/www.hydraulic-cylinders.net\/lt\/wp-json\/wp\/v2\/product_brand?post=15285"},{"taxonomy":"product_cat","embeddable":true,"href":"https:\/\/www.hydraulic-cylinders.net\/lt\/wp-json\/wp\/v2\/product_cat?post=15285"},{"taxonomy":"product_tag","embeddable":true,"href":"https:\/\/www.hydraulic-cylinders.net\/lt\/wp-json\/wp\/v2\/product_tag?post=15285"}],"curies":[{"name":"wp","href":"https:\/\/api.w.org\/{rel}","templated":true}]}}