{"id":15288,"date":"2025-01-19T14:20:32","date_gmt":"2025-01-19T14:20:32","guid":{"rendered":"https:\/\/www.hydraulic-cylinders.net\/product\/bucket-cylinder-for-doosan-large-excavator-dx300lc\/"},"modified":"2025-01-19T14:20:34","modified_gmt":"2025-01-19T14:20:34","slug":"bucket-cylinder-for-doosan-large-excavator-dx300lc","status":"publish","type":"product","link":"https:\/\/www.hydraulic-cylinders.net\/lt\/produktas\/bucket-cylinder-for-doosan-large-excavator-dx300lc\/","title":{"rendered":"Kau\u0161o cilindras, skirtas \u201eDoosan\u201c dideliems ekskavatoriams DX300LC"},"content":{"rendered":"<h1>Kau\u0161o cilindras, skirtas \u201eDoosan\u201c dideliems ekskavatoriams DX300LC<\/h1>\n<h2>\u012evadas<\/h2>\n<h3>Apibr\u0117\u017eimas<\/h3>\n<p>Kau\u0161o cilindras, specialiai sukurtas hidraulinis cilindras, naudojamas valdyti kau\u0161o jud\u0117jim\u0105 sunkiosiose ma\u0161inose, tokiose kaip ekskavatoriai, ekskavatoriai ir frontaliniai krautuvai. Pagrindin\u0117 jo funkcija \u2013 leisti kau\u0161ui pakilti, nuleisti ir pakreipti, kad b\u016bt\u0173 lengviau atlikti med\u017eiag\u0173 tvarkymo u\u017eduotis. Hidraulin\u0117je sistemoje kau\u0161o cilindras tiksliai valdo kau\u0161o jud\u0117jim\u0105 keisdamas hidraulin\u0117s alyvos sl\u0117g\u012f, leisdamas operatoriams efektyviai valdyti sunkius krovinius ir prisitaikyti prie sud\u0117tingos darbo aplinkos bei \u012fvairi\u0173 darbo reikalavim\u0173.<\/p>\n<p><img decoding=\"async\" src=\"https:\/\/www.hydraulic-cylinders.net\/wp-content\/uploads\/2025\/01\/songte-company-2.webp\" alt=\"Kau\u0161o cilindro vaizdas\"><\/p>\n<h3>Savyb\u0117s<\/h3>\n<ul>\n<li>Didelis stiprumas ir ilgaam\u017ei\u0161kumas: Paprastai pagaminti i\u0161 didelio stiprumo plieno arba aliuminio, gali atlaikyti auk\u0161t\u0105 sl\u0117g\u012f ir dideles apkrovas, prisitaikyti prie at\u0161iauri\u0173 darbo s\u0105lyg\u0173 ir sukurti atsi\u017evelgiant \u012f atsparum\u0105 dilimui ir korozijai, kad prailgint\u0173 tarnavimo laik\u0105.<\/li>\n<li>Efektyvus hidraulinis veikimas: Naudoja hidraulin\u0117s alyvos sl\u0117g\u012f, kad b\u016bt\u0173 u\u017etikrintas sklandus teleskopinis jud\u0117jimas, greitai reaguoja \u012f valdymo komandas, u\u017etikrina galing\u0105 st\u016bmimo ir traukimo j\u0117g\u0105, tinka sunkiems kroviniams ir sud\u0117tingoms u\u017eduotims atlikti.<\/li>\n<li>\u012evair\u016bs tipai: rinkit\u0117s vienpusio veikimo (hidraulinis mechanizmas naudojamas tik viena kryptimi) arba dvipusio veikimo (hidraulinis mechanizmas naudojamas abiem kryptimis) cilindrus pagal reikalavimus, kad patenkintum\u0117te skirtingus eksploatacinius poreikius. Kai kurie modeliai yra teleskopiniai, tod\u0117l juos galima labiau prailginti nedidinant i\u0161orini\u0173 matmen\u0173, tod\u0117l jie tinka naudoti ribotoje erdv\u0117je.<\/li>\n<li>Tiesioginis pakeitimas: m\u016bs\u0173 gaminys gali puikiai pakeisti \u0161iuos hidraulinius cilindrus.<\/li>\n<\/ul>\n<p><img decoding=\"async\" src=\"https:\/\/www.hydraulic-cylinders.net\/wp-content\/uploads\/2025\/01\/songte-cylinder-head-with-all-kinds-excavator-models.webp\" alt=\"Produkto vaizdas\"><\/p>\n<h2>Parai\u0161kos<\/h2>\n<h3>Statybin\u0117 \u012franga<\/h3>\n<p>Ekskavatoriuose jie yra b\u016btini kasant, kraunant ir perkeliant grunt\u0105 ar \u0161iuk\u0161les. Ekskavatoriuose kau\u0161o cilindras padeda tiek kasant, tiek keliant. Priekiniuose krautuvuose jie padeda efektyviai kelti ir i\u0161versti prekes.<\/p>\n<h3>\u017dem\u0117s \u016bkio technika<\/h3>\n<p>Naudojami priekiniuose krautuvuose dirvo\u017eemiui, \u0161ienui ir kitoms med\u017eiagoms kasti, kelti ir transportuoti. Ekskavatoriuose kau\u0161o cilindras leid\u017eia atlikti kasimo darbus, leisdamas kau\u0161ui \u012fsiskverbti \u012f dirv\u0105. Jie taip pat naudingi keliant ir pakreipiant kit\u0105 \u017eem\u0117s \u016bkio technik\u0105.<\/p>\n<h2>Projektavimo aspektai ir atrankos kriterijai<\/h2>\n<h3>Keliamoji galia<\/h3>\n<p>Cilindro keliamoji galia yra vienas i\u0161 svarbiausi\u0173 projektavimo aspekt\u0173. Jis turi b\u016bti pakankamai tvirtas ir patvarus, kad i\u0161laikyt\u0173 krovinio svor\u012f ir atlaikyt\u0173 auk\u0161t\u0105 sl\u0117g\u012f.<\/p>\n<h3>Sandarumas ir ilgaam\u017ei\u0161kumas<\/h3>\n<p>Balionas turi b\u016bti gerai u\u017esandarintas, kad b\u016bt\u0173 i\u0161vengta nuot\u0117ki\u0173, kurie gali sukelti prie\u0161laikin\u012f susid\u0117v\u0117jim\u0105 ir pa\u017eeidimus. Tinkam\u0173 sandarinimo med\u017eiag\u0173 pasirinkimas yra b\u016btinas, o kai kuriais atvejais baliono kotui ir cilindrui gali reik\u0117ti pavir\u0161iaus apdorojimo arba dang\u0173, kad b\u016bt\u0173 pagerintas atsparumas dilimui ir i\u0161vengta korozijos.<\/p>\n<h3>Sauga ir prie\u017ei\u016bra<\/h3>\n<p>Projektuojant hidraulinius cilindrus, sauga yra labai svarbus aspektas, tod\u0117l turi b\u016bti numatytos atitinkamos saugos priemon\u0117s, siekiant i\u0161vengti nelaiming\u0173 atsitikim\u0173. Be to, tinkama prie\u017ei\u016bra yra b\u016btina norint u\u017etikrinti ilg\u0105 cilindro tarnavimo laik\u0105 ir i\u0161vengti gedim\u0173.<\/p>\n<p><img decoding=\"async\" src=\"https:\/\/www.hydraulic-cylinders.net\/wp-content\/uploads\/2025\/01\/songte-oil-pipes-and-spare-parts.webp\" alt=\"Produkto vaizdas\"><\/p>\n<h2>Sandarinimas ir tepimas<\/h2>\n<p>Siekiant u\u017etikrinti tinkam\u0105 cilindro sandarum\u0105, naudojami \u012fvair\u016bs sandarinimo komponentai, tokie kaip st\u016bmoklio sandarikliai, koto sandarikliai ir kt. Sandarinimo komponentams da\u017eniausiai naudojamos poliuretanas ir nitrilo kau\u010diukas. Cilindro korpusas ir srieginis galinis pavir\u0161ius yra kruop\u0161\u010diai apdorojami, siekiant pagerinti atsparum\u0105 dilimui. Norint u\u017etikrinti skland\u0173 veikim\u0105 ir i\u0161vengti nusid\u0117v\u0117jimo, reikia reguliariai tepti hidrauline alyva.<\/p>\n<h2>Prie\u017ei\u016bra ir remontas<\/h2>\n<p>Reguliar\u016bs patikrinimai, tinkamas tepimas ir susid\u0117v\u0117jusi\u0173 sandarinimo komponent\u0173 keitimas yra \u012fprastos technin\u0117s prie\u017ei\u016bros u\u017eduotys. Tinkamas montavimas, tepimas ir reguliavimas yra labai svarb\u016bs norint u\u017etikrinti patikim\u0105 ir ilgalaik\u012f veikim\u0105. Rekomenduojama naudoti tinkamus montavimo laikiklius, kad cilindras b\u016bt\u0173 tvirtai pritvirtintas. Rekomenduojamos patikrinimo, remonto ir keitimo proced\u016bros yra b\u016btinos norint pailginti cilindro tarnavimo laik\u0105.<\/p>\n<p><img decoding=\"async\" src=\"https:\/\/www.hydraulic-cylinders.net\/wp-content\/uploads\/2025\/01\/songte-chushion-collar.webp\" alt=\"Produkto vaizdas\"><\/p>\n<h2>Saugos aspektai ir aplinkos veiksniai<\/h2>\n<p>Naudojant hidraulinius cilindrus, siekiant i\u0161vengti nelaiming\u0173 atsitikim\u0173, reikia imtis saugos priemoni\u0173, toki\u0173 kaip tinkamas montavimas, reguliari prie\u017ei\u016bra ir patikra. Cilindre naudojama hidraulin\u0117 alyva gali kelti pavoj\u0173 aplinkai, jei ji netinkamai utilizuojama. Tod\u0117l reikia imtis tinkam\u0173 priemoni\u0173 aplinkos tar\u0161ai i\u0161vengti.<\/p>\n<h2>Diagnoz\u0117 ir trik\u010di\u0173 \u0161alinimas<\/h2>\n<p>Da\u017enos problemos, tokios kaip nuot\u0117kiai, suma\u017e\u0117jusi galia ir netolygus jud\u0117jimas, reikalauja skubios diagnostikos ir trik\u010di\u0173 \u0161alinimo. Norint nustatyti pagrindin\u0119 problemos prie\u017east\u012f, b\u016btina naudoti tinkam\u0105 diagnostikos \u012frang\u0105 ir \u012frankius, tokius kaip sl\u0117gio matuokliai ir srauto matuokliai. Reguliarus techninis aptarnavimas ir patikra gali pad\u0117ti i\u0161vengti \u0161i\u0173 problem\u0173 atsiradimo.<\/p>\n<p><img decoding=\"async\" src=\"https:\/\/www.hydraulic-cylinders.net\/wp-content\/uploads\/2025\/01\/songte-bushings-with-all-kinds-of-excavator-models.webp\" alt=\"Produkto vaizdas\"><\/p>\n<h2>Apie m\u016bs\u0173 \u012fmon\u0119<\/h2>\n<p>Esame pakaitini\u0173 hidraulini\u0173 cilindr\u0173 gamintojas, si\u016blantis plat\u0173 gamini\u0173 asortiment\u0105. Laikydamiesi puikios kokyb\u0117s, remdamiesi pramonin\u0117s gamybos valdymo strategijomis sud\u0117tingose \u200b\u200bgamybos dirbtuv\u0117se, nuolat tobulindami gamybos platform\u0105 dirbtuv\u0117se, pasitelkdami techninius talentus, auk\u0161\u010diausios klas\u0117s skaitmenin\u0119 gamybos \u012frang\u0105 ir profesionalias testavimo sistemas, tapome vienais i\u0161 pirmaujan\u010di\u0173 hidraulini\u0173 cilindr\u0173 gamintoj\u0173 ir didmeninink\u0173 vidaus ir u\u017esienio rinkose, tur\u0117dami stipr\u0173 k\u016brybin\u012f geb\u0117jim\u0105 patenkinti \u012fvairius klient\u0173 poreikius, taikydami didelio efektyvumo, didelio tikslumo ir auk\u0161tos kokyb\u0117s principus. <\/p>\n<h3>Profesionalumas<\/h3>\n<p>M\u016bs\u0173 profesional\u0173 komanda yra pasiry\u017eusi teikti geriausius produktus ir paslaugas savo klientams.<\/p>\n<h3>Tarptautinis sertifikavimas<\/h3>\n<p>M\u016bs\u0173 gaminiai yra sertifikuoti pagal tarptautinius kokyb\u0117s ir saugos standartus, tokius kaip ISO ir CE.<\/p>\n<h3>Pritaikymo paslaugos<\/h3>\n<p>Teikiame individualiai pritaikytas paslaugas, kad patenkintume \u012fvairius klient\u0173 poreikius.<\/p>\n<h3>Gamybos \u012franga<\/h3>\n<p>M\u016bs\u0173 gamybos \u012franga yra moderni ir u\u017etikrina auk\u0161t\u0105 gamini\u0173 kokyb\u0119.<\/p>\n<h3>Aptarnavimas po pardavimo<\/h3>\n<p>Mes teikiame puik\u0173 aptarnavim\u0105 po pardavimo, kad u\u017etikrintume klient\u0173 pasitenkinim\u0105.<\/p>\n<p><img decoding=\"async\" src=\"https:\/\/www.hydraulic-cylinders.net\/wp-content\/uploads\/2025\/01\/songte-company-3.webp\" alt=\"\u012emon\u0117s \u012fvaizdis\"><\/p>\n<p>Autorius: lyl<\/p>","protected":false},"excerpt":{"rendered":"<p>Bucket Cylinder For Doosan Large Excavator DX300LC Introduction Definition A bucket cylinder, specifically designed hydraulic cylinder, used to control the movement of the bucket in heavy machinery such as excavators, backhoes, and front-end loaders. Its main function is to enable the bucket to lift, lower, and tilt for easy material-handling tasks. In the hydraulic system, [&hellip;]<\/p>","protected":false},"featured_media":14780,"comment_status":"open","ping_status":"closed","template":"","meta":{"_et_pb_use_builder":"","_et_pb_old_content":"","_et_gb_content_width":""},"product_brand":[],"product_cat":[1494],"product_tag":[1495,1496],"class_list":{"0":"post-15288","1":"product","2":"type-product","3":"status-publish","4":"has-post-thumbnail","6":"product_cat-bucket-cylinders","7":"product_tag-bucket-cylinders","8":"product_tag-hydraulic-cylinders","10":"first","11":"instock","12":"shipping-taxable","13":"product-type-simple"},"amp_enabled":true,"_links":{"self":[{"href":"https:\/\/www.hydraulic-cylinders.net\/lt\/wp-json\/wp\/v2\/product\/15288","targetHints":{"allow":["GET"]}}],"collection":[{"href":"https:\/\/www.hydraulic-cylinders.net\/lt\/wp-json\/wp\/v2\/product"}],"about":[{"href":"https:\/\/www.hydraulic-cylinders.net\/lt\/wp-json\/wp\/v2\/types\/product"}],"replies":[{"embeddable":true,"href":"https:\/\/www.hydraulic-cylinders.net\/lt\/wp-json\/wp\/v2\/comments?post=15288"}],"wp:featuredmedia":[{"embeddable":true,"href":"https:\/\/www.hydraulic-cylinders.net\/lt\/wp-json\/wp\/v2\/media\/14780"}],"wp:attachment":[{"href":"https:\/\/www.hydraulic-cylinders.net\/lt\/wp-json\/wp\/v2\/media?parent=15288"}],"wp:term":[{"taxonomy":"product_brand","embeddable":true,"href":"https:\/\/www.hydraulic-cylinders.net\/lt\/wp-json\/wp\/v2\/product_brand?post=15288"},{"taxonomy":"product_cat","embeddable":true,"href":"https:\/\/www.hydraulic-cylinders.net\/lt\/wp-json\/wp\/v2\/product_cat?post=15288"},{"taxonomy":"product_tag","embeddable":true,"href":"https:\/\/www.hydraulic-cylinders.net\/lt\/wp-json\/wp\/v2\/product_tag?post=15288"}],"curies":[{"name":"wp","href":"https:\/\/api.w.org\/{rel}","templated":true}]}}