{"id":15290,"date":"2025-01-19T14:20:40","date_gmt":"2025-01-19T14:20:40","guid":{"rendered":"https:\/\/www.hydraulic-cylinders.net\/product\/bucket-cylinder-for-doosan-large-excavator-dh300-5\/"},"modified":"2025-01-19T14:20:42","modified_gmt":"2025-01-19T14:20:42","slug":"bucket-cylinder-for-doosan-large-excavator-dh300-5","status":"publish","type":"product","link":"https:\/\/www.hydraulic-cylinders.net\/lt\/produktas\/bucket-cylinder-for-doosan-large-excavator-dh300-5\/","title":{"rendered":"Kau\u0161o cilindras, skirtas \u201eDoosan\u201c dideliam ekskavatoriui DH300-5"},"content":{"rendered":"<h1>Kau\u0161o cilindras, skirtas \u201eDoosan\u201c dideliam ekskavatoriui DH300-5<\/h1>\n<h2>\u012evadas<\/h2>\n<p>Kau\u0161o cilindras, skirtas dideliam \u201eDoosan\u201c ekskavatoriui DH300-5, yra specializuotas hidraulinis cilindras, naudojamas valdyti kau\u0161o jud\u0117jim\u0105 sunkiojoje technikoje, tokioje kaip ekskavatoriai, ekskavatoriniai krautuvai ir frontaliniai krautuvai. Jo pagrindin\u0117 paskirtis \u2013 leisti pakelti, nuleisti ir pakreipti kau\u0161\u0105, kad b\u016bt\u0173 lengviau tvarkyti \u012fvairias med\u017eiagas. Hidraulin\u0117je sistemoje kau\u0161o cilindras tiksliai valdo kau\u0161o jud\u0117jim\u0105 keisdamas hidraulin\u0117s alyvos sl\u0117g\u012f, tod\u0117l operatoriai gali efektyviai tvarkyti sunkius krovinius ir prisitaikyti prie sud\u0117tingos darbo aplinkos bei \u012fvairi\u0173 eksploatavimo poreiki\u0173.<\/p>\n<p><img decoding=\"async\" src=\"https:\/\/www.hydraulic-cylinders.net\/wp-content\/uploads\/2025\/01\/songte-company-2.webp\" alt=\"Kau\u0161o cilindro vaizdas\"><\/p>\n<h2>Savyb\u0117s<\/h2>\n<ul>\n<li><strong>Didelis stiprumas ir ilgaam\u017ei\u0161kumas:<\/strong> Paprastai pagamintas i\u0161 didelio stiprumo plieno arba aliuminio, jis gali atlaikyti auk\u0161t\u0105 sl\u0117g\u012f ir dideles apkrovas, prisitaikyti prie at\u0161iauri\u0173 darbo s\u0105lyg\u0173 ir buvo sukurtas atsi\u017evelgiant \u012f atsparum\u0105 dilimui ir korozijai, siekiant pailginti jo tarnavimo laik\u0105.<\/li>\n<li><strong>Efektyvus hidraulinis veikimas:<\/strong> Naudoja hidraulin\u0117s alyvos sl\u0117g\u012f, kad b\u016bt\u0173 u\u017etikrintas sklandus teleskopinis jud\u0117jimas, gali greitai reaguoti \u012f valdymo komandas, u\u017etikrinti galingas st\u016bmimo ir traukimo j\u0117gas ir tinka sunkiems kroviniams kelti bei sud\u0117tingoms eksploatavimo u\u017eduotims atlikti.<\/li>\n<li><strong>\u012evair\u016bs tipai:<\/strong> Pagal reikalavimus, kad b\u016bt\u0173 patenkinti skirtingi eksploatavimo poreikiai, galima pasirinkti vienpusio veikimo (hidraulika naudojama tik viena kryptimi) arba dvipusio veikimo (hidraulika naudojama dviem kryptimis) cilindrus. Kai kurie modeliai yra teleskopiniai, tod\u0117l juos galima labiau i\u0161tiesti nedidinant i\u0161orini\u0173 matmen\u0173, tod\u0117l jie tinka naudoti ribotoje erdv\u0117je.<\/li>\n<li><strong>Puikus pakeitimas:<\/strong> M\u016bs\u0173 kau\u0161o cilindras gali puikiai pakeisti original\u0173 gamintojo hidraulin\u012f cilindr\u0105.<\/li>\n<\/ul>\n<p><img decoding=\"async\" src=\"https:\/\/www.hydraulic-cylinders.net\/wp-content\/uploads\/2025\/01\/songte-cylinder-head-with-all-kinds-excavator-models.webp\" alt=\"Pakeitimo cilindro vaizdas\"><\/p>\n<h2>Parai\u0161kos<\/h2>\n<p>Kau\u0161o cilindras yra pla\u010diai pritaikomas \u012fvairiose pramon\u0117s \u0161akose. Keletas pavyzd\u017ei\u0173:<\/p>\n<ul>\n<li><strong>Statybin\u0117 \u012franga:<\/strong> Ekskavatoriuose jie yra b\u016btini kasant, kraunant ir perkeliant grunt\u0105 ar \u0161iuk\u0161les. Ekskavatoriuose krautuvuose kau\u0161o cilindras padeda tiek kasant, tiek keliant. <\/li>\n<li><strong>\u017dem\u0117s \u016bkio technika:<\/strong> Naudojamas priekiniuose krautuvuose dirvo\u017eemiui, \u0161ienui ir kitoms med\u017eiagoms semti, kelti ir transportuoti. <\/li>\n<li><strong>Ekskavatoriai:<\/strong> Kau\u0161o cilindras leid\u017eia kau\u0161ui prasiskverbti \u012f dirv\u0105 ir atlikti kasimo veiksmus. <\/li>\n<li><strong>Priekiniai krautuvai:<\/strong> Priekiniuose krautuvuose jie padeda efektyviai pakelti ir pakreipti krovin\u012f. <\/li>\n<\/ul>\n<h2>Projektavimo aspektai ir atrankos kriterijai<\/h2>\n<p>Kau\u0161o cilindro konstrukcijos aspektai ir pasirinkimo kriterijai yra b\u016btini siekiant u\u017etikrinti tinkam\u0105 jo veikim\u0105 ir ilgaam\u017ei\u0161kum\u0105. Kai kurie i\u0161 \u0161i\u0173 aspekt\u0173 yra \u0161ie:<\/p>\n<h3>Keliamoji galia<\/h3>\n<p>Kau\u0161o cilindras turi atlaikyti ma\u0161inos, kurioje jis sumontuotas, apkrov\u0105. Svarbu pasirinkti cilindr\u0105, kuris atlaikyt\u0173 maksimali\u0105 ma\u0161inos apkrov\u0105, atsi\u017evelgiant \u012f galimas perkrovas.<\/p>\n<h3>Sandarinimas<\/h3>\n<p>Kau\u0161o cilindras turi b\u016bti tinkamai u\u017esandarintas, kad b\u016bt\u0173 i\u0161vengta hidraulinio skys\u010dio nuot\u0117kio. Svarbu pasirinkti sandariklius, pagamintus i\u0161 patvari\u0173 med\u017eiag\u0173 ir atsparius nusid\u0117v\u0117jimui.<\/p>\n<h3>Patvarumas<\/h3>\n<p>Kau\u0161o cilindras turi b\u016bti patvarus ir suprojektuotas taip, kad atlaikyt\u0173 at\u0161iaurias aplinkos s\u0105lygas. Cilindro korpusas ir galiniai dangteliai turi b\u016bti pagaminti i\u0161 didelio stiprumo med\u017eiag\u0173, atspari\u0173 korozijai ir dilimui.<\/p>\n<h3>Saugumas<\/h3>\n<p>Kau\u0161o cilindras turi b\u016bti suprojektuotas atsi\u017evelgiant \u012f saugum\u0105. Svarbu pasirinkti cilindr\u0105, turint\u012f saugos funkcijas, tokias kaip sl\u0117gio ma\u017einimo vo\u017etuvai ir apsauginiai u\u017eraktai, kad b\u016bt\u0173 i\u0161vengta nelaiming\u0173 atsitikim\u0173.<\/p>\n<h3>Prie\u017ei\u016bra<\/h3>\n<p>Kau\u0161o cilindr\u0105 turi b\u016bti lengva pri\u017ei\u016br\u0117ti. Svarbu pasirinkti cilindr\u0105, kur\u012f lengva i\u0161ardyti ir surinkti techninei prie\u017ei\u016brai. Reguliarus techninis aptarnavimas, pvz., tepimas ir sandarikli\u0173 keitimas, yra b\u016btinas norint pailginti jo tarnavimo laik\u0105.<\/p>\n<p><img decoding=\"async\" src=\"https:\/\/www.hydraulic-cylinders.net\/wp-content\/uploads\/2025\/01\/songte-oil-pipes-and-spare-parts.webp\" alt=\"Hidraulinio cilindro dali\u0173 vaizdas\"><\/p>\n<h2>Sandarinimas ir tepimas<\/h2>\n<p>Kau\u0161o cilindre naudojami \u012fvair\u016bs sandarinimo komponentai, tokie kaip st\u016bmoklio ir koto sandarikliai, pagaminti i\u0161 toki\u0173 med\u017eiag\u0173 kaip poliuretanas ir nitrilo kau\u010diukas, siekiant i\u0161vengti skys\u010di\u0173 nutek\u0117jimo. Cilindro korpusas ir galiniai dangteliai yra kruop\u0161\u010diai apdirbti, siekiant pagerinti atsparum\u0105 dilimui. Norint u\u017etikrinti skland\u0173 veikim\u0105 ir suma\u017einti nusid\u0117v\u0117jim\u0105, b\u016btina reguliariai tepti hidrauline alyva.<\/p>\n<h2>Ap\u017ei\u016bra ir prevencin\u0117 prie\u017ei\u016bra<\/h2>\n<p>Reguliarus patikrinimas ir profilaktin\u0117 prie\u017ei\u016bra yra b\u016btini norint pailginti kau\u0161o cilindro tarnavimo laik\u0105. Kai kurios \u012fprastos prie\u017ei\u016bros u\u017eduotys:<\/p>\n<ul>\n<li><strong>Reguliarus patikrinimas:<\/strong> Patikrinkite cilindr\u0105, ar n\u0117ra susid\u0117v\u0117jimo ir pa\u017eeidim\u0173, patikrinkite sandariklius ir patikrinkite visas jungtis, ar n\u0117ra nuot\u0117ki\u0173.<\/li>\n<li><strong>Tepimas:<\/strong> Reguliariai sutepkite cilindr\u0105 hidrauline alyva, kad suma\u017eintum\u0117te trint\u012f ir susid\u0117v\u0117jim\u0105.<\/li>\n<li><strong>Sandariklio keitimas:<\/strong> Pakeiskite visus pa\u017eeistus sandariklius, kad i\u0161vengtum\u0117te hidraulinio skys\u010dio nuot\u0117kio.<\/li>\n<li><strong>Kalibravimo patikrinimas:<\/strong> Patikrinkite cilindro kalibravim\u0105, kad \u012fsitikintum\u0117te, jog jis veikia tinkamai.<\/li>\n<\/ul>\n<p>Svarbu tinkamai sumontuoti kau\u0161o cilindr\u0105, kad i\u0161vengtum\u0117te galim\u0173 pa\u017eeidim\u0173 ir u\u017etikrintum\u0117te saug\u0173 veikim\u0105. Visada laikykit\u0117s gamintojo nurodym\u0173 ir naudokite tinkamus montavimo \u012frankius bei \u012frang\u0105. Tinkamas i\u0161lyginimas ir tinkam\u0173 montavimo laikikli\u0173 naudojimas gali pad\u0117ti stabilizuoti cilindr\u0105. Jei cilindr\u0105 reikia remontuoti arba perkonstruoti, rekomenduojama naudoti originalias dalis ir laikytis gamintojo nurodym\u0173.<\/p>\n<p><img decoding=\"async\" src=\"https:\/\/www.hydraulic-cylinders.net\/wp-content\/uploads\/2025\/01\/songte-chushion-collar.webp\" alt=\"Pagalv\u0117l\u0117s apykakl\u0117s vaizdas\"><\/p>\n<h2>Saugos ir aplinkosaugos aspektai<\/h2>\n<p>Naudojant kau\u0161o cilindr\u0105, reikia imtis saugos priemoni\u0173, kad b\u016bt\u0173 i\u0161vengta nelaiming\u0173 atsitikim\u0173. B\u016btina laikytis saugos nurodym\u0173 ir taisykli\u0173, pavyzd\u017eiui, d\u0117v\u0117ti tinkamas apsaugines priemones ir u\u017etikrinti, kad ma\u0161ina b\u016bt\u0173 tinkamai pri\u017ei\u016brima ir naudojama. Taip pat reikia atsi\u017evelgti \u012f aplinkosaugos aspektus, pavyzd\u017eiui, tinkam\u0105 hidraulini\u0173 skys\u010di\u0173 ir kit\u0173 aplinkai kenksming\u0173 med\u017eiag\u0173 \u0161alinim\u0105.<\/p>\n<h2>Da\u017enos problemos ir trik\u010di\u0173 \u0161alinimas<\/h2>\n<p>Kau\u0161o cilindrui eksploatacijos metu gali kilti \u012fvairi\u0173 problem\u0173. Kai kurios da\u017eniausios problemos yra \u0161ios:<\/p>\n<ul>\n<li><strong>Skys\u010di\u0173 nuot\u0117kiai:<\/strong> Tai gali sukelti pa\u017eeisti sandarikliai arba jungtys.<\/li>\n<li><strong>L\u0117tas veikimas:<\/strong> Tai gali sukelti \u017eemas hidraulinio skys\u010dio lygis arba susid\u0117v\u0117j\u0119 sandarikliai.<\/li>\n<li><strong>Per didelis triuk\u0161mas:<\/strong> Tai gali sukelti susid\u0117v\u0117j\u0119 guoliai ar kitos judan\u010dios dalys.<\/li>\n<\/ul>\n<p>Norint pa\u0161alinti triktis ir i\u0161spr\u0119sti \u0161ias problemas, svarbu laikytis gamintojo nurodym\u0173 ir naudoti tinkamus trik\u010di\u0173 \u0161alinimo metodus. Rekomenduojama reguliariai atlikti technin\u0119 prie\u017ei\u016br\u0105, kad \u0161ios problemos nekilt\u0173.<\/p>\n<p><img decoding=\"async\" src=\"https:\/\/www.hydraulic-cylinders.net\/wp-content\/uploads\/2025\/01\/songte-bushings-with-all-kinds-of-excavator-models.webp\" alt=\"Hidraulini\u0173 cilindr\u0173 \u012fvori\u0173 vaizdas\"><\/p>\n<h2>Apie m\u016bs\u0173 \u012fmon\u0119<\/h2>\n<p>Esame pirmaujanti hidraulini\u0173 cilindr\u0173 gamintoja ir didmenin\u0117 platintoja, specializuojam\u0117s hidraulini\u0173 cilindr\u0173 keitime. M\u016bs\u0173 \u012fmon\u0117 si\u016blo plat\u0173 gamini\u0173 asortiment\u0105, \u012fskaitant \u012fvairi\u0173 tip\u0173 hidraulinius cilindrus, kurie tapo vienu i\u0161 pirmaujan\u010di\u0173 gamini\u0173 vidaus ir u\u017esienio rinkose. M\u016bs\u0173 \u012fmon\u0117 laikosi i\u0161skirtin\u0117s kokyb\u0117s principo ir remiasi konkre\u010diai pramonei skirtomis gamybos valdymo strategijomis kruop\u0161\u010diai pagamintose dirbtuv\u0117se, taip pat techniniais talentais, auk\u0161\u010diausios klas\u0117s skaitmenine gamybos \u012franga ir profesionaliomis testavimo sistemomis, nuolat tobulindama gamybos platform\u0105 dirbtuv\u0117se ir gerindama gamini\u0173 kokyb\u0119. Turime stipri\u0173 k\u016brybini\u0173 paj\u0117gum\u0173 ir galime patenkinti \u012fvairius klient\u0173 poreikius, vadovaudamiesi didelio efektyvumo, didelio tikslumo ir auk\u0161tos kokyb\u0117s principais.<\/p>\n<p><img decoding=\"async\" src=\"https:\/\/hzpt.com\/wp-content\/uploads\/2024\/11\/songte-company-1.webp\" alt=\"\u012emon\u0117s \u012fvaizdis\"><\/p>\n<h3>Profesionalumas<\/h3>\n<p>M\u016bs\u0173 \u012fmon\u0117je dirba auk\u0161tos kvalifikacijos specialist\u0173 komanda, turinti ilgamet\u0119 patirt\u012f \u0161ioje srityje. Nuo projektavimo iki gamybos ir pardavimo \u2013 turime ekspert\u0173 komand\u0105, kuri u\u017etikrina kokyb\u0119 ir efektyvum\u0105.<\/p>\n<h3>Tarptautinis sertifikavimas<\/h3>\n<p>M\u016bs\u0173 \u012fmon\u0117 yra gavusi \u012fvairius tarptautinius sertifikatus, tokius kaip ISO9001 ir CE, kurie u\u017etikrina, kad m\u016bs\u0173 gaminiai atitinka tarptautinius kokyb\u0117s ir saugos standartus.<\/p>\n<h3>Individualiai pritaikytos paslaugos<\/h3>\n<p>M\u016bs\u0173 \u012fmon\u0117 teikia individualiai pritaikytas paslaugas, atsi\u017evelgdama \u012f konkre\u010dius klient\u0173 poreikius, \u012fskaitant nestandartinius dizainus, dyd\u017eius ir med\u017eiagas.<\/p>\n<h3>Gamybos \u012franga<\/h3>\n<p>M\u016bs\u0173 \u012fmon\u0117 investavo \u012f pa\u017eangi\u0105 gamybos \u012frang\u0105, \u012fskaitant CNC stakles ir bandym\u0173 \u012frang\u0105, siekdama u\u017etikrinti gamybos tikslum\u0105 ir efektyvum\u0105.<\/p>\n<h3>Aptarnavimas po pardavimo<\/h3>\n<p>M\u016bs\u0173 \u012fmon\u0117 teikia i\u0161samias garantinio aptarnavimo paslaugas, \u012fskaitant technin\u0119 prie\u017ei\u016br\u0105 ir remont\u0105, siekdama u\u017etikrinti klient\u0173 pasitenkinim\u0105 ir ilgesn\u012f gamini\u0173 tarnavimo laik\u0105.<\/p>\n<h4>Autorius: lyl<\/h4>","protected":false},"excerpt":{"rendered":"<p>Bucket Cylinder For Doosan Large Excavator DH300-5 Introduction The bucket cylinder for Doosan large excavator DH300-5 is a specialized hydraulic cylinder used to control the movement of the bucket in heavy machinery such as excavators, backhoe loaders, and front-end loaders. Its main purpose is to allow the bucket to be raised, lowered, and tilted, making [&hellip;]<\/p>","protected":false},"featured_media":14776,"comment_status":"open","ping_status":"closed","template":"","meta":{"_et_pb_use_builder":"","_et_pb_old_content":"","_et_gb_content_width":""},"product_brand":[],"product_cat":[1494],"product_tag":[1495,1496],"class_list":{"0":"post-15290","1":"product","2":"type-product","3":"status-publish","4":"has-post-thumbnail","6":"product_cat-bucket-cylinders","7":"product_tag-bucket-cylinders","8":"product_tag-hydraulic-cylinders","10":"first","11":"instock","12":"shipping-taxable","13":"product-type-simple"},"amp_enabled":true,"_links":{"self":[{"href":"https:\/\/www.hydraulic-cylinders.net\/lt\/wp-json\/wp\/v2\/product\/15290","targetHints":{"allow":["GET"]}}],"collection":[{"href":"https:\/\/www.hydraulic-cylinders.net\/lt\/wp-json\/wp\/v2\/product"}],"about":[{"href":"https:\/\/www.hydraulic-cylinders.net\/lt\/wp-json\/wp\/v2\/types\/product"}],"replies":[{"embeddable":true,"href":"https:\/\/www.hydraulic-cylinders.net\/lt\/wp-json\/wp\/v2\/comments?post=15290"}],"wp:featuredmedia":[{"embeddable":true,"href":"https:\/\/www.hydraulic-cylinders.net\/lt\/wp-json\/wp\/v2\/media\/14776"}],"wp:attachment":[{"href":"https:\/\/www.hydraulic-cylinders.net\/lt\/wp-json\/wp\/v2\/media?parent=15290"}],"wp:term":[{"taxonomy":"product_brand","embeddable":true,"href":"https:\/\/www.hydraulic-cylinders.net\/lt\/wp-json\/wp\/v2\/product_brand?post=15290"},{"taxonomy":"product_cat","embeddable":true,"href":"https:\/\/www.hydraulic-cylinders.net\/lt\/wp-json\/wp\/v2\/product_cat?post=15290"},{"taxonomy":"product_tag","embeddable":true,"href":"https:\/\/www.hydraulic-cylinders.net\/lt\/wp-json\/wp\/v2\/product_tag?post=15290"}],"curies":[{"name":"wp","href":"https:\/\/api.w.org\/{rel}","templated":true}]}}