{"id":15293,"date":"2025-01-19T14:20:51","date_gmt":"2025-01-19T14:20:51","guid":{"rendered":"https:\/\/www.hydraulic-cylinders.net\/product\/bucket-cylinder-for-doosan-large-excavator-dx350xl\/"},"modified":"2025-01-19T14:20:53","modified_gmt":"2025-01-19T14:20:53","slug":"bucket-cylinder-for-doosan-large-excavator-dx350xl","status":"publish","type":"product","link":"https:\/\/www.hydraulic-cylinders.net\/lt\/produktas\/bucket-cylinder-for-doosan-large-excavator-dx350xl\/","title":{"rendered":"Kau\u0161o cilindras, skirtas \u201eDoosan\u201c dideliems ekskavatoriams DX350XL"},"content":{"rendered":"<h1>Kau\u0161o cilindras Doosan dideliems ekskavatoriams DX350XL<\/h1>\n<h2>\u012evadas<\/h2>\n<p>Kau\u0161o cilindras, skirtas dideliam \u201eDoosan\u201c ekskavatoriui DX350XL, yra specializuotas hidraulinis cilindras, skirtas valdyti kau\u0161o jud\u0117jim\u0105 sunkiojoje technikoje, pavyzd\u017eiui, ekskavatoriuose, ekskavatoriniuose ekskavatoriuose ir frontaliniuose krautuvuose. Jo pagrindin\u0117 funkcija \u2013 pakelti, nuleisti ir pakreipti kau\u0161\u0105 atliekant \u012fvairias med\u017eiag\u0173 tvarkymo u\u017eduotis. Hidraulin\u0117je sistemoje kau\u0161o cilindras tiksliai valdo kau\u0161o jud\u0117jim\u0105 keisdamas hidraulin\u0117s alyvos sl\u0117g\u012f, tod\u0117l operatoriai gali efektyviai valdyti sunkius krovinius ir prisitaikyti prie sud\u0117tingos darbo aplinkos bei \u012fvairi\u0173 darbo reikalavim\u0173.<\/p>\n<p><img decoding=\"async\" src=\"https:\/\/www.hydraulic-cylinders.net\/wp-content\/uploads\/2025\/01\/songte-company-2.webp\" alt=\"Kau\u0161o cilindras Doosan dideliems ekskavatoriams DX350XL\"><\/p>\n<h2>Savyb\u0117s<\/h2>\n<ul>\n<li>Didelis stiprumas ir ilgaam\u017ei\u0161kumas: Paprastai pagamintas i\u0161 didelio stiprumo plieno arba aliuminio, jis gali atlaikyti auk\u0161t\u0105 sl\u0117g\u012f ir dideles apkrovas, be to, yra suprojektuotas atsi\u017evelgiant \u012f atsparum\u0105 dilimui ir korozijai, taip pailginant jo tarnavimo laik\u0105.<\/li>\n<li>Efektyvus hidraulinis veikimas: Naudoja hidraulin\u0117s alyvos sl\u0117g\u012f, kad b\u016bt\u0173 pasiekti skland\u016bs i\u0161pl\u0117timo ir susitraukimo veiksmai, gali greitai reaguoti \u012f valdymo komandas, u\u017etikrinti galing\u0105 st\u016bmimo ir traukimo j\u0117g\u0105 ir tinka sunkiems kroviniams ir sud\u0117tingoms darbo u\u017eduotims atlikti.<\/li>\n<li>\u012evair\u016bs tipai: pagal poreik\u012f galima pasirinkti vienpusio veikimo (hidraulika naudojama tik viena kryptimi) arba dvipusio veikimo (hidraulika naudojama dviem kryptimis) cilindrus, kad b\u016bt\u0173 patenkinti skirtingi eksploataciniai reikalavimai. Kai kurie modeliai yra teleskopiniai, tod\u0117l juos galima labiau i\u0161tiesti nedidinant i\u0161orini\u0173 matmen\u0173, tod\u0117l jie tinka naudoti ribotoje erdv\u0117je.<\/li>\n<li>Lengva montuoti: m\u016bs\u0173 gaminys gali puikiai pakeisti \u0161iuos hidraulinius cilindrus.<\/li>\n<\/ul>\n<p><img decoding=\"async\" src=\"https:\/\/www.hydraulic-cylinders.net\/wp-content\/uploads\/2025\/01\/songte-cylinder-head-with-all-kinds-excavator-models.webp\" alt=\"Kau\u0161o cilindras Doosan dideliems ekskavatoriams DX350XL\"><\/p>\n<h2>Parai\u0161kos<\/h2>\n<p>\u201eDoosan\u201c didelio ekskavatoriaus DX350XL kau\u0161o cilindras yra pla\u010diai naudojamas \u012fvairiose sunkiosiose ma\u0161inose, \u012fskaitant:<\/p>\n<ul>\n<li>Statybin\u0117 \u012franga: ekskavatoriuose ji yra b\u016btina kasant, kraunant ir perkeliant grunt\u0105 ar \u0161iuk\u0161les. Ekskavatoriuose kau\u0161o cilindras padeda ir kasti, ir kelti. <\/li>\n<li>\u017dem\u0117s \u016bkio technika: naudojama priekiniuose krautuvuose dirvo\u017eemiui, \u0161ienui ir kitoms med\u017eiagoms kasti, kelti ir transportuoti. <\/li>\n<li>Krautuvas: Priekiniame krautuve jie padeda efektyviai pakelti ir pakreipti krovin\u012f.<\/li>\n<\/ul>\n<h2>Projektavimo aspektai ir atrankos kriterijai<\/h2>\n<p>Didelio \u201eDoosan\u201c ekskavatoriaus DX350XL kau\u0161o cilindras suprojektuotas atsi\u017evelgiant \u012f pagrindinius aspektus, tokius kaip laikomoji galia, sandarumas, ilgaam\u017ei\u0161kumas, saugumas ir prie\u017ei\u016bra. <\/p>\n<ul>\n<li>Geb\u0117jimas i\u0161laikyti stabilum\u0105 ir tikslum\u0105: Cilindras turi atlaikyti auk\u0161t\u0105 sl\u0117g\u012f ir dideles apkrovas. <\/li>\n<li>Sandarinimas: Cilindre naudojami \u012fvair\u016bs sandarikliai, tokie kaip st\u016bmokliniai sandarikliai, stryp\u0173 sandarikliai ir kt., o sandarinimo med\u017eiaga parenkama i\u0161 atspari\u0173 dilimui med\u017eiag\u0173, toki\u0173 kaip poliuretanas ir nitrilo kau\u010diukas. <\/li>\n<li>Patvarumas: Cilindro korpusas ir srieginiai galiniai pavir\u0161iai yra kruop\u0161\u010diai apdirbti, siekiant pagerinti atsparum\u0105 dilimui. <\/li>\n<li>Sauga: Cilindras turi atitikti \u012fvairius saugos standartus ir reglamentus, kad b\u016bt\u0173 u\u017etikrintas saugus eksploatavimas. <\/li>\n<li>Prie\u017ei\u016bra: Reguliarus techninis aptarnavimas ir remontas, siekiant i\u0161vengti gedim\u0173 ir pailginti eksploatavimo laik\u0105. <\/li>\n<\/ul>\n<p><img decoding=\"async\" src=\"https:\/\/www.hydraulic-cylinders.net\/wp-content\/uploads\/2025\/01\/songte-oil-pipes-and-spare-parts.webp\" alt=\"Kau\u0161o cilindras Doosan dideliems ekskavatoriams DX350XL\"><\/p>\n<h2>Sandarinimas ir tepimas<\/h2>\n<p>Didelio \u201eDoosan\u201c ekskavatoriaus DX350XL kau\u0161o cilindre naudojami \u012fvair\u016bs sandarinimo elementai, tokie kaip st\u016bmokli\u0173 ir stryp\u0173 sandarikliai, pagaminti i\u0161 atspari\u0173 dilimui med\u017eiag\u0173, toki\u0173 kaip poliuretanas ir nitrilo kau\u010diukas. Cilindro korpusas ir srieginiai galiniai pavir\u0161iai yra kruop\u0161\u010diai apdirbti, siekiant pagerinti atsparum\u0105 dilimui. Norint u\u017etikrinti skland\u0173 veikim\u0105 ir i\u0161vengti nusid\u0117v\u0117jimo, b\u016btina reguliariai tepti tinkama hidrauline alyva.<\/p>\n<h2>Prie\u017ei\u016bra ir remontas<\/h2>\n<p>Norint i\u0161vengti gedim\u0173 ir pailginti \u201eDoosan\u201c didelio ekskavatoriaus DX350XL kau\u0161o cilindro tarnavimo laik\u0105, b\u016btina reguliariai tikrinti ir atlikti prevencines prie\u017ei\u016bros priemones. Kai kurios \u012fprastos prie\u017ei\u016bros u\u017eduotys:<\/p>\n<ul>\n<li>Reguliarus patikrinimas: reguliariai tikrinkite cilindr\u0105, ar n\u0117ra susid\u0117v\u0117jimo, pa\u017eeidim\u0173 ir nuot\u0117kio po\u017eymi\u0173. <\/li>\n<li>Tinkamas tepimas: sutepkite cilindr\u0105 rekomenduojama hidrauline alyva, kad u\u017etikrintum\u0117te skland\u0173 veikim\u0105. <\/li>\n<li>Tarpikli\u0173 keitimas: Keiskite tarpiklius pagal poreik\u012f, kad i\u0161vengtum\u0117te nuot\u0117kio ir i\u0161laikytum\u0117te sandarinimo efektyvum\u0105. <\/li>\n<li>Kalibravimo patikrinimas: patikrinkite cilindro kalibravim\u0105, kad u\u017etikrintum\u0117te tiksl\u0173 ir skland\u0173 veikim\u0105. <\/li>\n<\/ul>\n<p><img decoding=\"async\" src=\"https:\/\/www.hydraulic-cylinders.net\/wp-content\/uploads\/2025\/01\/songte-chushion-collar.webp\" alt=\"Kau\u0161o cilindras Doosan dideliems ekskavatoriams DX350XL\"><\/p>\n<h2>Saugos aspektai ir aplinkos veiksniai<\/h2>\n<p>Naudojant kau\u0161o cilindr\u0105 dideliam \u201eDoosan\u201c ekskavatoriui DX350XL, reikia imtis tinkam\u0173 saugos priemoni\u0173, kad b\u016bt\u0173 i\u0161vengta nelaiming\u0173 atsitikim\u0173 ir u\u017etikrintas saugus eksploatavimas. Taip pat svarbu atsi\u017evelgti \u012f aplinkos veiksnius, tokius kaip alyvos nuot\u0117kis ir tar\u0161os prevencija, siekiant apsaugoti aplink\u0105.<\/p>\n<h2>Trik\u010di\u0173 \u0161alinimas ir da\u017eniausios problemos<\/h2>\n<p>Kai kurios da\u017enos problemos, kurios gali kilti naudojant kau\u0161o cilindr\u0105 dideliam \u201eDoosan\u201c ekskavatoriui DX350XL, yra nuot\u0117kis, prastas sandarumas ir kalibravimo klaidos. Norint veiksmingai diagnozuoti ir i\u0161spr\u0119sti \u0161ias problemas, b\u016btina reguliariai tikrinti ir atlikti prevencines prie\u017ei\u016bros priemones.<\/p>\n<p><img decoding=\"async\" src=\"https:\/\/www.hydraulic-cylinders.net\/wp-content\/uploads\/2025\/01\/songte-bushings-with-all-kinds-of-excavator-models.webp\" alt=\"Kau\u0161o cilindras Doosan dideliems ekskavatoriams DX350XL\"><\/p>\n<h2>Apie m\u016bs\u0173 \u012fmon\u0119<\/h2>\n<p>Esame pakaitini\u0173 hidraulini\u0173 cilindr\u0173 gamintojas, si\u016blantis plat\u0173 gamini\u0173 asortiment\u0105, tap\u0119s vienu i\u0161 pirmaujan\u010di\u0173 hidraulini\u0173 cilindr\u0173 gamintoj\u0173 ir didmenini\u0173 platintoj\u0173 vidaus ir u\u017esienio rinkose. Vadovaujam\u0117s puikios kokyb\u0117s principais ir taikome pramonin\u0117s gamybos valdymo strategijas, skirtas smulkiosios gamybos dirbtuv\u0117ms, nuolat tobulindami dirbtuvi\u0173 gamybos platform\u0105, gerindami gamini\u0173 kokyb\u0117s gamybos linij\u0105 ir tur\u0117dami stipri\u0173 k\u016brybini\u0173 paj\u0117gum\u0173, kad patenkintume \u012fvairius klient\u0173 poreikius, u\u017etikrindami auk\u0161t\u0105 efektyvum\u0105, tikslum\u0105 ir kokyb\u0119.<\/p>\n<p>Si\u016blome profesionalias, tarptautiniu mastu sertifikuotas, pritaikytas paslaugas, turime pa\u017eangi\u0105 gamybos \u012frang\u0105 ir profesionalias bandym\u0173 sistemas. Taip pat teikiame dali\u0173 keitimo ir remonto paslaugas, siekdami prailginti hidraulini\u0173 cilindr\u0173 tarnavimo laik\u0105.<\/p>\n<p><img decoding=\"async\" src=\"https:\/\/hzpt.com\/wp-content\/uploads\/2024\/11\/songte-company-1.webp\" alt=\"Kau\u0161o cilindras Doosan dideliems ekskavatoriams DX350XL\"><\/p>\n<p>Autorius: lyl<\/p>","protected":false},"excerpt":{"rendered":"<p>Bucket Cylinder for Doosan Large Excavator DX350XL Introduction The bucket cylinder for Doosan large excavator DX350XL is a specialized hydraulic cylinder designed to control the movement of the bucket in heavy machinery, such as excavators, backhoe excavators, and front loaders. Its main function is to lift, lower, and tilt the bucket for various material handling [&hellip;]<\/p>","protected":false},"featured_media":14769,"comment_status":"open","ping_status":"closed","template":"","meta":{"_et_pb_use_builder":"","_et_pb_old_content":"","_et_gb_content_width":""},"product_brand":[],"product_cat":[1494],"product_tag":[1495,1496],"class_list":{"0":"post-15293","1":"product","2":"type-product","3":"status-publish","4":"has-post-thumbnail","6":"product_cat-bucket-cylinders","7":"product_tag-bucket-cylinders","8":"product_tag-hydraulic-cylinders","10":"first","11":"instock","12":"shipping-taxable","13":"product-type-simple"},"amp_enabled":true,"_links":{"self":[{"href":"https:\/\/www.hydraulic-cylinders.net\/lt\/wp-json\/wp\/v2\/product\/15293","targetHints":{"allow":["GET"]}}],"collection":[{"href":"https:\/\/www.hydraulic-cylinders.net\/lt\/wp-json\/wp\/v2\/product"}],"about":[{"href":"https:\/\/www.hydraulic-cylinders.net\/lt\/wp-json\/wp\/v2\/types\/product"}],"replies":[{"embeddable":true,"href":"https:\/\/www.hydraulic-cylinders.net\/lt\/wp-json\/wp\/v2\/comments?post=15293"}],"wp:featuredmedia":[{"embeddable":true,"href":"https:\/\/www.hydraulic-cylinders.net\/lt\/wp-json\/wp\/v2\/media\/14769"}],"wp:attachment":[{"href":"https:\/\/www.hydraulic-cylinders.net\/lt\/wp-json\/wp\/v2\/media?parent=15293"}],"wp:term":[{"taxonomy":"product_brand","embeddable":true,"href":"https:\/\/www.hydraulic-cylinders.net\/lt\/wp-json\/wp\/v2\/product_brand?post=15293"},{"taxonomy":"product_cat","embeddable":true,"href":"https:\/\/www.hydraulic-cylinders.net\/lt\/wp-json\/wp\/v2\/product_cat?post=15293"},{"taxonomy":"product_tag","embeddable":true,"href":"https:\/\/www.hydraulic-cylinders.net\/lt\/wp-json\/wp\/v2\/product_tag?post=15293"}],"curies":[{"name":"wp","href":"https:\/\/api.w.org\/{rel}","templated":true}]}}