{"id":15294,"date":"2025-01-19T14:20:55","date_gmt":"2025-01-19T14:20:55","guid":{"rendered":"https:\/\/www.hydraulic-cylinders.net\/product\/bucket-cylinder-for-doosan-large-excavator-dx700lc\/"},"modified":"2025-01-19T14:20:57","modified_gmt":"2025-01-19T14:20:57","slug":"bucket-cylinder-for-doosan-large-excavator-dx700lc","status":"publish","type":"product","link":"https:\/\/www.hydraulic-cylinders.net\/lt\/produktas\/bucket-cylinder-for-doosan-large-excavator-dx700lc\/","title":{"rendered":"Kau\u0161o cilindras, skirtas \u201eDoosan\u201c dideliems ekskavatoriams DX700LC"},"content":{"rendered":"<h1>Kau\u0161o cilindras, skirtas \u201eDoosan\u201c dideliems ekskavatoriams DX700LC<\/h1>\n<h2>\u012evadas<\/h2>\n<h3>Kas yra kibiro cilindras?<\/h3>\n<p>Kau\u0161o cilindras yra specialiai suprojektuotas hidraulinis cilindras, kuris pirmiausia naudojamas kau\u0161o jud\u0117jimui valdyti sunkiosiose ma\u0161inose, tokiose kaip ekskavatoriai, ekskavatoriniai krautuvai ir frontaliniai krautuvai. Jo pagrindin\u0117 funkcija \u2013 leisti kau\u0161ui pakilti, nuleisti ir pakreipti, kad b\u016bt\u0173 lengviau transportuoti \u012fvairias med\u017eiagas. Hidraulin\u0117je sistemoje kau\u0161o cilindras naudoja hidraulin\u0117s alyvos sl\u0117gio poky\u010dius, kad tiksliai valdyt\u0173 kau\u0161\u0105, o tai leid\u017eia operatoriams efektyviai valdyti sunkius krovinius ir prisitaikyti prie sud\u0117tingos darbo aplinkos bei \u012fvairi\u0173 eksploatavimo reikalavim\u0173.<\/p>\n<p><img decoding=\"async\" src=\"https:\/\/www.hydraulic-cylinders.net\/wp-content\/uploads\/2025\/01\/songte-company-2.webp\" alt=\"Kau\u0161o cilindro vaizdas\"><\/p>\n<h2>Savyb\u0117s<\/h2>\n<ul>\n<li>Didelis stiprumas ir ilgaam\u017ei\u0161kumas: Paprastai pagamintas i\u0161 didelio stiprumo plieno arba aliuminio, jis gali atlaikyti auk\u0161t\u0105 sl\u0117g\u012f ir dideles apkrovas, prisitaikyti prie at\u0161iauri\u0173 darbo s\u0105lyg\u0173 ir yra atsparus dilimui bei korozijai, kad prailgint\u0173 tarnavimo laik\u0105.<\/li>\n<li>Efektyvus hidraulinis veikimas: Naudoja hidraulin\u0117s alyvos sl\u0117g\u012f, kad b\u016bt\u0173 u\u017etikrintas sklandus i\u0161pl\u0117timas ir \u012ftraukimas, greitai reaguot\u0173 \u012f valdymo komandas, u\u017etikrint\u0173 stipri\u0105 st\u016bmimo ir traukimo j\u0117g\u0105 ir tinka sunkiems kroviniams bei sud\u0117tingoms eksploatavimo u\u017eduotims valdyti.<\/li>\n<li>\u012evair\u016bs tipai: pagal poreik\u012f galima pasirinkti vienpusio veikimo (hidraulinis mechanizmas naudojamas tik viena kryptimi) arba dvipusio veikimo (hidraulinis mechanizmas naudojamas abiem kryptimis) cilindrus, kad b\u016bt\u0173 patenkinti skirtingi eksploataciniai reikalavimai. Kai kurie modeliai yra teleskopiniai, tod\u0117l juos galima labiau prailginti nedidinant i\u0161orini\u0173 matmen\u0173, tod\u0117l jie tinka naudoti ribotoje erdv\u0117je.<\/li>\n<\/ul>\n<p>Mes galime pagaminti \u0161\u012f produkt\u0105, m\u016bs\u0173 produktas gali puikiai pakeisti \u0161iuos hidraulinius cilindrus.<\/p>\n<p><img decoding=\"async\" src=\"https:\/\/www.hydraulic-cylinders.net\/wp-content\/uploads\/2025\/01\/songte-cylinder-head-with-all-kinds-excavator-models.webp\" alt=\"Kau\u0161o cilindro pakeitimo paveiksl\u0117lis\"><\/p>\n<h2>Parai\u0161kos<\/h2>\n<h3>Statybin\u0117 \u012franga<\/h3>\n<p>Ekskavatoriuose jie yra b\u016btini kasant, kraunant ir perkeliant dirvo\u017eem\u012f ar \u0161iuk\u0161les. Ekskavatoriuose-krautuvuose kau\u0161o cilindras padeda tiek kasti, tiek kelti. \u017dem\u0117s \u016bkio ma\u0161inoje jis naudojamas frontaliniams krautuvams, kad b\u016bt\u0173 galima surinkti, pakelti ir transportuoti dirvo\u017eem\u012f, \u0161ien\u0105 ir kitas med\u017eiagas. Krautuvuose jie padeda efektyviai kelti ir i\u0161versti krovinius.<\/p>\n<h2>Projektavimo aspektai ir atrankos kriterijai<\/h2>\n<h3>Keliamoji galia<\/h3>\n<p>Kau\u0161o cilindro keliamoji galia yra labai svarbi. Jis turi b\u016bti suprojektuotas taip, kad atlaikyt\u0173 keliamo krovinio svor\u012f ir hidraulin\u012f sl\u0117g\u012f.<\/p>\n<h3>Sandarinimas<\/h3>\n<p>Sandarinimas yra b\u016btinas siekiant i\u0161vengti hidraulin\u0117s alyvos nuot\u0117kio ir u\u017etikrinti skland\u0173 kau\u0161o cilindro veikim\u0105.<\/p>\n<h3>Patvarumas<\/h3>\n<p>Kau\u0161o cilindras turi b\u016bti suprojektuotas atsi\u017evelgiant \u012f ilgaam\u017ei\u0161kum\u0105, atsparum\u0105 dilimui ir korozijai, kad b\u016bt\u0173 pailgintas jo tarnavimo laikas.<\/p>\n<h3>Saugumas<\/h3>\n<p>Kau\u0161o cilindras turi b\u016bti suprojektuotas taip, kad atitikt\u0173 ma\u0161inos ir operatoriaus saugos reikalavimus.<\/p>\n<h3>Prie\u017ei\u016bra<\/h3>\n<p>Kau\u0161o cilindras turi b\u016bti suprojektuotas atsi\u017evelgiant \u012f lengv\u0105 prie\u017ei\u016br\u0105, su lengvai prieinamais komponentais prie\u017ei\u016brai ir remontui.<\/p>\n<p><img decoding=\"async\" src=\"https:\/\/www.hydraulic-cylinders.net\/wp-content\/uploads\/2025\/01\/songte-oil-pipes-and-spare-parts.webp\" alt=\"Kau\u0161o cilindro dali\u0173 vaizdas\"><\/p>\n<h2>Sandarinimas ir tepimas<\/h2>\n<p>Naudojami \u012fvair\u016bs sandarinimo elementai, tokie kaip st\u016bmokli\u0173 sandarikliai, stryp\u0173 sandarikliai ir kt. \u0160iems sandarikliams naudojamos atsparios dilimui med\u017eiagos, tokios kaip poliuretanas ir nitrilo kau\u010diukas. Cilindro korpusas ir srieginis galinis pavir\u0161ius yra kruop\u0161\u010diai apdirbti, siekiant pagerinti atsparum\u0105 dilimui. Kau\u0161o cilindr\u0105 reikia reguliariai tepti hidrauline alyva, kad b\u016bt\u0173 u\u017etikrintas sklandus veikimas, tod\u0117l b\u016btina naudoti tinkam\u0105 tepimo alyv\u0105.<\/p>\n<h2>Ap\u017ei\u016bros ir prevencin\u0117s prie\u017ei\u016bros priemon\u0117s<\/h2>\n<p>Periodin\u0117s patikros, tinkamas tepimas, sandarikli\u0173 keitimas ir kalibravimo patikrinimai yra \u012fprastos technin\u0117s prie\u017ei\u016bros u\u017eduotys. Tinkamas montavimas, tepimas ir reguliavimas yra labai svarb\u016bs. Montuojant reikia pateikti tinkamas lygiavimo gaires, o cilindras turi b\u016bti pritvirtintas atitinkamais tvirtinimo laikikliais. Reikia laikytis rekomenduojam\u0173 patikros, remonto ir keitimo proced\u016br\u0173. Siekiant prailginti kau\u0161o cilindro tarnavimo laik\u0105, galima \u012fsigyti atsargini\u0173 dali\u0173 ir atlikti remonto darbus.<\/p>\n<p><img decoding=\"async\" src=\"https:\/\/www.hydraulic-cylinders.net\/wp-content\/uploads\/2025\/01\/songte-chushion-collar.webp\" alt=\"Kau\u0161o cilindro prie\u017ei\u016bros paveiksl\u0117lis\"><\/p>\n<h2>Saugos aspektai ir aplinkos veiksniai<\/h2>\n<p>Naudojant kau\u0161o cilindr\u0105, reikia imtis saugos priemoni\u0173, pavyzd\u017eiui, d\u0117v\u0117ti asmenines apsaugos priemones. Siekiant apsaugoti aplink\u0105, reikia u\u017etikrinti tinkam\u0105 panaudotos hidraulin\u0117s alyvos ir komponent\u0173 utilizavim\u0105.<\/p>\n<h2>Diagnoz\u0117 ir trik\u010di\u0173 \u0161alinimas<\/h2>\n<p>Da\u017eniausios kau\u0161o cilindro problemos yra nuot\u0117kis, l\u0117tas veikimas ir pa\u017eeisti sandarikliai. Tinkama diagnostika ir trik\u010di\u0173 \u0161alinimas yra b\u016btini norint veiksmingai nustatyti ir i\u0161spr\u0119sti problemas.<\/p>\n<p>Kai kurie trik\u010di\u0173 \u0161alinimo patarimai apima nuot\u0117ki\u0173 patikrinim\u0105, cilindro ap\u017ei\u016br\u0105 d\u0117l susid\u0117v\u0117jimo ir pa\u017eeidim\u0173 bei tinkamo hidraulinio sl\u0117gio ir srauto grei\u010dio patikrinim\u0105. Da\u017ena ap\u017ei\u016bra ir prie\u017ei\u016bra gali pad\u0117ti i\u0161vengti galim\u0173 problem\u0173.<\/p>\n<p><img decoding=\"async\" src=\"https:\/\/www.hydraulic-cylinders.net\/wp-content\/uploads\/2025\/01\/songte-bushings-with-all-kinds-of-excavator-models.webp\" alt=\"Kau\u0161o cilindro trik\u010di\u0173 \u0161alinimo paveiksl\u0117lis\"><\/p>\n<h2>M\u016bs\u0173 \u012fmon\u0117<\/h2>\n<p>Esame pakaitini\u0173 hidraulini\u0173 cilindr\u0173 gamintojas, tod\u0117l m\u016bs\u0173 gamini\u0173 asortimentas yra platus. Esame vieni i\u0161 pirmaujan\u010di\u0173 hidraulini\u0173 cilindr\u0173 gamintoj\u0173 ir didmenini\u0173 platintoj\u0173 tiek vidaus, tiek tarptautin\u0117je rinkose. Vadovaujam\u0117s puikios kokyb\u0117s koncepcija ir pasikliaujame sud\u0117ting\u0173 gamybos dirbtuvi\u0173 pramonin\u0117s gamybos valdymo strategija. Nuolat tobuliname dirbtuvi\u0173 gamybos platform\u0105, tobuliname gamini\u0173 kokyb\u0117s gamybos linij\u0105 ir turime stipri\u0173 inovacij\u0173 paj\u0117gum\u0173. Siekiame patenkinti \u012fvairius savo klient\u0173 poreikius, teikdami didelio efektyvumo, didelio tikslumo ir auk\u0161tos kokyb\u0117s produktus.<\/p>\n<p><img decoding=\"async\" src=\"https:\/\/hzpt.com\/wp-content\/uploads\/2024\/11\/songte-company-1.webp\" alt=\"Kau\u0161o cilindro \u012fmon\u0117s \u012fvaizdis\"><\/p>\n<h3>Profesionalumas<\/h3>\n<p>Turime technini\u0173 ekspert\u0173 komand\u0105, kuri teikia profesionalias paslaugas, \u012fskaitant projektavim\u0105, gamyb\u0105 ir kokyb\u0117s kontrol\u0119, siekdama u\u017etikrinti, kad m\u016bs\u0173 klientai gaut\u0173 geriausius produktus ir paslaugas.<\/p>\n<h3>Tarptautinis sertifikavimas<\/h3>\n<p>M\u016bs\u0173 gaminiai yra sertifikuoti pagal tarptautinius standartus, tokius kaip ISO 9001, CE ir SGS, o tai u\u017etikrina, kad jie atitinka tarptautinius standartus.<\/p>\n<h3>Pritaikymo paslaugos<\/h3>\n<p>Mes teikiame individualiai pritaikytas paslaugas, kad patenkintume konkre\u010dius reikalavimus, \u012fskaitant dyd\u012f, spalv\u0105 ir funkcij\u0105, kad patenkintume \u012fvairius m\u016bs\u0173 klient\u0173 poreikius.<\/p>\n<h3>Gamybos \u012franga<\/h3>\n<p>Naudojame pa\u017eangi\u0105 skaitmenin\u0119 gamybos \u012frang\u0105 ir profesionalias bandym\u0173 laboratorijas, kad u\u017etikrintume auk\u0161\u010diausi\u0105 m\u016bs\u0173 gamini\u0173 kokyb\u0119.<\/p>\n<h3>Aptarnavimas po pardavimo<\/h3>\n<p>Teikiame i\u0161samias garantinio aptarnavimo paslaugas, \u012fskaitant technin\u0119 pagalb\u0105, prie\u017ei\u016br\u0105 ir remont\u0105, siekdami u\u017etikrinti, kad m\u016bs\u0173 klientai gaut\u0173 savalaikes ir profesionalias paslaugas.<\/p>\n<p>Autorius: lyl.<\/p>","protected":false},"excerpt":{"rendered":"<p>Bucket Cylinder For Doosan Large Excavator DX700LC Introduction What is Bucket Cylinder? The bucket cylinder is a specially designed hydraulic cylinder that is primarily used to control the movement of the bucket in heavy machinery such as excavators, backhoe loaders, and front-end loaders. Its primary function is to allow the bucket to lift, lower, and [&hellip;]<\/p>","protected":false},"featured_media":14765,"comment_status":"open","ping_status":"closed","template":"","meta":{"_et_pb_use_builder":"","_et_pb_old_content":"","_et_gb_content_width":""},"product_brand":[],"product_cat":[1494],"product_tag":[1495,1496],"class_list":{"0":"post-15294","1":"product","2":"type-product","3":"status-publish","4":"has-post-thumbnail","6":"product_cat-bucket-cylinders","7":"product_tag-bucket-cylinders","8":"product_tag-hydraulic-cylinders","10":"first","11":"instock","12":"shipping-taxable","13":"product-type-simple"},"amp_enabled":true,"_links":{"self":[{"href":"https:\/\/www.hydraulic-cylinders.net\/lt\/wp-json\/wp\/v2\/product\/15294","targetHints":{"allow":["GET"]}}],"collection":[{"href":"https:\/\/www.hydraulic-cylinders.net\/lt\/wp-json\/wp\/v2\/product"}],"about":[{"href":"https:\/\/www.hydraulic-cylinders.net\/lt\/wp-json\/wp\/v2\/types\/product"}],"replies":[{"embeddable":true,"href":"https:\/\/www.hydraulic-cylinders.net\/lt\/wp-json\/wp\/v2\/comments?post=15294"}],"wp:featuredmedia":[{"embeddable":true,"href":"https:\/\/www.hydraulic-cylinders.net\/lt\/wp-json\/wp\/v2\/media\/14765"}],"wp:attachment":[{"href":"https:\/\/www.hydraulic-cylinders.net\/lt\/wp-json\/wp\/v2\/media?parent=15294"}],"wp:term":[{"taxonomy":"product_brand","embeddable":true,"href":"https:\/\/www.hydraulic-cylinders.net\/lt\/wp-json\/wp\/v2\/product_brand?post=15294"},{"taxonomy":"product_cat","embeddable":true,"href":"https:\/\/www.hydraulic-cylinders.net\/lt\/wp-json\/wp\/v2\/product_cat?post=15294"},{"taxonomy":"product_tag","embeddable":true,"href":"https:\/\/www.hydraulic-cylinders.net\/lt\/wp-json\/wp\/v2\/product_tag?post=15294"}],"curies":[{"name":"wp","href":"https:\/\/api.w.org\/{rel}","templated":true}]}}