{"id":15296,"date":"2025-01-19T14:21:09","date_gmt":"2025-01-19T14:21:09","guid":{"rendered":"https:\/\/www.hydraulic-cylinders.net\/product\/bucket-cylinder-for-doosan-large-excavator-dh340lc\/"},"modified":"2025-01-19T14:21:11","modified_gmt":"2025-01-19T14:21:11","slug":"bucket-cylinder-for-doosan-large-excavator-dh340lc","status":"publish","type":"product","link":"https:\/\/www.hydraulic-cylinders.net\/lt\/produktas\/bucket-cylinder-for-doosan-large-excavator-dh340lc\/","title":{"rendered":"Kau\u0161o cilindras, skirtas dideliam \u201eDoosan\u201c ekskavatoriui DH340LC"},"content":{"rendered":"<h1>Kau\u0161o cilindras, skirtas dideliam \u201eDoosan\u201c ekskavatoriui DH340LC<\/h1>\n<h2>\u012evadas<\/h2>\n<p>Kau\u0161o cilindras yra specialiai sukurtas hidraulinis cilindras, naudojamas valdyti kau\u0161o jud\u0117jim\u0105 sunkiosiose ma\u0161inose, tokiose kaip ekskavatoriai, ekskavatoriniai krautuvai ir ratiniai krautuvai. Pagrindin\u0117 jo funkcija \u2013 leisti kau\u0161ui pakilti, nuleisti ir pakreipti, tod\u0117l j\u012f patogu atlikti \u012fvairioms med\u017eiag\u0173 tvarkymo u\u017eduotims. Hidraulin\u0117je sistemoje kau\u0161o cilindras tiksliai valdo kau\u0161\u0105 keisdamas hidraulin\u0117s alyvos sl\u0117g\u012f, tod\u0117l operatoriai gali efektyviai valdyti sunkius krovinius ir prisitaikyti prie sud\u0117tingos darbo aplinkos bei \u012fvairi\u0173 eksploatavimo reikalavim\u0173.<\/p>\n<p><img decoding=\"async\" src=\"https:\/\/www.hydraulic-cylinders.net\/wp-content\/uploads\/2025\/01\/songte-company-2.webp\" alt=\"Kau\u0161o cilindro vaizdas\"><\/p>\n<h2>Kau\u0161o cilindro savyb\u0117s<\/h2>\n<ul>\n<li><strong>Didelis stiprumas ir ilgaam\u017ei\u0161kumas:<\/strong> Paprastai pagamintas i\u0161 didelio stiprumo plieno arba aliuminio, jis gali atlaikyti didel\u012f sl\u0117g\u012f ir dideles apkrovas, prisitaikydamas prie at\u0161iauri\u0173 darbo s\u0105lyg\u0173. Projektuojant atsi\u017evelgiama \u012f atsparum\u0105 dilimui ir korozijai, taip pailginant jo tarnavimo laik\u0105.<\/li>\n<li><strong>Efektyvus hidraulinis valdymas:<\/strong> Naudodamas hidraulin\u0117s alyvos sl\u0117g\u012f, jis u\u017etikrina skland\u0173 i\u0161pl\u0117tim\u0105 ir atitraukim\u0105, greitai reaguodamas \u012f valdymo komandas ir u\u017etikrindamas galingas st\u016bmimo bei traukimo j\u0117gas, tinkamas sunkiems kroviniams ir sud\u0117tingoms u\u017eduotims atlikti.<\/li>\n<li><strong>\u012evair\u016bs tipai:<\/strong> Galima \u012fsigyti vieno veikimo (hidraulin\u0117 j\u0117ga naudojama viena kryptimi) arba dvigubo veikimo (hidraulin\u0117 j\u0117ga naudojama abiem kryptimis) cilindr\u0173, kad atitikt\u0173 skirtingus eksploatacinius reikalavimus. Kai kurie modeliai yra teleskopiniai, tod\u0117l juos galima labiau i\u0161tiesti nedidinant i\u0161orini\u0173 matmen\u0173, tod\u0117l jie tinka naudoti ribotoje erdv\u0117je.<\/li>\n<li><strong>Puikus hidraulini\u0173 cilindr\u0173 pakaitalas:<\/strong> M\u016bs\u0173 gaminiai gali puikiai pakeisti \u0161iuos hidraulinius cilindrus.<\/li>\n<\/ul>\n<p><img decoding=\"async\" src=\"https:\/\/www.hydraulic-cylinders.net\/wp-content\/uploads\/2025\/01\/songte-cylinder-head-with-all-kinds-excavator-models.webp\" alt=\"Kau\u0161o cilindro pakeitimo paveiksl\u0117lis\"><\/p>\n<h2>Kau\u0161o cilindro pritaikymas<\/h2>\n<p><strong>Statybin\u0117 \u012franga:<\/strong> Jie randami ekskavatoriuose ir yra labai svarb\u016bs kasant, kraunant ir perkeliant grunt\u0105 ar \u0161iuk\u0161les. Ekskavatoriuose-krautuvuose kau\u0161o cilindras padeda tiek kasant, tiek keliant.<\/p>\n<p><strong>\u017dem\u0117s \u016bkio technika:<\/strong> Naudojamas priekiniuose krautuvuose dirvo\u017eemiui, \u0161ienui ir kitoms med\u017eiagoms semti, kelti ir transportuoti.<\/p>\n<p><strong>Ekskavatoriai:<\/strong> Kau\u0161o cilindras leid\u017eia atlikti kasimo veiksmus, leisdamas kau\u0161ui \u012fsiskverbti \u012f dirv\u0105.<\/p>\n<p><strong>Ratiniai krautuvai:<\/strong> Ratiniuose krautuvuose jie padeda efektyviai pakelti ir i\u0161krauti prekes.<\/p>\n<h2>Projektavimo aspektai ir atrankos kriterijai<\/h2>\n<p>Projektuojant kau\u0161inius cilindrus, atsi\u017evelgiama \u012f tokius pagrindinius veiksnius kaip laikomoji galia, sandarumas, ilgaam\u017ei\u0161kumas, saugumas ir prie\u017ei\u016bra.<\/p>\n<p><img decoding=\"async\" src=\"https:\/\/www.hydraulic-cylinders.net\/wp-content\/uploads\/2025\/01\/songte-oil-pipes-and-spare-parts.webp\" alt=\"Kau\u0161o cilindro konstrukcijos aspektai (vaizdas)\"><\/p>\n<h2>Sandarinimas ir tepimas<\/h2>\n<p>Naudojami \u012fvair\u016bs sandarinimo komponentai, tokie kaip st\u016bmokli\u0173 sandarikliai, kot\u0173 sandarikliai ir kt. Sandarikliai pagaminti i\u0161 atspari\u0173 dilimui med\u017eiag\u0173, toki\u0173 kaip poliuretanas ir nitrilo kau\u010diukas. Cilindro korpusas ir srieginiai galai yra kruop\u0161\u010diai apdoroti, siekiant padidinti atsparum\u0105 dilimui. B\u016btina reguliariai tepti tinkama hidrauline alyva.<\/p>\n<h2>Reguliarus patikrinimas ir prevencin\u0117 prie\u017ei\u016bra<\/h2>\n<p>Siekiant u\u017etikrinti optimal\u0173 veikim\u0105 ir ilgaam\u017ei\u0161kum\u0105, reikia reguliariai tikrinti ir atlikti prevencines prie\u017ei\u016bros priemones. Tai apima:<\/p>\n<ul>\n<li>Reguliariai tikrinkite, ar n\u0117ra nuot\u0117ki\u0173, pa\u017eeidim\u0173 ir susid\u0117v\u0117jimo<\/li>\n<li>Tinkamas judan\u010di\u0173 dali\u0173 tepimas<\/li>\n<li>Tarpiklio keitimas, kai reikia<\/li>\n<li>Kalibravimo patikrinimai<\/li>\n<\/ul>\n<p><img decoding=\"async\" src=\"https:\/\/www.hydraulic-cylinders.net\/wp-content\/uploads\/2025\/01\/songte-chushion-collar.webp\" alt=\"Kau\u0161o cilindro prie\u017ei\u016bros paveiksl\u0117lis\"><\/p>\n<h2>Saugos aspektai ir aplinkos veiksniai<\/h2>\n<p>Naudojant kau\u0161inius cilindrus, itin svarbu laikytis saugos priemoni\u0173. Siekiant suma\u017einti rizik\u0105 ir u\u017etikrinti saugi\u0105 darbo aplink\u0105, reikia tinkamai juos sumontuoti, naudoti ir pri\u017ei\u016br\u0117ti.<\/p>\n<h2>Gedim\u0173 diagnostika ir trik\u010di\u0173 \u0161alinimas<\/h2>\n<p>Da\u017eniausiai pasitaikan\u010dius kau\u0161o cilindr\u0173 gedimus ir problemas galima diagnozuoti ir i\u0161spr\u0119sti naudojant \u0161iuos patarimus ir sprendimus. Be to, galima imtis prevencini\u0173 priemoni\u0173, kad b\u016bt\u0173 suma\u017eintos galimos problemos.<\/p>\n<p><img decoding=\"async\" src=\"https:\/\/www.hydraulic-cylinders.net\/wp-content\/uploads\/2025\/01\/songte-bushings-with-all-kinds-of-excavator-models.webp\" alt=\"Kau\u0161o cilindro gedim\u0173 diagnostikos paveiksl\u0117lis\"><\/p>\n<h2>I\u0161vada<\/h2>\n<p>M\u016bs\u0173 \u012fmon\u0117 yra pirmaujanti hidraulini\u0173 cilindr\u0173 gamintoja ir didmenin\u0117 platintoja vidaus ir tarptautin\u0117se rinkose. Mes teikiame pirmenyb\u0119 kokybei ir taikome pramonin\u0117s gamybos valdymo strategijas savo puikiai \u012frengtose gamybos dirbtuv\u0117se. Sutelkdami d\u0117mes\u012f \u012f technologinius talentus, pa\u017eangi\u0105 skaitmenin\u0119 gamybos \u012frang\u0105 ir profesionalias testavimo sistemas, mes nuolat tobuliname savo gamybos platform\u0105, geriname gamini\u0173 kokyb\u0119 ir turime dideles galimybes patenkinti \u012fvairius klient\u0173 poreikius, susijusius su efektyvumu, tikslumu ir auk\u0161tos kokyb\u0117s hidrauliniais cilindrais.<\/p>\n<p><img decoding=\"async\" src=\"https:\/\/www.hydraulic-cylinders.net\/wp-content\/uploads\/2025\/01\/songte-company-3.webp\" alt=\"\u012emon\u0117s \u012fvaizdis\"><\/p>\n<p><em>Autorius: lyl<\/em><\/p>","protected":false},"excerpt":{"rendered":"<p>Bucket Cylinder For Doosan Large Excavator DH340LC Introduction Bucket Cylinder is a specially designed hydraulic cylinder used to control the movement of the bucket in heavy machinery such as excavators, backhoe loaders, and wheel loaders. Its main function is to enable the bucket to lift, lower, and tilt, making it convenient for various material handling [&hellip;]<\/p>","protected":false},"featured_media":14761,"comment_status":"open","ping_status":"closed","template":"","meta":{"_et_pb_use_builder":"","_et_pb_old_content":"","_et_gb_content_width":""},"product_brand":[],"product_cat":[1494],"product_tag":[1495,1496],"class_list":{"0":"post-15296","1":"product","2":"type-product","3":"status-publish","4":"has-post-thumbnail","6":"product_cat-bucket-cylinders","7":"product_tag-bucket-cylinders","8":"product_tag-hydraulic-cylinders","10":"first","11":"instock","12":"shipping-taxable","13":"product-type-simple"},"amp_enabled":true,"_links":{"self":[{"href":"https:\/\/www.hydraulic-cylinders.net\/lt\/wp-json\/wp\/v2\/product\/15296","targetHints":{"allow":["GET"]}}],"collection":[{"href":"https:\/\/www.hydraulic-cylinders.net\/lt\/wp-json\/wp\/v2\/product"}],"about":[{"href":"https:\/\/www.hydraulic-cylinders.net\/lt\/wp-json\/wp\/v2\/types\/product"}],"replies":[{"embeddable":true,"href":"https:\/\/www.hydraulic-cylinders.net\/lt\/wp-json\/wp\/v2\/comments?post=15296"}],"wp:featuredmedia":[{"embeddable":true,"href":"https:\/\/www.hydraulic-cylinders.net\/lt\/wp-json\/wp\/v2\/media\/14761"}],"wp:attachment":[{"href":"https:\/\/www.hydraulic-cylinders.net\/lt\/wp-json\/wp\/v2\/media?parent=15296"}],"wp:term":[{"taxonomy":"product_brand","embeddable":true,"href":"https:\/\/www.hydraulic-cylinders.net\/lt\/wp-json\/wp\/v2\/product_brand?post=15296"},{"taxonomy":"product_cat","embeddable":true,"href":"https:\/\/www.hydraulic-cylinders.net\/lt\/wp-json\/wp\/v2\/product_cat?post=15296"},{"taxonomy":"product_tag","embeddable":true,"href":"https:\/\/www.hydraulic-cylinders.net\/lt\/wp-json\/wp\/v2\/product_tag?post=15296"}],"curies":[{"name":"wp","href":"https:\/\/api.w.org\/{rel}","templated":true}]}}