{"id":15297,"date":"2025-01-19T14:21:13","date_gmt":"2025-01-19T14:21:13","guid":{"rendered":"https:\/\/www.hydraulic-cylinders.net\/product\/bucket-cylinder-for-doosan-large-excavator-dh420lc-7\/"},"modified":"2025-01-19T14:21:15","modified_gmt":"2025-01-19T14:21:15","slug":"bucket-cylinder-for-doosan-large-excavator-dh420lc-7","status":"publish","type":"product","link":"https:\/\/www.hydraulic-cylinders.net\/lt\/produktas\/bucket-cylinder-for-doosan-large-excavator-dh420lc-7\/","title":{"rendered":"Kau\u0161o cilindras, skirtas \u201eDoosan\u201c dideliam ekskavatoriui DH420LC-7"},"content":{"rendered":"<h1>Kau\u0161o cilindras, skirtas \u201eDoosan\u201c dideliam ekskavatoriui DH420LC-7<\/h1>\n<h2>\u012evadas<\/h2>\n<p>\u201eDoosan\u201c didelio ekskavatoriaus DH420LC-7 kau\u0161o cilindras yra specializuotas hidraulinis cilindras, skirtas valdyti kau\u0161o jud\u0117jim\u0105 sunkiosiose ma\u0161inose, tokiose kaip ekskavatoriai, ekskavatoriai ir krautuvai. Jo pagrindin\u0117 funkcija \u2013 leisti kau\u0161ui kelti, leisti ir pakreipti, taip palengvinant \u012fvairius med\u017eiag\u0173 tvarkymo darbus. Hidraulin\u0117se sistemose kau\u0161o cilindras tiksliai valdo kau\u0161o jud\u0117jim\u0105 keisdamas hidraulin\u0117s alyvos sl\u0117g\u012f, tod\u0117l operatoriai gali efektyviai valdyti sunkius krovinius ir prisitaikyti prie sud\u0117tingos darbo aplinkos bei \u012fvairi\u0173 darbo reikalavim\u0173.<\/p>\n<p><img decoding=\"async\" src=\"https:\/\/www.hydraulic-cylinders.net\/wp-content\/uploads\/2025\/01\/songte-company-2.webp\"><\/p>\n<h2>Savyb\u0117s<\/h2>\n<ul>\n<li>Didelis stiprumas ir ilgaam\u017ei\u0161kumas: paprastai pagaminti i\u0161 didelio stiprumo plieno arba aliuminio, galintys atlaikyti auk\u0161t\u0105 sl\u0117g\u012f ir dideles apkrovas, pritaikyti at\u0161iaurioms darbo aplinkoms, suprojektuoti atsi\u017evelgiant \u012f atsparum\u0105 dilimui ir korozijai, prailginantys tarnavimo laik\u0105.<\/li>\n<li>Efektyvus hidraulinis veikimas: hidraulin\u0117s alyvos sl\u0117gis naudojamas skland\u017eiam i\u0161pl\u0117timui ir atitraukimui, greitai reaguoja \u012f valdymo komandas, u\u017etikrina galing\u0105 st\u016bmimo ir traukimo j\u0117g\u0105, tinka sunkiems kroviniams ir sud\u0117tingoms u\u017eduotims atlikti.<\/li>\n<li>\u012evair\u016bs tipai: vienpusio veikimo (hidraulikos naudojimas tik viena kryptimi) arba dvipusio veikimo (hidraulikos naudojimas dviem kryptimis) cilindrus galima pasirinkti pagal reikalavimus, kad b\u016bt\u0173 patenkinti skirtingi eksploataciniai poreikiai; kai kurie modeliai yra teleskopiniai, leid\u017eiantys didesn\u012f i\u0161pl\u0117tim\u0105 nedidinant i\u0161orini\u0173 matmen\u0173, tinkami naudoti ribotoje erdv\u0117je.<\/li>\n<li>Kei\u010diamas kitais hidrauliniais cilindrais: m\u016bs\u0173 gaminys gali puikiai pakeisti \u0161iuos hidraulinius cilindrus.<\/li>\n<\/ul>\n<p><img decoding=\"async\" src=\"https:\/\/www.hydraulic-cylinders.net\/wp-content\/uploads\/2025\/01\/songte-cylinder-head-with-all-kinds-excavator-models.webp\"><\/p>\n<h2>Parai\u0161kos<\/h2>\n<p>Kau\u0161\u0173 cilindrai pla\u010diai naudojami \u012fvairiose sunkiosiose ma\u0161inose, \u012fskaitant, bet neapsiribojant:<\/p>\n<ul>\n<li>Statybin\u0117 \u012franga: ekskavatoriuose ji yra labai svarbi kasant, kraunant ir perkeliant grunt\u0105 ar \u0161iuk\u0161les. Ekskavatoriuose kau\u0161o cilindras padeda ir kasti, ir kelti. <\/li>\n<li>\u017dem\u0117s \u016bkio technika: naudojama priekiniuose krautuvuose dirvo\u017eemiui, \u0161ienui ir kitoms med\u017eiagoms kasti, kelti ir transportuoti.<\/li>\n<li>Ekskavatoriai: kau\u0161o cilindras leid\u017eia kasti, leisdamas kau\u0161ui \u012fsiskverbti \u012f dirv\u0105.<\/li>\n<li>Krautuvai: frontaliniuose krautuvuose jie padeda efektyviai pakelti ir i\u0161krauti prekes.<\/li>\n<\/ul>\n<p>Kiekviena parai\u0161ka i\u0161samiai apra\u0161yta toliau:<\/p>\n<h3>Statybin\u0117 \u012franga<\/h3>\n<p>Ekskavatoriuose kau\u0161o cilindrai yra b\u016btini kasant, kraunant ir perkeliant grunt\u0105 ar \u0161iuk\u0161les. Ekskavatoriuose jie padeda tiek kasti, tiek kelti. Kau\u0161o cilindro tvirtumas ir ilgaam\u017ei\u0161kumas leid\u017eia jam atlaikyti at\u0161iaurias darbo s\u0105lygas, o efektyvus hidraulinis veikimas leid\u017eia atlikti greitus ir tikslius judesius, taip pagerinant darbo efektyvum\u0105 ir na\u0161um\u0105.<\/p>\n<h3>\u017dem\u0117s \u016bkio technika<\/h3>\n<p>Kau\u0161\u0173 cilindrai pla\u010diai naudojami frontaliniuose krautuvuose dirvo\u017eemiui, \u0161ienui ir kitoms med\u017eiagoms semti, kelti ir transportuoti. \u0160i \u012franga yra labai svarbi \u017eem\u0117s \u016bkio darbams, nes leid\u017eia greitai ir efektyviai tvarkyti pas\u0117lius ir gyvuli\u0173 pa\u0161arus, taupant laik\u0105 ir darbo s\u0105naudas.<\/p>\n<h3>Ekskavatoriai<\/h3>\n<p>Kau\u0161o cilindras yra labai svarbus ekskavatori\u0173 komponentas, leid\u017eiantis kau\u0161ui \u012fsiskverbti \u012f dirv\u0105 ir efektyviai kasti. Cilindro tvirtumas ir ilgaam\u017ei\u0161kumas kartu su efektyviu hidrauliniu veikimu suteikia reikiam\u0105 gali\u0105 greitai ir efektyviai i\u0161kasti net ir sunkiausi\u0105 reljef\u0105.<\/p>\n<h3>Krautuvai<\/h3>\n<p>Priekiniuose krautuvuose kau\u0161o cilindrai padeda efektyviai pakelti ir i\u0161versti prekes. Efektyvus hidraulinis cilindro veikimas leid\u017eia atlikti skland\u017eius ir tikslius judesius, u\u017etikrinant saug\u0173 preki\u0173 transportavim\u0105 be pa\u017eeidim\u0173.<\/p>\n<p><img decoding=\"async\" src=\"https:\/\/www.hydraulic-cylinders.net\/wp-content\/uploads\/2025\/01\/songte-bushings-with-all-kinds-of-excavator-models.webp\"><\/p>\n<h2>Projektavimo aspektai ir atrankos kriterijai<\/h2>\n<p>Projektuojant ir renkantis cilindro formos vamzd\u012f, reikia atsi\u017evelgti \u012f \u012fvairius veiksnius, \u012fskaitant:<\/p>\n<ul>\n<li>Keliamoji galia: kau\u0161o cilindras turi b\u016bti pakankamai tvirtas, kad atlaikyt\u0173 jo ne\u0161amo krovinio svor\u012f.<\/li>\n<li>Sandarumo galimyb\u0117s: cilindras turi tur\u0117ti veiksming\u0105 sandarinimo sistem\u0105, kad b\u016bt\u0173 i\u0161vengta hidraulini\u0173 nuot\u0117ki\u0173 ir u\u017eter\u0161imo, u\u017etikrinant tinkam\u0105 veikim\u0105.<\/li>\n<li>Patvarumas: cilindras turi b\u016bti pakankamai patvarus, kad atlaikyt\u0173 at\u0161iaurias darbo s\u0105lygas, taip suma\u017einant prie\u017ei\u016bros poreik\u012f ir i\u0161laidas.<\/li>\n<li>Sauga: balionas turi b\u016bti suprojektuotas su saugos funkcijomis, kurios u\u017etikrint\u0173 saug\u0173 veikim\u0105 ir u\u017ekirst\u0173 keli\u0105 nelaimingiems atsitikimams.<\/li>\n<li>Prie\u017ei\u016bra: cilindr\u0105 turi b\u016bti lengva pri\u017ei\u016br\u0117ti, kad prireikus b\u016bt\u0173 galima greitai j\u012f remontuoti ir pakeisti sugedusias dalis.<\/li>\n<\/ul>\n<p>M\u016bs\u0173 kau\u0161iniai cilindrai yra suprojektuoti ir pagaminti taip, kad atitikt\u0173 \u0161iuos kriterijus. Mes naudojame auk\u0161tos kokyb\u0117s med\u017eiagas ir pa\u017eangias gamybos technologijas, kad pagamintume tvirtus, patvarius ir patikimus cilindrus.<\/p>\n<p><img decoding=\"async\" src=\"https:\/\/www.hydraulic-cylinders.net\/wp-content\/uploads\/2025\/01\/songte-oil-pipes-and-spare-parts.webp\"><\/p>\n<h2>Sandarinimas ir tepimas<\/h2>\n<p>M\u016bs\u0173 kau\u0161ini\u0173 cilindruose naudojami \u012fvair\u016bs sandarikliai, pavyzd\u017eiui, st\u016bmokli\u0173 ir kot\u0173 sandarikliai, pagaminti i\u0161 atspari\u0173 dilimui med\u017eiag\u0173, toki\u0173 kaip poliuretanas ir nitrilo kau\u010diukas. Cilindro korpusas ir srieginis galinis pavir\u0161ius yra kruop\u0161\u010diai apdirbti, siekiant pagerinti atsparum\u0105 dilimui. Tinkamas tepimas taip pat yra labai svarbus norint u\u017etikrinti tinkam\u0105 cilindro veikim\u0105, tod\u0117l rekomenduojame reguliariai naudoti atitinkam\u0105 hidraulin\u0117s alyvos kiek\u012f.<\/p>\n<p><img decoding=\"async\" src=\"https:\/\/www.hydraulic-cylinders.net\/wp-content\/uploads\/2025\/01\/songte-chushion-collar.webp\"><\/p>\n<h2>Prie\u017ei\u016bra ir remontas<\/h2>\n<p>Reguliarus techninis aptarnavimas ir tinkamos remonto priemon\u0117s gali pailginti kau\u0161o cilindro tarnavimo laik\u0105 ir u\u017etikrinti efektyv\u0173 jo veikim\u0105. \u012eprastos technin\u0117s prie\u017ei\u016bros u\u017eduotys apima reguliar\u0173 patikrinim\u0105, tepim\u0105, sandarikli\u0173 keitim\u0105 ir kalibravimo patikrinimus. Tinkamas montavimas, tepimas ir reguliavimas yra b\u016btini siekiant u\u017etikrinti saug\u0173 ir efektyv\u0173 cilindro veikim\u0105. Rekomenduojame naudoti tinkamus montavimo laikiklius cilindrui pritvirtinti ir laikytis m\u016bs\u0173 rekomenduojam\u0173 patikrinimo, remonto ir keitimo proced\u016br\u0173, kad b\u016bt\u0173 u\u017etikrinti geriausi rezultatai.<\/p>\n<h2>Saugos ir aplinkosaugos aspektai<\/h2>\n<p>Kau\u0161\u0173 cilindrai turi b\u016bti naudojami laikantis atitinkam\u0173 saugos priemoni\u0173, kad b\u016bt\u0173 i\u0161vengta nelaiming\u0173 atsitikim\u0173 ir su\u017ealojim\u0173. Naudotojai privalo laikytis tinkam\u0173 naudojimo proced\u016br\u0173 ir prie\u0161 naudojim\u0105 \u012fsitikinti, kad \u012franga yra geros b\u016bkl\u0117s. Aplinkosaugos aspektai apima tinkam\u0105 panaudotos hidraulin\u0117s alyvos ir panaudot\u0173 sandarikli\u0173 \u0161alinim\u0105, siekiant i\u0161vengti dirvo\u017eemio ir vandens \u0161altini\u0173 u\u017eter\u0161imo.<\/p>\n<h2>Trik\u010di\u0173 \u0161alinimas ir da\u017eniausios problemos<\/h2>\n<p>Da\u017enos kau\u0161o cilindr\u0173 problemos yra hidraulinis nuot\u0117kis, nepakankama galia ir l\u0117tas jud\u0117jimas. \u0160ias problemas gali sukelti \u012fvair\u016bs veiksniai, tokie kaip susid\u0117v\u0117j\u0119 sandarikliai, pa\u017eeisti strypai ar st\u016bmokliai ir nepakankamas alyvos sl\u0117gis. Norint nustatyti problemos prie\u017east\u012f ir pritaikyti tinkamas remonto priemones, b\u016btina tinkamai ap\u017ei\u016br\u0117ti ir diagnozuoti. Mes teikiame trik\u010di\u0173 \u0161alinimo patarimus ir remonto sprendimus, kurie pad\u0117s vartotojams efektyviai diagnozuoti ir i\u0161spr\u0119sti problemas.<\/p>\n<h2>Apie mus<\/h2>\n<p>Esame pirmaujanti hidraulini\u0173 cilindr\u0173 gamintoja ir didmeninink\u0117, specializuojam\u0117s pakaitini\u0173 hidraulini\u0173 cilindr\u0173 gamyboje. Tur\u0117dami plat\u0173 gamini\u0173 asortiment\u0105, siekiame patenkinti \u012fvairius klient\u0173 poreikius ir tiekti efektyvius bei patikimus hidraulinius cilindrus. M\u016bs\u0173 pirmaujanti pramon\u0117je gamybos valdymo strategija, paremta pa\u017eangiomis technologijomis, profesionaliais darbuotojais ir modernia \u012franga, u\u017etikrina puiki\u0105 gamini\u0173 kokyb\u0119 ir klient\u0173 pasitenkinim\u0105.<\/p>\n<p>Did\u017eiuojam\u0117s savo profesionalumu, tarptautiniais sertifikatais, individuali\u0173 klient\u0173 aptarnavimu, gamybos \u012franga ir garantiniu aptarnavimu. M\u016bs\u0173 misija \u2013 teikti auk\u0161tos kokyb\u0117s produktus ir paslaugas, vir\u0161yti klient\u0173 l\u016bkes\u010dius ir toliau augti kaip pasaulinei hidraulini\u0173 cilindr\u0173 lyderei.<\/p>\n<p><img decoding=\"async\" src=\"https:\/\/hzpt.com\/wp-content\/uploads\/2024\/11\/songte-company-1.webp\"><\/p>\n<p>Autorius: lyl<\/p>","protected":false},"excerpt":{"rendered":"<p>Bucket Cylinder For Doosan Large Excavator DH420LC-7 Introduction The bucket cylinder for Doosan large excavator DH420LC-7 is a specialized hydraulic cylinder designed to control the movement of the bucket in heavy-duty machinery such as excavators, backhoes, and loaders. Its main function is to enable the bucket to lift, lower, and tilt, facilitating various material handling [&hellip;]<\/p>","protected":false},"featured_media":14789,"comment_status":"open","ping_status":"closed","template":"","meta":{"_et_pb_use_builder":"","_et_pb_old_content":"","_et_gb_content_width":""},"product_brand":[],"product_cat":[1494],"product_tag":[1495,1496],"class_list":{"0":"post-15297","1":"product","2":"type-product","3":"status-publish","4":"has-post-thumbnail","6":"product_cat-bucket-cylinders","7":"product_tag-bucket-cylinders","8":"product_tag-hydraulic-cylinders","10":"first","11":"instock","12":"shipping-taxable","13":"product-type-simple"},"amp_enabled":true,"_links":{"self":[{"href":"https:\/\/www.hydraulic-cylinders.net\/lt\/wp-json\/wp\/v2\/product\/15297","targetHints":{"allow":["GET"]}}],"collection":[{"href":"https:\/\/www.hydraulic-cylinders.net\/lt\/wp-json\/wp\/v2\/product"}],"about":[{"href":"https:\/\/www.hydraulic-cylinders.net\/lt\/wp-json\/wp\/v2\/types\/product"}],"replies":[{"embeddable":true,"href":"https:\/\/www.hydraulic-cylinders.net\/lt\/wp-json\/wp\/v2\/comments?post=15297"}],"wp:featuredmedia":[{"embeddable":true,"href":"https:\/\/www.hydraulic-cylinders.net\/lt\/wp-json\/wp\/v2\/media\/14789"}],"wp:attachment":[{"href":"https:\/\/www.hydraulic-cylinders.net\/lt\/wp-json\/wp\/v2\/media?parent=15297"}],"wp:term":[{"taxonomy":"product_brand","embeddable":true,"href":"https:\/\/www.hydraulic-cylinders.net\/lt\/wp-json\/wp\/v2\/product_brand?post=15297"},{"taxonomy":"product_cat","embeddable":true,"href":"https:\/\/www.hydraulic-cylinders.net\/lt\/wp-json\/wp\/v2\/product_cat?post=15297"},{"taxonomy":"product_tag","embeddable":true,"href":"https:\/\/www.hydraulic-cylinders.net\/lt\/wp-json\/wp\/v2\/product_tag?post=15297"}],"curies":[{"name":"wp","href":"https:\/\/api.w.org\/{rel}","templated":true}]}}