{"id":15309,"date":"2025-01-19T14:22:01","date_gmt":"2025-01-19T14:22:01","guid":{"rendered":"https:\/\/www.hydraulic-cylinders.net\/product\/bucket-cylinder-for-hyundai-small-excavator-r60-7-9\/"},"modified":"2025-01-19T14:22:09","modified_gmt":"2025-01-19T14:22:09","slug":"bucket-cylinder-for-hyundai-small-excavator-r60-7-9","status":"publish","type":"product","link":"https:\/\/www.hydraulic-cylinders.net\/lt\/produktas\/bucket-cylinder-for-hyundai-small-excavator-r60-7-9\/","title":{"rendered":"Kau\u0161o cilindras Hyundai ma\u017eam ekskavatoriui R60-7-9"},"content":{"rendered":"<h1>Kau\u0161o cilindras Hyundai ma\u017eam ekskavatoriui R60-7-9<\/h1>\n<h2>\u012evadas<\/h2>\n<h3>Kau\u0161o cilindro apibr\u0117\u017eimas<\/h3>\n<p>A bucket cylinder is a specialized hydraulic cylinder designed primarily to control the movement of a bucket in heavy machinery such as excavators, backhoes, and front loaders. Its main function is to enable the bucket to perform lifting, lowering, and tilting, making it easier to carry out various material handling tasks. In the hydraulic system, the bucket cylinder achieves precise control of the bucket&#8217;s movement through changes in hydraulic oil pressure, allowing operators to efficiently handle heavy loads, adapt to complex work environments, and diverse operational needs.<\/p>\n<p><img decoding=\"async\" src=\"https:\/\/www.hydraulic-cylinders.net\/wp-content\/uploads\/2025\/01\/songte-company-2.webp\" alt=\"Kau\u0161o cilindro vaizdas\"><\/p>\n<h3>Kau\u0161o cilindro savyb\u0117s<\/h3>\n<ul>\n<li><strong>Didelis stiprumas ir ilgaam\u017ei\u0161kumas:<\/strong> Paprastai pagamintas i\u0161 didelio stiprumo plieno arba aliuminio, jis gali atlaikyti auk\u0161t\u0105 sl\u0117g\u012f ir dideles apkrovas, prisitaikydamas prie at\u0161iauri\u0173 darbo s\u0105lyg\u0173. Konstrukcijoje atsi\u017evelgiama \u012f atsparum\u0105 dilimui ir korozijai, taip pailginant tarnavimo laik\u0105.<\/li>\n<li><strong>Efektyvus hidraulinis valdymas:<\/strong> Naudodamas hidraulin\u0117s alyvos sl\u0117g\u012f skland\u017eiam i\u0161st\u016bmimui ir \u012ftraukimui, jis gali greitai reaguoti \u012f valdymo komandas, u\u017etikrindamas galing\u0105 st\u016bmimo ir traukimo j\u0117g\u0105, tinkan\u010di\u0105 sunkiems kroviniams kelti ir sud\u0117tingoms eksploatavimo u\u017eduotims atlikti.<\/li>\n<li><strong>\u012evair\u016bs tipai:<\/strong> Pagal poreikius ir skirtingus eksploatacinius reikalavimus galima pasirinkti vienpusio veikimo (hidraulik\u0105 naudojant tik viena kryptimi) arba dvipusio veikimo (hidraulik\u0105 naudojant abiem kryptimis) cilindrus. Kai kurie modeliai yra teleskopiniai, tod\u0117l juos galima labiau i\u0161tiesti nedidinant i\u0161orini\u0173 matmen\u0173, tod\u0117l jie tinka naudoti ribotoje erdv\u0117je.<\/li>\n<li><strong>Lengvas pakeitimas:<\/strong> M\u016bs\u0173 gaminys gali puikiai pakeisti \u0161iuos hidraulinius cilindrus.<\/li>\n<\/ul>\n<p><img decoding=\"async\" src=\"https:\/\/www.hydraulic-cylinders.net\/wp-content\/uploads\/2025\/01\/songte-cylinder-head-with-all-kinds-excavator-models.webp\" alt=\"Kau\u0161o cilindro pakeitimo paveiksl\u0117lis\"><\/p>\n<h3>Kau\u0161o cilindro pritaikymas<\/h3>\n<p>Kau\u0161o cilindras turi plat\u0173 pritaikymo spektr\u0105 \u012fvairiose ma\u0161inose, \u012fskaitant:<\/p>\n<ul>\n<li><strong>Statybin\u0117 \u012franga:<\/strong> Ekskavatoriuose jie yra b\u016btini kasant, kraunant ir perkeliant grunt\u0105 ar \u0161iuk\u0161les. Ekskavatoriuose kau\u0161o cilindras padeda tiek kasant, tiek keliant. <\/li>\n<li><strong>\u017dem\u0117s \u016bkio technika:<\/strong> Naudojamas priekiniuose krautuvuose dirvo\u017eemiui, \u0161ienui ir kitoms med\u017eiagoms kasti, kelti ir transportuoti. <\/li>\n<li><strong>Ekskavatoriai:<\/strong> Kau\u0161o cilindras kasimo veiksmus atlieka leisdamas kau\u0161ui \u012fsiskverbti \u012f dirv\u0105. <\/li>\n<li><strong>Krautuvai:<\/strong> Priekiniuose krautuvuose jie padeda efektyviai pakelti ir i\u0161krauti prekes. <\/li>\n<\/ul>\n<p>I\u0161samiau aptarkime kelet\u0105 pagrindini\u0173 program\u0173:<\/p>\n<h4>Statybin\u0117 \u012franga<\/h4>\n<p>In excavators, the bucket cylinder is essential for digging, loading, and moving soil or debris. The bucket cylinder helps not only in digging but also in lifting. In backhoes, the bucket cylinder is used to operate the backhoe&#8217;s digging bucket and lift it.<\/p>\n<h4>\u017dem\u0117s \u016bkio technika<\/h4>\n<p>Kau\u0161o cilindras atlieka svarb\u0173 vaidmen\u012f \u012fvairiose \u017eem\u0117s \u016bkio technikose. Priekiniuose krautuvuose cilindras padeda kasti, kelti ir transportuoti dirvo\u017eem\u012f, \u0161ien\u0105 ir kitas med\u017eiagas. \u017dem\u0117s \u016bkio krautuvai naudojami med\u017eiagoms, tokioms kaip m\u0117\u0161las, gyvuli\u0173 pa\u0161arai ir dirvo\u017eemis, transportuoti \u016bkiuose. <\/p>\n<h4>Ekskavatoriai<\/h4>\n<p>Ekskavatoriuose kau\u0161o cilindras leid\u017eia kau\u0161ui prasiskverbti \u012f dirvo\u017eem\u012f, o tada jis naudojamas dirvo\u017eemiui ir uolienoms pakelti. <\/p>\n<h4>Krautuvai<\/h4>\n<p>Krautuvais kau\u0161o cilindras naudojamas kroviniams efektyviai kelti ir i\u0161versti. <\/p>\n<h3>Projektavimo aspektai ir atrankos kriterijai<\/h3>\n<p>Kau\u0161o cilindrai yra esmin\u0117 sunkiosios technikos dalis, tod\u0117l juos reikia atid\u017eiai apsvarstyti ir pasirinkti. Renkantis kau\u0161o cilindr\u0105, reikia atsi\u017evelgti \u012f tokius veiksnius kaip keliamoji galia, sandarumas, ilgaam\u017ei\u0161kumas, saugumas ir prie\u017ei\u016bra. Kai kurie projektavimo aspektai ir atrankos kriterijai yra \u0161ie:<\/p>\n<ul>\n<li><strong>Keliamoji galia:<\/strong> Kau\u0161o cilindras turi tur\u0117ti tinkam\u0105 gali\u0105 pakelti ir perkelti reikiamus krovinius. Cilindras turi b\u016bti suprojektuotas taip, kad atlaikyt\u0173 sunki\u0173 krovini\u0173 sm\u016bgius ir \u012ftempim\u0105 bei i\u0161laikyt\u0173 stabilum\u0105 eksploatacijos metu.<\/li>\n<li><strong>Sandarinimas:<\/strong> Cilindras turi b\u016bti sandarus, kad b\u016bt\u0173 i\u0161vengta nuot\u0117ki\u0173 ir u\u017etikrintas sklandus veikimas. Siekiant i\u0161laikyti ilgaam\u017ei\u0161kum\u0105, turi b\u016bti naudojami \u012fvair\u016bs sandarinimo komponentai, tokie kaip st\u016bmokli\u0173 ir kot\u0173 sandarikliai, pagaminti i\u0161 atspari\u0173 dilimui med\u017eiag\u0173, toki\u0173 kaip poliuretanas ir nitrilo kau\u010diukas. <\/li>\n<li><strong>Patvarumas:<\/strong> The bucket cylinder must be designed to withstand the harsh operating conditions of heavy machinery. The cylinder&#8217;s surface must be treated to increase wear resistance, corrosion resistance, and extend the service life. <\/li>\n<li><strong>Saugumas:<\/strong> Renkantis kau\u0161o cilindr\u0105, svarbus veiksnys yra saugos aspektai. Cilindro konstrukcija turi b\u016bti tokia, kad b\u016bt\u0173 i\u0161vengta nelaiming\u0173 atsitikim\u0173, toki\u0173 kaip staigus cilindro gedimas ir nuot\u0117kis, kurie gali pakenkti operatoriams ir sugadinti \u012frang\u0105. <\/li>\n<li><strong>Prie\u017ei\u016bra:<\/strong> Kau\u0161o cilindras tur\u0117t\u0173 b\u016bti suprojektuotas taip, kad j\u012f b\u016bt\u0173 lengva pri\u017ei\u016br\u0117ti. Cilindro komponentai tur\u0117t\u0173 b\u016bti lengvai prieinami ir kei\u010diami, o prie\u017ei\u016bros proced\u016bros tur\u0117t\u0173 b\u016bti ai\u0161kiai apibr\u0117\u017etos. <\/li>\n<\/ul>\n<p><img decoding=\"async\" src=\"https:\/\/www.hydraulic-cylinders.net\/wp-content\/uploads\/2025\/01\/songte-oil-pipes-and-spare-parts.webp\" alt=\"Kau\u0161o cilindro dizaino vaizdas\"><\/p>\n<h3>Kau\u0161o cilindro sandarinimas ir tepimas<\/h3>\n<p>Sealing and lubrication are essential for the smooth operation of the bucket cylinder. Various sealing components such as piston seals and rod seals made of wear-resistant materials such as polyurethane and nitrile rubber must be used to maintain durability. The cylinder&#8217;s surface must be treated to increase wear resistance, corrosion resistance, and extend the service life. The cylinder requires regular lubrication with the appropriate hydraulic oil to ensure smooth operation and prevent damage.<\/p>\n<h3>Reguliarios patikros ir prevencin\u0117s prie\u017ei\u016bros priemon\u0117s<\/h3>\n<p>Kau\u0161o cilindr\u0105 reikia reguliariai tikrinti ir pri\u017ei\u016br\u0117ti, kad jis veikt\u0173 saugiai ir efektyviai. Kai kurios prevencin\u0117s prie\u017ei\u016bros priemon\u0117s yra \u0161ios:<\/p>\n<ul>\n<li><strong>Reguliarus patikrinimas:<\/strong> Kau\u0161o cilindr\u0105 reikia reguliariai tikrinti d\u0117l susid\u0117v\u0117jimo ir pa\u017eeidim\u0173. Cilindro komponentus, tokius kaip st\u016bmoklio sandarikliai, koto sandarikliai ir cilindro korpusas, reikia tikrinti bent kart\u0105 per metus, ar n\u0117ra nuot\u0117ki\u0173 ir susid\u0117v\u0117jimo. <\/li>\n<li><strong>Tinkamas tepimas:<\/strong> Kau\u0161o cilindr\u0105 reikia reguliariai tepti tinkama hidrauline alyva, kad b\u016bt\u0173 u\u017etikrintas sklandus veikimas ir i\u0161vengta pa\u017eeidim\u0173. <\/li>\n<li><strong>Sandariklio keitimas:<\/strong> Siekiant i\u0161vengti nuot\u0117ki\u0173 ir u\u017etikrinti skland\u0173 veikim\u0105, sandariklius reikia reguliariai keisti. <\/li>\n<li><strong>Kalibravimo patikrinimas:<\/strong> Kau\u0161o cilindras turi b\u016bti reguliariai kalibruojamas, kad b\u016bt\u0173 u\u017etikrintas tikslus veikimas. <\/li>\n<\/ul>\n<p>Tinkamas montavimas yra labai svarbus saugiam ir efektyviam kau\u0161o cilindro veikimui. Cilindras turi b\u016bti teisingai sulygiuotas, o cilindrui pritvirtinti reikia naudoti tinkamus montavimo laikiklius. Siekiant prailginti cilindro tarnavimo laik\u0105, reikia laikytis rekomenduojam\u0173 patikrinimo, remonto ir keitimo proced\u016br\u0173. <\/p>\n<p><img decoding=\"async\" src=\"https:\/\/www.hydraulic-cylinders.net\/wp-content\/uploads\/2025\/01\/songte-chushion-collar.webp\" alt=\"Kau\u0161o cilindro prie\u017ei\u016bros paveiksl\u0117lis\"><\/p>\n<h3>Saugos ir aplinkosaugos aspektai<\/h3>\n<p>Sauga yra esminis kau\u0161o cilindr\u0173 naudojimo aspektas. Operatoriai, valdydami sunki\u0105j\u0105 technik\u0105 su kau\u0161o cilindrais, privalo laikytis gairi\u0173 ir instrukcij\u0173. Taip pat reik\u0117t\u0173 atsi\u017evelgti \u012f aplinkosaugos aspektus, tokius kaip alyvos i\u0161siliejimo prevencija ir tinkamas hidraulin\u0117s alyvos \u0161alinimas. <\/p>\n<h3>Gedim\u0173 diagnostika ir da\u017eniausios problemos<\/h3>\n<p>Kai kurios da\u017enos kau\u0161o cilindr\u0173 problemos yra sandariklio nesandarumas, strypo pa\u017eeidimai ir bendras nusid\u0117v\u0117jimas. Nor\u0117dami diagnozuoti problemas, operatoriai tur\u0117t\u0173 atlikti cilindro vizualin\u0119 ap\u017ei\u016br\u0105 ir sl\u0117gio bandym\u0105. Jei cilindras pa\u017eeistas, j\u012f reikia nedelsiant suremontuoti arba pakeisti, kad b\u016bt\u0173 i\u0161vengta tolesni\u0173 pa\u017eeidim\u0173 ir u\u017etikrintas saugus eksploatavimas.<\/p>\n<h3>I\u0161vada<\/h3>\n<p>Kau\u0161\u0173 cilindrai yra esminiai sunkiosios technikos komponentai, leid\u017eiantys efektyviai tvarkyti ir perkelti med\u017eiagas. M\u016bs\u0173 \u012fmon\u0117 si\u016blo plat\u0173 pakaitini\u0173 hidraulini\u0173 cilindr\u0173 asortiment\u0105, pasi\u017eymint\u012f puikia kokybe, patvariu dizainu ir pritaikytomis paslaugomis. M\u016bs\u0173 \u012fmon\u0117 yra \u012fsipareigojusi teikti auk\u0161tos kokyb\u0117s produktus ir paslaugas, remdamasi modernia gamybos \u012franga, profesionaliomis bandym\u0173 sistemomis. Laikom\u0117s didelio efektyvumo, didelio tikslumo ir auk\u0161tos kokyb\u0117s princip\u0173, kad patenkintume \u012fvairius klient\u0173 poreikius. <\/p>\n<p><img decoding=\"async\" src=\"https:\/\/hzpt.com\/wp-content\/uploads\/2024\/11\/songte-company-1.webp\" alt=\"\u012emon\u0117s \u012fvaizdis\"><\/p>\n<h3>Apie autori\u0173<\/h3>\n<p>Autorius: lyl<\/p>","protected":false},"excerpt":{"rendered":"<p>Bucket Cylinder For Hyundai Small Excavator R60-7-9 Introduction Defining Bucket Cylinder A bucket cylinder is a specialized hydraulic cylinder designed primarily to control the movement of a bucket in heavy machinery such as excavators, backhoes, and front loaders. Its main function is to enable the bucket to perform lifting, lowering, and tilting, making it easier [&hellip;]<\/p>","protected":false},"featured_media":14765,"comment_status":"open","ping_status":"closed","template":"","meta":{"_et_pb_use_builder":"","_et_pb_old_content":"","_et_gb_content_width":""},"product_brand":[],"product_cat":[1494],"product_tag":[1495,1496],"class_list":{"0":"post-15309","1":"product","2":"type-product","3":"status-publish","4":"has-post-thumbnail","6":"product_cat-bucket-cylinders","7":"product_tag-bucket-cylinders","8":"product_tag-hydraulic-cylinders","10":"first","11":"instock","12":"shipping-taxable","13":"product-type-simple"},"amp_enabled":true,"_links":{"self":[{"href":"https:\/\/www.hydraulic-cylinders.net\/lt\/wp-json\/wp\/v2\/product\/15309","targetHints":{"allow":["GET"]}}],"collection":[{"href":"https:\/\/www.hydraulic-cylinders.net\/lt\/wp-json\/wp\/v2\/product"}],"about":[{"href":"https:\/\/www.hydraulic-cylinders.net\/lt\/wp-json\/wp\/v2\/types\/product"}],"replies":[{"embeddable":true,"href":"https:\/\/www.hydraulic-cylinders.net\/lt\/wp-json\/wp\/v2\/comments?post=15309"}],"wp:featuredmedia":[{"embeddable":true,"href":"https:\/\/www.hydraulic-cylinders.net\/lt\/wp-json\/wp\/v2\/media\/14765"}],"wp:attachment":[{"href":"https:\/\/www.hydraulic-cylinders.net\/lt\/wp-json\/wp\/v2\/media?parent=15309"}],"wp:term":[{"taxonomy":"product_brand","embeddable":true,"href":"https:\/\/www.hydraulic-cylinders.net\/lt\/wp-json\/wp\/v2\/product_brand?post=15309"},{"taxonomy":"product_cat","embeddable":true,"href":"https:\/\/www.hydraulic-cylinders.net\/lt\/wp-json\/wp\/v2\/product_cat?post=15309"},{"taxonomy":"product_tag","embeddable":true,"href":"https:\/\/www.hydraulic-cylinders.net\/lt\/wp-json\/wp\/v2\/product_tag?post=15309"}],"curies":[{"name":"wp","href":"https:\/\/api.w.org\/{rel}","templated":true}]}}