{"id":1531,"date":"2023-09-28T03:14:41","date_gmt":"2023-09-28T03:14:41","guid":{"rendered":"https:\/\/hydraulic-cylinders.net\/?post_type=product&#038;p=1531"},"modified":"2025-04-11T03:25:57","modified_gmt":"2025-04-11T03:25:57","slug":"aerial-work-platform-luffing-cylinder","status":"publish","type":"product","link":"https:\/\/www.hydraulic-cylinders.net\/lt\/produktas\/aerial-work-platform-luffing-cylinder\/","title":{"rendered":"K\u0117limo platformos pak\u0117limo cilindras"},"content":{"rendered":"<h1 style=\"text-align: center;\"><strong>K\u0117limo platformos pak\u0117limo cilindras<\/strong><\/h1>\n<p><img loading=\"lazy\" decoding=\"async\" class=\"wp-image-1532 aligncenter\" src=\"https:\/\/hydraulic-cylinders.net\/wp-content\/uploads\/2023\/09\/luffing-cylinder-1-300x300.webp\" alt=\"\" width=\"400\" height=\"400\" \/><\/p>\n<p>K\u0117lini\u0173 darbo platform\u0173 pak\u0117limo cilindras yra gyvybi\u0161kai svarbus k\u0117limo platform\u0173 komponentas, skirtas padidinti saugum\u0105 ir efektyvum\u0105 dirbant pakeltoje darbo aplinkoje. \u0160is novatori\u0161kas hidraulinis cilindras u\u017etikrina kontroliuojam\u0105 vertikal\u0173 jud\u0117jim\u0105, leid\u017eiant\u012f tiksliai pakelti ir nuleisti platform\u0105.<\/p>\n<p>The aerial work platform luffing cylinder is a crucial component in aerial work platforms, providing controlled vertical movement and enhancing safety and efficiency in elevated work environments. With its precise lifting capabilities, high load capacity, and integrated safety features, this cylinder empowers operators to work at different heights confidently. By following the recommended usage methods and maintenance practices, operators can maximize the lifespan and performance of the aerial work platform luffing cylinder, resulting in increased productivity, reduced downtime, and enhanced safety in elevated work applications. Invest in this advanced hydraulic component to elevate your aerial work platform&#8217;s capabilities and take your eloquent work to new heights of success.<\/p>\n<p>Pagrindin\u0117s k\u0117limo platformos pak\u0117limo cilindro charakteristikos:<\/p>\n<ol>\n<li>Valdomas vertikalus jud\u0117jimas:<\/li>\n<\/ol>\n<ul>\n<li>Darbin\u0117s platformos pak\u0117limo cilindras u\u017etikrina tiksl\u0173 ir kontroliuojam\u0105 vertikal\u0173 jud\u0117jim\u0105, leisdamas operatoriams tiksliai ir lengvai reguliuoti platformos darbin\u012f auk\u0161t\u012f.<\/li>\n<li>Jis u\u017etikrina skland\u0173 ir stabil\u0173 k\u0117limo ir nuleidimo veikim\u0105, u\u017etikrindamas saugi\u0105 ir patogi\u0105 darbo aplink\u0105 skirtinguose auk\u0161\u010diuose.<\/li>\n<\/ul>\n<ol start=\"2\">\n<li>Didel\u0117 keliamoji galia:<\/li>\n<\/ol>\n<ul>\n<li>\u0160is cilindras gali pasigirti didele keliam\u0105ja galia, tod\u0117l gali atlaikyti sunkius krovinius ir ant k\u0117limo platformos tilpti keli darbuotojai, \u012frankiai ir \u012franga.<\/li>\n<li>Jis u\u017etikrina patikim\u0105 k\u0117limo na\u0161um\u0105, i\u0161laikant stabilum\u0105 ir saugum\u0105 net ir esant dideliems kroviniams.<\/li>\n<\/ul>\n<ol start=\"3\">\n<li>Kompakti\u0161kas ir tvirtas dizainas:<\/li>\n<\/ol>\n<ul>\n<li>K\u0117lin\u0117s darbo platformos pak\u0117limo cilindras yra kompakti\u0161kos konstrukcijos, tod\u0117l suma\u017e\u0117ja bendras k\u0117limo platformos svoris ir u\u017eimamas plotas.<\/li>\n<li>Tvirta konstrukcija u\u017etikrina ilgaam\u017ei\u0161kum\u0105 ir ilgaam\u017ei\u0161kum\u0105, atlaikant sud\u0117tingas darbo aplinkos s\u0105lygas.<\/li>\n<\/ul>\n<ol start=\"4\">\n<li>Integruotos saugos funkcijos:<\/li>\n<\/ol>\n<ul>\n<li>\u0160is cilindras turi integruotas saugos funkcijas, tokias kaip apsauga nuo perkrovos ir avarinio nuleidimo sistemos.<\/li>\n<li>\u0160ie saugos mechanizmai suteikia papildomos ramyb\u0117s, apsaugo nuo galim\u0173 nelaiming\u0173 atsitikim\u0173 ir palengvina greit\u0105 reagavim\u0105 \u012f ekstremalias situacijas.<\/li>\n<\/ul>\n<h2><strong>Darbin\u0117s platformos pak\u0117limo cilindro parametras:<\/strong><\/h2>\n<table border=\"1\" cellspacing=\"0\" cellpadding=\"0\">\n<tbody>\n<tr>\n<td>Produkto pavadinimas<\/td>\n<td>K\u0117limo platformos pak\u0117limo cilindras<\/td>\n<\/tr>\n<tr>\n<td>Savyb\u0117s:<\/td>\n<td>Pagrindin\u0117 k\u0117limo varomoji j\u0117ga yra str\u0117l\u0117s sukimasis auk\u0161tyn ir \u017eemyn<\/td>\n<\/tr>\n<tr>\n<td>Skyl\u0117s skersmuo:<\/td>\n<td>50 mm ~ 350 mm<\/td>\n<\/tr>\n<tr>\n<td>Strypo skersmuo:<\/td>\n<td>30 mm ~ 300 mm<br \/>\nEiga \u22643000 mm<\/td>\n<\/tr>\n<tr>\n<td>Sl\u0117gis:<\/td>\n<td>30 MPa (maksimalus sl\u0117gis)<\/td>\n<\/tr>\n<tr>\n<td>Lufingo cilindro pritaikymas:<\/td>\n<td>Keliamoji darbo platforma<\/td>\n<\/tr>\n<\/tbody>\n<\/table>\n<h2><strong>K\u0117limo platformos identifikavimo schema:<\/strong><\/h2>\n<p><img loading=\"lazy\" decoding=\"async\" class=\"alignnone wp-image-1517 size-full\" src=\"https:\/\/hydraulic-cylinders.net\/wp-content\/uploads\/2023\/09\/aerial-work-platform-cylinder-construct.webp\" alt=\"\" width=\"600\" height=\"400\" srcset=\"https:\/\/hydraulic-cylinders.net\/wp-content\/uploads\/2023\/09\/aerial-work-platform-cylinder-construct.webp 600w, https:\/\/hydraulic-cylinders.net\/wp-content\/uploads\/2023\/09\/aerial-work-platform-cylinder-construct-480x320.webp 480w\" sizes=\"(min-width: 0px) and (max-width: 480px) 480px, (min-width: 481px) 600px, 100vw\" \/><\/p>\n<h2><strong>Naudojimo b\u016bdas <\/strong><strong>K\u0117limo platformos pak\u0117limo cilindras<\/strong><strong>:<\/strong><\/h2>\n<ol>\n<li><strong>Cilindro montavimas:<\/strong><\/li>\n<\/ol>\n<ul>\n<li>Follow the manufacturer&#8217;s instructions for properly installing the aerial work platform luffing cylinder.<\/li>\n<li>Ensure the cylinder is securely mounted to the aerial work platform&#8217;s structure, providing a stable and reliable connection.<\/li>\n<\/ul>\n<ol start=\"2\">\n<li><strong>Hidraulin\u0117 jungtis:<\/strong><\/li>\n<\/ol>\n<ul>\n<li>Prijunkite cilindr\u0105 prie k\u0117limo platformos hidraulin\u0117s sistemos pagal pateiktas gaires.<\/li>\n<li>\u012esitikinkite, kad visos hidraulin\u0117s jungtys yra tvirtos ir tinkamai u\u017esandarintos, kad b\u016bt\u0173 i\u0161vengta hidraulinio skys\u010dio nuot\u0117kio ar praradimo.<\/li>\n<\/ul>\n<ol start=\"3\">\n<li><strong>Valdymo aktyvinimas:<\/strong><\/li>\n<\/ol>\n<ul>\n<li>Utilize the platform&#8217;s control panel or interface to activate the aerial work platform luffing cylinder.<\/li>\n<li>Nor\u0117dami pakelti arba nuleisti platform\u0105 iki norimo auk\u0161\u010dio, laikykit\u0117s rekomenduojam\u0173 naudojimo proced\u016br\u0173.<\/li>\n<\/ul>\n<ol start=\"4\">\n<li><strong>Saugos priemon\u0117s:<\/strong><\/li>\n<\/ol>\n<ul>\n<li>Prie\u0161 prad\u0117dami dirbti su keliam\u0105ja darbo platforma, susipa\u017einkite su saugos funkcijomis ir avarin\u0117mis proced\u016bromis.<\/li>\n<li>U\u017etikrinkite, kad visi operatoriai b\u016bt\u0173 tinkamai apmokyti, kaip saugiai valdyti platform\u0105 ir k\u0117limo platformos pak\u0117limo cilindr\u0105.<\/li>\n<\/ul>\n<h2><strong>Kaip pa\u0161alinti vanden\u012f i\u0161 traktoriaus hidraulin\u0117s sistemos?<\/strong><\/h2>\n<p>Getting water out of a tractor&#8217;s hydraulic system is essential to maintain the system&#8217;s performance and prevent damage. Here&#8217;s a step-by-step guide on how to remove water from a tractor hydraulic system:<\/p>\n<ol>\n<li><strong>Nustatykite vandens u\u017eter\u0161tum\u0105:<\/strong><\/li>\n<\/ol>\n<ul>\n<li>Patikrinkite, ar n\u0117ra vandens u\u017eter\u0161imo po\u017eymi\u0173, pavyzd\u017eiui, pieni\u0161ko arba drumsto hidraulinio skys\u010dio, suma\u017e\u0117jusio sistemos na\u0161umo arba vandens la\u0161eli\u0173 rezervuare.<\/li>\n<li>\u012esitikinkite, kad problem\u0105 suk\u0117l\u0117 vanduo, atmesdami kitas galimas problemas.<\/li>\n<\/ul>\n<ol start=\"2\">\n<li><strong>Hidraulin\u0117s sistemos i\u0161leidimas:<\/strong><\/li>\n<\/ol>\n<ul>\n<li>Raskite i\u0161leidimo kam\u0161t\u012f arba vo\u017etuv\u0105 ant hidraulinio rezervuaro arba bako.<\/li>\n<li>Po i\u0161leidimo kam\u0161\u010diu pad\u0117kite tinkam\u0105 ind\u0105 arba ind\u0105 skys\u010diui surinkti.<\/li>\n<\/ul>\n<ol start=\"3\">\n<li><strong>Atidarykite i\u0161leidimo kam\u0161t\u012f:<\/strong><\/li>\n<\/ol>\n<ul>\n<li>Atsargiai atlaisvinkite ir i\u0161imkite i\u0161leidimo kam\u0161t\u012f arba atidarykite vo\u017etuv\u0105 naudodami tinkam\u0105 ver\u017eliarakt\u012f arba \u012frank\u012f.<\/li>\n<li>Leiskite u\u017eter\u0161tam hidrauliniam skys\u010diui visi\u0161kai i\u0161tek\u0117ti i\u0161 sistemos.<\/li>\n<li>U\u017eter\u0161t\u0105 skyst\u012f utilizuokite pagal vietinius reikalavimus.<\/li>\n<\/ul>\n<ol start=\"4\">\n<li><strong>Sistemos praplovimas:<\/strong><\/li>\n<\/ol>\n<ul>\n<li>I\u0161leidus hidraulin\u012f skyst\u012f, sistem\u0105 praplaukite tinkamu praplovimo skys\u010diu arba \u0161variu hidrauliniu skys\u010diu.<\/li>\n<li>Follow the manufacturer&#8217;s recommendations for the appropriate flushing agent and procedure.<\/li>\n<li>Connect a hose to the hydraulic system&#8217;s inlet and use it to pump the flushing agent or clean fluid through the system.<\/li>\n<li>Leiskite skalavimo priemonei pakankamai cirkuliuoti sistemoje, kad pa\u0161alint\u0173 likus\u012f vanden\u012f.<\/li>\n<\/ul>\n<ol start=\"5\">\n<li><strong>I\u0161leiskite skalavimo priemon\u0119:<\/strong><\/li>\n<\/ol>\n<ul>\n<li>Dar kart\u0105 atidarykite i\u0161leidimo kam\u0161t\u012f arba vo\u017etuv\u0105, kad i\u0161 sistemos i\u0161leistum\u0117te skalavimo skyst\u012f.<\/li>\n<li>Leiskite skalavimo skys\u010diui visi\u0161kai nutek\u0117ti \u012f talpykl\u0105 arba i\u0161leidimo ang\u0105.<\/li>\n<\/ul>\n<ol start=\"6\">\n<li><strong>Papildymas \u0161variu hidrauliniu skys\u010diu:<\/strong><\/li>\n<\/ol>\n<ul>\n<li>Kai visas skalavimo skystis bus i\u0161leistas, u\u017esukite i\u0161leidimo kam\u0161t\u012f arba vo\u017etuv\u0105.<\/li>\n<li>Hidraulin\u0119 sistem\u0105 pripildykite \u0161variu, rekomenduojamu hidrauliniu skys\u010diu.<\/li>\n<li>Follow the manufacturer&#8217;s guidelines for the appropriate fluid type and fill level.<\/li>\n<\/ul>\n<ol start=\"7\">\n<li><strong>Sistemos nuorinimas:<\/strong><\/li>\n<\/ol>\n<ul>\n<li>Bleed any air from the hydraulic system according to the manufacturer&#8217;s instructions or bleed procedures specific to your tractor model.<\/li>\n<li>\u0160is \u017eingsnis u\u017etikrina tinkam\u0105 hidraulin\u0117s sistemos veikim\u0105 ir pa\u0161alina bet kokias oro ki\u0161enes.<\/li>\n<\/ul>\n<ol start=\"8\">\n<li><strong>Sistemos testavimas:<\/strong><\/li>\n<\/ol>\n<ul>\n<li>U\u017eveskite traktori\u0173 ir \u012fjunkite hidraulin\u0119 sistem\u0105.<\/li>\n<li>Patikrinkite, ar n\u0117ra ne\u012fprast\u0173 gars\u0173, nuot\u0117ki\u0173 ar na\u0161umo problem\u0173.<\/li>\n<li>Patikrinkite hidraulin\u0119 sistem\u0105, ar ji veikia skland\u017eiai ir be su vandeniu susijusi\u0173 problem\u0173.<\/li>\n<\/ul>\n<h2><strong>Gamyklos paj\u0117gumai ir talpa:<\/strong><\/h2>\n<h3>(1) Surinkimas<\/h3>\n<p>Turime pirmos klas\u0117s nepriklausom\u0105 tyrim\u0173 ir pl\u0117tros surinkimo platform\u0105. Hidraulini\u0173 cilindr\u0173 gamybos ceche yra keturios pusiau automatin\u0117s k\u0117limo cilindr\u0173 surinkimo linijos ir viena automatin\u0117 pakreipimo cilindr\u0173 surinkimo linija, kuri\u0173 projektinis metinis gamybos paj\u0117gumas yra 1 milijonas vienet\u0173. Speciali\u0173j\u0173 cilindr\u0173 ceche \u012frengta \u012fvairi\u0173 specifikacij\u0173 pusiau automatin\u0117 valymo surinkimo sistema, kurios projektinis metinis gamybos paj\u0117gumas yra 200 000 vienet\u0173, ir garsi CNC apdirbimo \u012franga, apdirbimo centras, didelio tikslumo cilindr\u0173 apdirbimo speciali \u012franga, robotinis suvirinimo aparatas, automatinis valymo aparatas, automatinis cilindr\u0173 surinkimo aparatas ir automatin\u0117 da\u017eymo gamybos linija. Esama daugiau nei 300 rinkini\u0173 (komplekt\u0173) kritin\u0117 \u012franga. Optimalus \u012frangos i\u0161tekli\u0173 paskirstymas ir efektyvus naudojimas u\u017etikrina gamini\u0173 tikslumo reikalavimus ir auk\u0161tus gamini\u0173 kokyb\u0117s poreikius.<\/p>\n<p><img loading=\"lazy\" decoding=\"async\" class=\"alignnone wp-image-626\" src=\"https:\/\/hydraulic-cylinders.net\/wp-content\/uploads\/2023\/08\/hydraulic-cylinder-product-1-300x158.webp\" alt=\"\" width=\"495\" height=\"260\" srcset=\"https:\/\/hydraulic-cylinders.net\/wp-content\/uploads\/2023\/08\/hydraulic-cylinder-product-1-300x158.webp 495w, https:\/\/hydraulic-cylinders.net\/wp-content\/uploads\/2023\/08\/hydraulic-cylinder-product-1-480x252.webp 480w\" sizes=\"(min-width: 0px) and (max-width: 480px) 480px, (min-width: 481px) 495px, 100vw\" \/> <img loading=\"lazy\" decoding=\"async\" class=\"alignnone wp-image-627\" src=\"https:\/\/hydraulic-cylinders.net\/wp-content\/uploads\/2023\/08\/hydraulic-cylinder-product-2-300x189.webp\" alt=\"\" width=\"413\" height=\"260\" \/><\/p>\n<h3>(2) Apdirbimas<\/h3>\n<p>Mechaninio apdirbimo ceche \u012frengtas pritaikytas nuo\u017eulnaus b\u0117gio tekinimo centras, apdirbimo centras, greitaeigis galandimo stakl\u0117s, suvirinimo robotas ir kita susijusi \u012franga, galinti apdirbti cilindrinius vamzd\u017eius, kuri\u0173 maksimalus vidinis skersmuo yra 400 mm, o maksimalus ilgis \u2013 6 metrai.<\/p>\n<p><img loading=\"lazy\" decoding=\"async\" class=\"alignnone wp-image-628 size-large\" src=\"https:\/\/hydraulic-cylinders.net\/wp-content\/uploads\/2023\/08\/hydraulic-cylinder-product-3-1024x391.webp\" alt=\"\" width=\"1024\" height=\"391\" srcset=\"https:\/\/hydraulic-cylinders.net\/wp-content\/uploads\/2023\/08\/hydraulic-cylinder-product-3-980x374.webp 980w, https:\/\/hydraulic-cylinders.net\/wp-content\/uploads\/2023\/08\/hydraulic-cylinder-product-3-480x183.webp 480w\" sizes=\"(min-width: 0px) and (max-width: 480px) 480px, (min-width: 481px) and (max-width: 980px) 980px, (min-width: 981px) 1024px, 100vw\" \/><\/p>\n<h3>(3) Suvirinimas<\/h3>\n<p><img loading=\"lazy\" decoding=\"async\" class=\"alignnone wp-image-629 size-large\" src=\"https:\/\/hydraulic-cylinders.net\/wp-content\/uploads\/2023\/08\/hydraulic-cylinder-product-4-1024x510.webp\" alt=\"\" width=\"1024\" height=\"510\" srcset=\"https:\/\/hydraulic-cylinders.net\/wp-content\/uploads\/2023\/08\/hydraulic-cylinder-product-4-980x488.webp 980w, https:\/\/hydraulic-cylinders.net\/wp-content\/uploads\/2023\/08\/hydraulic-cylinder-product-4-480x239.webp 480w\" sizes=\"(min-width: 0px) and (max-width: 480px) 480px, (min-width: 481px) and (max-width: 980px) 980px, (min-width: 981px) 1024px, 100vw\" \/><\/p>\n<h3>(4) Da\u017eymas ir dengimas<\/h3>\n<p>Su ma\u017eomis ir vidutinio dyd\u017eio cilindrin\u0117mis automatin\u0117mis vandens pagrindo da\u017e\u0173 dengimo linijomis, siekiant automatinio robot\u0173 pakrovimo ir i\u0161krovimo bei automatinio pur\u0161kimo, projektinis paj\u0117gumas yra 4000 vienet\u0173 per pamain\u0105;<br \/>\nTaip pat turime pusiau automatin\u0119 dideli\u0173 cilindr\u0173 da\u017e\u0173 gamybos linij\u0105, varom\u0105 grandin\u0117s, kurios projektinis na\u0161umas yra 60 d\u0117\u017ei\u0173 per pamain\u0105.<\/p>\n<p><img loading=\"lazy\" decoding=\"async\" class=\"alignnone wp-image-630\" src=\"https:\/\/hydraulic-cylinders.net\/wp-content\/uploads\/2023\/08\/hydraulic-cylinder-product-5-300x213.webp\" alt=\"\" width=\"366\" height=\"260\" \/> <img loading=\"lazy\" decoding=\"async\" class=\"alignnone wp-image-631\" src=\"https:\/\/hydraulic-cylinders.net\/wp-content\/uploads\/2023\/08\/hydraulic-cylinder-product-6-300x225.webp\" alt=\"\" width=\"347\" height=\"260\" \/><\/p>\n<h3>(5) Testavimas<\/h3>\n<p>Turime auk\u0161\u010diausios klas\u0117s patikros patalpas ir bandym\u0173 stendus, kad u\u017etikrintume, jog baliono veikimas atitinka reikalavimus.<\/p>\n<p><img loading=\"lazy\" decoding=\"async\" class=\"alignnone wp-image-632\" src=\"https:\/\/hydraulic-cylinders.net\/wp-content\/uploads\/2023\/08\/hydraulic-cylinder-product-8-300x200.webp\" alt=\"\" width=\"389\" height=\"260\" \/><\/p>\n<p>&nbsp;<\/p>\n<p>&nbsp;<\/p>\n<p>Esame vienas geriausi\u0173 hidraulini\u0173 cilindr\u0173 gamintoj\u0173. Galime pasi\u016blyti i\u0161samius hidraulinius cilindrus. Taip pat teikiame atitinkamus <a href=\"https:\/\/hzpt.com\/agricultural-pto-gearbox\/\" target=\"_blank\" rel=\"noopener\">\u017eem\u0117s \u016bkio pavar\u0173 d\u0117\u017e\u0117s<\/a>Mes eksportuojame savo gaminius klientams visame pasaulyje ir peln\u0117me ger\u0105 reputacij\u0105 d\u0117l auk\u0161\u010diausios gamini\u0173 kokyb\u0117s ir aptarnavimo po pardavimo. Mes laukiame klient\u0173 \u0161alyje ir u\u017esienyje, norin\u010di\u0173 susisiekti su mumis der\u0117tis d\u0117l verslo, keistis informacija ir... <a href=\"https:\/\/www.hydraulic-cylinders.net\/lt\/contact-us\/\">bendradarbiauti su mumis<\/a>!<\/p>","protected":false},"excerpt":{"rendered":"<p>Aerial Work Platform Luffing Cylinder The aerial work platform luffing cylinder is a vital component in aerial work platforms, designed to enhance safety and efficiency in elevated work environments. This innovative hydraulic cylinder provides controlled vertical movement, allowing for precise lifting and lowering of the platform. The aerial work platform luffing cylinder is a crucial [&hellip;]<\/p>","protected":false},"featured_media":1533,"comment_status":"open","ping_status":"closed","template":"","meta":{"_et_pb_use_builder":"","_et_pb_old_content":"","_et_gb_content_width":""},"product_brand":[],"product_cat":[1500,1550],"product_tag":[1380],"class_list":{"0":"post-1531","1":"product","2":"type-product","3":"status-publish","4":"has-post-thumbnail","6":"product_cat-aerial-work-vehicle-hydraulic-cylinder","7":"product_cat-double-acting-hydraulic-cylinder","8":"product_tag-hydraulic-cylinder","10":"first","11":"instock","12":"shipping-taxable","13":"product-type-simple"},"amp_enabled":true,"_links":{"self":[{"href":"https:\/\/www.hydraulic-cylinders.net\/lt\/wp-json\/wp\/v2\/product\/1531","targetHints":{"allow":["GET"]}}],"collection":[{"href":"https:\/\/www.hydraulic-cylinders.net\/lt\/wp-json\/wp\/v2\/product"}],"about":[{"href":"https:\/\/www.hydraulic-cylinders.net\/lt\/wp-json\/wp\/v2\/types\/product"}],"replies":[{"embeddable":true,"href":"https:\/\/www.hydraulic-cylinders.net\/lt\/wp-json\/wp\/v2\/comments?post=1531"}],"wp:featuredmedia":[{"embeddable":true,"href":"https:\/\/www.hydraulic-cylinders.net\/lt\/wp-json\/wp\/v2\/media\/1533"}],"wp:attachment":[{"href":"https:\/\/www.hydraulic-cylinders.net\/lt\/wp-json\/wp\/v2\/media?parent=1531"}],"wp:term":[{"taxonomy":"product_brand","embeddable":true,"href":"https:\/\/www.hydraulic-cylinders.net\/lt\/wp-json\/wp\/v2\/product_brand?post=1531"},{"taxonomy":"product_cat","embeddable":true,"href":"https:\/\/www.hydraulic-cylinders.net\/lt\/wp-json\/wp\/v2\/product_cat?post=1531"},{"taxonomy":"product_tag","embeddable":true,"href":"https:\/\/www.hydraulic-cylinders.net\/lt\/wp-json\/wp\/v2\/product_tag?post=1531"}],"curies":[{"name":"wp","href":"https:\/\/api.w.org\/{rel}","templated":true}]}}