{"id":15310,"date":"2025-01-19T14:22:11","date_gmt":"2025-01-19T14:22:11","guid":{"rendered":"https:\/\/www.hydraulic-cylinders.net\/product\/bucket-cylinder-for-hyundai-small-excavator-r110-7-9\/"},"modified":"2025-01-19T14:22:13","modified_gmt":"2025-01-19T14:22:13","slug":"bucket-cylinder-for-hyundai-small-excavator-r110-7-9","status":"publish","type":"product","link":"https:\/\/www.hydraulic-cylinders.net\/lt\/produktas\/bucket-cylinder-for-hyundai-small-excavator-r110-7-9\/","title":{"rendered":"Kau\u0161o cilindras Hyundai ma\u017eam ekskavatoriui R110-7-9"},"content":{"rendered":"<h1>Kau\u0161o cilindras Hyundai ma\u017eam ekskavatoriui R110-7-9<\/h1>\n<h2>\u012evadas<\/h2>\n<h3>Kau\u0161o cilindro apibr\u0117\u017eimas<\/h3>\n<p>Kau\u0161o cilindras yra specialiai sukurtas hidraulinis cilindras, naudojamas valdyti kau\u0161o jud\u0117jim\u0105 sunkiosiose ma\u0161inose, tokiose kaip ekskavatoriai, ekskavatoriniai ekskavatoriai ir frontaliniai krautuvai. Pagrindin\u0117 jo funkcija \u2013 leisti kau\u0161ui pakilti, nuleisti ir pakreipti, taip palengvinant \u012fvairias med\u017eiag\u0173 tvarkymo u\u017eduotis. Hidraulin\u0117je sistemoje kau\u0161o cilindras tiksliai valdo kau\u0161\u0105 keisdamas hidraulin\u0117s alyvos sl\u0117g\u012f, leisdamas operatoriui efektyviai tvarkyti sunkius objektus ir prisitaikyti prie sud\u0117tingos darbo aplinkos bei \u012fvairi\u0173 darbo reikalavim\u0173.<\/p>\n<p><img decoding=\"async\" src=\"https:\/\/www.hydraulic-cylinders.net\/wp-content\/uploads\/2025\/01\/songte-company-2.webp\" alt=\"Kau\u0161o cilindro vaizdas\"><\/p>\n<h3>Kau\u0161o cilindro charakteristikos<\/h3>\n<ul>\n<li>Didelis stiprumas ir ilgaam\u017ei\u0161kumas: Paprastai pagamintas i\u0161 didelio stiprumo plieno arba aliuminio, jis gali atlaikyti didel\u012f sl\u0117g\u012f ir dideles apkrovas, prisitaiko prie at\u0161iauri\u0173 darbo s\u0105lyg\u0173 ir yra atsparus dilimui bei korozijai, kad prailgint\u0173 tarnavimo laik\u0105.<\/li>\n<li>Efektyvus hidraulinis veikimas: Skland\u016bs i\u0161pl\u0117timo ir susitraukimo judesiai pasiekiami naudojant hidraulin\u0117s alyvos sl\u0117g\u012f, kuris gali greitai reaguoti \u012f valdymo komandas, u\u017etikrinti stipri\u0105 st\u016bmimo ir traukimo j\u0117g\u0105 ir tinka sunkiems daiktams tvarkyti bei sud\u0117tingoms u\u017eduotims atlikti.<\/li>\n<li>\u012evair\u016bs tipai: Priklausomai nuo skirting\u0173 eksploatavimo reikalavim\u0173, galima pasirinkti vienpusio veikimo (hidraulik\u0105 naudojant tik viena kryptimi) arba dvipusio veikimo (hidraulik\u0105 naudojant dviem kryptimis) cilindrus. Kai kurie modeliai yra teleskopiniai, tod\u0117l juos galima labiau i\u0161pl\u0117sti nedidinant i\u0161orini\u0173 matmen\u0173, tod\u0117l jie tinka naudoti ribotoje erdv\u0117je.<\/li>\n<li>Ekonomi\u0161kas: M\u016bs\u0173 gaminiai gali puikiai pakeisti \u0161iuos hidraulinius cilindrus, sukurtus taip, kad klientams b\u016bt\u0173 suteikta prieinama galimyb\u0117 suma\u017einti i\u0161laidas.<\/li>\n<li>Lankstumas: \u0160\u012f produkt\u0105 galime pagaminti pagal kliento reikalavimus, atsi\u017evelgdami \u012f konkre\u010dius kiekvieno kliento poreikius ir reikalavimus.<\/li>\n<\/ul>\n<p><img decoding=\"async\" src=\"https:\/\/www.hydraulic-cylinders.net\/wp-content\/uploads\/2025\/01\/songte-cylinder-head-with-all-kinds-excavator-models.webp\" alt=\"Kau\u0161o cilindro modelio vaizdas\"><\/p>\n<h3>Kau\u0161o cilindro pritaikymas<\/h3>\n<p>Kau\u0161\u0173 cilindrai naudojami \u012fvairiose pramon\u0117s \u0161akose ir srityse, \u012fskaitant:<\/p>\n<ul>\n<li>Statybin\u0117 \u012franga: ekskavatoriuose jie yra labai svarb\u016bs kasant, kraunant ir perkeliant grunt\u0105 ar \u0161iuk\u0161les. Ekskavatoriuose kau\u0161o cilindrai padeda tiek kasant, tiek keliant. <\/li>\n<li>\u017dem\u0117s \u016bkio technika: naudojama priekiniuose krautuvuose dirvo\u017eemiui, \u0161ienui ir kitoms med\u017eiagoms kasti, kelti ir transportuoti. <\/li>\n<li>Ekskavatoriai: Kau\u0161o cilindras leid\u017eia kasti, leisdamas kau\u0161ui prasiskverbti \u012f dirv\u0105. <\/li>\n<li>Krautuvai: Priekiniuose krautuvuose jie padeda efektyviai pakelti ir pakreipti krovin\u012f.<\/li>\n<\/ul>\n<p>\u017demiau pateikiami keli konkret\u016bs kau\u0161o cilindro pritaikymo pavyzd\u017eiai:<\/p>\n<h4>Statybin\u0117 \u012franga<\/h4>\n<p>Ekskavatoriuose kau\u0161o cilindrai naudojami gruntui ar \u0161iuk\u0161l\u0117ms kasti, krauti ir perkelti. Kau\u0161o cilindro pagalba ekskavatorius gali pasiekti tiksl\u0173 kasimo gyl\u012f ir kamp\u0105, o operatorius gali lengvai valdyti kau\u0161o jud\u0117jim\u0105. Pana\u0161iai ir ekskavatoriuose-ekskavatoriuose kau\u0161o cilindras leid\u017eia kau\u0161ui \u012fsiskverbti \u012f grunt\u0105 ir padeda pakelti bei i\u0161versti \u0161iuk\u0161les.<\/p>\n<h4>\u017dem\u0117s \u016bkio technika<\/h4>\n<p>Kau\u0161o cilindras naudojamas priekiniuose krautuvuose dirvo\u017eemiui, \u0161ienui ir kitoms med\u017eiagoms semti, kelti ir transportuoti. Skland\u016bs cilindro i\u0161pl\u0117timo ir susitraukimo judesiai leid\u017eia efektyviai tvarkyti sunkias med\u017eiagas, o operatorius gali valdyti kau\u0161o jud\u0117jim\u0105 vairasvirte.<\/p>\n<h4>Ekskavatoriai<\/h4>\n<p>Kau\u0161o cilindras leid\u017eia atlikti kasimo veiksmus, leisdamas kau\u0161ui \u012fsiskverbti \u012f dirv\u0105. Cilindras gali valdyti tiek kasimo gyl\u012f, tiek kamp\u0105, tod\u0117l jis yra esmin\u0117 ekskavatoriaus dalis.<\/p>\n<h4>Krautuvai<\/h4>\n<p>Priekiniuose krautuvuose kau\u0161o cilindrai padeda efektyviai kelti ir pakreipti krovin\u012f. Cilindro i\u0161pl\u0117timo ir susitraukimo judesiai leid\u017eia skland\u017eiai kelti, o operatorius gali lengvai valdyti kau\u0161\u0105.<\/p>\n<h3>Projektavimo aspektai ir atrankos kriterijai<\/h3>\n<p>Renkantis cilindro formos katil\u0105, svarbu atsi\u017evelgti \u012f \u0161iuos projektavimo ir pasirinkimo kriterijus:<\/p>\n<ul>\n<li>Guoli\u0173 talpa: Cilindras turi atlaikyti reikiam\u0105 apkrov\u0105 ir hidraulin\u0117s alyvos sl\u0117g\u012f.<\/li>\n<li>Sandarinimas: Cilindras turi b\u016bti tinkamai u\u017esandarintas, kad b\u016bt\u0173 i\u0161vengta alyvos nutek\u0117jimo ir u\u017eter\u0161imo.<\/li>\n<li>Patvarumas: Cilindras turi b\u016bti pagamintas i\u0161 auk\u0161tos kokyb\u0117s med\u017eiag\u0173, kurios gali atlaikyti at\u0161iaurias darbo s\u0105lygas ir prailginti tarnavimo laik\u0105.<\/li>\n<li>Sauga: Baliono konstrukcija tur\u0117t\u0173 b\u016bti sukurta atsi\u017evelgiant \u012f saugos aspektus, kad b\u016bt\u0173 i\u0161vengta nelaiming\u0173 atsitikim\u0173 ar \u012frangos sugadinimo.<\/li>\n<li>Prie\u017ei\u016bra: Cilindras turi b\u016bti suprojektuotas taip, kad j\u012f b\u016bt\u0173 lengva pri\u017ei\u016br\u0117ti, remontuoti ir keisti dalis.<\/li>\n<\/ul>\n<p><img decoding=\"async\" src=\"https:\/\/www.hydraulic-cylinders.net\/wp-content\/uploads\/2025\/01\/songte-oil-pipes-and-spare-parts.webp\" alt=\"Kau\u0161o cilindro atsargini\u0173 dali\u0173 vaizdas\"><\/p>\n<h3>Sandarinimas ir tepimas<\/h3>\n<p>Kau\u0161o cilindre naudojami \u012fvair\u016bs sandarinimo komponentai, tokie kaip st\u016bmoklio sandarikliai, strypo sandarikliai ir kt., pagaminti i\u0161 atspari\u0173 dilimui med\u017eiag\u0173, toki\u0173 kaip poliuretanas ir nitrilo kau\u010diukas, kad b\u016bt\u0173 i\u0161vengta hidraulin\u0117s alyvos nutek\u0117jimo. Cilindro korpusas ir sriegio galiniai pavir\u0161iai yra kruop\u0161\u010diai apdorojami, o tai padidina atsparum\u0105 dilimui ir korozijai. Svarbu reguliariai \u012fpilti reikiam\u0105 kiek\u012f hidraulin\u0117s alyvos, kad b\u016bt\u0173 u\u017etikrintas tinkamas cilindro tepimas.<\/p>\n<h3>Prie\u017ei\u016bra ir remontas<\/h3>\n<p>Reguliarus techninis aptarnavimas ir remontas yra b\u016btini norint u\u017etikrinti tinkam\u0105 kau\u0161o cilindro veikim\u0105 ir ilgaam\u017ei\u0161kum\u0105. \u012eprastos technin\u0117s prie\u017ei\u016bros u\u017eduotys apima reguliarias patikras, tepim\u0105, sandarikli\u0173 keitim\u0105 ir kalibravimo patikrinimus. Svarbu teisingai sumontuoti cilindr\u0105, tinkamai j\u012f sulygiuoti ir naudoti tinkamus atraminius laikiklius, kad jis b\u016bt\u0173 pritvirtintas. Gedimo atveju b\u016btina greitai diagnozuoti ir remontuoti. Mes tiekiame atsargines dalis ir remonto paslaugas, kad prailgintume cilindro tarnavimo laik\u0105.<\/p>\n<p><img decoding=\"async\" src=\"https:\/\/www.hydraulic-cylinders.net\/wp-content\/uploads\/2025\/01\/songte-chushion-collar.webp\" alt=\"Kau\u0161o cilindro apykakl\u0117s vaizdas\"><\/p>\n<h3>Saugos ir aplinkosaugos aspektai<\/h3>\n<p>Naudojant kau\u0161inius cilindrus, b\u016btina laikytis saugos nurodym\u0173, kad b\u016bt\u0173 i\u0161vengta nelaiming\u0173 atsitikim\u0173 ir \u012frangos sugadinimo. Svarbu u\u017etikrinti, kad cilindras b\u016bt\u0173 tinkamai sumontuotas ir tinkamai suderintas, kad b\u016bt\u0173 i\u0161vengta nusid\u0117v\u0117jimo. Taip pat b\u016btina reguliariai tikrinti ir pri\u017ei\u016br\u0117ti, kad cilindras tinkamai veikt\u0173 ir b\u016bt\u0173 i\u0161vengta nelaiming\u0173 atsitikim\u0173. Svarbu atsi\u017evelgti \u012f aplinkosaugos aspektus, tokius kaip tinkamas panaudotos hidraulin\u0117s alyvos ir kit\u0173 atliek\u0173 \u0161alinimas.<\/p>\n<h3>Trik\u010di\u0173 \u0161alinimas ir da\u017eniausiai pasitaikan\u010dios problemos<\/h3>\n<p>Da\u017eniausios kau\u0161o cilindr\u0173 problemos yra alyvos nuot\u0117kis, nepakankamas tepimas ir netinkamas sulygiavimas. Cilindras gali sugesti, jei susid\u0117v\u0117j\u0119 arba pa\u017eeisti sandarikliai. Reguliarus patikrinimas ir prie\u017ei\u016bra gali pad\u0117ti i\u0161vengti \u0161i\u0173 problem\u0173. Kilus bet kokiai problemai, rekomenduojame kreiptis \u012f m\u016bs\u0173 technin\u0119 komand\u0105, kad ji greitai j\u0105 diagnozuot\u0173 ir suremontuot\u0173.<\/p>\n<p><img decoding=\"async\" src=\"https:\/\/www.hydraulic-cylinders.net\/wp-content\/uploads\/2025\/01\/songte-bushings-with-all-kinds-of-excavator-models.webp\" alt=\"Kau\u0161o cilindro \u012fvor\u0117s vaizdas\"><\/p>\n<h2>Apie m\u016bs\u0173 \u012fmon\u0119<\/h2>\n<p>Esame pirmaujanti hidraulini\u0173 cilindr\u0173 gamintoja ir didmeninink\u0117, si\u016blanti plat\u0173 produkt\u0173 ir sprendim\u0173 asortiment\u0105, kad patenkint\u0173 \u012fvairi\u0173 pramon\u0117s \u0161ak\u0173 poreikius. Vadovaujam\u0117s kokyb\u0117s u\u017etikrinimo filosofija ir savo gamybos cechuose taikome pa\u017eangias gamybos valdymo strategijas. M\u016bs\u0173 \u012fmon\u0117 investuoja \u012f technologijas, \u012frang\u0105 ir profesionalias bandym\u0173 sistemas, kad sukurt\u0173 efektyvi\u0105, tiksli\u0105 ir auk\u0161tos kokyb\u0117s gamybos linij\u0105, atitinkan\u010di\u0105 m\u016bs\u0173 klient\u0173 poreikius. Galime teikti individualiai pritaikytas paslaugas ir sprendimus, kad patenkintume konkre\u010dius kiekvieno kliento poreikius.<\/p>\n<h3>Profesionalumas<\/h3>\n<p>M\u016bs\u0173 patyrusi specialist\u0173 komanda teikia ekspert\u0173 technin\u0119 pagalb\u0105 ir konsultacijas klientams, u\u017etikrindama, kad patenkintume j\u0173 reikalavimus ir vir\u0161ytume l\u016bkes\u010dius. U\u017etikriname, kad kiekvienas produktas b\u016bt\u0173 i\u0161bandytas ir patikrintas, siekiant u\u017etikrinti auk\u0161t\u0105 kokyb\u0119 ir funkcionalum\u0105.<\/p>\n<h3>Tarptautinis sertifikavimas<\/h3>\n<p>M\u016bs\u0173 produktai yra sertifikuoti tarptautini\u0173 organizacij\u0173 ir standart\u0173, u\u017etikrinan\u010di\u0173, kad m\u016bs\u0173 gamybos procesas ir kokyb\u0117s kontrol\u0117 atitinka pramon\u0117s standartus. M\u016bs\u0173 produktai eksportuojami klientams visame pasaulyje, tod\u0117l esame u\u017esitarnav\u0119 kokyb\u0117s, patikimumo ir efektyvumo reputacij\u0105.<\/p>\n<h3>Pritaikymas<\/h3>\n<p>Galime pritaikyti savo gaminius prie konkre\u010di\u0173 kiekvieno kliento reikalavim\u0173, u\u017etikrindami, kad pasi\u016blysime geriausi\u0105 sprendim\u0105. M\u016bs\u0173 gaminiai yra lankst\u016bs, ekonomi\u0161ki ir pritaikomi \u012fvairioms darbo aplinkoms ir pritaikymams.<\/p>\n<h3>Gamybos \u012franga<\/h3>\n<p>Naudojame pa\u017eangi\u0105 gamybos \u012frang\u0105 ir ma\u0161inas, kad u\u017etikrintume auk\u0161\u010diausius m\u016bs\u0173 gamini\u0173 kokyb\u0117s standartus. M\u016bs\u0173 gamybos linija apr\u016bpinta naujausiomis CNC stakl\u0117mis, \u0161lifavimo stakl\u0117mis, tekinimo stakl\u0117mis ir kita specializuota \u012franga, kad patenkintume konkre\u010dius kiekvieno kliento poreikius.<\/p>\n<h3>Aptarnavimas po pardavimo<\/h3>\n<p>Teikiame garantinio aptarnavimo ir palaikymo paslaugas, kad u\u017etikrintume, jog m\u016bs\u0173 klientai likt\u0173 patenkinti m\u016bs\u0173 produktais. Teikiame technin\u0119 pagalb\u0105, atsargines dalis ir remonto paslaugas, kad prailgintume m\u016bs\u0173 produkt\u0173 tarnavimo laik\u0105 ir padidintume j\u0173 vert\u0119 klientams.<\/p>\n<p><img decoding=\"async\" src=\"https:\/\/hzpt.com\/wp-content\/uploads\/2024\/11\/songte-company-1.webp\" alt=\"M\u016bs\u0173 \u012fmon\u0117s \u012fvaizdis\"><\/p>\n<p>Autorius: lyl<\/p>","protected":false},"excerpt":{"rendered":"<p>Bucket Cylinder For Hyundai Small Excavator R110-7-9 Introduction Defining Bucket Cylinder A bucket cylinder is a specially designed hydraulic cylinder used to control the movement of the bucket in heavy machinery such as excavators, backhoe excavators, and front-end loaders. Its main function is to enable the bucket to lift, lower and tilt, thus facilitating various [&hellip;]<\/p>","protected":false},"featured_media":14762,"comment_status":"open","ping_status":"closed","template":"","meta":{"_et_pb_use_builder":"","_et_pb_old_content":"","_et_gb_content_width":""},"product_brand":[],"product_cat":[1494],"product_tag":[1495,1496],"class_list":{"0":"post-15310","1":"product","2":"type-product","3":"status-publish","4":"has-post-thumbnail","6":"product_cat-bucket-cylinders","7":"product_tag-bucket-cylinders","8":"product_tag-hydraulic-cylinders","10":"first","11":"instock","12":"shipping-taxable","13":"product-type-simple"},"amp_enabled":true,"_links":{"self":[{"href":"https:\/\/www.hydraulic-cylinders.net\/lt\/wp-json\/wp\/v2\/product\/15310","targetHints":{"allow":["GET"]}}],"collection":[{"href":"https:\/\/www.hydraulic-cylinders.net\/lt\/wp-json\/wp\/v2\/product"}],"about":[{"href":"https:\/\/www.hydraulic-cylinders.net\/lt\/wp-json\/wp\/v2\/types\/product"}],"replies":[{"embeddable":true,"href":"https:\/\/www.hydraulic-cylinders.net\/lt\/wp-json\/wp\/v2\/comments?post=15310"}],"wp:featuredmedia":[{"embeddable":true,"href":"https:\/\/www.hydraulic-cylinders.net\/lt\/wp-json\/wp\/v2\/media\/14762"}],"wp:attachment":[{"href":"https:\/\/www.hydraulic-cylinders.net\/lt\/wp-json\/wp\/v2\/media?parent=15310"}],"wp:term":[{"taxonomy":"product_brand","embeddable":true,"href":"https:\/\/www.hydraulic-cylinders.net\/lt\/wp-json\/wp\/v2\/product_brand?post=15310"},{"taxonomy":"product_cat","embeddable":true,"href":"https:\/\/www.hydraulic-cylinders.net\/lt\/wp-json\/wp\/v2\/product_cat?post=15310"},{"taxonomy":"product_tag","embeddable":true,"href":"https:\/\/www.hydraulic-cylinders.net\/lt\/wp-json\/wp\/v2\/product_tag?post=15310"}],"curies":[{"name":"wp","href":"https:\/\/api.w.org\/{rel}","templated":true}]}}