{"id":15313,"date":"2025-01-19T14:22:24","date_gmt":"2025-01-19T14:22:24","guid":{"rendered":"https:\/\/www.hydraulic-cylinders.net\/product\/bucket-cylinder-for-hyundai-middle-excavator-r200-5-5d\/"},"modified":"2025-01-19T14:22:26","modified_gmt":"2025-01-19T14:22:26","slug":"bucket-cylinder-for-hyundai-middle-excavator-r200-5-5d","status":"publish","type":"product","link":"https:\/\/www.hydraulic-cylinders.net\/lt\/produktas\/bucket-cylinder-for-hyundai-middle-excavator-r200-5-5d\/","title":{"rendered":"Kau\u0161o cilindras Hyundai Middle Excavator R200-5-5D"},"content":{"rendered":"<h1>Kau\u0161o cilindras Hyundai Middle Excavator R200-5-5D<\/h1>\n<h2>\u012evadas<\/h2>\n<p>Kau\u0161o cilindras yra specialiai sukurtas hidraulinis cilindras, naudojamas valdyti kau\u0161o jud\u0117jim\u0105 sunkiosiose ma\u0161inose, tokiose kaip ekskavatoriai, ekskavatoriniai ekskavatoriai ir frontaliniai krautuvai. Pagrindin\u0117 jo funkcija \u2013 leisti kau\u0161ui pakilti, nuleisti ir pakreipti, kad b\u016bt\u0173 lengviau transportuoti \u012fvairias med\u017eiagas. Hidraulin\u0117je sistemoje kau\u0161o cilindras tiksliai valdo kau\u0161o judesius keisdamas hidraulin\u0117s alyvos sl\u0117g\u012f, tod\u0117l operatoriai gali efektyviai tvarkyti sunkias med\u017eiagas, prisitaikyti prie sud\u0117tingos darbo aplinkos ir \u012fvairi\u0173 eksploatavimo reikalavim\u0173.<\/p>\n<p><img decoding=\"async\" src=\"https:\/\/www.hydraulic-cylinders.net\/wp-content\/uploads\/2025\/01\/songte-company-2.webp\"><\/p>\n<h2>Savyb\u0117s<\/h2>\n<ul>\n<li>Didelis stiprumas ir ilgaam\u017ei\u0161kumas: paprastai pagamintas i\u0161 didelio stiprumo plieno arba aliuminio, gali atlaikyti auk\u0161t\u0105 sl\u0117g\u012f ir dideles apkrovas, prisitaikyti prie at\u0161iauri\u0173 darbo s\u0105lyg\u0173 ir yra atsparus dilimui bei korozijai, kad prailgint\u0173 tarnavimo laik\u0105.<\/li>\n<li>Efektyvus hidraulinis veikimas: naudoja hidraulin\u0117s alyvos sl\u0117g\u012f, kad b\u016bt\u0173 pasiekti skland\u016bs i\u0161pl\u0117timo ir susitraukimo judesiai, gali greitai reaguoti \u012f valdymo komandas, u\u017etikrinti galingas st\u016bmimo ir traukimo j\u0117gas ir tinka sunki\u0173 med\u017eiag\u0173 tvarkymui bei sud\u0117tingoms eksploatavimo u\u017eduotims atlikti.<\/li>\n<li>\u012evair\u016bs tipai: pagal reikalavimus, kad b\u016bt\u0173 patenkinti skirtingi eksploatavimo poreikiai, galima rinktis vienpusio veikimo (hidraulin\u0117 sistema naudojama tik viena kryptimi) arba dvipusio veikimo (hidraulin\u0117 sistema naudojama dviem kryptimis) cilindrus. Kai kurie modeliai yra teleskopiniai, tod\u0117l juos galima labiau i\u0161tiesti nedidinant i\u0161orini\u0173 matmen\u0173, tod\u0117l jie tinka naudoti ribotoje erdv\u0117je.<\/li>\n<li>Lengva montuoti: m\u016bs\u0173 gaminys gali puikiai pakeisti \u0161iuos hidraulinius cilindrus.<\/li>\n<\/ul>\n<p><img decoding=\"async\" src=\"https:\/\/www.hydraulic-cylinders.net\/wp-content\/uploads\/2025\/01\/songte-cylinder-head-with-all-kinds-excavator-models.webp\"><\/p>\n<h2>Parai\u0161kos<\/h2>\n<p>Kau\u0161o cilindras pla\u010diai naudojamas \u012fvairiose sunkiosiose ma\u0161inose, tokiose kaip:<\/p>\n<ul>\n<li>Statybin\u0117 \u012franga: ekskavatoriuose jie yra gyvybi\u0161kai svarb\u016bs kasant, kraunant ir perkeliant grunt\u0105 ar \u0161iuk\u0161les. Ekskavatoriuose jie padeda kasti ir kelti. <\/li>\n<li>\u017dem\u0117s \u016bkio technika: naudojama priekiniuose krautuvuose dirvo\u017eemiui, \u0161ienui ir kitoms med\u017eiagoms kasti, kelti ir transportuoti. <\/li>\n<li>Ekskavatoriai: Kau\u0161o cilindras leid\u017eia kasti, leisdamas kau\u0161ui \u012fsiskverbti \u012f dirv\u0105. <\/li>\n<li>Krautuvai: Priekiniuose krautuvuose jie padeda efektyviai pakelti ir i\u0161krauti prekes.<\/li>\n<\/ul>\n<h2>Projektavimo aspektai ir atrankos standartai<\/h2>\n<ul>\n<li>Geb\u0117jimas i\u0161laikyti svor\u012f: Cilindras turi b\u016bti suprojektuotas taip, kad atlaikyt\u0173 maksimali\u0105 apkrov\u0105 ir sl\u0117g\u012f.<\/li>\n<li>Sandarinimas: \u012evair\u016bs sandarinimo komponentai, tokie kaip st\u016bmokli\u0173 sandarikliai, stryp\u0173 sandarikliai ir kt., tur\u0117t\u0173 b\u016bti pagaminti i\u0161 atspari\u0173 dilimui med\u017eiag\u0173, kad b\u016bt\u0173 u\u017etikrintas ilgalaikis sandarumas at\u0161iauriomis s\u0105lygomis.<\/li>\n<li>Patvarumas: Cilindras turi b\u016bti suprojektuotas taip, kad atlaikyt\u0173 nuovargio \u012ftemp\u012f ir nusid\u0117v\u0117jim\u0105, atsirandant\u012f d\u0117l ilgalaikio naudojimo.<\/li>\n<li>Sauga: Hidraulin\u0117 sistema turi b\u016bti suprojektuota taip, kad b\u016bt\u0173 i\u0161vengta nelaiming\u0173 atsitikim\u0173 ir u\u017etikrintas operatoriaus saugumas.<\/li>\n<li>Prie\u017ei\u016bra: Cilindras tur\u0117t\u0173 b\u016bti suprojektuotas taip, kad j\u012f b\u016bt\u0173 lengva pri\u017ei\u016br\u0117ti, \u012fskaitant lengv\u0105 i\u0161montavim\u0105, surinkim\u0105 ir pa\u017eeist\u0173 komponent\u0173 pakeitim\u0105.<\/li>\n<\/ul>\n<p><img decoding=\"async\" src=\"https:\/\/www.hydraulic-cylinders.net\/wp-content\/uploads\/2025\/01\/songte-oil-pipes-and-spare-parts.webp\"><\/p>\n<h2>Sandarinimas ir tepimas<\/h2>\n<p>\u012evair\u016bs sandarinimo komponentai, tokie kaip st\u016bmoklio sandarikliai, strypo sandarikliai ir kt., tur\u0117t\u0173 b\u016bti pagaminti i\u0161 atspari\u0173 dilimui med\u017eiag\u0173, kad b\u016bt\u0173 u\u017etikrintas ilgalaikis sandarumas at\u0161iauriomis s\u0105lygomis. Cilindro korpusas ir srieginis galas yra kruop\u0161\u010diai apdirbti, kad b\u016bt\u0173 padidintas atsparumas dilimui. Tepimui b\u016btina reguliariai \u012fpilti tinkam\u0105 kiek\u012f hidraulin\u0117s alyvos.<\/p>\n<h2>Prie\u017ei\u016bra ir atsargumo priemon\u0117s<\/h2>\n<ul>\n<li>Reguliarus patikrinimas: reguliarus cilindro patikrinimas gali pad\u0117ti i\u0161vengti galim\u0173 problem\u0173.<\/li>\n<li>Tinkamas tepimas: Tinkamas tepimas gali i\u0161laikyti cilindro veikim\u0105.<\/li>\n<li>Sandariklio keitimas: Reguliarus sandarikli\u0173 keitimas gali pagerinti cilindro sandarumo savybes. <\/li>\n<li>Kalibravimo patikrinimas: Cilindr\u0105 reikia reguliariai kalibruoti, kad b\u016bt\u0173 u\u017etikrintas jo tikslumas.<\/li>\n<\/ul>\n<p><img decoding=\"async\" src=\"https:\/\/www.hydraulic-cylinders.net\/wp-content\/uploads\/2025\/01\/songte-chushion-collar.webp\"><\/p>\n<h2>Saugos aspektai ir aplinkos veiksniai<\/h2>\n<p>Naudojant hidraulinius cilindrus, siekiant i\u0161vengti nelaiming\u0173 atsitikim\u0173, b\u016btinos saugos priemon\u0117s. Tinkamas hidraulinio skys\u010dio ir kit\u0173 atliek\u0173 \u0161alinimas taip pat b\u016btinas siekiant apsaugoti aplink\u0105.<\/p>\n<h2>Diagnoz\u0117 ir trik\u010di\u0173 \u0161alinimas<\/h2>\n<p>Jei cilindras sugenda, tai gali sukelti prast\u0105 na\u0161um\u0105 ar net avarijas. Tinkama diagnostika ir trik\u010di\u0173 \u0161alinimas gali pad\u0117ti i\u0161spr\u0119sti \u0161ias problemas.<\/p>\n<h2>Apie m\u016bs\u0173 \u012fmon\u0119<\/h2>\n<p>Esame pakaitini\u0173 hidraulini\u0173 cilindr\u0173 gamintojas. M\u016bs\u0173 \u012fmon\u0117 si\u016blo plat\u0173 gamini\u0173 asortiment\u0105 ir tapo viena i\u0161 pirmaujan\u010di\u0173 hidraulini\u0173 cilindr\u0173 gamintoj\u0173 ir didmeninink\u0173 vidaus ir tarptautin\u0117se rinkose. Vadovaujam\u0117s puikios kokyb\u0117s principu ir remiam\u0117s industrializuota smulkiosios gamybos dirbtuvi\u0173 gamybos valdymo strategija. M\u016bs\u0173 \u012fmon\u0117 nuolat tobulina dirbtuvi\u0173 gamybos platform\u0105, tobulina produkto gamybos kokyb\u0117s keli\u0105 ir turi stipri\u0173 k\u016brybini\u0173 paj\u0117gum\u0173, kad patenkint\u0173 \u012fvairius klient\u0173 poreikius, u\u017etikrindama auk\u0161t\u0105 efektyvum\u0105, auk\u0161t\u0105 tikslum\u0105 ir auk\u0161t\u0105 kokyb\u0119. <\/p>\n<ul>\n<li>Profesionalumas: Turime patyrusi\u0173 specialist\u0173 komand\u0105, kuri yra atsidavusi auk\u0161tos kokyb\u0117s hidraulini\u0173 cilindr\u0173 gamybai.<\/li>\n<li>Tarptautinis sertifikatas: M\u016bs\u0173 produktai yra i\u0161laik\u0119 tarptautinius kokyb\u0117s sertifikatus ir eksportuojami \u012f daugel\u012f pasaulio \u0161ali\u0173 ir region\u0173.<\/li>\n<li>Individualaus pritaikymo paslaugos: Si\u016blome individualiai pritaikytas paslaugas, pritaikytas individualiems klient\u0173 poreikiams.<\/li>\n<li>Gamybos \u012franga: Naudojame pa\u017eangi\u0105 skaitmenin\u0119 gamybos \u012frang\u0105, kad u\u017etikrintume gamybos proceso kokyb\u0119 ir efektyvum\u0105.<\/li>\n<li>Aptarnavimas po pardavimo: Siekdami u\u017etikrinti klient\u0173 pasitenkinim\u0105, si\u016blome i\u0161samias paslaugas po pardavimo.<\/li>\n<\/ul>\n<p><img decoding=\"async\" src=\"https:\/\/www.hydraulic-cylinders.net\/wp-content\/uploads\/2025\/01\/songte-company-3.webp\"><\/p>\n<p>Autorius: lyl.<\/p>","protected":false},"excerpt":{"rendered":"<p>Bucket Cylinder for Hyundai Middle Excavator R200-5-5D Introduction A bucket cylinder is a specially designed hydraulic cylinder used to control the movement of the bucket in heavy machinery like excavators, backhoe excavators, and front-end loaders. Its main function is to enable the bucket to lift, lower, and tilt, making it easier to transport various materials. [&hellip;]<\/p>","protected":false},"featured_media":14788,"comment_status":"open","ping_status":"closed","template":"","meta":{"_et_pb_use_builder":"","_et_pb_old_content":"","_et_gb_content_width":""},"product_brand":[],"product_cat":[1494],"product_tag":[1495,1496],"class_list":{"0":"post-15313","1":"product","2":"type-product","3":"status-publish","4":"has-post-thumbnail","6":"product_cat-bucket-cylinders","7":"product_tag-bucket-cylinders","8":"product_tag-hydraulic-cylinders","10":"first","11":"instock","12":"shipping-taxable","13":"product-type-simple"},"amp_enabled":true,"_links":{"self":[{"href":"https:\/\/www.hydraulic-cylinders.net\/lt\/wp-json\/wp\/v2\/product\/15313","targetHints":{"allow":["GET"]}}],"collection":[{"href":"https:\/\/www.hydraulic-cylinders.net\/lt\/wp-json\/wp\/v2\/product"}],"about":[{"href":"https:\/\/www.hydraulic-cylinders.net\/lt\/wp-json\/wp\/v2\/types\/product"}],"replies":[{"embeddable":true,"href":"https:\/\/www.hydraulic-cylinders.net\/lt\/wp-json\/wp\/v2\/comments?post=15313"}],"wp:featuredmedia":[{"embeddable":true,"href":"https:\/\/www.hydraulic-cylinders.net\/lt\/wp-json\/wp\/v2\/media\/14788"}],"wp:attachment":[{"href":"https:\/\/www.hydraulic-cylinders.net\/lt\/wp-json\/wp\/v2\/media?parent=15313"}],"wp:term":[{"taxonomy":"product_brand","embeddable":true,"href":"https:\/\/www.hydraulic-cylinders.net\/lt\/wp-json\/wp\/v2\/product_brand?post=15313"},{"taxonomy":"product_cat","embeddable":true,"href":"https:\/\/www.hydraulic-cylinders.net\/lt\/wp-json\/wp\/v2\/product_cat?post=15313"},{"taxonomy":"product_tag","embeddable":true,"href":"https:\/\/www.hydraulic-cylinders.net\/lt\/wp-json\/wp\/v2\/product_tag?post=15313"}],"curies":[{"name":"wp","href":"https:\/\/api.w.org\/{rel}","templated":true}]}}