{"id":15314,"date":"2025-01-19T14:22:28","date_gmt":"2025-01-19T14:22:28","guid":{"rendered":"https:\/\/www.hydraulic-cylinders.net\/product\/bucket-cylinder-for-hyundai-middle-excavator-r210-5d\/"},"modified":"2025-01-19T14:22:29","modified_gmt":"2025-01-19T14:22:29","slug":"bucket-cylinder-for-hyundai-middle-excavator-r210-5d","status":"publish","type":"product","link":"https:\/\/www.hydraulic-cylinders.net\/lt\/produktas\/bucket-cylinder-for-hyundai-middle-excavator-r210-5d\/","title":{"rendered":"Kau\u0161o cilindras Hyundai Middle Excavator R210-5D"},"content":{"rendered":"<h1>Kau\u0161o cilindras Hyundai Middle Excavator R210-5D<\/h1>\n<h2>\u012evadas<\/h2>\n<p>Kau\u0161o cilindras yra specialiai suprojektuotas hidraulinis cilindras, naudojamas valdyti kau\u0161o jud\u0117jim\u0105 sunkiosiose ma\u0161inose, tokiose kaip ekskavatoriai, ekskavatoriniai krautuvai ir frontaliniai krautuvai. Pagrindin\u0117 jo funkcija \u2013 leisti kau\u0161ui pakilti, nuleisti ir pakreipti, taip palengvinant \u012fvairias med\u017eiag\u0173 tvarkymo u\u017eduotis. Hidraulin\u0117je sistemoje kau\u0161o cilindras tiksliai valdo kau\u0161\u0105 keisdamas hidraulin\u0117s alyvos sl\u0117g\u012f, tod\u0117l operatoriai gali efektyviai tvarkyti sunkius objektus ir prisitaikyti prie sud\u0117tingos darbo aplinkos bei \u012fvairi\u0173 eksploatacini\u0173 reikalavim\u0173.<\/p>\n<p><img decoding=\"async\" src=\"https:\/\/www.hydraulic-cylinders.net\/wp-content\/uploads\/2025\/01\/songte-company-2.webp\" \/><\/p>\n<h2>Savyb\u0117s<\/h2>\n<ul>\n<li>\n<h3>Didelis stiprumas ir ilgaam\u017ei\u0161kumas<\/h3>\n<p>Kau\u0161\u0173 cilindrai paprastai gaminami i\u0161 didelio stiprumo plieno arba aliuminio, galintys atlaikyti auk\u0161t\u0105 sl\u0117g\u012f ir dideles apkrovas, ir yra suprojektuoti atsi\u017evelgiant \u012f atsparum\u0105 dilimui ir korozijai, kad prailgint\u0173 j\u0173 tarnavimo laik\u0105.<\/p>\n<\/li>\n<li>\n<h3>Efektyvus hidraulinis valdymas<\/h3>\n<p>Kau\u0161\u0173 cilindrai naudoja hidraulin\u0117s alyvos sl\u0117g\u012f, kad u\u017etikrint\u0173 skland\u0173 i\u0161pl\u0117tim\u0105 ir susitraukim\u0105, greitai reaguot\u0173 \u012f valdymo komandas, u\u017etikrint\u0173 galingas st\u016bmimo ir traukimo j\u0117gas ir idealiai tinka sunkiems daiktams tvarkyti ir sud\u0117tingoms eksploatavimo u\u017eduotims atlikti.<\/p>\n<\/li>\n<li>\n<h3>\u012evair\u016bs tipai<\/h3>\n<p>Kau\u0161\u0173 cilindrai gali b\u016bti parenkami kaip vienpusio veikimo (hidrauliniai, naudojami tik viena kryptimi) arba dvipusio veikimo (hidrauliniai, naudojami dviem kryptimis) cilindrai, atsi\u017evelgiant \u012f eksploatacinius reikalavimus. Kai kurie modeliai yra teleskopiniai, tod\u0117l juos galima labiau i\u0161sipl\u0117sti nedidinant i\u0161orini\u0173 matmen\u0173, tod\u0117l jie tinka naudoti ribotoje erdv\u0117je.<\/p>\n<\/li>\n<li>\n<h3>Puikus pakeitimas<\/h3>\n<p>M\u016bs\u0173 gaminiai gali puikiai pakeisti \u0161iuos hidraulinius cilindrus.<\/p>\n<\/li>\n<\/ul>\n<p><img decoding=\"async\" src=\"https:\/\/www.hydraulic-cylinders.net\/wp-content\/uploads\/2025\/01\/songte-cylinder-head-with-all-kinds-excavator-models.webp\" \/><\/p>\n<h2>Parai\u0161kos<\/h2>\n<p>Kau\u0161\u0173 cilindrai yra pla\u010diai naudojami \u012fvairiose pramon\u0117s \u0161akose \u012fvairiems tikslams, \u012fskaitant:<\/p>\n<ul>\n<li>\n<h3>Statybin\u0117 \u012franga<\/h3>\n<p>Kau\u0161o cilindrai yra b\u016btini ekskavatoriams kasant, kraunant ir perkeliant dirvo\u017eem\u012f ar \u0161iuk\u0161les. Ekskavatoriuose-krautuvuose kau\u0161o cilindrai padeda tiek kasti, tiek kelti.<\/p>\n<\/li>\n<li>\n<h3>\u017dem\u0117s \u016bkio technika<\/h3>\n<p>Kau\u0161o cilindrai naudojami frontaliniuose krautuvuose dirvo\u017eemiui, \u0161ienui ir kitoms med\u017eiagoms semti, kelti ir transportuoti. Ekskavatoriuose kau\u0161o cilindras leid\u017eia kasti, leisdamas kau\u0161ui \u012fsiskverbti \u012f dirv\u0105.<\/p>\n<\/li>\n<li>\n<h3>Krautuvas<\/h3>\n<p>Kau\u0161\u0173 cilindrai padeda efektyviai pakelti ir i\u0161pilti prekes priekiniuose krautuvuose.<\/p>\n<\/li>\n<\/ul>\n<h2>Projektavimo aspektai ir atrankos kriterijai<\/h2>\n<ul>\n<li>\n<h3>Keliamoji galia<\/h3>\n<p>Cilindras turi b\u016bti suprojektuotas taip, kad atlaikyt\u0173 dideles apkrovas ir sl\u0117g\u012f, o naudojamos med\u017eiagos turi b\u016bti labai patvarios ir atsparios dilimui bei korozijai.<\/p>\n<\/li>\n<li>\n<h3>Sandarinimas ir tepimas<\/h3>\n<p>Cilindre turi b\u016bti naudojami \u012fvair\u016bs sandarikliai, tokie kaip st\u016bmoklio sandarinimo \u017eiedai ir strypo sandarinimo \u017eiedai, pagaminti i\u0161 atspari\u0173 dilimui med\u017eiag\u0173, toki\u0173 kaip poliuretanas ir nitrilo kau\u010diukas. Cilindro korpusas ir sriegio galiniai pavir\u0161iai turi b\u016bti kruop\u0161\u010diai apdorojami, kad b\u016bt\u0173 padidintas atsparumas dilimui. Tepimui reikia reguliariai \u012fpilti pakankamai hidraulin\u0117s alyvos.<\/p>\n<\/li>\n<li>\n<h3>Patvarumas ir saugumas<\/h3>\n<p>Balionas turi b\u016bti suprojektuotas atsi\u017evelgiant \u012f saugum\u0105, \u012frengiant tokias priemones kaip sl\u0117gio ma\u017einimo vo\u017etuvai. Siekiant u\u017etikrinti jo ilgaam\u017ei\u0161kum\u0105 ir saugum\u0105, reikia atlikti tinkam\u0105 technin\u0119 prie\u017ei\u016br\u0105 ir periodinius patikrinimus.<\/p>\n<\/li>\n<\/ul>\n<p><img decoding=\"async\" src=\"https:\/\/www.hydraulic-cylinders.net\/wp-content\/uploads\/2025\/01\/songte-oil-pipes-and-spare-parts.webp\" \/><\/p>\n<h2>Prie\u017ei\u016bra ir remontas<\/h2>\n<p>Kau\u0161\u0173 cilindr\u0173 ilgaam\u017ei\u0161kumui b\u016btina reguliari prie\u017ei\u016bra ir tinkamas tepimas. \u012eprastos prie\u017ei\u016bros u\u017eduotys apima:<\/p>\n<ul>\n<li>\n<h3>Periodin\u0117 patikra<\/h3>\n<p>Reguliariai tikrinkite cilindr\u0105, kad \u012fsitikintum\u0117te, jog jis tinkamai veikia, ir aptikkite galimus gedimus.<\/p>\n<\/li>\n<li>\n<h3>Tepimas<\/h3>\n<p>Reguliariai \u012fpilkite reikiam\u0105 kiek\u012f hidraulin\u0117s alyvos, kad u\u017etikrintum\u0117te tinkam\u0105 cilindro sutepim\u0105.<\/p>\n<\/li>\n<li>\n<h3>Sandariklio keitimas<\/h3>\n<p>Sandarikli\u0173, toki\u0173 kaip st\u016bmoklio sandarinimo \u017eiedai ir strypo sandarinimo \u017eiedai, keitimas, kai tai b\u016btina cilindro vientisumui i\u0161laikyti.<\/p>\n<\/li>\n<li>\n<h3>Kalibravimo patikrinimas<\/h3>\n<p>Periodi\u0161kai tikrinkite cilindro kalibravim\u0105, kad \u012fsitikintum\u0117te, jog jis veikia taip, kaip numatyta.<\/p>\n<\/li>\n<\/ul>\n<p><img decoding=\"async\" src=\"https:\/\/www.hydraulic-cylinders.net\/wp-content\/uploads\/2025\/01\/songte-chushion-collar.webp\" \/><\/p>\n<h2>Saugos ir aplinkosaugos aspektai<\/h2>\n<p>Naudojant kau\u0161inius cilindrus, reikia imtis saugos priemoni\u0173, kad b\u016bt\u0173 suma\u017einta operatori\u0173 ir pa\u0161alini\u0173 asmen\u0173 su\u017ealojimo rizika. Taip pat svarbu atsi\u017evelgti \u012f aplinkos veiksnius, tokius kaip tinkamas panaudotos hidraulin\u0117s alyvos ir sandarikli\u0173 utilizavimas, siekiant suma\u017einti tar\u0161\u0105.<\/p>\n<h2>Trik\u010di\u0173 \u0161alinimas ir da\u017eniausios problemos<\/h2>\n<p>Da\u017eniausios kau\u0161o cilindr\u0173 problemos yra nuot\u0117kiai, l\u0117tas veikimas ir \u017eemas sl\u0117gis. Trik\u010di\u0173 \u0161alinimo patarimai ir sprendimai:<\/p>\n<ul>\n<li>\n<h3>Nuot\u0117kis<\/h3>\n<p>Patikrinkite sandariklius ir, jei reikia, pakeiskite juos.<\/p>\n<\/li>\n<li>\n<h3>L\u0117tas veikimas<\/h3>\n<p>Patikrinkite, ar pakankamas hidraulin\u0117s alyvos lygis, ir prireikus sureguliuokite valdymo vo\u017etuv\u0105.<\/p>\n<\/li>\n<li>\n<h3>\u017demas sl\u0117gis<\/h3>\n<p>Patikrinkite, ar hidraulinis siurblys veikia tinkamai, ir prireikus sureguliuokite apsaugin\u012f vo\u017etuv\u0105.<\/p>\n<\/li>\n<li>\n<h3>Prevencin\u0117s priemon\u0117s<\/h3>\n<p>Reguliarus techninis aptarnavimas ir prie\u017ei\u016bra gali pad\u0117ti i\u0161vengti da\u017eniausiai pasitaikan\u010di\u0173 problem\u0173 ir u\u017etikrinti cilindro ilgaam\u017ei\u0161kum\u0105.<\/p>\n<\/li>\n<\/ul>\n<p><img decoding=\"async\" src=\"https:\/\/www.hydraulic-cylinders.net\/wp-content\/uploads\/2025\/01\/songte-bushings-with-all-kinds-of-excavator-models.webp\" \/><\/p>\n<h2>Apie mus<\/h2>\n<p>Esame pakaitini\u0173 hidraulini\u0173 cilindr\u0173 gamintojas. Platus gamini\u0173 asortimentas pavert\u0117 mus vienais i\u0161 pirmaujan\u010di\u0173 hidraulini\u0173 cilindr\u0173 gamintoj\u0173 ir didmeninink\u0173 vidaus ir tarptautin\u0117se rinkose. Vadovaujam\u0117s puikios kokyb\u0117s principu ir pasikliaujame savo moderni\u0173 gamybos dirbtuvi\u0173 industrializuotomis gamybos valdymo strategijomis. D\u0117mes\u012f sutelkdami \u012f technologinius talentus, auk\u0161\u010diausios klas\u0117s skaitmenin\u0119 gamybos \u012frang\u0105 ir profesionalias testavimo sistemas, m\u016bs\u0173 gamybos platforma nuolat tobul\u0117ja, tobulina gamini\u0173 kokyb\u0119 ir gamybos b\u016bdus, kad patenkintume \u012fvairius klient\u0173 poreikius, u\u017etikrindami auk\u0161t\u0105 efektyvum\u0105, tikslum\u0105 ir kokyb\u0119.<\/p>\n<h3>Profesionalumas<\/h3>\n<p>M\u016bs\u0173 \u012fmon\u0117 yra \u012fsipareigojusi klientams tiekti profesionalius ir patikimus hidraulini\u0173 cilindr\u0173 gaminius bei sprendimus, kuriuos palaiko kvalifikuot\u0173 in\u017einieri\u0173 ir technik\u0173 komanda, turinti patirties hidraulini\u0173 ma\u0161in\u0173 srityje.<\/p>\n<h3>Tarptautinis sertifikavimas<\/h3>\n<p>M\u016bs\u0173 \u012fmon\u0117 yra gavusi tarptautinius sertifikatus, tokius kaip ISO9001, kurie u\u017etikrina m\u016bs\u0173 gamini\u0173 kokyb\u0119.<\/p>\n<h3>Individualus aptarnavimas<\/h3>\n<p>Si\u016blome individualiai pritaikytas paslaugas, pritaikytas konkretiems m\u016bs\u0173 klient\u0173 poreikiams.<\/p>\n<h3>Gamybos \u012franga<\/h3>\n<p>M\u016bs\u0173 \u012fmon\u0117 turi pa\u017eangi\u0105 gamybos \u012frang\u0105 ir bandym\u0173 \u012frang\u0105, u\u017etikrinan\u010di\u0105, kad m\u016bs\u0173 gaminiai atitikt\u0173 auk\u0161tus standartus.<\/p>\n<h3>Aptarnavimas po pardavimo<\/h3>\n<p>M\u016bs\u0173 \u012fmon\u0117 teikia i\u0161samias ir savalaikes garantinio aptarnavimo paslaugas, siekdama u\u017etikrinti klient\u0173 pasitenkinim\u0105.<\/p>\n<p><img decoding=\"async\" src=\"https:\/\/hzpt.com\/wp-content\/uploads\/2024\/11\/songte-company-1.webp\" \/><\/p>\n<p>Autorius: lyl.<\/p>","protected":false},"excerpt":{"rendered":"<p>Bucket Cylinder For Hyundai Middle Excavator R210-5D Introduction A bucket cylinder is a specially designed hydraulic cylinder used to control the movement of the bucket in heavy machinery, such as excavators, backhoe loaders, and front-end loaders. Its main function is to enable the bucket to lift, lower, and tilt, thus facilitating various material handling tasks. [&hellip;]<\/p>","protected":false},"featured_media":14787,"comment_status":"open","ping_status":"closed","template":"","meta":{"_et_pb_use_builder":"","_et_pb_old_content":"","_et_gb_content_width":""},"product_brand":[],"product_cat":[1494],"product_tag":[1495,1496],"class_list":{"0":"post-15314","1":"product","2":"type-product","3":"status-publish","4":"has-post-thumbnail","6":"product_cat-bucket-cylinders","7":"product_tag-bucket-cylinders","8":"product_tag-hydraulic-cylinders","10":"first","11":"instock","12":"shipping-taxable","13":"product-type-simple"},"amp_enabled":true,"_links":{"self":[{"href":"https:\/\/www.hydraulic-cylinders.net\/lt\/wp-json\/wp\/v2\/product\/15314","targetHints":{"allow":["GET"]}}],"collection":[{"href":"https:\/\/www.hydraulic-cylinders.net\/lt\/wp-json\/wp\/v2\/product"}],"about":[{"href":"https:\/\/www.hydraulic-cylinders.net\/lt\/wp-json\/wp\/v2\/types\/product"}],"replies":[{"embeddable":true,"href":"https:\/\/www.hydraulic-cylinders.net\/lt\/wp-json\/wp\/v2\/comments?post=15314"}],"wp:featuredmedia":[{"embeddable":true,"href":"https:\/\/www.hydraulic-cylinders.net\/lt\/wp-json\/wp\/v2\/media\/14787"}],"wp:attachment":[{"href":"https:\/\/www.hydraulic-cylinders.net\/lt\/wp-json\/wp\/v2\/media?parent=15314"}],"wp:term":[{"taxonomy":"product_brand","embeddable":true,"href":"https:\/\/www.hydraulic-cylinders.net\/lt\/wp-json\/wp\/v2\/product_brand?post=15314"},{"taxonomy":"product_cat","embeddable":true,"href":"https:\/\/www.hydraulic-cylinders.net\/lt\/wp-json\/wp\/v2\/product_cat?post=15314"},{"taxonomy":"product_tag","embeddable":true,"href":"https:\/\/www.hydraulic-cylinders.net\/lt\/wp-json\/wp\/v2\/product_tag?post=15314"}],"curies":[{"name":"wp","href":"https:\/\/api.w.org\/{rel}","templated":true}]}}