{"id":15318,"date":"2025-01-19T14:22:44","date_gmt":"2025-01-19T14:22:44","guid":{"rendered":"https:\/\/www.hydraulic-cylinders.net\/product\/bucket-cylinder-for-hyundai-middle-excavator-r200lc\/"},"modified":"2025-01-19T14:22:46","modified_gmt":"2025-01-19T14:22:46","slug":"bucket-cylinder-for-hyundai-middle-excavator-r200lc","status":"publish","type":"product","link":"https:\/\/www.hydraulic-cylinders.net\/lt\/produktas\/bucket-cylinder-for-hyundai-middle-excavator-r200lc\/","title":{"rendered":"Kau\u0161o cilindras Hyundai Middle Excavator R200LC"},"content":{"rendered":"<h1>Kau\u0161o cilindras Hyundai Middle Excavator R200LC<\/h1>\n<h2>\u012evadas<\/h2>\n<p>\u201eHyundai R200LC\u201c vidutinio profilio ekskavatoriaus kau\u0161o cilindras yra specializuotas hidraulinis cilindras, skirtas valdyti kau\u0161o jud\u0117jim\u0105 sunkiojoje technikoje, tokioje kaip ekskavatoriai, ekskavatoriniai ekskavatoriai ir frontaliniai krautuvai. Pagrindin\u0117 jo funkcija \u2013 leisti kau\u0161ui pakilti, nuleisti ir pakreipti, taip palengvinant \u012fvairias med\u017eiag\u0173 tvarkymo u\u017eduotis. Hidraulin\u0117je sistemoje kau\u0161o cilindras kontroliuoja tikslius kau\u0161o judesius keisdamas hidraulin\u0117s alyvos sl\u0117g\u012f, leisdamas operatoriams efektyviai tvarkyti sunkius objektus ir prisitaikyti prie sud\u0117tingos darbo aplinkos bei \u012fvairi\u0173 eksploatavimo reikalavim\u0173.<\/p>\n<p><img decoding=\"async\" src=\"https:\/\/www.hydraulic-cylinders.net\/wp-content\/uploads\/2025\/01\/songte-company-2.webp\"\/><\/p>\n<h2>Savyb\u0117s<\/h2>\n<ul>\n<li>\n<h3>Didelis stiprumas ir ilgaam\u017ei\u0161kumas<\/h3>\n<p>Kau\u0161o cilindras paprastai gaminamas i\u0161 didelio stiprumo plieno arba aliuminio, galin\u010dio atlaikyti auk\u0161t\u0105 sl\u0117g\u012f ir dideles apkrovas, prisitaikyti prie at\u0161iauri\u0173 darbo s\u0105lyg\u0173 ir yra suprojektuotas taip, kad b\u016bt\u0173 atsparus dilimui ir korozijai, siekiant prailginti jo tarnavimo laik\u0105.<\/p>\n<\/li>\n<li>\n<h3>Efektyvus hidraulinis valdymas<\/h3>\n<p>Kau\u0161o cilindras naudoja hidraulin\u0117s alyvos sl\u0117g\u012f, kad u\u017etikrint\u0173 skland\u017eius i\u0161pl\u0117timo ir atitraukimo judesius, greitai reaguot\u0173 \u012f darbines komandas ir u\u017etikrint\u0173 stiprias st\u016bmimo bei traukimo j\u0117gas, tinkamas sunkioms ir sud\u0117tingoms eksploatavimo u\u017eduotims.<\/p>\n<\/li>\n<li>\n<h3>\u012evair\u016bs tipai<\/h3>\n<p>Kau\u0161o cilindras gali b\u016bti vienpusio veikimo (naudojant hidraulin\u012f sl\u0117g\u012f viena kryptimi) arba dvipusio veikimo (naudojant hidraulin\u012f sl\u0117g\u012f dviem kryptimis), priklausomai nuo eksploatacini\u0173 poreiki\u0173. Kai kurie modeliai yra teleskopiniai, tod\u0117l leid\u017eia didesn\u012f i\u0161pl\u0117tim\u0105 nedidinant i\u0161orini\u0173 matmen\u0173, tod\u0117l tinka naudoti ribotoje erdv\u0117je.<\/p>\n<\/li>\n<li>\n<h3>Puikus pakeitimas<\/h3>\n<p>M\u016bs\u0173 gaminys gali puikiai pakeisti \u0161iuos hidraulinius cilindrus. <\/p>\n<\/li>\n<\/ul>\n<p><img decoding=\"async\" src=\"https:\/\/www.hydraulic-cylinders.net\/wp-content\/uploads\/2025\/01\/songte-cylinder-head-with-all-kinds-excavator-models.webp\"\/><\/p>\n<h2>Parai\u0161kos<\/h2>\n<ul>\n<li>\n<h3>Statybin\u0117 \u012franga<\/h3>\n<p>Ekskavatoriuose jie yra b\u016btini kasant, kraunant ir perkeliant grunt\u0105 ar \u0161iuk\u0161les. Ekskavatoriuose kau\u0161o cilindras padeda kasti ir kelti. Priekiniuose krautuvuose jie padeda efektyviai kelti ir pakreipti krovinius.<\/p>\n<\/li>\n<li>\n<h3>\u017dem\u0117s \u016bkio technika<\/h3>\n<p>Naudojamas priekiniuose krautuvuose dirvo\u017eemiui, \u0161ienui ir kitoms med\u017eiagoms kasti, kelti ir transportuoti. Ekskavatoriuose kau\u0161o cilindras leid\u017eia kasti, leisdamas kau\u0161ui \u012fsiskverbti \u012f dirv\u0105.<\/p>\n<\/li>\n<\/ul>\n<h2>Projektavimo ir atrankos standartai<\/h2>\n<ul>\n<li>\n<h3>Guoli\u0173 talpa<\/h3>\n<p>Kau\u0161o cilindro laikomoji galia turi b\u016bti pakankamai stipri, kad atlaikyt\u0173 auk\u0161t\u0105 sl\u0117g\u012f ir dideles apkrovas.<\/p>\n<\/li>\n<li>\n<h3>Sandarinimas<\/h3>\n<p>Cilindras turi b\u016bti sandarinamas naudojant \u012fvairius sandarinimo komponentus, tokius kaip st\u016bmokli\u0173 sandarikliai, stryp\u0173 sandarikliai ir kt., pagamintus i\u0161 atspari\u0173 dilimui med\u017eiag\u0173, toki\u0173 kaip poliuretanas ir nitrilo kau\u010diukas.<\/p>\n<\/li>\n<li>\n<h3>Patvarumas<\/h3>\n<p>Cilindras turi b\u016bti suprojektuotas taip, kad b\u016bt\u0173 atsparus dilimui, o cilindro korpusas ir srieginiai galiniai pavir\u0161iai turi b\u016bti smulkiai apdoroti, kad b\u016bt\u0173 padidintas atsparumas dilimui.<\/p>\n<\/li>\n<li>\n<h3>Saugumas<\/h3>\n<p>Kau\u0161\u0173 cilindrai turi atitikti saugos standartus ir nekelti gr\u0117sm\u0117s operatoriui ar kitiems darbuotojams.<\/p>\n<\/li>\n<li>\n<h3>Prie\u017ei\u016bra<\/h3>\n<p>Cilindras tur\u0117t\u0173 b\u016bti suprojektuotas taip, kad j\u012f b\u016bt\u0173 lengva pri\u017ei\u016br\u0117ti ir remontuoti, o siekiant u\u017etikrinti tinkam\u0105 jo veikim\u0105, reikia reguliariai atlikti technin\u0119 prie\u017ei\u016br\u0105.<\/p>\n<\/li>\n<\/ul>\n<p><img decoding=\"async\" src=\"https:\/\/www.hydraulic-cylinders.net\/wp-content\/uploads\/2025\/01\/songte-oil-pipes-and-spare-parts.webp\"\/><\/p>\n<h2>Sandarinimas ir tepimas<\/h2>\n<p>Kau\u0161o cilindre naudojami \u012fvair\u016bs sandarinimo komponentai, tokie kaip st\u016bmoklio sandarikliai, strypo sandarikliai ir kt., pagaminti i\u0161 atspari\u0173 dilimui med\u017eiag\u0173, toki\u0173 kaip poliuretanas ir nitrilo kau\u010diukas. Cilindro korpusas ir srieginiai galiniai pavir\u0161iai yra kruop\u0161\u010diai apdirbti, siekiant pagerinti atsparum\u0105 dilimui. Norint u\u017etikrinti cilindro sutepim\u0105, b\u016btina reguliariai pildyti hidraulin\u0119 alyv\u0105, o hidraulin\u0119 alyv\u0105 reikia \u012fpilti tinkamu kiekiu, kad b\u016bt\u0173 i\u0161vengta pa\u017eeidim\u0173.<\/p>\n<h2>Prie\u017ei\u016bra ir remontas<\/h2>\n<ul>\n<li>\n<h3>Reguliarus patikrinimas<\/h3>\n<p>Norint u\u017etikrinti tinkam\u0105 kau\u0161o cilindro veikim\u0105, b\u016btini reguliar\u016bs patikrinimai, o prireikus dalys tur\u0117t\u0173 b\u016bti pakeistos arba suremontuotos.<\/p>\n<\/li>\n<li>\n<h3>Tepimas<\/h3>\n<p>Kau\u0161o cilindr\u0105 reikia tinkamai sutepti, o reguliarus tepimas b\u016btinas norint u\u017etikrinti tinkam\u0105 jo veikim\u0105.<\/p>\n<\/li>\n<li>\n<h3>Sandariklio keitimas<\/h3>\n<p>Jei aptinkama pa\u017eeista arba nesandari sandarinimo sistemos dalis, jas reikia nedelsiant pakeisti, kad cilindras tinkamai veikt\u0173.<\/p>\n<\/li>\n<li>\n<h3>Lygiavimas ir kalibravimas<\/h3>\n<p>Montuojant kau\u0161o cilindr\u0105, jis turi b\u016bti tinkamai sulygiuotas ir sukalibruotas, kad b\u016bt\u0173 u\u017etikrintas tinkamas veikimas ir i\u0161vengta pa\u017eeidim\u0173.<\/p>\n<\/li>\n<\/ul>\n<p><img decoding=\"async\" src=\"https:\/\/www.hydraulic-cylinders.net\/wp-content\/uploads\/2025\/01\/songte-chushion-collar.webp\"\/><\/p>\n<h2>Saugos aspektai ir aplinkos veiksniai<\/h2>\n<p>Naudojant kau\u0161inius cilindrus, b\u016btina laikytis saugos priemoni\u0173, kad b\u016bt\u0173 i\u0161vengta nelaiming\u0173 atsitikim\u0173. Taip pat reik\u0117t\u0173 atsi\u017evelgti \u012f aplinkos veiksnius, tokius kaip temperat\u016bra, dr\u0117gm\u0117 ir dulk\u0117s, ir j\u0173 vengti, kad cilindras tinkamai veikt\u0173.<\/p>\n<h2>Trik\u010di\u0173 \u0161alinimas ir da\u017eniausios problemos<\/h2>\n<p>Kai kurios da\u017enos problemos, kurios gali kilti kau\u0161o cilindro veikimo metu, yra nuot\u0117kis, deformacija ir \u012fvairi\u0173 komponent\u0173 pa\u017eeidimai. Norint i\u0161vengti \u0161i\u0173 problem\u0173, b\u016btina reguliariai atlikti technin\u0119 prie\u017ei\u016br\u0105 ir ap\u017ei\u016br\u0105. Jei aptinkama koki\u0173 nors problem\u0173, reikia imtis tinkam\u0173 diagnostikos ir remonto priemoni\u0173, taip pat imtis veiksm\u0173, kad ateityje nekilt\u0173 pana\u0161i\u0173 problem\u0173.<\/p>\n<p><img decoding=\"async\" src=\"https:\/\/www.hydraulic-cylinders.net\/wp-content\/uploads\/2025\/01\/songte-bushings-with-all-kinds-of-excavator-models.webp\"\/><\/p>\n<h2>Apie mus<\/h2>\n<p>M\u016bs\u0173 \u012fmon\u0117 yra pirmaujanti hidraulini\u0173 cilindr\u0173 gamintoja ir didmenin\u0117 platintoja vidaus ir tarptautin\u0117se rinkose, tenkinanti \u012fvairius klient\u0173 poreikius, pasitelkdama modernias gamybos dirbtuves, pa\u017eangi\u0105 skaitmenin\u0119 gamybos \u012frang\u0105, profesionalias bandym\u0173 sistemas ir technin\u012f personal\u0105. Vadovaujam\u0117s didelio efektyvumo, didelio tikslumo ir auk\u0161tos kokyb\u0117s principais, kad patenkintume \u012fvairius klient\u0173 poreikius, si\u016blydami puiki\u0105 kokyb\u0119 ir puik\u0173 aptarnavim\u0105.<\/p>\n<p><img decoding=\"async\" src=\"https:\/\/hzpt.com\/wp-content\/uploads\/2024\/11\/songte-company-1.webp\"\/> <\/p>\n<h5>Autorius: lyl<\/h5>","protected":false},"excerpt":{"rendered":"<p>Bucket Cylinder For Hyundai Middle Excavator R200LC Introduction The bucket cylinder for Hyundai middle excavator R200LC is a specialized hydraulic cylinder designed for controlling the movement of the bucket in heavy machinery such as excavators, backhoe excavators, and front-end loaders. Its main function is to enable the bucket to lift, lower, and tilt, thus facilitating [&hellip;]<\/p>","protected":false},"featured_media":14780,"comment_status":"open","ping_status":"closed","template":"","meta":{"_et_pb_use_builder":"","_et_pb_old_content":"","_et_gb_content_width":""},"product_brand":[],"product_cat":[1494],"product_tag":[1495,1496],"class_list":{"0":"post-15318","1":"product","2":"type-product","3":"status-publish","4":"has-post-thumbnail","6":"product_cat-bucket-cylinders","7":"product_tag-bucket-cylinders","8":"product_tag-hydraulic-cylinders","10":"first","11":"instock","12":"shipping-taxable","13":"product-type-simple"},"amp_enabled":true,"_links":{"self":[{"href":"https:\/\/www.hydraulic-cylinders.net\/lt\/wp-json\/wp\/v2\/product\/15318","targetHints":{"allow":["GET"]}}],"collection":[{"href":"https:\/\/www.hydraulic-cylinders.net\/lt\/wp-json\/wp\/v2\/product"}],"about":[{"href":"https:\/\/www.hydraulic-cylinders.net\/lt\/wp-json\/wp\/v2\/types\/product"}],"replies":[{"embeddable":true,"href":"https:\/\/www.hydraulic-cylinders.net\/lt\/wp-json\/wp\/v2\/comments?post=15318"}],"wp:featuredmedia":[{"embeddable":true,"href":"https:\/\/www.hydraulic-cylinders.net\/lt\/wp-json\/wp\/v2\/media\/14780"}],"wp:attachment":[{"href":"https:\/\/www.hydraulic-cylinders.net\/lt\/wp-json\/wp\/v2\/media?parent=15318"}],"wp:term":[{"taxonomy":"product_brand","embeddable":true,"href":"https:\/\/www.hydraulic-cylinders.net\/lt\/wp-json\/wp\/v2\/product_brand?post=15318"},{"taxonomy":"product_cat","embeddable":true,"href":"https:\/\/www.hydraulic-cylinders.net\/lt\/wp-json\/wp\/v2\/product_cat?post=15318"},{"taxonomy":"product_tag","embeddable":true,"href":"https:\/\/www.hydraulic-cylinders.net\/lt\/wp-json\/wp\/v2\/product_tag?post=15318"}],"curies":[{"name":"wp","href":"https:\/\/api.w.org\/{rel}","templated":true}]}}