{"id":15322,"date":"2025-01-19T14:23:00","date_gmt":"2025-01-19T14:23:00","guid":{"rendered":"https:\/\/www.hydraulic-cylinders.net\/product\/bucket-cylinder-for-hyundai-middle-excavator-r265lc-7\/"},"modified":"2025-01-19T14:23:02","modified_gmt":"2025-01-19T14:23:02","slug":"bucket-cylinder-for-hyundai-middle-excavator-r265lc-7","status":"publish","type":"product","link":"https:\/\/www.hydraulic-cylinders.net\/lt\/produktas\/bucket-cylinder-for-hyundai-middle-excavator-r265lc-7\/","title":{"rendered":"Kau\u0161o cilindras Hyundai Middle Excavator R265LC-7"},"content":{"rendered":"<h1>Kau\u0161o cilindras Hyundai Middle Excavator R265LC-7<\/h1>\n<h2>\u012evadas<\/h2>\n<p>\u201eHyundai R265LC-7\u201c vidutinio profilio ekskavatoriaus kau\u0161o cilindras yra specialiai sukurtas hidraulinis cilindras, naudojamas valdyti kau\u0161o jud\u0117jim\u0105 sunkiosiose ma\u0161inose, tokiose kaip ekskavatoriai, ekskavatoriniai krautuvai ir frontaliniai krautuvai. Jo pagrindin\u0117 funkcija \u2013 leisti pakelti, nuleisti ir pakreipti kau\u0161\u0105, kad b\u016bt\u0173 lengviau atlikti \u012fvairias med\u017eiag\u0173 tvarkymo u\u017eduotis. Hidraulin\u0117je sistemoje kau\u0161o cilindras tiksliai valdo kau\u0161\u0105 keisdamas hidraulin\u0117s alyvos sl\u0117g\u012f, tod\u0117l operatoriai gali efektyviai valdyti sunkius krovinius ir prisitaikyti prie sud\u0117tingos darbo aplinkos bei \u012fvairi\u0173 eksploatavimo reikalavim\u0173.<\/p>\n<p><img decoding=\"async\" src=\"https:\/\/www.hydraulic-cylinders.net\/wp-content\/uploads\/2025\/01\/songte-company-2.webp\"><\/p>\n<h2>Savyb\u0117s<\/h2>\n<ul>\n<li>Didelis tvirtumas ir ilgaam\u017ei\u0161kumas: Paprastai i\u0161 didelio stiprumo plieno arba aliuminio pagamintas kau\u0161o cilindras gali atlaikyti didel\u012f sl\u0117g\u012f ir dideles apkrovas, prisitaikydamas prie at\u0161iauri\u0173 darbo s\u0105lyg\u0173. Jo konstrukcija atsi\u017evelg\u0117 \u012f atsparum\u0105 dilimui ir korozijai, taip pailgindama jo tarnavimo laik\u0105.<\/li>\n<li>Efektyvus hidraulinis veikimas: Naudodamas hidraulin\u0117s alyvos sl\u0117g\u012f, kau\u0161o cilindras pasiekia skland\u017eius teleskopinius judesius, leid\u017eian\u010dius greitai reaguoti \u012f valdymo komandas ir u\u017etikrinti galingas st\u016bmimo bei traukimo j\u0117gas, tinkamas sunkiems kroviniams ir sud\u0117tingoms eksploatavimo u\u017eduotims atlikti.<\/li>\n<li>\u012evair\u016bs tipai: Kau\u0161o cilindr\u0105 galima pasirinkti kaip vienpusio veikimo (hidraulinis sl\u0117gis naudojamas tik viena kryptimi) arba dvipusio veikimo (hidraulinis sl\u0117gis naudojamas abiem kryptimis), kad b\u016bt\u0173 patenkinti skirtingi eksploataciniai reikalavimai. Kai kurie modeliai yra teleskopiniai, tod\u0117l juos galima labiau prailginti nedidinant i\u0161orini\u0173 matmen\u0173, tod\u0117l jie tinka naudoti ribotoje erdv\u0117je.<\/li>\n<\/ul>\n<p><img decoding=\"async\" src=\"https:\/\/www.hydraulic-cylinders.net\/wp-content\/uploads\/2025\/01\/songte-cylinder-head-with-all-kinds-excavator-models.webp\"><\/p>\n<h2>Parai\u0161kos<\/h2>\n<p>\u201eHyundai R265LC-7\u201c vidutinio dyd\u017eio ekskavatoriaus kau\u0161o cilindras gali b\u016bti naudojamas \u012fvairioje \u012frangoje:<\/p>\n<ul>\n<li>Statybin\u0117 \u012franga: ji randama ekskavatoriuose ir yra labai svarbi kasant, kraunant ir perkeliant grunt\u0105 ar \u0161iuk\u0161les. Ekskavatoriuose-krautuvuose kau\u0161o cilindras padeda tiek kasti, tiek kelti.<\/li>\n<li>\u017dem\u0117s \u016bkio technika: naudojama priekiniuose krautuvuose dirvo\u017eemiui, \u0161ienui ir kitoms med\u017eiagoms kasti, kelti ir transportuoti.<\/li>\n<li>Ekskavatoriai: Kau\u0161o cilindras leid\u017eia atlikti kasimo veiksmus, leisdamas kau\u0161ui \u012fsiskverbti \u012f dirv\u0105.<\/li>\n<li>Krautuvai: Priekiniuose krautuvuose jie padeda efektyviai kelti ir pakreipti prekes.<\/li>\n<\/ul>\n<h2>Projektavimo aspektai ir atrankos kriterijai<\/h2>\n<p>Projektuojant cilindro formos svirt\u012f, atsi\u017evelgiama \u012f kelis veiksnius ir atrankos kriterijus:<\/p>\n<ul>\n<li>Keliamoji galia: Cilindras yra suprojektuotas taip, kad atlaikyt\u0173 konkre\u010dius ekskavatoriaus apkrovos reikalavimus.<\/li>\n<li>Sandarinimas: Siekiant u\u017etikrinti efektyv\u0173 sandarinim\u0105 ir i\u0161vengti nuot\u0117ki\u0173, naudojami \u012fvair\u016bs sandarinimo komponentai, tokie kaip st\u016bmokli\u0173 ir kot\u0173 sandarikliai, pagaminti i\u0161 atspari\u0173 dilimui med\u017eiag\u0173, toki\u0173 kaip poliuretanas ir nitrilo kau\u010diukas.<\/li>\n<li>Patvarumas: Cilindro korpusas ir srieginiai galai yra kruop\u0161\u010diai apdorojami, siekiant padidinti atsparum\u0105 dilimui.<\/li>\n<li>Saugumas: konstrukcijoje yra saugos funkcijos, skirtos i\u0161vengti nelaiming\u0173 atsitikim\u0173 eksploatacijos metu.<\/li>\n<li>Prie\u017ei\u016bra: Cilindras suprojektuotas taip, kad j\u012f b\u016bt\u0173 lengva pri\u017ei\u016br\u0117ti ir remontuoti.<\/li>\n<\/ul>\n<p><img decoding=\"async\" src=\"https:\/\/www.hydraulic-cylinders.net\/wp-content\/uploads\/2025\/01\/songte-oil-pipes-and-spare-parts.webp\"><\/p>\n<h2>Sandarinimas ir tepimas<\/h2>\n<p>Kau\u0161o cilindre naudojami \u012fvair\u016bs sandarinimo komponentai, tokie kaip st\u016bmokli\u0173 ir kot\u0173 sandarikliai, pagaminti i\u0161 toki\u0173 med\u017eiag\u0173 kaip poliuretanas ir nitrilo kau\u010diukas, kurios yra atsparios dilimui. Cilindro korpusas ir srieginiai galai yra kruop\u0161\u010diai apdorojami, siekiant padidinti atsparum\u0105 dilimui. Norint u\u017etikrinti skland\u0173 veikim\u0105 ir i\u0161vengti trinties sukeliam\u0173 pa\u017eeidim\u0173, reikia reguliariai tepti naudojant tinkam\u0105 hidraulin\u0117s alyvos kiek\u012f.<\/p>\n<h2>Reguliarus patikrinimas ir prevencin\u0117 prie\u017ei\u016bra<\/h2>\n<p>Siekiant u\u017etikrinti optimal\u0173 kau\u0161o cilindro veikim\u0105 ir ilgaam\u017ei\u0161kum\u0105, reikia reguliariai tikrinti ir atlikti profilaktin\u0119 prie\u017ei\u016br\u0105. Kai kurios rekomenduojamos priemon\u0117s:<\/p>\n<ul>\n<li>Reguliariai tikrinkite cilindr\u0105, ar n\u0117ra susid\u0117v\u0117jimo, pa\u017eeidim\u0173 ar nuot\u0117ki\u0173 po\u017eymi\u0173.<\/li>\n<li>Tinkamas cilindro komponent\u0173 tepimas.<\/li>\n<li>Reguliariai kei\u010diami susid\u0117v\u0117j\u0119 sandarikliai.<\/li>\n<li>Kalibravimo patikrinim\u0173 atlikimas siekiant u\u017etikrinti tiksl\u0173 veikim\u0105.<\/li>\n<\/ul>\n<p><img decoding=\"async\" src=\"https:\/\/www.hydraulic-cylinders.net\/wp-content\/uploads\/2025\/01\/songte-chushion-collar.webp\"><\/p>\n<h2>Saugos aspektai ir aplinkos veiksniai<\/h2>\n<p>Dirbant su kau\u0161o cilindru, svarbu laikytis saugos priemoni\u0173, kad b\u016bt\u0173 i\u0161vengta nelaiming\u0173 atsitikim\u0173 ir u\u017etikrinta operatori\u0173 bei aplinkos gerov\u0117. Naudojant \u012frang\u0105 ir tvarkant hidraulines sistemas, reikia imtis saugos priemoni\u0173.<\/p>\n<h2>Trik\u010di\u0173 \u0161alinimas ir da\u017eniausios problemos<\/h2>\n<p>Nepaisant patikimo kau\u0161o cilindro projekto ir konstrukcijos, kartais gali kilti problem\u0173. Kai kurios da\u017eniausios problemos ir galimi j\u0173 sprendimai:<\/p>\n<ul>\n<li>Nuot\u0117kis: patikrinkite, ar n\u0117ra susid\u0117v\u0117jusi\u0173 tarpini\u0173, ir prireikus pakeiskite juos. U\u017etikrinkite tinkam\u0105 cilindro sutepim\u0105.<\/li>\n<li>L\u0117tas veikimas: patikrinkite, ar hidraulin\u0117je sistemoje n\u0117ra u\u017esikim\u0161im\u0173 ar gedim\u0173. patikrinkite alyvos lyg\u012f ir sl\u0117g\u012f.<\/li>\n<li>Ne\u012fprasti garsai: I\u0161tirkite triuk\u0161mo \u0161altin\u012f, pvz., atsilaisvinusias jungtis ar pa\u017eeistus komponentus. Priver\u017ekite arba pakeiskite, jei reikia.<\/li>\n<\/ul>\n<p><img decoding=\"async\" src=\"https:\/\/www.hydraulic-cylinders.net\/wp-content\/uploads\/2025\/01\/songte-bushings-with-all-kinds-of-excavator-models.webp\"><\/p>\n<p>Nepamir\u0161kite straipsn\u012f strukt\u016brizuoti logi\u0161kai, naudoti paantra\u0161tes lengvam nar\u0161ymui, \u012ftraukti atitinkam\u0173 vaizd\u0173 ar diagram\u0173, kad b\u016bt\u0173 lengviau suprasti, ir u\u017etikrinti, kad turinys b\u016bt\u0173 ai\u0161kus, glaustas ir tinkamas skaitytojams, turintiems skirting\u0105 technini\u0173 \u017eini\u0173 lyg\u012f.<\/p>\n<h2>Apie m\u016bs\u0173 \u012fmon\u0119<\/h2>\n<p>Esame pakaitini\u0173 hidraulini\u0173 cilindr\u0173 gamintojas ir si\u016blome plat\u0173 gamini\u0173 asortiment\u0105. Esame vieni i\u0161 pirmaujan\u010di\u0173 hidraulini\u0173 cilindr\u0173 gamintoj\u0173 ir didmenini\u0173 platintoj\u0173 vidaus ir tarptautin\u0117se rinkose. Savo moderniose gamybos dirbtuv\u0117se laikom\u0117s kokyb\u0117s puikumo princip\u0173 ir taikome pramonin\u0117s gamybos valdymo strategijas. Pasitelkdami technologinius talentus, pa\u017eangi\u0105 skaitmenin\u0119 gamybos \u012frang\u0105 ir profesionalias testavimo sistemas, nuolat tobuliname savo gamybos platform\u0105 ir gamini\u0173 kokyb\u0117s gamybos b\u016bdus. Turime stipri\u0173 k\u016brybini\u0173 paj\u0117gum\u0173, u\u017etikrinan\u010di\u0173 auk\u0161t\u0105 efektyvum\u0105, didel\u012f tikslum\u0105 ir auk\u0161t\u0105 kokyb\u0119, kad patenkintume \u012fvairius m\u016bs\u0173 klient\u0173 poreikius.<\/p>\n<p><img decoding=\"async\" src=\"https:\/\/www.hydraulic-cylinders.net\/wp-content\/uploads\/2025\/01\/songte-company-3.webp\"><\/p>\n<p>Be to, did\u017eiuojam\u0117s savo profesionalumu, tarptautiniais sertifikatais, individuali\u0173 klient\u0173 aptarnavimu, gamybos \u012franga ir aptarnavimu po pardavimo.<\/p>\n<p>Autorius: lyl<\/p>","protected":false},"excerpt":{"rendered":"<p>Bucket Cylinder For Hyundai Middle Excavator R265LC-7 Introduction The bucket cylinder for Hyundai middle excavator R265LC-7 is a specially designed hydraulic cylinder used to control the movement of the bucket in heavy machinery such as excavators, backhoe loaders, and front loaders. Its main function is to enable the lifting, lowering, and tilting of the bucket, [&hellip;]<\/p>","protected":false},"featured_media":14771,"comment_status":"open","ping_status":"closed","template":"","meta":{"_et_pb_use_builder":"","_et_pb_old_content":"","_et_gb_content_width":""},"product_brand":[],"product_cat":[1494],"product_tag":[1495,1496],"class_list":{"0":"post-15322","1":"product","2":"type-product","3":"status-publish","4":"has-post-thumbnail","6":"product_cat-bucket-cylinders","7":"product_tag-bucket-cylinders","8":"product_tag-hydraulic-cylinders","10":"first","11":"instock","12":"shipping-taxable","13":"product-type-simple"},"amp_enabled":true,"_links":{"self":[{"href":"https:\/\/www.hydraulic-cylinders.net\/lt\/wp-json\/wp\/v2\/product\/15322","targetHints":{"allow":["GET"]}}],"collection":[{"href":"https:\/\/www.hydraulic-cylinders.net\/lt\/wp-json\/wp\/v2\/product"}],"about":[{"href":"https:\/\/www.hydraulic-cylinders.net\/lt\/wp-json\/wp\/v2\/types\/product"}],"replies":[{"embeddable":true,"href":"https:\/\/www.hydraulic-cylinders.net\/lt\/wp-json\/wp\/v2\/comments?post=15322"}],"wp:featuredmedia":[{"embeddable":true,"href":"https:\/\/www.hydraulic-cylinders.net\/lt\/wp-json\/wp\/v2\/media\/14771"}],"wp:attachment":[{"href":"https:\/\/www.hydraulic-cylinders.net\/lt\/wp-json\/wp\/v2\/media?parent=15322"}],"wp:term":[{"taxonomy":"product_brand","embeddable":true,"href":"https:\/\/www.hydraulic-cylinders.net\/lt\/wp-json\/wp\/v2\/product_brand?post=15322"},{"taxonomy":"product_cat","embeddable":true,"href":"https:\/\/www.hydraulic-cylinders.net\/lt\/wp-json\/wp\/v2\/product_cat?post=15322"},{"taxonomy":"product_tag","embeddable":true,"href":"https:\/\/www.hydraulic-cylinders.net\/lt\/wp-json\/wp\/v2\/product_tag?post=15322"}],"curies":[{"name":"wp","href":"https:\/\/api.w.org\/{rel}","templated":true}]}}