{"id":15326,"date":"2025-01-19T14:23:24","date_gmt":"2025-01-19T14:23:24","guid":{"rendered":"https:\/\/www.hydraulic-cylinders.net\/product\/bucket-cylinder-for-hyundai-large-excavator-r37lc-7\/"},"modified":"2025-01-19T14:23:26","modified_gmt":"2025-01-19T14:23:26","slug":"bucket-cylinder-for-hyundai-large-excavator-r37lc-7","status":"publish","type":"product","link":"https:\/\/www.hydraulic-cylinders.net\/lt\/produktas\/bucket-cylinder-for-hyundai-large-excavator-r37lc-7\/","title":{"rendered":"Kau\u0161o cilindras Hyundai dideliam ekskavatoriui R37LC-7"},"content":{"rendered":"<h1>Kau\u0161o cilindras Hyundai dideliam ekskavatoriui R37LC-7<\/h1>\n<h2>\u012evadas<\/h2>\n<p>\u201eHyundai Large Excavator R37LC-7\u201c kau\u0161o cilindras yra specialiai sukurtas hidraulinis cilindras, naudojamas valdyti kau\u0161\u0173 jud\u0117jim\u0105 sunkiosiose ma\u0161inose, tokiose kaip ekskavatoriai, ekskavatoriniai ekskavatoriai ir frontaliniai krautuvai. Pagrindin\u0117 jo funkcija \u2013 leisti kau\u0161ui pakilti, nuleisti ir pakreipti, kad b\u016bt\u0173 lengva atlikti \u012fvairias med\u017eiag\u0173 tvarkymo u\u017eduotis. Hidraulin\u0117je sistemoje kau\u0161o cilindras naudoja hidraulin\u0117s alyvos sl\u0117gio poky\u010dius, kad tiksliai valdyt\u0173 kau\u0161\u0105, o tai leid\u017eia operatoriams efektyviai valdyti sunkius krovinius, prisitaikyti prie sud\u0117tingos darbo aplinkos ir \u012fvairi\u0173 eksploatavimo reikalavim\u0173.<\/p>\n<p><img decoding=\"async\" src=\"https:\/\/www.hydraulic-cylinders.net\/wp-content\/uploads\/2025\/01\/songte-company-2.webp\" \/><\/p>\n<h2>Savyb\u0117s<\/h2>\n<ul>\n<li>\n<h3>Didelis stiprumas ir ilgaam\u017ei\u0161kumas<\/h3>\n<p>Kau\u0161o cilindras paprastai gaminamas i\u0161 didelio stiprumo plieno arba aliuminio, galin\u010dio atlaikyti auk\u0161t\u0105 sl\u0117g\u012f ir dideles apkrovas, prisitaikan\u010dio prie at\u0161iauri\u0173 darbo s\u0105lyg\u0173 ir suprojektuoto atsi\u017evelgiant \u012f atsparum\u0105 dilimui ir korozijai, prailginant\u012f jo tarnavimo laik\u0105.<\/p>\n<\/li>\n<li>\n<h3>Efektyvus hidraulinis valdymas<\/h3>\n<p>Naudodamas hidraulin\u0117s alyvos sl\u0117g\u012f skland\u017eiam i\u0161pl\u0117timui ir \u012ftraukimui, kau\u0161o cilindras gali greitai reaguoti \u012f valdymo komandas, u\u017etikrinti galingas st\u016bmimo ir traukimo j\u0117gas ir tinka sunkiems daiktams tvarkyti ir sud\u0117tingoms eksploatavimo u\u017eduotims atlikti.<\/p>\n<\/li>\n<li>\n<h3>Keli tipai<\/h3>\n<p>Kau\u0161o cilindr\u0105 galima pasirinkti kaip vienpusio veikimo (hidraulinis naudojamas viena kryptimi) arba dvipusio veikimo (hidraulinis naudojamas dviem kryptimis) cilindr\u0105, atsi\u017evelgiant \u012f reikalavimus, kad b\u016bt\u0173 patenkinti skirtingi eksploatavimo poreikiai, o kai kurie modeliai yra teleskopiniai, leid\u017eiantys didesn\u012f i\u0161pl\u0117tim\u0105 nedidinant i\u0161orini\u0173 matmen\u0173, tinkami naudoti ribotoje erdv\u0117je.<\/p>\n<\/li>\n<li>\n<h3>Puikus pakeitimas<\/h3>\n<p>Mes galime pagaminti \u0161\u012f produkt\u0105, o m\u016bs\u0173 produktai gali puikiai pakeisti \u0161iuos hidraulinius cilindrus.<\/p>\n<\/li>\n<li>\n<h3>Parai\u0161ka<\/h3>\n<p>Kau\u0161o cilindras pla\u010diai naudojamas \u012fvairiose sunkiosiose ma\u0161inose, tokiose kaip:<\/p>\n<ul>\n<li><strong>Statybin\u0117 \u012franga:<\/strong> Ekskavatoriuose jie yra labai svarb\u016bs kasant, kraunant ir perkeliant grunt\u0105 ar \u0161iuk\u0161les. Ekskavatoriuose kau\u0161o cilindras padeda tiek kasti, tiek kelti. <\/li>\n<li><strong>\u017dem\u0117s \u016bkio technika:<\/strong> Naudojamas frontaliniams krautuvams, dirvo\u017eemiui, \u0161ienui ir kitoms med\u017eiagoms semti, kelti ir transportuoti. <\/li>\n<li><strong>Ekskavatoriai:<\/strong> Kau\u0161o cilindras leid\u017eia atlikti kasimo veiksmus, leisdamas kau\u0161ui \u012fsiskverbti \u012f dirv\u0105.<\/li>\n<li><strong>Krautuvai:<\/strong> Priekiniuose krautuvuose jie padeda efektyviai pakelti ir i\u0161krauti prekes.<\/li>\n<\/ul>\n<\/li>\n<\/ul>\n<h2>Projektavimo aspektai ir atrankos kriterijai<\/h2>\n<ul>\n<li>\n<h3>Keliamoji galia<\/h3>\n<p>Kau\u0161o cilindro keliamoji galia yra labai svarbi siekiant u\u017etikrinti, kad jis gal\u0117t\u0173 atlaikyti numatyt\u0105 darbo kr\u016bv\u012f be gedim\u0173 ar sutrump\u0117jusio tarnavimo laiko. <\/p>\n<\/li>\n<li>\n<h3>Sandarinimas<\/h3>\n<p>Sandarinimas yra labai svarbus projektavimo aspektas, nes jis apsaugo nuo skys\u010dio nutek\u0117jimo ir aplinkos u\u017eter\u0161imo. Renkantis sandarinimo med\u017eiagas, reik\u0117t\u0173 atsi\u017evelgti \u012f atsparum\u0105 dilimui ir korozij\u0105, kad b\u016bt\u0173 u\u017etikrintas ilgas tarnavimo laikas.<\/p>\n<\/li>\n<li>\n<h3>Patvarumas<\/h3>\n<p>Kau\u0161o cilindro patvarumas yra labai svarbus siekiant u\u017etikrinti, kad jis atlaikyt\u0173 at\u0161iaurias darbo s\u0105lygas ir dideles apkrovas be gedim\u0173 ar sutrump\u0117jusio tarnavimo laiko.<\/p>\n<\/li>\n<li>\n<h3>Saugumas<\/h3>\n<p>Kau\u0161o cilindro konstrukcija tur\u0117t\u0173 atsi\u017evelgti \u012f saugos veiksnius, kad b\u016bt\u0173 i\u0161vengta nelaiming\u0173 atsitikim\u0173 ir u\u017etikrintas operatoriaus saugumas.<\/p>\n<\/li>\n<li>\n<h3>Prie\u017ei\u016bra<\/h3>\n<p>Kau\u0161o cilindro prie\u017ei\u016bra tur\u0117t\u0173 b\u016bti paprasta ir nesud\u0117tinga, kad b\u016bt\u0173 galima greitai j\u012f remontuoti, pakeisti ir u\u017etikrinti, kad cilindras visada b\u016bt\u0173 optimalios b\u016bkl\u0117s.<\/p>\n<\/li>\n<\/ul>\n<p><img decoding=\"async\" src=\"https:\/\/www.hydraulic-cylinders.net\/wp-content\/uploads\/2025\/01\/songte-oil-pipes-and-spare-parts.webp\" \/><\/p>\n<h2>Sandarinimas ir tepimas<\/h2>\n<p>Kau\u0161o cilindre naudojami \u012fvair\u016bs sandarinimo komponentai, tokie kaip st\u016bmoklio ir koto sandarikliai, pagaminti i\u0161 atspari\u0173 dilimui med\u017eiag\u0173, toki\u0173 kaip poliuretanas ir nitrilo kau\u010diukas, siekiant i\u0161vengti alyvos nutek\u0117jimo. Cilindro korpusas ir sriegio pavir\u0161ius yra kruop\u0161\u010diai apdorojami, siekiant pagerinti atsparum\u0105 dilimui. Kau\u0161o cilindr\u0105 reikia reguliariai tepti hidrauline alyva, kad b\u016bt\u0173 u\u017etikrintas sklandus veikimas ir ilgas tarnavimo laikas.<\/p>\n<h2>Ap\u017ei\u016bra ir prie\u017ei\u016bra<\/h2>\n<p>Reguliarus kau\u0161o cilindro patikrinimas, tepimas ir sandarikli\u0173 keitimas yra b\u016btinos kau\u0161o cilindro prie\u017ei\u016bros u\u017eduotys. Tinkamas montavimas, tepimas ir reguliavimas yra labai svarb\u016bs siekiant u\u017etikrinti optimal\u0173 cilindro veikim\u0105. B\u016btina u\u017etikrinti tinkam\u0105 sulygiavim\u0105 ir naudoti tinkamus montavimo laikiklius cilindrui pritvirtinti. Rekomenduojamos patikrinimo, remonto ir keitimo proced\u016bros gali pad\u0117ti prailginti kau\u0161o cilindro tarnavimo laik\u0105.<\/p>\n<p><img decoding=\"async\" src=\"https:\/\/www.hydraulic-cylinders.net\/wp-content\/uploads\/2025\/01\/songte-chushion-collar.webp\" \/><\/p>\n<h2>Saugos aspektai ir aplinkos veiksniai<\/h2>\n<p>Saugus kau\u0161o cilindro eksploatavimas yra labai svarbus siekiant i\u0161vengti nelaiming\u0173 atsitikim\u0173 ir u\u017etikrinti operatoriaus saug\u0105. Montuojant, eksploatuojant ir pri\u017ei\u016brint cilindr\u0105, b\u016btina laikytis saugos proced\u016br\u0173. Projektuojant ir renkantis kau\u0161o cilindr\u0105, reikia atsi\u017evelgti \u012f tokius aplinkos veiksnius kaip u\u017eter\u0161tumas ir tar\u0161a.<\/p>\n<h2>Gedim\u0173 diagnostika ir da\u017eniausios problemos<\/h2>\n<p>Da\u017enos kau\u0161o cilindr\u0173 problemos yra alyvos nuot\u0117kis, suma\u017e\u0117j\u0119s na\u0161umas ir padid\u0117j\u0119s susid\u0117v\u0117jimas. Gedim\u0173 diagnozavimo metodai, tokie kaip vizualin\u0117 ap\u017ei\u016bra, sl\u0117gio bandymas ir matmen\u0173 matavimas, gali pad\u0117ti nustatyti problemos prie\u017east\u012f. \u012eprastos prevencin\u0117s priemon\u0117s apima reguliari\u0105 ap\u017ei\u016br\u0105, tepim\u0105 ir sandarikli\u0173 keitim\u0105.<\/p>\n<p><img decoding=\"async\" src=\"https:\/\/www.hydraulic-cylinders.net\/wp-content\/uploads\/2025\/01\/songte-bushings-with-all-kinds-of-excavator-models.webp\" \/><\/p>\n<h2>Apie m\u016bs\u0173 \u012fmon\u0119<\/h2>\n<p>Esame pirmaujantis hidraulini\u0173 cilindr\u0173 gamintojas ir didmeninis platintojas vidaus ir tarptautin\u0117se rinkose. Si\u016blome plat\u0173 gamini\u0173 asortiment\u0105 ir laikom\u0117s puikios kokyb\u0117s, remdamiesi moderniomis gamybos dirbtuv\u0117mis ir industrializuotomis gamybos valdymo strategijomis. M\u016bs\u0173 gaminiai gaminami naudojant pa\u017eangias technologijas, auk\u0161\u010diausios klas\u0117s gamybos \u012frang\u0105 ir profesionalias bandym\u0173 sistemas. Esame \u012fsipareigoj\u0119 savo klientams tiekti efektyvius, tikslius ir auk\u0161tos kokyb\u0117s gaminius, atitinkan\u010dius \u012fvairius j\u0173 poreikius.<\/p>\n<ul>\n<li>\n<h3>Profesionalumas<\/h3>\n<p>M\u016bs\u0173 \u012fmon\u0117je dirba itin profesionali komanda, \u012fsipareigojusi klientams teikti geriausius \u012fmanomus produktus ir paslaugas.<\/p>\n<\/li>\n<li>\n<h3>Tarptautinis sertifikavimas<\/h3>\n<p>M\u016bs\u0173 \u012fmon\u0117 yra gavusi \u012fvairius tarptautinius sertifikatus, tokius kaip CE, ISO ir SGS, kurie u\u017etikrina, kad m\u016bs\u0173 produktai atitinka pasaulinius kokyb\u0117s standartus.<\/p>\n<\/li>\n<li>\n<h3>Pritaikymo paslaugos<\/h3>\n<p>M\u016bs\u0173 \u012fmon\u0117 si\u016blo individualias paslaugas, pritaikytas individualiems klient\u0173 reikalavimams ir poreikiams.<\/p>\n<\/li>\n<li>\n<h3>Gamybos \u012franga<\/h3>\n<p>M\u016bs\u0173 \u012fmon\u0117 naudoja pa\u017eangi\u0105 gamybos \u012frang\u0105, siekdama pagerinti gamini\u0173 kokyb\u0119 ir efektyvum\u0105.<\/p>\n<\/li>\n<li>\n<h3>Aptarnavimas po pardavimo<\/h3>\n<p>M\u016bs\u0173 \u012fmon\u0117 teikia puik\u0173 aptarnavim\u0105 po pardavimo, siekdama u\u017etikrinti, kad m\u016bs\u0173 klientai b\u016bt\u0173 patenkinti m\u016bs\u0173 produktais ir paslaugomis.<\/p>\n<\/li>\n<\/ul>\n<p><img decoding=\"async\" src=\"https:\/\/hzpt.com\/wp-content\/uploads\/2024\/11\/songte-company-1.webp\" \/><\/p>\n<p>Autorius: lyl.<\/p>","protected":false},"excerpt":{"rendered":"<p>Bucket Cylinder For Hyundai Large Excavator R37LC-7 Introduction The Bucket Cylinder for Hyundai Large Excavator R37LC-7 is a specially designed hydraulic cylinder used to control the movement of buckets in heavy machinery such as excavators, backhoe excavators, and front-end loaders. Its primary function is to enable the bucket to lift, lower and tilt, making it [&hellip;]<\/p>","protected":false},"featured_media":14761,"comment_status":"open","ping_status":"closed","template":"","meta":{"_et_pb_use_builder":"","_et_pb_old_content":"","_et_gb_content_width":""},"product_brand":[],"product_cat":[1494],"product_tag":[1495,1496],"class_list":{"0":"post-15326","1":"product","2":"type-product","3":"status-publish","4":"has-post-thumbnail","6":"product_cat-bucket-cylinders","7":"product_tag-bucket-cylinders","8":"product_tag-hydraulic-cylinders","10":"first","11":"instock","12":"shipping-taxable","13":"product-type-simple"},"amp_enabled":true,"_links":{"self":[{"href":"https:\/\/www.hydraulic-cylinders.net\/lt\/wp-json\/wp\/v2\/product\/15326","targetHints":{"allow":["GET"]}}],"collection":[{"href":"https:\/\/www.hydraulic-cylinders.net\/lt\/wp-json\/wp\/v2\/product"}],"about":[{"href":"https:\/\/www.hydraulic-cylinders.net\/lt\/wp-json\/wp\/v2\/types\/product"}],"replies":[{"embeddable":true,"href":"https:\/\/www.hydraulic-cylinders.net\/lt\/wp-json\/wp\/v2\/comments?post=15326"}],"wp:featuredmedia":[{"embeddable":true,"href":"https:\/\/www.hydraulic-cylinders.net\/lt\/wp-json\/wp\/v2\/media\/14761"}],"wp:attachment":[{"href":"https:\/\/www.hydraulic-cylinders.net\/lt\/wp-json\/wp\/v2\/media?parent=15326"}],"wp:term":[{"taxonomy":"product_brand","embeddable":true,"href":"https:\/\/www.hydraulic-cylinders.net\/lt\/wp-json\/wp\/v2\/product_brand?post=15326"},{"taxonomy":"product_cat","embeddable":true,"href":"https:\/\/www.hydraulic-cylinders.net\/lt\/wp-json\/wp\/v2\/product_cat?post=15326"},{"taxonomy":"product_tag","embeddable":true,"href":"https:\/\/www.hydraulic-cylinders.net\/lt\/wp-json\/wp\/v2\/product_tag?post=15326"}],"curies":[{"name":"wp","href":"https:\/\/api.w.org\/{rel}","templated":true}]}}