{"id":15327,"date":"2025-01-19T14:23:28","date_gmt":"2025-01-19T14:23:28","guid":{"rendered":"https:\/\/www.hydraulic-cylinders.net\/product\/bucket-cylinder-for-hyundai-large-excavator-r445lc-7\/"},"modified":"2025-01-19T14:23:30","modified_gmt":"2025-01-19T14:23:30","slug":"bucket-cylinder-for-hyundai-large-excavator-r445lc-7","status":"publish","type":"product","link":"https:\/\/www.hydraulic-cylinders.net\/lt\/produktas\/bucket-cylinder-for-hyundai-large-excavator-r445lc-7\/","title":{"rendered":"Kau\u0161o cilindras Hyundai dideliam ekskavatoriui R445LC-7"},"content":{"rendered":"<p><!DOCTYPE html><br \/>\n<html><br \/>\n<head><br \/>\n<title>Kau\u0161o cilindras Hyundai dideliam ekskavatoriui R445LC-7<\/title><br \/>\n<\/head><br \/>\n<body><\/p>\n<h1>Kau\u0161o cilindras Hyundai dideliam ekskavatoriui R445LC-7<\/h1>\n<h2>\u012evadas<\/h2>\n<p>\u201eHyundai\u201c didelio ekskavatoriaus R445LC-7 kau\u0161o cilindras yra specialiai sukurtas hidraulinis cilindras, naudojamas valdyti kau\u0161o jud\u0117jim\u0105 sunkiosiose ma\u0161inose, tokiose kaip ekskavatoriai, ekskavatoriniai krautuvai ir frontaliniai krautuvai. Pagrindin\u0117 jo funkcija \u2013 leisti kau\u0161ui pakilti, nuleisti ir pakreipti, taip palengvinant \u012fvairius med\u017eiag\u0173 tvarkymo darbus. Hidraulin\u0117je sistemoje kau\u0161o cilindras tiksliai valdo kau\u0161\u0105, naudodamas hidraulin\u0117s alyvos sl\u0117gio poky\u010dius, tod\u0117l operatoriai gali efektyviai valdyti sunkius krovinius ir prisitaikyti prie sud\u0117tingos darbo aplinkos bei \u012fvairi\u0173 eksploatacini\u0173 poreiki\u0173.<\/p>\n<p><img decoding=\"async\" src=\"https:\/\/www.hydraulic-cylinders.net\/wp-content\/uploads\/2025\/01\/songte-company-2.webp\" alt=\"Produkto vaizdas\"><\/p>\n<h2>Savyb\u0117s<\/h2>\n<ul>\n<li>Didelis tvirtumas ir ilgaam\u017ei\u0161kumas: Paprastai gaminami i\u0161 didelio stiprumo plieno arba aliuminio, galintys atlaikyti auk\u0161t\u0105 sl\u0117g\u012f ir dideles apkrovas, pritaikyti at\u0161iaurioms darbo s\u0105lygoms. Projektuojant atsi\u017evelgiama \u012f atsparum\u0105 dilimui ir korozijai, taip pailginant tarnavimo laik\u0105.<\/li>\n<li>Efektyvus hidraulinis veikimas: Naudoja hidraulin\u0117s alyvos sl\u0117g\u012f, kad b\u016bt\u0173 pasiekti skland\u016bs i\u0161pl\u0117timo ir atitraukimo judesiai, greitai reaguoti \u012f valdymo komandas ir u\u017etikrinti galingas st\u016bmimo bei traukimo j\u0117gas, tinkamas sunkiems kroviniams valdyti ir sud\u0117tingoms eksploatavimo u\u017eduotims atlikti.<\/li>\n<li>\u012evair\u016bs tipai: Pagal reikalavimus galima rinktis vienpusio veikimo (hidraulinis veikimas tik viena kryptimi) arba dvipusio veikimo (hidraulinis veikimas dviem kryptimis) cilindrus, atitinkan\u010dius skirtingus eksploatacinius poreikius. Kai kurie modeliai yra teleskopiniai, tod\u0117l juos galima labiau i\u0161tiesti nedidinant i\u0161orini\u0173 matmen\u0173, tod\u0117l jie tinka naudoti ribotoje erdv\u0117je.<\/li>\n<li>Puikus pakeitimas: m\u016bs\u0173 gaminys gali puikiai pakeisti \u0161iuos hidraulinius cilindrus.<\/li>\n<\/ul>\n<p><img decoding=\"async\" src=\"https:\/\/www.hydraulic-cylinders.net\/wp-content\/uploads\/2025\/01\/songte-cylinder-head-with-all-kinds-excavator-models.webp\" alt=\"Produkto pakeitimo paveiksl\u0117lis\"><\/p>\n<h2>Parai\u0161kos<\/h2>\n<h3>Statybin\u0117 \u012franga:<\/h3>\n<p>Ekskavatoriuose jie yra labai svarb\u016bs kasant, kraunant ir perkeliant dirvo\u017eem\u012f ar \u0161iuk\u0161les. Ekskavatoriuose krautuvuose kau\u0161o cilindras padeda tiek kasti, tiek kelti.<\/p>\n<h3>\u017dem\u0117s \u016bkio technika:<\/h3>\n<p>Naudojamas priekiniuose krautuvuose dirvo\u017eemiui, \u0161ienui ir kitoms med\u017eiagoms semti, kelti ir transportuoti.<\/p>\n<h3>Ekskavatoriai:<\/h3>\n<p>Kau\u0161o cilindras leid\u017eia kasti, leisdamas kau\u0161ui \u012fsiskverbti \u012f dirv\u0105.<\/p>\n<h3>Krautuvai:<\/h3>\n<p>Priekiniuose krautuvuose jie padeda efektyviai pakelti ir i\u0161krauti prekes.<\/p>\n<h2>Projektavimo aspektai ir atrankos kriterijai<\/h2>\n<ul>\n<li>Gele\u017ein\u0117 talpa: Cilindro geb\u0117jimas atlaikyti apkrov\u0105 be gedim\u0173.<\/li>\n<li>Sandarinimas: Efektyvus sandarinimas, siekiant i\u0161vengti nuot\u0117kio ir i\u0161laikyti hidraulin\u0117s sistemos veikim\u0105.<\/li>\n<li>Patvarumas: atsparumas dilimui, korozijai ir kitiems veiksniams, galintiems tur\u0117ti \u012ftakos cilindro tarnavimo laikui.<\/li>\n<li>Sauga: U\u017etikrinama, kad cilindro veikimas nekelt\u0173 pavojaus operatoriams ar aplinkinei \u012frangai.<\/li>\n<li>Prie\u017ei\u016bra: lengva prie\u017ei\u016bra ir remontas, siekiant suma\u017einti prastovas.<\/li>\n<\/ul>\n<p><img decoding=\"async\" src=\"https:\/\/www.hydraulic-cylinders.net\/wp-content\/uploads\/2025\/01\/songte-oil-pipes-and-spare-parts.webp\" alt=\"Sandarinimo ir tepimo paveiksl\u0117lis\"><\/p>\n<h2>Sandarinimas ir tepimas<\/h2>\n<p>Kau\u0161o cilindre naudojami \u012fvair\u016bs sandarikliai, tokie kaip st\u016bmokli\u0173 ir kot\u0173 sandarikliai, pagaminti i\u0161 atspari\u0173 dilimui med\u017eiag\u0173, toki\u0173 kaip poliuretanas ir nitrilo kau\u010diukas. Cilindro korpusas ir srieginiai galai yra kruop\u0161\u010diai apdorojami, siekiant pagerinti atsparum\u0105 dilimui. Norint u\u017etikrinti skland\u0173 veikim\u0105, reikia reguliariai tepti atitinkamu hidraulin\u0117s alyvos kiekiu.<\/p>\n<h2>Reguliarios patikros ir prevencin\u0117s prie\u017ei\u016bros priemon\u0117s<\/h2>\n<ul>\n<li>Reguliarus patikrinimas: patikrinkite, ar n\u0117ra pa\u017eeidim\u0173, nuot\u0117ki\u0173 ar ne\u012fprasto veikimo po\u017eymi\u0173.<\/li>\n<li>Tinkamas tepimas: \u012esitikinkite, kad cilindras yra tinkamai suteptas, kad i\u0161vengtum\u0117te per didelio susid\u0117v\u0117jimo.<\/li>\n<li>Tarpikli\u0173 keitimas: pakeiskite susid\u0117v\u0117jusius tarpiklius, kad i\u0161laikytum\u0117te optimal\u0173 na\u0161um\u0105.<\/li>\n<li>Kalibravimo patikrinimas: patikrinkite, ar cilindras veikia pagal nurodytus parametrus.<\/li>\n<\/ul>\n<p><img decoding=\"async\" src=\"https:\/\/www.hydraulic-cylinders.net\/wp-content\/uploads\/2025\/01\/songte-chushion-collar.webp\" alt=\"Reguliarios prie\u017ei\u016bros paveiksl\u0117lis\"><\/p>\n<h2>Saugos aspektai ir aplinkos veiksniai<\/h2>\n<p>Naudojant kau\u0161o cilindr\u0105, b\u016btina laikytis saugos priemoni\u0173, kad b\u016bt\u0173 i\u0161vengta nelaiming\u0173 atsitikim\u0173 ar su\u017ealojim\u0173. Tai apima tinkam\u0105 mokym\u0105, tinkam\u0173 asmenini\u0173 apsaugos priemoni\u0173 naudojim\u0105 ir eksploatavimo gairi\u0173 laikym\u0105si. Taip pat reik\u0117t\u0173 atsi\u017evelgti \u012f aplinkos veiksnius, siekiant u\u017etikrinti atitikt\u012f reglamentams ir suma\u017einti bet kok\u012f neigiam\u0105 poveik\u012f.<\/p>\n<h2>Gedim\u0173 diagnostika ir da\u017eniausios problemos<\/h2>\n<p>Da\u017enos kau\u0161o cilindr\u0173 problemos gali b\u016bti nuot\u0117kis, nepakankama galia arba netolyg\u016bs judesiai. Tinkama gedim\u0173 diagnostika ir trik\u010di\u0173 \u0161alinimas yra labai svarb\u016bs norint veiksmingai nustatyti ir i\u0161spr\u0119sti problemas. Reguliarus techninis aptarnavimas ir prevencini\u0173 priemoni\u0173 \u012fgyvendinimas gali pad\u0117ti suma\u017einti galimas problemas.<\/p>\n<p><img decoding=\"async\" src=\"https:\/\/www.hydraulic-cylinders.net\/wp-content\/uploads\/2025\/01\/songte-bushings-with-all-kinds-of-excavator-models.webp\" alt=\"Gedim\u0173 diagnostikos vaizdas\"><\/p>\n<h2>I\u0161vada<\/h2>\n<p>Apibendrinant galima teigti, kad \u201eHyundai R445LC-7\u201c didelio ekskavatoriaus kau\u0161o cilindras yra gyvybi\u0161kai svarbus sunkiosios technikos komponentas, u\u017etikrinantis tiksl\u0173 med\u017eiag\u0173 tvarkymo u\u017eduo\u010di\u0173 valdym\u0105. M\u016bs\u0173 \u012fmon\u0117 yra pirmaujanti hidraulini\u0173 cilindr\u0173 gamintoja ir didmenin\u0117 platintoja, si\u016blanti plat\u0173 gamini\u0173 asortiment\u0105, kuris puikiai pakei\u010dia ir pagerina \u012fvairi\u0173 hidraulini\u0173 sistem\u0173 na\u0161um\u0105. Siekdami meistri\u0161kumo, tur\u0117dami pa\u017eangias gamybos patalpas ir atsidavus\u012f klient\u0173 aptarnavim\u0105, siekiame patenkinti \u012fvairius savo klient\u0173 poreikius, u\u017etikrindami auk\u0161t\u0105 efektyvum\u0105, tikslum\u0105 ir kokyb\u0119.<\/p>\n<p><img decoding=\"async\" src=\"https:\/\/www.hydraulic-cylinders.net\/wp-content\/uploads\/2025\/01\/songte-company-3.webp\" alt=\"\u012emon\u0117s \u012fvaizdis\"><\/p>\n<p>Nuo profesionalumo, tarptautini\u0173 sertifikat\u0173, individualiai pritaikyt\u0173 paslaug\u0173, gamybos \u012frangos iki garantinio aptarnavimo \u2013 siekiame pateikti visapusi\u0161k\u0105 sprendim\u0105. Did\u017eiuojam\u0117s savo \u012fsipareigojimu u\u017etikrinti puiki\u0105 kokyb\u0119 ir nuolat tobul\u0117ti, tod\u0117l esame patikimas partneris hidraulini\u0173 cilindr\u0173 pramon\u0117je.<\/p>\n<p>Autorius: lyl<\/p>\n<p><\/body><br \/>\n<\/html><\/p>","protected":false},"excerpt":{"rendered":"<p>Bucket Cylinder For Hyundai Large Excavator R445LC-7 Bucket Cylinder For Hyundai Large Excavator R445LC-7 Introduction The bucket cylinder for Hyundai large excavator R445LC-7 is a specially designed hydraulic cylinder used to control the movement of the bucket in heavy machinery such as excavators, backhoe loaders, and front-end loaders. Its main function is to enable the [&hellip;]<\/p>","protected":false},"featured_media":14789,"comment_status":"open","ping_status":"closed","template":"","meta":{"_et_pb_use_builder":"","_et_pb_old_content":"","_et_gb_content_width":""},"product_brand":[],"product_cat":[1494],"product_tag":[1495,1496],"class_list":{"0":"post-15327","1":"product","2":"type-product","3":"status-publish","4":"has-post-thumbnail","6":"product_cat-bucket-cylinders","7":"product_tag-bucket-cylinders","8":"product_tag-hydraulic-cylinders","10":"first","11":"instock","12":"shipping-taxable","13":"product-type-simple"},"amp_enabled":true,"_links":{"self":[{"href":"https:\/\/www.hydraulic-cylinders.net\/lt\/wp-json\/wp\/v2\/product\/15327","targetHints":{"allow":["GET"]}}],"collection":[{"href":"https:\/\/www.hydraulic-cylinders.net\/lt\/wp-json\/wp\/v2\/product"}],"about":[{"href":"https:\/\/www.hydraulic-cylinders.net\/lt\/wp-json\/wp\/v2\/types\/product"}],"replies":[{"embeddable":true,"href":"https:\/\/www.hydraulic-cylinders.net\/lt\/wp-json\/wp\/v2\/comments?post=15327"}],"wp:featuredmedia":[{"embeddable":true,"href":"https:\/\/www.hydraulic-cylinders.net\/lt\/wp-json\/wp\/v2\/media\/14789"}],"wp:attachment":[{"href":"https:\/\/www.hydraulic-cylinders.net\/lt\/wp-json\/wp\/v2\/media?parent=15327"}],"wp:term":[{"taxonomy":"product_brand","embeddable":true,"href":"https:\/\/www.hydraulic-cylinders.net\/lt\/wp-json\/wp\/v2\/product_brand?post=15327"},{"taxonomy":"product_cat","embeddable":true,"href":"https:\/\/www.hydraulic-cylinders.net\/lt\/wp-json\/wp\/v2\/product_cat?post=15327"},{"taxonomy":"product_tag","embeddable":true,"href":"https:\/\/www.hydraulic-cylinders.net\/lt\/wp-json\/wp\/v2\/product_tag?post=15327"}],"curies":[{"name":"wp","href":"https:\/\/api.w.org\/{rel}","templated":true}]}}