{"id":15330,"date":"2025-01-19T14:23:41","date_gmt":"2025-01-19T14:23:41","guid":{"rendered":"https:\/\/www.hydraulic-cylinders.net\/product\/bucket-cylinder-for-hyundai-large-excavator-r370lc-7\/"},"modified":"2025-01-19T14:23:43","modified_gmt":"2025-01-19T14:23:43","slug":"bucket-cylinder-for-hyundai-large-excavator-r370lc-7","status":"publish","type":"product","link":"https:\/\/www.hydraulic-cylinders.net\/lt\/produktas\/bucket-cylinder-for-hyundai-large-excavator-r370lc-7\/","title":{"rendered":"Kau\u0161o cilindras Hyundai dideliam ekskavatoriui R370LC-7"},"content":{"rendered":"<h1>Kau\u0161o cilindras Hyundai dideliam ekskavatoriui R370LC-7<\/h1>\n<h2>\u012evadas<\/h2>\n<h3>Produkto apibr\u0117\u017eimas<\/h3>\n<p>Kau\u0161o cilindras yra hidraulinio cilindro tipas, specialiai sukurtas valdyti kau\u0161\u0173 jud\u0117jim\u0105 sunkiosiose ma\u0161inose, tokiose kaip ekskavatoriai, ekskavatoriai ir frontaliniai krautuvai. Pagrindin\u0117 jo funkcija \u2013 leisti pakelti, nuleisti ir pakreipti kau\u0161us, kad b\u016bt\u0173 lengviau atlikti \u012fvairias med\u017eiag\u0173 tvarkymo u\u017eduotis. Hidraulin\u0117se sistemose kau\u0161\u0173 cilindrai naudoja hidraulin\u0117s alyvos sl\u0117gio poky\u010dius, kad tiksliai valdyt\u0173 kau\u0161\u0105, leisdami operatoriams efektyviai valdyti sunkius krovinius, prisitaikyti prie sud\u0117tingos darbo aplinkos ir \u012fvairi\u0173 darbo reikalavim\u0173.<\/p>\n<p><img decoding=\"async\" src=\"https:\/\/www.hydraulic-cylinders.net\/wp-content\/uploads\/2025\/01\/songte-company-2.webp\" alt=\"Kau\u0161o cilindro vaizdas\"><\/p>\n<h3>Produkto savyb\u0117s<\/h3>\n<ul>\n<li><strong>Didelis stiprumas ir ilgaam\u017ei\u0161kumas:<\/strong> Paprastai i\u0161 didelio stiprumo plieno arba aliuminio pagaminti kau\u0161iniai cilindrai gali atlaikyti auk\u0161t\u0105 sl\u0117g\u012f ir dideles apkrovas, prisitaikydami prie at\u0161iauri\u0173 darbo s\u0105lyg\u0173. Konstrukcijoje atsi\u017evelgiama \u012f atsparum\u0105 dilimui ir korozijai, taip pailginant j\u0173 tarnavimo laik\u0105.<\/li>\n<li><strong>Efektyvus hidraulinis valdymas:<\/strong> Naudojant hidraulin\u0117s alyvos sl\u0117g\u012f skland\u017eiam i\u0161pl\u0117timui ir susitraukimui, kau\u0161o cilindrai gali greitai reaguoti \u012f valdymo komandas, u\u017etikrindami galing\u0105 st\u016bmimo ir traukimo j\u0117g\u0105, tinkam\u0105 sunkiems kroviniams ir sud\u0117tingoms u\u017eduotims atlikti.<\/li>\n<li><strong>Tip\u0173 \u012fvairov\u0117:<\/strong> Kau\u0161\u0173 cilindrai gali b\u016bti parenkami kaip vienpusio veikimo (hidraulika naudojama tik viena kryptimi) arba dvipusio veikimo (hidraulika naudojama abiem kryptimis) pagal konkre\u010dius eksploatacinius poreikius. Kai kurie modeliai yra teleskopiniai, tod\u0117l juos galima labiau prailginti nedidinant i\u0161orini\u0173 matmen\u0173, tod\u0117l jie tinka naudoti ribotoje erdv\u0117je.<\/li>\n<li><strong>Puikus pakeitimas:<\/strong> M\u016bs\u0173 kau\u0161o cilindras gali puikiai pakeisti \u0161iuos hidraulinius cilindrus. <\/li>\n<\/ul>\n<p><img decoding=\"async\" src=\"https:\/\/www.hydraulic-cylinders.net\/wp-content\/uploads\/2025\/01\/songte-cylinder-head-with-all-kinds-excavator-models.webp\" alt=\"Kau\u0161o cilindro pakeitimo paveiksl\u0117lis\"><\/p>\n<h3>Taikymo scenarijai<\/h3>\n<p>Kau\u0161\u0173 cilindrai pla\u010diai naudojami \u012fvairiose statybos, \u017eem\u0117s \u016bkio ir kasybos ma\u0161inose, tokiose kaip:<\/p>\n<ul>\n<li><strong>Statybin\u0117 \u012franga:<\/strong> Ekskavatoriuose jie yra labai svarb\u016bs kasant, kraunant ir perkeliant grunt\u0105 ar \u0161iuk\u0161les. Ekskavatoriuose kau\u0161o cilindrai padeda tiek kasant, tiek keliant. <\/li>\n<li><strong>\u017dem\u0117s \u016bkio technika:<\/strong> Naudojamas priekiniuose krautuvuose dirvo\u017eemiui, \u0161ienui ir kitoms med\u017eiagoms semti, kelti ir transportuoti.<\/li>\n<li><strong>Kasybos ma\u0161inos:<\/strong> Kau\u0161o cilindrai leid\u017eia atlikti kasimo veiksmus, leisdami kau\u0161ui \u012fsiskverbti \u012f dirv\u0105. <\/li>\n<li><strong>Kita technika:<\/strong> Priekiniuose krautuvuose kau\u0161o cilindrai padeda efektyviai pakelti ir i\u0161versti prekes.<\/li>\n<\/ul>\n<h3>Projektavimo aspektai ir atrankos kriterijai<\/h3>\n<p>Renkantis cilindro formos vamzd\u012f, reikia atsi\u017evelgti \u012f kelis veiksnius, \u012fskaitant:<\/p>\n<ul>\n<li><strong>Apkrovos paj\u0117gumas:<\/strong> Cilindras turi atlaikyti maksimali\u0105 apkrov\u0105, nesulinkdamas ir nesul\u016b\u017edamas katastrofi\u0161kai.<\/li>\n<li><strong>Sandarinimas:<\/strong> Cilindras turi b\u016bti gerai sandarus, kad b\u016bt\u0173 i\u0161vengta hidraulinio skys\u010dio nuot\u0117kio, kuris suma\u017eint\u0173 jo efektyvum\u0105 ir sukelt\u0173 pavoj\u0173 saugai.<\/li>\n<li><strong>Patvarumas:<\/strong> Cilindras turi b\u016bti pagamintas i\u0161 med\u017eiag\u0173, kurios yra atsparios dilimui ir korozijai, u\u017etikrinant ilg\u0105 jo tarnavimo laik\u0105 at\u0161iauriomis s\u0105lygomis. <\/li>\n<li><strong>Saugumas:<\/strong> Balionas turi b\u016bti suprojektuotas ir sumontuotas su saugos funkcijomis, kad b\u016bt\u0173 i\u0161vengta nelaiming\u0173 atsitikim\u0173 eksploatacijos metu.<\/li>\n<li><strong>Prie\u017ei\u016bra:<\/strong> Cilindras turi b\u016bti lengvai pri\u017ei\u016brimas ir remontuojamas, lengvai prieinamos atsargin\u0117s dalys, o siekiant u\u017etikrinti patikim\u0105 jo veikim\u0105, reikia grie\u017etai laikytis technin\u0117s prie\u017ei\u016bros proced\u016br\u0173.<\/li>\n<\/ul>\n<p><img decoding=\"async\" src=\"https:\/\/www.hydraulic-cylinders.net\/wp-content\/uploads\/2025\/01\/songte-oil-pipes-and-spare-parts.webp\" alt=\"Kau\u0161o cilindro dizaino vaizdas\"><\/p>\n<h3>Sandarinimas ir tepimas<\/h3>\n<p>Kau\u0161o cilindrui reikalingi \u012fvair\u016bs sandarinimo komponentai, tokie kaip st\u016bmoklio ir koto sandarikliai, kad b\u016bt\u0173 u\u017etikrintas geras sandarumas ir i\u0161vengta hidraulinio skys\u010dio nuot\u0117kio. Sandarikliai pagaminti i\u0161 atspari\u0173 dilimui med\u017eiag\u0173, toki\u0173 kaip poliuretanas ir nitrilo kau\u010diukas. Cilindro korpusas ir srieginiai galiniai pavir\u0161iai yra kruop\u0161\u010diai apdoroti, siekiant pagerinti atsparum\u0105 dilimui. Kad cilindras veikt\u0173 skland\u017eiai, j\u012f reikia reguliariai tepti hidrauline alyva.<\/p>\n<h3>Prie\u017ei\u016bros ir prevencin\u0117s priemon\u0117s<\/h3>\n<p>Reguliarus techninis aptarnavimas ir prevencin\u0117s priemon\u0117s yra labai svarbios siekiant u\u017etikrinti ilgalaik\u012f kau\u0161o cilindro veikim\u0105 ir tarnavimo laik\u0105. \u012eprastos technin\u0117s prie\u017ei\u016bros u\u017eduotys apima:<\/p>\n<ul>\n<li><strong>Reguliarus patikrinimas:<\/strong> Reguliariai tikrinkite cilindr\u0105, ar n\u0117ra nuot\u0117ki\u0173, \u012ftr\u016bkim\u0173 ar \u012flenkim\u0173, ir patikrinkite, ar jis tinkamai sulygiuotas ir dera su kitais komponentais.<\/li>\n<li><strong>Tinkamas tepimas:<\/strong> \u012epilkite reikiam\u0105 kiek\u012f hidraulin\u0117s alyvos, kad suteptum\u0117te cilindr\u0105 ir u\u017etikrintum\u0117te skland\u0173 veikim\u0105.<\/li>\n<li><strong>Sandariklio keitimas:<\/strong> Reguliariai keiskite sandariklius, kad i\u0161laikytum\u0117te ger\u0105 sandarum\u0105 ir i\u0161vengtum\u0117te hidraulinio skys\u010dio nuot\u0117kio.<\/li>\n<li><strong>Kalibravimo patikrinimas:<\/strong> Check the cylinder&#8217;s calibration regularly to ensure that it operates within its specified parameters.<\/li>\n<\/ul>\n<p><img decoding=\"async\" src=\"https:\/\/www.hydraulic-cylinders.net\/wp-content\/uploads\/2025\/01\/songte-chushion-collar.webp\" alt=\"Kau\u0161o cilindro prie\u017ei\u016bros paveiksl\u0117lis\"><\/p>\n<h3>Saugos aspektai ir aplinkos veiksniai<\/h3>\n<p>Naudojant kau\u0161inius cilindrus, reikia imtis saugos priemoni\u0173, kad b\u016bt\u0173 i\u0161vengta nelaiming\u0173 atsitikim\u0173. Operatoriai turi b\u016bti apmokyti tinkamai naudoti \u012frang\u0105, \u012fskaitant saugos proced\u016bras ir atsargumo priemones. Aplinkos veiksniai, tokie kaip temperat\u016bra, dr\u0117gm\u0117 ir dulk\u0117s, gali tur\u0117ti \u012ftakos cilindro veikimui ir tarnavimo laikui, tod\u0117l norint u\u017etikrinti patikim\u0105 jo veikim\u0105, reikia imtis tinkam\u0173 prie\u017ei\u016bros ir apsaugos priemoni\u0173.<\/p>\n<h3>Trik\u010di\u0173 \u0161alinimas ir da\u017eniausios problemos<\/h3>\n<p>Da\u017eniausios kau\u0161o cilindr\u0173 problemos yra \u0161ios:<\/p>\n<ul>\n<li><strong>Nuot\u0117kis:<\/strong> Hydraulic fluid leakage can cause a loss of pressure and reduce the cylinder&#8217;s effectiveness.<\/li>\n<li><strong>Sandariklio gedimas:<\/strong> Sandarikliai gali susid\u0117v\u0117ti arba b\u016bti pa\u017eeisti, d\u0117l to gali nutek\u0117ti hidraulinis skystis ir sugesti cilindras.<\/li>\n<li><strong>Lenkimas:<\/strong> D\u0117l perkrovos arba netinkamo montavimo cilindras gali sulinkti, suma\u017eindamas jo efektyvum\u0105 ir gali sukelti pavoj\u0173 saugai.<\/li>\n<\/ul>\n<p>Nor\u0117dami diagnozuoti ir i\u0161spr\u0119sti \u0161ias problemas, operatoriai tur\u0117t\u0173 laikytis tinkam\u0173 prie\u017ei\u016bros ir patikros proced\u016br\u0173, naudoti tinkamus hidraulinius skys\u010dius ir tepalus bei pakeisti visus pa\u017eeistus ar susid\u0117v\u0117jusius komponentus.<\/p>\n<p><img decoding=\"async\" src=\"https:\/\/www.hydraulic-cylinders.net\/wp-content\/uploads\/2025\/01\/songte-bushings-with-all-kinds-of-excavator-models.webp\" alt=\"Kau\u0161o cilindro trik\u010di\u0173 \u0161alinimo paveiksl\u0117lis\"><\/p>\n<h2>Apie m\u016bs\u0173 \u012fmon\u0119<\/h2>\n<p>Esame pirmaujanti hidraulini\u0173 cilindr\u0173 gamintoja ir didmenin\u0117 platintoja vidaus ir tarptautin\u0117se rinkose. Esame \u012fsipareigoj\u0119 tiekti auk\u0161tos kokyb\u0117s produktus ir paslaugas, remdamiesi savo industrializuotos gamybos valdymo strategija, pagr\u012fsta puikia kokybe, pa\u017eangiomis technologijomis ir profesionaliais talentais. M\u016bs\u0173 gamybos platforma yra nuolat tobulinama, tod\u0117l turime didelius gamybos paj\u0117gumus, kad patenkintume \u012fvairius m\u016bs\u0173 klient\u0173 poreikius.<\/p>\n<h3>Profesionalumas<\/h3>\n<p>M\u016bs\u0173 \u012fmon\u0117je dirba patyrusi\u0173 ir profesionali\u0173 in\u017einieri\u0173 bei technik\u0173 komanda, kuri specializuojasi hidraulini\u0173 cilindr\u0173 projektavime, k\u016brime ir gamyboje. Taip pat turime moderniausi\u0105 \u012frang\u0105 ir i\u0161sami\u0105 bandym\u0173 sistem\u0105, kad u\u017etikrintume m\u016bs\u0173 gamini\u0173 kokyb\u0119.<\/p>\n<h3>Tarptautinis sertifikavimas<\/h3>\n<p>Our hydraulic cylinders have passed the ISO 9001:2015 international quality management system certification, CE certification, and other international certification standards. We adhere to strict quality control standards to ensure that our products meet or exceed our customers&#8217; expectations.<\/p>\n<h3>Pritaikymo paslaugos<\/h3>\n<p>Teikiame individualiai pritaikytas paslaugas, kad patenkintume skirtingus klient\u0173 reikalavimus. M\u016bs\u0173 dizaineri\u0173 ir in\u017einieri\u0173 komanda gali sukurti individualius hidraulini\u0173 cilindr\u0173 sprendimus konkre\u010dioms pramon\u0117s reikm\u0117ms.<\/p>\n<h3>Gamybos \u012franga<\/h3>\n<p>M\u016bs\u0173 \u012fmon\u0117 turi pa\u017eangi\u0105 gamybos \u012frang\u0105, \u012fskaitant CNC tekinimo stakles, frezavimo stakles, \u0161lifavimo stakles ir kit\u0105 tiksliojo apdirbimo \u012frang\u0105, kad u\u017etikrint\u0173 m\u016bs\u0173 gamini\u0173 tikslum\u0105 ir kokyb\u0119.<\/p>\n<h3>Aptarnavimas po pardavimo<\/h3>\n<p>Teikiame i\u0161samias garantinio aptarnavimo paslaugas, kad pad\u0117tume klientams i\u0161spr\u0119sti problemas, su kuriomis jie susiduria naudodami m\u016bs\u0173 gaminius. Taip pat tiekiame atsargines dalis ir remontuojame gaminius, kad pailgintume j\u0173 tarnavimo laik\u0105.<\/p>\n<p><img decoding=\"async\" src=\"https:\/\/hzpt.com\/wp-content\/uploads\/2024\/11\/songte-company-1.webp\" alt=\"Apie m\u016bs\u0173 \u012fmon\u0117s \u012fvaizd\u012f\"><\/p>\n<h3>Autorius: lyl.<\/h3>","protected":false},"excerpt":{"rendered":"<p>Bucket Cylinder For Hyundai Large Excavator R370LC-7 Introduction Product Definition A bucket cylinder is a type of hydraulic cylinder specially designed for controlling the movement of buckets in heavy machinery such as excavators, backhoes, and front-end loaders. Its main function is to enable buckets to be lifted, lowered, and tilted, making it easier to carry [&hellip;]<\/p>","protected":false},"featured_media":14785,"comment_status":"open","ping_status":"closed","template":"","meta":{"_et_pb_use_builder":"","_et_pb_old_content":"","_et_gb_content_width":""},"product_brand":[],"product_cat":[1494],"product_tag":[1495,1496],"class_list":{"0":"post-15330","1":"product","2":"type-product","3":"status-publish","4":"has-post-thumbnail","6":"product_cat-bucket-cylinders","7":"product_tag-bucket-cylinders","8":"product_tag-hydraulic-cylinders","10":"first","11":"instock","12":"shipping-taxable","13":"product-type-simple"},"amp_enabled":true,"_links":{"self":[{"href":"https:\/\/www.hydraulic-cylinders.net\/lt\/wp-json\/wp\/v2\/product\/15330","targetHints":{"allow":["GET"]}}],"collection":[{"href":"https:\/\/www.hydraulic-cylinders.net\/lt\/wp-json\/wp\/v2\/product"}],"about":[{"href":"https:\/\/www.hydraulic-cylinders.net\/lt\/wp-json\/wp\/v2\/types\/product"}],"replies":[{"embeddable":true,"href":"https:\/\/www.hydraulic-cylinders.net\/lt\/wp-json\/wp\/v2\/comments?post=15330"}],"wp:featuredmedia":[{"embeddable":true,"href":"https:\/\/www.hydraulic-cylinders.net\/lt\/wp-json\/wp\/v2\/media\/14785"}],"wp:attachment":[{"href":"https:\/\/www.hydraulic-cylinders.net\/lt\/wp-json\/wp\/v2\/media?parent=15330"}],"wp:term":[{"taxonomy":"product_brand","embeddable":true,"href":"https:\/\/www.hydraulic-cylinders.net\/lt\/wp-json\/wp\/v2\/product_brand?post=15330"},{"taxonomy":"product_cat","embeddable":true,"href":"https:\/\/www.hydraulic-cylinders.net\/lt\/wp-json\/wp\/v2\/product_cat?post=15330"},{"taxonomy":"product_tag","embeddable":true,"href":"https:\/\/www.hydraulic-cylinders.net\/lt\/wp-json\/wp\/v2\/product_tag?post=15330"}],"curies":[{"name":"wp","href":"https:\/\/api.w.org\/{rel}","templated":true}]}}