{"id":15331,"date":"2025-01-19T14:23:44","date_gmt":"2025-01-19T14:23:44","guid":{"rendered":"https:\/\/www.hydraulic-cylinders.net\/product\/bucket-cylinder-for-hyundai-large-excavator-r450lc-5\/"},"modified":"2025-01-19T14:23:46","modified_gmt":"2025-01-19T14:23:46","slug":"bucket-cylinder-for-hyundai-large-excavator-r450lc-5","status":"publish","type":"product","link":"https:\/\/www.hydraulic-cylinders.net\/lt\/produktas\/bucket-cylinder-for-hyundai-large-excavator-r450lc-5\/","title":{"rendered":"Kau\u0161o cilindras Hyundai dideliam ekskavatoriui R450LC-5"},"content":{"rendered":"<p><!--Title--><\/p>\n<h1>Kau\u0161o cilindras Hyundai dideliam ekskavatoriui R450LC-5<\/h1>\n<p><!--Introduction--><\/p>\n<h2>\u012evadas<\/h2>\n<p>Kau\u0161o cilindras, skirtas dideliam \u201eHyundai R450LC-5\u201c ekskavatoriui, yra specializuotas hidraulinis cilindras, naudojamas valdyti kau\u0161o judesius sunkiosiose ma\u0161inose, tokiose kaip ekskavatoriai, ekskavatoriai ir frontaliniai krautuvai. Pagrindin\u0117 jo funkcija \u2013 leisti kau\u0161ui pakilti, nuleisti ir pakreipti, kad b\u016bt\u0173 lengviau atlikti \u012fvairias med\u017eiag\u0173 tvarkymo u\u017eduotis. Hidraulin\u0117je sistemoje kau\u0161o cilindras kontroliuoja tiksl\u0173 kau\u0161o jud\u0117jim\u0105 keisdamas hidraulin\u0117s alyvos sl\u0117g\u012f, leisdamas operatoriams efektyviai valdyti sunkius krovinius ir prisitaikyti prie sud\u0117tingos darbo aplinkos bei \u012fvairi\u0173 eksploatacini\u0173 reikalavim\u0173.<\/p>\n<p><!--Product Image--><br \/>\n<img decoding=\"async\" src=\"https:\/\/www.hydraulic-cylinders.net\/wp-content\/uploads\/2025\/01\/songte-company-2.webp\" alt=\"Kau\u0161o cilindro vaizdas\"><\/p>\n<p><!--Product Features--><\/p>\n<h2>Produkto savyb\u0117s<\/h2>\n<ul>\n<li>Didelis stiprumas ir ilgaam\u017ei\u0161kumas: Paprastai pagaminti i\u0161 didelio stiprumo plieno arba aliuminio, galintys atlaikyti auk\u0161t\u0105 sl\u0117g\u012f ir dideles apkrovas, tinkami at\u0161iaurioms darbo aplinkoms, suprojektuoti atsi\u017evelgiant \u012f atsparum\u0105 dilimui ir korozijai, bei prailginantys tarnavimo laik\u0105.<\/li>\n<li>Efektyvus hidraulinis veikimas: Skland\u016bs i\u0161pl\u0117timo ir atitraukimo judesiai pasiekiami naudojant hidraulin\u0117s alyvos sl\u0117g\u012f, greitai reaguojant \u012f valdymo komandas, u\u017etikrinant stiprias st\u016bmimo ir traukimo j\u0117gas, tod\u0117l tinka sunkiems kroviniams ir sud\u0117tingoms darbo u\u017eduotims atlikti.<\/li>\n<li>\u012evair\u016bs tipai: pagal poreikius ir skirtingus eksploatacinius reikalavimus galima pasirinkti vienpusio veikimo (hidraulik\u0105 naudojant tik viena kryptimi) arba dvipusio veikimo (hidraulik\u0105 naudojant abiem kryptimis) cilindrus. Kai kurie modeliai yra teleskopiniai, tod\u0117l juos galima labiau prailginti nedidinant i\u0161orini\u0173 matmen\u0173, tod\u0117l jie tinka naudoti ribotoje erdv\u0117je.<\/li>\n<li>Puikus pakeitimas: M\u016bs\u0173 gaminiai gali puikiai pakeisti \u0161iuos hidraulinius cilindrus.<\/li>\n<\/ul>\n<p><!--Product Replacement Image--><br \/>\n<img decoding=\"async\" src=\"https:\/\/www.hydraulic-cylinders.net\/wp-content\/uploads\/2025\/01\/songte-cylinder-head-with-all-kinds-excavator-models.webp\" alt=\"Produkto pakeitimo paveiksl\u0117lis\"><\/p>\n<p><!--Product Applications--><\/p>\n<h2>Produkto pritaikymas<\/h2>\n<p>Kau\u0161o cilindras pla\u010diai naudojamas \u012fvairiose pramon\u0117s srityse, \u012fskaitant, bet neapsiribojant:<\/p>\n<ul>\n<li>Statybin\u0117 \u012franga: ekskavatoriuose ji yra b\u016btina kasant, kraunant ir perkeliant grunt\u0105 ar \u0161iuk\u0161les. Ekskavatoriuose kau\u0161o cilindras padeda tiek kasant, tiek keliant.<\/li>\n<li>\u017dem\u0117s \u016bkio technika: naudojama frontaliniams krautuvams, dirvo\u017eemio, \u0161ieno ir kit\u0173 med\u017eiag\u0173 pak\u0117limui, k\u0117limui ir transportavimui. Ekskavatori\u0173 kau\u0161o cilindras leid\u017eia kasti, leisdamas kau\u0161ui prasiskverbti \u012f dirv\u0105.<\/li>\n<li>Krautuvai: Priekiniuose krautuvuose jie padeda efektyviai pakelti ir i\u0161krauti krovinius.<\/li>\n<\/ul>\n<p><!--Design and Selection Standards--><\/p>\n<h2>Projektavimo ir atrankos standartai<\/h2>\n<p>Kau\u0161o cilindro projektavimo ir parinkimo standartai apima:<\/p>\n<ul>\n<li>Keliamoji galia: Ji turi atlaikyti maksimal\u0173 svor\u012f ir sl\u0117g\u012f, u\u017etikrinant saug\u0173 ir stabil\u0173 veikim\u0105.<\/li>\n<li>Sandarinimas: Kau\u0161o cilindras turi b\u016bti sandarus, kad b\u016bt\u0173 i\u0161vengta skys\u010dio nuot\u0117kio ir u\u017etikrintas efektyvus hidraulinis veikimas. Norint u\u017etikrinti ilg\u0105 tarnavimo laik\u0105, reikia naudoti auk\u0161tos kokyb\u0117s sandarinimo med\u017eiagas.<\/li>\n<li>Patvarumas: Kau\u0161o cilindras turi b\u016bti atsparus dilimui ir korozijai, kad b\u016bt\u0173 u\u017etikrintas ilgas tarnavimo laikas.<\/li>\n<li>Sauga: Kau\u0161o cilindras tur\u0117t\u0173 b\u016bti suprojektuotas su saugos funkcijomis, tokiomis kaip apsauginiai vo\u017etuvai, kad b\u016bt\u0173 i\u0161vengta perkrovos ar staigaus hidraulinio sl\u0117gio kritimo, u\u017etikrinant operatoriaus saugum\u0105.<\/li>\n<li>Prie\u017ei\u016bra: Kau\u0161o cilindras tur\u0117t\u0173 b\u016bti suprojektuotas taip, kad j\u012f b\u016bt\u0173 lengva pri\u017ei\u016br\u0117ti, pri\u017ei\u016br\u0117ti ir prireikus remontuoti.<\/li>\n<\/ul>\n<p><!--Product Pipes and Spare Parts Image--><br \/>\n<img decoding=\"async\" src=\"https:\/\/www.hydraulic-cylinders.net\/wp-content\/uploads\/2025\/01\/songte-oil-pipes-and-spare-parts.webp\" alt=\"Produkto vamzd\u017eiai ir atsargin\u0117s dalys Vaizdas\"><\/p>\n<p><!--Sealing and Lubrication--><\/p>\n<h2>Sandarinimas ir tepimas<\/h2>\n<p>Kau\u0161o cilindro efektyvus veikimas priklauso nuo tinkamo sandarinimo ir tepimo. Imamasi \u0161i\u0173 priemoni\u0173:<\/p>\n<ul>\n<li>Siekiant u\u017etikrinti sandarum\u0105, naudojami \u012fvair\u016bs sandarinimo komponentai, tokie kaip st\u016bmokli\u0173 ir kot\u0173 sandarikliai. Jie tur\u0117t\u0173 b\u016bti pagaminti i\u0161 atspari\u0173 dilimui med\u017eiag\u0173, toki\u0173 kaip poliuretanas ir nitrilo kau\u010diukas.<\/li>\n<li>Cilindro korpusas ir sriegio galo pavir\u0161ius yra smulkiai apdoroti, siekiant pagerinti atsparum\u0105 dilimui.<\/li>\n<li>Kau\u0161o cilindr\u0105 reikia reguliariai tepti atitinkamu hidraulin\u0117s alyvos kiekiu, kad b\u016bt\u0173 u\u017etikrintas sklandus veikimas ir pailgintas tarnavimo laikas.<\/li>\n<\/ul>\n<p><!--Maintenance and Repair--><\/p>\n<h2>Prie\u017ei\u016bra ir remontas<\/h2>\n<p>Reguliarus kau\u0161o cilindro ilgaam\u017ei\u0161kumas yra b\u016btinas reguliariai pri\u017ei\u016brint ir remontuojant. Reik\u0117t\u0173 atlikti \u0161iuos prie\u017ei\u016bros darbus:<\/p>\n<ul>\n<li>Reguliar\u016bs patikrinimai: patikrinkite, ar n\u0117ra alyvos nuot\u0117kio, deformacijos ir pa\u017eeidim\u0173 cilindro korpuse, koted\u017ee ir st\u016bmoklyje. \u012esitikinkite, kad jie tinkamai sumontuoti ir suderinti.<\/li>\n<li>Tinkamas tepimas: Reguliariai sutepkite kau\u0161o cilindr\u0105 tinkamu hidraulin\u0117s alyvos kiekiu, kad u\u017etikrintum\u0117te skland\u0173 veikim\u0105.<\/li>\n<li>Tarpikli\u0173 keitimas: Reguliariai keiskite tarpiklius, kad u\u017etikrintum\u0117te sandarum\u0105.<\/li>\n<li>Kalibravimo patikrinimas: atlikite kalibravimo patikrinimus, kad u\u017etikrintum\u0117te saug\u0173 ir tiksl\u0173 veikim\u0105.<\/li>\n<\/ul>\n<p><!--Product Cushion Collar Image--><br \/>\n<img decoding=\"async\" src=\"https:\/\/www.hydraulic-cylinders.net\/wp-content\/uploads\/2025\/01\/songte-chushion-collar.webp\" alt=\"Produkto pagalv\u0117l\u0117s apykakl\u0117s vaizdas\"><\/p>\n<p><!--Safety Considerations--><\/p>\n<h2>Saugos aspektai<\/h2>\n<p>Naudojant cilindrin\u012f kau\u0161\u0105, reikia imtis \u0161i\u0173 saugos priemoni\u0173:<\/p>\n<ul>\n<li>Kad i\u0161vengtum\u0117te nelaiming\u0173 atsitikim\u0173, u\u017etikrinkite tinkam\u0105 montavim\u0105 ir suderinim\u0105.<\/li>\n<li>Laikykit\u0117s gamintojo naudojimo instrukcij\u0173 ir saugos priemoni\u0173.<\/li>\n<li>D\u0117v\u0117kite tinkamas asmenines apsaugos priemones (AAP), tokias kaip pir\u0161tin\u0117s, apsauginiai akiniai ir \u0161almai.<\/li>\n<li>Neperkraukite kau\u0161o cilindro ir laikykit\u0117s jo maksimalaus darbinio sl\u0117gio bei keliamosios galios.<\/li>\n<li>U\u017etikrinkite tinkam\u0105 prie\u017ei\u016br\u0105, kad i\u0161vengtum\u0117te nelaiming\u0173 atsitikim\u0173.<\/li>\n<\/ul>\n<p><!--Product Bushings and Excavator Models Image--><br \/>\n<img decoding=\"async\" src=\"https:\/\/www.hydraulic-cylinders.net\/wp-content\/uploads\/2025\/01\/songte-bushings-with-all-kinds-of-excavator-models.webp\" alt=\"Produkto \u012fvor\u0117s ir ekskavatoriaus modeli\u0173 vaizdas\"><\/p>\n<p><!--About Us--><\/p>\n<h2>Apie mus<\/h2>\n<p>Esame pirmaujanti hidraulini\u0173 cilindr\u0173 gamintoja ir didmenin\u0117 platintoja vidaus ir tarptautin\u0117se rinkose, si\u016blanti vis\u0105 hidraulini\u0173 cilindr\u0173 gamini\u0173 asortiment\u0105. M\u016bs\u0173 \u012fmon\u0117je vadovaujam\u0117s pagrindin\u0117mis meistri\u0161kumo ir kokyb\u0117s vertyb\u0117mis, remdamiesi industrializuotomis gamybos valdymo strategijomis kruop\u0161\u010diai suderintose gamybos dirbtuv\u0117se. Nuolat tobuliname savo gamybos platform\u0105 \u2013 nuo \u200b\u200bskaitmenin\u0117s auk\u0161\u010diausios klas\u0117s gamybos \u012frangos, technini\u0173 \u012fg\u016bd\u017ei\u0173 ir profesionali\u0173 bandym\u0173 sistem\u0173 naudojimo iki tobulos gamini\u0173 kokyb\u0117s gamybos linij\u0173. Vadovaudamiesi dideliu efektyvumu, dideliu tikslumu ir auk\u0161ta kokybe, patenkiname \u012fvairius savo klient\u0173 poreikius.<\/p>\n<p><!--Company Image--><br \/>\n<img decoding=\"async\" src=\"https:\/\/hzpt.com\/wp-content\/uploads\/2024\/11\/songte-company-1.webp\" alt=\"\u012emon\u0117s \u012fvaizdis\"><\/p>\n<p><!--Company Details--><\/p>\n<h2>\u012emon\u0117s duomenys<\/h2>\n<ul>\n<li>Profesionalumas: M\u016bs\u0173 \u012fmon\u0117je dirba profesionali\u0173 ekspert\u0173 komanda, galinti klientams suteikti profesionaliausias paslaugas.<\/li>\n<li>Tarptautinis sertifikatas: M\u016bs\u0173 gaminiai yra gav\u0119 \u012fvairius tarptautinius sertifikatus, tokius kaip ISO9001 ir CE, kurie u\u017etikrina kokyb\u0119 ir saug\u0105.<\/li>\n<li>Pritaikymo paslaugos: Galime teikti pritaikytas paslaugas pagal klient\u0173 poreikius, pavyzd\u017eiui, pritaikyti cilindr\u0173 dyd\u017eius, med\u017eiagas ir funkcijas.<\/li>\n<li>Pa\u017eangi gamybos \u012franga: M\u016bs\u0173 \u012fmon\u0117 turi vis\u0105 komplekt\u0105 pa\u017eangios hidraulini\u0173 cilindr\u0173 gamybos \u012frangos, tokios kaip CNC tekinimo stakl\u0117s, galandimo stakl\u0117s ir automatiniai suvirinimo aparatai.<\/li>\n<li>Aptarnavimas po pardavimo: M\u016bs\u0173 \u012fmon\u0117 teikia klientams nepriekai\u0161ting\u0105 aptarnavim\u0105 po pardavimo, pavyzd\u017eiui, dali\u0173 remont\u0105 ir keitim\u0105 bei atstatymo paslaugas, u\u017etikrindama produkto kokyb\u0119 ir vartotoj\u0173 pasitenkinim\u0105.<\/li>\n<\/ul>\n<p><!--Author--><\/p>\n<p>Autorius: lyl<\/p>","protected":false},"excerpt":{"rendered":"<p>Bucket Cylinder For Hyundai Large Excavator R450LC-5 Introduction A bucket cylinder for Hyundai large excavator R450LC-5 is a specialized hydraulic cylinder used to control the bucket&#8217;s movements in heavy machinery such as excavators, backhoes, and front-end loaders. Its main function is to enable the bucket to lift, lower and tilt, making it easier to handle [&hellip;]<\/p>","protected":false},"featured_media":14784,"comment_status":"open","ping_status":"closed","template":"","meta":{"_et_pb_use_builder":"","_et_pb_old_content":"","_et_gb_content_width":""},"product_brand":[],"product_cat":[1494],"product_tag":[1495,1496],"class_list":{"0":"post-15331","1":"product","2":"type-product","3":"status-publish","4":"has-post-thumbnail","6":"product_cat-bucket-cylinders","7":"product_tag-bucket-cylinders","8":"product_tag-hydraulic-cylinders","10":"first","11":"instock","12":"shipping-taxable","13":"product-type-simple"},"amp_enabled":true,"_links":{"self":[{"href":"https:\/\/www.hydraulic-cylinders.net\/lt\/wp-json\/wp\/v2\/product\/15331","targetHints":{"allow":["GET"]}}],"collection":[{"href":"https:\/\/www.hydraulic-cylinders.net\/lt\/wp-json\/wp\/v2\/product"}],"about":[{"href":"https:\/\/www.hydraulic-cylinders.net\/lt\/wp-json\/wp\/v2\/types\/product"}],"replies":[{"embeddable":true,"href":"https:\/\/www.hydraulic-cylinders.net\/lt\/wp-json\/wp\/v2\/comments?post=15331"}],"wp:featuredmedia":[{"embeddable":true,"href":"https:\/\/www.hydraulic-cylinders.net\/lt\/wp-json\/wp\/v2\/media\/14784"}],"wp:attachment":[{"href":"https:\/\/www.hydraulic-cylinders.net\/lt\/wp-json\/wp\/v2\/media?parent=15331"}],"wp:term":[{"taxonomy":"product_brand","embeddable":true,"href":"https:\/\/www.hydraulic-cylinders.net\/lt\/wp-json\/wp\/v2\/product_brand?post=15331"},{"taxonomy":"product_cat","embeddable":true,"href":"https:\/\/www.hydraulic-cylinders.net\/lt\/wp-json\/wp\/v2\/product_cat?post=15331"},{"taxonomy":"product_tag","embeddable":true,"href":"https:\/\/www.hydraulic-cylinders.net\/lt\/wp-json\/wp\/v2\/product_tag?post=15331"}],"curies":[{"name":"wp","href":"https:\/\/api.w.org\/{rel}","templated":true}]}}