{"id":15332,"date":"2025-01-19T14:23:48","date_gmt":"2025-01-19T14:23:48","guid":{"rendered":"https:\/\/www.hydraulic-cylinders.net\/product\/bucket-cylinder-for-hyundai-large-excavator-r505lc-7\/"},"modified":"2025-01-19T14:23:50","modified_gmt":"2025-01-19T14:23:50","slug":"bucket-cylinder-for-hyundai-large-excavator-r505lc-7","status":"publish","type":"product","link":"https:\/\/www.hydraulic-cylinders.net\/lt\/produktas\/bucket-cylinder-for-hyundai-large-excavator-r505lc-7\/","title":{"rendered":"Kau\u0161o cilindras Hyundai dideliam ekskavatoriui R505LC-7"},"content":{"rendered":"<h1>Kau\u0161o cilindras Hyundai dideliam ekskavatoriui R505LC-7<\/h1>\n<h2>\u012evadas<\/h2>\n<p>\u201eHyundai Large Excavator R505LC-7\u201c kau\u0161o cilindras yra specialiai sukurtas hidraulinis cilindras, naudojamas valdyti kau\u0161o jud\u0117jim\u0105 sunkiosiose ma\u0161inose, tokiose kaip ekskavatoriai, ekskavatoriniai ekskavatoriai ir frontaliniai krautuvai. Pagrindin\u0117 jo funkcija \u2013 leisti kau\u0161ui pakilti, nuleisti ir pakreipti, kad b\u016bt\u0173 lengva atlikti \u012fvairias med\u017eiag\u0173 tvarkymo u\u017eduotis. Hidraulin\u0117je sistemoje kau\u0161o cilindras kontroliuoja tiksl\u0173 kau\u0161o jud\u0117jim\u0105 keisdamas hidraulin\u0117s alyvos sl\u0117g\u012f, leisdamas operatoriams efektyviai valdyti sunkius krovinius ir prisitaikyti prie sud\u0117tingos darbo aplinkos bei \u012fvairi\u0173 darbo reikalavim\u0173.<\/p>\n<p><img decoding=\"async\" src=\"https:\/\/www.hydraulic-cylinders.net\/wp-content\/uploads\/2025\/01\/songte-company-2.webp\" \/><\/p>\n<h3>Produkto savyb\u0117s<\/h3>\n<ul>\n<li><strong>Didelis stiprumas ir ilgaam\u017ei\u0161kumas:<\/strong> Paprastai i\u0161 didelio stiprumo plieno arba aliuminio pagamintas kau\u0161o cilindras gali atlaikyti auk\u0161t\u0105 sl\u0117g\u012f ir dideles apkrovas, prisitaikydamas prie at\u0161iauri\u0173 darbo s\u0105lyg\u0173. Jo konstrukcija atsi\u017evelgia \u012f atsparum\u0105 dilimui ir korozijai, taip pailgindama jo tarnavimo laik\u0105.<\/li>\n<li><strong>Efektyvus hidraulinis valdymas:<\/strong> Naudodamas hidraulin\u0117s alyvos sl\u0117g\u012f skland\u017eiam i\u0161st\u016bmimui ir \u012ftraukimui, kau\u0161o cilindras gali greitai reaguoti \u012f valdymo komandas, u\u017etikrindamas galingas st\u016bmimo ir traukimo j\u0117gas, tinkamas sunkiems kroviniams ir sud\u0117tingoms u\u017eduotims atlikti.<\/li>\n<li><strong>\u012evair\u016bs tipai:<\/strong> Kau\u0161o cilindr\u0105 galima pasirinkti kaip vienpusio veikimo (hidraulinis naudojamas viena kryptimi) arba dvipusio veikimo (hidraulinis naudojamas abiem kryptimis) cilindrus, atsi\u017evelgiant \u012f skirting\u0173 eksploatavimo reikalavim\u0173 tenkinim\u0105. Kai kurie modeliai yra teleskopiniai, tod\u0117l juos galima labiau i\u0161tiesti nedidinant i\u0161orini\u0173 matmen\u0173, tod\u0117l jie tinka naudoti ribotoje erdv\u0117je.<\/li>\n<li><strong>Puikus pakeitimas:<\/strong> M\u016bs\u0173 \u012fmon\u0117 gali gaminti \u0161\u012f produkt\u0105, o m\u016bs\u0173 produktai gali puikiai pakeisti \u0161iuos hidraulinius cilindrus.<\/li>\n<\/ul>\n<p><img decoding=\"async\" src=\"https:\/\/www.hydraulic-cylinders.net\/wp-content\/uploads\/2025\/01\/songte-cylinder-head-with-all-kinds-excavator-models.webp\" \/><\/p>\n<h3>Parai\u0161kos<\/h3>\n<p>Kau\u0161o cilindras turi daug pritaikym\u0173, \u012fskaitant:<\/p>\n<ul>\n<li><strong>Statybin\u0117 \u012franga:<\/strong> Ekskavatoriuose jie yra b\u016btini kasant, kraunant ir perkeliant grunt\u0105 ar \u0161iuk\u0161les. Ekskavatoriuose kau\u0161o cilindras padeda atlikti i\u0161kasimo ir k\u0117limo darbus. <\/li>\n<li><strong>\u017dem\u0117s \u016bkio technika:<\/strong> Naudojami frontaliniuose krautuvams, jie semia, kelia ir transportuoja dirvo\u017eem\u012f, \u0161ien\u0105 ir kitas med\u017eiagas. <\/li>\n<li><strong>Ekskavatoriai:<\/strong> Kau\u0161o cilindras leid\u017eia kau\u0161ui prasiskverbti \u012f dirv\u0105, kad b\u016bt\u0173 galima atlikti kasimo veiksmus.<\/li>\n<li><strong>Krautuvai:<\/strong> Priekiniuose krautuvuose jie padeda efektyviai pakelti ir i\u0161krauti krovin\u012f.<\/li>\n<\/ul>\n<h3>Projektavimo aspektai ir atrankos standartai<\/h3>\n<p>Kau\u0161o cilindras turi atitikti tam tikrus projektavimo ir parinkimo standartus, kad b\u016bt\u0173 u\u017etikrintas jo funkcionalumas ir saugumas. \u0160ie projektavimo aspektai apima:<\/p>\n<ul>\n<li><strong>Keliamoji galia:<\/strong> Kau\u0161o cilindras turi atlaikyti did\u017eiausi\u0105 \u012fmanom\u0105 apkrov\u0105.<\/li>\n<li><strong>Sandarinimo efektyvumas:<\/strong> Cilindras turi tur\u0117ti geras sandarinimo savybes, kad b\u016bt\u0173 i\u0161vengta alyvos nutek\u0117jimo ir apsaugota hidraulin\u0117 sistema.<\/li>\n<li><strong>Patvarumas:<\/strong> Kau\u0161o cilindras turi b\u016bti pagamintas i\u0161 patvari\u0173 med\u017eiag\u0173, kad b\u016bt\u0173 atsparus nusid\u0117v\u0117jimui ir i\u0161laikyt\u0173 savo eksploatacines savybes laikui b\u0117gant.<\/li>\n<li><strong>Saugumas:<\/strong> Balionas turi b\u016bti suprojektuotas taip, kad b\u016bt\u0173 i\u0161vengta nelaiming\u0173 atsitikim\u0173 ir u\u017etikrintas darbuotoj\u0173 bei \u012frangos saugumas.<\/li>\n<li><strong>Prie\u017ei\u016bra:<\/strong> Cilindras turi b\u016bti lengvai pri\u017ei\u016brimas, o jo komponentai turi b\u016bti lengvai pakei\u010diami.<\/li>\n<\/ul>\n<p><img decoding=\"async\" src=\"https:\/\/www.hydraulic-cylinders.net\/wp-content\/uploads\/2025\/01\/songte-oil-pipes-and-spare-parts.webp\" \/><\/p>\n<h3>Sandarinimas ir tepimas<\/h3>\n<p>Kau\u0161o cilindre naudojami \u012fvairi\u0173 tip\u0173 sandarikliai, pavyzd\u017eiui, st\u016bmokli\u0173 ir kot\u0173 sandarikliai, pagaminti i\u0161 atspari\u0173 dilimui med\u017eiag\u0173, toki\u0173 kaip poliuretanas ir nitrilo kau\u010diukas. Cilindro korpusas ir srieginiai galiniai pavir\u0161iai yra kruop\u0161\u010diai apdirbti, siekiant pagerinti atsparum\u0105 dilimui. Norint u\u017etikrinti skland\u0173 veikim\u0105, b\u016btina reguliariai tepti reikiamu kiekiu hidraulin\u0117s alyvos.<\/p>\n<h3>Prie\u017ei\u016bra ir remontas<\/h3>\n<p>Reguliarus techninis aptarnavimas ir prevencin\u0117s priemon\u0117s gali pad\u0117ti prailginti kau\u0161o cilindro tarnavimo laik\u0105. \u0160ios priemon\u0117s apima:<\/p>\n<ul>\n<li><strong>Reguliarus patikrinimas:<\/strong> Patikrinkite cilindr\u0105, ar n\u0117ra pa\u017eeidim\u0173, susid\u0117v\u0117jimo ir nuot\u0117kio.<\/li>\n<li><strong>Tepimas:<\/strong> Kad cilindras veikt\u0173 skland\u017eiai, prireikus u\u017etepkite tepalo.<\/li>\n<li><strong>Sandariklio keitimas ir kalibravimo patikrinimas:<\/strong> Pakeiskite susid\u0117v\u0117jusius arba pa\u017eeistus sandariklius ir patikrinkite cilindro kalibravim\u0105, kad u\u017etikrintum\u0117te optimal\u0173 veikim\u0105.<\/li>\n<\/ul>\n<h3>Saugos aspektai ir aplinkos veiksniai<\/h3>\n<p>Dirbant su hidrauliniais cilindrais, gyvybi\u0161kai svarbios saugos priemon\u0117s. Visada reikia pasir\u016bpinti tinkama saugos \u012franga ir apmokyti darbuotojus. Aplinkos veiksniai, tokie kaip temperat\u016bra ir dr\u0117gm\u0117, taip pat gali tur\u0117ti \u012ftakos cilindro veikimui, tod\u0117l \u012f juos reik\u0117t\u0173 atsi\u017evelgti.<\/p>\n<h3>Trik\u010di\u0173 \u0161alinimas ir da\u017eniausios problemos<\/h3>\n<p>Da\u017eniausios kau\u0161o cilindro problemos yra alyvos nuot\u0117kis, pa\u017eeisti sandarikliai ir l\u0117tas veikimas. Norint i\u0161spr\u0119sti \u0161ias problemas, reikia gerai suprasti cilindro konstrukcij\u0105 ir veikim\u0105, o konkre\u010dioms problemoms gali prireikti speciali\u0173 sprendim\u0173.<\/p>\n<p><img decoding=\"async\" src=\"https:\/\/www.hydraulic-cylinders.net\/wp-content\/uploads\/2025\/01\/songte-bushings-with-all-kinds-of-excavator-models.webp\" \/><\/p>\n<h3>Apie m\u016bs\u0173 \u012fmon\u0119<\/h3>\n<p>M\u016bs\u0173 \u012fmon\u0117 yra pirmaujanti hidraulini\u0173 cilindr\u0173 gamintoja ir didmenin\u0117 platintoja vidaus ir tarptautin\u0117se rinkose. Si\u016blome vis\u0105 hidraulini\u0173 cilindr\u0173 asortiment\u0105 ir vadovaujam\u0117s didelio efektyvumo, didelio tikslumo ir auk\u0161tos kokyb\u0117s principais, kad patenkintume \u012fvairius savo klient\u0173 poreikius. Turime modern\u0173 gamybos cech\u0105 ir pramonin\u0117s gamybos valdymo strategij\u0105, pagr\u012fst\u0105 puikia kokybe, pasitelkdami technologinius talentus, skaitmenin\u0119 auk\u0161\u010diausios klas\u0117s gamybos \u012frang\u0105 ir profesionalias testavimo sistemas.<\/p>\n<p>Taip pat si\u016blome individualiai pritaikytas paslaugas, o m\u016bs\u0173 produktai yra sertifikuoti tarptautiniu mastu d\u0117l kokyb\u0117s ir saugos. M\u016bs\u0173 \u012fmon\u0117 teikia i\u0161samias garantinio aptarnavimo paslaugas, \u012fskaitant dali\u0173 keitim\u0105 ir remonto paslaugas, kad u\u017etikrint\u0173 maksimal\u0173 m\u016bs\u0173 gamini\u0173 tarnavimo laik\u0105. <\/p>\n<p><img decoding=\"async\" src=\"https:\/\/hzpt.com\/wp-content\/uploads\/2024\/11\/songte-company-1.webp\" \/><\/p>\n<p>Autorius: lyl<\/p>","protected":false},"excerpt":{"rendered":"<p>Bucket Cylinder For Hyundai Large Excavator R505LC-7 Introduction The Bucket Cylinder for Hyundai Large Excavator R505LC-7 is a specially designed hydraulic cylinder used to control the movement of the bucket in heavy machinery such as excavators, backhoe excavators, and front-end loaders. Its main function is to enable the bucket to lift, lower and tilt, making [&hellip;]<\/p>","protected":false},"featured_media":14782,"comment_status":"open","ping_status":"closed","template":"","meta":{"_et_pb_use_builder":"","_et_pb_old_content":"","_et_gb_content_width":""},"product_brand":[],"product_cat":[1494],"product_tag":[1495,1496],"class_list":{"0":"post-15332","1":"product","2":"type-product","3":"status-publish","4":"has-post-thumbnail","6":"product_cat-bucket-cylinders","7":"product_tag-bucket-cylinders","8":"product_tag-hydraulic-cylinders","10":"first","11":"instock","12":"shipping-taxable","13":"product-type-simple"},"amp_enabled":true,"_links":{"self":[{"href":"https:\/\/www.hydraulic-cylinders.net\/lt\/wp-json\/wp\/v2\/product\/15332","targetHints":{"allow":["GET"]}}],"collection":[{"href":"https:\/\/www.hydraulic-cylinders.net\/lt\/wp-json\/wp\/v2\/product"}],"about":[{"href":"https:\/\/www.hydraulic-cylinders.net\/lt\/wp-json\/wp\/v2\/types\/product"}],"replies":[{"embeddable":true,"href":"https:\/\/www.hydraulic-cylinders.net\/lt\/wp-json\/wp\/v2\/comments?post=15332"}],"wp:featuredmedia":[{"embeddable":true,"href":"https:\/\/www.hydraulic-cylinders.net\/lt\/wp-json\/wp\/v2\/media\/14782"}],"wp:attachment":[{"href":"https:\/\/www.hydraulic-cylinders.net\/lt\/wp-json\/wp\/v2\/media?parent=15332"}],"wp:term":[{"taxonomy":"product_brand","embeddable":true,"href":"https:\/\/www.hydraulic-cylinders.net\/lt\/wp-json\/wp\/v2\/product_brand?post=15332"},{"taxonomy":"product_cat","embeddable":true,"href":"https:\/\/www.hydraulic-cylinders.net\/lt\/wp-json\/wp\/v2\/product_cat?post=15332"},{"taxonomy":"product_tag","embeddable":true,"href":"https:\/\/www.hydraulic-cylinders.net\/lt\/wp-json\/wp\/v2\/product_tag?post=15332"}],"curies":[{"name":"wp","href":"https:\/\/api.w.org\/{rel}","templated":true}]}}