{"id":15333,"date":"2025-01-19T14:23:52","date_gmt":"2025-01-19T14:23:52","guid":{"rendered":"https:\/\/www.hydraulic-cylinders.net\/product\/bucket-cylinder-for-hyundai-wheel-excavator-r60w-5\/"},"modified":"2025-01-19T14:23:54","modified_gmt":"2025-01-19T14:23:54","slug":"bucket-cylinder-for-hyundai-wheel-excavator-r60w-5","status":"publish","type":"product","link":"https:\/\/www.hydraulic-cylinders.net\/lt\/produktas\/bucket-cylinder-for-hyundai-wheel-excavator-r60w-5\/","title":{"rendered":"Kau\u0161o cilindras Hyundai ratiniam ekskavatoriui R60W-5"},"content":{"rendered":"<h1>Kau\u0161o cilindras Hyundai ratiniam ekskavatoriui R60W-5<\/h1>\n<h2>\u012evadas<\/h2>\n<p>\u201eHyundai\u201c ratinio ekskavatoriaus R60W-5 kau\u0161o cilindras yra specializuotas hidraulinis cilindras, skirtas valdyti kau\u0161o jud\u0117jim\u0105 sunkiojoje technikoje, tokioje kaip ekskavatoriai, ekskavatoriniai krautuvai ir frontaliniai krautuvai. Pagrindin\u0117 jo funkcija \u2013 leisti pakelti, nuleisti ir pakreipti kau\u0161\u0105, tod\u0117l jis tinka \u012fvairioms med\u017eiag\u0173 tvarkymo u\u017eduotims. Hidraulin\u0117je sistemoje kau\u0161o cilindras tiksliai valdo kau\u0161\u0105, naudodamas hidraulin\u0117s alyvos sl\u0117gio poky\u010dius, tod\u0117l operatoriai gali efektyviai valdyti sunkius krovinius ir prisitaikyti prie sud\u0117tingos darbo aplinkos bei \u012fvairi\u0173 darbo reikalavim\u0173.<\/p>\n<p><img decoding=\"async\" src=\"https:\/\/www.hydraulic-cylinders.net\/wp-content\/uploads\/2025\/01\/songte-company-2.webp\" alt=\"Kau\u0161o cilindro vaizdas\"><\/p>\n<h2>Savyb\u0117s<\/h2>\n<ul>\n<li><strong>Didelis stiprumas ir ilgaam\u017ei\u0161kumas:<\/strong> Paprastai i\u0161 didelio stiprumo plieno arba aliuminio pagamintas kau\u0161o cilindras gali atlaikyti auk\u0161t\u0105 sl\u0117g\u012f ir dideles apkrovas, prisitaikydamas prie at\u0161iauri\u0173 darbo s\u0105lyg\u0173. Konstrukcijoje atsi\u017evelgiama \u012f atsparum\u0105 dilimui ir korozijai, taip pailginant jo tarnavimo laik\u0105.<\/li>\n<li><strong>Efektyvus hidraulinis valdymas:<\/strong> Naudodamas hidraulin\u0117s alyvos sl\u0117g\u012f, kau\u0161o cilindras skland\u017eiai i\u0161siple\u010dia ir susitraukia, tod\u0117l greitai reaguoja \u012f valdymo komandas ir u\u017etikrina galingas st\u016bmimo bei traukimo j\u0117gas, tinkamas sunkiems kroviniams kelti ir sud\u0117tingoms u\u017eduotims atlikti.<\/li>\n<li><strong>\u012evair\u016bs tipai:<\/strong> Kau\u0161o cilindr\u0105 galima pasirinkti kaip vienpusio veikimo (hidraulinis sl\u0117gis naudojamas tik viena kryptimi) arba dvipusio veikimo (hidraulinis sl\u0117gis naudojamas abiem kryptimis) cilindrus, atsi\u017evelgiant \u012f konkre\u010dius eksploatacinius poreikius. Kai kurie modeliai yra teleskopiniai, tod\u0117l juos galima labiau prailginti nedidinant i\u0161orini\u0173 matmen\u0173, tod\u0117l jie tinka naudoti ribotoje erdv\u0117je.<\/li>\n<li><strong>Puikus pakeitimas:<\/strong> M\u016bs\u0173 gaminiai gali puikiai pakeisti \u0161iuos hidraulinius cilindrus, u\u017etikrindami t\u0105 pat\u012f funkcionalum\u0105 ir patikimum\u0105.<\/li>\n<\/ul>\n<p><img decoding=\"async\" src=\"https:\/\/www.hydraulic-cylinders.net\/wp-content\/uploads\/2025\/01\/songte-cylinder-head-with-all-kinds-excavator-models.webp\" alt=\"Hidraulinio cilindro vaizdas\"><\/p>\n<h2>Parai\u0161kos<\/h2>\n<p>\u201eHyundai R60W-5\u201c ratinio ekskavatoriaus kau\u0161o cilindras naudojamas \u012fvairioje statybos ir \u017eem\u0117s \u016bkio \u012frangoje:<\/p>\n<ul>\n<li><strong>Statybin\u0117 \u012franga:<\/strong> Jie yra gyvybi\u0161kai svarb\u016bs ekskavatoriams, nes padeda kasti, krauti ir perkelti \u017eem\u0119 ar \u0161iuk\u0161les. Ekskavatoriuose-krautuvuose kau\u0161o cilindras padeda tiek kasant, tiek keliant.<\/li>\n<li><strong>\u017dem\u0117s \u016bkio technika:<\/strong> Naudojami priekiniuose krautuvuose, jie palengvina dirvo\u017eemio, \u0161ieno ir kit\u0173 med\u017eiag\u0173 k\u0117lim\u0105, k\u0117lim\u0105 ir transportavim\u0105.<\/li>\n<li><strong>Ekskavatoriai:<\/strong> Kau\u0161o cilindras leid\u017eia atlikti kasimo veiksmus, leisdamas kau\u0161ui \u012fsiskverbti \u012f dirv\u0105.<\/li>\n<li><strong>Priekiniai krautuvai:<\/strong> Priekiniuose krautuvuose jie padeda efektyviai pakelti ir i\u0161krauti prekes.<\/li>\n<\/ul>\n<h2>Projektavimo aspektai ir atrankos kriterijai<\/h2>\n<p>Kalbant apie kau\u0161o cilindro konstrukcij\u0105, atsi\u017evelgiama \u012f kelis pagrindinius veiksnius ir atrankos kriterijus:<\/p>\n<ul>\n<li><strong>Keliamoji galia:<\/strong> Cilindras yra suprojektuotas taip, kad atlaikyt\u0173 maksimali\u0105 apkrov\u0105, su kuria jis susidurs eksploatacijos metu.<\/li>\n<li><strong>Sandarinimas:<\/strong> Naudojami \u012fvair\u016bs sandarinimo komponentai, tokie kaip st\u016bmokli\u0173 ir kot\u0173 sandarikliai, paprastai pagaminti i\u0161 atspari\u0173 dilimui med\u017eiag\u0173, toki\u0173 kaip poliuretanas ir nitrilo kau\u010diukas. Cilindro korpusas ir srieginiai galai yra kruop\u0161\u010diai apdorojami, siekiant padidinti atsparum\u0105 dilimui.<\/li>\n<li><strong>Patvarumas:<\/strong> Projektuojant daugiausia d\u0117mesio skiriama patvarumui, siekiant u\u017etikrinti, kad cilindras atlaikyt\u0173 nuolatin\u012f naudojim\u0105 ir sud\u0117tingas darbo s\u0105lygas.<\/li>\n<li><strong>Saugumas:<\/strong> Saugos aspektai apima nuot\u0117kio prevencij\u0105, tinkam\u0105 montavim\u0105 ir saugos \u012ftais\u0173 naudojim\u0105.<\/li>\n<li><strong>Prie\u017ei\u016bra:<\/strong> Lengva prieiga prie komponent\u0173 prie\u017ei\u016brai, remontui ir keitimui yra labai svarbi norint u\u017etikrinti kau\u0161o cilindro ilgaam\u017ei\u0161kum\u0105.<\/li>\n<\/ul>\n<p><img decoding=\"async\" src=\"https:\/\/www.hydraulic-cylinders.net\/wp-content\/uploads\/2025\/01\/songte-oil-pipes-and-spare-parts.webp\" alt=\"Hidraulinio cilindro komponent\u0173 vaizdas\"><\/p>\n<h2>Sandarinimas ir tepimas<\/h2>\n<p>Kau\u0161o cilindre naudojami \u012fvair\u016bs sandarinimo komponentai, tokie kaip st\u016bmokli\u0173 ir kot\u0173 sandarikliai, kurie pagaminti i\u0161 atspari\u0173 dilimui med\u017eiag\u0173, toki\u0173 kaip poliuretanas ir nitrilo kau\u010diukas. Cilindro korpusas ir srieginiai galai yra kruop\u0161\u010diai apdorojami, siekiant pagerinti atsparum\u0105 dilimui. Norint u\u017etikrinti skland\u0173 veikim\u0105 ir ilgaam\u017ei\u0161kum\u0105, b\u016btina reguliariai tepti tinkamu hidraulin\u0117s alyvos kiekiu.<\/p>\n<h2>Reguliarus patikrinimas ir prevencin\u0117 prie\u017ei\u016bra<\/h2>\n<p>Norint i\u0161laikyti optimal\u0173 na\u0161um\u0105 ir pailginti kau\u0161o cilindro tarnavimo laik\u0105, rekomenduojama reguliariai tikrinti ir atlikti profilaktin\u0119 prie\u017ei\u016br\u0105:<\/p>\n<ul>\n<li>Ap\u017ei\u016br\u0117kite cilindr\u0105, ar n\u0117ra susid\u0117v\u0117jimo, nuot\u0117kio ar pa\u017eeidimo po\u017eymi\u0173.<\/li>\n<li>Kad u\u017etikrintum\u0117te skland\u0173 veikim\u0105, naudokite tinkam\u0105 tepal\u0105.<\/li>\n<li>Reguliariai keiskite susid\u0117v\u0117jusius sandariklius ir atlikite kalibravimo patikrinimus.<\/li>\n<\/ul>\n<h2>Teisingas diegimo vadovas<\/h2>\n<p>Tinkamas montavimas yra labai svarbus kau\u0161o cilindro veikimui ir patikimumui. Laikykit\u0117s \u0161i\u0173 nurodym\u0173:<\/p>\n<ul>\n<li>Montavimo metu u\u017etikrinkite tinkam\u0105 cilindro sulygiavim\u0105.<\/li>\n<li>Cilindro tvirtinimui naudokite tinkamus tvirtinimo laikiklius.<\/li>\n<li>Laikykit\u0117s rekomenduojam\u0173 patikrinimo, remonto ir keitimo proced\u016br\u0173.<\/li>\n<li>Pateikite patarim\u0173, kaip prailginti cilindro tarnavimo laik\u0105.<\/li>\n<\/ul>\n<p><img decoding=\"async\" src=\"https:\/\/www.hydraulic-cylinders.net\/wp-content\/uploads\/2025\/01\/songte-chushion-collar.webp\" alt=\"Chushion apykakl\u0117s vaizdas\"><\/p>\n<h2>Saugos aspektai ir aplinkos veiksniai<\/h2>\n<p>Naudojant kau\u0161o cilindr\u0105, b\u016btina teikti pirmenyb\u0119 saugos priemon\u0117ms, kad b\u016bt\u0173 i\u0161vengta nelaiming\u0173 atsitikim\u0173 ar su\u017ealojim\u0173. Taip pat reik\u0117t\u0173 atsi\u017evelgti \u012f aplinkosaugos veiksnius, tokius kaip tinkamas atliek\u0173 \u0161alinimas ir atitinkam\u0173 taisykli\u0173 laikymasis.<\/p>\n<h2>Trik\u010di\u0173 \u0161alinimas ir da\u017eniausiai pasitaikan\u010dios problemos<\/h2>\n<p>\u0160tai keletas \u012fprast\u0173 kau\u0161o cilindro trik\u010di\u0173 \u0161alinimo patarim\u0173 ir sprendim\u0173:<\/p>\n<ul>\n<li>Pateikite rekomendacijas, kaip efektyviai diagnozuoti ir i\u0161spr\u0119sti problemas.<\/li>\n<li>Si\u016blykite prevencines priemones, kad suma\u017eintum\u0117te galimas problemas.<\/li>\n<\/ul>\n<p><img decoding=\"async\" src=\"https:\/\/www.hydraulic-cylinders.net\/wp-content\/uploads\/2025\/01\/songte-bushings-with-all-kinds-of-excavator-models.webp\" alt=\"\u012evori\u0173 vaizdas\"><\/p>\n<p>Nepamir\u0161kite straipsn\u012f strukt\u016brizuoti logi\u0161kai, naudoti paantra\u0161tes lengvam nar\u0161ymui, \u012ftraukti atitinkam\u0173 vaizd\u0173 ar diagram\u0173, kad b\u016bt\u0173 lengviau suprasti, ir u\u017etikrinti, kad turinys b\u016bt\u0173 ai\u0161kus, glaustas ir tinkamas skaitytojams, turintiems skirting\u0105 technini\u0173 \u017eini\u0173 lyg\u012f.<\/p>\n<h2>M\u016bs\u0173 \u012fmon\u0117<\/h2>\n<p>Esame pakaitini\u0173 hidraulini\u0173 cilindr\u0173 gamintojas, si\u016blantis plat\u0173 gamini\u0173 asortiment\u0105. B\u016bdami vieni i\u0161 pirmaujan\u010di\u0173 hidraulini\u0173 cilindr\u0173 gamintoj\u0173 ir didmenini\u0173 platintoj\u0173 vidaus ir tarptautin\u0117se rinkose, savo patobulintose gamybos dirbtuv\u0117se laikom\u0117s meistri\u0161kumo princip\u0173 ir remiam\u0117s pramonin\u0117s gamybos valdymo strategijomis. Tur\u0117dami techninius geb\u0117jimus, pa\u017eangi\u0105 skaitmenin\u0119 gamybos \u012frang\u0105 ir profesionalias testavimo sistemas, nuolat tobuliname savo gamybos platform\u0105, tobulindami gamybos proces\u0105, kad u\u017etikrintume gamini\u0173 kokyb\u0119. I\u0161ugd\u0117me stipr\u0173 k\u016brybin\u012f potencial\u0105, tenkinant\u012f \u012fvairius klient\u0173 poreikius dideliu efektyvumu, tikslumu ir kokybe.<\/p>\n<p><img decoding=\"async\" src=\"https:\/\/www.hydraulic-cylinders.net\/wp-content\/uploads\/2025\/01\/songte-company-3.webp\" alt=\"\u012emon\u0117s \u012fvaizdis\"><\/p>\n<ul>\n<li><strong>Specializacija:<\/strong> Specializuojam\u0117s hidraulini\u0173 cilindr\u0173 gamyboje ir teikiame individualias paslaugas.<\/li>\n<li><strong>Tarptautiniai sertifikatai:<\/strong> M\u016bs\u0173 \u012fmon\u0117 turi \u012fvairius tarptautinius sertifikatus, u\u017etikrinan\u010dius, kad m\u016bs\u0173 produktai atitikt\u0173 pasaulinius standartus.<\/li>\n<li><strong>Gamybos \u012franga:<\/strong> Turime moderniausi\u0105 gamybos \u012frang\u0105, u\u017etikrinan\u010di\u0105 auk\u0161t\u0105 gamybos kokyb\u0119.<\/li>\n<li><strong>Aptarnavimas po pardavimo:<\/strong> M\u016bs\u0173 \u012fmon\u0117 teikia i\u0161samias garantinio aptarnavimo paslaugas, u\u017etikrindama klient\u0173 pasitenkinim\u0105.<\/li>\n<\/ul>\n<p><img decoding=\"async\" src=\"https:\/\/hzpt.com\/wp-content\/uploads\/2024\/11\/songte-company-1.webp\" alt=\"\u012emon\u0117s \u012fvaizdis\"><\/p>\n<p>Autorius: lyl<\/p>","protected":false},"excerpt":{"rendered":"<p>Bucket Cylinder For Hyundai Wheel Excavator R60W-5 Introduction The bucket cylinder for Hyundai wheel excavator R60W-5 is a specialized hydraulic cylinder designed to control the movement of the bucket in heavy machinery such as excavators, backhoe loaders, and front-end loaders. Its main function is to enable the lifting, lowering, and tilting of the bucket, making [&hellip;]<\/p>","protected":false},"featured_media":14780,"comment_status":"open","ping_status":"closed","template":"","meta":{"_et_pb_use_builder":"","_et_pb_old_content":"","_et_gb_content_width":""},"product_brand":[],"product_cat":[1494],"product_tag":[1495,1496],"class_list":{"0":"post-15333","1":"product","2":"type-product","3":"status-publish","4":"has-post-thumbnail","6":"product_cat-bucket-cylinders","7":"product_tag-bucket-cylinders","8":"product_tag-hydraulic-cylinders","10":"first","11":"instock","12":"shipping-taxable","13":"product-type-simple"},"amp_enabled":true,"_links":{"self":[{"href":"https:\/\/www.hydraulic-cylinders.net\/lt\/wp-json\/wp\/v2\/product\/15333","targetHints":{"allow":["GET"]}}],"collection":[{"href":"https:\/\/www.hydraulic-cylinders.net\/lt\/wp-json\/wp\/v2\/product"}],"about":[{"href":"https:\/\/www.hydraulic-cylinders.net\/lt\/wp-json\/wp\/v2\/types\/product"}],"replies":[{"embeddable":true,"href":"https:\/\/www.hydraulic-cylinders.net\/lt\/wp-json\/wp\/v2\/comments?post=15333"}],"wp:featuredmedia":[{"embeddable":true,"href":"https:\/\/www.hydraulic-cylinders.net\/lt\/wp-json\/wp\/v2\/media\/14780"}],"wp:attachment":[{"href":"https:\/\/www.hydraulic-cylinders.net\/lt\/wp-json\/wp\/v2\/media?parent=15333"}],"wp:term":[{"taxonomy":"product_brand","embeddable":true,"href":"https:\/\/www.hydraulic-cylinders.net\/lt\/wp-json\/wp\/v2\/product_brand?post=15333"},{"taxonomy":"product_cat","embeddable":true,"href":"https:\/\/www.hydraulic-cylinders.net\/lt\/wp-json\/wp\/v2\/product_cat?post=15333"},{"taxonomy":"product_tag","embeddable":true,"href":"https:\/\/www.hydraulic-cylinders.net\/lt\/wp-json\/wp\/v2\/product_tag?post=15333"}],"curies":[{"name":"wp","href":"https:\/\/api.w.org\/{rel}","templated":true}]}}