{"id":15335,"date":"2025-01-19T14:24:00","date_gmt":"2025-01-19T14:24:00","guid":{"rendered":"https:\/\/www.hydraulic-cylinders.net\/product\/bucket-cylinder-for-hyundai-wheel-excavator-r210w-5-7\/"},"modified":"2025-01-19T14:24:02","modified_gmt":"2025-01-19T14:24:02","slug":"bucket-cylinder-for-hyundai-wheel-excavator-r210w-5-7","status":"publish","type":"product","link":"https:\/\/www.hydraulic-cylinders.net\/lt\/produktas\/bucket-cylinder-for-hyundai-wheel-excavator-r210w-5-7\/","title":{"rendered":"Kau\u0161o cilindras Hyundai ratiniam ekskavatoriui R210W-5-7"},"content":{"rendered":"<h1>Kau\u0161o cilindras Hyundai ratiniam ekskavatoriui R210W-5-7<\/h1>\n<h2>\u012evadas<\/h2>\n<p>\u201eHyundai R210W-5-7\u201c ratinio ekskavatoriaus kau\u0161o cilindras yra specialiai sukurtas hidraulinis cilindras, daugiausia naudojamas kau\u0161o jud\u0117jimui valdyti sunkiosiose ma\u0161inose, tokiose kaip ekskavatoriai, ekskavatoriniai krautuvai ir ratiniai krautuvai. Pagrindin\u0117 jo funkcija \u2013 leisti pakelti, nuleisti ir pakreipti kau\u0161\u0105, tod\u0117l jis idealiai tinka \u012fvairioms med\u017eiag\u0173 tvarkymo u\u017eduotims. Hidraulin\u0117je sistemoje kau\u0161o cilindras tiksliai valdo kau\u0161\u0105, naudodamas hidraulin\u0117s alyvos sl\u0117gio poky\u010dius, leisdamas operatoriams efektyviai valdyti sunkius krovinius ir prisitaikyti prie sud\u0117tingos darbo aplinkos bei \u012fvairi\u0173 eksploatavimo reikalavim\u0173.<\/p>\n<p><img decoding=\"async\" src=\"https:\/\/www.hydraulic-cylinders.net\/wp-content\/uploads\/2025\/01\/songte-company-2.webp\" alt=\"Kau\u0161o cilindro vaizdas\"><\/p>\n<h2>Savyb\u0117s<\/h2>\n<ul>\n<li><strong>Didelis stiprumas ir ilgaam\u017ei\u0161kumas:<\/strong> Paprastai pagamintas i\u0161 didelio stiprumo plieno arba aliuminio, jis gali atlaikyti didel\u012f sl\u0117g\u012f ir dideles apkrovas, prisitaikydamas prie at\u0161iauri\u0173 darbo s\u0105lyg\u0173. Konstrukcijoje atsi\u017evelgiama \u012f atsparum\u0105 dilimui ir korozijai, taip pailginant jo tarnavimo laik\u0105.<\/li>\n<li><strong>Efektyvus hidraulinis valdymas:<\/strong> Naudodamas hidraulin\u0117s alyvos sl\u0117g\u012f, jis pasiekia skland\u0173 i\u0161pl\u0117tim\u0105 ir atitraukim\u0105, u\u017etikrindamas greit\u0105 reakcij\u0105 \u012f valdymo komandas ir galingas st\u016bmimo bei traukimo j\u0117gas, tod\u0117l tinka sunkiems kroviniams kelti ir sud\u0117tingoms eksploatavimo u\u017eduotims atlikti.<\/li>\n<li><strong>\u012evair\u016bs tipai:<\/strong> Galima rinktis vienpusio veikimo (hidraulinis sl\u0117gis naudojamas tik viena kryptimi) arba dvipusio veikimo (hidraulinis sl\u0117gis naudojamas abiem kryptimis) variantus, tod\u0117l galima pritaikyti skirtingus eksploatacinius reikalavimus. Kai kurie modeliai yra teleskopiniai, tod\u0117l juos galima labiau prailginti nedidinant i\u0161orini\u0173 matmen\u0173, tod\u0117l jie tinka naudoti ribotoje erdv\u0117je.<\/li>\n<\/ul>\n<p><img decoding=\"async\" src=\"https:\/\/www.hydraulic-cylinders.net\/wp-content\/uploads\/2025\/01\/songte-cylinder-head-with-all-kinds-excavator-models.webp\" alt=\"Kau\u0161o cilindro vaizdas\"><\/p>\n<h2>Parai\u0161kos<\/h2>\n<p>\u201eHyundai R210W-5-7\u201c ratinio ekskavatoriaus kau\u0161o cilindras naudojamas \u012fvairiose pramon\u0117s \u0161akose, \u012fskaitant:<\/p>\n<ul>\n<li><strong>Statybin\u0117 \u012franga:<\/strong> Jie randami ekskavatoriuose ir yra labai svarb\u016bs kasant, kraunant ir judant med\u017eiagoms.<\/li>\n<li><strong>\u017dem\u0117s \u016bkio technika:<\/strong> Naudojamas priekiniuose krautuvuose dirvo\u017eemiui, \u0161ienui ir kitoms med\u017eiagoms kasti, kelti ir transportuoti.<\/li>\n<li><strong>Ekskavatoriai:<\/strong> Kau\u0161o cilindras leid\u017eia atlikti kasimo veiksmus, leisdamas kau\u0161ui \u012fsiskverbti \u012f dirv\u0105.<\/li>\n<li><strong>Ratiniai krautuvai:<\/strong> Priekiniuose krautuvuose jie padeda efektyviai pakelti ir i\u0161pilti prekes.<\/li>\n<\/ul>\n<h2>Projektavimo aspektai ir atrankos kriterijai<\/h2>\n<p>Projektuojant \u201eHyundai R210W-5-7\u201c ratinio ekskavatoriaus kau\u0161o cilindr\u0105, atsi\u017evelgiama \u012f kelis veiksnius ir atrankos kriterijus:<\/p>\n<ul>\n<li><strong>Keliamoji galia:<\/strong> Cilindras yra suprojektuotas taip, kad atlaikyt\u0173 numatyt\u0105 apkrov\u0105 ir sl\u0117g\u012f.<\/li>\n<li><strong>Sandarinimas:<\/strong> Siekiant u\u017etikrinti tinkam\u0105 sandarum\u0105 ir i\u0161vengti nuot\u0117kio, naudojami \u012fvair\u016bs sandarinimo komponentai, tokie kaip st\u016bmokli\u0173 ir stryp\u0173 sandarikliai.<\/li>\n<li><strong>Patvarumas:<\/strong> Cilindras pagamintas taip, kad atlaikyt\u0173 sunkiasvori\u0173 darb\u0173 s\u0105lygas ir b\u016bt\u0173 atsparus nusid\u0117v\u0117jimui.<\/li>\n<li><strong>Saugumas:<\/strong> \u012erengtos saugos funkcijos, skirtos i\u0161vengti nelaiming\u0173 atsitikim\u0173 ir u\u017etikrinti operatoriaus gerov\u0119 darbo metu.<\/li>\n<li><strong>Prie\u017ei\u016bra:<\/strong> \u0160i konstrukcija leid\u017eia lengvai pri\u017ei\u016br\u0117ti ir remontuoti, taip suma\u017einant prastov\u0173 laik\u0105.<\/li>\n<\/ul>\n<p><img decoding=\"async\" src=\"https:\/\/www.hydraulic-cylinders.net\/wp-content\/uploads\/2025\/01\/songte-oil-pipes-and-spare-parts.webp\" alt=\"Kau\u0161o cilindro vaizdas\"><\/p>\n<h2>Sandarinimas ir tepimas<\/h2>\n<p>\u201eHyundai R210W-5-7\u201c ratinio ekskavatoriaus kau\u0161o cilindre naudojami \u012fvair\u016bs sandarikliai, \u012fskaitant st\u016bmokli\u0173 ir stryp\u0173 sandariklius, pagamintus i\u0161 atspari\u0173 dilimui med\u017eiag\u0173, toki\u0173 kaip poliuretanas ir nitrilo kau\u010diukas. Cilindro korpusas ir srieginiai galai yra tiksliai apdorojami, siekiant padidinti atsparum\u0105 dilimui. Norint u\u017etikrinti skland\u0173 cilindro veikim\u0105 ir ilgaam\u017ei\u0161kum\u0105, b\u016btina reguliariai tepti tinkamu hidraulin\u0117s alyvos kiekiu.<\/p>\n<h2>Reguliarus patikrinimas ir prevencin\u0117 prie\u017ei\u016bra<\/h2>\n<p>Norint i\u0161laikyti optimal\u0173 na\u0161um\u0105, rekomenduojama reguliariai tikrinti ir atlikti profilaktin\u0119 prie\u017ei\u016br\u0105. Reik\u0117t\u0173 imtis \u0161i\u0173 priemoni\u0173:<\/p>\n<ul>\n<li>Ap\u017ei\u016br\u0117kite cilindr\u0105, ar n\u0117ra koki\u0173 nors pa\u017eeidimo ar susid\u0117v\u0117jimo po\u017eymi\u0173.<\/li>\n<li>U\u017etikrinkite tinkam\u0105 tepim\u0105 rekomenduojamais intervalais.<\/li>\n<li>Prireikus keiskite sandariklius ir tarpiklius, kad b\u016bt\u0173 u\u017etikrintas tinkamas sandarumas.<\/li>\n<li>Atlikite kalibravimo patikrinimus, kad patikrintum\u0117te cilindro veikim\u0105.<\/li>\n<\/ul>\n<p><img decoding=\"async\" src=\"https:\/\/www.hydraulic-cylinders.net\/wp-content\/uploads\/2025\/01\/songte-chushion-collar.webp\" alt=\"Kau\u0161o cilindro vaizdas\"><\/p>\n<h2>Saugos aspektai ir aplinkos veiksniai<\/h2>\n<p>Naudojant kau\u0161o cilindr\u0105 \u201eHyundai R210W-5-7\u201c ratiniam ekskavatoriui, labai svarbu teikti pirmenyb\u0119 saugos priemon\u0117ms. Tai apima tinkam\u0173 darbo proced\u016br\u0173 laikym\u0105si, tinkamos saugos \u012frangos naudojim\u0105 ir pramon\u0117s gairi\u0173 laikym\u0105si, siekiant suma\u017einti nelaiming\u0173 atsitikim\u0173 ar su\u017ealojim\u0173 rizik\u0105. Be to, reik\u0117t\u0173 atsi\u017evelgti \u012f aplinkosaugos aspektus, kad b\u016bt\u0173 u\u017etikrintas atitikimas reglamentams ir skatinama tvari praktika.<\/p>\n<h2>Trik\u010di\u0173 \u0161alinimas ir da\u017eniausiai pasitaikan\u010dios problemos<\/h2>\n<p>Kilus gedimams ar problemoms, \u0161ie trik\u010di\u0173 \u0161alinimo patarimai ir sprendimai gali pad\u0117ti diagnozuoti ir i\u0161spr\u0119sti problemas:<\/p>\n<ul>\n<li>Patikrinkite, ar hidraulin\u0117je sistemoje n\u0117ra nuot\u0117ki\u0173, ir nedelsdami juos sutvarkykite.<\/li>\n<li>Patikrinkite cilindr\u0105, ar n\u0117ra koki\u0173 nors pa\u017eeidim\u0173 ar nesuderinamumo po\u017eymi\u0173.<\/li>\n<li>U\u017etikrinkite tinkam\u0105 tepim\u0105 ir pakeiskite susid\u0117v\u0117jusius komponentus.<\/li>\n<\/ul>\n<p><img decoding=\"async\" src=\"https:\/\/www.hydraulic-cylinders.net\/wp-content\/uploads\/2025\/01\/songte-bushings-with-all-kinds-of-excavator-models.webp\" alt=\"Kau\u0161o cilindro vaizdas\"><\/p>\n<p>Nepamir\u0161kite straipsn\u012f strukt\u016brizuoti logi\u0161kai, naudoti paantra\u0161tes lengvam nar\u0161ymui, \u012ftraukti atitinkam\u0173 vaizd\u0173 ar diagram\u0173, kad b\u016bt\u0173 lengviau suprasti, ir u\u017etikrinti, kad turinys b\u016bt\u0173 ai\u0161kus, glaustas ir tinkamas skaitytojams, turintiems skirting\u0105 technini\u0173 \u017eini\u0173 lyg\u012f.<\/p>\n<h2>Apie m\u016bs\u0173 \u012fmon\u0119<\/h2>\n<p>Esame pakaitini\u0173 hidraulini\u0173 cilindr\u0173 gamintojas. Tur\u0117dami plat\u0173 gamini\u0173 asortiment\u0105, tapome vienu i\u0161 pirmaujan\u010di\u0173 hidraulini\u0173 cilindr\u0173 gamintoj\u0173 ir didmenini\u0173 platintoj\u0173 vidaus ir tarptautin\u0117se rinkose. Savo moderniose gamybos dirbtuv\u0117se laikom\u0117s kokyb\u0117s puikumo princip\u0173 ir remiam\u0117s industrializuoto gamybos valdymo strategijomis. D\u0117mes\u012f sutelkdami \u012f techninius talentus, pa\u017eangi\u0105 skaitmenin\u0119 gamybos \u012frang\u0105 ir profesionalias testavimo sistemas, nuolat tobuliname savo gamybos platform\u0105, tobuliname gamybos proces\u0105, kad u\u017etikrintume gamini\u0173 kokyb\u0119, ir pasi\u017eymime stipriu k\u016brybi\u0161kumu. Siekiame patenkinti \u012fvairius klient\u0173 poreikius, u\u017etikrindami auk\u0161t\u0105 efektyvum\u0105, tikslum\u0105 ir kokyb\u0119.<\/p>\n<p><img decoding=\"async\" src=\"https:\/\/www.hydraulic-cylinders.net\/wp-content\/uploads\/2025\/01\/songte-company-3.webp\" alt=\"\u012emon\u0117s \u012fvaizdis\"><\/p>\n<h3>Profesionalumas:<\/h3>\n<p>M\u016bs\u0173 \u012fmon\u0117 did\u017eiuojasi savo profesionalumu, tod\u0117l u\u017etikriname, kad kiekvienas m\u016bs\u0173 veiklos aspektas b\u016bt\u0173 atliekamas pagal auk\u0161\u010diausius standartus.<\/p>\n<h3>Tarptautiniai sertifikatai:<\/h3>\n<p>Turime \u012fvairius tarptautinius sertifikatus, rodan\u010dius m\u016bs\u0173 \u012fsipareigojim\u0105 kokybei ir atitikt\u012f pramon\u0117s standartams.<\/p>\n<h3>Pritaikymo paslaugos:<\/h3>\n<p>Si\u016blome individualias paslaugas, pritaikytas konkretiems klient\u0173 poreikiams, u\u017etikrindami, kad m\u016bs\u0173 produktai idealiai atitikt\u0173 j\u0173 reikalavimus.<\/p>\n<h3>Gamybos \u012frenginiai:<\/h3>\n<p>M\u016bs\u0173 gamyklos apr\u016bpintos moderniausia gamybos \u012franga, leid\u017eian\u010dia mums efektyviai gaminti auk\u0161tos kokyb\u0117s hidraulinius cilindrus.<\/p>\n<h3>Aptarnavimas po pardavimo:<\/h3>\n<p>Siekdami prailginti savo gamini\u0173 tarnavimo laik\u0105, teikiame i\u0161samias garantinio aptarnavimo paslaugas, \u012fskaitant detali\u0173 keitim\u0105 ir remont\u0105.<\/p>\n<p><center><\/p>\n<p><em>Autorius: lyl<\/em><\/p>\n<p><\/center><\/p>","protected":false},"excerpt":{"rendered":"<p>Bucket Cylinder For Hyundai Wheel Excavator R210W-5-7 Introduction The Bucket Cylinder for Hyundai Wheel Excavator R210W-5-7 is a specially designed hydraulic cylinder primarily used for controlling the movement of the bucket in heavy machinery such as excavators, backhoe loaders, and wheel loaders. Its main function is to enable the lifting, lowering, and tilting of the [&hellip;]<\/p>","protected":false},"featured_media":14776,"comment_status":"open","ping_status":"closed","template":"","meta":{"_et_pb_use_builder":"","_et_pb_old_content":"","_et_gb_content_width":""},"product_brand":[],"product_cat":[1494],"product_tag":[1495,1496],"class_list":{"0":"post-15335","1":"product","2":"type-product","3":"status-publish","4":"has-post-thumbnail","6":"product_cat-bucket-cylinders","7":"product_tag-bucket-cylinders","8":"product_tag-hydraulic-cylinders","10":"first","11":"instock","12":"shipping-taxable","13":"product-type-simple"},"amp_enabled":true,"_links":{"self":[{"href":"https:\/\/www.hydraulic-cylinders.net\/lt\/wp-json\/wp\/v2\/product\/15335","targetHints":{"allow":["GET"]}}],"collection":[{"href":"https:\/\/www.hydraulic-cylinders.net\/lt\/wp-json\/wp\/v2\/product"}],"about":[{"href":"https:\/\/www.hydraulic-cylinders.net\/lt\/wp-json\/wp\/v2\/types\/product"}],"replies":[{"embeddable":true,"href":"https:\/\/www.hydraulic-cylinders.net\/lt\/wp-json\/wp\/v2\/comments?post=15335"}],"wp:featuredmedia":[{"embeddable":true,"href":"https:\/\/www.hydraulic-cylinders.net\/lt\/wp-json\/wp\/v2\/media\/14776"}],"wp:attachment":[{"href":"https:\/\/www.hydraulic-cylinders.net\/lt\/wp-json\/wp\/v2\/media?parent=15335"}],"wp:term":[{"taxonomy":"product_brand","embeddable":true,"href":"https:\/\/www.hydraulic-cylinders.net\/lt\/wp-json\/wp\/v2\/product_brand?post=15335"},{"taxonomy":"product_cat","embeddable":true,"href":"https:\/\/www.hydraulic-cylinders.net\/lt\/wp-json\/wp\/v2\/product_cat?post=15335"},{"taxonomy":"product_tag","embeddable":true,"href":"https:\/\/www.hydraulic-cylinders.net\/lt\/wp-json\/wp\/v2\/product_tag?post=15335"}],"curies":[{"name":"wp","href":"https:\/\/api.w.org\/{rel}","templated":true}]}}