{"id":15340,"date":"2025-01-19T14:24:26","date_gmt":"2025-01-19T14:24:26","guid":{"rendered":"https:\/\/www.hydraulic-cylinders.net\/product\/bucket-cylinder-for-kobelco-small-excavator-sk135sr-2\/"},"modified":"2025-01-19T14:24:28","modified_gmt":"2025-01-19T14:24:28","slug":"bucket-cylinder-for-kobelco-small-excavator-sk135sr-2","status":"publish","type":"product","link":"https:\/\/www.hydraulic-cylinders.net\/lt\/produktas\/bucket-cylinder-for-kobelco-small-excavator-sk135sr-2\/","title":{"rendered":"Kau\u0161o cilindras Kobelco ma\u017eam ekskavatoriui SK135SR-2"},"content":{"rendered":"<h2>Kau\u0161o cilindras Kobelco ma\u017eam ekskavatoriui SK135SR-2<\/h2>\n<p>\u012evadas:<\/p>\n<p>Kau\u0161o cilindras yra specialiai sukurtas hidraulinis cilindras, naudojamas kau\u0161o jud\u0117jimui valdyti sunkiosiose ma\u0161inose, tokiose kaip ekskavatoriai, ekskavatoriniai krautuvai ir frontaliniai krautuvai. Pagrindin\u0117 jo funkcija \u2013 leisti kau\u0161ui pakilti, nuleisti ir pakreipti, tod\u0117l jis tinka \u012fvairioms med\u017eiag\u0173 tvarkymo u\u017eduotims. Hidraulin\u0117je sistemoje kau\u0161o cilindras naudoja hidraulin\u0117s alyvos sl\u0117gio poky\u010dius, kad tiksliai valdyt\u0173 kau\u0161\u0105, o tai leid\u017eia operatoriams efektyviai valdyti sunkius krovinius ir prisitaikyti prie sud\u0117tingos darbo aplinkos bei \u012fvairi\u0173 darbo reikalavim\u0173.<\/p>\n<p><img decoding=\"async\" src=\"https:\/\/www.hydraulic-cylinders.net\/wp-content\/uploads\/2025\/01\/songte-company-2.webp\" alt=\"Kau\u0161o cilindro vaizdas\"><\/p>\n<h3>Savyb\u0117s:<\/h3>\n<ol>\n<li>Didelis tvirtumas ir ilgaam\u017ei\u0161kumas: Paprastai i\u0161 didelio stiprumo plieno arba aliuminio pagamintas kau\u0161o cilindras gali atlaikyti didel\u012f sl\u0117g\u012f ir dideles apkrovas, prisitaikydamas prie at\u0161iauri\u0173 darbo s\u0105lyg\u0173. Jo konstrukcija atsi\u017evelgia \u012f atsparum\u0105 dilimui ir korozijai, taip pailgindama jo tarnavimo laik\u0105.<\/li>\n<li>Efektyvus hidraulinis veikimas: Naudodamas hidraulin\u0117s alyvos sl\u0117g\u012f, kau\u0161o cilindras skland\u017eiai i\u0161tiesia ir atitraukia kau\u0161\u0105, greitai reaguodamas \u012f valdymo komandas ir u\u017etikrindamas galingas st\u016bmimo bei traukimo j\u0117gas, tod\u0117l jis tinka sunkiems kroviniams ir sud\u0117tingoms u\u017eduotims atlikti.<\/li>\n<li>\u012evair\u016bs tipai: atsi\u017evelgiant \u012f konkre\u010dius eksploatacinius reikalavimus, kau\u0161o cilindr\u0105 galima pasirinkti kaip vienpusio veikimo (hidraulinis skystis naudojamas tik viena kryptimi) arba dvipusio veikimo (hidraulinis skystis naudojamas abiem kryptimis). Kai kurie modeliai yra teleskopiniai, tod\u0117l juos galima labiau i\u0161tiesti nedidinant i\u0161orini\u0173 matmen\u0173, tod\u0117l jie tinka naudoti ribotoje erdv\u0117je.<\/li>\n<li>Puikus pakeitimas: M\u016bs\u0173 gaminiai gali puikiai pakeisti \u0161iuos hidraulinius cilindrus. <\/li>\n<\/ol>\n<p><img decoding=\"async\" src=\"https:\/\/www.hydraulic-cylinders.net\/wp-content\/uploads\/2025\/01\/songte-cylinder-head-with-all-kinds-excavator-models.webp\" alt=\"Produkto pakeitimo paveiksl\u0117lis\"><\/p>\n<h3>Parai\u0161kos:<\/h3>\n<ul>\n<li>Statybin\u0117 \u012franga: ji randama ekskavatoriuose ir yra labai svarbi kasant, kraunant ir perkeliant grunt\u0105 ar \u0161iuk\u0161les. Ekskavatoriuose kau\u0161o cilindras padeda tiek kasti, tiek kelti.<\/li>\n<li>\u017dem\u0117s \u016bkio technika: naudojama priekiniuose krautuvuose dirvo\u017eemiui, \u0161ienui ir kitoms med\u017eiagoms kasti, kelti ir transportuoti.<\/li>\n<li>Ekskavatoriai: Kau\u0161o cilindras leid\u017eia atlikti kasimo veiksmus, leisdamas kau\u0161ui \u012fsiskverbti \u012f dirv\u0105.<\/li>\n<li>Krautuvai: Priekiniuose krautuvuose jie padeda efektyviai pakelti ir i\u0161krauti prekes.<\/li>\n<\/ul>\n<h3>Projektavimo aspektai ir atrankos kriterijai:<\/h3>\n<ul>\n<li>Keliamoji galia: Kau\u0161o cilindras turi b\u016bti suprojektuotas taip, kad atlaikyt\u0173 konkre\u010dius taikymo apkrovos reikalavimus.<\/li>\n<li>Sandarinimas: Siekiant u\u017etikrinti patikim\u0105 ir efektyv\u0173 veikim\u0105, naudojami \u012fvair\u016bs sandarinimo komponentai, tokie kaip st\u016bmokli\u0173 ir kot\u0173 sandarikliai. \u0160ie sandarikliai pagaminti i\u0161 atspari\u0173 dilimui med\u017eiag\u0173, toki\u0173 kaip poliuretanas ir nitrilo kau\u010diukas.<\/li>\n<li>Patvarumas: Cilindro korpusas ir srieginiai galai yra kruop\u0161\u010diai apdorojami, siekiant padidinti atsparum\u0105 dilimui.<\/li>\n<li>Sauga: Siekiant i\u0161vengti nelaiming\u0173 atsitikim\u0173, gali b\u016bti \u012frengtos tokios saugos priemon\u0117s kaip sl\u0117gio ma\u017einimo vo\u017etuvai ir fiksavimo mechanizmai.<\/li>\n<li>Prie\u017ei\u016bra: konstrukcija tur\u0117t\u0173 b\u016bti tokia, kad b\u016bt\u0173 lengva pri\u017ei\u016br\u0117ti ir remontuoti, o atsargin\u0117s dalys tur\u0117t\u0173 b\u016bti lengvai prieinamos.<\/li>\n<\/ul>\n<p><img decoding=\"async\" src=\"https:\/\/www.hydraulic-cylinders.net\/wp-content\/uploads\/2025\/01\/songte-oil-pipes-and-spare-parts.webp\" alt=\"Sandarinimo ir tepimo paveiksl\u0117lis\"><\/p>\n<h3>Sandarinimas ir tepimas:<\/h3>\n<p>Kau\u0161o cilindre naudojami \u012fvair\u016bs sandarinimo komponentai, \u012fskaitant st\u016bmoklio ir koto sandariklius. \u0160ie sandarikliai pagaminti i\u0161 atspari\u0173 dilimui med\u017eiag\u0173, toki\u0173 kaip poliuretanas ir nitrilo kau\u010diukas. Cilindro korpusas ir srieginiai galai yra kruop\u0161\u010diai apdorojami, siekiant pagerinti atsparum\u0105 dilimui. Norint u\u017etikrinti optimal\u0173 na\u0161um\u0105, reikia reguliariai tepti tinkama hidrauline alyva.<\/p>\n<h3>Reguliarus patikrinimas ir prevencin\u0117 prie\u017ei\u016bra:<\/h3>\n<ul>\n<li>Reguliariai tikrinkite cilindr\u0105, ar n\u0117ra susid\u0117v\u0117jimo, nuot\u0117kio ar pa\u017eeidim\u0173 po\u017eymi\u0173.<\/li>\n<li>U\u017etikrinkite tinkam\u0105 vis\u0173 judan\u010di\u0173 dali\u0173 sutepim\u0105.<\/li>\n<li>Reguliariai keiskite sandariklius, kad i\u0161laikytum\u0117te optimal\u0173 na\u0161um\u0105.<\/li>\n<li>Atlikite kalibravimo patikrinimus, kad u\u017etikrintum\u0117te tiksl\u0173 veikim\u0105.<\/li>\n<\/ul>\n<h3>Teisingas gaminio montavimas:<\/h3>\n<p>Tinkamas montavimas yra labai svarbus optimaliam kau\u0161o cilindro veikimui ir ilgaam\u017ei\u0161kumui. \u0160tai kelios gair\u0117s:<\/p>\n<ul>\n<li>Montavimo metu u\u017etikrinkite tinkam\u0105 cilindro sulygiavim\u0105.<\/li>\n<li>Cilindrui pritvirtinti naudokite tinkamus montavimo laikiklius.<\/li>\n<\/ul>\n<p><img decoding=\"async\" src=\"https:\/\/www.hydraulic-cylinders.net\/wp-content\/uploads\/2025\/01\/songte-chushion-collar.webp\" alt=\"Diegimo vaizdas\"><\/p>\n<h3>\u012eprastos prie\u017ei\u016bros u\u017eduotys:<\/h3>\n<p>Trys da\u017eniausios kau\u0161o cilindr\u0173 prie\u017ei\u016bros u\u017eduotys yra \u0161ios:<\/p>\n<ol>\n<li>Reguliarus patikrinimas: patikrinkite, ar cilindre n\u0117ra susid\u0117v\u0117jimo, nuot\u0117kio ar pa\u017eeidim\u0173 po\u017eymi\u0173.<\/li>\n<li>Tinkamas tepimas: \u012esitikinkite, kad visos judan\u010dios dalys yra tinkamai suteptos, kad suma\u017eintum\u0117te trint\u012f ir susid\u0117v\u0117jim\u0105.<\/li>\n<li>Tarpikli\u0173 keitimas: Reguliariai keiskite tarpiklius, kad i\u0161laikytum\u0117te optimal\u0173 veikim\u0105 ir i\u0161vengtum\u0117te nuot\u0117kio.<\/li>\n<\/ol>\n<p>Tinkamas montavimas, tepimas ir reguliavimas yra labai svarb\u016bs kau\u0161o cilindro ilgaam\u017ei\u0161kumui. Pateikus nurodymus, kaip teisingai sulygiuoti cilindr\u0105 ir naudoti tinkamus montavimo laikiklius, galima gerokai pagerinti jo na\u0161um\u0105. Taip pat rekomenduojama laikytis rekomenduojam\u0173 patikrinimo, remonto ir keitimo proced\u016br\u0173 bei pasinaudoti dali\u0173 keitimo ir remonto paslaugomis, kad pailgintum\u0117te kau\u0161o cilindro tarnavimo laik\u0105.<\/p>\n<p><img decoding=\"async\" src=\"https:\/\/www.hydraulic-cylinders.net\/wp-content\/uploads\/2025\/01\/songte-bushings-with-all-kinds-of-excavator-models.webp\" alt=\"Trik\u010di\u0173 \u0161alinimo ir prie\u017ei\u016bros paveiksl\u0117lis\"><\/p>\n<h3>Saugos aspektai ir aplinkos veiksniai:<\/h3>\n<p>Naudojant kau\u0161o cilindr\u0105, labai svarbu teikti pirmenyb\u0119 saugos priemon\u0117ms, kad b\u016bt\u0173 i\u0161vengta nelaiming\u0173 atsitikim\u0173 ir u\u017etikrinta saugi darbo aplinka. Reik\u0117t\u0173 laikytis saugos atsargumo priemoni\u0173, toki\u0173 kaip tinkamas mokymas, naudojimo gairi\u0173 laikymasis ir asmenini\u0173 apsaugos priemoni\u0173 naudojimas.<\/p>\n<h3>Trik\u010di\u0173 \u0161alinimas ir da\u017eniausiai pasitaikan\u010dios problemos:<\/h3>\n<p>\u0160tai keletas da\u017eniausiai pasitaikan\u010di\u0173 problem\u0173, susijusi\u0173 su cilindro siurbliu:<\/p>\n<ul>\n<li>Nuot\u0117kis: patikrinkite visus sandariklius ir jungtis, ar n\u0117ra nuot\u0117kio, ir pakeiskite visus susid\u0117v\u0117jusius ar pa\u017eeistus komponentus.<\/li>\n<li>L\u0117tas veikimas: patikrinkite, ar hidraulin\u0117je sistemoje n\u0117ra apribojim\u0173 arba nepakankamo sl\u0117gio, ir atitinkamai i\u0161spr\u0119skite problem\u0105.<\/li>\n<li>Nereguliarus jud\u0117jimas: patikrinkite, ar n\u0117ra kli\u016b\u010di\u0173 ar pa\u017eeist\u0173 komponent\u0173, kurie gali tur\u0117ti \u012ftakos skland\u017eiam cilindro veikimui.<\/li>\n<\/ul>\n<p>Pateikdami trik\u010di\u0173 \u0161alinimo patarimus ir sprendimus, skaitytojai gali veiksmingai diagnozuoti ir i\u0161spr\u0119sti problemas. Be to, si\u016blydami prevencines priemones galite suma\u017einti galimas problemas.<\/p>\n<p><img decoding=\"async\" src=\"https:\/\/www.hydraulic-cylinders.net\/wp-content\/uploads\/2025\/01\/songte-company-1.webp\" alt=\"\u012emon\u0117s \u012fvaizdis\"><\/p>\n<p>Nepamir\u0161kite straipsn\u012f strukt\u016brizuoti logi\u0161kai, naudoti paantra\u0161tes lengvam nar\u0161ymui, \u012ftraukti atitinkam\u0173 vaizd\u0173 ar diagram\u0173, kad b\u016bt\u0173 lengviau suprasti, ir u\u017etikrinti, kad turinys b\u016bt\u0173 ai\u0161kus, glaustas ir tinkamas skaitytojams, turintiems skirting\u0105 technini\u0173 \u017eini\u0173 lyg\u012f.<\/p>\n<h2>Apie m\u016bs\u0173 \u012fmon\u0119<\/h2>\n<p>Esame pakaitini\u0173 hidraulini\u0173 cilindr\u0173 gamintojas. M\u016bs\u0173 \u012fmon\u0117 si\u016blo plat\u0173 gamini\u0173 asortiment\u0105 ir tapo viena i\u0161 pirmaujan\u010di\u0173 hidraulini\u0173 cilindr\u0173 gamintoj\u0173 ir didmenini\u0173 platintoj\u0173 vidaus ir tarptautin\u0117se rinkose. Laikom\u0117s puikios kokyb\u0117s princip\u0173 ir savo patobulintose gamybos dirbtuv\u0117se remiam\u0117s industrializuotomis gamybos valdymo strategijomis.<\/p>\n<p><img decoding=\"async\" src=\"https:\/\/www.hydraulic-cylinders.net\/wp-content\/uploads\/2025\/01\/songte-company-3.webp\" alt=\"\u012emon\u0117s informacijos paveiksl\u0117lis\"><\/p>\n<h3>M\u016bs\u0173 \u012fmon\u0117s akcentai:<\/h3>\n<ul>\n<li>Profesionalumas: Turime kvalifikuot\u0173 specialist\u0173 komand\u0105, atsidavusi\u0105 auk\u0161tos kokyb\u0117s produkt\u0173 ir paslaug\u0173 teikimui.<\/li>\n<li>Tarptautinis sertifikatas: M\u016bs\u0173 gaminiai atitinka tarptautinius standartus ir yra gav\u0119 atitinkamus sertifikatus.<\/li>\n<li>Individualaus pritaikymo paslaugos: Si\u016blome individualius sprendimus, pritaikytus konkretiems klient\u0173 reikalavimams.<\/li>\n<li>Pa\u017eangi gamybos \u012franga<br \/>","protected":false},"excerpt":{"rendered":"<p>Bucket Cylinder For Kobelco Small Excavator SK135SR-2 Introduction: The bucket cylinder is a specially designed hydraulic cylinder used to control the movement of the bucket in heavy machinery such as excavators, backhoe loaders, and front-end loaders. Its main function is to enable the bucket to lift, lower, and tilt, making it suitable for various material [&hellip;]<\/p>","protected":false},"featured_media":14762,"comment_status":"open","ping_status":"closed","template":"","meta":{"_et_pb_use_builder":"","_et_pb_old_content":"","_et_gb_content_width":""},"product_brand":[],"product_cat":[1494],"product_tag":[1495,1496],"class_list":{"0":"post-15340","1":"product","2":"type-product","3":"status-publish","4":"has-post-thumbnail","6":"product_cat-bucket-cylinders","7":"product_tag-bucket-cylinders","8":"product_tag-hydraulic-cylinders","10":"first","11":"instock","12":"shipping-taxable","13":"product-type-simple"},"amp_enabled":true,"_links":{"self":[{"href":"https:\/\/www.hydraulic-cylinders.net\/lt\/wp-json\/wp\/v2\/product\/15340","targetHints":{"allow":["GET"]}}],"collection":[{"href":"https:\/\/www.hydraulic-cylinders.net\/lt\/wp-json\/wp\/v2\/product"}],"about":[{"href":"https:\/\/www.hydraulic-cylinders.net\/lt\/wp-json\/wp\/v2\/types\/product"}],"replies":[{"embeddable":true,"href":"https:\/\/www.hydraulic-cylinders.net\/lt\/wp-json\/wp\/v2\/comments?post=15340"}],"wp:featuredmedia":[{"embeddable":true,"href":"https:\/\/www.hydraulic-cylinders.net\/lt\/wp-json\/wp\/v2\/media\/14762"}],"wp:attachment":[{"href":"https:\/\/www.hydraulic-cylinders.net\/lt\/wp-json\/wp\/v2\/media?parent=15340"}],"wp:term":[{"taxonomy":"product_brand","embeddable":true,"href":"https:\/\/www.hydraulic-cylinders.net\/lt\/wp-json\/wp\/v2\/product_brand?post=15340"},{"taxonomy":"product_cat","embeddable":true,"href":"https:\/\/www.hydraulic-cylinders.net\/lt\/wp-json\/wp\/v2\/product_cat?post=15340"},{"taxonomy":"product_tag","embeddable":true,"href":"https:\/\/www.hydraulic-cylinders.net\/lt\/wp-json\/wp\/v2\/product_tag?post=15340"}],"curies":[{"name":"wp","href":"https:\/\/api.w.org\/{rel}","templated":true}]}}