{"id":15342,"date":"2025-01-19T14:24:34","date_gmt":"2025-01-19T14:24:34","guid":{"rendered":"https:\/\/www.hydraulic-cylinders.net\/product\/bucket-cylinder-for-kobelco-small-excavator-sk45\/"},"modified":"2025-01-19T14:24:36","modified_gmt":"2025-01-19T14:24:36","slug":"bucket-cylinder-for-kobelco-small-excavator-sk45","status":"publish","type":"product","link":"https:\/\/www.hydraulic-cylinders.net\/lt\/produktas\/bucket-cylinder-for-kobelco-small-excavator-sk45\/","title":{"rendered":"Kau\u0161o cilindras Kobelco ma\u017eam ekskavatoriui SK45"},"content":{"rendered":"<h1>Kau\u0161o cilindras Kobelco ma\u017eam ekskavatoriui SK45<\/h1>\n<h2>\u012evadas<\/h2>\n<p>Kau\u0161o cilindras, skirtas \u201eKobelco\u201c ma\u017eajam ekskavatoriui SK45, yra specializuotas hidraulinis cilindras, naudojamas valdyti kau\u0161o jud\u0117jim\u0105 sunkiojoje technikoje, tokioje kaip ekskavatoriai, ekskavatoriniai krautuvai ir frontaliniai krautuvai. Jo pagrindin\u0117 funkcija yra pakelti, nuleisti ir pakreipti kau\u0161\u0105, kad b\u016bt\u0173 lengviau atlikti \u012fvairias med\u017eiag\u0173 tvarkymo u\u017eduotis. Hidraulin\u0117je sistemoje kau\u0161o cilindras valdo tiksl\u0173 kau\u0161o jud\u0117jim\u0105 naudodamas hidraulin\u0117s alyvos sl\u0117g\u012f, leisdamas operatoriui efektyviai valdyti sunkius krovinius ir prisitaikyti prie sud\u0117tingos darbo aplinkos bei \u012fvairi\u0173 darbo reikalavim\u0173.<\/p>\n<p><img decoding=\"async\" src=\"https:\/\/www.hydraulic-cylinders.net\/wp-content\/uploads\/2025\/01\/songte-company-2.webp\"><\/p>\n<h2>Savyb\u0117s<\/h2>\n<ul>\n<li>Didelis tvirtumas ir ilgaam\u017ei\u0161kumas: Paprastai pagamintas i\u0161 didelio stiprumo plieno arba aliuminio, jis gali atlaikyti didel\u012f sl\u0117g\u012f ir dideles apkrovas, prisitaikydamas prie at\u0161iauri\u0173 darbo s\u0105lyg\u0173. Jis suprojektuotas atsi\u017evelgiant \u012f atsparum\u0105 dilimui ir korozijai, taip prailginant jo tarnavimo laik\u0105.<\/li>\n<li>Efektyvus hidraulinis valdymas: Sklandus i\u0161pl\u0117timas ir \u012ftraukimas pasiekiamas naudojant hidraulin\u0117s alyvos sl\u0117g\u012f, tod\u0117l galima greitai reaguoti \u012f valdymo komandas, u\u017etikrinant galingas st\u016bmimo ir traukimo j\u0117gas, tinkamas sunkiems kroviniams kelti ir sud\u0117tingoms u\u017eduotims atlikti.<\/li>\n<li>\u012evair\u016bs tipai: pagal reikalavimus, kad b\u016bt\u0173 patenkinti skirtingi eksploatavimo poreikiai, galima pasirinkti vienpusio veikimo (hidraulinis mechanizmas naudojamas tik viena kryptimi) arba dvipusio veikimo (hidraulinis mechanizmas naudojamas abiem kryptimis) cilindrus. Kai kurie modeliai yra teleskopiniai, tod\u0117l juos galima labiau prailginti nedidinant i\u0161orinio dyd\u017eio, tod\u0117l jie tinka naudoti ribotoje erdv\u0117je.<\/li>\n<li>Puikus pakeitimas: m\u016bs\u0173 gaminiai gali puikiai pakeisti \u0161iuos hidraulinius cilindrus.<\/li>\n<\/ul>\n<p><img decoding=\"async\" src=\"https:\/\/www.hydraulic-cylinders.net\/wp-content\/uploads\/2025\/01\/songte-cylinder-head-with-all-kinds-excavator-models.webp\"><\/p>\n<h2>Parai\u0161kos<\/h2>\n<p>Kobelco ma\u017eo ekskavatoriaus SK45 kau\u0161o cilindras yra pla\u010diai naudojamas \u012fvairiose sunkiosiose ma\u0161inose, tokiose kaip:<\/p>\n<ul>\n<li>Statybin\u0117 \u012franga: Ekskavatoriams b\u016btina kasti, krauti ir perkelti grunt\u0105 ar \u0161iuk\u0161les. Ekskavatoriuose kau\u0161o cilindras padeda ir kasti, ir kelti. <\/li>\n<li>\u017dem\u0117s \u016bkio technika: naudojama frontaliniuose krautuvuose dirvo\u017eemiui, \u0161ienui ir kitoms med\u017eiagoms kasti, kelti ir transportuoti. Ekskavatoriuose kau\u0161o cilindras leid\u017eia kasti, leisdamas kau\u0161ui \u012fsiskverbti \u012f dirv\u0105. Frontaliniuose krautuvuose jie padeda efektyviai kelti ir i\u0161versti krovin\u012f.<\/li>\n<\/ul>\n<h2>Projektavimo aspektai ir atrankos standartai<\/h2>\n<ul>\n<li>Keliamoji galia: Kau\u0161o cilindras turi b\u016bti suprojektuotas taip, kad atlaikyt\u0173 auk\u0161t\u0105 sl\u0117g\u012f ir dideles apkrovas.<\/li>\n<li>Sandarinimas: Reik\u0117t\u0173 naudoti \u012fvairius sandarinimo komponentus, tokius kaip st\u016bmokli\u0173 ir stryp\u0173 sandarikliai, ir jie tur\u0117t\u0173 b\u016bti pagaminti i\u0161 atspari\u0173 dilimui med\u017eiag\u0173, toki\u0173 kaip poliuretanas ir nitrilo kau\u010diukas.<\/li>\n<li>Patvarumas: Cilindro korpusas ir srieginis galinis pavir\u0161ius turi b\u016bti kruop\u0161\u010diai apdoroti, kad b\u016bt\u0173 padidintas atsparumas dilimui. <\/li>\n<li>Sauga: Kau\u0161o cilindras tur\u0117t\u0173 b\u016bti suprojektuotas atsi\u017evelgiant \u012f saugum\u0105, su saugos mechanizmais, tokiais kaip sl\u0117gio ma\u017einimo vo\u017etuvai, ir tinkama apsauga aplink judan\u010dias dalis, kad b\u016bt\u0173 i\u0161vengta su\u017ealojim\u0173. <\/li>\n<li>Prie\u017ei\u016bra: Cilindras turi b\u016bti suprojektuotas taip, kad j\u012f b\u016bt\u0173 lengva surinkti ir i\u0161ardyti, su lengvai kei\u010diamomis dalimis ir lengvai valomais pavir\u0161iais, kad b\u016bt\u0173 lengviau pri\u017ei\u016br\u0117ti.<\/li>\n<\/ul>\n<p><img decoding=\"async\" src=\"https:\/\/www.hydraulic-cylinders.net\/wp-content\/uploads\/2025\/01\/songte-oil-pipes-and-spare-parts.webp\"><\/p>\n<h2>Sandarinimas ir tepimas<\/h2>\n<p>Kau\u0161o cilindre tur\u0117t\u0173 b\u016bti naudojami \u012fvair\u016bs sandarinimo komponentai, tokie kaip st\u016bmoklio ir koto sandarikliai, pagaminti i\u0161 atspari\u0173 dilimui med\u017eiag\u0173, toki\u0173 kaip poliuretanas ir nitrilo kau\u010diukas. Norint palaikyti ger\u0105 cilindro darbin\u0119 b\u016bkl\u0119, reikia reguliariai tepti atitinkamu kiekiu hidraulin\u0117s alyvos.<\/p>\n<h2>Prie\u017ei\u016bra ir remontas<\/h2>\n<p>Reguliarus patikrinimas, tinkamas tepimas ir savalaikis susid\u0117v\u0117jusi\u0173 tarpikli\u0173 keitimas yra vienos i\u0161 \u012fprast\u0173 prie\u017ei\u016bros u\u017eduo\u010di\u0173. Tinkamas montavimas, tepimas ir reguliavimas yra labai svarb\u016bs norint naudoti \u201eKobelco\u201c ma\u017eojo ekskavatoriaus SK45 kau\u0161o cilindr\u0105.<\/p>\n<ul>\n<li>Reguliarus patikrinimas: Norint u\u017etikrinti, kad cilindras b\u016bt\u0173 geros darbin\u0117s b\u016bkl\u0117s, reikia reguliariai j\u012f ap\u017ei\u016br\u0117ti, o susid\u0117v\u0117jusias dalis nedelsiant pakeisti.<\/li>\n<li>Tinkamas tepimas: Tepimas tur\u0117t\u0173 b\u016bti atliekamas reguliariai, kad cilindras veikt\u0173 skland\u017eiai. <\/li>\n<li>Tarpikli\u0173 keitimas ir kalibravimo patikrinimas: susid\u0117v\u0117jusius tarpiklius reikia nedelsiant pakeisti, kad b\u016bt\u0173 i\u0161vengta alyvos nuot\u0117kio. Kalibravimas tur\u0117t\u0173 b\u016bti atliekamas periodi\u0161kai, siekiant u\u017etikrinti, kad kau\u0161o cilindras veikt\u0173 tinkamai. <\/li>\n<\/ul>\n<p><img decoding=\"async\" src=\"https:\/\/www.hydraulic-cylinders.net\/wp-content\/uploads\/2025\/01\/songte-chushion-collar.webp\"><\/p>\n<h2>Saugos aspektai ir aplinkos veiksniai<\/h2>\n<p>Naudojant kau\u0161o cilindr\u0105, reikia imtis saugos priemoni\u0173, kad b\u016bt\u0173 i\u0161vengta su\u017ealojim\u0173. B\u016btina laikytis gamintojo nurodym\u0173 d\u0117l \u012frengimo, naudojimo, prie\u017ei\u016bros ir remonto, kad b\u016bt\u0173 u\u017etikrintas operatoriaus ir kit\u0173 darbuotoj\u0173 saugumas. Renkantis ir naudojant kau\u0161o cilindr\u0105, taip pat reik\u0117t\u0173 atsi\u017evelgti \u012f aplinkos veiksnius, tokius kaip temperat\u016bra ir dr\u0117gm\u0117.<\/p>\n<h2>Trik\u010di\u0173 \u0161alinimas ir da\u017eniausios problemos<\/h2>\n<p>Da\u017eniausios kau\u0161o cilindro problemos yra alyvos nuot\u0117kis, l\u0117tas veikimas ir suma\u017e\u0117j\u0119s na\u0161umas. Labai svarbu teisingai diagnozuoti problem\u0105 ir imtis tinkam\u0173 priemoni\u0173 jai i\u0161spr\u0119sti. Patartina pasikonsultuoti su gamintoju arba kvalifikuotu techniku, kad i\u0161spr\u0119st\u0173 visas problemas.<\/p>\n<ul>\n<li>Alyvos nuot\u0117kis: patikrinkite sandarikl\u012f ir, jei reikia, pakeiskite j\u012f. \u012esitikinkite, kad cilindras \u0161varus ir be \u0161iuk\u0161li\u0173.<\/li>\n<li>L\u0117tas veikimas: patikrinkite hidraulin\u0117s alyvos lyg\u012f ir kokyb\u0119. Jei reikia, pakeiskite alyv\u0105. patikrinkite, ar hidraulin\u0117je sistemoje n\u0117ra u\u017esikim\u0161im\u0173 ar pa\u017eeidim\u0173. <\/li>\n<li>Suma\u017e\u0117j\u0119s na\u0161umas: patikrinkite, ar cilindras nepa\u017eeistas ar nenusid\u0117v\u0117j\u0119s. Jei reikia, pakeiskite dalis.<\/li>\n<\/ul>\n<p><img decoding=\"async\" src=\"https:\/\/www.hydraulic-cylinders.net\/wp-content\/uploads\/2025\/01\/songte-bushings-with-all-kinds-of-excavator-models.webp\"><\/p>\n<h2>Apie m\u016bs\u0173 \u012fmon\u0119<\/h2>\n<p>Esame pirmaujanti hidraulini\u0173 cilindr\u0173 gamintoja ir didmenin\u0117 platintoja vidaus ir tarptautin\u0117se rinkose. M\u016bs\u0173 \u012fmon\u0117 si\u016blo vis\u0105 hidraulini\u0173 cilindr\u0173 asortiment\u0105, laikosi puikios kokyb\u0117s principo ir nuolat gerina gamini\u0173 kokyb\u0119 bei gamybos efektyvum\u0105. M\u016bs\u0173 gaminius gamina profesional\u0173 komanda, naudodama moderniausi\u0105 \u012frang\u0105, daugiausia d\u0117mesio skirdama individualiam pritaikymui ir klient\u0173 pasitenkinimui.<\/p>\n<ul>\n<li>Profesionalumas: Turime specialist\u0173 komand\u0105, turin\u010di\u0105 ilgamet\u0119 patirt\u012f hidraulini\u0173 cilindr\u0173 in\u017einerijoje ir gamyboje. <\/li>\n<li>Tarptautinis sertifikatas: M\u016bs\u0173 gaminiai turi tarptautinius sertifikatus, tokius kaip ISO9001 ir CE.<\/li>\n<li>Pritaikymas: Si\u016blome pritaikymo paslaugas, kad patenkintume konkre\u010dius klient\u0173 poreikius.<\/li>\n<li>Gamybos \u012franga: Turime pa\u017eangi\u0105 gamybos \u012frang\u0105, kad u\u017etikrintume auk\u0161\u010diausius m\u016bs\u0173 gamini\u0173 kokyb\u0117s standartus. <\/li>\n<li>Aptarnavimas po pardavimo: Siekdami u\u017etikrinti klient\u0173 pasitenkinim\u0105 ir produkto na\u0161um\u0105, si\u016blome i\u0161samias aptarnavimo po pardavimo paslaugas.<\/li>\n<\/ul>\n<p><img decoding=\"async\" src=\"https:\/\/hzpt.com\/wp-content\/uploads\/2024\/11\/songte-company-1.webp\"><\/p>\n<p><em>Autorius: lyl<\/em><\/p>","protected":false},"excerpt":{"rendered":"<p>Bucket Cylinder For Kobelco Small Excavator SK45 Introduction A bucket cylinder for Kobelco small excavator SK45 is a specialized hydraulic cylinder used to control the movement of the bucket in heavy machinery such as excavators, backhoe loaders, and front loaders. Its main function is to lift, lower, and tilt the bucket, making it easier to [&hellip;]<\/p>","protected":false},"featured_media":14789,"comment_status":"open","ping_status":"closed","template":"","meta":{"_et_pb_use_builder":"","_et_pb_old_content":"","_et_gb_content_width":""},"product_brand":[],"product_cat":[1494],"product_tag":[1495,1496],"class_list":{"0":"post-15342","1":"product","2":"type-product","3":"status-publish","4":"has-post-thumbnail","6":"product_cat-bucket-cylinders","7":"product_tag-bucket-cylinders","8":"product_tag-hydraulic-cylinders","10":"first","11":"instock","12":"shipping-taxable","13":"product-type-simple"},"amp_enabled":true,"_links":{"self":[{"href":"https:\/\/www.hydraulic-cylinders.net\/lt\/wp-json\/wp\/v2\/product\/15342","targetHints":{"allow":["GET"]}}],"collection":[{"href":"https:\/\/www.hydraulic-cylinders.net\/lt\/wp-json\/wp\/v2\/product"}],"about":[{"href":"https:\/\/www.hydraulic-cylinders.net\/lt\/wp-json\/wp\/v2\/types\/product"}],"replies":[{"embeddable":true,"href":"https:\/\/www.hydraulic-cylinders.net\/lt\/wp-json\/wp\/v2\/comments?post=15342"}],"wp:featuredmedia":[{"embeddable":true,"href":"https:\/\/www.hydraulic-cylinders.net\/lt\/wp-json\/wp\/v2\/media\/14789"}],"wp:attachment":[{"href":"https:\/\/www.hydraulic-cylinders.net\/lt\/wp-json\/wp\/v2\/media?parent=15342"}],"wp:term":[{"taxonomy":"product_brand","embeddable":true,"href":"https:\/\/www.hydraulic-cylinders.net\/lt\/wp-json\/wp\/v2\/product_brand?post=15342"},{"taxonomy":"product_cat","embeddable":true,"href":"https:\/\/www.hydraulic-cylinders.net\/lt\/wp-json\/wp\/v2\/product_cat?post=15342"},{"taxonomy":"product_tag","embeddable":true,"href":"https:\/\/www.hydraulic-cylinders.net\/lt\/wp-json\/wp\/v2\/product_tag?post=15342"}],"curies":[{"name":"wp","href":"https:\/\/api.w.org\/{rel}","templated":true}]}}