{"id":15344,"date":"2025-01-19T14:24:42","date_gmt":"2025-01-19T14:24:42","guid":{"rendered":"https:\/\/www.hydraulic-cylinders.net\/product\/bucket-cylinder-for-kobelco-small-excavator-sk75-8\/"},"modified":"2025-01-19T14:24:44","modified_gmt":"2025-01-19T14:24:44","slug":"bucket-cylinder-for-kobelco-small-excavator-sk75-8","status":"publish","type":"product","link":"https:\/\/www.hydraulic-cylinders.net\/lt\/produktas\/bucket-cylinder-for-kobelco-small-excavator-sk75-8\/","title":{"rendered":"Kau\u0161o cilindras Kobelco ma\u017eam ekskavatoriui SK75-8"},"content":{"rendered":"<h2>Kau\u0161o cilindras Kobelco ma\u017eam ekskavatoriui SK75-8<\/h2>\n<p>\u012evadas:<\/p>\n<p>Kau\u0161o cilindras yra specialiai sukurtas hidraulinis cilindras, naudojamas valdyti kau\u0161o jud\u0117jim\u0105 sunkiosiose ma\u0161inose, tokiose kaip ekskavatoriai, ekskavatoriniai krautuvai ir frontaliniai krautuvai. Pagrindin\u0117 jo funkcija \u2013 leisti kau\u0161ui pakilti, nuleisti ir pakreipti, kad b\u016bt\u0173 lengviau atlikti \u012fvairias med\u017eiag\u0173 tvarkymo u\u017eduotis. Hidraulin\u0117je sistemoje kau\u0161o cilindras tiksliai valdo kau\u0161\u0105, naudodamas hidraulin\u0117s alyvos sl\u0117gio poky\u010dius, tod\u0117l operatoriai gali efektyviai valdyti sunkius krovinius ir prisitaikyti prie sud\u0117tingos darbo aplinkos bei \u012fvairi\u0173 eksploatacini\u0173 poreiki\u0173.<\/p>\n<p><img decoding=\"async\" src=\"https:\/\/www.hydraulic-cylinders.net\/wp-content\/uploads\/2025\/01\/songte-company-2.webp\" alt=\"Kau\u0161o cilindras Kobelco ma\u017eam ekskavatoriui SK75-8\" \/><\/p>\n<h3>Savyb\u0117s:<\/h3>\n<ul>\n<li><strong>Didelis stiprumas ir ilgaam\u017ei\u0161kumas:<\/strong> Paprastai i\u0161 didelio stiprumo plieno arba aliuminio pagamintas kau\u0161o cilindras gali atlaikyti didel\u012f sl\u0117g\u012f ir dideles apkrovas, prisitaikydamas prie at\u0161iauri\u0173 darbo s\u0105lyg\u0173. Jo konstrukcija atsi\u017evelg\u0117 \u012f atsparum\u0105 dilimui ir korozijai, taip pailgindama jo tarnavimo laik\u0105.<\/li>\n<li><strong>Efektyvus hidraulinis valdymas:<\/strong> Naudodamas hidraulin\u0117s alyvos sl\u0117g\u012f, kau\u0161o cilindras u\u017etikrina skland\u0173 i\u0161pl\u0117tim\u0105 ir \u012ftraukim\u0105, greitai reaguodamas \u012f valdymo komandas ir u\u017etikrindamas galingas st\u016bmimo bei traukimo j\u0117gas, tinkamas sunkiems kroviniams kelti ir sud\u0117tingoms eksploatavimo u\u017eduotims atlikti.<\/li>\n<li><strong>\u012evair\u016bs tipai:<\/strong> Kau\u0161o cilindr\u0105 galima pasirinkti kaip vienpusio veikimo (hidraulin\u0117 sistema naudojama tik viena kryptimi) arba dvipusio veikimo (hidraulin\u0117 sistema naudojama abiem kryptimis), priklausomai nuo eksploatacini\u0173 reikalavim\u0173. Kai kurie modeliai yra teleskopiniai, tod\u0117l galima labiau prailginti nedidinant i\u0161orini\u0173 matmen\u0173, tod\u0117l idealiai tinka naudoti ribotoje erdv\u0117je.<\/li>\n<li><strong>Puikus pakeitimas:<\/strong> M\u016bs\u0173 gaminiai gali puikiai pakeisti \u0161iuos hidraulinius cilindrus.<\/li>\n<\/ul>\n<p><img decoding=\"async\" src=\"https:\/\/www.hydraulic-cylinders.net\/wp-content\/uploads\/2025\/01\/songte-cylinder-head-with-all-kinds-excavator-models.webp\" alt=\"Kau\u0161o cilindras Kobelco ma\u017eam ekskavatoriui SK75-8\" \/><\/p>\n<h3>Parai\u0161kos:<\/h3>\n<p>Kau\u0161o cilindras naudojamas \u012fvairiose ma\u0161inose, \u012fskaitant:<\/p>\n<ol>\n<li>Statybin\u0117 \u012franga: ekskavatoriuose ji yra b\u016btina kasant, kraunant ir perkeliant grunt\u0105 ar \u0161iuk\u0161les. Ekskavatoriuose-krautuvuose kau\u0161o cilindras padeda ir kasti, ir kelti.<\/li>\n<li>\u017dem\u0117s \u016bkio technika: naudojama priekiniuose krautuvuose dirvo\u017eemiui, \u0161ienui ir kitoms med\u017eiagoms kasti, kelti ir transportuoti.<\/li>\n<li>Ekskavatoriai: Kau\u0161o cilindras leid\u017eia kasti, leisdamas kau\u0161ui \u012fsiskverbti \u012f dirv\u0105.<\/li>\n<li>Krautuvai: Priekiniuose krautuvuose jie padeda efektyviai kelti ir pakreipti prekes.<\/li>\n<\/ol>\n<p>Kiekviena parai\u0161ka i\u0161samiau apra\u0161yta toliau:<\/p>\n<h3>Statybin\u0117 \u012franga:<\/h3>\n<p>Ekskavatoriuose kau\u0161o cilindras atlieka labai svarb\u0173 vaidmen\u012f kasant, kraunant ir perkeliant grunt\u0105 ar \u0161iuk\u0161les. Jis atsakingas u\u017e skland\u0173 kau\u0161o jud\u0117jim\u0105, leid\u017eiant\u012f efektyviai tvarkyti med\u017eiagas ir dirbti statybviet\u0117se.<\/p>\n<h3>\u017dem\u0117s \u016bkio technika:<\/h3>\n<p>Priekiniai krautuvai su kau\u0161o cilindrais da\u017eniausiai naudojami \u017eem\u0117s \u016bkio darbuose. Jie naudojami dirvo\u017eemiui, \u0161ienui ir kitoms med\u017eiagoms semti, kelti ir transportuoti, tod\u0117l yra nepakei\u010diami atliekant \u012fvairius \u016bkininkavimo darbus.<\/p>\n<h3>Ekskavatoriai:<\/h3>\n<p>Ekskavatori\u0173 kau\u0161o cilindras leid\u017eia kau\u0161ui prasiskverbti ir i\u0161kasti dirvo\u017eem\u012f, tod\u0117l tai yra esminis komponentas kasimo darbams statybose, kasyboje ir kitose pramon\u0117s \u0161akose.<\/p>\n<h3>Krautuvai:<\/h3>\n<p>Priekiniai krautuvai naudoja kau\u0161o cilindrus, kad palengvint\u0173 preki\u0173 k\u0117lim\u0105 ir pakreipim\u0105. \u0160ie cilindrai suteikia reikiam\u0105 j\u0117g\u0105 ir valdym\u0105, kad b\u016bt\u0173 galima efektyviai tvarkyti \u012fvairias med\u017eiagas.<\/p>\n<p><img decoding=\"async\" src=\"https:\/\/www.hydraulic-cylinders.net\/wp-content\/uploads\/2025\/01\/songte-oil-pipes-and-spare-parts.webp\" alt=\"Kau\u0161o cilindras Kobelco ma\u017eam ekskavatoriui SK75-8\" \/><\/p>\n<h3>Projektavimo aspektai ir atrankos kriterijai:<\/h3>\n<p>Projektuojant cilindro formos svirt\u012f, atsi\u017evelgiama \u012f kelis pagrindinius veiksnius:<\/p>\n<ul>\n<li><strong>Apkrovos paj\u0117gumas:<\/strong> Balionas turi atlaikyti numatomas apkrovas ir sl\u0117g\u012f, su kuriuo susidurs eksploatacijos metu.<\/li>\n<li><strong>Sandarinimas:<\/strong> Siekiant u\u017etikrinti tinkam\u0105 sandarum\u0105 ir i\u0161vengti hidraulinio skys\u010dio nuot\u0117kio, naudojami \u012fvair\u016bs sandarikliai, pavyzd\u017eiui, st\u016bmokli\u0173 ir stryp\u0173 sandarikliai.<\/li>\n<li><strong>Patvarumas:<\/strong> Cilindro komponentai ir pavir\u0161iai yra kruop\u0161\u010diai apdorojami, siekiant padidinti atsparum\u0105 dilimui ir ilgaam\u017ei\u0161kum\u0105.<\/li>\n<li><strong>Saugumas:<\/strong> \u012ediegtos saugos funkcijos, skirtos i\u0161vengti nelaiming\u0173 atsitikim\u0173 ir u\u017etikrinti saug\u0173 kau\u0161o cilindro veikim\u0105.<\/li>\n<li><strong>Prie\u017ei\u016bra:<\/strong> Atsi\u017evelgiama \u012f paprast\u0105 technin\u0119 prie\u017ei\u016br\u0105 ir remont\u0105, kad b\u016bt\u0173 galima efektyviai aptarnauti ir pailginti cilindro tarnavimo laik\u0105.<\/li>\n<\/ul>\n<p><img decoding=\"async\" src=\"https:\/\/www.hydraulic-cylinders.net\/wp-content\/uploads\/2025\/01\/songte-chushion-collar.webp\" alt=\"Kau\u0161o cilindras Kobelco ma\u017eam ekskavatoriui SK75-8\" \/><\/p>\n<h3>Sandarinimas ir tepimas:<\/h3>\n<p>Kau\u0161o cilindre naudojami \u012fvair\u016bs sandarinimo komponentai, tokie kaip st\u016bmokli\u0173 ir kot\u0173 sandarikliai, kurie pagaminti i\u0161 atspari\u0173 dilimui med\u017eiag\u0173, toki\u0173 kaip poliuretanas ir nitrilo kau\u010diukas. Cilindro korpusas ir srieginiai galai yra kruop\u0161\u010diai apdorojami, siekiant padidinti atsparum\u0105 dilimui. Norint u\u017etikrinti skland\u0173 veikim\u0105 ir vidini\u0173 komponent\u0173 sutepim\u0105, b\u016btina reguliariai tepti tinkama hidrauline alyva.<\/p>\n<h3>Prie\u017ei\u016bros ir prevencin\u0117s priemon\u0117s:<\/h3>\n<p>Siekiant u\u017etikrinti optimal\u0173 kau\u0161o cilindro veikim\u0105 ir ilgaam\u017ei\u0161kum\u0105, reikia atlikti reguliarias patikras ir profilaktinius darbus. Reik\u0117t\u0173 imtis \u0161i\u0173 priemoni\u0173:<\/p>\n<ul>\n<li>Reguliariai tikrinkite cilindr\u0105, ar n\u0117ra susid\u0117v\u0117jimo, pa\u017eeidim\u0173 ar nuot\u0117kio po\u017eymi\u0173.<\/li>\n<li>Kad veikimas b\u016bt\u0173 sklandus, naudokite tinkam\u0105 tepal\u0105.<\/li>\n<li>Prireikus pakeiskite sandariklius, kad i\u0161vengtum\u0117te hidraulinio skys\u010dio nuot\u0117kio.<\/li>\n<li>Atlikite kalibravimo patikrinimus, kad u\u017etikrintum\u0117te tiksl\u0173 veikim\u0105.<\/li>\n<\/ul>\n<p><img decoding=\"async\" src=\"https:\/\/www.hydraulic-cylinders.net\/wp-content\/uploads\/2025\/01\/songte-bushings-with-all-kinds-of-excavator-models.webp\" alt=\"Kau\u0161o cilindras Kobelco ma\u017eam ekskavatoriui SK75-8\" \/><\/p>\n<h3>Saugos aspektai ir aplinkos veiksniai:<\/h3>\n<p>Dirbant su kau\u0161iniais cilindrais, labai svarbu teikti pirmenyb\u0119 saugos priemon\u0117ms. Siekiant i\u0161vengti nelaiming\u0173 atsitikim\u0173 ir u\u017etikrinti saugi\u0105 darbo aplink\u0105, reikia laikytis tinkam\u0173 saugos priemoni\u0173, \u012fskaitant tinkam\u0105 mokym\u0105, \u012frangos patikrinim\u0105 ir saugos gairi\u0173 laikym\u0105si. Taip pat reik\u0117t\u0173 atsi\u017evelgti \u012f aplinkos veiksnius, tokius kaip temperat\u016bra ir dr\u0117gm\u0117, siekiant u\u017etikrinti tinkam\u0105 kau\u0161ini\u0173 cilindr\u0173 veikim\u0105.<\/p>\n<h3>Trik\u010di\u0173 \u0161alinimas ir da\u017eniausiai pasitaikan\u010dios problemos:<\/h3>\n<p>Kilus problemoms d\u0117l kau\u0161o cilindro, \u0161ie trik\u010di\u0173 \u0161alinimo patarimai ir sprendimai gali pad\u0117ti veiksmingai diagnozuoti ir i\u0161spr\u0119sti problemas:<\/p>\n<ul>\n<li>Ap\u017ei\u016br\u0117kite cilindr\u0105, ar n\u0117ra koki\u0173 nors pa\u017eeidimo po\u017eymi\u0173, pavyzd\u017eiui, nuot\u0117ki\u0173 ar ne\u012fprast\u0173 gars\u0173.<\/li>\n<li>Patikrinkite hidraulin\u0119 sistem\u0105, ar n\u0117ra tinkamo skys\u010dio lygio ir sl\u0117gio.<\/li>\n<li>U\u017etikrinkite tinkam\u0105 hidraulini\u0173 \u017earn\u0173 ir jungiam\u0173j\u0173 detali\u0173 sulygiavim\u0105 ir prijungim\u0105.<\/li>\n<li>Konkre\u010dius trik\u010di\u0173 \u0161alinimo veiksmus rasite gamintojo instrukcijose.<\/li>\n<\/ul>\n<p><img decoding=\"async\" src=\"https:\/\/www.hydraulic-cylinders.net\/wp-content\/uploads\/2025\/01\/songte-company-1.webp\" alt=\"Kau\u0161o cilindras Kobelco ma\u017eam ekskavatoriui SK75-8\" \/><\/p>\n<p>Nepamir\u0161kite straipsn\u012f strukt\u016brizuoti logi\u0161kai, naudoti paantra\u0161tes lengvam nar\u0161ymui, \u012ftraukti atitinkam\u0173 vaizd\u0173 ar diagram\u0173, kad b\u016bt\u0173 lengviau suprasti, ir u\u017etikrinti, kad turinys b\u016bt\u0173 ai\u0161kus, glaustas ir tinkamas skaitytojams, turintiems skirting\u0105 technini\u0173 \u017eini\u0173 lyg\u012f.<\/p>\n<h2>Apie m\u016bs\u0173 \u012fmon\u0119<\/h2>\n<p>Esame pakaitini\u0173 hidraulini\u0173 cilindr\u0173 gamintojas, si\u016blantis plat\u0173 gamini\u0173 asortiment\u0105. Tapome vienu i\u0161 pirmaujan\u010di\u0173 hidraulini\u0173 cilindr\u0173 gamintoj\u0173 ir didmenini\u0173 platintoj\u0173 vidaus ir tarptautin\u0117se rinkose. M\u016bs\u0173 \u012fmon\u0117 laikosi puikios kokyb\u0117s princip\u0173 ir remiasi industrializuotomis gamybos valdymo strategijomis kruop\u0161\u010diai \u012frengtoje gamyboje.<\/p>","protected":false},"excerpt":{"rendered":"<p>Bucket Cylinder For Kobelco Small Excavator SK75-8 Introduction: The bucket cylinder is a specially designed hydraulic cylinder used to control the movement of the bucket in heavy machinery such as excavators, backhoe loaders, and front-end loaders. Its main function is to enable the bucket to lift, lower, and tilt, making it easier to handle various [&hellip;]<\/p>","protected":false},"featured_media":14787,"comment_status":"open","ping_status":"closed","template":"","meta":{"_et_pb_use_builder":"","_et_pb_old_content":"","_et_gb_content_width":""},"product_brand":[],"product_cat":[1494],"product_tag":[1495,1496],"class_list":{"0":"post-15344","1":"product","2":"type-product","3":"status-publish","4":"has-post-thumbnail","6":"product_cat-bucket-cylinders","7":"product_tag-bucket-cylinders","8":"product_tag-hydraulic-cylinders","10":"first","11":"instock","12":"shipping-taxable","13":"product-type-simple"},"amp_enabled":true,"_links":{"self":[{"href":"https:\/\/www.hydraulic-cylinders.net\/lt\/wp-json\/wp\/v2\/product\/15344","targetHints":{"allow":["GET"]}}],"collection":[{"href":"https:\/\/www.hydraulic-cylinders.net\/lt\/wp-json\/wp\/v2\/product"}],"about":[{"href":"https:\/\/www.hydraulic-cylinders.net\/lt\/wp-json\/wp\/v2\/types\/product"}],"replies":[{"embeddable":true,"href":"https:\/\/www.hydraulic-cylinders.net\/lt\/wp-json\/wp\/v2\/comments?post=15344"}],"wp:featuredmedia":[{"embeddable":true,"href":"https:\/\/www.hydraulic-cylinders.net\/lt\/wp-json\/wp\/v2\/media\/14787"}],"wp:attachment":[{"href":"https:\/\/www.hydraulic-cylinders.net\/lt\/wp-json\/wp\/v2\/media?parent=15344"}],"wp:term":[{"taxonomy":"product_brand","embeddable":true,"href":"https:\/\/www.hydraulic-cylinders.net\/lt\/wp-json\/wp\/v2\/product_brand?post=15344"},{"taxonomy":"product_cat","embeddable":true,"href":"https:\/\/www.hydraulic-cylinders.net\/lt\/wp-json\/wp\/v2\/product_cat?post=15344"},{"taxonomy":"product_tag","embeddable":true,"href":"https:\/\/www.hydraulic-cylinders.net\/lt\/wp-json\/wp\/v2\/product_tag?post=15344"}],"curies":[{"name":"wp","href":"https:\/\/api.w.org\/{rel}","templated":true}]}}