{"id":15356,"date":"2025-01-19T14:25:38","date_gmt":"2025-01-19T14:25:38","guid":{"rendered":"https:\/\/www.hydraulic-cylinders.net\/product\/bucket-cylinder-for-kobelco-middle-excavator-sk270d-8\/"},"modified":"2025-01-19T14:25:40","modified_gmt":"2025-01-19T14:25:40","slug":"bucket-cylinder-for-kobelco-middle-excavator-sk270d-8","status":"publish","type":"product","link":"https:\/\/www.hydraulic-cylinders.net\/lt\/produktas\/bucket-cylinder-for-kobelco-middle-excavator-sk270d-8\/","title":{"rendered":"Kau\u0161o cilindras Kobelco vidutinio dyd\u017eio ekskavatoriui SK270D-8"},"content":{"rendered":"<h1>Kau\u0161o cilindras Kobelco vidutinio dyd\u017eio ekskavatoriui SK270D-8<\/h1>\n<h2>\u012evadas<\/h2>\n<p>\u201eKobelco\u201c vidutinio profilio ekskavatoriaus SK270D-8 kau\u0161o cilindras yra specialiai sukurtas hidraulinis cilindras, naudojamas valdyti kau\u0161o jud\u0117jim\u0105 sunkiosiose ma\u0161inose, tokiose kaip ekskavatoriai, ekskavatoriniai ekskavatoriai ir frontaliniai krautuvai. Pagrindin\u0117 jo funkcija \u2013 leisti kau\u0161ui pakilti, nuleisti ir pakreipti, taip palengvinant \u012fvairi\u0173 med\u017eiag\u0173 tvarkymo u\u017eduo\u010di\u0173 atlikim\u0105. Hidraulin\u0117je sistemoje kau\u0161o cilindras tiksliai valdo kau\u0161\u0105 keisdamas hidraulin\u0117s alyvos sl\u0117g\u012f, tod\u0117l operatoriai gali efektyviai tvarkyti sunkius objektus ir prisitaikyti prie sud\u0117tingos darbo aplinkos bei \u012fvairi\u0173 darbo reikalavim\u0173.<\/p>\n<p><img decoding=\"async\" src=\"https:\/\/www.hydraulic-cylinders.net\/wp-content\/uploads\/2025\/01\/songte-company-2.webp\" alt=\"Kau\u0161o cilindro vaizdas\"><\/p>\n<h2>Savyb\u0117s<\/h2>\n<ul>\n<li>Didelis stiprumas ir ilgaam\u017ei\u0161kumas: Paprastai pagaminti i\u0161 didelio stiprumo plieno arba aliuminio, galintys atlaikyti auk\u0161t\u0105 sl\u0117g\u012f ir dideles apkrovas, pritaikyti at\u0161iaurioms darbo aplinkoms ir sukurti atsi\u017evelgiant \u012f atsparum\u0105 dilimui ir korozijai, kad b\u016bt\u0173 prailgintas tarnavimo laikas.<\/li>\n<li>Efektyvus hidraulinis veikimas: Sklandus i\u0161pl\u0117timas ir atitraukimas pasiekiamas naudojant hidraulin\u0117s alyvos sl\u0117g\u012f. Jis gali greitai reaguoti \u012f valdymo komandas, u\u017etikrindamas galing\u0105 st\u016bmimo ir traukimo j\u0117g\u0105, tod\u0117l tinka sunkiems daiktams tvarkyti ir sud\u0117tingoms u\u017eduotims atlikti.<\/li>\n<li>\u012evair\u016bs tipai: pagal poreikius ir skirtingus eksploatavimo reikalavimus galima pasirinkti vienpusio veikimo (hidraulik\u0105 naudojant tik viena kryptimi) arba dvipusio veikimo (hidraulik\u0105 naudojant abiem kryptimis) cilindrus. Kai kurie modeliai yra i\u0161traukiami, tod\u0117l pasiekiamas didesnis atstumas nedidinant i\u0161orini\u0173 matmen\u0173, tod\u0117l jie tinka naudoti ten, kur erdv\u0117 ribota.<\/li>\n<li>Kei\u010diamas: m\u016bs\u0173 gaminys puikiai pakei\u010dia \u0161iuos hidraulinius cilindrus. <\/li>\n<\/ul>\n<p><img decoding=\"async\" src=\"https:\/\/www.hydraulic-cylinders.net\/wp-content\/uploads\/2025\/01\/songte-cylinder-head-with-all-kinds-excavator-models.webp\" alt=\"Kau\u0161o cilindro vaizdas\"><\/p>\n<h2>Parai\u0161kos<\/h2>\n<h3>Statybin\u0117 \u012franga<\/h3>\n<p>Ekskavatoriuose jie yra b\u016btini kasant, kraunant ir perkeliant \u017eem\u0119 ar \u0161iuk\u0161les. Ekskavatoriuose kau\u0161o cilindras padeda tiek kasti, tiek kelti. Priekiniuose krautuvuose jie padeda efektyviai kelti ir pakreipti prekes.<\/p>\n<h3>\u017dem\u0117s \u016bkio technika<\/h3>\n<p>Naudojami frontaliniuose krautuvams, dirvo\u017eemiui, \u0161ienui ir kitoms med\u017eiagoms kasti, kelti ir transportuoti. Ekskavatoriuose kau\u0161o cilindrai leid\u017eia kasti, leisdami kau\u0161ui \u012fsiskverbti \u012f dirv\u0105. <\/p>\n<h2>Projektavimo aspektai ir atrankos kriterijai<\/h2>\n<h3>Keliamoji galia<\/h3>\n<p>Bucket cylinders are usually designed to withstand high-pressure loads and heavy loads. The selection of materials and processing technology should be considered based on these factors to ensure the cylinder&#8217;s long-term use and reliability.<\/p>\n<h3>Sandarinimas<\/h3>\n<p>Reik\u0117t\u0173 naudoti \u012fvairius sandarinimo komponentus, tokius kaip st\u016bmokli\u0173 sandarikliai, kot\u0173 sandarikliai ir kt. Sandarinimo komponentams pirmenyb\u0117 teikiama poliuretanui, nitrilo kau\u010diukui ir kitoms atsparioms dilimui med\u017eiagoms. Cilindro korpusas ir srieginis galas tur\u0117t\u0173 b\u016bti kruop\u0161\u010diai apdirbti, kad padid\u0117t\u0173 atsparumas dilimui. Tepimui b\u016btina reguliariai papildyti hidraulin\u0119 alyv\u0105.<\/p>\n<p><img decoding=\"async\" src=\"https:\/\/www.hydraulic-cylinders.net\/wp-content\/uploads\/2025\/01\/songte-oil-pipes-and-spare-parts.webp\" alt=\"Kau\u0161o cilindro vaizdas\"><\/p>\n<h2>Prie\u017ei\u016bra ir trik\u010di\u0173 \u0161alinimas<\/h2>\n<p>Reguliarus techninis aptarnavimas, \u012fskaitant tepim\u0105, sandarikli\u0173 keitim\u0105 ir kalibravimo patikrinimus, yra labai svarbus norint pailginti kau\u0161o cilindr\u0173 tarnavimo laik\u0105. Siekiant u\u017etikrinti tinkam\u0105 veikim\u0105, reikia laikytis teising\u0173 montavimo, tepimo ir reguliavimo proced\u016br\u0173. Rekomenduojama teisingai sulygiuoti cilindr\u0105, naudoti tinkamus montavimo laikiklius cilindrui pritvirtinti ir laikytis rekomenduojam\u0173 patikrinimo, remonto ir keitimo proced\u016br\u0173. <\/p>\n<ul>\n<li>Reguliarus patikrinimas<\/li>\n<li>Tinkamas tepimas<\/li>\n<li>Tarpikli\u0173 keitimo ir kalibravimo patikrinimai<\/li>\n<\/ul>\n<p><img decoding=\"async\" src=\"https:\/\/www.hydraulic-cylinders.net\/wp-content\/uploads\/2025\/01\/songte-chushion-collar.webp\" alt=\"Kau\u0161o cilindro vaizdas\"><\/p>\n<h2>Saugos ir aplinkosaugos aspektai<\/h2>\n<p>Bucket cylinders should be handled with appropriate safety measures in place, following the manufacturer&#8217;s instructions to avoid accidents and injuries. It is important to recycle or dispose of hydraulic oil properly to protect the environment.<\/p>\n<p><img decoding=\"async\" src=\"https:\/\/www.hydraulic-cylinders.net\/wp-content\/uploads\/2025\/01\/songte-bushings-with-all-kinds-of-excavator-models.webp\" alt=\"Kau\u0161o cilindro vaizdas\"><\/p>\n<h2>Apie m\u016bs\u0173 \u012fmon\u0119<\/h2>\n<p>Esame pirmaujanti hidraulini\u0173 cilindr\u0173 gamintoja ir didmeninink\u0117 vidaus ir tarptautin\u0117se rinkose, si\u016blanti plat\u0173 gamini\u0173 asortiment\u0105. Laikom\u0117s industrializuotos gamybos valdymo strategijos, pagr\u012fstos puikia kokybe, ir pasikliaujame technini\u0173 specialist\u0173, auk\u0161\u010diausios klas\u0117s skaitmenin\u0117s gamybos \u012frangos ir profesionali\u0173 testavimo sistem\u0173 taikymu, kad nuolat tobulintume gamybos platform\u0105 dirbtuv\u0117se ir gerintume gamini\u0173 kokyb\u0117s gamybos proces\u0105. Turime stipri\u0173 k\u016brybini\u0173 geb\u0117jim\u0173 ir laikom\u0117s didelio efektyvumo, didelio tikslumo ir auk\u0161tos kokyb\u0117s princip\u0173, kad patenkintume \u012fvairius klient\u0173 poreikius.<\/p>\n<p><img decoding=\"async\" src=\"https:\/\/hzpt.com\/wp-content\/uploads\/2024\/11\/songte-company-1.webp\" alt=\"Kau\u0161o cilindro vaizdas\"><\/p>\n<h3>Profesionalumas<\/h3>\n<p>Turime profesionali\u0105 komand\u0105, turin\u010di\u0105 ilgamet\u0119 patirt\u012f hidraulini\u0173 cilindr\u0173 gamyboje, u\u017etikrinan\u010di\u0105 m\u016bs\u0173 gamini\u0173 kokyb\u0119 ir patikimum\u0105.<\/p>\n<h3>Tarptautinis sertifikavimas<\/h3>\n<p>M\u016bs\u0173 gaminiai atitinka \u012fvairius tarptautinius sertifikavimo standartus, tokius kaip ISO9001, CE ir kitus, kurie u\u017etikrina gamini\u0173 kokyb\u0119 ir patikimum\u0105.<\/p>\n<h3>Pritaikymas<\/h3>\n<p>Si\u016blome pritaikymo paslaugas, kad patenkintume \u012fvairius klient\u0173 poreikius.<\/p>\n<h3>Gamybos \u012franga<\/h3>\n<p>Turime pa\u017eangi\u0105 gamybos \u012frang\u0105 ir technologijas, kad u\u017etikrintume savo gamini\u0173 kokyb\u0119.<\/p>\n<h3>Aptarnavimas po pardavimo<\/h3>\n<p>Mes teikiame i\u0161samias garantinio aptarnavimo paslaugas, \u012fskaitant dali\u0173 keitim\u0105 ir remont\u0105, kad pailgintume m\u016bs\u0173 gamini\u0173 tarnavimo laik\u0105.<\/p>\n<p>Autorius: lyl<\/p>","protected":false},"excerpt":{"rendered":"<p>Bucket Cylinder For Kobelco Middle Excavator SK270D-8 Introduction The bucket cylinder for Kobelco middle excavator SK270D-8 is a specially designed hydraulic cylinder used to control the movement of the bucket in heavy machinery, such as excavators, backhoe excavators, and front-end loaders. Its main function is to enable the bucket to lift, lower, and tilt, making [&hellip;]<\/p>","protected":false},"featured_media":14761,"comment_status":"open","ping_status":"closed","template":"","meta":{"_et_pb_use_builder":"","_et_pb_old_content":"","_et_gb_content_width":""},"product_brand":[],"product_cat":[1494],"product_tag":[1495,1496],"class_list":{"0":"post-15356","1":"product","2":"type-product","3":"status-publish","4":"has-post-thumbnail","6":"product_cat-bucket-cylinders","7":"product_tag-bucket-cylinders","8":"product_tag-hydraulic-cylinders","10":"first","11":"instock","12":"shipping-taxable","13":"product-type-simple"},"amp_enabled":true,"_links":{"self":[{"href":"https:\/\/www.hydraulic-cylinders.net\/lt\/wp-json\/wp\/v2\/product\/15356","targetHints":{"allow":["GET"]}}],"collection":[{"href":"https:\/\/www.hydraulic-cylinders.net\/lt\/wp-json\/wp\/v2\/product"}],"about":[{"href":"https:\/\/www.hydraulic-cylinders.net\/lt\/wp-json\/wp\/v2\/types\/product"}],"replies":[{"embeddable":true,"href":"https:\/\/www.hydraulic-cylinders.net\/lt\/wp-json\/wp\/v2\/comments?post=15356"}],"wp:featuredmedia":[{"embeddable":true,"href":"https:\/\/www.hydraulic-cylinders.net\/lt\/wp-json\/wp\/v2\/media\/14761"}],"wp:attachment":[{"href":"https:\/\/www.hydraulic-cylinders.net\/lt\/wp-json\/wp\/v2\/media?parent=15356"}],"wp:term":[{"taxonomy":"product_brand","embeddable":true,"href":"https:\/\/www.hydraulic-cylinders.net\/lt\/wp-json\/wp\/v2\/product_brand?post=15356"},{"taxonomy":"product_cat","embeddable":true,"href":"https:\/\/www.hydraulic-cylinders.net\/lt\/wp-json\/wp\/v2\/product_cat?post=15356"},{"taxonomy":"product_tag","embeddable":true,"href":"https:\/\/www.hydraulic-cylinders.net\/lt\/wp-json\/wp\/v2\/product_tag?post=15356"}],"curies":[{"name":"wp","href":"https:\/\/api.w.org\/{rel}","templated":true}]}}