{"id":15365,"date":"2025-01-19T14:26:13","date_gmt":"2025-01-19T14:26:13","guid":{"rendered":"https:\/\/www.hydraulic-cylinders.net\/product\/bucket-cylinder-for-kobelco-large-excavator-sk450-6-6e\/"},"modified":"2025-01-19T14:26:21","modified_gmt":"2025-01-19T14:26:21","slug":"bucket-cylinder-for-kobelco-large-excavator-sk450-6-6e","status":"publish","type":"product","link":"https:\/\/www.hydraulic-cylinders.net\/lt\/produktas\/bucket-cylinder-for-kobelco-large-excavator-sk450-6-6e\/","title":{"rendered":"Kau\u0161o cilindras Kobelco dideliam ekskavatoriui SK450-6-6E"},"content":{"rendered":"<h1>Kau\u0161o cilindras Kobelco dideliam ekskavatoriui SK450-6-6E<\/h1>\n<h2>\u012evadas<\/h2>\n<p>Kau\u0161o cilindras, skirtas dideliam \u201eKobelco\u201c ekskavatoriui SK450-6-6E, yra specialiai sukurtas hidraulinis cilindras, daugiausia naudojamas kau\u0161o jud\u0117jimui valdyti sunkiosiose ma\u0161inose, tokiose kaip ekskavatoriai, ekskavatoriniai ekskavatoriai ir frontaliniai krautuvai. Jo pagrindin\u0117 funkcija \u2013 leisti pakelti, nuleisti ir pakreipti kau\u0161\u0105, palengvinant \u012fvairias med\u017eiag\u0173 tvarkymo u\u017eduotis. Hidraulin\u0117je sistemoje kau\u0161o cilindras tiksliai valdo kau\u0161o jud\u0117jim\u0105 keisdamas hidraulin\u0117s alyvos sl\u0117g\u012f, tod\u0117l operatoriai gali efektyviai valdyti sunkius krovinius ir prisitaikyti prie sud\u0117tingos darbo aplinkos bei \u012fvairi\u0173 eksploatacini\u0173 poreiki\u0173.<\/p>\n<p><img decoding=\"async\" src=\"https:\/\/www.hydraulic-cylinders.net\/wp-content\/uploads\/2025\/01\/songte-company-2.webp\" \/><\/p>\n<h2>Savyb\u0117s<\/h2>\n<ul>\n<li>Didelis stiprumas ir ilgaam\u017ei\u0161kumas: Paprastai pagamintas i\u0161 didelio stiprumo plieno arba aliuminio, jis gali atlaikyti didel\u012f sl\u0117g\u012f ir dideles apkrovas bei prisitaikyti prie at\u0161iauri\u0173 darbo s\u0105lyg\u0173. Konstrukcijoje atsi\u017evelgiama \u012f atsparum\u0105 dilimui ir korozijai, taip prailginant tarnavimo laik\u0105.<\/li>\n<li>Efektyvus hidraulinis veikimas: Skland\u016bs i\u0161pl\u0117timo ir susitraukimo veiksmai pasiekiami naudojant hidraulin\u0117s alyvos sl\u0117g\u012f, leid\u017eiant\u012f greitai reaguoti \u012f valdymo komandas ir u\u017etikrinant galingas st\u016bmimo bei traukimo j\u0117gas, tinkamas sunkiems kroviniams ir sud\u0117tingoms eksploatavimo u\u017eduotims atlikti.<\/li>\n<li>\u012evair\u016bs tipai: pagal reikalavimus, kad b\u016bt\u0173 patenkinti skirtingi eksploatavimo poreikiai, galima pasirinkti vienpusio veikimo (hidraulinis, naudojamas tik viena kryptimi) arba dvipusio veikimo (hidraulinis, naudojamas abiem kryptimis) cilindrus. Kai kurie modeliai yra teleskopiniai, tod\u0117l galima labiau i\u0161sipl\u0117sti nedidinant i\u0161orini\u0173 matmen\u0173, tod\u0117l tinka naudoti ribotoje erdv\u0117je.<\/li>\n<li>Labai pritaikomas: m\u016bs\u0173 gaminys gali puikiai pakeisti \u0161iuos hidraulinius cilindrus.<\/li>\n<\/ul>\n<p><img decoding=\"async\" src=\"https:\/\/www.hydraulic-cylinders.net\/wp-content\/uploads\/2025\/01\/songte-cylinder-head-with-all-kinds-excavator-models.webp\" \/><\/p>\n<h2>Parai\u0161ka<\/h2>\n<p>Kau\u0161o cilindras yra pla\u010diai naudojamas \u012fvairiose pramon\u0117s \u0161akose. Kai kurie i\u0161 da\u017eniausiai naudojam\u0173 pritaikym\u0173 yra \u0161ie:<\/p>\n<ul>\n<li>Statybin\u0117 \u012franga: ekskavatoriuose ji yra labai svarbi kasant, kraunant ir perkeliant grunt\u0105 ar \u0161iuk\u0161les. Ekskavatoriuose kau\u0161o cilindras padeda ir kasti, ir kelti. <\/li>\n<li>\u017dem\u0117s \u016bkio technika: naudojama priekiniuose krautuvuose, jie semia, kelia ir transportuoja dirvo\u017eem\u012f, \u0161ien\u0105 ir kitas med\u017eiagas. <\/li>\n<li>Ekskavatoriai: Kau\u0161o cilindras leid\u017eia kasti, leisdamas kau\u0161ui \u012fsiskverbti \u012f dirv\u0105. <\/li>\n<li>Krautuvai: Priekiniuose krautuvuose jie padeda efektyviai pakelti ir i\u0161krauti krovinius.<\/li>\n<\/ul>\n<p>M\u016bs\u0173 kau\u0161o cilindras puikiai tinka \u0161iems ir kitiems tikslams. <\/p>\n<h2>Projektavimo aspektai ir atrankos standartai<\/h2>\n<p>Kau\u0161o cilindras yra svarbi hidraulini\u0173 sistem\u0173 dalis, tod\u0117l jo projektavimo aspektai ir parinkimo standartai yra labai svarb\u016bs siekiant u\u017etikrinti optimal\u0173 na\u0161um\u0105. Kai kurie pagrindiniai projektavimo aspektai:<\/p>\n<ul>\n<li>Keliamoji galia: Cilindras turi atlaikyti jam tenkan\u010di\u0105 apkrov\u0105 nesulenkdamas ir nesul\u016b\u017edamas.<\/li>\n<li>Sandarinimas: Tinkamas sandarinimas yra b\u016btinas norint i\u0161vengti alyvos nuot\u0117kio ir u\u017etikrinti optimal\u0173 na\u0161um\u0105.<\/li>\n<li>Patvarumas: Cilindras turi b\u016bti pagamintas i\u0161 auk\u0161tos kokyb\u0117s med\u017eiag\u0173, atspari\u0173 dilimui ir korozijai, kad b\u016bt\u0173 u\u017etikrintas ilgas tarnavimo laikas.<\/li>\n<li>Sauga: Balionas turi b\u016bti suprojektuotas atsi\u017evelgiant \u012f saugum\u0105, turint tokias funkcijas kaip apsauginiai vo\u017etuvai, kad b\u016bt\u0173 i\u0161vengta perkrovos.<\/li>\n<li>Prie\u017ei\u016bra: Cilindr\u0105 turi b\u016bti lengva pri\u017ei\u016br\u0117ti ir remontuoti, lengvai pasiekti komponentus ir pateikti ai\u0161kias prie\u017ei\u016bros bei remonto instrukcijas.<\/li>\n<\/ul>\n<p>M\u016bs\u0173 kau\u0161o cilindras atitinka visus \u0161iuos konstrukcijos reikalavimus, u\u017etikrindamas optimal\u0173 na\u0161um\u0105 ir ilg\u0105 tarnavimo laik\u0105.<\/p>\n<p><img decoding=\"async\" src=\"https:\/\/www.hydraulic-cylinders.net\/wp-content\/uploads\/2025\/01\/songte-oil-pipes-and-spare-parts.webp\" \/><\/p>\n<h2>Sandarinimas ir tepimas<\/h2>\n<p>Kau\u0161o cilindre naudojami \u012fvair\u016bs sandarinimo komponentai, tokie kaip st\u016bmokliniai sandarikliai, stryp\u0173 sandarikliai ir kt., pagaminti i\u0161 atspari\u0173 dilimui med\u017eiag\u0173, toki\u0173 kaip poliuretanas, nitrilo kau\u010diukas ir kt. Sandarinimo sistema turi b\u016bti tinkamai sutepta, o cilindras turi b\u016bti reguliariai pri\u017ei\u016brimas tinkamu hidraulin\u0117s alyvos kiekiu, kad b\u016bt\u0173 u\u017etikrintas optimalus veikimas.<\/p>\n<h2>Prie\u017ei\u016bra ir remontas<\/h2>\n<p>Reguliarus techninis aptarnavimas ir remontas yra b\u016btini siekiant u\u017etikrinti optimal\u0173 kau\u0161o cilindro veikim\u0105 ir ilg\u0105 tarnavimo laik\u0105. Kai kurios \u012fprastos technin\u0117s prie\u017ei\u016bros u\u017eduotys apima reguliarias patikras, tinkam\u0105 tepim\u0105 ir sandarikli\u0173 keitim\u0105. Tinkamas montavimas, tepimas ir reguliavimas taip pat yra b\u016btini optimaliam veikimui. Tinkam\u0173 montavimo \u012ftais\u0173 naudojimas cilindrui pritvirtinti, rekomenduojamos patikros, remonto ir keitimo proced\u016bros bei remonto paslaug\u0173 naudojimas gali pad\u0117ti pailginti kau\u0161o cilindro tarnavimo laik\u0105.<\/p>\n<p><img decoding=\"async\" src=\"https:\/\/www.hydraulic-cylinders.net\/wp-content\/uploads\/2025\/01\/songte-chushion-collar.webp\" \/><\/p>\n<h2>Saugos ir aplinkosaugos aspektai<\/h2>\n<p>Kau\u0161o cilindras yra esmin\u0117 sunkiosios technikos dalis, tod\u0117l j\u012f naudojant saugumas turi b\u016bti svarbiausias prioritetas. Siekiant u\u017etikrinti optimal\u0173 saug\u0105 ir aplinkos apsaug\u0105, reikia laikytis tinkam\u0173 tvarkymo, eksploatavimo ir prie\u017ei\u016bros proced\u016br\u0173. <\/p>\n<h2>Da\u017eni gedimai ir trik\u010di\u0173 \u0161alinimas<\/h2>\n<p>Da\u017eniausi kau\u0161o cilindro gedimai yra alyvos nuot\u0117kis, suged\u0119 sandarikliai ir pa\u017eeisti strypai. Tinkama ap\u017ei\u016bra ir prie\u017ei\u016bra gali pad\u0117ti i\u0161vengti \u0161i\u0173 gedim\u0173. Jei gedimai vis d\u0117lto atsiranda, norint atkurti optimal\u0173 na\u0161um\u0105, reikia laikytis tinkam\u0173 trik\u010di\u0173 \u0161alinimo ir remonto proced\u016br\u0173. Rekomenduojama imtis prevencini\u0173 priemoni\u0173, kad b\u016bt\u0173 suma\u017eintos galimos problemos.<\/p>\n<p><img decoding=\"async\" src=\"https:\/\/www.hydraulic-cylinders.net\/wp-content\/uploads\/2025\/01\/songte-bushings-with-all-kinds-of-excavator-models.webp\" \/><\/p>\n<h2>Apie m\u016bs\u0173 \u012fmon\u0119<\/h2>\n<p>Esame pakaitini\u0173 hidraulini\u0173 cilindr\u0173 gamintojas, si\u016blantis plat\u0173 gamini\u0173 asortiment\u0105. Esame vieni i\u0161 pirmaujan\u010di\u0173 hidraulini\u0173 cilindr\u0173 gamintoj\u0173 ir didmenini\u0173 prekiautoj\u0173 vidaus ir tarptautin\u0117se rinkose. Vadovaujam\u0117s puikios kokyb\u0117s principu, remiam\u0117s industrializuota gamybos valdymo strategija, b\u016bdinga smulkiosios gamybos dirbtuv\u0117ms, ir nuolat tobuliname savo dirbtuvi\u0173 gamybos platform\u0105, pasitelkdami technologinius talentus, auk\u0161\u010diausios klas\u0117s skaitmenin\u0119 gamybos \u012frang\u0105 ir profesionalias bandym\u0173 sistemas. Siekiame tiekti didelio efektyvumo, didelio tikslumo ir auk\u0161tos kokyb\u0117s gaminius, kad patenkintume \u012fvairius m\u016bs\u0173 klient\u0173 poreikius. <\/p>\n<p>Esame \u012fsipareigoj\u0119 savo klientams teikti profesionalias, tarptautiniu mastu sertifikuotas ir individualiai pritaikytas paslaugas. M\u016bs\u0173 gamybos \u012franga ir garantinio aptarnavimo paslaugos yra auk\u0161\u010diausio lygio, u\u017etikrinan\u010dios optimal\u0173 m\u016bs\u0173 gamini\u0173 na\u0161um\u0105 ir ilg\u0105 tarnavimo laik\u0105. <\/p>\n<p><img decoding=\"async\" src=\"https:\/\/hzpt.com\/wp-content\/uploads\/2024\/11\/songte-company-1.webp\" \/><\/p>\n<p><em>Autorius: lyl<\/em><\/p>","protected":false},"excerpt":{"rendered":"<p>Bucket Cylinder For Kobelco Large Excavator SK450-6-6E Introduction The bucket cylinder for Kobelco large excavator SK450-6-6E is a specially designed hydraulic cylinder primarily used to control the movement of the bucket in heavy machinery such as excavators, backhoe excavators, and front-end loaders. Its main function is to enable lifting, lowering, and tilting of the bucket, [&hellip;]<\/p>","protected":false},"featured_media":14776,"comment_status":"open","ping_status":"closed","template":"","meta":{"_et_pb_use_builder":"","_et_pb_old_content":"","_et_gb_content_width":""},"product_brand":[],"product_cat":[1494],"product_tag":[1495,1496],"class_list":{"0":"post-15365","1":"product","2":"type-product","3":"status-publish","4":"has-post-thumbnail","6":"product_cat-bucket-cylinders","7":"product_tag-bucket-cylinders","8":"product_tag-hydraulic-cylinders","10":"first","11":"instock","12":"shipping-taxable","13":"product-type-simple"},"amp_enabled":true,"_links":{"self":[{"href":"https:\/\/www.hydraulic-cylinders.net\/lt\/wp-json\/wp\/v2\/product\/15365","targetHints":{"allow":["GET"]}}],"collection":[{"href":"https:\/\/www.hydraulic-cylinders.net\/lt\/wp-json\/wp\/v2\/product"}],"about":[{"href":"https:\/\/www.hydraulic-cylinders.net\/lt\/wp-json\/wp\/v2\/types\/product"}],"replies":[{"embeddable":true,"href":"https:\/\/www.hydraulic-cylinders.net\/lt\/wp-json\/wp\/v2\/comments?post=15365"}],"wp:featuredmedia":[{"embeddable":true,"href":"https:\/\/www.hydraulic-cylinders.net\/lt\/wp-json\/wp\/v2\/media\/14776"}],"wp:attachment":[{"href":"https:\/\/www.hydraulic-cylinders.net\/lt\/wp-json\/wp\/v2\/media?parent=15365"}],"wp:term":[{"taxonomy":"product_brand","embeddable":true,"href":"https:\/\/www.hydraulic-cylinders.net\/lt\/wp-json\/wp\/v2\/product_brand?post=15365"},{"taxonomy":"product_cat","embeddable":true,"href":"https:\/\/www.hydraulic-cylinders.net\/lt\/wp-json\/wp\/v2\/product_cat?post=15365"},{"taxonomy":"product_tag","embeddable":true,"href":"https:\/\/www.hydraulic-cylinders.net\/lt\/wp-json\/wp\/v2\/product_tag?post=15365"}],"curies":[{"name":"wp","href":"https:\/\/api.w.org\/{rel}","templated":true}]}}