{"id":15368,"date":"2025-01-19T14:26:32","date_gmt":"2025-01-19T14:26:32","guid":{"rendered":"https:\/\/www.hydraulic-cylinders.net\/product\/bucket-cylinder-for-kobelco-large-excavator-sk310\/"},"modified":"2025-01-19T14:26:34","modified_gmt":"2025-01-19T14:26:34","slug":"bucket-cylinder-for-kobelco-large-excavator-sk310","status":"publish","type":"product","link":"https:\/\/www.hydraulic-cylinders.net\/lt\/produktas\/bucket-cylinder-for-kobelco-large-excavator-sk310\/","title":{"rendered":"Kau\u0161o cilindras Kobelco dideliam ekskavatoriui SK310"},"content":{"rendered":"<h1>Kau\u0161o cilindras Kobelco dideliam ekskavatoriui SK310<\/h1>\n<h2>\u012evadas<\/h2>\n<p>\u201eKobelco\u201c didelio ekskavatoriaus SK310 kau\u0161o cilindras yra hidraulinio cilindro tipas, specialiai sukurtas valdyti kau\u0161o jud\u0117jim\u0105 sunkiosiose ma\u0161inose, tokiose kaip ekskavatoriai, ekskavatoriai ir frontaliniai krautuvai. Pagrindin\u0117 jo funkcija \u2013 leisti kau\u0161ui pakilti, nuleisti ir pakreipti, tod\u0117l j\u012f patogu atlikti \u012fvairioms med\u017eiag\u0173 tvarkymo u\u017eduotims. Hidraulin\u0117je sistemoje kau\u0161o cilindras tiksliai valdo kau\u0161\u0105 keisdamas hidraulin\u0117s alyvos sl\u0117g\u012f, tod\u0117l operatoriai gali efektyviai valdyti sunkius krovinius ir prisitaikyti prie sud\u0117tingos darbo aplinkos bei \u012fvairi\u0173 eksploatavimo reikalavim\u0173.<\/p>\n<p><img decoding=\"async\" src=\"https:\/\/www.hydraulic-cylinders.net\/wp-content\/uploads\/2025\/01\/songte-company-2.webp\"><\/p>\n<h2>Savyb\u0117s<\/h2>\n<ul>\n<li>Didelis stiprumas ir ilgaam\u017ei\u0161kumas: Paprastai pagamintas i\u0161 didelio stiprumo plieno arba aliuminio, jis gali atlaikyti didel\u012f sl\u0117g\u012f ir dideles apkrovas, prisitaikyti prie at\u0161iauri\u0173 darbo s\u0105lyg\u0173 ir yra suprojektuotas atsi\u017evelgiant \u012f atsparum\u0105 dilimui ir korozijai, kad b\u016bt\u0173 pailgintas jo tarnavimo laikas.<\/li>\n<li>Efektyvus hidraulinis veikimas: Sklandus i\u0161pl\u0117timas ir susitraukimas pasiekiamas naudojant hidraulin\u0117s alyvos sl\u0117g\u012f, tod\u0117l galima greitai reaguoti \u012f valdymo komandas, u\u017etikrinti galingas st\u016bmimo ir traukimo j\u0117gas, tod\u0117l tinka sunkiems kroviniams kelti ir sud\u0117tingoms eksploatavimo u\u017eduotims atlikti.<\/li>\n<li>\u012evair\u016bs tipai: pagal eksploatacinius reikalavimus galima pasirinkti vienpusio veikimo (hidraulinis veikimas viena kryptimi) arba dvipusio veikimo (hidraulinis veikimas abiem kryptimis) cilindrus. Kai kurie modeliai yra teleskopiniai, tod\u0117l juos galima labiau i\u0161tiesti nedidinant i\u0161orini\u0173 matmen\u0173, tod\u0117l jie tinka naudoti ribotoje erdv\u0117je.<\/li>\n<li>Kei\u010diamas: M\u016bs\u0173 gaminys gali puikiai pakeisti \u0161iuos hidraulinius cilindrus.<\/li>\n<\/ul>\n<p><img decoding=\"async\" src=\"https:\/\/www.hydraulic-cylinders.net\/wp-content\/uploads\/2025\/01\/songte-cylinder-head-with-all-kinds-excavator-models.webp\"><\/p>\n<h2>Parai\u0161kos<\/h2>\n<ul>\n<li>Statybin\u0117 \u012franga: ekskavatoriuose jie yra labai svarb\u016bs kasant, kraunant ir perkeliant grunt\u0105 ar \u0161iuk\u0161les. Ekskavatoriuose kau\u0161o cilindrai padeda tiek kasant, tiek keliant. <\/li>\n<li>\u017dem\u0117s \u016bkio technika: naudojama priekiniuose krautuvuose dirvo\u017eemiui, \u0161ienui ir kitoms med\u017eiagoms kasti, kelti ir transportuoti. <\/li>\n<li>Ekskavatoriai: Kau\u0161o cilindrai leid\u017eia atlikti kasimo veiksmus, leisdami kau\u0161ui prasiskverbti \u012f dirv\u0105. <\/li>\n<li>Krautuvai: Priekiniuose krautuvuose jie padeda efektyviai kelti ir pakreipti krovinius. <\/li>\n<\/ul>\n<h2>Projektavimo aspektai ir atrankos kriterijai<\/h2>\n<ul>\n<li>Guoli\u0173 talpa: Cilindras turi b\u016bti suprojektuotas taip, kad atlaikyt\u0173 maksimali\u0105 apkrov\u0105, su kuria jis gali susidurti eksploatacijos metu. <\/li>\n<li>Sandarinimas: Siekiant u\u017etikrinti cilindro sandarum\u0105 ir ilgaam\u017ei\u0161kum\u0105, reikia pasirinkti \u012fvairius sandarinimo elementus, tokius kaip st\u016bmoklio sandarikliai, strypo sandarikliai ir valytuvo sandarikliai. <\/li>\n<li>Patvarumas: Siekiant u\u017etikrinti ilgaam\u017ei\u0161kum\u0105, cilindras tur\u0117t\u0173 b\u016bti suprojektuotas i\u0161 atspari\u0173 dilimui ir korozijai med\u017eiag\u0173. <\/li>\n<li>Saugumas: tur\u0117t\u0173 b\u016bti \u012fdiegtos saugos priemon\u0117s, siekiant i\u0161vengti nelaiming\u0173 atsitikim\u0173 ir su\u017ealojim\u0173. <\/li>\n<li>Prie\u017ei\u016bra: Cilindras turi b\u016bti suprojektuotas taip, kad j\u012f b\u016bt\u0173 lengva pri\u017ei\u016br\u0117ti, su lengvai prieinamais komponentais ir ai\u0161kiomis prie\u017ei\u016bros instrukcijomis.<\/li>\n<\/ul>\n<p><img decoding=\"async\" src=\"https:\/\/www.hydraulic-cylinders.net\/wp-content\/uploads\/2025\/01\/songte-oil-pipes-and-spare-parts.webp\"><\/p>\n<h2>Sandarinimas ir tepimas<\/h2>\n<p>Cilindre naudojami \u012fvair\u016bs sandarinimo elementai, tokie kaip st\u016bmoklio sandarikliai, strypo sandarikliai ir valytuvo sandarikliai. \u0160ie sandarikliai pagaminti i\u0161 atspari\u0173 dilimui med\u017eiag\u0173, toki\u0173 kaip poliuretanas ir nitrilo kau\u010diukas, siekiant u\u017etikrinti ilgaam\u017ei\u0161kum\u0105. Cilindro korpusas ir srieginiai galiniai pavir\u0161iai yra kruop\u0161\u010diai apdirbti, siekiant pagerinti atsparum\u0105 dilimui. Norint u\u017etikrinti skland\u0173 veikim\u0105, suma\u017einti nusid\u0117v\u0117jim\u0105 ir pailginti cilindro tarnavimo laik\u0105, b\u016btina reguliariai tepti tinkama hidrauline alyva.<\/p>\n<h2>Ap\u017ei\u016bros ir prevencin\u0117s prie\u017ei\u016bros priemon\u0117s<\/h2>\n<ul>\n<li>Reguliarus patikrinimas: Cilindr\u0105 reikia periodi\u0161kai tikrinti, ar n\u0117ra susid\u0117v\u0117jimo ir pa\u017eeidim\u0173. Bet kokias pa\u017eeistas ar susid\u0117v\u0117jusias dalis reikia nedelsiant pakeisti. <\/li>\n<li>Tinkamas tepimas: Cilindr\u0105 reikia sutepti pagal gamintojo instrukcijas. <\/li>\n<li>Tarpikli\u0173 keitimas: Tarpiklius reikia periodi\u0161kai keisti, nes jie susid\u0117vi, kad b\u016bt\u0173 i\u0161vengta nuot\u0117kio ir u\u017etikrintas tinkamas cilindro veikimas. <\/li>\n<li>Kalibravimo patikrinimas: Cilindr\u0105 reikia periodi\u0161kai tikrinti, siekiant u\u017etikrinti, kad jis veikt\u0173 tinkamai ir b\u016bt\u0173 teisingai kalibruotas. <\/li>\n<\/ul>\n<h2>Produkto diegimo vadovas<\/h2>\n<p>Tinkamas montavimas yra labai svarbus saugiam ir efektyviam cilindro veikimui. Reik\u0117t\u0173 laikytis \u0161i\u0173 patarim\u0173:<\/p>\n<ul>\n<li>Montavimo metu cilindras turi b\u016bti tinkamai sulygiuotas. <\/li>\n<li>Cilindro tvirtinimui rekomenduojama naudoti tinkamus tvirtinimo laikiklius. <\/li>\n<li>Siekiant u\u017etikrinti ilgaam\u017ei\u0161kum\u0105, reikia laikytis rekomenduojam\u0173 patikrinimo, remonto ir keitimo proced\u016br\u0173.<\/li>\n<\/ul>\n<p><img decoding=\"async\" src=\"https:\/\/www.hydraulic-cylinders.net\/wp-content\/uploads\/2025\/01\/songte-chushion-collar.webp\"><\/p>\n<h2>Saugos aspektai ir aplinkos veiksniai<\/h2>\n<p>Naudojant kau\u0161inius cilindrus, reikia imtis saugos priemoni\u0173, kad b\u016bt\u0173 i\u0161vengta nelaiming\u0173 atsitikim\u0173 ir su\u017ealojim\u0173. \u0160ios priemon\u0117s apima operatori\u0173 mokym\u0105, tinkam\u0105 montavim\u0105, reguliari\u0105 patikr\u0105 ir prie\u017ei\u016br\u0105. Be to, projektuojant ir montuojant cilindr\u0105, reikia atsi\u017evelgti \u012f aplinkos veiksnius, tokius kaip temperat\u016bra, dr\u0117gm\u0117 ir \u0117sdinan\u010dios med\u017eiagos, kad b\u016bt\u0173 i\u0161vengta pa\u017eeidim\u0173 ir u\u017etikrintas ilgaam\u017ei\u0161kumas.<\/p>\n<h2>Gedim\u0173 diagnostika ir da\u017eniausios problemos<\/h2>\n<p>Da\u017enos problemos, galin\u010dios tur\u0117ti \u012ftakos kau\u0161o cilindro veikimui, yra nuot\u0117kiai, ne\u012fprastas triuk\u0161mas ir nepakankama j\u0117ga. \u0160ios problemos gali kilti d\u0117l sandariklio pa\u017eeidimo ar susid\u0117v\u0117jimo, hidraulin\u0117s sistemos nuot\u0117ki\u0173 ar kit\u0173 mechanini\u0173 gedim\u0173. Reguliarus techninis aptarnavimas ir patikra gali pad\u0117ti nustatyti ir i\u0161vengti toki\u0173 problem\u0173.<\/p>\n<h2>\u012emon\u0117s pristatymas<\/h2>\n<p>Esame pakaitini\u0173 hidraulini\u0173 cilindr\u0173 gamintojas, si\u016blantis plat\u0173 gamini\u0173 asortiment\u0105. Esame viena i\u0161 pirmaujan\u010di\u0173 hidraulini\u0173 cilindr\u0173 gamintoj\u0173 ir didmenini\u0173 platintoj\u0173 vidaus ir tarptautin\u0117se rinkose. Savo moderniose gamybos dirbtuv\u0117se vadovaujam\u0117s puikios kokyb\u0117s principu ir naudojame industrializuoto gamybos valdymo strategijas. Nuolat tobuliname savo gamybos platformas technologij\u0173 talent\u0173, auk\u0161\u010diausios klas\u0117s skaitmenin\u0117s gamybos \u012frangos ir profesionali\u0173 bandym\u0173 sistem\u0173 srityse. Turime tvirt\u0105 k\u016brybin\u012f potencial\u0105, kuris leid\u017eia patenkinti \u012fvairius klient\u0173 poreikius dideliu efektyvumu, dideliu tikslumu ir auk\u0161ta kokybe.<\/p>\n<p><img decoding=\"async\" src=\"https:\/\/hzpt.com\/wp-content\/uploads\/2024\/11\/songte-company-1.webp\"><\/p>\n<h3>Profesionalumas:<\/h3>\n<p>Turime profesionali\u0105 projektavimo ir k\u016brimo komand\u0105, turin\u010di\u0105 i\u0161skirtini\u0173 technini\u0173 galimybi\u0173 ir didel\u0119 patirt\u012f, kad gal\u0117tume projektuoti ir gaminti hidraulinius cilindrus, puikiai atitinkan\u010dius m\u016bs\u0173 klient\u0173 poreikius.<\/p>\n<h3>Tarptautinis sertifikatas:<\/h3>\n<p>Esame \u012fgij\u0119 ISO 9001 ir CE sertifikatus, u\u017etikrinan\u010dius, kad m\u016bs\u0173 gaminiai atitinka tarptautinius kokyb\u0117s standartus.<\/p>\n<h3>Pritaikymo paslaugos:<\/h3>\n<p>Teikiame individualias pritaikymo paslaugas, kad patenkintume konkre\u010dius klient\u0173 poreikius. Galime suprojektuoti ir pagaminti hidraulinius cilindrus pagal klient\u0173 reikalavimus, naudodami \u012fvairias specifikacijas ir modelius.<\/p>\n<h3>Gamybos \u012franga:<\/h3>\n<p>Turime pa\u017eangi\u0105 gamybos \u012frang\u0105, toki\u0105 kaip CNC tekinimo stakl\u0117s, CNC apdirbimo centrai ir CNC \u0161lifavimo stakl\u0117s, kad u\u017etikrintume m\u016bs\u0173 gamini\u0173 tikslum\u0105 ir kokyb\u0119.<\/p>\n<h3>Aptarnavimas po pardavimo:<\/h3>\n<p>Siekdami u\u017etikrinti, kad m\u016bs\u0173 klientai b\u016bt\u0173 patenkinti m\u016bs\u0173 produktais ir paslaugomis, teikiame i\u0161samias garantinio aptarnavimo paslaugas, \u012fskaitant technin\u0119 pagalb\u0105, remont\u0105 ir pakeitim\u0105.<\/p>\n<p>Autorius: lyl<\/p>\n<p><img decoding=\"async\" src=\"https:\/\/www.hydraulic-cylinders.net\/wp-content\/uploads\/2025\/01\/songte-bushings-with-all-kinds-of-excavator-models.webp\"><\/p>","protected":false},"excerpt":{"rendered":"<p>Bucket Cylinder for Kobelco Large Excavator SK310 Introduction The bucket cylinder for Kobelco large excavator SK310 is a type of hydraulic cylinder specifically designed to control the movement of the bucket in heavy machinery such as excavators, backhoes, and front-end loaders. Its main function is to enable the bucket to lift, lower, and tilt, making [&hellip;]<\/p>","protected":false},"featured_media":14769,"comment_status":"open","ping_status":"closed","template":"","meta":{"_et_pb_use_builder":"","_et_pb_old_content":"","_et_gb_content_width":""},"product_brand":[],"product_cat":[1494],"product_tag":[1495,1496],"class_list":{"0":"post-15368","1":"product","2":"type-product","3":"status-publish","4":"has-post-thumbnail","6":"product_cat-bucket-cylinders","7":"product_tag-bucket-cylinders","8":"product_tag-hydraulic-cylinders","10":"first","11":"instock","12":"shipping-taxable","13":"product-type-simple"},"amp_enabled":true,"_links":{"self":[{"href":"https:\/\/www.hydraulic-cylinders.net\/lt\/wp-json\/wp\/v2\/product\/15368","targetHints":{"allow":["GET"]}}],"collection":[{"href":"https:\/\/www.hydraulic-cylinders.net\/lt\/wp-json\/wp\/v2\/product"}],"about":[{"href":"https:\/\/www.hydraulic-cylinders.net\/lt\/wp-json\/wp\/v2\/types\/product"}],"replies":[{"embeddable":true,"href":"https:\/\/www.hydraulic-cylinders.net\/lt\/wp-json\/wp\/v2\/comments?post=15368"}],"wp:featuredmedia":[{"embeddable":true,"href":"https:\/\/www.hydraulic-cylinders.net\/lt\/wp-json\/wp\/v2\/media\/14769"}],"wp:attachment":[{"href":"https:\/\/www.hydraulic-cylinders.net\/lt\/wp-json\/wp\/v2\/media?parent=15368"}],"wp:term":[{"taxonomy":"product_brand","embeddable":true,"href":"https:\/\/www.hydraulic-cylinders.net\/lt\/wp-json\/wp\/v2\/product_brand?post=15368"},{"taxonomy":"product_cat","embeddable":true,"href":"https:\/\/www.hydraulic-cylinders.net\/lt\/wp-json\/wp\/v2\/product_cat?post=15368"},{"taxonomy":"product_tag","embeddable":true,"href":"https:\/\/www.hydraulic-cylinders.net\/lt\/wp-json\/wp\/v2\/product_tag?post=15368"}],"curies":[{"name":"wp","href":"https:\/\/api.w.org\/{rel}","templated":true}]}}