{"id":15377,"date":"2025-01-19T14:27:15","date_gmt":"2025-01-19T14:27:15","guid":{"rendered":"https:\/\/www.hydraulic-cylinders.net\/product\/bucket-cylinder-for-yugong-wy135-8\/"},"modified":"2025-01-19T14:27:22","modified_gmt":"2025-01-19T14:27:22","slug":"bucket-cylinder-for-yugong-wy135-8","status":"publish","type":"product","link":"https:\/\/www.hydraulic-cylinders.net\/lt\/produktas\/bucket-cylinder-for-yugong-wy135-8\/","title":{"rendered":"Kau\u0161o cilindras, skirtas \u201eYugong WY135-8\u201c"},"content":{"rendered":"<h1>Kau\u0161o cilindras, skirtas \u201eYugong WY135-8\u201c<\/h1>\n<h2>\u012evadas<\/h2>\n<p>\u201eYugong WY135-8\u201c kau\u0161o cilindras yra specializuotas hidraulinis cilindras, daugiausia naudojamas kau\u0161o jud\u0117jimui valdyti sunkiosiose ma\u0161inose, tokiose kaip ekskavatoriai, ekskavatoriai ir frontaliniai krautuvai. Jo pagrindin\u0117 funkcija \u2013 leisti kau\u0161ui pakilti, nuleisti ir pakreipti, kad b\u016bt\u0173 lengviau transportuoti \u012fvairias med\u017eiagas. Hidraulin\u0117je sistemoje kau\u0161o cilindras tiksliai valdo kau\u0161o jud\u0117jim\u0105 keisdamas hidraulin\u0117s alyvos sl\u0117g\u012f, tod\u0117l operatoriai gali efektyviai valdyti sunkius krovinius, prisitaikyti prie sud\u0117tingos darbo aplinkos ir \u012fvairi\u0173 darbo reikalavim\u0173.<\/p>\n<p><img decoding=\"async\" src=\"https:\/\/www.hydraulic-cylinders.net\/wp-content\/uploads\/2025\/01\/songte-company-2.webp\"\/><\/p>\n<h2>Savyb\u0117s<\/h2>\n<ul>\n<li>Didelis stiprumas ir ilgaam\u017ei\u0161kumas: Paprastai pagaminti i\u0161 didelio stiprumo plieno arba aliuminio, jie gali atlaikyti didel\u012f sl\u0117g\u012f ir dideles apkrovas, prisitaikyti prie at\u0161iauri\u0173 darbo s\u0105lyg\u0173 ir yra sukurti atsi\u017evelgiant \u012f atsparum\u0105 dilimui ir korozijai, taip prailginant j\u0173 tarnavimo laik\u0105.<\/li>\n<li>Efektyvus hidraulinis veikimas: Naudoja hidraulin\u0117s alyvos sl\u0117g\u012f, kad b\u016bt\u0173 u\u017etikrintas sklandus i\u0161pl\u0117timas ir \u012ftraukimas, greitai reaguot\u0173 \u012f valdymo komandas, u\u017etikrint\u0173 galing\u0105 st\u016bmimo ir traukimo j\u0117g\u0105, ir tinka sunkiems kroviniams bei sud\u0117tingoms u\u017eduotims atlikti.<\/li>\n<li>\u012evair\u016bs tipai: vienpusio veikimo (hidraulinis naudojamas tik viena kryptimi) arba dvipusio veikimo (hidraulinis naudojamas abiem kryptimis) cilindrus galima pasirinkti atsi\u017evelgiant \u012f skirting\u0173 eksploatacini\u0173 reikalavim\u0173 tenkinim\u0105. Kai kurie modeliai yra teleskopiniai, tod\u0117l juos galima labiau prailginti nedidinant i\u0161orini\u0173 matmen\u0173, tod\u0117l jie tinka ten, kur erdv\u0117 ribota.<\/li>\n<li>Kei\u010diamas: M\u016bs\u0173 gaminys gali puikiai pakeisti \u0161iuos hidraulinius cilindrus.<\/li>\n<\/ul>\n<p><img decoding=\"async\" src=\"https:\/\/www.hydraulic-cylinders.net\/wp-content\/uploads\/2025\/01\/songte-cylinder-head-with-all-kinds-excavator-models.webp\"\/><\/p>\n<h2>Parai\u0161kos<\/h2>\n<p>\u201eYugong WY135-8\u201c kau\u0161o cilindras yra pla\u010diai naudojamas \u012fvairiose pramon\u0117s \u0161akose:<\/p>\n<ul>\n<li>Statybin\u0117 \u012franga: ekskavatoriuose ji yra labai svarbi kasant, kraunant ir perkeliant grunt\u0105 ar \u0161iuk\u0161les. Ekskavatoriuose kau\u0161o cilindras padeda ir kasti, ir kelti. <\/li>\n<li>\u017dem\u0117s \u016bkio technika: naudojama priekiniuose krautuvuose dirvo\u017eemiui, \u0161ienui ir kitoms med\u017eiagoms semti, kelti ir transportuoti.<\/li>\n<li>Ekskavatoriai: Kau\u0161o cilindras leid\u017eia kasti, leisdamas kau\u0161ui prasiskverbti \u012f dirv\u0105.<\/li>\n<li>Priekiniai krautuvai: Priekiniuose krautuvuose jie padeda efektyviai kelti ir pakreipti krovinius.<\/li>\n<\/ul>\n<p>Kiekviena parai\u0161ka i\u0161samiai aptariama toliau:<\/p>\n<h3>Statybin\u0117 \u012franga<\/h3>\n<p>Ekskavatoriuose kau\u0161o cilindras yra esminis komponentas, padedantis kasti, krauti ir perkelti grunt\u0105 ar \u0161iuk\u0161les. Jis turi gali\u0105 lengvai ir tiksliai atlikti visas sunkias u\u017eduotis. Ekskavatoriuose kau\u0161o cilindras padeda tiek kasti, tiek kelti, tod\u0117l yra nepakei\u010diamas \u012frankis statybos projektuose.<\/p>\n<h3>\u017dem\u0117s \u016bkio technika<\/h3>\n<p>Kau\u0161o cilindras yra gyvybi\u0161kai svarbus \u017eem\u0117s \u016bkio technikos, ypa\u010d priekini\u0173 krautuv\u0173, komponentas. Jis leid\u017eia efektyviai pakrauti ir i\u0161krauti \u012fvairias med\u017eiagas, tokias kaip dirvo\u017eemis, \u0161ienas ir kiti \u017eem\u0117s \u016bkio produktai. D\u0117l savo galios ir stabilumo jis idealiai tinka naudoti \u017eem\u0117s \u016bkio sektoriuje.<\/p>\n<h3>Ekskavatoriai<\/h3>\n<p>\u201eYugong WY135-8\u201c kau\u0161o cilindras atlieka labai svarb\u0173 vaidmen\u012f ekskavatoriuose, nes leid\u017eia kau\u0161ui prasiskverbti \u012f dirv\u0105 ir pakelti sunkius krovinius. D\u0117l savo tikslumo ir efektyvumo jis gali lengvai atlikti sud\u0117tingiausias u\u017eduotis, tod\u0117l yra nepakei\u010diamas \u012frankis bet kokiam kasimo projektui.<\/p>\n<h3>Priekiniai krautuvai<\/h3>\n<p>Priekiniuose krautuvuose kau\u0161o cilindras padeda efektyviai kelti ir pakreipti krovinius. D\u0117l savo galios ir stabilumo jis gali lengvai susidoroti su sunkiais kroviniais, tod\u0117l yra esmin\u0117 bet kurio priekinio krautuvo dalis.<\/p>\n<h2>Projektavimo aspektai ir atrankos kriterijai<\/h2>\n<p>\u201eYugong WY135-8\u201c kau\u0161o cilindro projektavimo aspektai ir atrankos kriterijai yra \u0161ie:<\/p>\n<h3>Keliamoji galia<\/h3>\n<p>Cilindro laikomoji galia yra esminis jo konstrukcijos aspektas. Cilindro konstrukcija turi atlaikyti auk\u0161t\u0105 sl\u0117g\u012f ir dideles apkrovas be deformacijos ar gedimo.<\/p>\n<h3>Sandarinimas<\/h3>\n<p>Cilindro sandarumas turi b\u016bti puikus, kad b\u016bt\u0173 i\u0161vengta alyvos nuot\u0117kio ir u\u017etikrintas sklandus cilindro veikimas. Siekiant u\u017etikrinti maksimal\u0173 atsparum\u0105 dilimui ir i\u0161vengti nuot\u0117kio, naudojamos \u012fvairios sandarinimo med\u017eiagos, tokios kaip poliuretanas ir nitrilo kau\u010diukas.<\/p>\n<h3>Patvarumas<\/h3>\n<p>Cilindro konstrukcija turi b\u016bti patvari ir atlaikyti at\u0161iaurias darbo s\u0105lygas bei dideles apkrovas. Naudojamos med\u017eiagos turi b\u016bti labai tvirtos ir atsparios dilimui, taip u\u017etikrinant cilindro ilgaam\u017ei\u0161kum\u0105.<\/p>\n<h3>Saugumas<\/h3>\n<p>Baliono saugumas yra nepaprastai svarbus, tod\u0117l jis turi b\u016bti suprojektuotas su saugos funkcijomis, tokiomis kaip sl\u0117gio ma\u017einimo vo\u017etuvai, saugos u\u017eraktai ir kiti saugos mechanizmai, siekiant i\u0161vengti nelaiming\u0173 atsitikim\u0173 ir u\u017etikrinti operatoriaus saug\u0105.<\/p>\n<h3>Prie\u017ei\u016bra<\/h3>\n<p>Cilindras turi b\u016bti suprojektuotas atsi\u017evelgiant \u012f paprast\u0105 prie\u017ei\u016br\u0105, pavyzd\u017eiui, lengv\u0105 i\u0161montavim\u0105 ir surinkim\u0105, lengv\u0105 prieig\u0105 prie kei\u010diam\u0173 dali\u0173 ir paprastas prie\u017ei\u016bros proced\u016bras.<\/p>\n<p><img decoding=\"async\" src=\"https:\/\/www.hydraulic-cylinders.net\/wp-content\/uploads\/2025\/01\/songte-oil-pipes-and-spare-parts.webp\"\/><\/p>\n<h2>Sandarinimas ir tepimas<\/h2>\n<p>\u201eYugong WY135-8\u201c kau\u0161o cilindre naudojami \u012fvair\u016bs sandarinimo komponentai, tokie kaip st\u016bmokli\u0173 ir kot\u0173 sandarikliai, pagaminti i\u0161 atspari\u0173 dilimui med\u017eiag\u0173, toki\u0173 kaip poliuretanas ir nitrilo kau\u010diukas. Cilindro korpusas ir srieginiai galiniai pavir\u0161iai yra kruop\u0161\u010diai apdoroti, siekiant padidinti atsparum\u0105 dilimui. Tepimas u\u017etikrinamas \u012fpilant atitinkam\u0105 kiek\u012f hidraulin\u0117s alyvos, kad cilindras jud\u0117t\u0173 skland\u017eiai.<\/p>\n<h2>Prie\u017ei\u016bra ir prevencin\u0117s priemon\u0117s<\/h2>\n<p>\u201eYugong WY135-8\u201c kau\u0161o cilindrui reikalinga reguliari prie\u017ei\u016bra, kad b\u016bt\u0173 u\u017etikrintas jo ilgaam\u017ei\u0161kumas ir optimalus veikimas. Prie\u017ei\u016bros u\u017eduotys apima reguliar\u0173 patikrinim\u0105, tepim\u0105, sandarikli\u0173 keitim\u0105 ir kalibravimo patikrinimus. Tinkamas montavimas, tepimas ir reguliavimas yra labai svarb\u016bs optimaliam cilindro veikimui. Montuojant reikia pateikti tinkamas lygiavimo instrukcijas, o cilindrui pritvirtinti reikia naudoti tinkamus tvirtinimo kron\u0161teinus. Reik\u0117t\u0173 laikytis rekomenduojam\u0173 patikrinimo, remonto ir keitimo proced\u016br\u0173 kartu su metodais, kurie padidina cilindro ilgaam\u017ei\u0161kum\u0105.<\/p>\n<p><img decoding=\"async\" src=\"https:\/\/www.hydraulic-cylinders.net\/wp-content\/uploads\/2025\/01\/songte-chushion-collar.webp\"\/><\/p>\n<h2>Saugos aspektai ir aplinkos veiksniai<\/h2>\n<p>\u201eYugong WY135-8\u201c kau\u0161o cilindras turi b\u016bti naudojamas laikantis saugos priemoni\u0173, pvz., u\u017etikrinant tinkam\u0105 montavim\u0105, reguliari\u0105 patikr\u0105 ir prie\u017ei\u016br\u0105, taip pat laikantis saugos nurodym\u0173, kad b\u016bt\u0173 i\u0161vengta nelaiming\u0173 atsitikim\u0173. Naudojant cilindr\u0105, reikia atsi\u017evelgti \u012f tokius aplinkos veiksnius kaip temperat\u016bra, dr\u0117gm\u0117, \u0117sdinan\u010dios med\u017eiagos ir dulk\u0117s.<\/p>\n<h2>Trik\u010di\u0173 \u0161alinimas ir da\u017eniausios problemos<\/h2>\n<p>Toliau pateikiamos kelios da\u017eniausios problemos, kurios gali kilti naudojant kau\u0161o cilindr\u0105 \u201eYugong WY135-8\u201c:<\/p>\n<ul>\n<li>Alyvos nuot\u0117kis d\u0117l susid\u0117v\u0117jusi\u0173 sandarikli\u0173<\/li>\n<li>Nepakankamas sl\u0117gis d\u0117l sugedusio siurblio ar vo\u017etuvo<\/li>\n<li>Per didelis cilindro lenkimas d\u0117l perkrovos arba netinkamo montavimo<\/li>\n<\/ul>\n<p>Norint i\u0161spr\u0119sti \u0161ias problemas, reik\u0117t\u0173 imtis \u0161i\u0173 veiksm\u0173:<\/p>\n<ul>\n<li>Patikrinkite sandarinimo komponent\u0173 susid\u0117v\u0117jim\u0105 ir, jei reikia, pakeiskite juos<\/li>\n<li>Patikrinkite siurblio ir vo\u017etuvo gedimus ir prireikus juos suremontuokite arba pakeiskite<\/li>\n<li>Patikrinkite cilindro montavim\u0105 ir sulygiavim\u0105, ar n\u0117ra klaid\u0173, ir atitinkamai pakoreguokite.<\/li>\n<\/ul>\n<h2>\u012emon\u0117s pristatymas<\/h2>\n<p>Esame pirmaujantis hidraulini\u0173 cilindr\u0173 gamintojas ir platintojas vidaus ir tarptautin\u0117se rinkose. Si\u016blome vis\u0105 hidraulini\u0173 cilindr\u0173 asortiment\u0105 ir esame \u012fsipareigoj\u0119 tiekti puikios kokyb\u0117s produktus. M\u016bs\u0173 gamybos procesai pagr\u012fsti pa\u017eangiomis technologijomis, o kvalifikuot\u0173 specialist\u0173 komanda u\u017etikrina, kad m\u016bs\u0173 produktai atitikt\u0173 auk\u0161\u010diausius kokyb\u0117s standartus. Taip pat si\u016blome individualiai pritaikytas paslaugas, kad patenkintume konkre\u010dius klient\u0173 poreikius. M\u016bs\u0173 produktai pla\u010diai naudojami \u012fvairiose pramon\u0117s \u0161akose, ir esame \u017einomi d\u0117l savo \u012fsipareigojimo kokybei, patikimumui ir klient\u0173 pasitenkinimui.<\/p>\n<p>M\u016bs\u0173 \u012fmonei b\u016bdingos \u0161ios savyb\u0117s:<\/p>\n<ul>\n<li>Profesionalumas<\/li>\n<li>Tarptautinis sertifikavimas<\/li>\n<li>Individualiai pritaikytos paslaugos<\/li>\n<li>Pa\u017eangi gamybos \u012franga<\/li>\n<li>Puikus aptarnavimas po pardavimo<\/li>\n<\/ul>\n<p>Did\u017eiuojam\u0117s savo produktais ir esame \u012fsipareigoj\u0119 savo klientams suteikti geriausius \u012fmanomus hidraulini\u0173 cilindr\u0173 sprendimus.<\/p>\n<p><img decoding=\"async\" src=\"https:\/\/hzpt.com\/wp-content\/uploads\/2024\/11\/songte-company-1.webp\"\/><\/p>\n<p>Autorius: lyl.<\/p>","protected":false},"excerpt":{"rendered":"<p>Bucket Cylinder For Yugong WY135-8 Introduction The bucket cylinder for Yugong WY135-8 is a specialized hydraulic cylinder primarily used to control the movement of the bucket in heavy machinery such as excavators, backhoes, and front-end loaders. Its main function is to allow the bucket to lift, lower, and tilt, making it easier to transport various [&hellip;]<\/p>","protected":false},"featured_media":14782,"comment_status":"open","ping_status":"closed","template":"","meta":{"_et_pb_use_builder":"","_et_pb_old_content":"","_et_gb_content_width":""},"product_brand":[],"product_cat":[1494],"product_tag":[1495,1496],"class_list":{"0":"post-15377","1":"product","2":"type-product","3":"status-publish","4":"has-post-thumbnail","6":"product_cat-bucket-cylinders","7":"product_tag-bucket-cylinders","8":"product_tag-hydraulic-cylinders","10":"first","11":"instock","12":"shipping-taxable","13":"product-type-simple"},"amp_enabled":true,"_links":{"self":[{"href":"https:\/\/www.hydraulic-cylinders.net\/lt\/wp-json\/wp\/v2\/product\/15377","targetHints":{"allow":["GET"]}}],"collection":[{"href":"https:\/\/www.hydraulic-cylinders.net\/lt\/wp-json\/wp\/v2\/product"}],"about":[{"href":"https:\/\/www.hydraulic-cylinders.net\/lt\/wp-json\/wp\/v2\/types\/product"}],"replies":[{"embeddable":true,"href":"https:\/\/www.hydraulic-cylinders.net\/lt\/wp-json\/wp\/v2\/comments?post=15377"}],"wp:featuredmedia":[{"embeddable":true,"href":"https:\/\/www.hydraulic-cylinders.net\/lt\/wp-json\/wp\/v2\/media\/14782"}],"wp:attachment":[{"href":"https:\/\/www.hydraulic-cylinders.net\/lt\/wp-json\/wp\/v2\/media?parent=15377"}],"wp:term":[{"taxonomy":"product_brand","embeddable":true,"href":"https:\/\/www.hydraulic-cylinders.net\/lt\/wp-json\/wp\/v2\/product_brand?post=15377"},{"taxonomy":"product_cat","embeddable":true,"href":"https:\/\/www.hydraulic-cylinders.net\/lt\/wp-json\/wp\/v2\/product_cat?post=15377"},{"taxonomy":"product_tag","embeddable":true,"href":"https:\/\/www.hydraulic-cylinders.net\/lt\/wp-json\/wp\/v2\/product_tag?post=15377"}],"curies":[{"name":"wp","href":"https:\/\/api.w.org\/{rel}","templated":true}]}}