{"id":15383,"date":"2025-01-19T14:27:45","date_gmt":"2025-01-19T14:27:45","guid":{"rendered":"https:\/\/www.hydraulic-cylinders.net\/product\/bucket-cylinder-for-volvo-small-excavator-bl-60b\/"},"modified":"2025-01-19T14:27:47","modified_gmt":"2025-01-19T14:27:47","slug":"bucket-cylinder-for-volvo-small-excavator-bl-60b","status":"publish","type":"product","link":"https:\/\/www.hydraulic-cylinders.net\/lt\/produktas\/bucket-cylinder-for-volvo-small-excavator-bl-60b\/","title":{"rendered":"Kau\u0161o cilindras Volvo ma\u017eam ekskavatoriui BL\/60B"},"content":{"rendered":"<p><!DOCTYPE html><br \/>\n<html><br \/>\n<head><br \/>\n<title>Kau\u0161o cilindras Volvo ma\u017eam ekskavatoriui BL\/60B<\/title><br \/>\n<\/head><br \/>\n<body><\/p>\n<h1>Kau\u0161o cilindras Volvo ma\u017eam ekskavatoriui BL\/60B<\/h1>\n<h2>\u012evadas<\/h2>\n<p>\u201eVolvo\u201c ma\u017eojo ekskavatoriaus BL\/60B kau\u0161o cilindras yra specialiai sukurtas hidraulinis cilindras, naudojamas valdyti kau\u0161o jud\u0117jim\u0105 sunkiojoje technikoje, tokioje kaip ekskavatoriai, ekskavatoriniai krautuvai ir frontaliniai krautuvai. Jo pagrindin\u0117 funkcija \u2013 leisti pakelti, nuleisti ir pakreipti kau\u0161\u0105, kad b\u016bt\u0173 lengviau atlikti \u012fvairias med\u017eiag\u0173 tvarkymo u\u017eduotis. Hidraulin\u0117je sistemoje kau\u0161o cilindras tiksliai valdo kau\u0161\u0105, naudodamas hidraulin\u0117s alyvos sl\u0117gio poky\u010dius, tod\u0117l operatoriai gali efektyviai valdyti sunkius krovinius ir prisitaikyti prie sud\u0117tingos darbo aplinkos bei \u012fvairi\u0173 darbo reikalavim\u0173.<\/p>\n<p><img decoding=\"async\" src=\"https:\/\/www.hydraulic-cylinders.net\/wp-content\/uploads\/2025\/01\/songte-company-2.webp\" alt=\"Kau\u0161o cilindro vaizdas\"><\/p>\n<h2>Savyb\u0117s<\/h2>\n<ul>\n<li>Didelis tvirtumas ir ilgaam\u017ei\u0161kumas: Paprastai i\u0161 didelio stiprumo plieno arba aliuminio pagamintas kau\u0161o cilindras gali atlaikyti didel\u012f sl\u0117g\u012f ir dideles apkrovas, prisitaikydamas prie at\u0161iauri\u0173 darbo s\u0105lyg\u0173. Jo konstrukcija atsi\u017evelgia \u012f atsparum\u0105 dilimui ir korozijai, siekiant pailginti jo tarnavimo laik\u0105.<\/li>\n<li>Efektyvus hidraulinis veikimas: Naudodamas hidraulin\u0117s alyvos sl\u0117g\u012f, kau\u0161o cilindras u\u017etikrina skland\u017eius i\u0161pl\u0117timo ir atitraukimo judesius, u\u017etikrindamas galingas st\u016bmimo ir traukimo j\u0117gas. Jis tinka sunkiems kroviniams kelti ir sud\u0117tingoms u\u017eduotims atlikti.<\/li>\n<li>\u012evair\u016bs tipai: Kau\u0161o cilindr\u0105 galima pasirinkti kaip vienpusio veikimo (hidraulinis mechanizmas veikia tik viena kryptimi) arba dvipusio veikimo (hidraulinis mechanizmas veikia dviem kryptimis), kad b\u016bt\u0173 patenkinti skirtingi eksploataciniai poreikiai. Kai kurie modeliai yra teleskopiniai, tod\u0117l juos galima labiau i\u0161tiesti nedidinant i\u0161orini\u0173 matmen\u0173, tod\u0117l jie tinka naudoti ribotoje erdv\u0117je.<\/li>\n<li>Puikus pakeitimas: m\u016bs\u0173 gaminys gali puikiai pakeisti esamus hidraulinius cilindrus. <\/li>\n<\/ul>\n<p><img decoding=\"async\" src=\"https:\/\/www.hydraulic-cylinders.net\/wp-content\/uploads\/2025\/01\/songte-cylinder-head-with-all-kinds-excavator-models.webp\" alt=\"Pakeitimo cilindro vaizdas\"><\/p>\n<h2>Parai\u0161kos<\/h2>\n<ul>\n<li>Statybin\u0117 \u012franga: ji randama ekskavatoriuose ir yra labai svarbi kasant, kraunant ir perkeliant grunt\u0105 ar \u0161iuk\u0161les. Ekskavatoriuose kau\u0161o cilindras padeda tiek kasti, tiek kelti.<\/li>\n<li>\u017dem\u0117s \u016bkio technika: naudojama priekiniuose krautuvuose dirvo\u017eemiui, \u0161ienui ir kitoms med\u017eiagoms kasti, kelti ir transportuoti.<\/li>\n<li>Ekskavatoriai: Kau\u0161o cilindras leid\u017eia atlikti kasimo veiksmus, leisdamas kau\u0161ui \u012fsiskverbti \u012f dirv\u0105.<\/li>\n<li>Krautuvai: Priekiniuose krautuvuose jie padeda efektyviai pakelti ir i\u0161krauti prekes.<\/li>\n<\/ul>\n<h2>Projektavimo aspektai ir atrankos kriterijai<\/h2>\n<ul>\n<li>Apkrovos paj\u0117gumas<\/li>\n<li>Sandarinimo galimyb\u0117s<\/li>\n<li>Patvarumas<\/li>\n<li>Saugumas<\/li>\n<li>Prie\u017ei\u016bra<\/li>\n<\/ul>\n<p><img decoding=\"async\" src=\"https:\/\/www.hydraulic-cylinders.net\/wp-content\/uploads\/2025\/01\/songte-oil-pipes-and-spare-parts.webp\" alt=\"Dizaino aspektai Vaizdas\"><\/p>\n<h2>Sandarinimas ir tepimas<\/h2>\n<p>Kau\u0161o cilindre naudojami \u012fvair\u016bs sandarinimo elementai, tokie kaip st\u016bmokli\u0173 ir kot\u0173 sandarikliai, pagaminti i\u0161 atspari\u0173 dilimui med\u017eiag\u0173, toki\u0173 kaip poliuretanas ir nitrilo kau\u010diukas. Cilindro korpusas ir srieginiai galai yra kruop\u0161\u010diai apdorojami, siekiant padidinti atsparum\u0105 dilimui. Norint u\u017etikrinti skland\u0173 veikim\u0105, reikia reguliariai tepti tinkama hidrauline alyva.<\/p>\n<h2>Reguliarus patikrinimas ir prevencin\u0117 prie\u017ei\u016bra<\/h2>\n<ul>\n<li>Nuot\u0117ki\u0173 ir pa\u017eeidim\u0173 patikrinimas<\/li>\n<li>Tinkamo tepimo tikrinimas ir palaikymas<\/li>\n<li>Susid\u0117v\u0117jusi\u0173 arba pa\u017eeist\u0173 sandarikli\u0173 keitimas<\/li>\n<li>Kalibravimo patikrinimai<\/li>\n<\/ul>\n<p><img decoding=\"async\" src=\"https:\/\/www.hydraulic-cylinders.net\/wp-content\/uploads\/2025\/01\/songte-chushion-collar.webp\" alt=\"Prie\u017ei\u016bros vaizdas\"><\/p>\n<h2>Saugos aspektai ir aplinkos veiksniai<\/h2>\n<p>Naudojant kau\u0161o cilindr\u0105, svarbu laikytis saugos priemoni\u0173, kad b\u016bt\u0173 i\u0161vengta nelaiming\u0173 atsitikim\u0173. Taip pat reik\u0117t\u0173 atsi\u017evelgti \u012f aplinkos veiksnius, kad b\u016bt\u0173 suma\u017einta galima rizika.<\/p>\n<h2>Trik\u010di\u0173 \u0161alinimas ir da\u017eniausiai pasitaikan\u010dios problemos<\/h2>\n<p>Kai kurios da\u017enos problemos, kurios gali kilti d\u0117l kau\u0161o cilindro, yra nuot\u0117kiai, netolyg\u016bs judesiai ir nepakankama galia. Nor\u0117dami i\u0161spr\u0119sti \u0161ias problemas, vadovaukit\u0117s pateiktais trik\u010di\u0173 \u0161alinimo patarimais ir sprendimais, kad jos b\u016bt\u0173 veiksmingai diagnozuotos ir pa\u0161alintos. Be to, si\u016blomos prevencin\u0117s priemon\u0117s, siekiant suma\u017einti galimas problemas.<\/p>\n<p><img decoding=\"async\" src=\"https:\/\/www.hydraulic-cylinders.net\/wp-content\/uploads\/2025\/01\/songte-bushings-with-all-kinds-of-excavator-models.webp\" alt=\"Vaizdo trik\u010di\u0173 \u0161alinimas\"><\/p>\n<h2>\u012emon\u0117s ap\u017evalga<\/h2>\n<p>Esame pirmaujanti hidraulini\u0173 cilindr\u0173 gamintoja ir didmenin\u0117 platintoja, specializuojam\u0117s pakaitini\u0173 cilindr\u0173 gamyboje. Platus gamini\u0173 asortimentas daro mus lyderiais vidaus ir tarptautin\u0117se rinkose. Orientuodamiesi \u012f puiki\u0105 kokyb\u0119, laikom\u0117s industrializuotos gamybos valdymo strategijos, pasitelkdami kvalifikuotus technikus, pa\u017eangi\u0105 gamybos \u012frang\u0105 ir profesionalias testavimo sistemas. Nuolat tobuliname savo gamybos platform\u0105 ir geriname gamini\u0173 kokyb\u0119, demonstruodami stiprius k\u016brybinius geb\u0117jimus. M\u016bs\u0173 didelio efektyvumo, tikslumo ir kokyb\u0117s principai leid\u017eia mums patenkinti \u012fvairius klient\u0173 poreikius.<\/p>\n<p><img decoding=\"async\" src=\"https:\/\/hzpt.com\/wp-content\/uploads\/2024\/11\/songte-company-1.webp\" alt=\"\u012emon\u0117s \u012fvaizdis\"><\/p>\n<h3>Profesionalumas<\/h3>\n<p>Esame \u012fsipareigoj\u0119 palaikyti auk\u0161t\u0105 profesionalumo lyg\u012f visose savo verslo veiklos srityse.<\/p>\n<h3>Tarptautiniai sertifikatai<\/h3>\n<p>M\u016bs\u0173 produktai yra sertifikuoti tarptautiniais sertifikatais, kurie u\u017etikrina j\u0173 kokyb\u0119 ir patikimum\u0105.<\/p>\n<h3>Pritaikymo paslaugos<\/h3>\n<p>Si\u016blome individualiai pritaikytas paslaugas, kad patenkintume konkre\u010dius reikalavimus ir pasi\u016blytume individualius sprendimus.<\/p>\n<h3>Gamybos \u012franga<\/h3>\n<p>\u012erengti pa\u017eangia gamybos \u012franga, u\u017etikriname efektyvi\u0105 ir tiksli\u0105 gamyb\u0105.<\/p>\n<h3>Aptarnavimas po pardavimo<\/h3>\n<p>M\u016bs\u0173 garantinio aptarnavimo paslaugos u\u017etikrina klient\u0173 pasitenkinim\u0105 ir palaikym\u0105 per vis\u0105 produkto gyvavimo cikl\u0105.<\/p>\n<p><img decoding=\"async\" src=\"https:\/\/www.hydraulic-cylinders.net\/wp-content\/uploads\/2025\/01\/songte-company-3.webp\" alt=\"\u012emon\u0117s \u012fvaizdis\"><\/p>\n<p>Autorius: lyl<\/p>\n<p><\/body><br \/>\n<\/html><\/p>","protected":false},"excerpt":{"rendered":"<p>Bucket Cylinder For Volvo Small Excavator BL\/60B Bucket Cylinder For Volvo Small Excavator BL\/60B Introduction The bucket cylinder for Volvo small excavator BL\/60B is a specially designed hydraulic cylinder used to control the movement of the bucket in heavy machinery such as excavators, backhoe loaders, and front-end loaders. Its main function is to enable the [&hellip;]<\/p>","protected":false},"featured_media":14769,"comment_status":"open","ping_status":"closed","template":"","meta":{"_et_pb_use_builder":"","_et_pb_old_content":"","_et_gb_content_width":""},"product_brand":[],"product_cat":[1494],"product_tag":[1495,1496],"class_list":{"0":"post-15383","1":"product","2":"type-product","3":"status-publish","4":"has-post-thumbnail","6":"product_cat-bucket-cylinders","7":"product_tag-bucket-cylinders","8":"product_tag-hydraulic-cylinders","10":"first","11":"instock","12":"shipping-taxable","13":"product-type-simple"},"amp_enabled":true,"_links":{"self":[{"href":"https:\/\/www.hydraulic-cylinders.net\/lt\/wp-json\/wp\/v2\/product\/15383","targetHints":{"allow":["GET"]}}],"collection":[{"href":"https:\/\/www.hydraulic-cylinders.net\/lt\/wp-json\/wp\/v2\/product"}],"about":[{"href":"https:\/\/www.hydraulic-cylinders.net\/lt\/wp-json\/wp\/v2\/types\/product"}],"replies":[{"embeddable":true,"href":"https:\/\/www.hydraulic-cylinders.net\/lt\/wp-json\/wp\/v2\/comments?post=15383"}],"wp:featuredmedia":[{"embeddable":true,"href":"https:\/\/www.hydraulic-cylinders.net\/lt\/wp-json\/wp\/v2\/media\/14769"}],"wp:attachment":[{"href":"https:\/\/www.hydraulic-cylinders.net\/lt\/wp-json\/wp\/v2\/media?parent=15383"}],"wp:term":[{"taxonomy":"product_brand","embeddable":true,"href":"https:\/\/www.hydraulic-cylinders.net\/lt\/wp-json\/wp\/v2\/product_brand?post=15383"},{"taxonomy":"product_cat","embeddable":true,"href":"https:\/\/www.hydraulic-cylinders.net\/lt\/wp-json\/wp\/v2\/product_cat?post=15383"},{"taxonomy":"product_tag","embeddable":true,"href":"https:\/\/www.hydraulic-cylinders.net\/lt\/wp-json\/wp\/v2\/product_tag?post=15383"}],"curies":[{"name":"wp","href":"https:\/\/api.w.org\/{rel}","templated":true}]}}