{"id":15384,"date":"2025-01-19T14:27:49","date_gmt":"2025-01-19T14:27:49","guid":{"rendered":"https:\/\/www.hydraulic-cylinders.net\/product\/bucket-cylinder-for-volvo-small-excavator-ec-88d\/"},"modified":"2025-01-19T14:27:51","modified_gmt":"2025-01-19T14:27:51","slug":"bucket-cylinder-for-volvo-small-excavator-ec-88d","status":"publish","type":"product","link":"https:\/\/www.hydraulic-cylinders.net\/lt\/produktas\/bucket-cylinder-for-volvo-small-excavator-ec-88d\/","title":{"rendered":"Kau\u0161o cilindras Volvo ma\u017eajam ekskavatoriui EC 88D"},"content":{"rendered":"<h1>Kau\u0161o cilindras Volvo ma\u017eajam ekskavatoriui EC 88D<\/h1>\n<h2>\u012evadas<\/h2>\n<p>Kau\u0161o cilindras, skirtas \u201eVolvo\u201c ma\u017eajam ekskavatoriui EC 88D, yra specializuotas hidraulinis cilindras, skirtas valdyti kau\u0161o jud\u0117jim\u0105 sunkiojoje technikoje, tokioje kaip ekskavatoriai, ekskavatoriniai krautuvai ir frontaliniai krautuvai. Jo pagrindin\u0117 funkcija \u2013 pakelti, nuleisti ir pakreipti kau\u0161\u0105, kad b\u016bt\u0173 lengviau atlikti \u012fvairias med\u017eiag\u0173 tvarkymo u\u017eduotis. Hidraulin\u0117je sistemoje kau\u0161o cilindras tiksliai valdo kau\u0161\u0105 keisdamas hidraulin\u0117s alyvos sl\u0117g\u012f, tod\u0117l operatoriai gali efektyviai valdyti sunkius krovinius, prisitaikyti prie sud\u0117tingos darbo aplinkos ir \u012fvairi\u0173 eksploatavimo poreiki\u0173.<\/p>\n<p><img decoding=\"async\" src=\"https:\/\/www.hydraulic-cylinders.net\/wp-content\/uploads\/2025\/01\/songte-company-2.webp\" alt=\"Kau\u0161o cilindras Volvo ma\u017eajam ekskavatoriui EC 88D\"><\/p>\n<h2>Savyb\u0117s<\/h2>\n<ul>\n<li>Didelis stiprumas ir ilgaam\u017ei\u0161kumas: Paprastai pagaminti i\u0161 didelio stiprumo plieno arba aliuminio, galintys atlaikyti auk\u0161t\u0105 sl\u0117g\u012f ir dideles apkrovas, pritaikyti at\u0161iaurioms darbo aplinkoms, suprojektuoti atsi\u017evelgiant \u012f atsparum\u0105 dilimui ir korozijai, prailginantys tarnavimo laik\u0105.<\/li>\n<li>Efektyvus hidraulinis veikimas: hidraulin\u0117s alyvos sl\u0117gis u\u017etikrina skland\u0173 teleskopin\u012f veikim\u0105, greitai reaguoja \u012f valdymo komandas, u\u017etikrina galing\u0105 st\u016bmimo ir traukimo j\u0117g\u0105, tinka sunkiems kroviniams kelti ir sud\u0117tingoms eksploatavimo u\u017eduotims atlikti.<\/li>\n<li>\u012evair\u016bs tipai: pagal reikalavimus, kad b\u016bt\u0173 patenkinti skirtingi eksploatavimo poreikiai, galima pasirinkti vienpusio veikimo (hidraulinius tik viena kryptimi) arba dvipusio veikimo (hidraulinius abiem kryptimis) cilindrus. Kai kurie modeliai yra teleskopiniai, tod\u0117l juos galima labiau i\u0161tiesti nedidinant i\u0161orini\u0173 matmen\u0173, tod\u0117l jie tinka naudoti ribotoje erdv\u0117je.<\/li>\n<li>Kei\u010diamas kitais hidrauliniais cilindrais: m\u016bs\u0173 gaminys gali puikiai pakeisti \u0161iuos hidraulinius cilindrus.<\/li>\n<li>Pritaikoma pagal kliento reikalavimus: Galime teikti pritaikytas paslaugas pagal kliento reikalavimus.<\/li>\n<\/ul>\n<p><img decoding=\"async\" src=\"https:\/\/www.hydraulic-cylinders.net\/wp-content\/uploads\/2025\/01\/songte-cylinder-head-with-all-kinds-excavator-models.webp\" alt=\"Kau\u0161o cilindras Volvo ma\u017eajam ekskavatoriui EC 88D\"><\/p>\n<h2>Parai\u0161kos<\/h2>\n<p>Kau\u0161\u0173 cilindrai pla\u010diai naudojami \u012fvairiose sunkiosiose ma\u0161inose, \u012fskaitant, bet neapsiribojant:<\/p>\n<ul>\n<li>Statybin\u0117 \u012franga: ekskavatoriuose jie yra b\u016btini kasant, kraunant ir perkeliant grunt\u0105 ar \u0161iuk\u0161les. Ekskavatoriuose kau\u0161o cilindrai padeda tiek kasant, tiek keliant. <\/li>\n<li>\u017dem\u0117s \u016bkio technika: naudojama priekiniuose krautuvuose dirvo\u017eemiui, \u0161ienui ir kitoms med\u017eiagoms kasti, kelti ir transportuoti. <\/li>\n<li>Ekskavatoriai: Kau\u0161\u0173 cilindrai leid\u017eia kasti, nes kau\u0161ai gali prasiskverbti \u012f dirv\u0105.<\/li>\n<li>Priekiniai krautuvai: Priekiniuose krautuvuose jie padeda efektyviai pakelti ir i\u0161krauti prekes.<\/li>\n<\/ul>\n<p>\u0160ios taikymo sritys yra tik keli pavyzd\u017eiai i\u0161 daugyb\u0117s sunki\u0173j\u0173 ma\u0161in\u0173, kurioms gali b\u016bti naudingi kau\u0161\u0173 cilindrai.<\/p>\n<h2>Projektavimo aspektai ir atrankos kriterijai<\/h2>\n<p>Projektuojant cilindrinius \u010diaupus, reikia atsi\u017evelgti \u012f kelis veiksnius:<\/p>\n<ul>\n<li>Geb\u0117jimas i\u0161laikyti svor\u012f: Cilindras turi atlaikyti numatomas apkrovas ir j\u0117gas, susidaran\u010dias naudojant.<\/li>\n<li>Sandarinimas: Siekiant i\u0161vengti nuot\u0117kio ir u\u017etikrinti tinkam\u0105 veikim\u0105, b\u016btina naudoti \u012fvairius sandariklius, tokius kaip st\u016bmokliniai ir kot\u0173 sandarikliai. Sandarikliai paprastai gaminami i\u0161 atspari\u0173 dilimui med\u017eiag\u0173, toki\u0173 kaip poliuretanas ir nitrilo kau\u010diukas.<\/li>\n<li>Patvarumas: Cilindras turi atlaikyti at\u0161iaurias darbo s\u0105lygas ir ilg\u0105 laik\u0105 i\u0161laikyti savo konstrukcin\u012f vientisum\u0105.<\/li>\n<li>Sauga: Cilindras turi b\u016bti suprojektuotas atsi\u017evelgiant \u012f saugos aspektus, kad eksploatacijos metu nekilt\u0173 nelaiming\u0173 atsitikim\u0173.<\/li>\n<li>Prie\u017ei\u016bra: Projektavimo etape reikia atsi\u017evelgti \u012f prie\u017ei\u016bros aspektus, siekiant u\u017etikrinti, kad balion\u0105 b\u016bt\u0173 lengva pri\u017ei\u016br\u0117ti ir remontuoti.<\/li>\n<\/ul>\n<p><img decoding=\"async\" src=\"https:\/\/www.hydraulic-cylinders.net\/wp-content\/uploads\/2025\/01\/songte-oil-pipes-and-spare-parts.webp\" alt=\"Kau\u0161o cilindras Volvo ma\u017eajam ekskavatoriui EC 88D\"><\/p>\n<h2>Sandarinimas ir tepimas<\/h2>\n<p>Kau\u0161o cilindre naudojami \u012fvair\u016bs sandarinimo komponentai, \u012fskaitant st\u016bmoklio ir koto sandariklius, siekiant i\u0161vengti nuot\u0117kio ir u\u017etikrinti tinkam\u0105 veikim\u0105. Sandarikliai paprastai gaminami i\u0161 atspari\u0173 dilimui med\u017eiag\u0173, toki\u0173 kaip poliuretanas ir nitrilo kau\u010diukas. Norint u\u017etikrinti tinkam\u0105 tepim\u0105, \u012f cilindr\u0105 reikia reguliariai \u012fpilti pakankamo kiekio hidraulin\u0117s alyvos.<\/p>\n<h2>Prie\u017ei\u016bra ir remontas<\/h2>\n<p>Reguliarus techninis aptarnavimas yra b\u016btinas norint u\u017etikrinti kau\u0161o cilindro ilgaam\u017ei\u0161kum\u0105 ir tinkam\u0105 veikim\u0105. Kai kurios \u012fprastos technin\u0117s prie\u017ei\u016bros u\u017eduotys apima reguliar\u0173 patikrinim\u0105, tinkam\u0105 tepim\u0105, sandarikli\u0173 keitim\u0105 ir kalibravimo patikrinimus. Tinkamas montavimas ir suderinimas yra labai svarb\u016bs tinkamam cilindro veikimui. Rekomenduojame naudoti tinkamus montavimo laikiklius, kad cilindras b\u016bt\u0173 pritvirtintas vietoje. Taip pat si\u016blome patikros, remonto ir keitimo proced\u016bras, atsargines dalis ir atnaujinimo paslaugas, kad pailgintume kau\u0161o cilindro tarnavimo laik\u0105.<\/p>\n<p><img decoding=\"async\" src=\"https:\/\/www.hydraulic-cylinders.net\/wp-content\/uploads\/2025\/01\/songte-chushion-collar.webp\" alt=\"Kau\u0161o cilindras Volvo ma\u017eajam ekskavatoriui EC 88D\"><\/p>\n<h2>Saugos aspektai ir aplinkos veiksniai<\/h2>\n<p>Naudojant kau\u0161inius cilindrus, saugumas tur\u0117t\u0173 b\u016bti svarbiausias prioritetas. Naudotojai visada tur\u0117t\u0173 laikytis tinkam\u0173 saugos proced\u016br\u0173 ir gairi\u0173, kad u\u017etikrint\u0173 saug\u0173 darb\u0105. Eksploatacijos metu taip pat reik\u0117t\u0173 atsi\u017evelgti \u012f aplinkos veiksnius, tokius kaip temperat\u016bra ir dr\u0117gm\u0117, siekiant u\u017etikrinti optimal\u0173 na\u0161um\u0105 ir ilgaam\u017ei\u0161kum\u0105.<\/p>\n<h2>Gedim\u0173 diagnostika ir trik\u010di\u0173 \u0161alinimas<\/h2>\n<p>Kai kurie da\u017eni gedimai, galintys atsirasti naudojant kau\u0161inius cilindrus, yra alyvos nuot\u0117kis, nepakankama galia ir l\u0117tas veikimas. \u0160ias problemas galima diagnozuoti ir i\u0161spr\u0119sti reguliariai tikrinant, tinkamai sutepant ir pakei\u010diant sandariklius. Tinkamas montavimas, suderinimas ir kalibravimas taip pat yra labai svarb\u016bs siekiant i\u0161vengti galim\u0173 problem\u0173.<\/p>\n<p><img decoding=\"async\" src=\"https:\/\/www.hydraulic-cylinders.net\/wp-content\/uploads\/2025\/01\/songte-bushings-with-all-kinds-of-excavator-models.webp\" alt=\"Kau\u0161o cilindras Volvo ma\u017eajam ekskavatoriui EC 88D\"><\/p>\n<h2>Apie m\u016bs\u0173 \u012fmon\u0119<\/h2>\n<p>Esame pakaitini\u0173 hidraulini\u0173 cilindr\u0173 gamintojas, si\u016blantis plat\u0173 gamini\u0173 asortiment\u0105, tap\u0119s vienu i\u0161 pirmaujan\u010di\u0173 hidraulini\u0173 cilindr\u0173 gamintoj\u0173 ir didmenini\u0173 platintoj\u0173 vidaus ir u\u017esienio rinkose. Laikom\u0117s puikios kokyb\u0117s principo, taikome industrializuotas gamybos valdymo strategijas puikios gamybos dirbtuv\u0117se, nuolat tobuliname dirbtuvi\u0173 gamybos platform\u0105, geriname gamini\u0173 kokyb\u0117s gamybos linij\u0105 ir esame labai k\u016brybingi. Siekdami patenkinti \u012fvairius klient\u0173 poreikius, si\u016blome didelio efektyvumo, didelio tikslumo ir auk\u0161tos kokyb\u0117s gaminius.<\/p>\n<h3>Profesionalumas<\/h3>\n<p>Turime profesionali\u0173 in\u017einieri\u0173 ir technik\u0173 komand\u0105, kuri gali klientams teikti patikimas ir efektyvias paslaugas.<\/p>\n<h3>Tarptautinis sertifikavimas<\/h3>\n<p>M\u016bs\u0173 gaminiai yra sertifikuoti pagal ISO9001, CE ir kitus tarptautinius sertifikatus.<\/p>\n<h3>Pritaikymo paslaugos<\/h3>\n<p>Mes teikiame klientams pritaikytas paslaugas pagal j\u0173 konkre\u010dius reikalavimus, kad patenkintume \u012fvairius poreikius.<\/p>\n<h3>Gamybos \u012franga<\/h3>\n<p>Naudojame pa\u017eangi\u0105 \u012frang\u0105 ir bandym\u0173 sistemas, kad u\u017etikrintume gamini\u0173 kokyb\u0119 ir patikimum\u0105.<\/p>\n<h3>Aptarnavimas po pardavimo<\/h3>\n<p>Klientams teikiame i\u0161samias garantinio aptarnavimo paslaugas, \u012fskaitant patikros, remonto ir keitimo proced\u016bras, atsargini\u0173 dali\u0173 tiekim\u0105 ir remonto paslaugas.<\/p>\n<p><img decoding=\"async\" src=\"https:\/\/hzpt.com\/wp-content\/uploads\/2024\/11\/songte-company-1.webp\" alt=\"Kau\u0161o cilindras Volvo ma\u017eajam ekskavatoriui EC 88D\"><\/p>\n<p><em>Autorius: lyl<\/em><\/p>","protected":false},"excerpt":{"rendered":"<p>Bucket Cylinder For Volvo Small Excavator EC 88D Introduction A bucket cylinder for Volvo small excavator EC 88D is a specialized hydraulic cylinder designed for controlling the movement of the bucket in heavy machinery such as excavators, backhoe loaders, and front loaders. Its main function is to lift, lower, and tilt the bucket to facilitate [&hellip;]<\/p>","protected":false},"featured_media":14765,"comment_status":"open","ping_status":"closed","template":"","meta":{"_et_pb_use_builder":"","_et_pb_old_content":"","_et_gb_content_width":""},"product_brand":[],"product_cat":[1494],"product_tag":[1495,1496],"class_list":{"0":"post-15384","1":"product","2":"type-product","3":"status-publish","4":"has-post-thumbnail","6":"product_cat-bucket-cylinders","7":"product_tag-bucket-cylinders","8":"product_tag-hydraulic-cylinders","10":"first","11":"instock","12":"shipping-taxable","13":"product-type-simple"},"amp_enabled":true,"_links":{"self":[{"href":"https:\/\/www.hydraulic-cylinders.net\/lt\/wp-json\/wp\/v2\/product\/15384","targetHints":{"allow":["GET"]}}],"collection":[{"href":"https:\/\/www.hydraulic-cylinders.net\/lt\/wp-json\/wp\/v2\/product"}],"about":[{"href":"https:\/\/www.hydraulic-cylinders.net\/lt\/wp-json\/wp\/v2\/types\/product"}],"replies":[{"embeddable":true,"href":"https:\/\/www.hydraulic-cylinders.net\/lt\/wp-json\/wp\/v2\/comments?post=15384"}],"wp:featuredmedia":[{"embeddable":true,"href":"https:\/\/www.hydraulic-cylinders.net\/lt\/wp-json\/wp\/v2\/media\/14765"}],"wp:attachment":[{"href":"https:\/\/www.hydraulic-cylinders.net\/lt\/wp-json\/wp\/v2\/media?parent=15384"}],"wp:term":[{"taxonomy":"product_brand","embeddable":true,"href":"https:\/\/www.hydraulic-cylinders.net\/lt\/wp-json\/wp\/v2\/product_brand?post=15384"},{"taxonomy":"product_cat","embeddable":true,"href":"https:\/\/www.hydraulic-cylinders.net\/lt\/wp-json\/wp\/v2\/product_cat?post=15384"},{"taxonomy":"product_tag","embeddable":true,"href":"https:\/\/www.hydraulic-cylinders.net\/lt\/wp-json\/wp\/v2\/product_tag?post=15384"}],"curies":[{"name":"wp","href":"https:\/\/api.w.org\/{rel}","templated":true}]}}