{"id":15385,"date":"2025-01-19T14:27:53","date_gmt":"2025-01-19T14:27:53","guid":{"rendered":"https:\/\/www.hydraulic-cylinders.net\/product\/bucket-cylinder-for-volvo-small-excavator-ec140blc\/"},"modified":"2025-01-19T14:27:55","modified_gmt":"2025-01-19T14:27:55","slug":"bucket-cylinder-for-volvo-small-excavator-ec140blc","status":"publish","type":"product","link":"https:\/\/www.hydraulic-cylinders.net\/lt\/produktas\/bucket-cylinder-for-volvo-small-excavator-ec140blc\/","title":{"rendered":"Kau\u0161o cilindras Volvo ma\u017eam ekskavatoriui EC140BLC"},"content":{"rendered":"<h1>Kau\u0161o cilindras Volvo ma\u017eam ekskavatoriui EC140BLC<\/h1>\n<h2>\u012evadas<\/h2>\n<p>Kau\u0161o cilindras, skirtas \u201eVolvo\u201c ma\u017eajam ekskavatoriui EC140BLC, yra specializuotas hidraulinis cilindras, naudojamas valdyti kau\u0161o jud\u0117jim\u0105 sunkiojoje technikoje, tokioje kaip ekskavatoriai, ekskavatoriniai ekskavatoriai ir frontaliniai krautuvai. Jo pagrindin\u0117 funkcija \u2013 leisti kau\u0161ui pakilti, nuleisti ir pakreipti, kad b\u016bt\u0173 lengviau transportuoti \u012fvairias med\u017eiagas. Hidraulin\u0117je sistemoje kau\u0161o cilindras naudoja hidraulin\u0117s alyvos sl\u0117gio poky\u010dius, kad valdyt\u0173 tiksl\u0173 kau\u0161o jud\u0117jim\u0105, leisdamas operatoriams efektyviai tvarkyti sunkius objektus ir prisitaikyti prie sud\u0117tingos darbo aplinkos bei \u012fvairi\u0173 eksploatavimo reikalavim\u0173.<\/p>\n<p><img decoding=\"async\" src=\"https:\/\/www.hydraulic-cylinders.net\/wp-content\/uploads\/2025\/01\/songte-company-2.webp\" alt=\"Kau\u0161o cilindras Volvo ma\u017eajam ekskavatoriui EC140BLC\" \/><\/p>\n<h2>Savyb\u0117s<\/h2>\n<ul>\n<li>\n<h3>Didelis stiprumas ir ilgaam\u017ei\u0161kumas<\/h3>\n<p>Kau\u0161iniai cilindrai paprastai gaminami i\u0161 didelio stiprumo plieno arba aliuminio, galintys atlaikyti auk\u0161t\u0105 sl\u0117g\u012f ir dideles apkrovas, ir yra suprojektuoti atsi\u017evelgiant \u012f atsparum\u0105 dilimui ir korozijai, siekiant prailginti cilindro tarnavimo laik\u0105.<\/p>\n<\/li>\n<li>\n<h3>Efektyvus hidraulinis valdymas<\/h3>\n<p>Kau\u0161o cilindrai naudoja hidraulin\u0117s alyvos sl\u0117g\u012f, kad u\u017etikrint\u0173 skland\u0173 i\u0161pl\u0117tim\u0105 ir \u012ftraukim\u0105, greitai reaguot\u0173 \u012f valdymo komandas, u\u017etikrindami stipri\u0105 st\u016bmimo ir traukimo j\u0117g\u0105, tinka sunkiems daiktams tvarkyti ir sud\u0117tingoms operacijoms atlikti.<\/p>\n<\/li>\n<li>\n<h3>\u012evair\u016bs tipai<\/h3>\n<p>Kau\u0161\u0173 cilindrai gali b\u016bti vienpusio veikimo (hidrauliniai, naudojami tik viena kryptimi) arba dvipusio veikimo (hidrauliniai, naudojami dviem kryptimis), kad atitikt\u0173 skirtingus eksploatacinius reikalavimus. Kai kurie modeliai yra teleskopiniai, tod\u0117l juos galima labiau i\u0161tiesti nedidinant i\u0161orini\u0173 matmen\u0173, tod\u0117l jie tinka naudoti ribotoje erdv\u0117je.<\/p>\n<\/li>\n<li>\n<h3>Suderinamas pakeitimas<\/h3>\n<p>M\u016bs\u0173 gaminiai gali puikiai pakeisti \u0161iuos hidraulinius cilindrus.<\/p>\n<\/li>\n<\/ul>\n<p><img decoding=\"async\" src=\"https:\/\/www.hydraulic-cylinders.net\/wp-content\/uploads\/2025\/01\/songte-cylinder-head-with-all-kinds-excavator-models.webp\" alt=\"Kau\u0161o cilindras Volvo ma\u017eajam ekskavatoriui EC140BLC\" \/><\/p>\n<h2>Parai\u0161kos<\/h2>\n<p>Kau\u0161\u0173 cilindrai pla\u010diai naudojami \u012fvairiose sunkiosiose ma\u0161inose, \u012fskaitant, bet neapsiribojant:<\/p>\n<ul>\n<li>\n<h3>Statybin\u0117 \u012franga<\/h3>\n<p>Ekskavatoriuose jie yra labai svarb\u016bs kasant, kraunant ir perkeliant \u017eem\u0119 ar \u0161iuk\u0161les. Ekskavatoriuose kau\u0161o cilindrai padeda ir kasti, ir kelti. Priekiniuose krautuvuose jie padeda efektyviai kelti ir pakreipti prekes.<\/p>\n<\/li>\n<li>\n<h3>\u017dem\u0117s \u016bkio technika<\/h3>\n<p>Naudojamas frontaliniams krautuvams, dirvo\u017eemio, \u0161ieno ir kit\u0173 med\u017eiag\u0173 kasimui, k\u0117limui ir transportavimui.<\/p>\n<\/li>\n<li>\n<h3>Ekskavatoriai<\/h3>\n<p>Kau\u0161o cilindrai leid\u017eia kasti, leisdami kau\u0161ui \u012fsiskverbti \u012f dirv\u0105.<\/p>\n<\/li>\n<\/ul>\n<h2>Projektavimo aspektai ir atrankos kriterijai<\/h2>\n<p>Kau\u0161\u0173 cilindrai projektuojami atsi\u017evelgiant \u012f pagrindinius veiksnius, tokius kaip laikomoji galia, sandarumas, ilgaam\u017ei\u0161kumas, saugumas ir prie\u017ei\u016bra.<\/p>\n<ul>\n<li>\n<h3>Apkrovos paj\u0117gumas<\/h3>\n<p>Kau\u0161\u0173 cilindrai yra sukurti taip, kad atlaikyt\u0173 auk\u0161t\u0105 sl\u0117g\u012f ir dideles apkrovas, tod\u0117l gali valdyti didelius svorio kiekius.<\/p>\n<\/li>\n<li>\n<h3>Sandarumas ir ilgaam\u017ei\u0161kumas<\/h3>\n<p>Kau\u0161ini\u0173 cilindr\u0173 sandarinimo komponentai, tokie kaip st\u016bmokli\u0173 sandarikliai, stryp\u0173 sandarikliai ir kt. Sandarikliai pagaminti i\u0161 atspari\u0173 dilimui med\u017eiag\u0173, toki\u0173 kaip poliuretanas, nitrilo kau\u010diukas ir kt. Cilindro korpusas ir srieginis galas yra kruop\u0161\u010diai apdirbti, siekiant pagerinti atsparum\u0105 dilimui. Cilindro komponentams sutepti b\u016btina reguliariai \u012fpilti atitinkamos hidraulin\u0117s alyvos.<\/p>\n<\/li>\n<li>\n<h3>Saugumas<\/h3>\n<p>Kau\u0161\u0173 cilindrai turi b\u016bti suprojektuoti atsi\u017evelgiant \u012f saugum\u0105, kad b\u016bt\u0173 i\u0161vengta nelaiming\u0173 atsitikim\u0173. Tinkamas montavimas, reguliari prie\u017ei\u016bra ir saugos gairi\u0173 laikymasis yra b\u016btini siekiant u\u017etikrinti saug\u0173 ir efektyv\u0173 veikim\u0105.<\/p>\n<\/li>\n<li>\n<h3>Prie\u017ei\u016bra<\/h3>\n<p>Reguliarus patikrinimas ir prevencin\u0117s prie\u017ei\u016bros priemon\u0117s yra labai svarbios siekiant u\u017etikrinti kau\u0161o cilindr\u0173 ilgaam\u017ei\u0161kum\u0105 ir optimal\u0173 veikim\u0105. Reguliarus aptarnavimas apima susid\u0117v\u0117jusi\u0173 sandarikli\u0173 keitim\u0105, strypo patikrinim\u0105, ar jis n\u0117ra sulink\u0119s ar susid\u0117v\u0117j\u0119s, ir reguliar\u0173 cilindro korpuso bei st\u016bmoklio koto valym\u0105.<\/p>\n<\/li>\n<\/ul>\n<p><img decoding=\"async\" src=\"https:\/\/www.hydraulic-cylinders.net\/wp-content\/uploads\/2025\/01\/songte-oil-pipes-and-spare-parts.webp\" alt=\"Kau\u0161o cilindras Volvo ma\u017eajam ekskavatoriui EC140BLC\" \/><\/p>\n<h2>Prie\u017ei\u016bra ir trik\u010di\u0173 \u0161alinimas<\/h2>\n<p>Tinkama prie\u017ei\u016bra ir trik\u010di\u0173 \u0161alinimas yra svarb\u016bs, kad kau\u0161o cilindrai veikt\u0173 kuo geriau. Reguliarios prie\u017ei\u016bros u\u017eduotys apima:<\/p>\n<ul>\n<li>\n<h3>Reguliarus patikrinimas<\/h3>\n<p>Kau\u0161o cilindro sandarikli\u0173, strypo ir cilindro korpuso ap\u017ei\u016bra, ar n\u0117ra defekt\u0173 ar pa\u017eeidim\u0173, ir patikrinimas, ar n\u0117ra nuot\u0117ki\u0173 bei tinkamo veikimo.<\/p>\n<\/li>\n<li>\n<h3>Tepimas<\/h3>\n<p>Reguliariai tepkite cilindro komponentus rekomenduojama hidrauline alyva.<\/p>\n<\/li>\n<li>\n<h3>Tarpiklio keitimas ir kalibravimo patikrinimas<\/h3>\n<p>Pakeiskite visus susid\u0117v\u0117jusius sandariklius ir patikrinkite cilindro kalibravim\u0105, kad \u012fsitikintum\u0117te, jog jis veikia tinkamai.<\/p>\n<\/li>\n<\/ul>\n<p>Svarbu teisingai sumontuoti kau\u0161o cilindrus, u\u017etikrinant sulygiavim\u0105, naudojant tinkamus tvirtinimo laikiklius ir laikantis rekomenduojam\u0173 patikrinimo, remonto ir keitimo proced\u016br\u0173, kad b\u016bt\u0173 pagerintas j\u0173 ilgaam\u017ei\u0161kumas ir efektyvumas. Reguliarus techninis aptarnavimas ir tinkamas trik\u010di\u0173 \u0161alinimas yra labai svarb\u016bs siekiant i\u0161vengti problem\u0173 ir u\u017etikrinti optimal\u0173 na\u0161um\u0105. <\/p>\n<p><img decoding=\"async\" src=\"https:\/\/www.hydraulic-cylinders.net\/wp-content\/uploads\/2025\/01\/songte-chushion-collar.webp\" alt=\"Kau\u0161o cilindras Volvo ma\u017eajam ekskavatoriui EC140BLC\" \/><\/p>\n<h2>Saugos ir aplinkosaugos aspektai<\/h2>\n<p>Naudojant kau\u0161inius cilindrus, saugos priemon\u0117s yra labai svarbios siekiant i\u0161vengti nelaiming\u0173 atsitikim\u0173. B\u016btina tinkamai laikyti ir tvarkyti hidraulin\u0119 alyv\u0105, tinkamai naudoti saugos \u012frang\u0105 ir laikytis saugos nurodym\u0173.<\/p>\n<h2>\u012emon\u0117s pristatymas<\/h2>\n<p>Esame pakaitini\u0173 hidraulini\u0173 cilindr\u0173 gamintojas. M\u016bs\u0173 \u012fmon\u0117 si\u016blo plat\u0173 gamini\u0173 asortiment\u0105 ir tapo viena i\u0161 pirmaujan\u010di\u0173 hidraulini\u0173 cilindr\u0173 gamintoj\u0173 ir didmeninink\u0173 vidaus ir u\u017esienio rinkose. Vadovaujam\u0117s puikios kokyb\u0117s strategija ir remiam\u0117s pramonin\u0117s gamybos valdymu puikiuose gamybos cechuose, nuolat tobulindami savo gamybos platform\u0105, tobulindami gamybos kokyb\u0117s keli\u0105 ir tur\u0117dami stiprius k\u016brimo paj\u0117gumus. Vadovaudamiesi didelio efektyvumo, didelio tikslumo ir auk\u0161tos kokyb\u0117s principais, tenkiname \u012fvairius savo klient\u0173 poreikius. <\/p>\n<p><img decoding=\"async\" src=\"https:\/\/hzpt.com\/wp-content\/uploads\/2024\/11\/songte-company-1.webp\" alt=\"Kau\u0161o cilindras Volvo ma\u017eajam ekskavatoriui EC140BLC\" \/><\/p>\n<p>Si\u016blome i\u0161samias paslaugas, \u012fskaitant profesionali\u0105 patirt\u012f, tarptautin\u012f sertifikavim\u0105, individualias paslaugas, gamybos \u012frang\u0105 ir garantin\u012f aptarnavim\u0105.<\/p>\n<h2>Autorius<\/h2>\n<p>Autorius: lyl<\/p>","protected":false},"excerpt":{"rendered":"<p>Bucket Cylinder For Volvo Small Excavator EC140BLC Introduction A bucket cylinder for Volvo small excavator EC140BLC is a specialized hydraulic cylinder used to control the movement of the bucket in heavy machinery such as excavators, backhoe excavators, and front-end loaders. Its main function is to enable the bucket to lift, lower, and tilt, making it [&hellip;]<\/p>","protected":false},"featured_media":14762,"comment_status":"open","ping_status":"closed","template":"","meta":{"_et_pb_use_builder":"","_et_pb_old_content":"","_et_gb_content_width":""},"product_brand":[],"product_cat":[1494],"product_tag":[1495,1496],"class_list":{"0":"post-15385","1":"product","2":"type-product","3":"status-publish","4":"has-post-thumbnail","6":"product_cat-bucket-cylinders","7":"product_tag-bucket-cylinders","8":"product_tag-hydraulic-cylinders","10":"first","11":"instock","12":"shipping-taxable","13":"product-type-simple"},"amp_enabled":true,"_links":{"self":[{"href":"https:\/\/www.hydraulic-cylinders.net\/lt\/wp-json\/wp\/v2\/product\/15385","targetHints":{"allow":["GET"]}}],"collection":[{"href":"https:\/\/www.hydraulic-cylinders.net\/lt\/wp-json\/wp\/v2\/product"}],"about":[{"href":"https:\/\/www.hydraulic-cylinders.net\/lt\/wp-json\/wp\/v2\/types\/product"}],"replies":[{"embeddable":true,"href":"https:\/\/www.hydraulic-cylinders.net\/lt\/wp-json\/wp\/v2\/comments?post=15385"}],"wp:featuredmedia":[{"embeddable":true,"href":"https:\/\/www.hydraulic-cylinders.net\/lt\/wp-json\/wp\/v2\/media\/14762"}],"wp:attachment":[{"href":"https:\/\/www.hydraulic-cylinders.net\/lt\/wp-json\/wp\/v2\/media?parent=15385"}],"wp:term":[{"taxonomy":"product_brand","embeddable":true,"href":"https:\/\/www.hydraulic-cylinders.net\/lt\/wp-json\/wp\/v2\/product_brand?post=15385"},{"taxonomy":"product_cat","embeddable":true,"href":"https:\/\/www.hydraulic-cylinders.net\/lt\/wp-json\/wp\/v2\/product_cat?post=15385"},{"taxonomy":"product_tag","embeddable":true,"href":"https:\/\/www.hydraulic-cylinders.net\/lt\/wp-json\/wp\/v2\/product_tag?post=15385"}],"curies":[{"name":"wp","href":"https:\/\/api.w.org\/{rel}","templated":true}]}}