{"id":15390,"date":"2025-01-19T14:28:12","date_gmt":"2025-01-19T14:28:12","guid":{"rendered":"https:\/\/www.hydraulic-cylinders.net\/product\/bucket-cylinder-for-volvo-middle-excavator-ec200b\/"},"modified":"2025-01-19T14:28:14","modified_gmt":"2025-01-19T14:28:14","slug":"bucket-cylinder-for-volvo-middle-excavator-ec200b","status":"publish","type":"product","link":"https:\/\/www.hydraulic-cylinders.net\/lt\/produktas\/bucket-cylinder-for-volvo-middle-excavator-ec200b\/","title":{"rendered":"Kau\u0161o cilindras Volvo vidutinio dyd\u017eio ekskavatoriui EC200B"},"content":{"rendered":"<h1>Kau\u0161o cilindras Volvo vidutinio dyd\u017eio ekskavatoriui EC200B<\/h1>\n<h2>\u012evadas<\/h2>\n<p>Kau\u0161o cilindras yra specialiai suprojektuotas hidraulinis cilindras, naudojamas valdyti kau\u0161\u0173 jud\u0117jim\u0105 sunkiosiose ma\u0161inose, tokiose kaip ekskavatoriai, ekskavatoriniai krautuvai ir frontaliniai krautuvai. Jo pagrindin\u0117 funkcija yra pakelti, nuleisti ir pakreipti kau\u0161\u0105, kad b\u016bt\u0173 lengviau atlikti \u012fvairias med\u017eiag\u0173 tvarkymo u\u017eduotis. Hidraulin\u0117je sistemoje kau\u0161o cilindras tiksliai valdo kau\u0161\u0105, keisdamas hidraulin\u0117s alyvos sl\u0117g\u012f, tod\u0117l operatoriai gali efektyviai valdyti sunkius krovinius, prisitaikyti prie sud\u0117tingos darbo aplinkos ir \u012fvairi\u0173 eksploatavimo reikalavim\u0173.<\/p>\n<p><img decoding=\"async\" src=\"https:\/\/www.hydraulic-cylinders.net\/wp-content\/uploads\/2025\/01\/songte-company-2.webp\" alt=\"Kau\u0161o cilindro vaizdas\"><\/p>\n<h2>Savyb\u0117s<\/h2>\n<ul>\n<li><strong>Didelis stiprumas ir ilgaam\u017ei\u0161kumas:<\/strong> Paprastai pagamintas i\u0161 didelio stiprumo plieno arba aliuminio, jis gali atlaikyti auk\u0161t\u0105 sl\u0117g\u012f ir dideles apkrovas, prisitaikydamas prie at\u0161iauri\u0173 darbo s\u0105lyg\u0173. Konstrukcijoje atsi\u017evelgiama \u012f atsparum\u0105 dilimui ir korozijai, taip pailginant tarnavimo laik\u0105.<\/li>\n<li><strong>Efektyvus hidraulinis valdymas:<\/strong> Jis pasiekia skland\u0173 i\u0161sipl\u0117tim\u0105 ir susitraukim\u0105 naudodamas hidraulin\u0117s alyvos sl\u0117g\u012f, greitai reaguoja \u012f valdymo komandas, u\u017etikrina galing\u0105 st\u016bmimo ir traukimo j\u0117g\u0105 ir tinka sunkiems kroviniams valdyti bei sud\u0117tingoms eksploatavimo u\u017eduotims atlikti.<\/li>\n<li><strong>\u012evair\u016bs tipai:<\/strong> Pagal eksploatacinius reikalavimus galima pasirinkti vienpusio veikimo (hidraulika naudojama tik viena kryptimi) arba dvipusio veikimo (hidraulika naudojama abiem kryptimis) cilindrus. Kai kurie modeliai yra teleskopiniai, tod\u0117l juos galima labiau i\u0161tiesti nedidinant i\u0161orini\u0173 matmen\u0173, tod\u0117l jie tinka naudoti ribotoje erdv\u0117je.<\/li>\n<li><strong>Pritaikoma gamyba:<\/strong> M\u016bs\u0173 gaminiai gali puikiai pakeisti \u0161iuos hidraulinius cilindrus.<\/li>\n<li><strong>Pla\u010diai naudojamas:<\/strong> Kau\u0161o cilindras naudojamas \u012fvairiose srityse, tokiose kaip statybin\u0117 \u012franga, \u017eem\u0117s \u016bkio technika, ekskavatoriai ir frontaliniai krautuvai. <\/li>\n<\/ul>\n<p><img decoding=\"async\" src=\"https:\/\/www.hydraulic-cylinders.net\/wp-content\/uploads\/2025\/01\/songte-cylinder-head-with-all-kinds-excavator-models.webp\" alt=\"Kau\u0161o cilindro pakeitimo paveiksl\u0117lis\"><\/p>\n<h2>Parai\u0161kos<\/h2>\n<h3>Statybin\u0117 \u012franga<\/h3>\n<p>Ekskavatoriuose jie yra b\u016btini kasant, kraunant ir perkeliant grunt\u0105 ar \u0161iuk\u0161les. Ekskavatoriuose-krautuvuose kau\u0161o cilindras padeda tiek kasti, tiek kelti. <\/p>\n<h3>\u017dem\u0117s \u016bkio technika<\/h3>\n<p>Naudojamas frontaliniams krautuvams, dirvo\u017eemio, \u0161ieno ir kit\u0173 med\u017eiag\u0173 pakavimui, k\u0117limui ir transportavimui. <\/p>\n<h3>Ekskavatoriai<\/h3>\n<p>Kau\u0161o cilindras leid\u017eia atlikti kasimo veiksmus, leisdamas kau\u0161ui \u012fsiskverbti \u012f dirv\u0105. <\/p>\n<h3>Priekiniai krautuvai<\/h3>\n<p>Priekiniuose krautuvuose jie padeda efektyviai pakelti ir i\u0161pilti prekes. <\/p>\n<p><img decoding=\"async\" src=\"https:\/\/www.hydraulic-cylinders.net\/wp-content\/uploads\/2025\/01\/songte-chushion-collar.webp\" alt=\"Kau\u0161o cilindro \u012fvor\u0117s vaizdas\"><\/p>\n<h2>Projektavimo aspektai ir atrankos kriterijai<\/h2>\n<h3>Guoli\u0173 talpa<\/h3>\n<p>Kau\u0161o cilindras turi tur\u0117ti pakankam\u0105 laikom\u0105j\u0105 gali\u0105, u\u017etikrinant, kad jis atlaikyt\u0173 maksimali\u0105 apkrov\u0105 ir i\u0161vengt\u0173 pavoj\u0173 saugai.<\/p>\n<h3>Sandarinimas<\/h3>\n<p>Naudojami \u012fvair\u016bs sandarinimo elementai, tokie kaip st\u016bmokli\u0173 ir kot\u0173 sandarikliai, kurie pagaminti i\u0161 atspari\u0173 dilimui med\u017eiag\u0173, toki\u0173 kaip poliuretanas ir nitrilo kau\u010diukas. Cilindro korpusas ir sriegio gal\u0173 pavir\u0161iai yra kruop\u0161\u010diai apdirbti, taip pagerinant atsparum\u0105 dilimui. <\/p>\n<h3>Patvarumas<\/h3>\n<p>Kau\u0161o cilindro patvarumas yra labai svarbus, ypa\u010d atsi\u017evelgiant \u012f at\u0161iaurias darbo s\u0105lygas. Cilindras turi veikti ilg\u0105 laik\u0105 be gedim\u0173.<\/p>\n<h3>Saugumas<\/h3>\n<p>Balionas turi atitikti saugos standartus, u\u017etikrinant, kad jis veikt\u0173 saugiai ir nekelt\u0173 pavojaus operatoriui ar kitiems darbuotojams.<\/p>\n<h3>Prie\u017ei\u016bra<\/h3>\n<p>Kau\u0161o cilindras turi b\u016bti lengvai pri\u017ei\u016brimas, o jo prie\u017ei\u016bros i\u0161laidos ma\u017eos. Sistema turi b\u016bti lengvai prieinama, kad j\u0105 b\u016bt\u0173 galima greitai ir lengvai pri\u017ei\u016br\u0117ti.<\/p>\n<p><img decoding=\"async\" src=\"https:\/\/www.hydraulic-cylinders.net\/wp-content\/uploads\/2025\/01\/songte-oil-pipes-and-spare-parts.webp\" alt=\"Kau\u0161o cilindro atsargini\u0173 dali\u0173 vaizdas\"><\/p>\n<h2>Sandarinimas ir tepimas<\/h2>\n<p>Kau\u0161o cilindre yra \u012fvairi\u0173 sandarinimo dali\u0173, kurios neleid\u017eia hidraulinei alyvai nutek\u0117ti. Sandarinimo med\u017eiagos, tokios kaip poliuretanas ir nitrilo kau\u010diukas, u\u017etikrina atsparum\u0105 dilimui. Reguliariai pildami hidraulin\u0119 alyv\u0105 kau\u0161o cilindrui sutepti, galima pagerinti jo veikimo efektyvum\u0105 ir suma\u017einti gedimo rizik\u0105. <\/p>\n<h2>Prie\u017ei\u016bra ir remontas<\/h2>\n<h3>Reguliar\u016bs patikrinimai<\/h3>\n<p>Reguliar\u016bs patikrinimai gali pad\u0117ti nustatyti galimas problemas ir u\u017ekirsti keli\u0105 cilindro gedimams. Rekomenduojama patikrinti, ar cilindras n\u0117ra susid\u0117v\u0117j\u0119s, deformuotas ar pa\u017eeistas, ir prireikus pakeisti dalis.<\/p>\n<h3>Tinkamas tepimas<\/h3>\n<p>Kau\u0161o cilindras turi b\u016bti tinkamai suteptas, kad b\u016bt\u0173 u\u017etikrintas jo efektyvus veikimas. Rekomenduojama naudoti hidraulin\u0119 alyv\u0105 ir reguliariai jos \u012fpilti \u012f sistem\u0105.<\/p>\n<h3>Sandariklio keitimas<\/h3>\n<p>Susid\u0117v\u0117jusi\u0173 sandarikli\u0173 keitimas gali pagerinti cilindro na\u0161um\u0105 ir i\u0161vengti alyvos nuot\u0117kio.<\/p>\n<h3>Kalibravimo patikrinimas<\/h3>\n<p>Kalibravimo patikrinimas gali pad\u0117ti u\u017etikrinti, kad kau\u0161o cilindras veikt\u0173 tinkamai ir efektyviai.<\/p>\n<p><img decoding=\"async\" src=\"https:\/\/www.hydraulic-cylinders.net\/wp-content\/uploads\/2025\/01\/songte-bushings-with-all-kinds-of-excavator-models.webp\" alt=\"Kau\u0161o cilindro \u012fvor\u0117s vaizdas\"><\/p>\n<h2>Saugos aspektai ir aplinkos veiksniai<\/h2>\n<p>Kau\u0161o cilindras turi atitikti saugos standartus, u\u017etikrinant, kad jis veikt\u0173 saugiai ir nekelt\u0173 pavojaus operatoriui ar kitiems darbuotojams. Tinkamas naudojimas ir prie\u017ei\u016bra gali pad\u0117ti suma\u017einti poveik\u012f aplinkai.<\/p>\n<h2>Da\u017enos problemos ir trik\u010di\u0173 \u0161alinimas<\/h2>\n<p>Kau\u0161o cilindras gali susidurti su \u012fvairiomis problemomis, tokiomis kaip alyvos nuot\u0117kis, cilindro deformacija ir nei\u0161sitempimas\/susitraukimas. Tinkama prie\u017ei\u016bra ir remontas gali i\u0161spr\u0119sti daugum\u0105 problem\u0173.<\/p>\n<h2>\u012emon\u0117s pristatymas<\/h2>\n<p>Esame pakaitini\u0173 hidraulini\u0173 cilindr\u0173 gamintojas, si\u016blantis plat\u0173 gamini\u0173 asortiment\u0105. B\u016bdami vieni i\u0161 pirmaujan\u010di\u0173 hidraulini\u0173 cilindr\u0173 gamintoj\u0173 ir didmenini\u0173 platintoj\u0173 vidaus ir tarptautin\u0117se rinkose, laikom\u0117s meistri\u0161kumo princip\u0173, remiam\u0117s industrializuotomis gamybos valdymo strategijomis, kurias palaiko modernios gamybos dirbtuv\u0117s, nuolat tobuliname dirbtuvi\u0173 gamybos platform\u0105, geriname gamini\u0173 linijos gamybos kokyb\u0119 ir turime stipri\u0173 k\u016brybini\u0173 galimybi\u0173. Mes tenkiname \u012fvairius klient\u0173 poreikius, u\u017etikrindami auk\u0161t\u0105 efektyvum\u0105, tikslum\u0105 ir kokyb\u0119.<\/p>\n<p><img decoding=\"async\" src=\"https:\/\/hzpt.com\/wp-content\/uploads\/2024\/11\/songte-company-1.webp\" alt=\"\u012emon\u0117s \u012fvaizdis\"><\/p>\n<h3>Profesionalumas<\/h3>\n<p>Turime specialist\u0173 komand\u0105, turin\u010di\u0105 daug \u017eini\u0173 ir patirties hidraulini\u0173 cilindr\u0173 srityje, kad u\u017etikrintume m\u016bs\u0173 produkt\u0173 ir paslaug\u0173 kokyb\u0119.<\/p>\n<h3>Tarptautinis sertifikavimas<\/h3>\n<p>M\u016bs\u0173 gaminiai yra sertifikuoti pagal tarptautinius standartus, u\u017etikrinant, kad jie atitikt\u0173 auk\u0161\u010diausius saugos, na\u0161umo ir ilgaam\u017ei\u0161kumo standartus.<\/p>\n<h3>Pritaikymo paslauga<\/h3>\n<p>Teikiame individualias pritaikymo paslaugas, kad patenkintume unikalius klient\u0173 reikalavimus.<\/p>\n<h3>Gamybos \u012franga<\/h3>\n<p>Turime vis\u0105 gamybos \u012frangos komplekt\u0105, \u012fskaitant apdirbimo centrus, CNC tekinimo stakles ir kit\u0105 sud\u0117ting\u0105 gamybos \u012frang\u0105, u\u017etikrinan\u010di\u0105 m\u016bs\u0173 gamini\u0173 kokyb\u0119.<\/p>\n<h3>Aptarnavimas po pardavimo<\/h3>\n<p>Teikiame i\u0161samias garantinio aptarnavimo paslaugas, \u012fskaitant technin\u0119 prie\u017ei\u016br\u0105, remont\u0105 ir detali\u0173 keitim\u0105.<\/p>\n<p><img decoding=\"async\" src=\"https:\/\/www.hydraulic-cylinders.net\/wp-content\/uploads\/2025\/01\/songte-company-3.webp\" alt=\"\u012emon\u0117s \u012fvaizdis\"><\/p>\n<p>Autorius: lyl<\/p>","protected":false},"excerpt":{"rendered":"<p>Bucket Cylinder For Volvo Middle Excavator EC200B Introduction A bucket cylinder is a specially designed hydraulic cylinder used to control the movement of buckets in heavy machinery such as excavators, backhoe loaders, and front-end loaders. Its main function is to lift, lower, and tilt the bucket, making it easier to handle various material handling tasks. [&hellip;]<\/p>","protected":false},"featured_media":14785,"comment_status":"open","ping_status":"closed","template":"","meta":{"_et_pb_use_builder":"","_et_pb_old_content":"","_et_gb_content_width":""},"product_brand":[],"product_cat":[1494],"product_tag":[1495,1496],"class_list":{"0":"post-15390","1":"product","2":"type-product","3":"status-publish","4":"has-post-thumbnail","6":"product_cat-bucket-cylinders","7":"product_tag-bucket-cylinders","8":"product_tag-hydraulic-cylinders","10":"first","11":"instock","12":"shipping-taxable","13":"product-type-simple"},"amp_enabled":true,"_links":{"self":[{"href":"https:\/\/www.hydraulic-cylinders.net\/lt\/wp-json\/wp\/v2\/product\/15390","targetHints":{"allow":["GET"]}}],"collection":[{"href":"https:\/\/www.hydraulic-cylinders.net\/lt\/wp-json\/wp\/v2\/product"}],"about":[{"href":"https:\/\/www.hydraulic-cylinders.net\/lt\/wp-json\/wp\/v2\/types\/product"}],"replies":[{"embeddable":true,"href":"https:\/\/www.hydraulic-cylinders.net\/lt\/wp-json\/wp\/v2\/comments?post=15390"}],"wp:featuredmedia":[{"embeddable":true,"href":"https:\/\/www.hydraulic-cylinders.net\/lt\/wp-json\/wp\/v2\/media\/14785"}],"wp:attachment":[{"href":"https:\/\/www.hydraulic-cylinders.net\/lt\/wp-json\/wp\/v2\/media?parent=15390"}],"wp:term":[{"taxonomy":"product_brand","embeddable":true,"href":"https:\/\/www.hydraulic-cylinders.net\/lt\/wp-json\/wp\/v2\/product_brand?post=15390"},{"taxonomy":"product_cat","embeddable":true,"href":"https:\/\/www.hydraulic-cylinders.net\/lt\/wp-json\/wp\/v2\/product_cat?post=15390"},{"taxonomy":"product_tag","embeddable":true,"href":"https:\/\/www.hydraulic-cylinders.net\/lt\/wp-json\/wp\/v2\/product_tag?post=15390"}],"curies":[{"name":"wp","href":"https:\/\/api.w.org\/{rel}","templated":true}]}}