{"id":15396,"date":"2025-01-19T14:28:44","date_gmt":"2025-01-19T14:28:44","guid":{"rendered":"https:\/\/www.hydraulic-cylinders.net\/product\/bucket-cylinder-for-volvo-middle-excavator-ec210bp\/"},"modified":"2025-01-19T14:28:46","modified_gmt":"2025-01-19T14:28:46","slug":"bucket-cylinder-for-volvo-middle-excavator-ec210bp","status":"publish","type":"product","link":"https:\/\/www.hydraulic-cylinders.net\/lt\/produktas\/bucket-cylinder-for-volvo-middle-excavator-ec210bp\/","title":{"rendered":"Kau\u0161o cilindras Volvo vidutinio dyd\u017eio ekskavatoriui EC210BP"},"content":{"rendered":"<h1>Kau\u0161o cilindras Volvo vidutinio dyd\u017eio ekskavatoriui EC210BP<\/h1>\n<h2>\u012evadas<\/h2>\n<p>\u201eVolvo Middle Excavator EC210BP\u201c kau\u0161o cilindras yra specializuotas hidraulinis cilindras, skirtas valdyti ekskavatori\u0173 jud\u0117jim\u0105 sunkiojoje technikoje, tokioje kaip ekskavatoriai, ekskavatoriai-ekskavatoriai ir frontaliniai krautuvai. Pagrindin\u0117 jo funkcija \u2013 leisti kau\u0161ui pakilti, nuleisti ir pakreipti, kad b\u016bt\u0173 lengviau atlikti \u012fvairias med\u017eiag\u0173 perk\u0117limo u\u017eduotis. Hidraulin\u0117je sistemoje kau\u0161o cilindras tiksliai valdo ekskavatoriaus jud\u0117jim\u0105 keisdamas hidraulin\u0117s alyvos sl\u0117g\u012f, tod\u0117l operatoriai gali efektyviai valdyti sunkius krovinius, prisitaikyti prie sud\u0117tingos darbo aplinkos ir \u012fvairi\u0173 eksploatavimo reikalavim\u0173.<\/p>\n<p><img decoding=\"async\" src=\"https:\/\/www.hydraulic-cylinders.net\/wp-content\/uploads\/2025\/01\/songte-company-2.webp\" alt=\"Kau\u0161o cilindras Volvo vidutinio dyd\u017eio ekskavatoriui EC210BP\"><\/p>\n<h2>Savyb\u0117s<\/h2>\n<ul>\n<li>Didelis stiprumas ir ilgaam\u017ei\u0161kumas: paprastai pagaminti i\u0161 didelio stiprumo plieno arba aliuminio, galintys atlaikyti auk\u0161t\u0105 sl\u0117g\u012f ir dideles apkrovas, prisitaikyti prie at\u0161iauri\u0173 darbo s\u0105lyg\u0173, suprojektuoti atsi\u017evelgiant \u012f atsparum\u0105 dilimui ir korozijai, bei prailgina tarnavimo laik\u0105.<\/li>\n<li>Efektyvus hidraulinis veikimas: naudoja hidraulin\u0117s alyvos sl\u0117g\u012f, kad b\u016bt\u0173 pasiekti skland\u016bs i\u0161pl\u0117timo ir susitraukimo judesiai, gali greitai reaguoti \u012f valdymo komandas, u\u017etikrinti galing\u0105 st\u016bmimo ir traukimo j\u0117g\u0105, tinka sunkiems kroviniams kelti ir sud\u0117tingoms eksploatavimo u\u017eduotims atlikti.<\/li>\n<li>\u012evair\u016bs tipai: tiekiami su vienpusio veikimo (hidraulinis mechanizmas veikia tik viena kryptimi) arba dvipusio veikimo (hidraulinis mechanizmas veikia dviem kryptimis) cilindrais, kad atitikt\u0173 skirtingus eksploatacinius reikalavimus. Kai kurie modeliai yra teleskopiniai, tod\u0117l galima atlikti didesnius prailginimus nedidinant i\u0161orini\u0173 matmen\u0173, tod\u0117l tinka naudoti ribotoje erdv\u0117je.<\/li>\n<li>Gali pakeisti kitus hidraulinius cilindrus: M\u016bs\u0173 gaminys gali puikiai pakeisti esamus hidraulinius cilindrus.<\/li>\n<\/ul>\n<p><img decoding=\"async\" src=\"https:\/\/www.hydraulic-cylinders.net\/wp-content\/uploads\/2025\/01\/songte-cylinder-head-with-all-kinds-excavator-models.webp\" alt=\"Kau\u0161o cilindras Volvo vidutinio dyd\u017eio ekskavatoriui EC210BP\"><\/p>\n<h2>Parai\u0161kos<\/h2>\n<p>\u201eVolvo Middle Excavator EC210BP\u201c kau\u0161o cilindras pla\u010diai naudojamas statybin\u0117je \u012frangoje, tokioje kaip:<\/p>\n<ul>\n<li>Ekskavatoriai: kau\u0161o cilindras leid\u017eia kau\u0161ui \u012fkasti ir perkelti dirv\u0105.<\/li>\n<li>Ekskavatoriai-ekskavatoriai: kau\u0161o cilindras naudingas tiek kasant, tiek keliant.<\/li>\n<li>\u017dem\u0117s \u016bkio technika: naudojama priekiniuose krautuvuose dirvo\u017eemiui, \u0161ienui ir kitoms med\u017eiagoms kasti, kelti ir transportuoti.<\/li>\n<li>Priekiniai krautuvai: kau\u0161o cilindras padeda kelti ir pakreipti krovin\u012f, kad b\u016bt\u0173 galima efektyviai i\u0161krauti krovin\u012f.<\/li>\n<\/ul>\n<p>Toliau i\u0161samiau aptarkime \u0161ias parai\u0161kas:<\/p>\n<h3>Statybin\u0117 \u012franga<\/h3>\n<p>Ekskavatoriuose kau\u0161o cilindras leid\u017eia kau\u0161ui \u012fsiskverbti \u012f dirv\u0105 kasant. Ekskavatoriuose kau\u0161o cilindras naudingas tiek kasant, tiek keliant. Kau\u0161o cilindras leid\u017eia kau\u0161ui \u012fkasti ir perkelti dirv\u0105. Kau\u0161o cilindras padeda kelti, nuleisti ir pakreipti kau\u0161\u0105, kad b\u016bt\u0173 galima efektyviai i\u0161krauti krovin\u012f. Priekiniai krautuvai naudoja kau\u0161o cilindr\u0105 k\u0117limui ir pakreipimui, kad b\u016bt\u0173 galima efektyviai i\u0161krauti krovin\u012f. <\/p>\n<h2>Projektavimo aspektai ir atrankos kriterijai<\/h2>\n<p>\u201eVolvo Middle Excavator EC210BP\u201c kau\u0161o cilindro projektavimo ir pasirinkimo kriterijai yra b\u016btini siekiant u\u017etikrinti \u0161iuos veiksnius:<\/p>\n<ul>\n<li>Keliamoji galia<\/li>\n<li>Sandarinimo savyb\u0117s<\/li>\n<li>Patvarumas<\/li>\n<li>Saugumas<\/li>\n<li>Prie\u017ei\u016bra<\/li>\n<\/ul>\n<p><img decoding=\"async\" src=\"https:\/\/www.hydraulic-cylinders.net\/wp-content\/uploads\/2025\/01\/songte-oil-pipes-and-spare-parts.webp\" alt=\"Kau\u0161o cilindras Volvo vidutinio dyd\u017eio ekskavatoriui EC210BP\"><\/p>\n<h2>Sandarinimas ir tepimas<\/h2>\n<p>\u201eVolvo Middle Excavator EC210BP\u201c kau\u0161o cilindre naudojami \u012fvair\u016bs sandarinimo komponentai, tokie kaip st\u016bmokli\u0173 sandarikliai, stryp\u0173 sandarikliai ir kt., pagaminti i\u0161 atspari\u0173 dilimui med\u017eiag\u0173, toki\u0173 kaip poliuretanas, nitrilo kau\u010diukas ir kt. Cilindro korpusas ir srieginis galas yra kruop\u0161\u010diai apdorojami, kad padid\u0117t\u0173 atsparumas dilimui. Tepimui reikia periodi\u0161kai \u012fpilti tinkamos hidraulin\u0117s alyvos.<\/p>\n<h2>Prie\u017ei\u016bra ir prevencin\u0117s priemon\u0117s<\/h2>\n<p>\u201eVolvo Middle Excavator EC210BP\u201c kau\u0161o cilindrui reikalinga periodin\u0117 patikra ir prevencin\u0117s prie\u017ei\u016bros priemon\u0117s, tokios kaip:<\/p>\n<ul>\n<li>Reguliarus patikrinimas<\/li>\n<li>Tinkamas tepimas<\/li>\n<li>Sandariklio keitimas<\/li>\n<li>Kalibravimo patikrinimas<\/li>\n<\/ul>\n<p>B\u016btina pateikti tinkamas montavimo instrukcijas, kad cilindras b\u016bt\u0173 tinkamai sulygiuotas, ir rekomenduoti naudoti tinkamus montavimo laikiklius cilindrui pritvirtinti. Rekomenduojame konkre\u010dias patikros, remonto ir keitimo proced\u016bras, kad b\u016bt\u0173 prailgintas cilindro tarnavimo laikas.<\/p>\n<p><img decoding=\"async\" src=\"https:\/\/www.hydraulic-cylinders.net\/wp-content\/uploads\/2025\/01\/songte-chushion-collar.webp\" alt=\"Kau\u0161o cilindras Volvo vidutinio dyd\u017eio ekskavatoriui EC210BP\"><\/p>\n<h2>Saugos aspektai ir aplinkos veiksniai<\/h2>\n<p>\u201eVolvo Middle Excavator EC210BP\u201c kau\u0161o cilindrui reikalingos atitinkamos saugos priemon\u0117s, kad b\u016bt\u0173 i\u0161vengta su\u017ealojim\u0173 ar \u017ealos. Kad cilindras b\u016bt\u0173 saugiai naudojamas, j\u012f tvarkant ar montuojant b\u016btina laikytis tinkam\u0173 saugos instrukcij\u0173. Aplinkos veiksniai, tokie kaip temperat\u016bra, dr\u0117gm\u0117 ir dr\u0117gm\u0117, taip pat gali tur\u0117ti \u012ftakos cilindro veikimui ir ilgaam\u017ei\u0161kumui.<\/p>\n<p><img decoding=\"async\" src=\"https:\/\/www.hydraulic-cylinders.net\/wp-content\/uploads\/2025\/01\/songte-bushings-with-all-kinds-of-excavator-models.webp\" alt=\"Kau\u0161o cilindras Volvo vidutinio dyd\u017eio ekskavatoriui EC210BP\"><\/p>\n<h2>Trik\u010di\u0173 \u0161alinimas ir da\u017eniausios problemos<\/h2>\n<p>\u201eVolvo Middle Excavator EC210BP\u201c kau\u0161o cilindras gali susidurti su \u012fprastomis problemomis, tokiomis kaip alyvos nutek\u0117jimas, st\u016bmoklio koto pa\u017eeidimai ir kt. Svarbu nustatyti problem\u0105 ir pasi\u016blyti tinkamus sprendimus, pvz., sandariklio keitim\u0105, st\u016bmoklio koto keitim\u0105 ir kitus, kad b\u016bt\u0173 u\u017etikrintas sklandus veikimas.<\/p>\n<h2>Apie m\u016bs\u0173 \u012fmon\u0119<\/h2>\n<p>Esame pirmaujantis hidraulini\u0173 cilindr\u0173, \u012fskaitant kau\u0161o cilindr\u0105, skirt\u0105 \u201eVolvo Middle Excavator EC210BP\u201c, gamintojas ir didmeninis platintojas. Si\u016blome plat\u0173 gamini\u0173 asortiment\u0105 ir siekiame u\u017etikrinti puiki\u0105 kokyb\u0119, efektyvi\u0105 gamyb\u0105 ir auk\u0161\u010diausio lygio klient\u0173 aptarnavim\u0105. M\u016bs\u0173 gaminiai yra sertifikuoti tarptautiniu mastu ir pritaikomi prie \u012fvairi\u0173 eksploatavimo reikalavim\u0173. Naudojame naujausias technologijas, \u012frang\u0105 ir profesionalias tikrinimo sistemas, kad pagamintume auk\u0161tos kokyb\u0117s gaminius, u\u017etikrinan\u010dius puik\u0173 patvarum\u0105, efektyvum\u0105 ir tikslum\u0105. <\/p>\n<p><img decoding=\"async\" src=\"https:\/\/hzpt.com\/wp-content\/uploads\/2024\/11\/songte-company-1.webp\" alt=\"Kau\u0161o cilindras Volvo vidutinio dyd\u017eio ekskavatoriui EC210BP\"><\/p>\n<p>Tikime, kad reikia tiekti auk\u0161\u010diausios kokyb\u0117s produktus ir u\u017etikrinti puik\u0173 klient\u0173 aptarnavim\u0105. Si\u016blome plat\u0173 paslaug\u0173 spektr\u0105, pavyzd\u017eiui, gamini\u0173 pritaikym\u0105, gamybos \u012frang\u0105 ir garantin\u012f aptarnavim\u0105. M\u016bs\u0173 patyrusi ir kvalifikuota komanda u\u017etikrina auk\u0161\u010diausios kokyb\u0117s produktus ir paslaugas, kad patenkint\u0173 \u012fvairius m\u016bs\u0173 klient\u0173 poreikius.<\/p>\n<p>Autorius: lyl<\/p>","protected":false},"excerpt":{"rendered":"<p>Bucket Cylinder For Volvo Middle Excavator EC210BP Introduction The bucket cylinder for Volvo Middle Excavator EC210BP is a specialized hydraulic cylinder designed for controlling the movement of shovels in heavy machinery such as excavators, backhoe excavators, and front loaders. Its primary function is to enable the bucket to lift, lower, and tilt, making it easier [&hellip;]<\/p>","protected":false},"featured_media":14773,"comment_status":"open","ping_status":"closed","template":"","meta":{"_et_pb_use_builder":"","_et_pb_old_content":"","_et_gb_content_width":""},"product_brand":[],"product_cat":[1494],"product_tag":[1495,1496],"class_list":{"0":"post-15396","1":"product","2":"type-product","3":"status-publish","4":"has-post-thumbnail","6":"product_cat-bucket-cylinders","7":"product_tag-bucket-cylinders","8":"product_tag-hydraulic-cylinders","10":"first","11":"instock","12":"shipping-taxable","13":"product-type-simple"},"amp_enabled":true,"_links":{"self":[{"href":"https:\/\/www.hydraulic-cylinders.net\/lt\/wp-json\/wp\/v2\/product\/15396","targetHints":{"allow":["GET"]}}],"collection":[{"href":"https:\/\/www.hydraulic-cylinders.net\/lt\/wp-json\/wp\/v2\/product"}],"about":[{"href":"https:\/\/www.hydraulic-cylinders.net\/lt\/wp-json\/wp\/v2\/types\/product"}],"replies":[{"embeddable":true,"href":"https:\/\/www.hydraulic-cylinders.net\/lt\/wp-json\/wp\/v2\/comments?post=15396"}],"wp:featuredmedia":[{"embeddable":true,"href":"https:\/\/www.hydraulic-cylinders.net\/lt\/wp-json\/wp\/v2\/media\/14773"}],"wp:attachment":[{"href":"https:\/\/www.hydraulic-cylinders.net\/lt\/wp-json\/wp\/v2\/media?parent=15396"}],"wp:term":[{"taxonomy":"product_brand","embeddable":true,"href":"https:\/\/www.hydraulic-cylinders.net\/lt\/wp-json\/wp\/v2\/product_brand?post=15396"},{"taxonomy":"product_cat","embeddable":true,"href":"https:\/\/www.hydraulic-cylinders.net\/lt\/wp-json\/wp\/v2\/product_cat?post=15396"},{"taxonomy":"product_tag","embeddable":true,"href":"https:\/\/www.hydraulic-cylinders.net\/lt\/wp-json\/wp\/v2\/product_tag?post=15396"}],"curies":[{"name":"wp","href":"https:\/\/api.w.org\/{rel}","templated":true}]}}