{"id":15398,"date":"2025-01-19T14:28:53","date_gmt":"2025-01-19T14:28:53","guid":{"rendered":"https:\/\/www.hydraulic-cylinders.net\/product\/bucket-cylinder-for-volvo-middle-excavator-ec240bl\/"},"modified":"2025-01-19T14:28:55","modified_gmt":"2025-01-19T14:28:55","slug":"bucket-cylinder-for-volvo-middle-excavator-ec240bl","status":"publish","type":"product","link":"https:\/\/www.hydraulic-cylinders.net\/lt\/produktas\/bucket-cylinder-for-volvo-middle-excavator-ec240bl\/","title":{"rendered":"Kau\u0161o cilindras Volvo vidutinio dyd\u017eio ekskavatoriui EC240BL"},"content":{"rendered":"<h1>Kau\u0161o cilindras Volvo vidutinio dyd\u017eio ekskavatoriui EC240BL<\/h1>\n<h2>\u012evadas<\/h2>\n<p>\u201eVolvo\u201c vidutinio profilio ekskavatoriaus EC240BL kau\u0161o cilindras yra specialiai sukurtas hidraulinis cilindras, naudojamas valdyti kau\u0161o jud\u0117jim\u0105 sunkiojoje technikoje, tokioje kaip ekskavatoriai, ekskavatoriniai krautuvai ir frontaliniai krautuvai. Pagrindin\u0117 jo funkcija \u2013 leisti kau\u0161ui pakilti, nuleisti ir pakreipti, tod\u0117l j\u012f patogu atlikti \u012fvairioms med\u017eiag\u0173 tvarkymo u\u017eduotims. Hidraulin\u0117je sistemoje kau\u0161o cilindras tiksliai valdo kau\u0161\u0105, naudodamas hidraulin\u0117s alyvos sl\u0117gio poky\u010dius, tod\u0117l operatoriai gali efektyviai valdyti sunkius krovinius ir prisitaikyti prie sud\u0117tingos darbo aplinkos bei \u012fvairi\u0173 darbo reikalavim\u0173.<\/p>\n<p><img decoding=\"async\" src=\"https:\/\/www.hydraulic-cylinders.net\/wp-content\/uploads\/2025\/01\/songte-company-2.webp\" alt=\"Kau\u0161o cilindro vaizdas\"><\/p>\n<h2>Savyb\u0117s<\/h2>\n<ul>\n<li>Didelis stiprumas ir ilgaam\u017ei\u0161kumas: Paprastai pagaminti i\u0161 didelio stiprumo plieno arba aliuminio, galintys atlaikyti auk\u0161t\u0105 sl\u0117g\u012f ir dideles apkrovas, prisitaikantys prie at\u0161iauri\u0173 darbo s\u0105lyg\u0173 ir suprojektuoti atsi\u017evelgiant \u012f atsparum\u0105 dilimui ir korozijai, kad b\u016bt\u0173 pailgintas j\u0173 tarnavimo laikas.<\/li>\n<li>Efektyvus hidraulinis veikimas: naudojant hidraulin\u0117s alyvos sl\u0117g\u012f, u\u017etikrinami skland\u016bs i\u0161pl\u0117timo ir atitraukimo judesiai, leid\u017eiantys greitai reaguoti \u012f valdymo komandas, u\u017etikrinant galingas st\u016bmimo ir traukimo j\u0117gas, tinkamas sunkiems kroviniams ir sud\u0117tingoms u\u017eduotims valdyti.<\/li>\n<li>\u012evair\u016bs tipai: Galima \u012fsigyti vienpusio veikimo (hidraulinis valdymas tik viena kryptimi) arba dvipusio veikimo (hidraulinis valdymas abiem kryptimis) cilindr\u0173, tod\u0117l galima pritaikyti skirtingus eksploatacinius poreikius. Kai kurie modeliai yra teleskopiniai, tod\u0117l juos galima labiau prailginti nedidinant i\u0161orini\u0173 matmen\u0173, tod\u0117l jie tinka naudoti ribotoje erdv\u0117je.<\/li>\n<li>Puikus pakeitimas: M\u016bs\u0173 gaminiai gali puikiai pakeisti \u0161iuos hidraulinius cilindrus, u\u017etikrindami t\u0105 pat\u012f funkcionalum\u0105 ir na\u0161um\u0105.<\/li>\n<\/ul>\n<p><img decoding=\"async\" src=\"https:\/\/www.hydraulic-cylinders.net\/wp-content\/uploads\/2025\/01\/songte-cylinder-head-with-all-kinds-excavator-models.webp\" alt=\"Produkto vaizdas\"><\/p>\n<h2>Parai\u0161kos<\/h2>\n<ul>\n<li>Statybin\u0117 \u012franga: ji randama ekskavatoriuose ir yra labai svarbi kasant, kraunant ir perkeliant grunt\u0105 ar \u0161iuk\u0161les. Ekskavatoriuose kau\u0161o cilindras padeda tiek kasant, tiek keliant.<\/li>\n<li>\u017dem\u0117s \u016bkio technika: naudojama frontaliniuose krautuvuose dirvo\u017eemiui, \u0161ienui ir kitoms med\u017eiagoms semti, kelti ir transportuoti.<\/li>\n<li>Ekskavatoriai: Kau\u0161o cilindras leid\u017eia kasti, leisdamas kau\u0161ui \u012fsiskverbti \u012f dirv\u0105.<\/li>\n<li>Krautuvai: Priekiniuose krautuvuose jie padeda efektyviai pakelti ir i\u0161mesti prekes.<\/li>\n<\/ul>\n<h2>Projektavimo aspektai ir atrankos kriterijai<\/h2>\n<ul>\n<li>Guoli\u0173 geba: Aptarkite cilindro geb\u0117jim\u0105 atlaikyti dideles apkrovas ir sl\u0117g\u012f.<\/li>\n<li>Sandarinimas: Paai\u0161kinkite \u012fvairi\u0173 sandarikli\u0173, toki\u0173 kaip st\u016bmoklio ir koto sandarikliai, pagamint\u0173 i\u0161 atspari\u0173 dilimui med\u017eiag\u0173, toki\u0173 kaip poliuretanas ir nitrilo kau\u010diukas, naudojimo svarb\u0105. Aptarkite cilindro korpuso ir srieginio galo pavir\u0161iaus smulk\u0173 apdorojim\u0105, siekiant padidinti atsparum\u0105 dilimui.<\/li>\n<li>Patvarumas: atkreipkite d\u0117mes\u012f \u012f konstrukcinius aspektus, kurie u\u017etikrina, kad cilindras atlaikyt\u0173 at\u0161iaurias darbo s\u0105lygas ir ilgai tarnaut\u0173.<\/li>\n<li>Sauga: Aptarkite saugos priemones, kuri\u0173 imtasi projektuojant, siekiant i\u0161vengti nelaiming\u0173 atsitikim\u0173 ir u\u017etikrinti operatoriaus gerov\u0119.<\/li>\n<li>Prie\u017ei\u016bra: Paai\u0161kinkite reguliari\u0173 patikrinim\u0173, tinkamo tepimo svarb\u0105 ir sandarikli\u0173 keitimo bei kalibravimo poreik\u012f. Pateikite patarim\u0173, kaip prailginti cilindro tarnavimo laik\u0105.<\/li>\n<\/ul>\n<p><img decoding=\"async\" src=\"https:\/\/www.hydraulic-cylinders.net\/wp-content\/uploads\/2025\/01\/songte-oil-pipes-and-spare-parts.webp\" alt=\"Produkto vaizdas\"><\/p>\n<h2>Sandarinimas ir tepimas<\/h2>\n<p>Kau\u0161o cilindre naudojami \u012fvair\u016bs sandarinimo komponentai, tokie kaip st\u016bmokli\u0173 ir kot\u0173 sandarikliai, pagaminti i\u0161 atspari\u0173 dilimui med\u017eiag\u0173, toki\u0173 kaip poliuretanas ir nitrilo kau\u010diukas. Cilindro korpusas ir srieginis galas yra kruop\u0161\u010diai apdorojami, kad padid\u0117t\u0173 atsparumas dilimui. Reguliarus tepimas tinkamu hidraulin\u0117s alyvos kiekiu yra b\u016btinas norint u\u017etikrinti skland\u0173 veikim\u0105 ir ilgaam\u017ei\u0161kum\u0105.<\/p>\n<h2>Patikrinimai ir prevencin\u0117 prie\u017ei\u016bra<\/h2>\n<ul>\n<li>Reguliar\u016bs patikrinimai: pabr\u0117\u017ekite, kaip svarbu ap\u017ei\u016br\u0117ti balion\u0105, ar n\u0117ra susid\u0117v\u0117jimo, pa\u017eeidim\u0173 ar nuot\u0117ki\u0173 po\u017eymi\u0173.<\/li>\n<li>Tinkamas tepimas: paai\u0161kinkite cilindro tinkamo tepimo svarb\u0105 siekiant suma\u017einti trint\u012f ir susid\u0117v\u0117jim\u0105.<\/li>\n<li>Tarpikli\u0173 keitimas: Aptarkite savalaikio tarpikli\u0173 keitimo poreik\u012f, kad b\u016bt\u0173 i\u0161laikytas cilindro efektyvumas.<\/li>\n<li>Kalibravimo patikrinimai: pabr\u0117\u017ekite periodi\u0161ko cilindro kalibravimo svarb\u0105 siekiant u\u017etikrinti tiksl\u0173 veikim\u0105.<\/li>\n<\/ul>\n<p><img decoding=\"async\" src=\"https:\/\/www.hydraulic-cylinders.net\/wp-content\/uploads\/2025\/01\/songte-chushion-collar.webp\" alt=\"Produkto vaizdas\"><\/p>\n<h2>Saugos aspektai ir aplinkos veiksniai<\/h2>\n<p>Naudojant kau\u0161o cilindr\u0105, svarbu laikytis saugos priemoni\u0173, kad b\u016bt\u0173 i\u0161vengta nelaiming\u0173 atsitikim\u0173 ir u\u017etikrinta operatori\u0173 gerov\u0117. Be to, renkantis ir naudojant cilindr\u0105, reikia atsi\u017evelgti \u012f aplinkos veiksnius, kad b\u016bt\u0173 kuo labiau suma\u017eintas neigiamas poveikis aplinkai.<\/p>\n<h2>Gedim\u0173 diagnostika ir da\u017eniausios problemos<\/h2>\n<p>Aptarkite da\u017eniausiai pasitaikan\u010dius kau\u0161o cilindro gedimus ir pateikite trik\u010di\u0173 \u0161alinimo patarimus bei sprendimus, kurie pad\u0117t\u0173 skaitytojams veiksmingai diagnozuoti ir i\u0161spr\u0119sti problemas. Pasi\u016blykite prevencines priemones, skirtas suma\u017einti galimas problemas.<\/p>\n<p><img decoding=\"async\" src=\"https:\/\/www.hydraulic-cylinders.net\/wp-content\/uploads\/2025\/01\/songte-bushings-with-all-kinds-of-excavator-models.webp\" alt=\"Produkto vaizdas\"><\/p>\n<h2>\u012emon\u0117s ap\u017evalga<\/h2>\n<p>Esame pakaitini\u0173 hidraulini\u0173 cilindr\u0173 gamintojas, si\u016blantis plat\u0173 gamini\u0173 asortiment\u0105. Esame viena i\u0161 pirmaujan\u010di\u0173 hidraulini\u0173 cilindr\u0173 gamintoj\u0173 ir didmenini\u0173 platintoj\u0173 vidaus ir tarptautin\u0117se rinkose. Vadovaujam\u0117s meistri\u0161kumo principais, remdamiesi industrializuoto gamybos valdymo strategijomis savo moderniose gamybos dirbtuv\u0117se. M\u016bs\u0173 \u012fmon\u0117 nuolat tobulina gamybos platform\u0105, tobulina gamybos kokyb\u0117s proces\u0105 ir, taikydama techninius talentus, pa\u017eangi\u0105 skaitmenin\u0119 gamybos \u012frang\u0105 ir profesionalias testavimo sistemas, pasi\u017eymi stipriomis inovacin\u0117mis galimyb\u0117mis. Siekiame patenkinti \u012fvairius klient\u0173 poreikius, u\u017etikrindami auk\u0161t\u0105 efektyvum\u0105, tikslum\u0105 ir kokyb\u0119.<\/p>\n<p><img decoding=\"async\" src=\"https:\/\/hzpt.com\/wp-content\/uploads\/2024\/11\/songte-company-1.webp\" alt=\"\u012emon\u0117s \u012fvaizdis\"><\/p>\n<h2>Apie m\u016bs\u0173 \u012fmon\u0119<\/h2>\n<ul>\n<li>Profesionalumas: Pabr\u0117\u017ekite m\u016bs\u0173 \u012fmon\u0117s patirt\u012f ir profesionalum\u0105 hidraulini\u0173 cilindr\u0173 srityje.<\/li>\n<li>Tarptautiniai sertifikatai: Pa\u017eym\u0117kite visus atitinkamus tarptautinius sertifikatus, kuriuos gavo m\u016bs\u0173 \u012fmon\u0117.<\/li>\n<li>Pritaikymo paslaugos: aptarkite m\u016bs\u0173 galimybes teikti individualius sprendimus pagal klient\u0173 reikalavimus.<\/li>\n<li>Gamybos \u012franga: Apra\u0161ykite pa\u017eangi\u0105 gamybos \u012frang\u0105, kuri\u0105 naudojame siekdami u\u017etikrinti auk\u0161tos kokyb\u0117s gaminius.<\/li>\n<li>Aptarnavimas po pardavimo: Paai\u0161kinkite m\u016bs\u0173 \u012fsipareigojim\u0105 teikti puik\u0173 aptarnavim\u0105 po pardavimo ir palaikym\u0105.<\/li>\n<\/ul>\n<p><img decoding=\"async\" src=\"https:\/\/www.hydraulic-cylinders.net\/wp-content\/uploads\/2025\/01\/songte-company-3.webp\" alt=\"\u012emon\u0117s \u012fvaizdis\"><\/p>\n<p>Autorius: lyl<\/p>","protected":false},"excerpt":{"rendered":"<p>Bucket Cylinder For Volvo Middle Excavator EC240BL Introduction The bucket cylinder for Volvo middle excavator EC240BL is a specially designed hydraulic cylinder used to control the movement of the bucket in heavy machinery such as excavators, backhoe loaders, and front loaders. Its main function is to enable the bucket to lift, lower, and tilt, making [&hellip;]<\/p>","protected":false},"featured_media":14769,"comment_status":"open","ping_status":"closed","template":"","meta":{"_et_pb_use_builder":"","_et_pb_old_content":"","_et_gb_content_width":""},"product_brand":[],"product_cat":[1494],"product_tag":[1495,1496],"class_list":{"0":"post-15398","1":"product","2":"type-product","3":"status-publish","4":"has-post-thumbnail","6":"product_cat-bucket-cylinders","7":"product_tag-bucket-cylinders","8":"product_tag-hydraulic-cylinders","10":"first","11":"instock","12":"shipping-taxable","13":"product-type-simple"},"amp_enabled":true,"_links":{"self":[{"href":"https:\/\/www.hydraulic-cylinders.net\/lt\/wp-json\/wp\/v2\/product\/15398","targetHints":{"allow":["GET"]}}],"collection":[{"href":"https:\/\/www.hydraulic-cylinders.net\/lt\/wp-json\/wp\/v2\/product"}],"about":[{"href":"https:\/\/www.hydraulic-cylinders.net\/lt\/wp-json\/wp\/v2\/types\/product"}],"replies":[{"embeddable":true,"href":"https:\/\/www.hydraulic-cylinders.net\/lt\/wp-json\/wp\/v2\/comments?post=15398"}],"wp:featuredmedia":[{"embeddable":true,"href":"https:\/\/www.hydraulic-cylinders.net\/lt\/wp-json\/wp\/v2\/media\/14769"}],"wp:attachment":[{"href":"https:\/\/www.hydraulic-cylinders.net\/lt\/wp-json\/wp\/v2\/media?parent=15398"}],"wp:term":[{"taxonomy":"product_brand","embeddable":true,"href":"https:\/\/www.hydraulic-cylinders.net\/lt\/wp-json\/wp\/v2\/product_brand?post=15398"},{"taxonomy":"product_cat","embeddable":true,"href":"https:\/\/www.hydraulic-cylinders.net\/lt\/wp-json\/wp\/v2\/product_cat?post=15398"},{"taxonomy":"product_tag","embeddable":true,"href":"https:\/\/www.hydraulic-cylinders.net\/lt\/wp-json\/wp\/v2\/product_tag?post=15398"}],"curies":[{"name":"wp","href":"https:\/\/api.w.org\/{rel}","templated":true}]}}